{"id":48446,"date":"2021-05-28T08:09:32","date_gmt":"2021-05-28T05:09:32","guid":{"rendered":"https:\/\/www.lustandlove.eu\/product\/stabiliseeriv-o-rongas\/"},"modified":"2026-04-13T10:43:19","modified_gmt":"2026-04-13T07:43:19","slug":"stabiliseeriv-o-rongas","status":"publish","type":"product","link":"https:\/\/lustandlove.eu\/et\/toode\/stabiliseeriv-o-rongas\/","title":{"rendered":"Stabiliseeriv O-r\u00f5ngas"},"content":{"rendered":"<p>Stabilisaator sobib kasutamiseks raskemate dildode toestamiseks ja et tugevdada dildo pehmet p\u00f5hja.<br \/>\nLaiendab dildo p\u00f5hja suurust tagades parema stabiilsuse strap-oni kasutamise ajal.<br \/>\nLihtne kasutada \u2013 lihtsalt niisuta r\u00f5nga sisemist poolt natukese veega ja libista see \u00fcle dildo. V\u00f5id kasutada ka kilekoti meetodit.<br \/>\nSaadaval kahes suuruses: Small\/Medium v\u00f5i Large (sobib dildodele, millel on \u00fcleval v\u00e4ike \u00e4\u00e4rik)<\/p>\n","protected":false},"excerpt":{"rendered":"<p>Stabilisaator sobib kasutamiseks raskemate dildode toestamiseks ja et tugevdada dildo pehmet p\u00f5hja.<\/p>\n","protected":false},"featured_media":47522,"template":"","meta":[],"product_brand":[4240],"product_cat":[1497,1496],"product_tag":[],"class_list":{"0":"post-48446","1":"product","2":"type-product","3":"status-publish","4":"has-post-thumbnail","6":"product_brand-spareparts-et","7":"product_cat-aksessuaarid","8":"product_cat-lgbtq-et","9":"pa_brand-spareparts-et","11":"first","12":"instock","13":"taxable","14":"shipping-taxable","15":"purchasable","16":"product-type-variable","17":"has-default-attributes"},"yoast_head":"<!-- This site is optimized with the Yoast SEO plugin v27.3 - https:\/\/yoast.com\/product\/yoast-seo-wordpress\/ -->\n<title>SpareParts Stabilizer Ring - &quot;O&quot; Strap-on | Lust and Love<\/title>\n<meta name=\"description\" content=\"Stabilisaator sobib kasutamiseks raskemate dildode toestamiseks ja et tugevdada dildo pehmet p\u00f5hja.\" \/>\n<meta name=\"robots\" content=\"index,follow,max-snippet:-1,max-image-preview:large,max-video-preview:-1\" \/>\n<link rel=\"canonical\" href=\"https:\/\/lustandlove.eu\/et\/toode\/stabiliseeriv-o-rongas\/\" \/>\n<meta name=\"twitter:card\" content=\"summary_large_image\" \/>\n<meta name=\"twitter:title\" content=\"SpareParts Stabilizer Ring - &quot;O&quot; Strap-on | Lust and Love\" \/>\n<meta name=\"twitter:description\" content=\"Stabilisaator sobib kasutamiseks raskemate dildode toestamiseks ja et tugevdada dildo pehmet p\u00f5hja.\" \/>\n<meta name=\"twitter:image\" content=\"https:\/\/lustandlove.eu\/wp-content\/uploads\/o-stabilizer-ring-l.jpg\" \/>\n<script type=\"application\/ld+json\" class=\"yoast-schema-graph\">{\"@context\":\"https:\\\/\\\/schema.org\",\"@graph\":[{\"@type\":[\"WebPage\",\"ItemPage\"],\"@id\":\"https:\\\/\\\/lustandlove.eu\\\/et\\\/toode\\\/stabiliseeriv-o-rongas\\\/\",\"url\":\"https:\\\/\\\/lustandlove.eu\\\/et\\\/toode\\\/stabiliseeriv-o-rongas\\\/\",\"name\":\"SpareParts Stabilizer Ring - \\\"O\\\" Strap-on | Lust and Love\",\"isPartOf\":{\"@id\":\"https:\\\/\\\/lustandlove.eu\\\/et\\\/#website\"},\"primaryImageOfPage\":{\"@id\":\"https:\\\/\\\/lustandlove.eu\\\/et\\\/toode\\\/stabiliseeriv-o-rongas\\\/#primaryimage\"},\"image\":{\"@id\":\"https:\\\/\\\/lustandlove.eu\\\/et\\\/toode\\\/stabiliseeriv-o-rongas\\\/#primaryimage\"},\"thumbnailUrl\":\"https:\\\/\\\/lustandlove.eu\\\/wp-content\\\/uploads\\\/o-stabilizer-ring-l.jpg\",\"datePublished\":\"2021-05-28T05:09:32+00:00\",\"dateModified\":\"2026-04-13T07:43:19+00:00\",\"description\":\"Stabilisaator sobib kasutamiseks raskemate dildode toestamiseks ja et tugevdada dildo pehmet p\u00f5hja.\",\"breadcrumb\":{\"@id\":\"https:\\\/\\\/lustandlove.eu\\\/et\\\/toode\\\/stabiliseeriv-o-rongas\\\/#breadcrumb\"},\"inLanguage\":\"et\",\"potentialAction\":[{\"@type\":\"ReadAction\",\"target\":[\"https:\\\/\\\/lustandlove.eu\\\/et\\\/toode\\\/stabiliseeriv-o-rongas\\\/\"]}]},{\"@type\":\"ImageObject\",\"inLanguage\":\"et\",\"@id\":\"https:\\\/\\\/lustandlove.eu\\\/et\\\/toode\\\/stabiliseeriv-o-rongas\\\/#primaryimage\",\"url\":\"https:\\\/\\\/lustandlove.eu\\\/wp-content\\\/uploads\\\/o-stabilizer-ring-l.jpg\",\"contentUrl\":\"https:\\\/\\\/lustandlove.eu\\\/wp-content\\\/uploads\\\/o-stabilizer-ring-l.jpg\",\"width\":500,\"height\":500},{\"@type\":\"BreadcrumbList\",\"@id\":\"https:\\\/\\\/lustandlove.eu\\\/et\\\/toode\\\/stabiliseeriv-o-rongas\\\/#breadcrumb\",\"itemListElement\":[{\"@type\":\"ListItem\",\"position\":1,\"name\":\"Lust and Love\",\"item\":\"https:\\\/\\\/lustandlove.eu\\\/et\\\/\"},{\"@type\":\"ListItem\",\"position\":2,\"name\":\"Pood\",\"item\":\"https:\\\/\\\/lustandlove.eu\\\/et\\\/pood\\\/\"},{\"@type\":\"ListItem\",\"position\":3,\"name\":\"Sekslelud\",\"item\":\"https:\\\/\\\/lustandlove.eu\\\/et\\\/pood\\\/sekslelud\\\/\"},{\"@type\":\"ListItem\",\"position\":4,\"name\":\"LGBTQ\",\"item\":\"https:\\\/\\\/lustandlove.eu\\\/et\\\/pood\\\/sekslelud\\\/lgbtq-et\\\/\"},{\"@type\":\"ListItem\",\"position\":5,\"name\":\"Stabiliseeriv O-r\u00f5ngas\"}]},{\"@type\":\"WebSite\",\"@id\":\"https:\\\/\\\/lustandlove.eu\\\/et\\\/#website\",\"url\":\"https:\\\/\\\/lustandlove.eu\\\/et\\\/\",\"name\":\"Lust &amp; Love\",\"description\":\"Online erootikapood tervise, ilu ja armastuse jaoks\",\"publisher\":{\"@id\":\"https:\\\/\\\/lustandlove.eu\\\/et\\\/#organization\"},\"potentialAction\":[{\"@type\":\"SearchAction\",\"target\":{\"@type\":\"EntryPoint\",\"urlTemplate\":\"https:\\\/\\\/lustandlove.eu\\\/et\\\/?s={search_term_string}\"},\"query-input\":{\"@type\":\"PropertyValueSpecification\",\"valueRequired\":true,\"valueName\":\"search_term_string\"}}],\"inLanguage\":\"et\"},{\"@type\":\"Organization\",\"@id\":\"https:\\\/\\\/lustandlove.eu\\\/et\\\/#organization\",\"name\":\"Bioconcept Baltics O\u00dc\",\"url\":\"https:\\\/\\\/lustandlove.eu\\\/et\\\/\",\"logo\":{\"@type\":\"ImageObject\",\"inLanguage\":\"et\",\"@id\":\"https:\\\/\\\/lustandlove.eu\\\/et\\\/#\\\/schema\\\/logo\\\/image\\\/\",\"url\":\"\",\"contentUrl\":\"\",\"caption\":\"Bioconcept Baltics O\u00dc\"},\"image\":{\"@id\":\"https:\\\/\\\/lustandlove.eu\\\/et\\\/#\\\/schema\\\/logo\\\/image\\\/\"},\"sameAs\":[\"https:\\\/\\\/www.facebook.com\\\/LustandLoveEU\\\/\",\"https:\\\/\\\/www.instagram.com\\\/lustandloveeu\\\/\"]}]}<\/script>\n<!-- \/ Yoast SEO plugin. -->","yoast_head_json":{"title":"SpareParts Stabilizer Ring - \"O\" Strap-on | Lust and Love","description":"Stabilisaator sobib kasutamiseks raskemate dildode toestamiseks ja et tugevdada dildo pehmet p\u00f5hja.","robots":{"index,follow,max-snippet":"index,follow,max-snippet:-1,max-image-preview:large,max-video-preview:-1"},"canonical":"https:\/\/lustandlove.eu\/et\/toode\/stabiliseeriv-o-rongas\/","twitter_card":"summary_large_image","twitter_title":"SpareParts Stabilizer Ring - \"O\" Strap-on | Lust and Love","twitter_description":"Stabilisaator sobib kasutamiseks raskemate dildode toestamiseks ja et tugevdada dildo pehmet p\u00f5hja.","twitter_image":"https:\/\/lustandlove.eu\/wp-content\/uploads\/o-stabilizer-ring-l.jpg","schema":{"@context":"https:\/\/schema.org","@graph":[{"@type":["WebPage","ItemPage"],"@id":"https:\/\/lustandlove.eu\/et\/toode\/stabiliseeriv-o-rongas\/","url":"https:\/\/lustandlove.eu\/et\/toode\/stabiliseeriv-o-rongas\/","name":"SpareParts Stabilizer Ring - \"O\" Strap-on | Lust and Love","isPartOf":{"@id":"https:\/\/lustandlove.eu\/et\/#website"},"primaryImageOfPage":{"@id":"https:\/\/lustandlove.eu\/et\/toode\/stabiliseeriv-o-rongas\/#primaryimage"},"image":{"@id":"https:\/\/lustandlove.eu\/et\/toode\/stabiliseeriv-o-rongas\/#primaryimage"},"thumbnailUrl":"https:\/\/lustandlove.eu\/wp-content\/uploads\/o-stabilizer-ring-l.jpg","datePublished":"2021-05-28T05:09:32+00:00","dateModified":"2026-04-13T07:43:19+00:00","description":"Stabilisaator sobib kasutamiseks raskemate dildode toestamiseks ja et tugevdada dildo pehmet p\u00f5hja.","breadcrumb":{"@id":"https:\/\/lustandlove.eu\/et\/toode\/stabiliseeriv-o-rongas\/#breadcrumb"},"inLanguage":"et","potentialAction":[{"@type":"ReadAction","target":["https:\/\/lustandlove.eu\/et\/toode\/stabiliseeriv-o-rongas\/"]}]},{"@type":"ImageObject","inLanguage":"et","@id":"https:\/\/lustandlove.eu\/et\/toode\/stabiliseeriv-o-rongas\/#primaryimage","url":"https:\/\/lustandlove.eu\/wp-content\/uploads\/o-stabilizer-ring-l.jpg","contentUrl":"https:\/\/lustandlove.eu\/wp-content\/uploads\/o-stabilizer-ring-l.jpg","width":500,"height":500},{"@type":"BreadcrumbList","@id":"https:\/\/lustandlove.eu\/et\/toode\/stabiliseeriv-o-rongas\/#breadcrumb","itemListElement":[{"@type":"ListItem","position":1,"name":"Lust and Love","item":"https:\/\/lustandlove.eu\/et\/"},{"@type":"ListItem","position":2,"name":"Pood","item":"https:\/\/lustandlove.eu\/et\/pood\/"},{"@type":"ListItem","position":3,"name":"Sekslelud","item":"https:\/\/lustandlove.eu\/et\/pood\/sekslelud\/"},{"@type":"ListItem","position":4,"name":"LGBTQ","item":"https:\/\/lustandlove.eu\/et\/pood\/sekslelud\/lgbtq-et\/"},{"@type":"ListItem","position":5,"name":"Stabiliseeriv O-r\u00f5ngas"}]},{"@type":"WebSite","@id":"https:\/\/lustandlove.eu\/et\/#website","url":"https:\/\/lustandlove.eu\/et\/","name":"Lust &amp; Love","description":"Online erootikapood tervise, ilu ja armastuse jaoks","publisher":{"@id":"https:\/\/lustandlove.eu\/et\/#organization"},"potentialAction":[{"@type":"SearchAction","target":{"@type":"EntryPoint","urlTemplate":"https:\/\/lustandlove.eu\/et\/?s={search_term_string}"},"query-input":{"@type":"PropertyValueSpecification","valueRequired":true,"valueName":"search_term_string"}}],"inLanguage":"et"},{"@type":"Organization","@id":"https:\/\/lustandlove.eu\/et\/#organization","name":"Bioconcept Baltics O\u00dc","url":"https:\/\/lustandlove.eu\/et\/","logo":{"@type":"ImageObject","inLanguage":"et","@id":"https:\/\/lustandlove.eu\/et\/#\/schema\/logo\/image\/","url":"","contentUrl":"","caption":"Bioconcept Baltics O\u00dc"},"image":{"@id":"https:\/\/lustandlove.eu\/et\/#\/schema\/logo\/image\/"},"sameAs":["https:\/\/www.facebook.com\/LustandLoveEU\/","https:\/\/www.instagram.com\/lustandloveeu\/"]}]}},"_links":{"self":[{"href":"https:\/\/lustandlove.eu\/et\/wp-json\/wp\/v2\/product\/48446","targetHints":{"allow":["GET"]}}],"collection":[{"href":"https:\/\/lustandlove.eu\/et\/wp-json\/wp\/v2\/product"}],"about":[{"href":"https:\/\/lustandlove.eu\/et\/wp-json\/wp\/v2\/types\/product"}],"wp:featuredmedia":[{"embeddable":true,"href":"https:\/\/lustandlove.eu\/et\/wp-json\/wp\/v2\/media\/47522"}],"wp:attachment":[{"href":"https:\/\/lustandlove.eu\/et\/wp-json\/wp\/v2\/media?parent=48446"}],"wp:term":[{"taxonomy":"product_brand","embeddable":true,"href":"https:\/\/lustandlove.eu\/et\/wp-json\/wp\/v2\/product_brand?post=48446"},{"taxonomy":"product_cat","embeddable":true,"href":"https:\/\/lustandlove.eu\/et\/wp-json\/wp\/v2\/product_cat?post=48446"},{"taxonomy":"product_tag","embeddable":true,"href":"https:\/\/lustandlove.eu\/et\/wp-json\/wp\/v2\/product_tag?post=48446"}],"curies":[{"name":"wp","href":"https:\/\/api.w.org\/{rel}","templated":true}]}}