{"id":48450,"date":"2021-05-28T08:08:17","date_gmt":"2021-05-28T05:08:17","guid":{"rendered":"https:\/\/www.lustandlove.eu\/product\/pocket-pulse-kaed-vabad-mastrubaator\/"},"modified":"2026-04-13T10:43:20","modified_gmt":"2026-04-13T07:43:20","slug":"pocket-pulse-kaed-vabad-mastrubaator","status":"publish","type":"product","link":"https:\/\/lustandlove.eu\/et\/toode\/pocket-pulse-kaed-vabad-mastrubaator\/","title":{"rendered":"Pocket Pulse K\u00e4ed-Vabad Mastrubaator"},"content":{"rendered":"<p>Pocket PULSE on j\u00e4rgmise generatsiooni masturbaator, mis kasutab kahte suurt mootorit, et edasi anda uskumatult s\u00fcgavaid ja v\u00f5imsaid vibratsioone.<\/p>\n<p>Imekerget masturbaatorit hoitakse vastu peenist koos painduva konksuga. Kasuta koos libestiga \u2013 see viib kogu elamuse hoopis uuele tasemele. Pocket PULSE\u2019i saab kasutada t\u00e4ielikult ilma k\u00e4te abita.<\/p>\n<p>Kaalult kerge ja mitmetikasutatav Pocket PULSE\u2019i saaab kasutada nii erekteerunud peenisega kui ka mitte-erekteerunud peenisega. Pocket PULSE on t\u00e4ielikult veekindel.<\/p>\n","protected":false},"excerpt":{"rendered":"<p>Pocket PULSE on j\u00e4rgmise generatsiooni masturbaator, mis kasutab kahte suurt mootorit, et edasi anda uskumatult s\u00fcgavaid ja v\u00f5imsaid vibratsioone.<\/p>\n","protected":false},"featured_media":47516,"template":"","meta":[],"product_brand":[4207],"product_cat":[4007,1480,1477],"product_tag":[1535,1526],"class_list":{"0":"post-48450","1":"product","2":"type-product","3":"status-publish","4":"has-post-thumbnail","6":"product_brand-hot-octopuss-et","7":"product_cat-automaatsed","8":"product_cat-masturbaatorid","9":"product_cat-meestele","10":"product_tag-massoor","11":"product_tag-masturbaator","12":"pa_brand-hot-octopuss-et","14":"first","15":"instock","16":"taxable","17":"shipping-taxable","18":"purchasable","19":"product-type-simple"},"yoast_head":"<!-- This site is optimized with the Yoast SEO plugin v27.3 - https:\/\/yoast.com\/product\/yoast-seo-wordpress\/ -->\n<title>Hot Octopuss Pocket Pulse 89.00\u20ac | Lust &amp; Love<\/title>\n<meta name=\"description\" content=\"Pocket PULSE on j\u00e4rgmise generatsiooni masturbaator, mis kasutab kahte suurt mootorit, et edasi anda uskumatult s\u00fcgavaid ja v\u00f5imsaid vibratsioone.\" \/>\n<meta name=\"robots\" content=\"index,follow,max-snippet:-1,max-image-preview:large,max-video-preview:-1\" \/>\n<link rel=\"canonical\" href=\"https:\/\/lustandlove.eu\/et\/toode\/pocket-pulse-kaed-vabad-mastrubaator\/\" \/>\n<meta name=\"twitter:card\" content=\"summary_large_image\" \/>\n<meta name=\"twitter:title\" content=\"Hot Octopuss Pocket Pulse 89.00\u20ac | Lust &amp; Love\" \/>\n<meta name=\"twitter:description\" content=\"Pocket PULSE on j\u00e4rgmise generatsiooni masturbaator, mis kasutab kahte suurt mootorit, et edasi anda uskumatult s\u00fcgavaid ja v\u00f5imsaid vibratsioone.\" \/>\n<meta name=\"twitter:image\" content=\"https:\/\/lustandlove.eu\/wp-content\/uploads\/Pocket_Pulse_slider-1.jpg\" \/>\n<meta name=\"twitter:label1\" content=\"Est. reading time\" \/>\n\t<meta name=\"twitter:data1\" content=\"1 minut\" \/>\n<script type=\"application\/ld+json\" class=\"yoast-schema-graph\">{\"@context\":\"https:\\\/\\\/schema.org\",\"@graph\":[{\"@type\":[\"WebPage\",\"ItemPage\"],\"@id\":\"https:\\\/\\\/lustandlove.eu\\\/et\\\/toode\\\/pocket-pulse-kaed-vabad-mastrubaator\\\/\",\"url\":\"https:\\\/\\\/lustandlove.eu\\\/et\\\/toode\\\/pocket-pulse-kaed-vabad-mastrubaator\\\/\",\"name\":\"Hot Octopuss Pocket Pulse 89.00\u20ac | Lust &amp; Love\",\"isPartOf\":{\"@id\":\"https:\\\/\\\/lustandlove.eu\\\/et\\\/#website\"},\"primaryImageOfPage\":{\"@id\":\"https:\\\/\\\/lustandlove.eu\\\/et\\\/toode\\\/pocket-pulse-kaed-vabad-mastrubaator\\\/#primaryimage\"},\"image\":{\"@id\":\"https:\\\/\\\/lustandlove.eu\\\/et\\\/toode\\\/pocket-pulse-kaed-vabad-mastrubaator\\\/#primaryimage\"},\"thumbnailUrl\":\"https:\\\/\\\/lustandlove.eu\\\/wp-content\\\/uploads\\\/Pocket_Pulse_slider-1.jpg\",\"datePublished\":\"2021-05-28T05:08:17+00:00\",\"dateModified\":\"2026-04-13T07:43:20+00:00\",\"description\":\"Pocket PULSE on j\u00e4rgmise generatsiooni masturbaator, mis kasutab kahte suurt mootorit, et edasi anda uskumatult s\u00fcgavaid ja v\u00f5imsaid vibratsioone.\",\"breadcrumb\":{\"@id\":\"https:\\\/\\\/lustandlove.eu\\\/et\\\/toode\\\/pocket-pulse-kaed-vabad-mastrubaator\\\/#breadcrumb\"},\"inLanguage\":\"et\",\"potentialAction\":[{\"@type\":\"ReadAction\",\"target\":[\"https:\\\/\\\/lustandlove.eu\\\/et\\\/toode\\\/pocket-pulse-kaed-vabad-mastrubaator\\\/\"]}]},{\"@type\":\"ImageObject\",\"inLanguage\":\"et\",\"@id\":\"https:\\\/\\\/lustandlove.eu\\\/et\\\/toode\\\/pocket-pulse-kaed-vabad-mastrubaator\\\/#primaryimage\",\"url\":\"https:\\\/\\\/lustandlove.eu\\\/wp-content\\\/uploads\\\/Pocket_Pulse_slider-1.jpg\",\"contentUrl\":\"https:\\\/\\\/lustandlove.eu\\\/wp-content\\\/uploads\\\/Pocket_Pulse_slider-1.jpg\",\"width\":1144,\"height\":594},{\"@type\":\"BreadcrumbList\",\"@id\":\"https:\\\/\\\/lustandlove.eu\\\/et\\\/toode\\\/pocket-pulse-kaed-vabad-mastrubaator\\\/#breadcrumb\",\"itemListElement\":[{\"@type\":\"ListItem\",\"position\":1,\"name\":\"Lust and Love\",\"item\":\"https:\\\/\\\/lustandlove.eu\\\/et\\\/\"},{\"@type\":\"ListItem\",\"position\":2,\"name\":\"Pood\",\"item\":\"https:\\\/\\\/lustandlove.eu\\\/et\\\/pood\\\/\"},{\"@type\":\"ListItem\",\"position\":3,\"name\":\"Meestele\",\"item\":\"https:\\\/\\\/lustandlove.eu\\\/et\\\/pood\\\/meestele\\\/\"},{\"@type\":\"ListItem\",\"position\":4,\"name\":\"Masturbaatorid\",\"item\":\"https:\\\/\\\/lustandlove.eu\\\/et\\\/pood\\\/meestele\\\/masturbaatorid\\\/\"},{\"@type\":\"ListItem\",\"position\":5,\"name\":\"Automaatsed\",\"item\":\"https:\\\/\\\/lustandlove.eu\\\/et\\\/pood\\\/meestele\\\/masturbaatorid\\\/automaatsed\\\/\"},{\"@type\":\"ListItem\",\"position\":6,\"name\":\"Pocket Pulse K\u00e4ed-Vabad Mastrubaator\"}]},{\"@type\":\"WebSite\",\"@id\":\"https:\\\/\\\/lustandlove.eu\\\/et\\\/#website\",\"url\":\"https:\\\/\\\/lustandlove.eu\\\/et\\\/\",\"name\":\"Lust &amp; Love\",\"description\":\"Online erootikapood tervise, ilu ja armastuse jaoks\",\"publisher\":{\"@id\":\"https:\\\/\\\/lustandlove.eu\\\/et\\\/#organization\"},\"potentialAction\":[{\"@type\":\"SearchAction\",\"target\":{\"@type\":\"EntryPoint\",\"urlTemplate\":\"https:\\\/\\\/lustandlove.eu\\\/et\\\/?s={search_term_string}\"},\"query-input\":{\"@type\":\"PropertyValueSpecification\",\"valueRequired\":true,\"valueName\":\"search_term_string\"}}],\"inLanguage\":\"et\"},{\"@type\":\"Organization\",\"@id\":\"https:\\\/\\\/lustandlove.eu\\\/et\\\/#organization\",\"name\":\"Bioconcept Baltics O\u00dc\",\"url\":\"https:\\\/\\\/lustandlove.eu\\\/et\\\/\",\"logo\":{\"@type\":\"ImageObject\",\"inLanguage\":\"et\",\"@id\":\"https:\\\/\\\/lustandlove.eu\\\/et\\\/#\\\/schema\\\/logo\\\/image\\\/\",\"url\":\"\",\"contentUrl\":\"\",\"caption\":\"Bioconcept Baltics O\u00dc\"},\"image\":{\"@id\":\"https:\\\/\\\/lustandlove.eu\\\/et\\\/#\\\/schema\\\/logo\\\/image\\\/\"},\"sameAs\":[\"https:\\\/\\\/www.facebook.com\\\/LustandLoveEU\\\/\",\"https:\\\/\\\/www.instagram.com\\\/lustandloveeu\\\/\"]}]}<\/script>\n<!-- \/ Yoast SEO plugin. -->","yoast_head_json":{"title":"Hot Octopuss Pocket Pulse 89.00\u20ac | Lust &amp; Love","description":"Pocket PULSE on j\u00e4rgmise generatsiooni masturbaator, mis kasutab kahte suurt mootorit, et edasi anda uskumatult s\u00fcgavaid ja v\u00f5imsaid vibratsioone.","robots":{"index,follow,max-snippet":"index,follow,max-snippet:-1,max-image-preview:large,max-video-preview:-1"},"canonical":"https:\/\/lustandlove.eu\/et\/toode\/pocket-pulse-kaed-vabad-mastrubaator\/","twitter_card":"summary_large_image","twitter_title":"Hot Octopuss Pocket Pulse 89.00\u20ac | Lust &amp; Love","twitter_description":"Pocket PULSE on j\u00e4rgmise generatsiooni masturbaator, mis kasutab kahte suurt mootorit, et edasi anda uskumatult s\u00fcgavaid ja v\u00f5imsaid vibratsioone.","twitter_image":"https:\/\/lustandlove.eu\/wp-content\/uploads\/Pocket_Pulse_slider-1.jpg","twitter_misc":{"Est. reading time":"1 minut"},"schema":{"@context":"https:\/\/schema.org","@graph":[{"@type":["WebPage","ItemPage"],"@id":"https:\/\/lustandlove.eu\/et\/toode\/pocket-pulse-kaed-vabad-mastrubaator\/","url":"https:\/\/lustandlove.eu\/et\/toode\/pocket-pulse-kaed-vabad-mastrubaator\/","name":"Hot Octopuss Pocket Pulse 89.00\u20ac | Lust &amp; Love","isPartOf":{"@id":"https:\/\/lustandlove.eu\/et\/#website"},"primaryImageOfPage":{"@id":"https:\/\/lustandlove.eu\/et\/toode\/pocket-pulse-kaed-vabad-mastrubaator\/#primaryimage"},"image":{"@id":"https:\/\/lustandlove.eu\/et\/toode\/pocket-pulse-kaed-vabad-mastrubaator\/#primaryimage"},"thumbnailUrl":"https:\/\/lustandlove.eu\/wp-content\/uploads\/Pocket_Pulse_slider-1.jpg","datePublished":"2021-05-28T05:08:17+00:00","dateModified":"2026-04-13T07:43:20+00:00","description":"Pocket PULSE on j\u00e4rgmise generatsiooni masturbaator, mis kasutab kahte suurt mootorit, et edasi anda uskumatult s\u00fcgavaid ja v\u00f5imsaid vibratsioone.","breadcrumb":{"@id":"https:\/\/lustandlove.eu\/et\/toode\/pocket-pulse-kaed-vabad-mastrubaator\/#breadcrumb"},"inLanguage":"et","potentialAction":[{"@type":"ReadAction","target":["https:\/\/lustandlove.eu\/et\/toode\/pocket-pulse-kaed-vabad-mastrubaator\/"]}]},{"@type":"ImageObject","inLanguage":"et","@id":"https:\/\/lustandlove.eu\/et\/toode\/pocket-pulse-kaed-vabad-mastrubaator\/#primaryimage","url":"https:\/\/lustandlove.eu\/wp-content\/uploads\/Pocket_Pulse_slider-1.jpg","contentUrl":"https:\/\/lustandlove.eu\/wp-content\/uploads\/Pocket_Pulse_slider-1.jpg","width":1144,"height":594},{"@type":"BreadcrumbList","@id":"https:\/\/lustandlove.eu\/et\/toode\/pocket-pulse-kaed-vabad-mastrubaator\/#breadcrumb","itemListElement":[{"@type":"ListItem","position":1,"name":"Lust and Love","item":"https:\/\/lustandlove.eu\/et\/"},{"@type":"ListItem","position":2,"name":"Pood","item":"https:\/\/lustandlove.eu\/et\/pood\/"},{"@type":"ListItem","position":3,"name":"Meestele","item":"https:\/\/lustandlove.eu\/et\/pood\/meestele\/"},{"@type":"ListItem","position":4,"name":"Masturbaatorid","item":"https:\/\/lustandlove.eu\/et\/pood\/meestele\/masturbaatorid\/"},{"@type":"ListItem","position":5,"name":"Automaatsed","item":"https:\/\/lustandlove.eu\/et\/pood\/meestele\/masturbaatorid\/automaatsed\/"},{"@type":"ListItem","position":6,"name":"Pocket Pulse K\u00e4ed-Vabad Mastrubaator"}]},{"@type":"WebSite","@id":"https:\/\/lustandlove.eu\/et\/#website","url":"https:\/\/lustandlove.eu\/et\/","name":"Lust &amp; Love","description":"Online erootikapood tervise, ilu ja armastuse jaoks","publisher":{"@id":"https:\/\/lustandlove.eu\/et\/#organization"},"potentialAction":[{"@type":"SearchAction","target":{"@type":"EntryPoint","urlTemplate":"https:\/\/lustandlove.eu\/et\/?s={search_term_string}"},"query-input":{"@type":"PropertyValueSpecification","valueRequired":true,"valueName":"search_term_string"}}],"inLanguage":"et"},{"@type":"Organization","@id":"https:\/\/lustandlove.eu\/et\/#organization","name":"Bioconcept Baltics O\u00dc","url":"https:\/\/lustandlove.eu\/et\/","logo":{"@type":"ImageObject","inLanguage":"et","@id":"https:\/\/lustandlove.eu\/et\/#\/schema\/logo\/image\/","url":"","contentUrl":"","caption":"Bioconcept Baltics O\u00dc"},"image":{"@id":"https:\/\/lustandlove.eu\/et\/#\/schema\/logo\/image\/"},"sameAs":["https:\/\/www.facebook.com\/LustandLoveEU\/","https:\/\/www.instagram.com\/lustandloveeu\/"]}]}},"_links":{"self":[{"href":"https:\/\/lustandlove.eu\/et\/wp-json\/wp\/v2\/product\/48450","targetHints":{"allow":["GET"]}}],"collection":[{"href":"https:\/\/lustandlove.eu\/et\/wp-json\/wp\/v2\/product"}],"about":[{"href":"https:\/\/lustandlove.eu\/et\/wp-json\/wp\/v2\/types\/product"}],"wp:featuredmedia":[{"embeddable":true,"href":"https:\/\/lustandlove.eu\/et\/wp-json\/wp\/v2\/media\/47516"}],"wp:attachment":[{"href":"https:\/\/lustandlove.eu\/et\/wp-json\/wp\/v2\/media?parent=48450"}],"wp:term":[{"taxonomy":"product_brand","embeddable":true,"href":"https:\/\/lustandlove.eu\/et\/wp-json\/wp\/v2\/product_brand?post=48450"},{"taxonomy":"product_cat","embeddable":true,"href":"https:\/\/lustandlove.eu\/et\/wp-json\/wp\/v2\/product_cat?post=48450"},{"taxonomy":"product_tag","embeddable":true,"href":"https:\/\/lustandlove.eu\/et\/wp-json\/wp\/v2\/product_tag?post=48450"}],"curies":[{"name":"wp","href":"https:\/\/api.w.org\/{rel}","templated":true}]}}