{"id":48457,"date":"2021-05-28T08:07:20","date_gmt":"2021-05-28T05:07:20","guid":{"rendered":"https:\/\/www.lustandlove.eu\/product\/demoniq-harmonia\/"},"modified":"2026-04-13T10:43:20","modified_gmt":"2026-04-13T07:43:20","slug":"demoniq-harmonia","status":"publish","type":"product","link":"https:\/\/lustandlove.eu\/et\/toode\/demoniq-harmonia\/","title":{"rendered":"Harmonia"},"content":{"rendered":"<p>Harmonia \u2013 seksikas k\u00f5rge kaelusega Demoniq body. \u00dcleni must v\u00f5rk on \u00fcmbritsetud kunstnahaga. Kaela ja selja juures asuvad kinnitused metallist, \u00fcleni h\u00f5bedad ning pisarakujulised. Avatud alumise osaga body.<\/p>\n<p>N\u00e4itajad:<\/p>\n<p>Kaks mugavat kinnitust kohaldatava pikkusega<\/p>\n<p>Metallist kett ja klambrid \u2013 tugevad ja vastupidavad<\/p>\n<p>Mugav kasutada<\/p>\n<p>Avatud alumine osa<\/p>\n<p>Kergemini rebenevate alade juures tugevamad \u00f5mblused<\/p>\n","protected":false},"excerpt":{"rendered":"<p>Harmonia \u2013 seksikas k\u00f5rge kaelusega Demoniq body. \u00dcleni must v\u00f5rk on \u00fcmbritsetud kunstnahaga. Kaela ja selja juures asuvad kinnitused metallist, \u00fcleni h\u00f5bedad ning pisarakujulised. Avatud alumise osaga body.<\/p>\n","protected":false},"featured_media":47505,"template":"","meta":[],"product_brand":[4202],"product_cat":[4014,1489],"product_tag":[1520],"class_list":{"0":"post-48457","1":"product","2":"type-product","3":"status-publish","4":"has-post-thumbnail","6":"product_brand-demoniq-et","7":"product_cat-kleidid-ja-bodied","8":"product_cat-pesu","9":"product_tag-pesu","10":"pa_brand-demoniq-et","12":"first","13":"instock","14":"taxable","15":"shipping-taxable","16":"purchasable","17":"product-type-variable"},"yoast_head":"<!-- This site is optimized with the Yoast SEO plugin v27.3 - https:\/\/yoast.com\/product\/yoast-seo-wordpress\/ -->\n<title>Harmonia Teddy by Demoniq | Lust &amp; Love Sex Lingerie Shop<\/title>\n<meta name=\"description\" content=\"Harmonia \u2013 seksikas k\u00f5rge kaelusega Demoniq body. \u00dcleni must v\u00f5rk on \u00fcmbritsetud kunstnahaga. Kaela ja selja juures asuvad kinnitused metallist, \u00fcleni h\u00f5bedad ning pisarakujulised. Avatud alumise osaga body.\" \/>\n<meta name=\"robots\" content=\"index,follow,max-snippet:-1,max-image-preview:large,max-video-preview:-1\" \/>\n<link rel=\"canonical\" href=\"https:\/\/lustandlove.eu\/et\/toode\/demoniq-harmonia\/\" \/>\n<meta name=\"twitter:card\" content=\"summary_large_image\" \/>\n<meta name=\"twitter:title\" content=\"Harmonia Teddy by Demoniq | Lust &amp; Love Sex Lingerie Shop\" \/>\n<meta name=\"twitter:description\" content=\"Harmonia \u2013 seksikas k\u00f5rge kaelusega Demoniq body. \u00dcleni must v\u00f5rk on \u00fcmbritsetud kunstnahaga. Kaela ja selja juures asuvad kinnitused metallist, \u00fcleni h\u00f5bedad ning pisarakujulised. Avatud alumise osaga body.\" \/>\n<meta name=\"twitter:image\" content=\"https:\/\/lustandlove.eu\/wp-content\/uploads\/Harmonia-03.jpg\" \/>\n<meta name=\"twitter:label1\" content=\"Est. reading time\" \/>\n\t<meta name=\"twitter:data1\" content=\"1 minut\" \/>\n<script type=\"application\/ld+json\" class=\"yoast-schema-graph\">{\"@context\":\"https:\\\/\\\/schema.org\",\"@graph\":[{\"@type\":[\"WebPage\",\"ItemPage\"],\"@id\":\"https:\\\/\\\/lustandlove.eu\\\/et\\\/toode\\\/demoniq-harmonia\\\/\",\"url\":\"https:\\\/\\\/lustandlove.eu\\\/et\\\/toode\\\/demoniq-harmonia\\\/\",\"name\":\"Harmonia Teddy by Demoniq | Lust & Love Sex Lingerie Shop\",\"isPartOf\":{\"@id\":\"https:\\\/\\\/lustandlove.eu\\\/et\\\/#website\"},\"primaryImageOfPage\":{\"@id\":\"https:\\\/\\\/lustandlove.eu\\\/et\\\/toode\\\/demoniq-harmonia\\\/#primaryimage\"},\"image\":{\"@id\":\"https:\\\/\\\/lustandlove.eu\\\/et\\\/toode\\\/demoniq-harmonia\\\/#primaryimage\"},\"thumbnailUrl\":\"https:\\\/\\\/lustandlove.eu\\\/wp-content\\\/uploads\\\/Harmonia-03.jpg\",\"datePublished\":\"2021-05-28T05:07:20+00:00\",\"dateModified\":\"2026-04-13T07:43:20+00:00\",\"description\":\"Harmonia \u2013 seksikas k\u00f5rge kaelusega Demoniq body. \u00dcleni must v\u00f5rk on \u00fcmbritsetud kunstnahaga. Kaela ja selja juures asuvad kinnitused metallist, \u00fcleni h\u00f5bedad ning pisarakujulised. Avatud alumise osaga body.\",\"breadcrumb\":{\"@id\":\"https:\\\/\\\/lustandlove.eu\\\/et\\\/toode\\\/demoniq-harmonia\\\/#breadcrumb\"},\"inLanguage\":\"et\",\"potentialAction\":[{\"@type\":\"ReadAction\",\"target\":[\"https:\\\/\\\/lustandlove.eu\\\/et\\\/toode\\\/demoniq-harmonia\\\/\"]}]},{\"@type\":\"ImageObject\",\"inLanguage\":\"et\",\"@id\":\"https:\\\/\\\/lustandlove.eu\\\/et\\\/toode\\\/demoniq-harmonia\\\/#primaryimage\",\"url\":\"https:\\\/\\\/lustandlove.eu\\\/wp-content\\\/uploads\\\/Harmonia-03.jpg\",\"contentUrl\":\"https:\\\/\\\/lustandlove.eu\\\/wp-content\\\/uploads\\\/Harmonia-03.jpg\",\"width\":466,\"height\":700},{\"@type\":\"BreadcrumbList\",\"@id\":\"https:\\\/\\\/lustandlove.eu\\\/et\\\/toode\\\/demoniq-harmonia\\\/#breadcrumb\",\"itemListElement\":[{\"@type\":\"ListItem\",\"position\":1,\"name\":\"Lust and Love\",\"item\":\"https:\\\/\\\/lustandlove.eu\\\/et\\\/\"},{\"@type\":\"ListItem\",\"position\":2,\"name\":\"Pood\",\"item\":\"https:\\\/\\\/lustandlove.eu\\\/et\\\/pood\\\/\"},{\"@type\":\"ListItem\",\"position\":3,\"name\":\"Pesu\",\"item\":\"https:\\\/\\\/lustandlove.eu\\\/et\\\/pood\\\/pesu\\\/\"},{\"@type\":\"ListItem\",\"position\":4,\"name\":\"Kleidid ja Bodied\",\"item\":\"https:\\\/\\\/lustandlove.eu\\\/et\\\/pood\\\/pesu\\\/kleidid-ja-bodied\\\/\"},{\"@type\":\"ListItem\",\"position\":5,\"name\":\"Harmonia\"}]},{\"@type\":\"WebSite\",\"@id\":\"https:\\\/\\\/lustandlove.eu\\\/et\\\/#website\",\"url\":\"https:\\\/\\\/lustandlove.eu\\\/et\\\/\",\"name\":\"Lust &amp; Love\",\"description\":\"Online erootikapood tervise, ilu ja armastuse jaoks\",\"publisher\":{\"@id\":\"https:\\\/\\\/lustandlove.eu\\\/et\\\/#organization\"},\"potentialAction\":[{\"@type\":\"SearchAction\",\"target\":{\"@type\":\"EntryPoint\",\"urlTemplate\":\"https:\\\/\\\/lustandlove.eu\\\/et\\\/?s={search_term_string}\"},\"query-input\":{\"@type\":\"PropertyValueSpecification\",\"valueRequired\":true,\"valueName\":\"search_term_string\"}}],\"inLanguage\":\"et\"},{\"@type\":\"Organization\",\"@id\":\"https:\\\/\\\/lustandlove.eu\\\/et\\\/#organization\",\"name\":\"Bioconcept Baltics O\u00dc\",\"url\":\"https:\\\/\\\/lustandlove.eu\\\/et\\\/\",\"logo\":{\"@type\":\"ImageObject\",\"inLanguage\":\"et\",\"@id\":\"https:\\\/\\\/lustandlove.eu\\\/et\\\/#\\\/schema\\\/logo\\\/image\\\/\",\"url\":\"\",\"contentUrl\":\"\",\"caption\":\"Bioconcept Baltics O\u00dc\"},\"image\":{\"@id\":\"https:\\\/\\\/lustandlove.eu\\\/et\\\/#\\\/schema\\\/logo\\\/image\\\/\"},\"sameAs\":[\"https:\\\/\\\/www.facebook.com\\\/LustandLoveEU\\\/\",\"https:\\\/\\\/www.instagram.com\\\/lustandloveeu\\\/\"]}]}<\/script>\n<!-- \/ Yoast SEO plugin. -->","yoast_head_json":{"title":"Harmonia Teddy by Demoniq | Lust & Love Sex Lingerie Shop","description":"Harmonia \u2013 seksikas k\u00f5rge kaelusega Demoniq body. \u00dcleni must v\u00f5rk on \u00fcmbritsetud kunstnahaga. Kaela ja selja juures asuvad kinnitused metallist, \u00fcleni h\u00f5bedad ning pisarakujulised. Avatud alumise osaga body.","robots":{"index,follow,max-snippet":"index,follow,max-snippet:-1,max-image-preview:large,max-video-preview:-1"},"canonical":"https:\/\/lustandlove.eu\/et\/toode\/demoniq-harmonia\/","twitter_card":"summary_large_image","twitter_title":"Harmonia Teddy by Demoniq | Lust & Love Sex Lingerie Shop","twitter_description":"Harmonia \u2013 seksikas k\u00f5rge kaelusega Demoniq body. \u00dcleni must v\u00f5rk on \u00fcmbritsetud kunstnahaga. Kaela ja selja juures asuvad kinnitused metallist, \u00fcleni h\u00f5bedad ning pisarakujulised. Avatud alumise osaga body.","twitter_image":"https:\/\/lustandlove.eu\/wp-content\/uploads\/Harmonia-03.jpg","twitter_misc":{"Est. reading time":"1 minut"},"schema":{"@context":"https:\/\/schema.org","@graph":[{"@type":["WebPage","ItemPage"],"@id":"https:\/\/lustandlove.eu\/et\/toode\/demoniq-harmonia\/","url":"https:\/\/lustandlove.eu\/et\/toode\/demoniq-harmonia\/","name":"Harmonia Teddy by Demoniq | Lust & Love Sex Lingerie Shop","isPartOf":{"@id":"https:\/\/lustandlove.eu\/et\/#website"},"primaryImageOfPage":{"@id":"https:\/\/lustandlove.eu\/et\/toode\/demoniq-harmonia\/#primaryimage"},"image":{"@id":"https:\/\/lustandlove.eu\/et\/toode\/demoniq-harmonia\/#primaryimage"},"thumbnailUrl":"https:\/\/lustandlove.eu\/wp-content\/uploads\/Harmonia-03.jpg","datePublished":"2021-05-28T05:07:20+00:00","dateModified":"2026-04-13T07:43:20+00:00","description":"Harmonia \u2013 seksikas k\u00f5rge kaelusega Demoniq body. \u00dcleni must v\u00f5rk on \u00fcmbritsetud kunstnahaga. Kaela ja selja juures asuvad kinnitused metallist, \u00fcleni h\u00f5bedad ning pisarakujulised. Avatud alumise osaga body.","breadcrumb":{"@id":"https:\/\/lustandlove.eu\/et\/toode\/demoniq-harmonia\/#breadcrumb"},"inLanguage":"et","potentialAction":[{"@type":"ReadAction","target":["https:\/\/lustandlove.eu\/et\/toode\/demoniq-harmonia\/"]}]},{"@type":"ImageObject","inLanguage":"et","@id":"https:\/\/lustandlove.eu\/et\/toode\/demoniq-harmonia\/#primaryimage","url":"https:\/\/lustandlove.eu\/wp-content\/uploads\/Harmonia-03.jpg","contentUrl":"https:\/\/lustandlove.eu\/wp-content\/uploads\/Harmonia-03.jpg","width":466,"height":700},{"@type":"BreadcrumbList","@id":"https:\/\/lustandlove.eu\/et\/toode\/demoniq-harmonia\/#breadcrumb","itemListElement":[{"@type":"ListItem","position":1,"name":"Lust and Love","item":"https:\/\/lustandlove.eu\/et\/"},{"@type":"ListItem","position":2,"name":"Pood","item":"https:\/\/lustandlove.eu\/et\/pood\/"},{"@type":"ListItem","position":3,"name":"Pesu","item":"https:\/\/lustandlove.eu\/et\/pood\/pesu\/"},{"@type":"ListItem","position":4,"name":"Kleidid ja Bodied","item":"https:\/\/lustandlove.eu\/et\/pood\/pesu\/kleidid-ja-bodied\/"},{"@type":"ListItem","position":5,"name":"Harmonia"}]},{"@type":"WebSite","@id":"https:\/\/lustandlove.eu\/et\/#website","url":"https:\/\/lustandlove.eu\/et\/","name":"Lust &amp; Love","description":"Online erootikapood tervise, ilu ja armastuse jaoks","publisher":{"@id":"https:\/\/lustandlove.eu\/et\/#organization"},"potentialAction":[{"@type":"SearchAction","target":{"@type":"EntryPoint","urlTemplate":"https:\/\/lustandlove.eu\/et\/?s={search_term_string}"},"query-input":{"@type":"PropertyValueSpecification","valueRequired":true,"valueName":"search_term_string"}}],"inLanguage":"et"},{"@type":"Organization","@id":"https:\/\/lustandlove.eu\/et\/#organization","name":"Bioconcept Baltics O\u00dc","url":"https:\/\/lustandlove.eu\/et\/","logo":{"@type":"ImageObject","inLanguage":"et","@id":"https:\/\/lustandlove.eu\/et\/#\/schema\/logo\/image\/","url":"","contentUrl":"","caption":"Bioconcept Baltics O\u00dc"},"image":{"@id":"https:\/\/lustandlove.eu\/et\/#\/schema\/logo\/image\/"},"sameAs":["https:\/\/www.facebook.com\/LustandLoveEU\/","https:\/\/www.instagram.com\/lustandloveeu\/"]}]}},"_links":{"self":[{"href":"https:\/\/lustandlove.eu\/et\/wp-json\/wp\/v2\/product\/48457","targetHints":{"allow":["GET"]}}],"collection":[{"href":"https:\/\/lustandlove.eu\/et\/wp-json\/wp\/v2\/product"}],"about":[{"href":"https:\/\/lustandlove.eu\/et\/wp-json\/wp\/v2\/types\/product"}],"wp:featuredmedia":[{"embeddable":true,"href":"https:\/\/lustandlove.eu\/et\/wp-json\/wp\/v2\/media\/47505"}],"wp:attachment":[{"href":"https:\/\/lustandlove.eu\/et\/wp-json\/wp\/v2\/media?parent=48457"}],"wp:term":[{"taxonomy":"product_brand","embeddable":true,"href":"https:\/\/lustandlove.eu\/et\/wp-json\/wp\/v2\/product_brand?post=48457"},{"taxonomy":"product_cat","embeddable":true,"href":"https:\/\/lustandlove.eu\/et\/wp-json\/wp\/v2\/product_cat?post=48457"},{"taxonomy":"product_tag","embeddable":true,"href":"https:\/\/lustandlove.eu\/et\/wp-json\/wp\/v2\/product_tag?post=48457"}],"curies":[{"name":"wp","href":"https:\/\/api.w.org\/{rel}","templated":true}]}}