{"id":48462,"date":"2021-05-28T08:07:19","date_gmt":"2021-05-28T05:07:19","guid":{"rendered":"https:\/\/www.lustandlove.eu\/product\/demoniq-eris\/"},"modified":"2026-04-13T10:43:22","modified_gmt":"2026-04-13T07:43:22","slug":"demoniq-eris","status":"publish","type":"product","link":"https:\/\/lustandlove.eu\/et\/toode\/demoniq-eris\/","title":{"rendered":"Eris"},"content":{"rendered":"<p>Eris kleit on loodud r\u00f5hutamaks siluetti. V\u00f5rk on paljastava efektiga. Must elastne kunstnahk suuendab puusade ja tuharate kurve. V\u00f5rk rindade kohal k\u00f6idab t\u00e4helepanu, seljaosa on lahtine. Kuus klambrit sukkade kinnitamiseks. Kleidi pikkus aitab r\u00f5hutada tuharaid.<\/p>\n<p>N\u00e4itajad:<\/p>\n<p>Kohaldatavad rihmad \u2013 h\u00f5be, metall, vastupidavad regulaatorid<\/p>\n<p>H\u00f5bedased ringi rihmadel \u2013 vastupidav, atraktiivne<\/p>\n<p>Sukkadel kuus mugavat klambrit kinnitamiseks<\/p>\n<p>Kergemini rebenevate alade juures tugevamad \u00f5mblused<\/p>\n","protected":false},"excerpt":{"rendered":"<p>Eris kleit on loodud r\u00f5hutamaks siluetti. V\u00f5rk on paljastava efektiga. Must elastne kunstnahk suuendab puusade ja tuharate kurve.<\/p>\n","protected":false},"featured_media":47499,"template":"","meta":[],"product_brand":[4202],"product_cat":[4014,1489],"product_tag":[1560,1520],"class_list":{"0":"post-48462","1":"product","2":"type-product","3":"status-publish","4":"has-post-thumbnail","6":"product_brand-demoniq-et","7":"product_cat-kleidid-ja-bodied","8":"product_cat-pesu","9":"product_tag-kleit","10":"product_tag-pesu","11":"pa_brand-demoniq-et","13":"first","14":"instock","15":"taxable","16":"shipping-taxable","17":"purchasable","18":"product-type-variable"},"yoast_head":"<!-- This site is optimized with the Yoast SEO plugin v27.3 - https:\/\/yoast.com\/product\/yoast-seo-wordpress\/ -->\n<title>Eris Mesh Dress | Lust and Love Lingerie<\/title>\n<meta name=\"description\" content=\"Eris kleit on loodud r\u00f5hutamaks siluetti. V\u00f5rk on paljastava efektiga. Must elastne kunstnahk suuendab puusade ja tuharate kurve.\" \/>\n<meta name=\"robots\" content=\"index,follow,max-snippet:-1,max-image-preview:large,max-video-preview:-1\" \/>\n<link rel=\"canonical\" href=\"https:\/\/lustandlove.eu\/et\/toode\/demoniq-eris\/\" \/>\n<meta name=\"twitter:card\" content=\"summary_large_image\" \/>\n<meta name=\"twitter:title\" content=\"Eris Mesh Dress | Lust and Love Lingerie\" \/>\n<meta name=\"twitter:description\" content=\"Eris kleit on loodud r\u00f5hutamaks siluetti. V\u00f5rk on paljastava efektiga. Must elastne kunstnahk suuendab puusade ja tuharate kurve.\" \/>\n<meta name=\"twitter:image\" content=\"https:\/\/lustandlove.eu\/wp-content\/uploads\/Eris-02.jpg\" \/>\n<meta name=\"twitter:label1\" content=\"Est. reading time\" \/>\n\t<meta name=\"twitter:data1\" content=\"1 minut\" \/>\n<script type=\"application\/ld+json\" class=\"yoast-schema-graph\">{\"@context\":\"https:\\\/\\\/schema.org\",\"@graph\":[{\"@type\":[\"WebPage\",\"ItemPage\"],\"@id\":\"https:\\\/\\\/lustandlove.eu\\\/et\\\/toode\\\/demoniq-eris\\\/\",\"url\":\"https:\\\/\\\/lustandlove.eu\\\/et\\\/toode\\\/demoniq-eris\\\/\",\"name\":\"Eris Mesh Dress | Lust and Love Lingerie\",\"isPartOf\":{\"@id\":\"https:\\\/\\\/lustandlove.eu\\\/et\\\/#website\"},\"primaryImageOfPage\":{\"@id\":\"https:\\\/\\\/lustandlove.eu\\\/et\\\/toode\\\/demoniq-eris\\\/#primaryimage\"},\"image\":{\"@id\":\"https:\\\/\\\/lustandlove.eu\\\/et\\\/toode\\\/demoniq-eris\\\/#primaryimage\"},\"thumbnailUrl\":\"https:\\\/\\\/lustandlove.eu\\\/wp-content\\\/uploads\\\/Eris-02.jpg\",\"datePublished\":\"2021-05-28T05:07:19+00:00\",\"dateModified\":\"2026-04-13T07:43:22+00:00\",\"description\":\"Eris kleit on loodud r\u00f5hutamaks siluetti. V\u00f5rk on paljastava efektiga. Must elastne kunstnahk suuendab puusade ja tuharate kurve.\",\"breadcrumb\":{\"@id\":\"https:\\\/\\\/lustandlove.eu\\\/et\\\/toode\\\/demoniq-eris\\\/#breadcrumb\"},\"inLanguage\":\"et\",\"potentialAction\":[{\"@type\":\"ReadAction\",\"target\":[\"https:\\\/\\\/lustandlove.eu\\\/et\\\/toode\\\/demoniq-eris\\\/\"]}]},{\"@type\":\"ImageObject\",\"inLanguage\":\"et\",\"@id\":\"https:\\\/\\\/lustandlove.eu\\\/et\\\/toode\\\/demoniq-eris\\\/#primaryimage\",\"url\":\"https:\\\/\\\/lustandlove.eu\\\/wp-content\\\/uploads\\\/Eris-02.jpg\",\"contentUrl\":\"https:\\\/\\\/lustandlove.eu\\\/wp-content\\\/uploads\\\/Eris-02.jpg\",\"width\":466,\"height\":700},{\"@type\":\"BreadcrumbList\",\"@id\":\"https:\\\/\\\/lustandlove.eu\\\/et\\\/toode\\\/demoniq-eris\\\/#breadcrumb\",\"itemListElement\":[{\"@type\":\"ListItem\",\"position\":1,\"name\":\"Lust and Love\",\"item\":\"https:\\\/\\\/lustandlove.eu\\\/et\\\/\"},{\"@type\":\"ListItem\",\"position\":2,\"name\":\"Pood\",\"item\":\"https:\\\/\\\/lustandlove.eu\\\/et\\\/pood\\\/\"},{\"@type\":\"ListItem\",\"position\":3,\"name\":\"Pesu\",\"item\":\"https:\\\/\\\/lustandlove.eu\\\/et\\\/pood\\\/pesu\\\/\"},{\"@type\":\"ListItem\",\"position\":4,\"name\":\"Kleidid ja Bodied\",\"item\":\"https:\\\/\\\/lustandlove.eu\\\/et\\\/pood\\\/pesu\\\/kleidid-ja-bodied\\\/\"},{\"@type\":\"ListItem\",\"position\":5,\"name\":\"Eris\"}]},{\"@type\":\"WebSite\",\"@id\":\"https:\\\/\\\/lustandlove.eu\\\/et\\\/#website\",\"url\":\"https:\\\/\\\/lustandlove.eu\\\/et\\\/\",\"name\":\"Lust &amp; Love\",\"description\":\"Online erootikapood tervise, ilu ja armastuse jaoks\",\"publisher\":{\"@id\":\"https:\\\/\\\/lustandlove.eu\\\/et\\\/#organization\"},\"potentialAction\":[{\"@type\":\"SearchAction\",\"target\":{\"@type\":\"EntryPoint\",\"urlTemplate\":\"https:\\\/\\\/lustandlove.eu\\\/et\\\/?s={search_term_string}\"},\"query-input\":{\"@type\":\"PropertyValueSpecification\",\"valueRequired\":true,\"valueName\":\"search_term_string\"}}],\"inLanguage\":\"et\"},{\"@type\":\"Organization\",\"@id\":\"https:\\\/\\\/lustandlove.eu\\\/et\\\/#organization\",\"name\":\"Bioconcept Baltics O\u00dc\",\"url\":\"https:\\\/\\\/lustandlove.eu\\\/et\\\/\",\"logo\":{\"@type\":\"ImageObject\",\"inLanguage\":\"et\",\"@id\":\"https:\\\/\\\/lustandlove.eu\\\/et\\\/#\\\/schema\\\/logo\\\/image\\\/\",\"url\":\"\",\"contentUrl\":\"\",\"caption\":\"Bioconcept Baltics O\u00dc\"},\"image\":{\"@id\":\"https:\\\/\\\/lustandlove.eu\\\/et\\\/#\\\/schema\\\/logo\\\/image\\\/\"},\"sameAs\":[\"https:\\\/\\\/www.facebook.com\\\/LustandLoveEU\\\/\",\"https:\\\/\\\/www.instagram.com\\\/lustandloveeu\\\/\"]}]}<\/script>\n<!-- \/ Yoast SEO plugin. -->","yoast_head_json":{"title":"Eris Mesh Dress | Lust and Love Lingerie","description":"Eris kleit on loodud r\u00f5hutamaks siluetti. V\u00f5rk on paljastava efektiga. Must elastne kunstnahk suuendab puusade ja tuharate kurve.","robots":{"index,follow,max-snippet":"index,follow,max-snippet:-1,max-image-preview:large,max-video-preview:-1"},"canonical":"https:\/\/lustandlove.eu\/et\/toode\/demoniq-eris\/","twitter_card":"summary_large_image","twitter_title":"Eris Mesh Dress | Lust and Love Lingerie","twitter_description":"Eris kleit on loodud r\u00f5hutamaks siluetti. V\u00f5rk on paljastava efektiga. Must elastne kunstnahk suuendab puusade ja tuharate kurve.","twitter_image":"https:\/\/lustandlove.eu\/wp-content\/uploads\/Eris-02.jpg","twitter_misc":{"Est. reading time":"1 minut"},"schema":{"@context":"https:\/\/schema.org","@graph":[{"@type":["WebPage","ItemPage"],"@id":"https:\/\/lustandlove.eu\/et\/toode\/demoniq-eris\/","url":"https:\/\/lustandlove.eu\/et\/toode\/demoniq-eris\/","name":"Eris Mesh Dress | Lust and Love Lingerie","isPartOf":{"@id":"https:\/\/lustandlove.eu\/et\/#website"},"primaryImageOfPage":{"@id":"https:\/\/lustandlove.eu\/et\/toode\/demoniq-eris\/#primaryimage"},"image":{"@id":"https:\/\/lustandlove.eu\/et\/toode\/demoniq-eris\/#primaryimage"},"thumbnailUrl":"https:\/\/lustandlove.eu\/wp-content\/uploads\/Eris-02.jpg","datePublished":"2021-05-28T05:07:19+00:00","dateModified":"2026-04-13T07:43:22+00:00","description":"Eris kleit on loodud r\u00f5hutamaks siluetti. V\u00f5rk on paljastava efektiga. Must elastne kunstnahk suuendab puusade ja tuharate kurve.","breadcrumb":{"@id":"https:\/\/lustandlove.eu\/et\/toode\/demoniq-eris\/#breadcrumb"},"inLanguage":"et","potentialAction":[{"@type":"ReadAction","target":["https:\/\/lustandlove.eu\/et\/toode\/demoniq-eris\/"]}]},{"@type":"ImageObject","inLanguage":"et","@id":"https:\/\/lustandlove.eu\/et\/toode\/demoniq-eris\/#primaryimage","url":"https:\/\/lustandlove.eu\/wp-content\/uploads\/Eris-02.jpg","contentUrl":"https:\/\/lustandlove.eu\/wp-content\/uploads\/Eris-02.jpg","width":466,"height":700},{"@type":"BreadcrumbList","@id":"https:\/\/lustandlove.eu\/et\/toode\/demoniq-eris\/#breadcrumb","itemListElement":[{"@type":"ListItem","position":1,"name":"Lust and Love","item":"https:\/\/lustandlove.eu\/et\/"},{"@type":"ListItem","position":2,"name":"Pood","item":"https:\/\/lustandlove.eu\/et\/pood\/"},{"@type":"ListItem","position":3,"name":"Pesu","item":"https:\/\/lustandlove.eu\/et\/pood\/pesu\/"},{"@type":"ListItem","position":4,"name":"Kleidid ja Bodied","item":"https:\/\/lustandlove.eu\/et\/pood\/pesu\/kleidid-ja-bodied\/"},{"@type":"ListItem","position":5,"name":"Eris"}]},{"@type":"WebSite","@id":"https:\/\/lustandlove.eu\/et\/#website","url":"https:\/\/lustandlove.eu\/et\/","name":"Lust &amp; Love","description":"Online erootikapood tervise, ilu ja armastuse jaoks","publisher":{"@id":"https:\/\/lustandlove.eu\/et\/#organization"},"potentialAction":[{"@type":"SearchAction","target":{"@type":"EntryPoint","urlTemplate":"https:\/\/lustandlove.eu\/et\/?s={search_term_string}"},"query-input":{"@type":"PropertyValueSpecification","valueRequired":true,"valueName":"search_term_string"}}],"inLanguage":"et"},{"@type":"Organization","@id":"https:\/\/lustandlove.eu\/et\/#organization","name":"Bioconcept Baltics O\u00dc","url":"https:\/\/lustandlove.eu\/et\/","logo":{"@type":"ImageObject","inLanguage":"et","@id":"https:\/\/lustandlove.eu\/et\/#\/schema\/logo\/image\/","url":"","contentUrl":"","caption":"Bioconcept Baltics O\u00dc"},"image":{"@id":"https:\/\/lustandlove.eu\/et\/#\/schema\/logo\/image\/"},"sameAs":["https:\/\/www.facebook.com\/LustandLoveEU\/","https:\/\/www.instagram.com\/lustandloveeu\/"]}]}},"_links":{"self":[{"href":"https:\/\/lustandlove.eu\/et\/wp-json\/wp\/v2\/product\/48462","targetHints":{"allow":["GET"]}}],"collection":[{"href":"https:\/\/lustandlove.eu\/et\/wp-json\/wp\/v2\/product"}],"about":[{"href":"https:\/\/lustandlove.eu\/et\/wp-json\/wp\/v2\/types\/product"}],"wp:featuredmedia":[{"embeddable":true,"href":"https:\/\/lustandlove.eu\/et\/wp-json\/wp\/v2\/media\/47499"}],"wp:attachment":[{"href":"https:\/\/lustandlove.eu\/et\/wp-json\/wp\/v2\/media?parent=48462"}],"wp:term":[{"taxonomy":"product_brand","embeddable":true,"href":"https:\/\/lustandlove.eu\/et\/wp-json\/wp\/v2\/product_brand?post=48462"},{"taxonomy":"product_cat","embeddable":true,"href":"https:\/\/lustandlove.eu\/et\/wp-json\/wp\/v2\/product_cat?post=48462"},{"taxonomy":"product_tag","embeddable":true,"href":"https:\/\/lustandlove.eu\/et\/wp-json\/wp\/v2\/product_tag?post=48462"}],"curies":[{"name":"wp","href":"https:\/\/api.w.org\/{rel}","templated":true}]}}