{"id":48478,"date":"2021-05-28T08:07:19","date_gmt":"2021-05-28T05:07:19","guid":{"rendered":"https:\/\/www.lustandlove.eu\/product\/vibreeriv-peeniserongas-atom\/"},"modified":"2026-04-13T10:43:21","modified_gmt":"2026-04-13T07:43:21","slug":"vibreeriv-peeniserongas-atom","status":"publish","type":"product","link":"https:\/\/lustandlove.eu\/et\/toode\/vibreeriv-peeniserongas-atom\/","title":{"rendered":"Vibreeriv Peeniser\u00f5ngas Atom"},"content":{"rendered":"<p>Mootoriga vibreeriv peeniser\u00f5ngas soolom\u00e4nguks ja partneriga kasutamiseks, ATOM seeria esindab uue ajastu peeniser\u00f5ngaid.\u00a0ATOM kombineerib endas innovatiivset disaini koos k\u00f5ige v\u00f5imsama mootoriga turul, et luua r\u00f5ngas, mis edastab m\u00fcrisevat stimulatsiooni \u00f5iges kohas.<\/p>\n<h3>J\u00f5ud ja innovatsioon vibreerivas peeniser\u00f5ngas<\/h3>\n<p>ATOM \u00a0kombineerib endas v\u00f5imsat vibratsiooni maksimaalseks m\u00f5nuks m\u00f5lemale partnerile samal ajal.<\/p>\n<p>ATOMi r\u00f5ngas on veniv ning aitab luua eriti tugevad erektsioonid ja orgasmid.<\/p>\n<h3>Vibreeriv peeniser\u00f5ngas toob vahekorda uudsust<\/h3>\n<p>Disainitud olema sama intensiivne nii partnerile kui ka kandjale, ATOMi l\u00e4bim\u00f5eldud ergonoomilised ja v\u00f5imsad vibratsioonid viivad paaride m\u00e4ngu uuele tasemele.<\/p>\n<p>Hot Octopuss\u00a0ATOMil on suur kontaktpind ja v\u00e4ike k\u00f5rgendatud m\u00fcgarik stimulatsiooni lisamiseks, nii et m\u00f5lemad partnerid suudaks l\u00e4bida seksuaalvahekorra ajal v\u00f5imsaid vibratsioone.<\/p>\n<h3>Omadused:<\/h3>\n<p>V\u00f5imas mootor \u2013\u00a0erakordselt suur vibratsioon.<br \/>\n100% veekindel \u2013 v\u00f5id pritsida! Naudi du\u0161i all, vannis v\u00f5i mullivannis!<br \/>\nKiire laadimine \u2013\u00a0USB-juhtmega t\u00e4islaetav k\u00f5igest paari tunniga.<br \/>\nErgonoomiline disain koos partneriga nautimiseks<br \/>\nViis eelseadistatud vibratsioonimustrit<br \/>\nTehtud kehas\u00f5bralikust silikoonist (ABS)<\/p>\n<p>ATOMit kantakse peenise p\u00f5hjal. See on painduv ja veniv, t\u00e4nu millele on seda lihtne peale panna ning maha v\u00f5tta. Sobib enamustele peenistele ja suurustele.<\/p>\n<p><strong>NB<\/strong>: Enne kasutust laadida 2 tundi!<\/p>\n","protected":false},"excerpt":{"rendered":"<p>Mootoriga vibreeriv peeniser\u00f5ngas soolom\u00e4nguks ja partneriga kasutamiseks, ATOM seeria esindab uue ajastu peeniser\u00f5ngaid.\u00a0ATOM kombineerib endas innovatiivset disaini koos k\u00f5ige v\u00f5imsama mootoriga turul, et luua r\u00f5ngas, mis edastab m\u00fcrisevat stimulatsiooni \u00f5iges kohas.<\/p>\n","protected":false},"featured_media":47486,"template":"","meta":[],"product_brand":[4207],"product_cat":[1477,1478],"product_tag":[1559,1553],"class_list":{"0":"post-48478","1":"product","2":"type-product","3":"status-publish","4":"has-post-thumbnail","6":"product_brand-hot-octopuss-et","7":"product_cat-meestele","8":"product_cat-peeniserongad","9":"product_tag-paarid","10":"product_tag-peenise-rongas","11":"pa_brand-hot-octopuss-et","13":"first","14":"instock","15":"taxable","16":"shipping-taxable","17":"purchasable","18":"product-type-simple"},"yoast_head":"<!-- This site is optimized with the Yoast SEO plugin v27.3 - https:\/\/yoast.com\/product\/yoast-seo-wordpress\/ -->\n<title>Vibreeriv Peeniser\u00f5ngas Atom | Lust and Love<\/title>\n<meta name=\"description\" content=\"Mootoriga vibreeriv peeniser\u00f5ngas soolom\u00e4nguks ja partneriga kasutamiseks, ATOM seeria esindab uue ajastu peeniser\u00f5ngaid.\u00a0ATOM kombineerib endas innovatiivset disaini koos k\u00f5ige v\u00f5imsama mootoriga turul, et luua r\u00f5ngas, mis edastab m\u00fcrisevat stimulatsiooni \u00f5iges kohas.\" \/>\n<meta name=\"robots\" content=\"index,follow,max-snippet:-1,max-image-preview:large,max-video-preview:-1\" \/>\n<link rel=\"canonical\" href=\"https:\/\/lustandlove.eu\/et\/toode\/vibreeriv-peeniserongas-atom\/\" \/>\n<meta name=\"twitter:card\" content=\"summary_large_image\" \/>\n<meta name=\"twitter:title\" content=\"Vibreeriv Peeniser\u00f5ngas Atom | Lust and Love\" \/>\n<meta name=\"twitter:description\" content=\"Mootoriga vibreeriv peeniser\u00f5ngas soolom\u00e4nguks ja partneriga kasutamiseks, ATOM seeria esindab uue ajastu peeniser\u00f5ngaid.\u00a0ATOM kombineerib endas innovatiivset disaini koos k\u00f5ige v\u00f5imsama mootoriga turul, et luua r\u00f5ngas, mis edastab m\u00fcrisevat stimulatsiooni \u00f5iges kohas.\" \/>\n<meta name=\"twitter:image\" content=\"https:\/\/lustandlove.eu\/wp-content\/uploads\/ATOM_front_side_2.jpg\" \/>\n<meta name=\"twitter:label1\" content=\"Est. reading time\" \/>\n\t<meta name=\"twitter:data1\" content=\"2 minutit\" \/>\n<script type=\"application\/ld+json\" class=\"yoast-schema-graph\">{\"@context\":\"https:\\\/\\\/schema.org\",\"@graph\":[{\"@type\":[\"WebPage\",\"ItemPage\"],\"@id\":\"https:\\\/\\\/lustandlove.eu\\\/et\\\/toode\\\/vibreeriv-peeniserongas-atom\\\/\",\"url\":\"https:\\\/\\\/lustandlove.eu\\\/et\\\/toode\\\/vibreeriv-peeniserongas-atom\\\/\",\"name\":\"Vibreeriv Peeniser\u00f5ngas Atom | Lust and Love\",\"isPartOf\":{\"@id\":\"https:\\\/\\\/lustandlove.eu\\\/et\\\/#website\"},\"primaryImageOfPage\":{\"@id\":\"https:\\\/\\\/lustandlove.eu\\\/et\\\/toode\\\/vibreeriv-peeniserongas-atom\\\/#primaryimage\"},\"image\":{\"@id\":\"https:\\\/\\\/lustandlove.eu\\\/et\\\/toode\\\/vibreeriv-peeniserongas-atom\\\/#primaryimage\"},\"thumbnailUrl\":\"https:\\\/\\\/lustandlove.eu\\\/wp-content\\\/uploads\\\/ATOM_front_side_2.jpg\",\"datePublished\":\"2021-05-28T05:07:19+00:00\",\"dateModified\":\"2026-04-13T07:43:21+00:00\",\"description\":\"Mootoriga vibreeriv peeniser\u00f5ngas soolom\u00e4nguks ja partneriga kasutamiseks, ATOM seeria esindab uue ajastu peeniser\u00f5ngaid.\u00a0ATOM kombineerib endas innovatiivset disaini koos k\u00f5ige v\u00f5imsama mootoriga turul, et luua r\u00f5ngas, mis edastab m\u00fcrisevat stimulatsiooni \u00f5iges kohas.\",\"breadcrumb\":{\"@id\":\"https:\\\/\\\/lustandlove.eu\\\/et\\\/toode\\\/vibreeriv-peeniserongas-atom\\\/#breadcrumb\"},\"inLanguage\":\"et\",\"potentialAction\":[{\"@type\":\"ReadAction\",\"target\":[\"https:\\\/\\\/lustandlove.eu\\\/et\\\/toode\\\/vibreeriv-peeniserongas-atom\\\/\"]}]},{\"@type\":\"ImageObject\",\"inLanguage\":\"et\",\"@id\":\"https:\\\/\\\/lustandlove.eu\\\/et\\\/toode\\\/vibreeriv-peeniserongas-atom\\\/#primaryimage\",\"url\":\"https:\\\/\\\/lustandlove.eu\\\/wp-content\\\/uploads\\\/ATOM_front_side_2.jpg\",\"contentUrl\":\"https:\\\/\\\/lustandlove.eu\\\/wp-content\\\/uploads\\\/ATOM_front_side_2.jpg\",\"width\":1600,\"height\":1067},{\"@type\":\"BreadcrumbList\",\"@id\":\"https:\\\/\\\/lustandlove.eu\\\/et\\\/toode\\\/vibreeriv-peeniserongas-atom\\\/#breadcrumb\",\"itemListElement\":[{\"@type\":\"ListItem\",\"position\":1,\"name\":\"Lust and Love\",\"item\":\"https:\\\/\\\/lustandlove.eu\\\/et\\\/\"},{\"@type\":\"ListItem\",\"position\":2,\"name\":\"Pood\",\"item\":\"https:\\\/\\\/lustandlove.eu\\\/et\\\/pood\\\/\"},{\"@type\":\"ListItem\",\"position\":3,\"name\":\"Meestele\",\"item\":\"https:\\\/\\\/lustandlove.eu\\\/et\\\/pood\\\/meestele\\\/\"},{\"@type\":\"ListItem\",\"position\":4,\"name\":\"Peeniser\u00f5ngad\",\"item\":\"https:\\\/\\\/lustandlove.eu\\\/et\\\/pood\\\/meestele\\\/peeniserongad\\\/\"},{\"@type\":\"ListItem\",\"position\":5,\"name\":\"Vibreeriv Peeniser\u00f5ngas Atom\"}]},{\"@type\":\"WebSite\",\"@id\":\"https:\\\/\\\/lustandlove.eu\\\/et\\\/#website\",\"url\":\"https:\\\/\\\/lustandlove.eu\\\/et\\\/\",\"name\":\"Lust &amp; Love\",\"description\":\"Online erootikapood tervise, ilu ja armastuse jaoks\",\"publisher\":{\"@id\":\"https:\\\/\\\/lustandlove.eu\\\/et\\\/#organization\"},\"potentialAction\":[{\"@type\":\"SearchAction\",\"target\":{\"@type\":\"EntryPoint\",\"urlTemplate\":\"https:\\\/\\\/lustandlove.eu\\\/et\\\/?s={search_term_string}\"},\"query-input\":{\"@type\":\"PropertyValueSpecification\",\"valueRequired\":true,\"valueName\":\"search_term_string\"}}],\"inLanguage\":\"et\"},{\"@type\":\"Organization\",\"@id\":\"https:\\\/\\\/lustandlove.eu\\\/et\\\/#organization\",\"name\":\"Bioconcept Baltics O\u00dc\",\"url\":\"https:\\\/\\\/lustandlove.eu\\\/et\\\/\",\"logo\":{\"@type\":\"ImageObject\",\"inLanguage\":\"et\",\"@id\":\"https:\\\/\\\/lustandlove.eu\\\/et\\\/#\\\/schema\\\/logo\\\/image\\\/\",\"url\":\"\",\"contentUrl\":\"\",\"caption\":\"Bioconcept Baltics O\u00dc\"},\"image\":{\"@id\":\"https:\\\/\\\/lustandlove.eu\\\/et\\\/#\\\/schema\\\/logo\\\/image\\\/\"},\"sameAs\":[\"https:\\\/\\\/www.facebook.com\\\/LustandLoveEU\\\/\",\"https:\\\/\\\/www.instagram.com\\\/lustandloveeu\\\/\"]}]}<\/script>\n<!-- \/ Yoast SEO plugin. -->","yoast_head_json":{"title":"Vibreeriv Peeniser\u00f5ngas Atom | Lust and Love","description":"Mootoriga vibreeriv peeniser\u00f5ngas soolom\u00e4nguks ja partneriga kasutamiseks, ATOM seeria esindab uue ajastu peeniser\u00f5ngaid.\u00a0ATOM kombineerib endas innovatiivset disaini koos k\u00f5ige v\u00f5imsama mootoriga turul, et luua r\u00f5ngas, mis edastab m\u00fcrisevat stimulatsiooni \u00f5iges kohas.","robots":{"index,follow,max-snippet":"index,follow,max-snippet:-1,max-image-preview:large,max-video-preview:-1"},"canonical":"https:\/\/lustandlove.eu\/et\/toode\/vibreeriv-peeniserongas-atom\/","twitter_card":"summary_large_image","twitter_title":"Vibreeriv Peeniser\u00f5ngas Atom | Lust and Love","twitter_description":"Mootoriga vibreeriv peeniser\u00f5ngas soolom\u00e4nguks ja partneriga kasutamiseks, ATOM seeria esindab uue ajastu peeniser\u00f5ngaid.\u00a0ATOM kombineerib endas innovatiivset disaini koos k\u00f5ige v\u00f5imsama mootoriga turul, et luua r\u00f5ngas, mis edastab m\u00fcrisevat stimulatsiooni \u00f5iges kohas.","twitter_image":"https:\/\/lustandlove.eu\/wp-content\/uploads\/ATOM_front_side_2.jpg","twitter_misc":{"Est. reading time":"2 minutit"},"schema":{"@context":"https:\/\/schema.org","@graph":[{"@type":["WebPage","ItemPage"],"@id":"https:\/\/lustandlove.eu\/et\/toode\/vibreeriv-peeniserongas-atom\/","url":"https:\/\/lustandlove.eu\/et\/toode\/vibreeriv-peeniserongas-atom\/","name":"Vibreeriv Peeniser\u00f5ngas Atom | Lust and Love","isPartOf":{"@id":"https:\/\/lustandlove.eu\/et\/#website"},"primaryImageOfPage":{"@id":"https:\/\/lustandlove.eu\/et\/toode\/vibreeriv-peeniserongas-atom\/#primaryimage"},"image":{"@id":"https:\/\/lustandlove.eu\/et\/toode\/vibreeriv-peeniserongas-atom\/#primaryimage"},"thumbnailUrl":"https:\/\/lustandlove.eu\/wp-content\/uploads\/ATOM_front_side_2.jpg","datePublished":"2021-05-28T05:07:19+00:00","dateModified":"2026-04-13T07:43:21+00:00","description":"Mootoriga vibreeriv peeniser\u00f5ngas soolom\u00e4nguks ja partneriga kasutamiseks, ATOM seeria esindab uue ajastu peeniser\u00f5ngaid.\u00a0ATOM kombineerib endas innovatiivset disaini koos k\u00f5ige v\u00f5imsama mootoriga turul, et luua r\u00f5ngas, mis edastab m\u00fcrisevat stimulatsiooni \u00f5iges kohas.","breadcrumb":{"@id":"https:\/\/lustandlove.eu\/et\/toode\/vibreeriv-peeniserongas-atom\/#breadcrumb"},"inLanguage":"et","potentialAction":[{"@type":"ReadAction","target":["https:\/\/lustandlove.eu\/et\/toode\/vibreeriv-peeniserongas-atom\/"]}]},{"@type":"ImageObject","inLanguage":"et","@id":"https:\/\/lustandlove.eu\/et\/toode\/vibreeriv-peeniserongas-atom\/#primaryimage","url":"https:\/\/lustandlove.eu\/wp-content\/uploads\/ATOM_front_side_2.jpg","contentUrl":"https:\/\/lustandlove.eu\/wp-content\/uploads\/ATOM_front_side_2.jpg","width":1600,"height":1067},{"@type":"BreadcrumbList","@id":"https:\/\/lustandlove.eu\/et\/toode\/vibreeriv-peeniserongas-atom\/#breadcrumb","itemListElement":[{"@type":"ListItem","position":1,"name":"Lust and Love","item":"https:\/\/lustandlove.eu\/et\/"},{"@type":"ListItem","position":2,"name":"Pood","item":"https:\/\/lustandlove.eu\/et\/pood\/"},{"@type":"ListItem","position":3,"name":"Meestele","item":"https:\/\/lustandlove.eu\/et\/pood\/meestele\/"},{"@type":"ListItem","position":4,"name":"Peeniser\u00f5ngad","item":"https:\/\/lustandlove.eu\/et\/pood\/meestele\/peeniserongad\/"},{"@type":"ListItem","position":5,"name":"Vibreeriv Peeniser\u00f5ngas Atom"}]},{"@type":"WebSite","@id":"https:\/\/lustandlove.eu\/et\/#website","url":"https:\/\/lustandlove.eu\/et\/","name":"Lust &amp; Love","description":"Online erootikapood tervise, ilu ja armastuse jaoks","publisher":{"@id":"https:\/\/lustandlove.eu\/et\/#organization"},"potentialAction":[{"@type":"SearchAction","target":{"@type":"EntryPoint","urlTemplate":"https:\/\/lustandlove.eu\/et\/?s={search_term_string}"},"query-input":{"@type":"PropertyValueSpecification","valueRequired":true,"valueName":"search_term_string"}}],"inLanguage":"et"},{"@type":"Organization","@id":"https:\/\/lustandlove.eu\/et\/#organization","name":"Bioconcept Baltics O\u00dc","url":"https:\/\/lustandlove.eu\/et\/","logo":{"@type":"ImageObject","inLanguage":"et","@id":"https:\/\/lustandlove.eu\/et\/#\/schema\/logo\/image\/","url":"","contentUrl":"","caption":"Bioconcept Baltics O\u00dc"},"image":{"@id":"https:\/\/lustandlove.eu\/et\/#\/schema\/logo\/image\/"},"sameAs":["https:\/\/www.facebook.com\/LustandLoveEU\/","https:\/\/www.instagram.com\/lustandloveeu\/"]}]}},"_links":{"self":[{"href":"https:\/\/lustandlove.eu\/et\/wp-json\/wp\/v2\/product\/48478","targetHints":{"allow":["GET"]}}],"collection":[{"href":"https:\/\/lustandlove.eu\/et\/wp-json\/wp\/v2\/product"}],"about":[{"href":"https:\/\/lustandlove.eu\/et\/wp-json\/wp\/v2\/types\/product"}],"wp:featuredmedia":[{"embeddable":true,"href":"https:\/\/lustandlove.eu\/et\/wp-json\/wp\/v2\/media\/47486"}],"wp:attachment":[{"href":"https:\/\/lustandlove.eu\/et\/wp-json\/wp\/v2\/media?parent=48478"}],"wp:term":[{"taxonomy":"product_brand","embeddable":true,"href":"https:\/\/lustandlove.eu\/et\/wp-json\/wp\/v2\/product_brand?post=48478"},{"taxonomy":"product_cat","embeddable":true,"href":"https:\/\/lustandlove.eu\/et\/wp-json\/wp\/v2\/product_cat?post=48478"},{"taxonomy":"product_tag","embeddable":true,"href":"https:\/\/lustandlove.eu\/et\/wp-json\/wp\/v2\/product_tag?post=48478"}],"curies":[{"name":"wp","href":"https:\/\/api.w.org\/{rel}","templated":true}]}}