{"id":48479,"date":"2021-05-28T08:07:18","date_gmt":"2021-05-28T05:07:18","guid":{"rendered":"https:\/\/www.lustandlove.eu\/product\/kaed-vabad-mastrubaator-jett\/"},"modified":"2026-04-13T10:43:22","modified_gmt":"2026-04-13T07:43:22","slug":"kaed-vabad-mastrubaator-jett","status":"publish","type":"product","link":"https:\/\/lustandlove.eu\/et\/toode\/kaed-vabad-mastrubaator-jett\/","title":{"rendered":"K\u00e4ed-Vabad Mastrubaator Jett"},"content":{"rendered":"<p>Hot Octopussi\u00a0Jett kasutab patenteeritud Treble &amp; Bass tehnoloogiat. JETT on esimene juhtmega Guybrator \u2122, mis pakub laia valikut vibratsioonitugevusi ja -sagedusi, garanteerides intensiivsne k\u00e4ed-vabad orgasm.<\/p>\n<h3>Las JETT\u00a0tagab su erektsiooni k\u00e4ed-vabad meetodil.<\/h3>\n<p>JETT paigutatakse kohe peenise pea alla, ning kuna JETT on v\u00e4ga elastne, venib see erektsiooniga mugavalt.<\/p>\n<p>JETTi vibratsioonid tulevad kahest uudsest Treble &amp; Bass kuulikesest, millest\u00a0Treble v\u00e4ljastab v\u00f5imsaid k\u00f5rgsagedusega laineid ning\u00a0Bass\u00a0annab s\u00fcgavaid, m\u00fcrisevaid vibratsioone. Kaasasoleva puldi abil on v\u00f5imalik kuulikeste vibratsioonitasemeid muuta ning nautida samaaegselt k\u00f5rgeid ja madalaid sagedusi.<\/p>\n","protected":false},"excerpt":{"rendered":"<p>Jett on meeste vibreeriv Guybrator, mis asetatakse peenise pea alla, et stimuleerida peenist v\u00f5imsate vibratsioonidega.<\/p>\n","protected":false},"featured_media":47481,"template":"","meta":[],"product_brand":[4207],"product_cat":[4007,1480,1477],"product_tag":[1535,1526],"class_list":{"0":"post-48479","1":"product","2":"type-product","3":"status-publish","4":"has-post-thumbnail","6":"product_brand-hot-octopuss-et","7":"product_cat-automaatsed","8":"product_cat-masturbaatorid","9":"product_cat-meestele","10":"product_tag-massoor","11":"product_tag-masturbaator","12":"pa_brand-hot-octopuss-et","14":"first","15":"instock","16":"taxable","17":"shipping-taxable","18":"purchasable","19":"product-type-simple"},"yoast_head":"<!-- This site is optimized with the Yoast SEO plugin v27.3 - https:\/\/yoast.com\/product\/yoast-seo-wordpress\/ -->\n<title>Strong vibrations cock ring JETT<\/title>\n<meta name=\"robots\" content=\"index,follow,max-snippet:-1,max-image-preview:large,max-video-preview:-1\" \/>\n<link rel=\"canonical\" href=\"https:\/\/lustandlove.eu\/et\/toode\/kaed-vabad-mastrubaator-jett\/\" \/>\n<meta name=\"twitter:card\" content=\"summary_large_image\" \/>\n<meta name=\"twitter:title\" content=\"Strong vibrations cock ring JETT\" \/>\n<meta name=\"twitter:description\" content=\"Jett on meeste vibreeriv Guybrator, mis asetatakse peenise pea alla, et stimuleerida peenist v\u00f5imsate vibratsioonidega.\" \/>\n<meta name=\"twitter:image\" content=\"https:\/\/lustandlove.eu\/wp-content\/uploads\/hot-octopuss-guybratorjett-meeste-vibraator-02.jpeg\" \/>\n<script type=\"application\/ld+json\" class=\"yoast-schema-graph\">{\"@context\":\"https:\\\/\\\/schema.org\",\"@graph\":[{\"@type\":[\"WebPage\",\"ItemPage\"],\"@id\":\"https:\\\/\\\/lustandlove.eu\\\/et\\\/toode\\\/kaed-vabad-mastrubaator-jett\\\/\",\"url\":\"https:\\\/\\\/lustandlove.eu\\\/et\\\/toode\\\/kaed-vabad-mastrubaator-jett\\\/\",\"name\":\"Strong vibrations cock ring JETT\",\"isPartOf\":{\"@id\":\"https:\\\/\\\/lustandlove.eu\\\/et\\\/#website\"},\"primaryImageOfPage\":{\"@id\":\"https:\\\/\\\/lustandlove.eu\\\/et\\\/toode\\\/kaed-vabad-mastrubaator-jett\\\/#primaryimage\"},\"image\":{\"@id\":\"https:\\\/\\\/lustandlove.eu\\\/et\\\/toode\\\/kaed-vabad-mastrubaator-jett\\\/#primaryimage\"},\"thumbnailUrl\":\"https:\\\/\\\/lustandlove.eu\\\/wp-content\\\/uploads\\\/hot-octopuss-guybratorjett-meeste-vibraator-02.jpeg\",\"datePublished\":\"2021-05-28T05:07:18+00:00\",\"dateModified\":\"2026-04-13T07:43:22+00:00\",\"breadcrumb\":{\"@id\":\"https:\\\/\\\/lustandlove.eu\\\/et\\\/toode\\\/kaed-vabad-mastrubaator-jett\\\/#breadcrumb\"},\"inLanguage\":\"et\",\"potentialAction\":[{\"@type\":\"ReadAction\",\"target\":[\"https:\\\/\\\/lustandlove.eu\\\/et\\\/toode\\\/kaed-vabad-mastrubaator-jett\\\/\"]}]},{\"@type\":\"ImageObject\",\"inLanguage\":\"et\",\"@id\":\"https:\\\/\\\/lustandlove.eu\\\/et\\\/toode\\\/kaed-vabad-mastrubaator-jett\\\/#primaryimage\",\"url\":\"https:\\\/\\\/lustandlove.eu\\\/wp-content\\\/uploads\\\/hot-octopuss-guybratorjett-meeste-vibraator-02.jpeg\",\"contentUrl\":\"https:\\\/\\\/lustandlove.eu\\\/wp-content\\\/uploads\\\/hot-octopuss-guybratorjett-meeste-vibraator-02.jpeg\",\"width\":2048,\"height\":1365},{\"@type\":\"BreadcrumbList\",\"@id\":\"https:\\\/\\\/lustandlove.eu\\\/et\\\/toode\\\/kaed-vabad-mastrubaator-jett\\\/#breadcrumb\",\"itemListElement\":[{\"@type\":\"ListItem\",\"position\":1,\"name\":\"Lust and Love\",\"item\":\"https:\\\/\\\/lustandlove.eu\\\/et\\\/\"},{\"@type\":\"ListItem\",\"position\":2,\"name\":\"Pood\",\"item\":\"https:\\\/\\\/lustandlove.eu\\\/et\\\/pood\\\/\"},{\"@type\":\"ListItem\",\"position\":3,\"name\":\"Meestele\",\"item\":\"https:\\\/\\\/lustandlove.eu\\\/et\\\/pood\\\/meestele\\\/\"},{\"@type\":\"ListItem\",\"position\":4,\"name\":\"Masturbaatorid\",\"item\":\"https:\\\/\\\/lustandlove.eu\\\/et\\\/pood\\\/meestele\\\/masturbaatorid\\\/\"},{\"@type\":\"ListItem\",\"position\":5,\"name\":\"Automaatsed\",\"item\":\"https:\\\/\\\/lustandlove.eu\\\/et\\\/pood\\\/meestele\\\/masturbaatorid\\\/automaatsed\\\/\"},{\"@type\":\"ListItem\",\"position\":6,\"name\":\"K\u00e4ed-Vabad Mastrubaator Jett\"}]},{\"@type\":\"WebSite\",\"@id\":\"https:\\\/\\\/lustandlove.eu\\\/et\\\/#website\",\"url\":\"https:\\\/\\\/lustandlove.eu\\\/et\\\/\",\"name\":\"Lust &amp; Love\",\"description\":\"Online erootikapood tervise, ilu ja armastuse jaoks\",\"publisher\":{\"@id\":\"https:\\\/\\\/lustandlove.eu\\\/et\\\/#organization\"},\"potentialAction\":[{\"@type\":\"SearchAction\",\"target\":{\"@type\":\"EntryPoint\",\"urlTemplate\":\"https:\\\/\\\/lustandlove.eu\\\/et\\\/?s={search_term_string}\"},\"query-input\":{\"@type\":\"PropertyValueSpecification\",\"valueRequired\":true,\"valueName\":\"search_term_string\"}}],\"inLanguage\":\"et\"},{\"@type\":\"Organization\",\"@id\":\"https:\\\/\\\/lustandlove.eu\\\/et\\\/#organization\",\"name\":\"Bioconcept Baltics O\u00dc\",\"url\":\"https:\\\/\\\/lustandlove.eu\\\/et\\\/\",\"logo\":{\"@type\":\"ImageObject\",\"inLanguage\":\"et\",\"@id\":\"https:\\\/\\\/lustandlove.eu\\\/et\\\/#\\\/schema\\\/logo\\\/image\\\/\",\"url\":\"\",\"contentUrl\":\"\",\"caption\":\"Bioconcept Baltics O\u00dc\"},\"image\":{\"@id\":\"https:\\\/\\\/lustandlove.eu\\\/et\\\/#\\\/schema\\\/logo\\\/image\\\/\"},\"sameAs\":[\"https:\\\/\\\/www.facebook.com\\\/LustandLoveEU\\\/\",\"https:\\\/\\\/www.instagram.com\\\/lustandloveeu\\\/\"]}]}<\/script>\n<!-- \/ Yoast SEO plugin. -->","yoast_head_json":{"title":"Strong vibrations cock ring JETT","robots":{"index,follow,max-snippet":"index,follow,max-snippet:-1,max-image-preview:large,max-video-preview:-1"},"canonical":"https:\/\/lustandlove.eu\/et\/toode\/kaed-vabad-mastrubaator-jett\/","twitter_card":"summary_large_image","twitter_title":"Strong vibrations cock ring JETT","twitter_description":"Jett on meeste vibreeriv Guybrator, mis asetatakse peenise pea alla, et stimuleerida peenist v\u00f5imsate vibratsioonidega.","twitter_image":"https:\/\/lustandlove.eu\/wp-content\/uploads\/hot-octopuss-guybratorjett-meeste-vibraator-02.jpeg","schema":{"@context":"https:\/\/schema.org","@graph":[{"@type":["WebPage","ItemPage"],"@id":"https:\/\/lustandlove.eu\/et\/toode\/kaed-vabad-mastrubaator-jett\/","url":"https:\/\/lustandlove.eu\/et\/toode\/kaed-vabad-mastrubaator-jett\/","name":"Strong vibrations cock ring JETT","isPartOf":{"@id":"https:\/\/lustandlove.eu\/et\/#website"},"primaryImageOfPage":{"@id":"https:\/\/lustandlove.eu\/et\/toode\/kaed-vabad-mastrubaator-jett\/#primaryimage"},"image":{"@id":"https:\/\/lustandlove.eu\/et\/toode\/kaed-vabad-mastrubaator-jett\/#primaryimage"},"thumbnailUrl":"https:\/\/lustandlove.eu\/wp-content\/uploads\/hot-octopuss-guybratorjett-meeste-vibraator-02.jpeg","datePublished":"2021-05-28T05:07:18+00:00","dateModified":"2026-04-13T07:43:22+00:00","breadcrumb":{"@id":"https:\/\/lustandlove.eu\/et\/toode\/kaed-vabad-mastrubaator-jett\/#breadcrumb"},"inLanguage":"et","potentialAction":[{"@type":"ReadAction","target":["https:\/\/lustandlove.eu\/et\/toode\/kaed-vabad-mastrubaator-jett\/"]}]},{"@type":"ImageObject","inLanguage":"et","@id":"https:\/\/lustandlove.eu\/et\/toode\/kaed-vabad-mastrubaator-jett\/#primaryimage","url":"https:\/\/lustandlove.eu\/wp-content\/uploads\/hot-octopuss-guybratorjett-meeste-vibraator-02.jpeg","contentUrl":"https:\/\/lustandlove.eu\/wp-content\/uploads\/hot-octopuss-guybratorjett-meeste-vibraator-02.jpeg","width":2048,"height":1365},{"@type":"BreadcrumbList","@id":"https:\/\/lustandlove.eu\/et\/toode\/kaed-vabad-mastrubaator-jett\/#breadcrumb","itemListElement":[{"@type":"ListItem","position":1,"name":"Lust and Love","item":"https:\/\/lustandlove.eu\/et\/"},{"@type":"ListItem","position":2,"name":"Pood","item":"https:\/\/lustandlove.eu\/et\/pood\/"},{"@type":"ListItem","position":3,"name":"Meestele","item":"https:\/\/lustandlove.eu\/et\/pood\/meestele\/"},{"@type":"ListItem","position":4,"name":"Masturbaatorid","item":"https:\/\/lustandlove.eu\/et\/pood\/meestele\/masturbaatorid\/"},{"@type":"ListItem","position":5,"name":"Automaatsed","item":"https:\/\/lustandlove.eu\/et\/pood\/meestele\/masturbaatorid\/automaatsed\/"},{"@type":"ListItem","position":6,"name":"K\u00e4ed-Vabad Mastrubaator Jett"}]},{"@type":"WebSite","@id":"https:\/\/lustandlove.eu\/et\/#website","url":"https:\/\/lustandlove.eu\/et\/","name":"Lust &amp; Love","description":"Online erootikapood tervise, ilu ja armastuse jaoks","publisher":{"@id":"https:\/\/lustandlove.eu\/et\/#organization"},"potentialAction":[{"@type":"SearchAction","target":{"@type":"EntryPoint","urlTemplate":"https:\/\/lustandlove.eu\/et\/?s={search_term_string}"},"query-input":{"@type":"PropertyValueSpecification","valueRequired":true,"valueName":"search_term_string"}}],"inLanguage":"et"},{"@type":"Organization","@id":"https:\/\/lustandlove.eu\/et\/#organization","name":"Bioconcept Baltics O\u00dc","url":"https:\/\/lustandlove.eu\/et\/","logo":{"@type":"ImageObject","inLanguage":"et","@id":"https:\/\/lustandlove.eu\/et\/#\/schema\/logo\/image\/","url":"","contentUrl":"","caption":"Bioconcept Baltics O\u00dc"},"image":{"@id":"https:\/\/lustandlove.eu\/et\/#\/schema\/logo\/image\/"},"sameAs":["https:\/\/www.facebook.com\/LustandLoveEU\/","https:\/\/www.instagram.com\/lustandloveeu\/"]}]}},"_links":{"self":[{"href":"https:\/\/lustandlove.eu\/et\/wp-json\/wp\/v2\/product\/48479","targetHints":{"allow":["GET"]}}],"collection":[{"href":"https:\/\/lustandlove.eu\/et\/wp-json\/wp\/v2\/product"}],"about":[{"href":"https:\/\/lustandlove.eu\/et\/wp-json\/wp\/v2\/types\/product"}],"wp:featuredmedia":[{"embeddable":true,"href":"https:\/\/lustandlove.eu\/et\/wp-json\/wp\/v2\/media\/47481"}],"wp:attachment":[{"href":"https:\/\/lustandlove.eu\/et\/wp-json\/wp\/v2\/media?parent=48479"}],"wp:term":[{"taxonomy":"product_brand","embeddable":true,"href":"https:\/\/lustandlove.eu\/et\/wp-json\/wp\/v2\/product_brand?post=48479"},{"taxonomy":"product_cat","embeddable":true,"href":"https:\/\/lustandlove.eu\/et\/wp-json\/wp\/v2\/product_cat?post=48479"},{"taxonomy":"product_tag","embeddable":true,"href":"https:\/\/lustandlove.eu\/et\/wp-json\/wp\/v2\/product_tag?post=48479"}],"curies":[{"name":"wp","href":"https:\/\/api.w.org\/{rel}","templated":true}]}}