{"id":48481,"date":"2021-05-28T08:06:52","date_gmt":"2021-05-28T05:06:52","guid":{"rendered":"https:\/\/www.lustandlove.eu\/product\/pehme-nahast-piits\/"},"modified":"2026-04-13T10:43:24","modified_gmt":"2026-04-13T07:43:24","slug":"pehme-nahast-piits","status":"publish","type":"product","link":"https:\/\/lustandlove.eu\/et\/toode\/pehme-nahast-piits\/","title":{"rendered":"Pehme Nahast Piits"},"content":{"rendered":"<p>\u00c4ra lase end Kiotos piitsa pehmel nahal \u00e4ra petta, kuna iga l\u00f6\u00f6giga tunned selle m\u00f5nusat valu enda nahal. Piitsa k\u00e4epide ja 50 nahast riba on tehtud vastupidavast nahast, toodetud Euroopas.<\/p>\n","protected":false},"excerpt":{"rendered":"<p>\u00c4ra lase end Kiotos piitsa pehmel nahal \u00e4ra petta, kuna iga l\u00f6\u00f6giga tunned selle m\u00f5nusat valu enda nahal.<\/p>\n","protected":false},"featured_media":47474,"template":"","meta":[],"product_brand":[4218],"product_cat":[1470,1607],"product_tag":[1550,1585,3095],"class_list":{"0":"post-48481","1":"product","2":"type-product","3":"status-publish","4":"has-post-thumbnail","6":"product_brand-kiotos-et","7":"product_cat-bdsm-et","8":"product_cat-piitsad-ja-lapatsid","9":"product_tag-bdsm-et","10":"product_tag-piits","11":"product_tag-stc_bdsm-et","12":"pa_brand-kiotos-et","14":"first","15":"instock","16":"taxable","17":"shipping-taxable","18":"purchasable","19":"product-type-variable"},"yoast_head":"<!-- This site is optimized with the Yoast SEO plugin v27.3 - https:\/\/yoast.com\/product\/yoast-seo-wordpress\/ -->\n<title>Beautiful Soft Whip from Kiotos Leather | Lust and Love<\/title>\n<meta name=\"description\" content=\"\u00c4ra lase end Kiotos piitsa pehmel nahal \u00e4ra petta, kuna iga l\u00f6\u00f6giga tunned selle m\u00f5nusat valu enda nahal.\" \/>\n<meta name=\"robots\" content=\"index,follow,max-snippet:-1,max-image-preview:large,max-video-preview:-1\" \/>\n<link rel=\"canonical\" href=\"https:\/\/lustandlove.eu\/et\/toode\/pehme-nahast-piits\/\" \/>\n<meta name=\"twitter:card\" content=\"summary_large_image\" \/>\n<meta name=\"twitter:title\" content=\"Beautiful Soft Whip from Kiotos Leather | Lust and Love\" \/>\n<meta name=\"twitter:description\" content=\"\u00c4ra lase end Kiotos piitsa pehmel nahal \u00e4ra petta, kuna iga l\u00f6\u00f6giga tunned selle m\u00f5nusat valu enda nahal.\" \/>\n<meta name=\"twitter:image\" content=\"https:\/\/lustandlove.eu\/wp-content\/uploads\/Kiotos-Leather-Soft-Whip-Black.jpg\" \/>\n<script type=\"application\/ld+json\" class=\"yoast-schema-graph\">{\"@context\":\"https:\\\/\\\/schema.org\",\"@graph\":[{\"@type\":[\"WebPage\",\"ItemPage\"],\"@id\":\"https:\\\/\\\/lustandlove.eu\\\/et\\\/toode\\\/pehme-nahast-piits\\\/\",\"url\":\"https:\\\/\\\/lustandlove.eu\\\/et\\\/toode\\\/pehme-nahast-piits\\\/\",\"name\":\"Beautiful Soft Whip from Kiotos Leather | Lust and Love\",\"isPartOf\":{\"@id\":\"https:\\\/\\\/lustandlove.eu\\\/et\\\/#website\"},\"primaryImageOfPage\":{\"@id\":\"https:\\\/\\\/lustandlove.eu\\\/et\\\/toode\\\/pehme-nahast-piits\\\/#primaryimage\"},\"image\":{\"@id\":\"https:\\\/\\\/lustandlove.eu\\\/et\\\/toode\\\/pehme-nahast-piits\\\/#primaryimage\"},\"thumbnailUrl\":\"https:\\\/\\\/lustandlove.eu\\\/wp-content\\\/uploads\\\/Kiotos-Leather-Soft-Whip-Black.jpg\",\"datePublished\":\"2021-05-28T05:06:52+00:00\",\"dateModified\":\"2026-04-13T07:43:24+00:00\",\"description\":\"\u00c4ra lase end Kiotos piitsa pehmel nahal \u00e4ra petta, kuna iga l\u00f6\u00f6giga tunned selle m\u00f5nusat valu enda nahal.\",\"breadcrumb\":{\"@id\":\"https:\\\/\\\/lustandlove.eu\\\/et\\\/toode\\\/pehme-nahast-piits\\\/#breadcrumb\"},\"inLanguage\":\"et\",\"potentialAction\":[{\"@type\":\"ReadAction\",\"target\":[\"https:\\\/\\\/lustandlove.eu\\\/et\\\/toode\\\/pehme-nahast-piits\\\/\"]}]},{\"@type\":\"ImageObject\",\"inLanguage\":\"et\",\"@id\":\"https:\\\/\\\/lustandlove.eu\\\/et\\\/toode\\\/pehme-nahast-piits\\\/#primaryimage\",\"url\":\"https:\\\/\\\/lustandlove.eu\\\/wp-content\\\/uploads\\\/Kiotos-Leather-Soft-Whip-Black.jpg\",\"contentUrl\":\"https:\\\/\\\/lustandlove.eu\\\/wp-content\\\/uploads\\\/Kiotos-Leather-Soft-Whip-Black.jpg\",\"width\":525,\"height\":525},{\"@type\":\"BreadcrumbList\",\"@id\":\"https:\\\/\\\/lustandlove.eu\\\/et\\\/toode\\\/pehme-nahast-piits\\\/#breadcrumb\",\"itemListElement\":[{\"@type\":\"ListItem\",\"position\":1,\"name\":\"Lust and Love\",\"item\":\"https:\\\/\\\/lustandlove.eu\\\/et\\\/\"},{\"@type\":\"ListItem\",\"position\":2,\"name\":\"Pood\",\"item\":\"https:\\\/\\\/lustandlove.eu\\\/et\\\/pood\\\/\"},{\"@type\":\"ListItem\",\"position\":3,\"name\":\"BDSM\",\"item\":\"https:\\\/\\\/lustandlove.eu\\\/et\\\/pood\\\/bdsm-et\\\/\"},{\"@type\":\"ListItem\",\"position\":4,\"name\":\"Piitsad ja Lapatsid\",\"item\":\"https:\\\/\\\/lustandlove.eu\\\/et\\\/pood\\\/bdsm-et\\\/piitsad-ja-lapatsid\\\/\"},{\"@type\":\"ListItem\",\"position\":5,\"name\":\"Pehme Nahast Piits\"}]},{\"@type\":\"WebSite\",\"@id\":\"https:\\\/\\\/lustandlove.eu\\\/et\\\/#website\",\"url\":\"https:\\\/\\\/lustandlove.eu\\\/et\\\/\",\"name\":\"Lust &amp; Love\",\"description\":\"Online erootikapood tervise, ilu ja armastuse jaoks\",\"publisher\":{\"@id\":\"https:\\\/\\\/lustandlove.eu\\\/et\\\/#organization\"},\"potentialAction\":[{\"@type\":\"SearchAction\",\"target\":{\"@type\":\"EntryPoint\",\"urlTemplate\":\"https:\\\/\\\/lustandlove.eu\\\/et\\\/?s={search_term_string}\"},\"query-input\":{\"@type\":\"PropertyValueSpecification\",\"valueRequired\":true,\"valueName\":\"search_term_string\"}}],\"inLanguage\":\"et\"},{\"@type\":\"Organization\",\"@id\":\"https:\\\/\\\/lustandlove.eu\\\/et\\\/#organization\",\"name\":\"Bioconcept Baltics O\u00dc\",\"url\":\"https:\\\/\\\/lustandlove.eu\\\/et\\\/\",\"logo\":{\"@type\":\"ImageObject\",\"inLanguage\":\"et\",\"@id\":\"https:\\\/\\\/lustandlove.eu\\\/et\\\/#\\\/schema\\\/logo\\\/image\\\/\",\"url\":\"\",\"contentUrl\":\"\",\"caption\":\"Bioconcept Baltics O\u00dc\"},\"image\":{\"@id\":\"https:\\\/\\\/lustandlove.eu\\\/et\\\/#\\\/schema\\\/logo\\\/image\\\/\"},\"sameAs\":[\"https:\\\/\\\/www.facebook.com\\\/LustandLoveEU\\\/\",\"https:\\\/\\\/www.instagram.com\\\/lustandloveeu\\\/\"]}]}<\/script>\n<!-- \/ Yoast SEO plugin. -->","yoast_head_json":{"title":"Beautiful Soft Whip from Kiotos Leather | Lust and Love","description":"\u00c4ra lase end Kiotos piitsa pehmel nahal \u00e4ra petta, kuna iga l\u00f6\u00f6giga tunned selle m\u00f5nusat valu enda nahal.","robots":{"index,follow,max-snippet":"index,follow,max-snippet:-1,max-image-preview:large,max-video-preview:-1"},"canonical":"https:\/\/lustandlove.eu\/et\/toode\/pehme-nahast-piits\/","twitter_card":"summary_large_image","twitter_title":"Beautiful Soft Whip from Kiotos Leather | Lust and Love","twitter_description":"\u00c4ra lase end Kiotos piitsa pehmel nahal \u00e4ra petta, kuna iga l\u00f6\u00f6giga tunned selle m\u00f5nusat valu enda nahal.","twitter_image":"https:\/\/lustandlove.eu\/wp-content\/uploads\/Kiotos-Leather-Soft-Whip-Black.jpg","schema":{"@context":"https:\/\/schema.org","@graph":[{"@type":["WebPage","ItemPage"],"@id":"https:\/\/lustandlove.eu\/et\/toode\/pehme-nahast-piits\/","url":"https:\/\/lustandlove.eu\/et\/toode\/pehme-nahast-piits\/","name":"Beautiful Soft Whip from Kiotos Leather | Lust and Love","isPartOf":{"@id":"https:\/\/lustandlove.eu\/et\/#website"},"primaryImageOfPage":{"@id":"https:\/\/lustandlove.eu\/et\/toode\/pehme-nahast-piits\/#primaryimage"},"image":{"@id":"https:\/\/lustandlove.eu\/et\/toode\/pehme-nahast-piits\/#primaryimage"},"thumbnailUrl":"https:\/\/lustandlove.eu\/wp-content\/uploads\/Kiotos-Leather-Soft-Whip-Black.jpg","datePublished":"2021-05-28T05:06:52+00:00","dateModified":"2026-04-13T07:43:24+00:00","description":"\u00c4ra lase end Kiotos piitsa pehmel nahal \u00e4ra petta, kuna iga l\u00f6\u00f6giga tunned selle m\u00f5nusat valu enda nahal.","breadcrumb":{"@id":"https:\/\/lustandlove.eu\/et\/toode\/pehme-nahast-piits\/#breadcrumb"},"inLanguage":"et","potentialAction":[{"@type":"ReadAction","target":["https:\/\/lustandlove.eu\/et\/toode\/pehme-nahast-piits\/"]}]},{"@type":"ImageObject","inLanguage":"et","@id":"https:\/\/lustandlove.eu\/et\/toode\/pehme-nahast-piits\/#primaryimage","url":"https:\/\/lustandlove.eu\/wp-content\/uploads\/Kiotos-Leather-Soft-Whip-Black.jpg","contentUrl":"https:\/\/lustandlove.eu\/wp-content\/uploads\/Kiotos-Leather-Soft-Whip-Black.jpg","width":525,"height":525},{"@type":"BreadcrumbList","@id":"https:\/\/lustandlove.eu\/et\/toode\/pehme-nahast-piits\/#breadcrumb","itemListElement":[{"@type":"ListItem","position":1,"name":"Lust and Love","item":"https:\/\/lustandlove.eu\/et\/"},{"@type":"ListItem","position":2,"name":"Pood","item":"https:\/\/lustandlove.eu\/et\/pood\/"},{"@type":"ListItem","position":3,"name":"BDSM","item":"https:\/\/lustandlove.eu\/et\/pood\/bdsm-et\/"},{"@type":"ListItem","position":4,"name":"Piitsad ja Lapatsid","item":"https:\/\/lustandlove.eu\/et\/pood\/bdsm-et\/piitsad-ja-lapatsid\/"},{"@type":"ListItem","position":5,"name":"Pehme Nahast Piits"}]},{"@type":"WebSite","@id":"https:\/\/lustandlove.eu\/et\/#website","url":"https:\/\/lustandlove.eu\/et\/","name":"Lust &amp; Love","description":"Online erootikapood tervise, ilu ja armastuse jaoks","publisher":{"@id":"https:\/\/lustandlove.eu\/et\/#organization"},"potentialAction":[{"@type":"SearchAction","target":{"@type":"EntryPoint","urlTemplate":"https:\/\/lustandlove.eu\/et\/?s={search_term_string}"},"query-input":{"@type":"PropertyValueSpecification","valueRequired":true,"valueName":"search_term_string"}}],"inLanguage":"et"},{"@type":"Organization","@id":"https:\/\/lustandlove.eu\/et\/#organization","name":"Bioconcept Baltics O\u00dc","url":"https:\/\/lustandlove.eu\/et\/","logo":{"@type":"ImageObject","inLanguage":"et","@id":"https:\/\/lustandlove.eu\/et\/#\/schema\/logo\/image\/","url":"","contentUrl":"","caption":"Bioconcept Baltics O\u00dc"},"image":{"@id":"https:\/\/lustandlove.eu\/et\/#\/schema\/logo\/image\/"},"sameAs":["https:\/\/www.facebook.com\/LustandLoveEU\/","https:\/\/www.instagram.com\/lustandloveeu\/"]}]}},"_links":{"self":[{"href":"https:\/\/lustandlove.eu\/et\/wp-json\/wp\/v2\/product\/48481","targetHints":{"allow":["GET"]}}],"collection":[{"href":"https:\/\/lustandlove.eu\/et\/wp-json\/wp\/v2\/product"}],"about":[{"href":"https:\/\/lustandlove.eu\/et\/wp-json\/wp\/v2\/types\/product"}],"wp:featuredmedia":[{"embeddable":true,"href":"https:\/\/lustandlove.eu\/et\/wp-json\/wp\/v2\/media\/47474"}],"wp:attachment":[{"href":"https:\/\/lustandlove.eu\/et\/wp-json\/wp\/v2\/media?parent=48481"}],"wp:term":[{"taxonomy":"product_brand","embeddable":true,"href":"https:\/\/lustandlove.eu\/et\/wp-json\/wp\/v2\/product_brand?post=48481"},{"taxonomy":"product_cat","embeddable":true,"href":"https:\/\/lustandlove.eu\/et\/wp-json\/wp\/v2\/product_cat?post=48481"},{"taxonomy":"product_tag","embeddable":true,"href":"https:\/\/lustandlove.eu\/et\/wp-json\/wp\/v2\/product_tag?post=48481"}],"curies":[{"name":"wp","href":"https:\/\/api.w.org\/{rel}","templated":true}]}}