{"id":48484,"date":"2021-05-28T08:06:52","date_gmt":"2021-05-28T05:06:52","guid":{"rendered":"https:\/\/www.lustandlove.eu\/product\/nahast-brutal-love-piits\/"},"modified":"2026-04-13T10:43:23","modified_gmt":"2026-04-13T07:43:23","slug":"nahast-brutal-love-piits","status":"publish","type":"product","link":"https:\/\/lustandlove.eu\/et\/toode\/nahast-brutal-love-piits\/","title":{"rendered":"Nahast Brutal Love Piits"},"content":{"rendered":"<div class=\"wpb-content-wrapper\"><p>[vc_row][vc_column][vc_column_text woodmart_inline=&#8221;no&#8221; text_larger=&#8221;no&#8221;]Kiotos Brutal Love on kauni disainiga, 36. nahast l\u00f5nga ja alumiiniumist k\u00e4epidega mugav piits. Valmistatud Euroopas, kvaliteetne. Kogupikkus on 50 cm ja l\u00e4bim\u00f5\u00f5t on 3 cm.[\/vc_column_text][\/vc_column][\/vc_row]<\/p>\n<\/div>","protected":false},"excerpt":{"rendered":"<p>Perfektne BDSM m\u00e4ngudeks.<\/p>\n","protected":false},"featured_media":47473,"template":"","meta":[],"product_brand":[4218],"product_cat":[1470,1607],"product_tag":[1550,1585],"class_list":{"0":"post-48484","1":"product","2":"type-product","3":"status-publish","4":"has-post-thumbnail","6":"product_brand-kiotos-et","7":"product_cat-bdsm-et","8":"product_cat-piitsad-ja-lapatsid","9":"product_tag-bdsm-et","10":"product_tag-piits","11":"pa_brand-kiotos-et","13":"first","14":"outofstock","15":"taxable","16":"shipping-taxable","17":"purchasable","18":"product-type-simple"},"yoast_head":"<!-- This site is optimized with the Yoast SEO plugin v27.3 - https:\/\/yoast.com\/product\/yoast-seo-wordpress\/ -->\n<title>&quot;Love Whip&quot; from Kiotos Leather | Lust and Love Adult Shop<\/title>\n<meta name=\"description\" content=\"Kiotos Brutal Love on kauni disainiga, 36. nahast l\u00f5nga ja alumiiniumist k\u00e4epidega mugav piits. Valmistatud Euroopas, kvaliteetne. Kogupikkus on 50 cm ja l\u00e4bim\u00f5\u00f5t on 3 cm.\" \/>\n<meta name=\"robots\" content=\"index,follow,max-snippet:-1,max-image-preview:large,max-video-preview:-1\" \/>\n<link rel=\"canonical\" href=\"https:\/\/lustandlove.eu\/et\/toode\/nahast-brutal-love-piits\/\" \/>\n<meta name=\"twitter:card\" content=\"summary_large_image\" \/>\n<meta name=\"twitter:title\" content=\"&quot;Love Whip&quot; from Kiotos Leather | Lust and Love Adult Shop\" \/>\n<meta name=\"twitter:description\" content=\"Kiotos Brutal Love on kauni disainiga, 36. nahast l\u00f5nga ja alumiiniumist k\u00e4epidega mugav piits. Valmistatud Euroopas, kvaliteetne. Kogupikkus on 50 cm ja l\u00e4bim\u00f5\u00f5t on 3 cm.\" \/>\n<meta name=\"twitter:image\" content=\"https:\/\/lustandlove.eu\/wp-content\/uploads\/Kiotos-Leather-Brutal-Love-Whip.jpg\" \/>\n<meta name=\"twitter:label1\" content=\"Est. reading time\" \/>\n\t<meta name=\"twitter:data1\" content=\"1 minut\" \/>\n<script type=\"application\/ld+json\" class=\"yoast-schema-graph\">{\"@context\":\"https:\\\/\\\/schema.org\",\"@graph\":[{\"@type\":[\"WebPage\",\"ItemPage\"],\"@id\":\"https:\\\/\\\/lustandlove.eu\\\/et\\\/toode\\\/nahast-brutal-love-piits\\\/\",\"url\":\"https:\\\/\\\/lustandlove.eu\\\/et\\\/toode\\\/nahast-brutal-love-piits\\\/\",\"name\":\"\\\"Love Whip\\\" from Kiotos Leather | Lust and Love Adult Shop\",\"isPartOf\":{\"@id\":\"https:\\\/\\\/lustandlove.eu\\\/et\\\/#website\"},\"primaryImageOfPage\":{\"@id\":\"https:\\\/\\\/lustandlove.eu\\\/et\\\/toode\\\/nahast-brutal-love-piits\\\/#primaryimage\"},\"image\":{\"@id\":\"https:\\\/\\\/lustandlove.eu\\\/et\\\/toode\\\/nahast-brutal-love-piits\\\/#primaryimage\"},\"thumbnailUrl\":\"https:\\\/\\\/lustandlove.eu\\\/wp-content\\\/uploads\\\/Kiotos-Leather-Brutal-Love-Whip.jpg\",\"datePublished\":\"2021-05-28T05:06:52+00:00\",\"dateModified\":\"2026-04-13T07:43:23+00:00\",\"description\":\"Kiotos Brutal Love on kauni disainiga, 36. nahast l\u00f5nga ja alumiiniumist k\u00e4epidega mugav piits. Valmistatud Euroopas, kvaliteetne. Kogupikkus on 50 cm ja l\u00e4bim\u00f5\u00f5t on 3 cm.\",\"breadcrumb\":{\"@id\":\"https:\\\/\\\/lustandlove.eu\\\/et\\\/toode\\\/nahast-brutal-love-piits\\\/#breadcrumb\"},\"inLanguage\":\"et\",\"potentialAction\":[{\"@type\":\"ReadAction\",\"target\":[\"https:\\\/\\\/lustandlove.eu\\\/et\\\/toode\\\/nahast-brutal-love-piits\\\/\"]}]},{\"@type\":\"ImageObject\",\"inLanguage\":\"et\",\"@id\":\"https:\\\/\\\/lustandlove.eu\\\/et\\\/toode\\\/nahast-brutal-love-piits\\\/#primaryimage\",\"url\":\"https:\\\/\\\/lustandlove.eu\\\/wp-content\\\/uploads\\\/Kiotos-Leather-Brutal-Love-Whip.jpg\",\"contentUrl\":\"https:\\\/\\\/lustandlove.eu\\\/wp-content\\\/uploads\\\/Kiotos-Leather-Brutal-Love-Whip.jpg\",\"width\":280,\"height\":280},{\"@type\":\"BreadcrumbList\",\"@id\":\"https:\\\/\\\/lustandlove.eu\\\/et\\\/toode\\\/nahast-brutal-love-piits\\\/#breadcrumb\",\"itemListElement\":[{\"@type\":\"ListItem\",\"position\":1,\"name\":\"Lust and Love\",\"item\":\"https:\\\/\\\/lustandlove.eu\\\/et\\\/\"},{\"@type\":\"ListItem\",\"position\":2,\"name\":\"Pood\",\"item\":\"https:\\\/\\\/lustandlove.eu\\\/et\\\/pood\\\/\"},{\"@type\":\"ListItem\",\"position\":3,\"name\":\"BDSM\",\"item\":\"https:\\\/\\\/lustandlove.eu\\\/et\\\/pood\\\/bdsm-et\\\/\"},{\"@type\":\"ListItem\",\"position\":4,\"name\":\"Piitsad ja Lapatsid\",\"item\":\"https:\\\/\\\/lustandlove.eu\\\/et\\\/pood\\\/bdsm-et\\\/piitsad-ja-lapatsid\\\/\"},{\"@type\":\"ListItem\",\"position\":5,\"name\":\"Nahast Brutal Love Piits\"}]},{\"@type\":\"WebSite\",\"@id\":\"https:\\\/\\\/lustandlove.eu\\\/et\\\/#website\",\"url\":\"https:\\\/\\\/lustandlove.eu\\\/et\\\/\",\"name\":\"Lust &amp; Love\",\"description\":\"Online erootikapood tervise, ilu ja armastuse jaoks\",\"publisher\":{\"@id\":\"https:\\\/\\\/lustandlove.eu\\\/et\\\/#organization\"},\"potentialAction\":[{\"@type\":\"SearchAction\",\"target\":{\"@type\":\"EntryPoint\",\"urlTemplate\":\"https:\\\/\\\/lustandlove.eu\\\/et\\\/?s={search_term_string}\"},\"query-input\":{\"@type\":\"PropertyValueSpecification\",\"valueRequired\":true,\"valueName\":\"search_term_string\"}}],\"inLanguage\":\"et\"},{\"@type\":\"Organization\",\"@id\":\"https:\\\/\\\/lustandlove.eu\\\/et\\\/#organization\",\"name\":\"Bioconcept Baltics O\u00dc\",\"url\":\"https:\\\/\\\/lustandlove.eu\\\/et\\\/\",\"logo\":{\"@type\":\"ImageObject\",\"inLanguage\":\"et\",\"@id\":\"https:\\\/\\\/lustandlove.eu\\\/et\\\/#\\\/schema\\\/logo\\\/image\\\/\",\"url\":\"\",\"contentUrl\":\"\",\"caption\":\"Bioconcept Baltics O\u00dc\"},\"image\":{\"@id\":\"https:\\\/\\\/lustandlove.eu\\\/et\\\/#\\\/schema\\\/logo\\\/image\\\/\"},\"sameAs\":[\"https:\\\/\\\/www.facebook.com\\\/LustandLoveEU\\\/\",\"https:\\\/\\\/www.instagram.com\\\/lustandloveeu\\\/\"]}]}<\/script>\n<!-- \/ Yoast SEO plugin. -->","yoast_head_json":{"title":"\"Love Whip\" from Kiotos Leather | Lust and Love Adult Shop","description":"Kiotos Brutal Love on kauni disainiga, 36. nahast l\u00f5nga ja alumiiniumist k\u00e4epidega mugav piits. Valmistatud Euroopas, kvaliteetne. Kogupikkus on 50 cm ja l\u00e4bim\u00f5\u00f5t on 3 cm.","robots":{"index,follow,max-snippet":"index,follow,max-snippet:-1,max-image-preview:large,max-video-preview:-1"},"canonical":"https:\/\/lustandlove.eu\/et\/toode\/nahast-brutal-love-piits\/","twitter_card":"summary_large_image","twitter_title":"\"Love Whip\" from Kiotos Leather | Lust and Love Adult Shop","twitter_description":"Kiotos Brutal Love on kauni disainiga, 36. nahast l\u00f5nga ja alumiiniumist k\u00e4epidega mugav piits. Valmistatud Euroopas, kvaliteetne. Kogupikkus on 50 cm ja l\u00e4bim\u00f5\u00f5t on 3 cm.","twitter_image":"https:\/\/lustandlove.eu\/wp-content\/uploads\/Kiotos-Leather-Brutal-Love-Whip.jpg","twitter_misc":{"Est. reading time":"1 minut"},"schema":{"@context":"https:\/\/schema.org","@graph":[{"@type":["WebPage","ItemPage"],"@id":"https:\/\/lustandlove.eu\/et\/toode\/nahast-brutal-love-piits\/","url":"https:\/\/lustandlove.eu\/et\/toode\/nahast-brutal-love-piits\/","name":"\"Love Whip\" from Kiotos Leather | Lust and Love Adult Shop","isPartOf":{"@id":"https:\/\/lustandlove.eu\/et\/#website"},"primaryImageOfPage":{"@id":"https:\/\/lustandlove.eu\/et\/toode\/nahast-brutal-love-piits\/#primaryimage"},"image":{"@id":"https:\/\/lustandlove.eu\/et\/toode\/nahast-brutal-love-piits\/#primaryimage"},"thumbnailUrl":"https:\/\/lustandlove.eu\/wp-content\/uploads\/Kiotos-Leather-Brutal-Love-Whip.jpg","datePublished":"2021-05-28T05:06:52+00:00","dateModified":"2026-04-13T07:43:23+00:00","description":"Kiotos Brutal Love on kauni disainiga, 36. nahast l\u00f5nga ja alumiiniumist k\u00e4epidega mugav piits. Valmistatud Euroopas, kvaliteetne. Kogupikkus on 50 cm ja l\u00e4bim\u00f5\u00f5t on 3 cm.","breadcrumb":{"@id":"https:\/\/lustandlove.eu\/et\/toode\/nahast-brutal-love-piits\/#breadcrumb"},"inLanguage":"et","potentialAction":[{"@type":"ReadAction","target":["https:\/\/lustandlove.eu\/et\/toode\/nahast-brutal-love-piits\/"]}]},{"@type":"ImageObject","inLanguage":"et","@id":"https:\/\/lustandlove.eu\/et\/toode\/nahast-brutal-love-piits\/#primaryimage","url":"https:\/\/lustandlove.eu\/wp-content\/uploads\/Kiotos-Leather-Brutal-Love-Whip.jpg","contentUrl":"https:\/\/lustandlove.eu\/wp-content\/uploads\/Kiotos-Leather-Brutal-Love-Whip.jpg","width":280,"height":280},{"@type":"BreadcrumbList","@id":"https:\/\/lustandlove.eu\/et\/toode\/nahast-brutal-love-piits\/#breadcrumb","itemListElement":[{"@type":"ListItem","position":1,"name":"Lust and Love","item":"https:\/\/lustandlove.eu\/et\/"},{"@type":"ListItem","position":2,"name":"Pood","item":"https:\/\/lustandlove.eu\/et\/pood\/"},{"@type":"ListItem","position":3,"name":"BDSM","item":"https:\/\/lustandlove.eu\/et\/pood\/bdsm-et\/"},{"@type":"ListItem","position":4,"name":"Piitsad ja Lapatsid","item":"https:\/\/lustandlove.eu\/et\/pood\/bdsm-et\/piitsad-ja-lapatsid\/"},{"@type":"ListItem","position":5,"name":"Nahast Brutal Love Piits"}]},{"@type":"WebSite","@id":"https:\/\/lustandlove.eu\/et\/#website","url":"https:\/\/lustandlove.eu\/et\/","name":"Lust &amp; Love","description":"Online erootikapood tervise, ilu ja armastuse jaoks","publisher":{"@id":"https:\/\/lustandlove.eu\/et\/#organization"},"potentialAction":[{"@type":"SearchAction","target":{"@type":"EntryPoint","urlTemplate":"https:\/\/lustandlove.eu\/et\/?s={search_term_string}"},"query-input":{"@type":"PropertyValueSpecification","valueRequired":true,"valueName":"search_term_string"}}],"inLanguage":"et"},{"@type":"Organization","@id":"https:\/\/lustandlove.eu\/et\/#organization","name":"Bioconcept Baltics O\u00dc","url":"https:\/\/lustandlove.eu\/et\/","logo":{"@type":"ImageObject","inLanguage":"et","@id":"https:\/\/lustandlove.eu\/et\/#\/schema\/logo\/image\/","url":"","contentUrl":"","caption":"Bioconcept Baltics O\u00dc"},"image":{"@id":"https:\/\/lustandlove.eu\/et\/#\/schema\/logo\/image\/"},"sameAs":["https:\/\/www.facebook.com\/LustandLoveEU\/","https:\/\/www.instagram.com\/lustandloveeu\/"]}]}},"_links":{"self":[{"href":"https:\/\/lustandlove.eu\/et\/wp-json\/wp\/v2\/product\/48484","targetHints":{"allow":["GET"]}}],"collection":[{"href":"https:\/\/lustandlove.eu\/et\/wp-json\/wp\/v2\/product"}],"about":[{"href":"https:\/\/lustandlove.eu\/et\/wp-json\/wp\/v2\/types\/product"}],"wp:featuredmedia":[{"embeddable":true,"href":"https:\/\/lustandlove.eu\/et\/wp-json\/wp\/v2\/media\/47473"}],"wp:attachment":[{"href":"https:\/\/lustandlove.eu\/et\/wp-json\/wp\/v2\/media?parent=48484"}],"wp:term":[{"taxonomy":"product_brand","embeddable":true,"href":"https:\/\/lustandlove.eu\/et\/wp-json\/wp\/v2\/product_brand?post=48484"},{"taxonomy":"product_cat","embeddable":true,"href":"https:\/\/lustandlove.eu\/et\/wp-json\/wp\/v2\/product_cat?post=48484"},{"taxonomy":"product_tag","embeddable":true,"href":"https:\/\/lustandlove.eu\/et\/wp-json\/wp\/v2\/product_tag?post=48484"}],"curies":[{"name":"wp","href":"https:\/\/api.w.org\/{rel}","templated":true}]}}