{"id":48485,"date":"2021-05-28T08:06:51","date_gmt":"2021-05-28T05:06:51","guid":{"rendered":"https:\/\/www.lustandlove.eu\/product\/vibreeriv-peeniserongas-atom-plus\/"},"modified":"2026-04-13T10:43:25","modified_gmt":"2026-04-13T07:43:25","slug":"vibreeriv-peeniserongas-atom-plus","status":"publish","type":"product","link":"https:\/\/lustandlove.eu\/et\/toode\/vibreeriv-peeniserongas-atom-plus\/","title":{"rendered":"Vibreeriv Peeniser\u00f5ngas Atom Plus"},"content":{"rendered":"<p>Vibreeriv peeniser\u00f5ngas lahkliha stimulatsiooniga on m\u00f5eldud kasutamiseks \u00fcksi v\u00f5i koos partneriga. ATOM PLUS kombineerib innovatiivse disaini k\u00f5ige v\u00f5imsamate mootoritega turul, et luua s\u00fcgavad ja m\u00fcrisevad stimulatsioonid nii sinule kui su partnerile.<\/p>\n<h3>J\u00f5ud ja innovatsioon vibreerivates peeniser\u00f5ngastes.<\/h3>\n<p>ATOM PLUS on maailma k\u00f5ige esimene peeniser\u00f5ngas, millel on kaks integreeritud mootorit. V\u00f5imaldab intensiivset stimulatsiooni ja v\u00f5imsat vibreerimist.<\/p>\n<p>ATOM PLUS on ergonoomiliselt disainitud, et pakkuda tugevat erektsiooni ja intensiivset orgasmi.<\/p>\n<h3>Ideaalne intensiivseks soolosessiooniks \u2013 ATOM PLUS<\/h3>\n<p>See unikaalne sensatsioon, mida lahkliha stimulatsioon loob masturbeerimise ajal viib tugevamate ja intensiivsemate orgasmideni.<\/p>\n<p>Kui kasutada ATOM PLUSi koos k\u00e4ed-vaba Guybratoriga, nagu n\u00e4iteks Pulse III, katavad intensiivsed vibratsioonid kogu peenise ja kubeme ala, luues t\u00e4iesti uue sensatsiooni.<\/p>\n<h3>Maailma esimene kahe mootoriga vibreeriv peeniser\u00f5ngas<\/h3>\n<p>Senini pole eksisteerinud tehnoloogiat, mis lubaks juhtmeid vedada l\u00e4bi toote, mis on m\u00f5eldud venima. Peeniser\u00f5ngad, mis on \u00fcritanud lahkliha sihtida, pidid kasutama eraldi vibreerivaid kuulikesi, mis ei pruugi piisavalt v\u00f5imsad olla.<\/p>\n<p>ATOM PLUS kasutab patenteeritud tehnoloogilist lahendust.<\/p>\n<h3>Vibreeriva peeniser\u00f5nga kasutamine<\/h3>\n<p>ATOM PLUS libistatakse \u00fcle peenise ning munandite, et tagada lahkliha stimulatsioon. Lelu on veniv ja painduv, t\u00e4nu millele on seda lihtne peale panna ning eemaldada. ATOM PLUS sobib enamus peenistega ja suurustega.<\/p>\n<p>Kasutades ATOM PLUSi koos partneriga penetratiivse seksi ajal, satuvad s\u00fcgavad ja v\u00f5imsad vibratsioonid k\u00f5ikidesse \u00f5igetesse kohtadesse.<\/p>\n","protected":false},"excerpt":{"rendered":"<p>Vibreeriv peeniser\u00f5ngas lahkliha stimulatsiooniga on m\u00f5eldud kasutamiseks \u00fcksi v\u00f5i koos partneriga.\u00a0ATOM PLUS kombineerib innovatiivse disaini k\u00f5ige v\u00f5imsamate mootoritega turul, et luua s\u00fcgavad ja m\u00fcrisevad stimulatsioonid nii sinule kui su partnerile.<\/p>\n","protected":false},"featured_media":47489,"template":"","meta":[],"product_brand":[4207],"product_cat":[1477,1478],"product_tag":[1535,1526],"class_list":{"0":"post-48485","1":"product","2":"type-product","3":"status-publish","4":"has-post-thumbnail","6":"product_brand-hot-octopuss-et","7":"product_cat-meestele","8":"product_cat-peeniserongad","9":"product_tag-massoor","10":"product_tag-masturbaator","11":"pa_brand-hot-octopuss-et","13":"first","14":"instock","15":"taxable","16":"shipping-taxable","17":"purchasable","18":"product-type-simple"},"yoast_head":"<!-- This site is optimized with the Yoast SEO plugin v27.4 - https:\/\/yoast.com\/product\/yoast-seo-wordpress\/ -->\n<title>Vibreeriv Peeniser\u00f5ngas Atom Plus Lust and Love<\/title>\n<meta name=\"description\" content=\"Vibreeriv peeniser\u00f5ngas lahkliha stimulatsiooniga on m\u00f5eldud kasutamiseks \u00fcksi v\u00f5i koos partneriga. ATOM PLUS kombineerib innovatiivse disaini k\u00f5ige v\u00f5imsamate mootoritega turul, et luua s\u00fcgavad ja m\u00fcrisevad stimulatsioonid nii sinule kui su partnerile.\" \/>\n<meta name=\"robots\" content=\"index,follow,max-snippet:-1,max-image-preview:large,max-video-preview:-1\" \/>\n<link rel=\"canonical\" href=\"https:\/\/lustandlove.eu\/et\/toode\/vibreeriv-peeniserongas-atom-plus\/\" \/>\n<script type=\"application\/ld+json\" class=\"yoast-schema-graph\">{\"@context\":\"https:\\\/\\\/schema.org\",\"@graph\":[{\"@type\":[\"WebPage\",\"ItemPage\"],\"@id\":\"https:\\\/\\\/lustandlove.eu\\\/et\\\/toode\\\/vibreeriv-peeniserongas-atom-plus\\\/\",\"url\":\"https:\\\/\\\/lustandlove.eu\\\/et\\\/toode\\\/vibreeriv-peeniserongas-atom-plus\\\/\",\"name\":\"Vibreeriv Peeniser\u00f5ngas Atom Plus Lust and Love\",\"isPartOf\":{\"@id\":\"https:\\\/\\\/lustandlove.eu\\\/et\\\/#website\"},\"primaryImageOfPage\":{\"@id\":\"https:\\\/\\\/lustandlove.eu\\\/et\\\/toode\\\/vibreeriv-peeniserongas-atom-plus\\\/#primaryimage\"},\"image\":{\"@id\":\"https:\\\/\\\/lustandlove.eu\\\/et\\\/toode\\\/vibreeriv-peeniserongas-atom-plus\\\/#primaryimage\"},\"thumbnailUrl\":\"https:\\\/\\\/lustandlove.eu\\\/wp-content\\\/uploads\\\/atom-plus_hand.jpg\",\"datePublished\":\"2021-05-28T05:06:51+00:00\",\"dateModified\":\"2026-04-13T07:43:25+00:00\",\"description\":\"Vibreeriv peeniser\u00f5ngas lahkliha stimulatsiooniga on m\u00f5eldud kasutamiseks \u00fcksi v\u00f5i koos partneriga. ATOM PLUS kombineerib innovatiivse disaini k\u00f5ige v\u00f5imsamate mootoritega turul, et luua s\u00fcgavad ja m\u00fcrisevad stimulatsioonid nii sinule kui su partnerile.\",\"breadcrumb\":{\"@id\":\"https:\\\/\\\/lustandlove.eu\\\/et\\\/toode\\\/vibreeriv-peeniserongas-atom-plus\\\/#breadcrumb\"},\"inLanguage\":\"et\",\"potentialAction\":[{\"@type\":\"ReadAction\",\"target\":[\"https:\\\/\\\/lustandlove.eu\\\/et\\\/toode\\\/vibreeriv-peeniserongas-atom-plus\\\/\"]}]},{\"@type\":\"ImageObject\",\"inLanguage\":\"et\",\"@id\":\"https:\\\/\\\/lustandlove.eu\\\/et\\\/toode\\\/vibreeriv-peeniserongas-atom-plus\\\/#primaryimage\",\"url\":\"https:\\\/\\\/lustandlove.eu\\\/wp-content\\\/uploads\\\/atom-plus_hand.jpg\",\"contentUrl\":\"https:\\\/\\\/lustandlove.eu\\\/wp-content\\\/uploads\\\/atom-plus_hand.jpg\",\"width\":1200,\"height\":1200},{\"@type\":\"BreadcrumbList\",\"@id\":\"https:\\\/\\\/lustandlove.eu\\\/et\\\/toode\\\/vibreeriv-peeniserongas-atom-plus\\\/#breadcrumb\",\"itemListElement\":[{\"@type\":\"ListItem\",\"position\":1,\"name\":\"Lust and Love\",\"item\":\"https:\\\/\\\/lustandlove.eu\\\/et\\\/\"},{\"@type\":\"ListItem\",\"position\":2,\"name\":\"Pood\",\"item\":\"https:\\\/\\\/lustandlove.eu\\\/et\\\/pood\\\/\"},{\"@type\":\"ListItem\",\"position\":3,\"name\":\"Meestele\",\"item\":\"https:\\\/\\\/lustandlove.eu\\\/et\\\/pood\\\/meestele\\\/\"},{\"@type\":\"ListItem\",\"position\":4,\"name\":\"Peeniser\u00f5ngad\",\"item\":\"https:\\\/\\\/lustandlove.eu\\\/et\\\/pood\\\/meestele\\\/peeniserongad\\\/\"},{\"@type\":\"ListItem\",\"position\":5,\"name\":\"Vibreeriv Peeniser\u00f5ngas Atom Plus\"}]},{\"@type\":\"WebSite\",\"@id\":\"https:\\\/\\\/lustandlove.eu\\\/et\\\/#website\",\"url\":\"https:\\\/\\\/lustandlove.eu\\\/et\\\/\",\"name\":\"Lust & Love\",\"description\":\"Online erootikapood tervise, ilu ja armastuse jaoks\",\"publisher\":{\"@id\":\"https:\\\/\\\/lustandlove.eu\\\/et\\\/#organization\"},\"potentialAction\":[{\"@type\":\"SearchAction\",\"target\":{\"@type\":\"EntryPoint\",\"urlTemplate\":\"https:\\\/\\\/lustandlove.eu\\\/et\\\/?s={search_term_string}\"},\"query-input\":{\"@type\":\"PropertyValueSpecification\",\"valueRequired\":true,\"valueName\":\"search_term_string\"}}],\"inLanguage\":\"et\"},{\"@type\":\"Organization\",\"@id\":\"https:\\\/\\\/lustandlove.eu\\\/et\\\/#organization\",\"name\":\"Bioconcept Baltics O\u00dc\",\"url\":\"https:\\\/\\\/lustandlove.eu\\\/et\\\/\",\"logo\":{\"@type\":\"ImageObject\",\"inLanguage\":\"et\",\"@id\":\"https:\\\/\\\/lustandlove.eu\\\/et\\\/#\\\/schema\\\/logo\\\/image\\\/\",\"url\":\"https:\\\/\\\/lustandlove.eu\\\/wp-content\\\/uploads\\\/logo-full-2.png\",\"contentUrl\":\"https:\\\/\\\/lustandlove.eu\\\/wp-content\\\/uploads\\\/logo-full-2.png\",\"width\":837,\"height\":200,\"caption\":\"Bioconcept Baltics O\u00dc\"},\"image\":{\"@id\":\"https:\\\/\\\/lustandlove.eu\\\/et\\\/#\\\/schema\\\/logo\\\/image\\\/\"},\"sameAs\":[\"https:\\\/\\\/www.facebook.com\\\/LustandLoveEU\\\/\",\"https:\\\/\\\/www.instagram.com\\\/lustandloveeu\\\/\"]}]}<\/script>\n<!-- \/ Yoast SEO plugin. -->","yoast_head_json":{"title":"Vibreeriv Peeniser\u00f5ngas Atom Plus Lust and Love","description":"Vibreeriv peeniser\u00f5ngas lahkliha stimulatsiooniga on m\u00f5eldud kasutamiseks \u00fcksi v\u00f5i koos partneriga. ATOM PLUS kombineerib innovatiivse disaini k\u00f5ige v\u00f5imsamate mootoritega turul, et luua s\u00fcgavad ja m\u00fcrisevad stimulatsioonid nii sinule kui su partnerile.","robots":{"index,follow,max-snippet":"index,follow,max-snippet:-1,max-image-preview:large,max-video-preview:-1"},"canonical":"https:\/\/lustandlove.eu\/et\/toode\/vibreeriv-peeniserongas-atom-plus\/","schema":{"@context":"https:\/\/schema.org","@graph":[{"@type":["WebPage","ItemPage"],"@id":"https:\/\/lustandlove.eu\/et\/toode\/vibreeriv-peeniserongas-atom-plus\/","url":"https:\/\/lustandlove.eu\/et\/toode\/vibreeriv-peeniserongas-atom-plus\/","name":"Vibreeriv Peeniser\u00f5ngas Atom Plus Lust and Love","isPartOf":{"@id":"https:\/\/lustandlove.eu\/et\/#website"},"primaryImageOfPage":{"@id":"https:\/\/lustandlove.eu\/et\/toode\/vibreeriv-peeniserongas-atom-plus\/#primaryimage"},"image":{"@id":"https:\/\/lustandlove.eu\/et\/toode\/vibreeriv-peeniserongas-atom-plus\/#primaryimage"},"thumbnailUrl":"https:\/\/lustandlove.eu\/wp-content\/uploads\/atom-plus_hand.jpg","datePublished":"2021-05-28T05:06:51+00:00","dateModified":"2026-04-13T07:43:25+00:00","description":"Vibreeriv peeniser\u00f5ngas lahkliha stimulatsiooniga on m\u00f5eldud kasutamiseks \u00fcksi v\u00f5i koos partneriga. ATOM PLUS kombineerib innovatiivse disaini k\u00f5ige v\u00f5imsamate mootoritega turul, et luua s\u00fcgavad ja m\u00fcrisevad stimulatsioonid nii sinule kui su partnerile.","breadcrumb":{"@id":"https:\/\/lustandlove.eu\/et\/toode\/vibreeriv-peeniserongas-atom-plus\/#breadcrumb"},"inLanguage":"et","potentialAction":[{"@type":"ReadAction","target":["https:\/\/lustandlove.eu\/et\/toode\/vibreeriv-peeniserongas-atom-plus\/"]}]},{"@type":"ImageObject","inLanguage":"et","@id":"https:\/\/lustandlove.eu\/et\/toode\/vibreeriv-peeniserongas-atom-plus\/#primaryimage","url":"https:\/\/lustandlove.eu\/wp-content\/uploads\/atom-plus_hand.jpg","contentUrl":"https:\/\/lustandlove.eu\/wp-content\/uploads\/atom-plus_hand.jpg","width":1200,"height":1200},{"@type":"BreadcrumbList","@id":"https:\/\/lustandlove.eu\/et\/toode\/vibreeriv-peeniserongas-atom-plus\/#breadcrumb","itemListElement":[{"@type":"ListItem","position":1,"name":"Lust and Love","item":"https:\/\/lustandlove.eu\/et\/"},{"@type":"ListItem","position":2,"name":"Pood","item":"https:\/\/lustandlove.eu\/et\/pood\/"},{"@type":"ListItem","position":3,"name":"Meestele","item":"https:\/\/lustandlove.eu\/et\/pood\/meestele\/"},{"@type":"ListItem","position":4,"name":"Peeniser\u00f5ngad","item":"https:\/\/lustandlove.eu\/et\/pood\/meestele\/peeniserongad\/"},{"@type":"ListItem","position":5,"name":"Vibreeriv Peeniser\u00f5ngas Atom Plus"}]},{"@type":"WebSite","@id":"https:\/\/lustandlove.eu\/et\/#website","url":"https:\/\/lustandlove.eu\/et\/","name":"Lust & Love","description":"Online erootikapood tervise, ilu ja armastuse jaoks","publisher":{"@id":"https:\/\/lustandlove.eu\/et\/#organization"},"potentialAction":[{"@type":"SearchAction","target":{"@type":"EntryPoint","urlTemplate":"https:\/\/lustandlove.eu\/et\/?s={search_term_string}"},"query-input":{"@type":"PropertyValueSpecification","valueRequired":true,"valueName":"search_term_string"}}],"inLanguage":"et"},{"@type":"Organization","@id":"https:\/\/lustandlove.eu\/et\/#organization","name":"Bioconcept Baltics O\u00dc","url":"https:\/\/lustandlove.eu\/et\/","logo":{"@type":"ImageObject","inLanguage":"et","@id":"https:\/\/lustandlove.eu\/et\/#\/schema\/logo\/image\/","url":"https:\/\/lustandlove.eu\/wp-content\/uploads\/logo-full-2.png","contentUrl":"https:\/\/lustandlove.eu\/wp-content\/uploads\/logo-full-2.png","width":837,"height":200,"caption":"Bioconcept Baltics O\u00dc"},"image":{"@id":"https:\/\/lustandlove.eu\/et\/#\/schema\/logo\/image\/"},"sameAs":["https:\/\/www.facebook.com\/LustandLoveEU\/","https:\/\/www.instagram.com\/lustandloveeu\/"]}]}},"_links":{"self":[{"href":"https:\/\/lustandlove.eu\/et\/wp-json\/wp\/v2\/product\/48485","targetHints":{"allow":["GET"]}}],"collection":[{"href":"https:\/\/lustandlove.eu\/et\/wp-json\/wp\/v2\/product"}],"about":[{"href":"https:\/\/lustandlove.eu\/et\/wp-json\/wp\/v2\/types\/product"}],"wp:featuredmedia":[{"embeddable":true,"href":"https:\/\/lustandlove.eu\/et\/wp-json\/wp\/v2\/media\/47489"}],"wp:attachment":[{"href":"https:\/\/lustandlove.eu\/et\/wp-json\/wp\/v2\/media?parent=48485"}],"wp:term":[{"taxonomy":"product_brand","embeddable":true,"href":"https:\/\/lustandlove.eu\/et\/wp-json\/wp\/v2\/product_brand?post=48485"},{"taxonomy":"product_cat","embeddable":true,"href":"https:\/\/lustandlove.eu\/et\/wp-json\/wp\/v2\/product_cat?post=48485"},{"taxonomy":"product_tag","embeddable":true,"href":"https:\/\/lustandlove.eu\/et\/wp-json\/wp\/v2\/product_tag?post=48485"}],"curies":[{"name":"wp","href":"https:\/\/api.w.org\/{rel}","templated":true}]}}