{"id":48486,"date":"2021-05-28T08:06:51","date_gmt":"2021-05-28T05:06:51","guid":{"rendered":"https:\/\/www.lustandlove.eu\/product\/poorlev-mastrubaator-masturbot-2-0\/"},"modified":"2026-04-13T10:43:25","modified_gmt":"2026-04-13T07:43:25","slug":"poorlev-mastrubaator-masturbot-2-0","status":"publish","type":"product","link":"https:\/\/lustandlove.eu\/et\/toode\/poorlev-mastrubaator-masturbot-2-0\/","title":{"rendered":"P\u00f6\u00f6rlev Mastrubaator Masturbot 2.0"},"content":{"rendered":"<p>See p\u00f6\u00f6rlev masturbaator pakub 8 p\u00f6\u00f6rlemise mustrit, vaheldudes kiiruse ja suunade vahel.<\/p>\n<h3>Kuidas kasutada p\u00f6\u00f6rlevat masturbaatorit?<\/h3>\n<ol class=\"ol1\">\n<li class=\"li1\">Hoidke all on\/off nuppu kuni lelul l\u00e4hevad tuled p\u00f5lema. Veenduge, et toode on eelnevalt laaditud.<\/li>\n<li class=\"li1\">Vajutades keskmist noolekestega nuppu, peab lelu hakkama p\u00f6\u00f6rlema. Vajutades sama nuppu uuesti vahetub p\u00f6\u00f6rlemise programm. Igat programmi on 2 t\u00fc\u00fcpi. N\u00e4iteks esmasel vajutuskorral p\u00f6\u00f6rleb lelu keskmise kiirusega, vajutades uuesti muutub p\u00f6\u00f6rlemine kiiremaks. Vajutades uuesti p\u00f6\u00f6rleb lelu \u00fchtepidi 2 sekundit ja siis teist pidi 2 sekundit. Vajutades uuesti p\u00f6\u00f6rleb \u00fchtepidi 4 sek ja siis teist pidi 4 sek.<\/li>\n<li class=\"li1\">Lelul on ka heli nupp, mida vajutades m\u00e4ngivad seksikad helid vaiksemalt. Kui vajutada sama nupp uuuesti, muutuvad helid valjemaks.<\/li>\n<li class=\"li1\">Lelu v\u00e4lja l\u00fclitamiseks hoidke uuesti on\/off nuppu all.<\/li>\n<\/ol>\n<h3>Masturbaator seksikate oigamistega<\/h3>\n<p>Nupuvajutusega on sul v\u00f5imalik nautida seksikaid oigamisi. Oiete vahele satuvad ka m\u00f5ned r\u00e4pased laused. Helisid on v\u00f5imalik kuulata lelus oleva k\u00f5lari kaudu ja lelu k\u00fclge saab \u00fchendada ka k\u00f5rvaklapid.<\/p>\n<h3>Masturbot 2.0 puhastamine<\/h3>\n<p>Kui oled leluga l\u00f5petanud, keera l\u00e4bipaistev plastik lelu k\u00e4epideme k\u00fcljest lahti ning eemalda soovi korral ettevaatlikult l\u00e4bipaistev r\u00f5ngas, mis hoiab silikooni paigal. Pese lelu sooja vee ja seebiga ning kui osad on t\u00e4ielikult kuivanud, pane need samamoodi tagasi kokku.<\/p>\n<h3>Millist libestit kasutada?<\/h3>\n<p>Soovitame kasutada selle roteeruva masturbaatoriga vee baasil libestit, kuna silikooni baasil libesti kasutamine v\u00f5ib sellele liiga teha. Meie soovitame Viamax Water Glide\u2019i v\u00f5i kui soovid leluga pikalt aega veeta, kaalu tihkema ja kauakestva vee baasil libesti kasutamist, n\u00e4iteks Sutil Rich. Tooted leiad ka lehe l\u00f5pust.<\/p>\n","protected":false},"excerpt":{"rendered":"<p>Sellel p\u00f6\u00f6rleval masturbaatoril on 8 p\u00f6\u00f6rlemise mustrit, vaheldudes kiiruse ja suunade vahel.\u00a0Nupuvajutusega on sul v\u00f5imalik nautida seksikaid oigamisi. Oiete vahele satuvad ka m\u00f5ned r\u00e4pased laused.<\/p>\n","protected":false},"featured_media":47477,"template":"","meta":[],"product_brand":[4228],"product_cat":[4007,1480,1477],"product_tag":[1526],"class_list":{"0":"post-48486","1":"product","2":"type-product","3":"status-publish","4":"has-post-thumbnail","6":"product_brand-o-products-et","7":"product_cat-automaatsed","8":"product_cat-masturbaatorid","9":"product_cat-meestele","10":"product_tag-masturbaator","11":"pa_brand-o-products-et","13":"first","14":"outofstock","15":"taxable","16":"shipping-taxable","17":"purchasable","18":"product-type-simple"},"yoast_head":"<!-- This site is optimized with the Yoast SEO plugin v27.4 - https:\/\/yoast.com\/product\/yoast-seo-wordpress\/ -->\n<title>P\u00f6\u00f6rlev Mastrubaator Masturbot 2.0 | Lust &amp; Love<\/title>\n<meta name=\"description\" content=\"Sellel p\u00f6\u00f6rleval masturbaatoril on 8 p\u00f6\u00f6rlemise mustrit, vaheldudes kiiruse ja suunade vahel. Nupuvajutusega on sul v\u00f5imalik nautida seksikaid oigamisi. Oiete vahele satuvad ka m\u00f5ned r\u00e4pased laused.\" \/>\n<meta name=\"robots\" content=\"index,follow,max-snippet:-1,max-image-preview:large,max-video-preview:-1\" \/>\n<link rel=\"canonical\" href=\"https:\/\/lustandlove.eu\/et\/toode\/poorlev-mastrubaator-masturbot-2-0\/\" \/>\n<script type=\"application\/ld+json\" class=\"yoast-schema-graph\">{\"@context\":\"https:\\\/\\\/schema.org\",\"@graph\":[{\"@type\":[\"WebPage\",\"ItemPage\"],\"@id\":\"https:\\\/\\\/lustandlove.eu\\\/et\\\/toode\\\/poorlev-mastrubaator-masturbot-2-0\\\/\",\"url\":\"https:\\\/\\\/lustandlove.eu\\\/et\\\/toode\\\/poorlev-mastrubaator-masturbot-2-0\\\/\",\"name\":\"P\u00f6\u00f6rlev Mastrubaator Masturbot 2.0 | Lust & Love\",\"isPartOf\":{\"@id\":\"https:\\\/\\\/lustandlove.eu\\\/et\\\/#website\"},\"primaryImageOfPage\":{\"@id\":\"https:\\\/\\\/lustandlove.eu\\\/et\\\/toode\\\/poorlev-mastrubaator-masturbot-2-0\\\/#primaryimage\"},\"image\":{\"@id\":\"https:\\\/\\\/lustandlove.eu\\\/et\\\/toode\\\/poorlev-mastrubaator-masturbot-2-0\\\/#primaryimage\"},\"thumbnailUrl\":\"https:\\\/\\\/lustandlove.eu\\\/wp-content\\\/uploads\\\/poorlev-masturbaator-\u2013-masturbot-2.0-\u2013-o-products-rotating-masturbator-opr-30154-01.jpg\",\"datePublished\":\"2021-05-28T05:06:51+00:00\",\"dateModified\":\"2026-04-13T07:43:25+00:00\",\"description\":\"Sellel p\u00f6\u00f6rleval masturbaatoril on 8 p\u00f6\u00f6rlemise mustrit, vaheldudes kiiruse ja suunade vahel. Nupuvajutusega on sul v\u00f5imalik nautida seksikaid oigamisi. Oiete vahele satuvad ka m\u00f5ned r\u00e4pased laused.\",\"breadcrumb\":{\"@id\":\"https:\\\/\\\/lustandlove.eu\\\/et\\\/toode\\\/poorlev-mastrubaator-masturbot-2-0\\\/#breadcrumb\"},\"inLanguage\":\"et\",\"potentialAction\":[{\"@type\":\"ReadAction\",\"target\":[\"https:\\\/\\\/lustandlove.eu\\\/et\\\/toode\\\/poorlev-mastrubaator-masturbot-2-0\\\/\"]}]},{\"@type\":\"ImageObject\",\"inLanguage\":\"et\",\"@id\":\"https:\\\/\\\/lustandlove.eu\\\/et\\\/toode\\\/poorlev-mastrubaator-masturbot-2-0\\\/#primaryimage\",\"url\":\"https:\\\/\\\/lustandlove.eu\\\/wp-content\\\/uploads\\\/poorlev-masturbaator-\u2013-masturbot-2.0-\u2013-o-products-rotating-masturbator-opr-30154-01.jpg\",\"contentUrl\":\"https:\\\/\\\/lustandlove.eu\\\/wp-content\\\/uploads\\\/poorlev-masturbaator-\u2013-masturbot-2.0-\u2013-o-products-rotating-masturbator-opr-30154-01.jpg\",\"width\":1000,\"height\":1000},{\"@type\":\"BreadcrumbList\",\"@id\":\"https:\\\/\\\/lustandlove.eu\\\/et\\\/toode\\\/poorlev-mastrubaator-masturbot-2-0\\\/#breadcrumb\",\"itemListElement\":[{\"@type\":\"ListItem\",\"position\":1,\"name\":\"Lust and Love\",\"item\":\"https:\\\/\\\/lustandlove.eu\\\/et\\\/\"},{\"@type\":\"ListItem\",\"position\":2,\"name\":\"Pood\",\"item\":\"https:\\\/\\\/lustandlove.eu\\\/et\\\/pood\\\/\"},{\"@type\":\"ListItem\",\"position\":3,\"name\":\"Meestele\",\"item\":\"https:\\\/\\\/lustandlove.eu\\\/et\\\/pood\\\/meestele\\\/\"},{\"@type\":\"ListItem\",\"position\":4,\"name\":\"Masturbaatorid\",\"item\":\"https:\\\/\\\/lustandlove.eu\\\/et\\\/pood\\\/meestele\\\/masturbaatorid\\\/\"},{\"@type\":\"ListItem\",\"position\":5,\"name\":\"Automaatsed\",\"item\":\"https:\\\/\\\/lustandlove.eu\\\/et\\\/pood\\\/meestele\\\/masturbaatorid\\\/automaatsed\\\/\"},{\"@type\":\"ListItem\",\"position\":6,\"name\":\"P\u00f6\u00f6rlev Mastrubaator Masturbot 2.0\"}]},{\"@type\":\"WebSite\",\"@id\":\"https:\\\/\\\/lustandlove.eu\\\/et\\\/#website\",\"url\":\"https:\\\/\\\/lustandlove.eu\\\/et\\\/\",\"name\":\"Lust & Love\",\"description\":\"Online erootikapood tervise, ilu ja armastuse jaoks\",\"publisher\":{\"@id\":\"https:\\\/\\\/lustandlove.eu\\\/et\\\/#organization\"},\"potentialAction\":[{\"@type\":\"SearchAction\",\"target\":{\"@type\":\"EntryPoint\",\"urlTemplate\":\"https:\\\/\\\/lustandlove.eu\\\/et\\\/?s={search_term_string}\"},\"query-input\":{\"@type\":\"PropertyValueSpecification\",\"valueRequired\":true,\"valueName\":\"search_term_string\"}}],\"inLanguage\":\"et\"},{\"@type\":\"Organization\",\"@id\":\"https:\\\/\\\/lustandlove.eu\\\/et\\\/#organization\",\"name\":\"Bioconcept Baltics O\u00dc\",\"url\":\"https:\\\/\\\/lustandlove.eu\\\/et\\\/\",\"logo\":{\"@type\":\"ImageObject\",\"inLanguage\":\"et\",\"@id\":\"https:\\\/\\\/lustandlove.eu\\\/et\\\/#\\\/schema\\\/logo\\\/image\\\/\",\"url\":\"https:\\\/\\\/lustandlove.eu\\\/wp-content\\\/uploads\\\/logo-full-2.png\",\"contentUrl\":\"https:\\\/\\\/lustandlove.eu\\\/wp-content\\\/uploads\\\/logo-full-2.png\",\"width\":837,\"height\":200,\"caption\":\"Bioconcept Baltics O\u00dc\"},\"image\":{\"@id\":\"https:\\\/\\\/lustandlove.eu\\\/et\\\/#\\\/schema\\\/logo\\\/image\\\/\"},\"sameAs\":[\"https:\\\/\\\/www.facebook.com\\\/LustandLoveEU\\\/\",\"https:\\\/\\\/www.instagram.com\\\/lustandloveeu\\\/\"]}]}<\/script>\n<!-- \/ Yoast SEO plugin. -->","yoast_head_json":{"title":"P\u00f6\u00f6rlev Mastrubaator Masturbot 2.0 | Lust & Love","description":"Sellel p\u00f6\u00f6rleval masturbaatoril on 8 p\u00f6\u00f6rlemise mustrit, vaheldudes kiiruse ja suunade vahel. Nupuvajutusega on sul v\u00f5imalik nautida seksikaid oigamisi. Oiete vahele satuvad ka m\u00f5ned r\u00e4pased laused.","robots":{"index,follow,max-snippet":"index,follow,max-snippet:-1,max-image-preview:large,max-video-preview:-1"},"canonical":"https:\/\/lustandlove.eu\/et\/toode\/poorlev-mastrubaator-masturbot-2-0\/","schema":{"@context":"https:\/\/schema.org","@graph":[{"@type":["WebPage","ItemPage"],"@id":"https:\/\/lustandlove.eu\/et\/toode\/poorlev-mastrubaator-masturbot-2-0\/","url":"https:\/\/lustandlove.eu\/et\/toode\/poorlev-mastrubaator-masturbot-2-0\/","name":"P\u00f6\u00f6rlev Mastrubaator Masturbot 2.0 | Lust & Love","isPartOf":{"@id":"https:\/\/lustandlove.eu\/et\/#website"},"primaryImageOfPage":{"@id":"https:\/\/lustandlove.eu\/et\/toode\/poorlev-mastrubaator-masturbot-2-0\/#primaryimage"},"image":{"@id":"https:\/\/lustandlove.eu\/et\/toode\/poorlev-mastrubaator-masturbot-2-0\/#primaryimage"},"thumbnailUrl":"https:\/\/lustandlove.eu\/wp-content\/uploads\/poorlev-masturbaator-\u2013-masturbot-2.0-\u2013-o-products-rotating-masturbator-opr-30154-01.jpg","datePublished":"2021-05-28T05:06:51+00:00","dateModified":"2026-04-13T07:43:25+00:00","description":"Sellel p\u00f6\u00f6rleval masturbaatoril on 8 p\u00f6\u00f6rlemise mustrit, vaheldudes kiiruse ja suunade vahel. Nupuvajutusega on sul v\u00f5imalik nautida seksikaid oigamisi. Oiete vahele satuvad ka m\u00f5ned r\u00e4pased laused.","breadcrumb":{"@id":"https:\/\/lustandlove.eu\/et\/toode\/poorlev-mastrubaator-masturbot-2-0\/#breadcrumb"},"inLanguage":"et","potentialAction":[{"@type":"ReadAction","target":["https:\/\/lustandlove.eu\/et\/toode\/poorlev-mastrubaator-masturbot-2-0\/"]}]},{"@type":"ImageObject","inLanguage":"et","@id":"https:\/\/lustandlove.eu\/et\/toode\/poorlev-mastrubaator-masturbot-2-0\/#primaryimage","url":"https:\/\/lustandlove.eu\/wp-content\/uploads\/poorlev-masturbaator-\u2013-masturbot-2.0-\u2013-o-products-rotating-masturbator-opr-30154-01.jpg","contentUrl":"https:\/\/lustandlove.eu\/wp-content\/uploads\/poorlev-masturbaator-\u2013-masturbot-2.0-\u2013-o-products-rotating-masturbator-opr-30154-01.jpg","width":1000,"height":1000},{"@type":"BreadcrumbList","@id":"https:\/\/lustandlove.eu\/et\/toode\/poorlev-mastrubaator-masturbot-2-0\/#breadcrumb","itemListElement":[{"@type":"ListItem","position":1,"name":"Lust and Love","item":"https:\/\/lustandlove.eu\/et\/"},{"@type":"ListItem","position":2,"name":"Pood","item":"https:\/\/lustandlove.eu\/et\/pood\/"},{"@type":"ListItem","position":3,"name":"Meestele","item":"https:\/\/lustandlove.eu\/et\/pood\/meestele\/"},{"@type":"ListItem","position":4,"name":"Masturbaatorid","item":"https:\/\/lustandlove.eu\/et\/pood\/meestele\/masturbaatorid\/"},{"@type":"ListItem","position":5,"name":"Automaatsed","item":"https:\/\/lustandlove.eu\/et\/pood\/meestele\/masturbaatorid\/automaatsed\/"},{"@type":"ListItem","position":6,"name":"P\u00f6\u00f6rlev Mastrubaator Masturbot 2.0"}]},{"@type":"WebSite","@id":"https:\/\/lustandlove.eu\/et\/#website","url":"https:\/\/lustandlove.eu\/et\/","name":"Lust & Love","description":"Online erootikapood tervise, ilu ja armastuse jaoks","publisher":{"@id":"https:\/\/lustandlove.eu\/et\/#organization"},"potentialAction":[{"@type":"SearchAction","target":{"@type":"EntryPoint","urlTemplate":"https:\/\/lustandlove.eu\/et\/?s={search_term_string}"},"query-input":{"@type":"PropertyValueSpecification","valueRequired":true,"valueName":"search_term_string"}}],"inLanguage":"et"},{"@type":"Organization","@id":"https:\/\/lustandlove.eu\/et\/#organization","name":"Bioconcept Baltics O\u00dc","url":"https:\/\/lustandlove.eu\/et\/","logo":{"@type":"ImageObject","inLanguage":"et","@id":"https:\/\/lustandlove.eu\/et\/#\/schema\/logo\/image\/","url":"https:\/\/lustandlove.eu\/wp-content\/uploads\/logo-full-2.png","contentUrl":"https:\/\/lustandlove.eu\/wp-content\/uploads\/logo-full-2.png","width":837,"height":200,"caption":"Bioconcept Baltics O\u00dc"},"image":{"@id":"https:\/\/lustandlove.eu\/et\/#\/schema\/logo\/image\/"},"sameAs":["https:\/\/www.facebook.com\/LustandLoveEU\/","https:\/\/www.instagram.com\/lustandloveeu\/"]}]}},"_links":{"self":[{"href":"https:\/\/lustandlove.eu\/et\/wp-json\/wp\/v2\/product\/48486","targetHints":{"allow":["GET"]}}],"collection":[{"href":"https:\/\/lustandlove.eu\/et\/wp-json\/wp\/v2\/product"}],"about":[{"href":"https:\/\/lustandlove.eu\/et\/wp-json\/wp\/v2\/types\/product"}],"wp:featuredmedia":[{"embeddable":true,"href":"https:\/\/lustandlove.eu\/et\/wp-json\/wp\/v2\/media\/47477"}],"wp:attachment":[{"href":"https:\/\/lustandlove.eu\/et\/wp-json\/wp\/v2\/media?parent=48486"}],"wp:term":[{"taxonomy":"product_brand","embeddable":true,"href":"https:\/\/lustandlove.eu\/et\/wp-json\/wp\/v2\/product_brand?post=48486"},{"taxonomy":"product_cat","embeddable":true,"href":"https:\/\/lustandlove.eu\/et\/wp-json\/wp\/v2\/product_cat?post=48486"},{"taxonomy":"product_tag","embeddable":true,"href":"https:\/\/lustandlove.eu\/et\/wp-json\/wp\/v2\/product_tag?post=48486"}],"curies":[{"name":"wp","href":"https:\/\/api.w.org\/{rel}","templated":true}]}}