{"id":48488,"date":"2021-05-28T08:06:51","date_gmt":"2021-05-28T05:06:51","guid":{"rendered":"https:\/\/www.lustandlove.eu\/product\/sooniline-anaaltapp\/"},"modified":"2026-04-13T10:43:24","modified_gmt":"2026-04-13T07:43:24","slug":"sooniline-anaaltapp","status":"publish","type":"product","link":"https:\/\/lustandlove.eu\/et\/toode\/sooniline-anaaltapp\/","title":{"rendered":"Sooniline Anaaltapp"},"content":{"rendered":"<p>Sooniline Anaaltapp aitab sul t\u00f5hustada orgasmide intensiivsust \u2013 kellele ei meeldiks t\u00e4iendatud orgasmid? Iga tapiga on kaasas must sametist kotike, et hoida oma m\u00e4nguasja ohutult kotikeses v\u00f5i sahtlis. Tahad midagi eriti ulakat proovida? Pane anaaltapp enne kasutust sooja v\u00f5i k\u00fclma vee alla ja vaata kuidas partner reageerib. Ole ettevaatlik, et see liiga kuumaks v\u00f5i k\u00fclmaks ei l\u00e4heks, ohutus ennek\u00f5ike.\u00a0M\u00f5eldud nii meestele kui naistele.<\/p>\n","protected":false},"excerpt":{"rendered":"<p>Sooniline Anaaltapp aitab sul t\u00f5hustada orgasmide intensiivsust \u2013 kellele ei meeldiks t\u00e4iendatud orgasmid?<\/p>\n","protected":false},"featured_media":47627,"template":"","meta":[],"product_brand":[4218],"product_cat":[1491],"product_tag":[],"class_list":{"0":"post-48488","1":"product","2":"type-product","3":"status-publish","4":"has-post-thumbnail","6":"product_brand-kiotos-et","7":"product_cat-anaallelud","8":"pa_brand-kiotos-et","10":"first","11":"instock","12":"taxable","13":"shipping-taxable","14":"purchasable","15":"product-type-variable","16":"has-default-attributes"},"yoast_head":"<!-- This site is optimized with the Yoast SEO plugin v27.3 - https:\/\/yoast.com\/product\/yoast-seo-wordpress\/ -->\n<title>Ribbed Butt Plug from O-Products | Lust and Love Webshop<\/title>\n<meta name=\"description\" content=\"Sooniline Anaaltapp aitab sul t\u00f5hustada orgasmide intensiivsust \u2013 kellele ei meeldiks t\u00e4iendatud orgasmid?\" \/>\n<meta name=\"robots\" content=\"index,follow,max-snippet:-1,max-image-preview:large,max-video-preview:-1\" \/>\n<link rel=\"canonical\" href=\"https:\/\/lustandlove.eu\/et\/toode\/sooniline-anaaltapp\/\" \/>\n<meta name=\"twitter:card\" content=\"summary_large_image\" \/>\n<meta name=\"twitter:title\" content=\"Ribbed Butt Plug from O-Products | Lust and Love Webshop\" \/>\n<meta name=\"twitter:description\" content=\"Sooniline Anaaltapp aitab sul t\u00f5hustada orgasmide intensiivsust \u2013 kellele ei meeldiks t\u00e4iendatud orgasmid?\" \/>\n<meta name=\"twitter:image\" content=\"https:\/\/lustandlove.eu\/wp-content\/uploads\/sooniline-anaaltapp-kristalliga-\u2013-kiotos-steel-ribbed-butt-plug.jpg\" \/>\n<meta name=\"twitter:label1\" content=\"Est. reading time\" \/>\n\t<meta name=\"twitter:data1\" content=\"1 minut\" \/>\n<script type=\"application\/ld+json\" class=\"yoast-schema-graph\">{\"@context\":\"https:\\\/\\\/schema.org\",\"@graph\":[{\"@type\":[\"WebPage\",\"ItemPage\"],\"@id\":\"https:\\\/\\\/lustandlove.eu\\\/et\\\/toode\\\/sooniline-anaaltapp\\\/\",\"url\":\"https:\\\/\\\/lustandlove.eu\\\/et\\\/toode\\\/sooniline-anaaltapp\\\/\",\"name\":\"Ribbed Butt Plug from O-Products | Lust and Love Webshop\",\"isPartOf\":{\"@id\":\"https:\\\/\\\/lustandlove.eu\\\/et\\\/#website\"},\"primaryImageOfPage\":{\"@id\":\"https:\\\/\\\/lustandlove.eu\\\/et\\\/toode\\\/sooniline-anaaltapp\\\/#primaryimage\"},\"image\":{\"@id\":\"https:\\\/\\\/lustandlove.eu\\\/et\\\/toode\\\/sooniline-anaaltapp\\\/#primaryimage\"},\"thumbnailUrl\":\"https:\\\/\\\/lustandlove.eu\\\/wp-content\\\/uploads\\\/sooniline-anaaltapp-kristalliga-\u2013-kiotos-steel-ribbed-butt-plug.jpg\",\"datePublished\":\"2021-05-28T05:06:51+00:00\",\"dateModified\":\"2026-04-13T07:43:24+00:00\",\"description\":\"Sooniline Anaaltapp aitab sul t\u00f5hustada orgasmide intensiivsust \u2013 kellele ei meeldiks t\u00e4iendatud orgasmid?\",\"breadcrumb\":{\"@id\":\"https:\\\/\\\/lustandlove.eu\\\/et\\\/toode\\\/sooniline-anaaltapp\\\/#breadcrumb\"},\"inLanguage\":\"et\",\"potentialAction\":[{\"@type\":\"ReadAction\",\"target\":[\"https:\\\/\\\/lustandlove.eu\\\/et\\\/toode\\\/sooniline-anaaltapp\\\/\"]}]},{\"@type\":\"ImageObject\",\"inLanguage\":\"et\",\"@id\":\"https:\\\/\\\/lustandlove.eu\\\/et\\\/toode\\\/sooniline-anaaltapp\\\/#primaryimage\",\"url\":\"https:\\\/\\\/lustandlove.eu\\\/wp-content\\\/uploads\\\/sooniline-anaaltapp-kristalliga-\u2013-kiotos-steel-ribbed-butt-plug.jpg\",\"contentUrl\":\"https:\\\/\\\/lustandlove.eu\\\/wp-content\\\/uploads\\\/sooniline-anaaltapp-kristalliga-\u2013-kiotos-steel-ribbed-butt-plug.jpg\",\"width\":750,\"height\":750},{\"@type\":\"BreadcrumbList\",\"@id\":\"https:\\\/\\\/lustandlove.eu\\\/et\\\/toode\\\/sooniline-anaaltapp\\\/#breadcrumb\",\"itemListElement\":[{\"@type\":\"ListItem\",\"position\":1,\"name\":\"Lust and Love\",\"item\":\"https:\\\/\\\/lustandlove.eu\\\/et\\\/\"},{\"@type\":\"ListItem\",\"position\":2,\"name\":\"Pood\",\"item\":\"https:\\\/\\\/lustandlove.eu\\\/et\\\/pood\\\/\"},{\"@type\":\"ListItem\",\"position\":3,\"name\":\"Sooniline Anaaltapp\"}]},{\"@type\":\"WebSite\",\"@id\":\"https:\\\/\\\/lustandlove.eu\\\/et\\\/#website\",\"url\":\"https:\\\/\\\/lustandlove.eu\\\/et\\\/\",\"name\":\"Lust &amp; Love\",\"description\":\"Online erootikapood tervise, ilu ja armastuse jaoks\",\"publisher\":{\"@id\":\"https:\\\/\\\/lustandlove.eu\\\/et\\\/#organization\"},\"potentialAction\":[{\"@type\":\"SearchAction\",\"target\":{\"@type\":\"EntryPoint\",\"urlTemplate\":\"https:\\\/\\\/lustandlove.eu\\\/et\\\/?s={search_term_string}\"},\"query-input\":{\"@type\":\"PropertyValueSpecification\",\"valueRequired\":true,\"valueName\":\"search_term_string\"}}],\"inLanguage\":\"et\"},{\"@type\":\"Organization\",\"@id\":\"https:\\\/\\\/lustandlove.eu\\\/et\\\/#organization\",\"name\":\"Bioconcept Baltics O\u00dc\",\"url\":\"https:\\\/\\\/lustandlove.eu\\\/et\\\/\",\"logo\":{\"@type\":\"ImageObject\",\"inLanguage\":\"et\",\"@id\":\"https:\\\/\\\/lustandlove.eu\\\/et\\\/#\\\/schema\\\/logo\\\/image\\\/\",\"url\":\"\",\"contentUrl\":\"\",\"caption\":\"Bioconcept Baltics O\u00dc\"},\"image\":{\"@id\":\"https:\\\/\\\/lustandlove.eu\\\/et\\\/#\\\/schema\\\/logo\\\/image\\\/\"},\"sameAs\":[\"https:\\\/\\\/www.facebook.com\\\/LustandLoveEU\\\/\",\"https:\\\/\\\/www.instagram.com\\\/lustandloveeu\\\/\"]}]}<\/script>\n<!-- \/ Yoast SEO plugin. -->","yoast_head_json":{"title":"Ribbed Butt Plug from O-Products | Lust and Love Webshop","description":"Sooniline Anaaltapp aitab sul t\u00f5hustada orgasmide intensiivsust \u2013 kellele ei meeldiks t\u00e4iendatud orgasmid?","robots":{"index,follow,max-snippet":"index,follow,max-snippet:-1,max-image-preview:large,max-video-preview:-1"},"canonical":"https:\/\/lustandlove.eu\/et\/toode\/sooniline-anaaltapp\/","twitter_card":"summary_large_image","twitter_title":"Ribbed Butt Plug from O-Products | Lust and Love Webshop","twitter_description":"Sooniline Anaaltapp aitab sul t\u00f5hustada orgasmide intensiivsust \u2013 kellele ei meeldiks t\u00e4iendatud orgasmid?","twitter_image":"https:\/\/lustandlove.eu\/wp-content\/uploads\/sooniline-anaaltapp-kristalliga-\u2013-kiotos-steel-ribbed-butt-plug.jpg","twitter_misc":{"Est. reading time":"1 minut"},"schema":{"@context":"https:\/\/schema.org","@graph":[{"@type":["WebPage","ItemPage"],"@id":"https:\/\/lustandlove.eu\/et\/toode\/sooniline-anaaltapp\/","url":"https:\/\/lustandlove.eu\/et\/toode\/sooniline-anaaltapp\/","name":"Ribbed Butt Plug from O-Products | Lust and Love Webshop","isPartOf":{"@id":"https:\/\/lustandlove.eu\/et\/#website"},"primaryImageOfPage":{"@id":"https:\/\/lustandlove.eu\/et\/toode\/sooniline-anaaltapp\/#primaryimage"},"image":{"@id":"https:\/\/lustandlove.eu\/et\/toode\/sooniline-anaaltapp\/#primaryimage"},"thumbnailUrl":"https:\/\/lustandlove.eu\/wp-content\/uploads\/sooniline-anaaltapp-kristalliga-\u2013-kiotos-steel-ribbed-butt-plug.jpg","datePublished":"2021-05-28T05:06:51+00:00","dateModified":"2026-04-13T07:43:24+00:00","description":"Sooniline Anaaltapp aitab sul t\u00f5hustada orgasmide intensiivsust \u2013 kellele ei meeldiks t\u00e4iendatud orgasmid?","breadcrumb":{"@id":"https:\/\/lustandlove.eu\/et\/toode\/sooniline-anaaltapp\/#breadcrumb"},"inLanguage":"et","potentialAction":[{"@type":"ReadAction","target":["https:\/\/lustandlove.eu\/et\/toode\/sooniline-anaaltapp\/"]}]},{"@type":"ImageObject","inLanguage":"et","@id":"https:\/\/lustandlove.eu\/et\/toode\/sooniline-anaaltapp\/#primaryimage","url":"https:\/\/lustandlove.eu\/wp-content\/uploads\/sooniline-anaaltapp-kristalliga-\u2013-kiotos-steel-ribbed-butt-plug.jpg","contentUrl":"https:\/\/lustandlove.eu\/wp-content\/uploads\/sooniline-anaaltapp-kristalliga-\u2013-kiotos-steel-ribbed-butt-plug.jpg","width":750,"height":750},{"@type":"BreadcrumbList","@id":"https:\/\/lustandlove.eu\/et\/toode\/sooniline-anaaltapp\/#breadcrumb","itemListElement":[{"@type":"ListItem","position":1,"name":"Lust and Love","item":"https:\/\/lustandlove.eu\/et\/"},{"@type":"ListItem","position":2,"name":"Pood","item":"https:\/\/lustandlove.eu\/et\/pood\/"},{"@type":"ListItem","position":3,"name":"Sooniline Anaaltapp"}]},{"@type":"WebSite","@id":"https:\/\/lustandlove.eu\/et\/#website","url":"https:\/\/lustandlove.eu\/et\/","name":"Lust &amp; Love","description":"Online erootikapood tervise, ilu ja armastuse jaoks","publisher":{"@id":"https:\/\/lustandlove.eu\/et\/#organization"},"potentialAction":[{"@type":"SearchAction","target":{"@type":"EntryPoint","urlTemplate":"https:\/\/lustandlove.eu\/et\/?s={search_term_string}"},"query-input":{"@type":"PropertyValueSpecification","valueRequired":true,"valueName":"search_term_string"}}],"inLanguage":"et"},{"@type":"Organization","@id":"https:\/\/lustandlove.eu\/et\/#organization","name":"Bioconcept Baltics O\u00dc","url":"https:\/\/lustandlove.eu\/et\/","logo":{"@type":"ImageObject","inLanguage":"et","@id":"https:\/\/lustandlove.eu\/et\/#\/schema\/logo\/image\/","url":"","contentUrl":"","caption":"Bioconcept Baltics O\u00dc"},"image":{"@id":"https:\/\/lustandlove.eu\/et\/#\/schema\/logo\/image\/"},"sameAs":["https:\/\/www.facebook.com\/LustandLoveEU\/","https:\/\/www.instagram.com\/lustandloveeu\/"]}]}},"_links":{"self":[{"href":"https:\/\/lustandlove.eu\/et\/wp-json\/wp\/v2\/product\/48488","targetHints":{"allow":["GET"]}}],"collection":[{"href":"https:\/\/lustandlove.eu\/et\/wp-json\/wp\/v2\/product"}],"about":[{"href":"https:\/\/lustandlove.eu\/et\/wp-json\/wp\/v2\/types\/product"}],"wp:featuredmedia":[{"embeddable":true,"href":"https:\/\/lustandlove.eu\/et\/wp-json\/wp\/v2\/media\/47627"}],"wp:attachment":[{"href":"https:\/\/lustandlove.eu\/et\/wp-json\/wp\/v2\/media?parent=48488"}],"wp:term":[{"taxonomy":"product_brand","embeddable":true,"href":"https:\/\/lustandlove.eu\/et\/wp-json\/wp\/v2\/product_brand?post=48488"},{"taxonomy":"product_cat","embeddable":true,"href":"https:\/\/lustandlove.eu\/et\/wp-json\/wp\/v2\/product_cat?post=48488"},{"taxonomy":"product_tag","embeddable":true,"href":"https:\/\/lustandlove.eu\/et\/wp-json\/wp\/v2\/product_tag?post=48488"}],"curies":[{"name":"wp","href":"https:\/\/api.w.org\/{rel}","templated":true}]}}