{"id":48494,"date":"2021-05-28T08:06:50","date_gmt":"2021-05-28T05:06:50","guid":{"rendered":"https:\/\/www.lustandlove.eu\/product\/nahast-punane-piits\/"},"modified":"2026-04-13T10:43:26","modified_gmt":"2026-04-13T07:43:26","slug":"nahast-punane-piits","status":"publish","type":"product","link":"https:\/\/lustandlove.eu\/et\/toode\/nahast-punane-piits\/","title":{"rendered":"Nahast Punane Piits"},"content":{"rendered":"<p>K\u00e4epide on 12 cm pikkune ja on tehtud ilusast k\u00f5rgkvaliteetsest punasest punutud nahast, et v\u00e4lja n\u00e4ha eriti \u0161ikk ja erutav. Piitsa tipus on lapakas, mis v\u00f5imaldab eriti seksikaid m\u00e4nge.<\/p>\n","protected":false},"excerpt":{"rendered":"<p>Perfektne BDSM m\u00e4ngudeks!<\/p>\n","protected":false},"featured_media":47467,"template":"","meta":[],"product_brand":[4218],"product_cat":[1470,1607],"product_tag":[1550,1585],"class_list":{"0":"post-48494","1":"product","2":"type-product","3":"status-publish","4":"has-post-thumbnail","6":"product_brand-kiotos-et","7":"product_cat-bdsm-et","8":"product_cat-piitsad-ja-lapatsid","9":"product_tag-bdsm-et","10":"product_tag-piits","11":"pa_brand-kiotos-et","13":"first","14":"outofstock","15":"taxable","16":"shipping-taxable","17":"purchasable","18":"product-type-simple"},"yoast_head":"<!-- This site is optimized with the Yoast SEO plugin v27.4 - https:\/\/yoast.com\/product\/yoast-seo-wordpress\/ -->\n<title>Crop Whip Red - Kiotos Leather | Lust and Love Adult Toys<\/title>\n<meta name=\"description\" content=\"K\u00e4epide on 12 cm pikkune ja on tehtud ilusast k\u00f5rgkvaliteetsest punasest punutud nahast, et v\u00e4lja n\u00e4ha eriti \u0161ikk ja erutav. Piitsa tipus on lapakas, mis v\u00f5imaldab eriti seksikaid m\u00e4nge.\" \/>\n<meta name=\"robots\" content=\"index,follow,max-snippet:-1,max-image-preview:large,max-video-preview:-1\" \/>\n<link rel=\"canonical\" href=\"https:\/\/lustandlove.eu\/et\/toode\/nahast-punane-piits\/\" \/>\n<script type=\"application\/ld+json\" class=\"yoast-schema-graph\">{\"@context\":\"https:\\\/\\\/schema.org\",\"@graph\":[{\"@type\":[\"WebPage\",\"ItemPage\"],\"@id\":\"https:\\\/\\\/lustandlove.eu\\\/et\\\/toode\\\/nahast-punane-piits\\\/\",\"url\":\"https:\\\/\\\/lustandlove.eu\\\/et\\\/toode\\\/nahast-punane-piits\\\/\",\"name\":\"Crop Whip Red - Kiotos Leather | Lust and Love Adult Toys\",\"isPartOf\":{\"@id\":\"https:\\\/\\\/lustandlove.eu\\\/et\\\/#website\"},\"primaryImageOfPage\":{\"@id\":\"https:\\\/\\\/lustandlove.eu\\\/et\\\/toode\\\/nahast-punane-piits\\\/#primaryimage\"},\"image\":{\"@id\":\"https:\\\/\\\/lustandlove.eu\\\/et\\\/toode\\\/nahast-punane-piits\\\/#primaryimage\"},\"thumbnailUrl\":\"https:\\\/\\\/lustandlove.eu\\\/wp-content\\\/uploads\\\/kiotos-leather-luhike-punane-piits-opr-9107.jpg\",\"datePublished\":\"2021-05-28T05:06:50+00:00\",\"dateModified\":\"2026-04-13T07:43:26+00:00\",\"description\":\"K\u00e4epide on 12 cm pikkune ja on tehtud ilusast k\u00f5rgkvaliteetsest punasest punutud nahast, et v\u00e4lja n\u00e4ha eriti \u0161ikk ja erutav. Piitsa tipus on lapakas, mis v\u00f5imaldab eriti seksikaid m\u00e4nge.\",\"breadcrumb\":{\"@id\":\"https:\\\/\\\/lustandlove.eu\\\/et\\\/toode\\\/nahast-punane-piits\\\/#breadcrumb\"},\"inLanguage\":\"et\",\"potentialAction\":[{\"@type\":\"ReadAction\",\"target\":[\"https:\\\/\\\/lustandlove.eu\\\/et\\\/toode\\\/nahast-punane-piits\\\/\"]}]},{\"@type\":\"ImageObject\",\"inLanguage\":\"et\",\"@id\":\"https:\\\/\\\/lustandlove.eu\\\/et\\\/toode\\\/nahast-punane-piits\\\/#primaryimage\",\"url\":\"https:\\\/\\\/lustandlove.eu\\\/wp-content\\\/uploads\\\/kiotos-leather-luhike-punane-piits-opr-9107.jpg\",\"contentUrl\":\"https:\\\/\\\/lustandlove.eu\\\/wp-content\\\/uploads\\\/kiotos-leather-luhike-punane-piits-opr-9107.jpg\",\"width\":1000,\"height\":1000},{\"@type\":\"BreadcrumbList\",\"@id\":\"https:\\\/\\\/lustandlove.eu\\\/et\\\/toode\\\/nahast-punane-piits\\\/#breadcrumb\",\"itemListElement\":[{\"@type\":\"ListItem\",\"position\":1,\"name\":\"Lust and Love\",\"item\":\"https:\\\/\\\/lustandlove.eu\\\/et\\\/\"},{\"@type\":\"ListItem\",\"position\":2,\"name\":\"Pood\",\"item\":\"https:\\\/\\\/lustandlove.eu\\\/et\\\/pood\\\/\"},{\"@type\":\"ListItem\",\"position\":3,\"name\":\"BDSM\",\"item\":\"https:\\\/\\\/lustandlove.eu\\\/et\\\/pood\\\/bdsm-et\\\/\"},{\"@type\":\"ListItem\",\"position\":4,\"name\":\"Piitsad ja Lapatsid\",\"item\":\"https:\\\/\\\/lustandlove.eu\\\/et\\\/pood\\\/bdsm-et\\\/piitsad-ja-lapatsid\\\/\"},{\"@type\":\"ListItem\",\"position\":5,\"name\":\"Nahast Punane Piits\"}]},{\"@type\":\"WebSite\",\"@id\":\"https:\\\/\\\/lustandlove.eu\\\/et\\\/#website\",\"url\":\"https:\\\/\\\/lustandlove.eu\\\/et\\\/\",\"name\":\"Lust & Love\",\"description\":\"Online erootikapood tervise, ilu ja armastuse jaoks\",\"publisher\":{\"@id\":\"https:\\\/\\\/lustandlove.eu\\\/et\\\/#organization\"},\"potentialAction\":[{\"@type\":\"SearchAction\",\"target\":{\"@type\":\"EntryPoint\",\"urlTemplate\":\"https:\\\/\\\/lustandlove.eu\\\/et\\\/?s={search_term_string}\"},\"query-input\":{\"@type\":\"PropertyValueSpecification\",\"valueRequired\":true,\"valueName\":\"search_term_string\"}}],\"inLanguage\":\"et\"},{\"@type\":\"Organization\",\"@id\":\"https:\\\/\\\/lustandlove.eu\\\/et\\\/#organization\",\"name\":\"Bioconcept Baltics O\u00dc\",\"url\":\"https:\\\/\\\/lustandlove.eu\\\/et\\\/\",\"logo\":{\"@type\":\"ImageObject\",\"inLanguage\":\"et\",\"@id\":\"https:\\\/\\\/lustandlove.eu\\\/et\\\/#\\\/schema\\\/logo\\\/image\\\/\",\"url\":\"https:\\\/\\\/lustandlove.eu\\\/wp-content\\\/uploads\\\/logo-full-2.png\",\"contentUrl\":\"https:\\\/\\\/lustandlove.eu\\\/wp-content\\\/uploads\\\/logo-full-2.png\",\"width\":837,\"height\":200,\"caption\":\"Bioconcept Baltics O\u00dc\"},\"image\":{\"@id\":\"https:\\\/\\\/lustandlove.eu\\\/et\\\/#\\\/schema\\\/logo\\\/image\\\/\"},\"sameAs\":[\"https:\\\/\\\/www.facebook.com\\\/LustandLoveEU\\\/\",\"https:\\\/\\\/www.instagram.com\\\/lustandloveeu\\\/\"]}]}<\/script>\n<!-- \/ Yoast SEO plugin. -->","yoast_head_json":{"title":"Crop Whip Red - Kiotos Leather | Lust and Love Adult Toys","description":"K\u00e4epide on 12 cm pikkune ja on tehtud ilusast k\u00f5rgkvaliteetsest punasest punutud nahast, et v\u00e4lja n\u00e4ha eriti \u0161ikk ja erutav. Piitsa tipus on lapakas, mis v\u00f5imaldab eriti seksikaid m\u00e4nge.","robots":{"index,follow,max-snippet":"index,follow,max-snippet:-1,max-image-preview:large,max-video-preview:-1"},"canonical":"https:\/\/lustandlove.eu\/et\/toode\/nahast-punane-piits\/","schema":{"@context":"https:\/\/schema.org","@graph":[{"@type":["WebPage","ItemPage"],"@id":"https:\/\/lustandlove.eu\/et\/toode\/nahast-punane-piits\/","url":"https:\/\/lustandlove.eu\/et\/toode\/nahast-punane-piits\/","name":"Crop Whip Red - Kiotos Leather | Lust and Love Adult Toys","isPartOf":{"@id":"https:\/\/lustandlove.eu\/et\/#website"},"primaryImageOfPage":{"@id":"https:\/\/lustandlove.eu\/et\/toode\/nahast-punane-piits\/#primaryimage"},"image":{"@id":"https:\/\/lustandlove.eu\/et\/toode\/nahast-punane-piits\/#primaryimage"},"thumbnailUrl":"https:\/\/lustandlove.eu\/wp-content\/uploads\/kiotos-leather-luhike-punane-piits-opr-9107.jpg","datePublished":"2021-05-28T05:06:50+00:00","dateModified":"2026-04-13T07:43:26+00:00","description":"K\u00e4epide on 12 cm pikkune ja on tehtud ilusast k\u00f5rgkvaliteetsest punasest punutud nahast, et v\u00e4lja n\u00e4ha eriti \u0161ikk ja erutav. Piitsa tipus on lapakas, mis v\u00f5imaldab eriti seksikaid m\u00e4nge.","breadcrumb":{"@id":"https:\/\/lustandlove.eu\/et\/toode\/nahast-punane-piits\/#breadcrumb"},"inLanguage":"et","potentialAction":[{"@type":"ReadAction","target":["https:\/\/lustandlove.eu\/et\/toode\/nahast-punane-piits\/"]}]},{"@type":"ImageObject","inLanguage":"et","@id":"https:\/\/lustandlove.eu\/et\/toode\/nahast-punane-piits\/#primaryimage","url":"https:\/\/lustandlove.eu\/wp-content\/uploads\/kiotos-leather-luhike-punane-piits-opr-9107.jpg","contentUrl":"https:\/\/lustandlove.eu\/wp-content\/uploads\/kiotos-leather-luhike-punane-piits-opr-9107.jpg","width":1000,"height":1000},{"@type":"BreadcrumbList","@id":"https:\/\/lustandlove.eu\/et\/toode\/nahast-punane-piits\/#breadcrumb","itemListElement":[{"@type":"ListItem","position":1,"name":"Lust and Love","item":"https:\/\/lustandlove.eu\/et\/"},{"@type":"ListItem","position":2,"name":"Pood","item":"https:\/\/lustandlove.eu\/et\/pood\/"},{"@type":"ListItem","position":3,"name":"BDSM","item":"https:\/\/lustandlove.eu\/et\/pood\/bdsm-et\/"},{"@type":"ListItem","position":4,"name":"Piitsad ja Lapatsid","item":"https:\/\/lustandlove.eu\/et\/pood\/bdsm-et\/piitsad-ja-lapatsid\/"},{"@type":"ListItem","position":5,"name":"Nahast Punane Piits"}]},{"@type":"WebSite","@id":"https:\/\/lustandlove.eu\/et\/#website","url":"https:\/\/lustandlove.eu\/et\/","name":"Lust & Love","description":"Online erootikapood tervise, ilu ja armastuse jaoks","publisher":{"@id":"https:\/\/lustandlove.eu\/et\/#organization"},"potentialAction":[{"@type":"SearchAction","target":{"@type":"EntryPoint","urlTemplate":"https:\/\/lustandlove.eu\/et\/?s={search_term_string}"},"query-input":{"@type":"PropertyValueSpecification","valueRequired":true,"valueName":"search_term_string"}}],"inLanguage":"et"},{"@type":"Organization","@id":"https:\/\/lustandlove.eu\/et\/#organization","name":"Bioconcept Baltics O\u00dc","url":"https:\/\/lustandlove.eu\/et\/","logo":{"@type":"ImageObject","inLanguage":"et","@id":"https:\/\/lustandlove.eu\/et\/#\/schema\/logo\/image\/","url":"https:\/\/lustandlove.eu\/wp-content\/uploads\/logo-full-2.png","contentUrl":"https:\/\/lustandlove.eu\/wp-content\/uploads\/logo-full-2.png","width":837,"height":200,"caption":"Bioconcept Baltics O\u00dc"},"image":{"@id":"https:\/\/lustandlove.eu\/et\/#\/schema\/logo\/image\/"},"sameAs":["https:\/\/www.facebook.com\/LustandLoveEU\/","https:\/\/www.instagram.com\/lustandloveeu\/"]}]}},"_links":{"self":[{"href":"https:\/\/lustandlove.eu\/et\/wp-json\/wp\/v2\/product\/48494","targetHints":{"allow":["GET"]}}],"collection":[{"href":"https:\/\/lustandlove.eu\/et\/wp-json\/wp\/v2\/product"}],"about":[{"href":"https:\/\/lustandlove.eu\/et\/wp-json\/wp\/v2\/types\/product"}],"wp:featuredmedia":[{"embeddable":true,"href":"https:\/\/lustandlove.eu\/et\/wp-json\/wp\/v2\/media\/47467"}],"wp:attachment":[{"href":"https:\/\/lustandlove.eu\/et\/wp-json\/wp\/v2\/media?parent=48494"}],"wp:term":[{"taxonomy":"product_brand","embeddable":true,"href":"https:\/\/lustandlove.eu\/et\/wp-json\/wp\/v2\/product_brand?post=48494"},{"taxonomy":"product_cat","embeddable":true,"href":"https:\/\/lustandlove.eu\/et\/wp-json\/wp\/v2\/product_cat?post=48494"},{"taxonomy":"product_tag","embeddable":true,"href":"https:\/\/lustandlove.eu\/et\/wp-json\/wp\/v2\/product_tag?post=48494"}],"curies":[{"name":"wp","href":"https:\/\/api.w.org\/{rel}","templated":true}]}}