{"id":48496,"date":"2021-05-28T08:06:49","date_gmt":"2021-05-28T05:06:49","guid":{"rendered":"https:\/\/www.lustandlove.eu\/product\/terasest-kuldne-anaaltapp\/"},"modified":"2026-04-13T10:43:26","modified_gmt":"2026-04-13T07:43:26","slug":"terasest-kuldne-anaaltapp","status":"publish","type":"product","link":"https:\/\/lustandlove.eu\/et\/toode\/terasest-kuldne-anaaltapp\/","title":{"rendered":"Terasest Kuldne Anaaltapp"},"content":{"rendered":"<p>See imeline roostevabast terasest kuldne anaaltapp on kujundatud kauniks ja mugavaks pikaajaliseks kasutamiseks.<\/p>\n<p>Koonusekujulise sileda pirniga on sisestamine \u00f5rn ja lihtne. K\u00e4epidemel asuv kalliskivi-kujuline detail lisab stimulatsioonile s\u00e4ra.<\/p>\n<p>Kolmes erinevas suuruses, vali millist eelistad. Kasv\u00f5i iga peo jaoks uus!<\/p>\n<p>&nbsp;<\/p>\n<table style=\"height: 123px;\" width=\"437\">\n<tbody>\n<tr>\n<td><\/td>\n<td style=\"text-align: center;\">Diameeter<\/td>\n<td style=\"text-align: center;\">Pikkus<\/td>\n<td style=\"text-align: center;\">Sisestatav<\/td>\n<td style=\"text-align: center;\">Kaal<\/td>\n<\/tr>\n<tr>\n<td>V\u00e4ike<\/td>\n<td style=\"text-align: center;\">25mm<\/td>\n<td style=\"text-align: center;\">55 mm<\/td>\n<td style=\"text-align: center;\">30mm<\/td>\n<td style=\"text-align: center;\">195g<\/td>\n<\/tr>\n<tr>\n<td>Keskmine<\/td>\n<td style=\"text-align: center;\">30mm<\/td>\n<td style=\"text-align: center;\">74 mm<\/td>\n<td style=\"text-align: center;\">50mm<\/td>\n<td style=\"text-align: center;\">210g<\/td>\n<\/tr>\n<tr>\n<td>Suur<\/td>\n<td style=\"text-align: center;\">35 mm<\/td>\n<td style=\"text-align: center;\">100 mm<\/td>\n<td style=\"text-align: center;\">75mm<\/td>\n<td style=\"text-align: center;\"><\/td>\n<\/tr>\n<\/tbody>\n<\/table>\n","protected":false},"excerpt":{"rendered":"<p>Kaunis disain, mugav, 100% roostevabast terasest.<\/p>\n","protected":false},"featured_media":47465,"template":"","meta":[],"product_brand":[4218],"product_cat":[1491],"product_tag":[1506,1510],"class_list":{"0":"post-48496","1":"product","2":"type-product","3":"status-publish","4":"has-post-thumbnail","6":"product_brand-kiotos-et","7":"product_cat-anaallelud","8":"product_tag-anaal-et","9":"product_tag-anaaltapp","10":"pa_brand-kiotos-et","12":"first","13":"instock","14":"taxable","15":"shipping-taxable","16":"purchasable","17":"product-type-variable","18":"has-default-attributes"},"yoast_head":"<!-- This site is optimized with the Yoast SEO plugin v27.3 - https:\/\/yoast.com\/product\/yoast-seo-wordpress\/ -->\n<title>Gold Buttplug from Kiotos Steel | Lust and Love Sex Shop<\/title>\n<meta name=\"description\" content=\"Kaunis disain, mugav, 100% roostevabast terasest.\" \/>\n<meta name=\"robots\" content=\"index,follow,max-snippet:-1,max-image-preview:large,max-video-preview:-1\" \/>\n<link rel=\"canonical\" href=\"https:\/\/lustandlove.eu\/et\/toode\/terasest-kuldne-anaaltapp\/\" \/>\n<meta name=\"twitter:card\" content=\"summary_large_image\" \/>\n<meta name=\"twitter:title\" content=\"Gold Buttplug from Kiotos Steel | Lust and Love Sex Shop\" \/>\n<meta name=\"twitter:description\" content=\"Kaunis disain, mugav, 100% roostevabast terasest.\" \/>\n<meta name=\"twitter:image\" content=\"https:\/\/lustandlove.eu\/wp-content\/uploads\/opr-g22lc-kiotos-steel-kuldne-anaaltapp.jpg\" \/>\n<meta name=\"twitter:label1\" content=\"Est. reading time\" \/>\n\t<meta name=\"twitter:data1\" content=\"1 minut\" \/>\n<script type=\"application\/ld+json\" class=\"yoast-schema-graph\">{\"@context\":\"https:\\\/\\\/schema.org\",\"@graph\":[{\"@type\":[\"WebPage\",\"ItemPage\"],\"@id\":\"https:\\\/\\\/lustandlove.eu\\\/et\\\/toode\\\/terasest-kuldne-anaaltapp\\\/\",\"url\":\"https:\\\/\\\/lustandlove.eu\\\/et\\\/toode\\\/terasest-kuldne-anaaltapp\\\/\",\"name\":\"Gold Buttplug from Kiotos Steel | Lust and Love Sex Shop\",\"isPartOf\":{\"@id\":\"https:\\\/\\\/lustandlove.eu\\\/et\\\/#website\"},\"primaryImageOfPage\":{\"@id\":\"https:\\\/\\\/lustandlove.eu\\\/et\\\/toode\\\/terasest-kuldne-anaaltapp\\\/#primaryimage\"},\"image\":{\"@id\":\"https:\\\/\\\/lustandlove.eu\\\/et\\\/toode\\\/terasest-kuldne-anaaltapp\\\/#primaryimage\"},\"thumbnailUrl\":\"https:\\\/\\\/lustandlove.eu\\\/wp-content\\\/uploads\\\/opr-g22lc-kiotos-steel-kuldne-anaaltapp.jpg\",\"datePublished\":\"2021-05-28T05:06:49+00:00\",\"dateModified\":\"2026-04-13T07:43:26+00:00\",\"description\":\"Kaunis disain, mugav, 100% roostevabast terasest.\",\"breadcrumb\":{\"@id\":\"https:\\\/\\\/lustandlove.eu\\\/et\\\/toode\\\/terasest-kuldne-anaaltapp\\\/#breadcrumb\"},\"inLanguage\":\"et\",\"potentialAction\":[{\"@type\":\"ReadAction\",\"target\":[\"https:\\\/\\\/lustandlove.eu\\\/et\\\/toode\\\/terasest-kuldne-anaaltapp\\\/\"]}]},{\"@type\":\"ImageObject\",\"inLanguage\":\"et\",\"@id\":\"https:\\\/\\\/lustandlove.eu\\\/et\\\/toode\\\/terasest-kuldne-anaaltapp\\\/#primaryimage\",\"url\":\"https:\\\/\\\/lustandlove.eu\\\/wp-content\\\/uploads\\\/opr-g22lc-kiotos-steel-kuldne-anaaltapp.jpg\",\"contentUrl\":\"https:\\\/\\\/lustandlove.eu\\\/wp-content\\\/uploads\\\/opr-g22lc-kiotos-steel-kuldne-anaaltapp.jpg\",\"width\":1000,\"height\":667},{\"@type\":\"BreadcrumbList\",\"@id\":\"https:\\\/\\\/lustandlove.eu\\\/et\\\/toode\\\/terasest-kuldne-anaaltapp\\\/#breadcrumb\",\"itemListElement\":[{\"@type\":\"ListItem\",\"position\":1,\"name\":\"Lust and Love\",\"item\":\"https:\\\/\\\/lustandlove.eu\\\/et\\\/\"},{\"@type\":\"ListItem\",\"position\":2,\"name\":\"Pood\",\"item\":\"https:\\\/\\\/lustandlove.eu\\\/et\\\/pood\\\/\"},{\"@type\":\"ListItem\",\"position\":3,\"name\":\"Sekslelud\",\"item\":\"https:\\\/\\\/lustandlove.eu\\\/et\\\/pood\\\/sekslelud\\\/\"},{\"@type\":\"ListItem\",\"position\":4,\"name\":\"Anaallelud\",\"item\":\"https:\\\/\\\/lustandlove.eu\\\/et\\\/pood\\\/sekslelud\\\/anaallelud\\\/\"},{\"@type\":\"ListItem\",\"position\":5,\"name\":\"Terasest Kuldne Anaaltapp\"}]},{\"@type\":\"WebSite\",\"@id\":\"https:\\\/\\\/lustandlove.eu\\\/et\\\/#website\",\"url\":\"https:\\\/\\\/lustandlove.eu\\\/et\\\/\",\"name\":\"Lust &amp; Love\",\"description\":\"Online erootikapood tervise, ilu ja armastuse jaoks\",\"publisher\":{\"@id\":\"https:\\\/\\\/lustandlove.eu\\\/et\\\/#organization\"},\"potentialAction\":[{\"@type\":\"SearchAction\",\"target\":{\"@type\":\"EntryPoint\",\"urlTemplate\":\"https:\\\/\\\/lustandlove.eu\\\/et\\\/?s={search_term_string}\"},\"query-input\":{\"@type\":\"PropertyValueSpecification\",\"valueRequired\":true,\"valueName\":\"search_term_string\"}}],\"inLanguage\":\"et\"},{\"@type\":\"Organization\",\"@id\":\"https:\\\/\\\/lustandlove.eu\\\/et\\\/#organization\",\"name\":\"Bioconcept Baltics O\u00dc\",\"url\":\"https:\\\/\\\/lustandlove.eu\\\/et\\\/\",\"logo\":{\"@type\":\"ImageObject\",\"inLanguage\":\"et\",\"@id\":\"https:\\\/\\\/lustandlove.eu\\\/et\\\/#\\\/schema\\\/logo\\\/image\\\/\",\"url\":\"\",\"contentUrl\":\"\",\"caption\":\"Bioconcept Baltics O\u00dc\"},\"image\":{\"@id\":\"https:\\\/\\\/lustandlove.eu\\\/et\\\/#\\\/schema\\\/logo\\\/image\\\/\"},\"sameAs\":[\"https:\\\/\\\/www.facebook.com\\\/LustandLoveEU\\\/\",\"https:\\\/\\\/www.instagram.com\\\/lustandloveeu\\\/\"]}]}<\/script>\n<!-- \/ Yoast SEO plugin. -->","yoast_head_json":{"title":"Gold Buttplug from Kiotos Steel | Lust and Love Sex Shop","description":"Kaunis disain, mugav, 100% roostevabast terasest.","robots":{"index,follow,max-snippet":"index,follow,max-snippet:-1,max-image-preview:large,max-video-preview:-1"},"canonical":"https:\/\/lustandlove.eu\/et\/toode\/terasest-kuldne-anaaltapp\/","twitter_card":"summary_large_image","twitter_title":"Gold Buttplug from Kiotos Steel | Lust and Love Sex Shop","twitter_description":"Kaunis disain, mugav, 100% roostevabast terasest.","twitter_image":"https:\/\/lustandlove.eu\/wp-content\/uploads\/opr-g22lc-kiotos-steel-kuldne-anaaltapp.jpg","twitter_misc":{"Est. reading time":"1 minut"},"schema":{"@context":"https:\/\/schema.org","@graph":[{"@type":["WebPage","ItemPage"],"@id":"https:\/\/lustandlove.eu\/et\/toode\/terasest-kuldne-anaaltapp\/","url":"https:\/\/lustandlove.eu\/et\/toode\/terasest-kuldne-anaaltapp\/","name":"Gold Buttplug from Kiotos Steel | Lust and Love Sex Shop","isPartOf":{"@id":"https:\/\/lustandlove.eu\/et\/#website"},"primaryImageOfPage":{"@id":"https:\/\/lustandlove.eu\/et\/toode\/terasest-kuldne-anaaltapp\/#primaryimage"},"image":{"@id":"https:\/\/lustandlove.eu\/et\/toode\/terasest-kuldne-anaaltapp\/#primaryimage"},"thumbnailUrl":"https:\/\/lustandlove.eu\/wp-content\/uploads\/opr-g22lc-kiotos-steel-kuldne-anaaltapp.jpg","datePublished":"2021-05-28T05:06:49+00:00","dateModified":"2026-04-13T07:43:26+00:00","description":"Kaunis disain, mugav, 100% roostevabast terasest.","breadcrumb":{"@id":"https:\/\/lustandlove.eu\/et\/toode\/terasest-kuldne-anaaltapp\/#breadcrumb"},"inLanguage":"et","potentialAction":[{"@type":"ReadAction","target":["https:\/\/lustandlove.eu\/et\/toode\/terasest-kuldne-anaaltapp\/"]}]},{"@type":"ImageObject","inLanguage":"et","@id":"https:\/\/lustandlove.eu\/et\/toode\/terasest-kuldne-anaaltapp\/#primaryimage","url":"https:\/\/lustandlove.eu\/wp-content\/uploads\/opr-g22lc-kiotos-steel-kuldne-anaaltapp.jpg","contentUrl":"https:\/\/lustandlove.eu\/wp-content\/uploads\/opr-g22lc-kiotos-steel-kuldne-anaaltapp.jpg","width":1000,"height":667},{"@type":"BreadcrumbList","@id":"https:\/\/lustandlove.eu\/et\/toode\/terasest-kuldne-anaaltapp\/#breadcrumb","itemListElement":[{"@type":"ListItem","position":1,"name":"Lust and Love","item":"https:\/\/lustandlove.eu\/et\/"},{"@type":"ListItem","position":2,"name":"Pood","item":"https:\/\/lustandlove.eu\/et\/pood\/"},{"@type":"ListItem","position":3,"name":"Sekslelud","item":"https:\/\/lustandlove.eu\/et\/pood\/sekslelud\/"},{"@type":"ListItem","position":4,"name":"Anaallelud","item":"https:\/\/lustandlove.eu\/et\/pood\/sekslelud\/anaallelud\/"},{"@type":"ListItem","position":5,"name":"Terasest Kuldne Anaaltapp"}]},{"@type":"WebSite","@id":"https:\/\/lustandlove.eu\/et\/#website","url":"https:\/\/lustandlove.eu\/et\/","name":"Lust &amp; Love","description":"Online erootikapood tervise, ilu ja armastuse jaoks","publisher":{"@id":"https:\/\/lustandlove.eu\/et\/#organization"},"potentialAction":[{"@type":"SearchAction","target":{"@type":"EntryPoint","urlTemplate":"https:\/\/lustandlove.eu\/et\/?s={search_term_string}"},"query-input":{"@type":"PropertyValueSpecification","valueRequired":true,"valueName":"search_term_string"}}],"inLanguage":"et"},{"@type":"Organization","@id":"https:\/\/lustandlove.eu\/et\/#organization","name":"Bioconcept Baltics O\u00dc","url":"https:\/\/lustandlove.eu\/et\/","logo":{"@type":"ImageObject","inLanguage":"et","@id":"https:\/\/lustandlove.eu\/et\/#\/schema\/logo\/image\/","url":"","contentUrl":"","caption":"Bioconcept Baltics O\u00dc"},"image":{"@id":"https:\/\/lustandlove.eu\/et\/#\/schema\/logo\/image\/"},"sameAs":["https:\/\/www.facebook.com\/LustandLoveEU\/","https:\/\/www.instagram.com\/lustandloveeu\/"]}]}},"_links":{"self":[{"href":"https:\/\/lustandlove.eu\/et\/wp-json\/wp\/v2\/product\/48496","targetHints":{"allow":["GET"]}}],"collection":[{"href":"https:\/\/lustandlove.eu\/et\/wp-json\/wp\/v2\/product"}],"about":[{"href":"https:\/\/lustandlove.eu\/et\/wp-json\/wp\/v2\/types\/product"}],"wp:featuredmedia":[{"embeddable":true,"href":"https:\/\/lustandlove.eu\/et\/wp-json\/wp\/v2\/media\/47465"}],"wp:attachment":[{"href":"https:\/\/lustandlove.eu\/et\/wp-json\/wp\/v2\/media?parent=48496"}],"wp:term":[{"taxonomy":"product_brand","embeddable":true,"href":"https:\/\/lustandlove.eu\/et\/wp-json\/wp\/v2\/product_brand?post=48496"},{"taxonomy":"product_cat","embeddable":true,"href":"https:\/\/lustandlove.eu\/et\/wp-json\/wp\/v2\/product_cat?post=48496"},{"taxonomy":"product_tag","embeddable":true,"href":"https:\/\/lustandlove.eu\/et\/wp-json\/wp\/v2\/product_tag?post=48496"}],"curies":[{"name":"wp","href":"https:\/\/api.w.org\/{rel}","templated":true}]}}