{"id":48516,"date":"2021-05-28T08:06:24","date_gmt":"2021-05-28T05:06:24","guid":{"rendered":"https:\/\/www.lustandlove.eu\/product\/piparmundimaitseline-libesti-tester-10ml\/"},"modified":"2026-04-13T10:43:27","modified_gmt":"2026-04-13T07:43:27","slug":"piparmundimaitseline-libesti-tester-10ml","status":"publish","type":"product","link":"https:\/\/lustandlove.eu\/et\/toode\/piparmundimaitseline-libesti-tester-10ml\/","title":{"rendered":"Piparm\u00fcndimaitseline Libesti Tester 10ml"},"content":{"rendered":"<p class=\"p1\">Sutil Mint on Kanada perefirmast p\u00e4rit vee baasil kerge koostisega libesti, mis on puhaste koostisainetega. Juba 20 aastase ajalooga Sutil Luxe <b>pH tase 4.5<\/b>\u00a0on vagiina naturaalse pH tasemega sama, t\u00e4nu millele sobib toode h\u00e4sti kasutamiseks vaginaalseks seksiks, treeninguulide kasutamiseks ning tupekuivuse korral.<\/p>\n<p class=\"p1\">Sutil libestile\u00a0<b>pole lisatud suhkruid ega parabeene<\/b>, toode on\u00a0<b>100% \u00f6ko<\/b>\u00a0ja isegi pakend laguneb loodust s\u00e4\u00e4stval meetodil p\u00e4rast aegumist.<\/p>\n<p class=\"p1\">Toode saab maitsed ja l\u00f5hnad naturaalsetest ekstraktidest, t\u00e4nu millele on maitsed puhtad ja naturaalsed. Kuna tootele pole lisatud keemiliste omadustega maitse- ega l\u00f5hnaaineid, on need eeskujuks maitsetega libestitele \u00fcle maailma.<\/p>\n<p class=\"p1\">Sutil koostiosade hulka kuulub h\u00fcaluroonhape, mis annab sellele vee baasil libestile silikooni baasil libesti omadused \u2013 see on naha peal siidiselt pehme ning tagab libisemise pikaks ajaks. Libesti sobib kasutamiseks m\u00e4nguasjadega ja masturbeerimiseks, toodet ei pea p\u00e4rast kasutamist maha pesema vaid see imendub kenasti kehasse ja j\u00e4tab naha niisutatuna.<\/p>\n<p>Koostisosad on t\u00e4histatud Eco-m\u00e4rgisega.Veebaasil, parabeenivaba, gl\u00fctseriinivaba, vanillimaitseline, kondoomi- ja lelus\u00f5bralik, biolagunevas tuubis.<\/p>\n","protected":false},"excerpt":{"rendered":"<p>Erootiline m\u00fcndimaitseline libesti<\/p>\n","protected":false},"featured_media":47457,"template":"","meta":[],"product_brand":[4241],"product_cat":[1467,1460],"product_tag":[4128,1558],"class_list":{"0":"post-48516","1":"product","2":"type-product","3":"status-publish","4":"has-post-thumbnail","6":"product_brand-sutil-et","7":"product_cat-libestid","8":"product_cat-apteek","9":"product_tag-lubricant-et","10":"product_tag-maitsega","11":"pa_brand-sutil-et","13":"first","14":"outofstock","15":"taxable","16":"shipping-taxable","17":"purchasable","18":"product-type-simple"},"yoast_head":"<!-- This site is optimized with the Yoast SEO plugin v27.4 - https:\/\/yoast.com\/product\/yoast-seo-wordpress\/ -->\n<title>Piparm\u00fcndimaitseline Libesti Tester 10ml is a Long Lasting Glide | Lust &amp; Love Adult Shop<\/title>\n<meta name=\"description\" content=\"Toode saab maitsed ja l\u00f5hnad naturaalsetest ekstraktidest, t\u00e4nu millele on maitsed puhtad ja naturaalsed. Kuna tootele pole lisatud keemiliste omadustega maitse- ega l\u00f5hnaaineid, on need eeskujuks maitsetega libestitele \u00fcle maailma.\" \/>\n<meta name=\"robots\" content=\"index,follow,max-snippet:-1,max-image-preview:large,max-video-preview:-1\" \/>\n<link rel=\"canonical\" href=\"https:\/\/lustandlove.eu\/et\/toode\/piparmundimaitseline-libesti-tester-10ml\/\" \/>\n<script type=\"application\/ld+json\" class=\"yoast-schema-graph\">{\"@context\":\"https:\\\/\\\/schema.org\",\"@graph\":[{\"@type\":[\"WebPage\",\"ItemPage\"],\"@id\":\"https:\\\/\\\/lustandlove.eu\\\/et\\\/toode\\\/piparmundimaitseline-libesti-tester-10ml\\\/\",\"url\":\"https:\\\/\\\/lustandlove.eu\\\/et\\\/toode\\\/piparmundimaitseline-libesti-tester-10ml\\\/\",\"name\":\"Piparm\u00fcndimaitseline Libesti Tester 10ml is a Long Lasting Glide | Lust &amp; Love Adult Shop\",\"isPartOf\":{\"@id\":\"https:\\\/\\\/lustandlove.eu\\\/et\\\/#website\"},\"primaryImageOfPage\":{\"@id\":\"https:\\\/\\\/lustandlove.eu\\\/et\\\/toode\\\/piparmundimaitseline-libesti-tester-10ml\\\/#primaryimage\"},\"image\":{\"@id\":\"https:\\\/\\\/lustandlove.eu\\\/et\\\/toode\\\/piparmundimaitseline-libesti-tester-10ml\\\/#primaryimage\"},\"thumbnailUrl\":\"https:\\\/\\\/lustandlove.eu\\\/wp-content\\\/uploads\\\/mint.jpg\",\"datePublished\":\"2021-05-28T05:06:24+00:00\",\"dateModified\":\"2026-04-13T07:43:27+00:00\",\"description\":\"Toode saab maitsed ja l\u00f5hnad naturaalsetest ekstraktidest, t\u00e4nu millele on maitsed puhtad ja naturaalsed. Kuna tootele pole lisatud keemiliste omadustega maitse- ega l\u00f5hnaaineid, on need eeskujuks maitsetega libestitele \u00fcle maailma.\",\"breadcrumb\":{\"@id\":\"https:\\\/\\\/lustandlove.eu\\\/et\\\/toode\\\/piparmundimaitseline-libesti-tester-10ml\\\/#breadcrumb\"},\"inLanguage\":\"et\",\"potentialAction\":[{\"@type\":\"ReadAction\",\"target\":[\"https:\\\/\\\/lustandlove.eu\\\/et\\\/toode\\\/piparmundimaitseline-libesti-tester-10ml\\\/\"]}]},{\"@type\":\"ImageObject\",\"inLanguage\":\"et\",\"@id\":\"https:\\\/\\\/lustandlove.eu\\\/et\\\/toode\\\/piparmundimaitseline-libesti-tester-10ml\\\/#primaryimage\",\"url\":\"https:\\\/\\\/lustandlove.eu\\\/wp-content\\\/uploads\\\/mint.jpg\",\"contentUrl\":\"https:\\\/\\\/lustandlove.eu\\\/wp-content\\\/uploads\\\/mint.jpg\",\"width\":1200,\"height\":1200},{\"@type\":\"BreadcrumbList\",\"@id\":\"https:\\\/\\\/lustandlove.eu\\\/et\\\/toode\\\/piparmundimaitseline-libesti-tester-10ml\\\/#breadcrumb\",\"itemListElement\":[{\"@type\":\"ListItem\",\"position\":1,\"name\":\"Lust and Love\",\"item\":\"https:\\\/\\\/lustandlove.eu\\\/et\\\/\"},{\"@type\":\"ListItem\",\"position\":2,\"name\":\"Pood\",\"item\":\"https:\\\/\\\/lustandlove.eu\\\/et\\\/pood\\\/\"},{\"@type\":\"ListItem\",\"position\":3,\"name\":\"Libestid ja kehahooldus\",\"item\":\"https:\\\/\\\/lustandlove.eu\\\/et\\\/pood\\\/apteek\\\/\"},{\"@type\":\"ListItem\",\"position\":4,\"name\":\"Libestid\",\"item\":\"https:\\\/\\\/lustandlove.eu\\\/et\\\/pood\\\/apteek\\\/libestid\\\/\"},{\"@type\":\"ListItem\",\"position\":5,\"name\":\"Piparm\u00fcndimaitseline Libesti Tester 10ml\"}]},{\"@type\":\"WebSite\",\"@id\":\"https:\\\/\\\/lustandlove.eu\\\/et\\\/#website\",\"url\":\"https:\\\/\\\/lustandlove.eu\\\/et\\\/\",\"name\":\"Lust & Love\",\"description\":\"Online erootikapood tervise, ilu ja armastuse jaoks\",\"publisher\":{\"@id\":\"https:\\\/\\\/lustandlove.eu\\\/et\\\/#organization\"},\"potentialAction\":[{\"@type\":\"SearchAction\",\"target\":{\"@type\":\"EntryPoint\",\"urlTemplate\":\"https:\\\/\\\/lustandlove.eu\\\/et\\\/?s={search_term_string}\"},\"query-input\":{\"@type\":\"PropertyValueSpecification\",\"valueRequired\":true,\"valueName\":\"search_term_string\"}}],\"inLanguage\":\"et\"},{\"@type\":\"Organization\",\"@id\":\"https:\\\/\\\/lustandlove.eu\\\/et\\\/#organization\",\"name\":\"Bioconcept Baltics O\u00dc\",\"url\":\"https:\\\/\\\/lustandlove.eu\\\/et\\\/\",\"logo\":{\"@type\":\"ImageObject\",\"inLanguage\":\"et\",\"@id\":\"https:\\\/\\\/lustandlove.eu\\\/et\\\/#\\\/schema\\\/logo\\\/image\\\/\",\"url\":\"https:\\\/\\\/lustandlove.eu\\\/wp-content\\\/uploads\\\/logo-full-2.png\",\"contentUrl\":\"https:\\\/\\\/lustandlove.eu\\\/wp-content\\\/uploads\\\/logo-full-2.png\",\"width\":837,\"height\":200,\"caption\":\"Bioconcept Baltics O\u00dc\"},\"image\":{\"@id\":\"https:\\\/\\\/lustandlove.eu\\\/et\\\/#\\\/schema\\\/logo\\\/image\\\/\"},\"sameAs\":[\"https:\\\/\\\/www.facebook.com\\\/LustandLoveEU\\\/\",\"https:\\\/\\\/www.instagram.com\\\/lustandloveeu\\\/\"]}]}<\/script>\n<!-- \/ Yoast SEO plugin. -->","yoast_head_json":{"title":"Piparm\u00fcndimaitseline Libesti Tester 10ml is a Long Lasting Glide | Lust &amp; Love Adult Shop","description":"Toode saab maitsed ja l\u00f5hnad naturaalsetest ekstraktidest, t\u00e4nu millele on maitsed puhtad ja naturaalsed. Kuna tootele pole lisatud keemiliste omadustega maitse- ega l\u00f5hnaaineid, on need eeskujuks maitsetega libestitele \u00fcle maailma.","robots":{"index,follow,max-snippet":"index,follow,max-snippet:-1,max-image-preview:large,max-video-preview:-1"},"canonical":"https:\/\/lustandlove.eu\/et\/toode\/piparmundimaitseline-libesti-tester-10ml\/","schema":{"@context":"https:\/\/schema.org","@graph":[{"@type":["WebPage","ItemPage"],"@id":"https:\/\/lustandlove.eu\/et\/toode\/piparmundimaitseline-libesti-tester-10ml\/","url":"https:\/\/lustandlove.eu\/et\/toode\/piparmundimaitseline-libesti-tester-10ml\/","name":"Piparm\u00fcndimaitseline Libesti Tester 10ml is a Long Lasting Glide | Lust &amp; Love Adult Shop","isPartOf":{"@id":"https:\/\/lustandlove.eu\/et\/#website"},"primaryImageOfPage":{"@id":"https:\/\/lustandlove.eu\/et\/toode\/piparmundimaitseline-libesti-tester-10ml\/#primaryimage"},"image":{"@id":"https:\/\/lustandlove.eu\/et\/toode\/piparmundimaitseline-libesti-tester-10ml\/#primaryimage"},"thumbnailUrl":"https:\/\/lustandlove.eu\/wp-content\/uploads\/mint.jpg","datePublished":"2021-05-28T05:06:24+00:00","dateModified":"2026-04-13T07:43:27+00:00","description":"Toode saab maitsed ja l\u00f5hnad naturaalsetest ekstraktidest, t\u00e4nu millele on maitsed puhtad ja naturaalsed. Kuna tootele pole lisatud keemiliste omadustega maitse- ega l\u00f5hnaaineid, on need eeskujuks maitsetega libestitele \u00fcle maailma.","breadcrumb":{"@id":"https:\/\/lustandlove.eu\/et\/toode\/piparmundimaitseline-libesti-tester-10ml\/#breadcrumb"},"inLanguage":"et","potentialAction":[{"@type":"ReadAction","target":["https:\/\/lustandlove.eu\/et\/toode\/piparmundimaitseline-libesti-tester-10ml\/"]}]},{"@type":"ImageObject","inLanguage":"et","@id":"https:\/\/lustandlove.eu\/et\/toode\/piparmundimaitseline-libesti-tester-10ml\/#primaryimage","url":"https:\/\/lustandlove.eu\/wp-content\/uploads\/mint.jpg","contentUrl":"https:\/\/lustandlove.eu\/wp-content\/uploads\/mint.jpg","width":1200,"height":1200},{"@type":"BreadcrumbList","@id":"https:\/\/lustandlove.eu\/et\/toode\/piparmundimaitseline-libesti-tester-10ml\/#breadcrumb","itemListElement":[{"@type":"ListItem","position":1,"name":"Lust and Love","item":"https:\/\/lustandlove.eu\/et\/"},{"@type":"ListItem","position":2,"name":"Pood","item":"https:\/\/lustandlove.eu\/et\/pood\/"},{"@type":"ListItem","position":3,"name":"Libestid ja kehahooldus","item":"https:\/\/lustandlove.eu\/et\/pood\/apteek\/"},{"@type":"ListItem","position":4,"name":"Libestid","item":"https:\/\/lustandlove.eu\/et\/pood\/apteek\/libestid\/"},{"@type":"ListItem","position":5,"name":"Piparm\u00fcndimaitseline Libesti Tester 10ml"}]},{"@type":"WebSite","@id":"https:\/\/lustandlove.eu\/et\/#website","url":"https:\/\/lustandlove.eu\/et\/","name":"Lust & Love","description":"Online erootikapood tervise, ilu ja armastuse jaoks","publisher":{"@id":"https:\/\/lustandlove.eu\/et\/#organization"},"potentialAction":[{"@type":"SearchAction","target":{"@type":"EntryPoint","urlTemplate":"https:\/\/lustandlove.eu\/et\/?s={search_term_string}"},"query-input":{"@type":"PropertyValueSpecification","valueRequired":true,"valueName":"search_term_string"}}],"inLanguage":"et"},{"@type":"Organization","@id":"https:\/\/lustandlove.eu\/et\/#organization","name":"Bioconcept Baltics O\u00dc","url":"https:\/\/lustandlove.eu\/et\/","logo":{"@type":"ImageObject","inLanguage":"et","@id":"https:\/\/lustandlove.eu\/et\/#\/schema\/logo\/image\/","url":"https:\/\/lustandlove.eu\/wp-content\/uploads\/logo-full-2.png","contentUrl":"https:\/\/lustandlove.eu\/wp-content\/uploads\/logo-full-2.png","width":837,"height":200,"caption":"Bioconcept Baltics O\u00dc"},"image":{"@id":"https:\/\/lustandlove.eu\/et\/#\/schema\/logo\/image\/"},"sameAs":["https:\/\/www.facebook.com\/LustandLoveEU\/","https:\/\/www.instagram.com\/lustandloveeu\/"]}]}},"_links":{"self":[{"href":"https:\/\/lustandlove.eu\/et\/wp-json\/wp\/v2\/product\/48516","targetHints":{"allow":["GET"]}}],"collection":[{"href":"https:\/\/lustandlove.eu\/et\/wp-json\/wp\/v2\/product"}],"about":[{"href":"https:\/\/lustandlove.eu\/et\/wp-json\/wp\/v2\/types\/product"}],"wp:featuredmedia":[{"embeddable":true,"href":"https:\/\/lustandlove.eu\/et\/wp-json\/wp\/v2\/media\/47457"}],"wp:attachment":[{"href":"https:\/\/lustandlove.eu\/et\/wp-json\/wp\/v2\/media?parent=48516"}],"wp:term":[{"taxonomy":"product_brand","embeddable":true,"href":"https:\/\/lustandlove.eu\/et\/wp-json\/wp\/v2\/product_brand?post=48516"},{"taxonomy":"product_cat","embeddable":true,"href":"https:\/\/lustandlove.eu\/et\/wp-json\/wp\/v2\/product_cat?post=48516"},{"taxonomy":"product_tag","embeddable":true,"href":"https:\/\/lustandlove.eu\/et\/wp-json\/wp\/v2\/product_tag?post=48516"}],"curies":[{"name":"wp","href":"https:\/\/api.w.org\/{rel}","templated":true}]}}