{"id":48519,"date":"2021-05-28T08:05:59","date_gmt":"2021-05-28T05:05:59","guid":{"rendered":"https:\/\/www.lustandlove.eu\/product\/noiduslik-massaazioli-tester\/"},"modified":"2026-04-13T10:43:28","modified_gmt":"2026-04-13T07:43:28","slug":"noiduslik-massaazioli-tester","status":"publish","type":"product","link":"https:\/\/lustandlove.eu\/et\/toode\/noiduslik-massaazioli-tester\/","title":{"rendered":"N\u00f5iduslik Massaazi\u00f5li Tester"},"content":{"rendered":"<p>Sensuaalne tekstuur on kerge ja mittekleepuv, imendub nahka kiiresti ning j\u00e4tab selle pehmeks ja siidiseks ning m\u00f5nusalt l\u00f5hnama. See ei m\u00e4\u00e4ri riideid ega voodilinasid. Et l\u00f5dvestumist lihtsamaks teha, on see magusapoolse l\u00f5hnaga massaa\u017ei\u00f5li rikastatud granadilli, rosmariini ja magusa mandli\u00f5liga, valge tee, Bali lille ja Thanaka puuga.<\/p>\n<p>Uniseks l\u00f5hn ei ole intensiivne, kuid p\u00fcsib peal kaua. M\u00f5nus puhas l\u00f5hn on magusapoolne, kuid ei ole n\u00f6 \u201cl\u00e4ila\u201d.<\/p>\n<p>Massaa\u017ei\u00f5li n\u00f5idusliku aroomiga ei pea maha pesema. See on 100% kehas\u00f5bralik ning dermatoloogiliselt testitud.<\/p>\n<p>N\u00f5iduslikku massaa\u017ei\u00f5li v\u00f5ib kasutada ka igap\u00e4evaselt kehal, et taastada ja niisutada nahka. See on loodud naturaalsetest \u00f5lidest ning omab niisutavaid ja toonivaid omadusi, et tagada siidjalt pehme nahk.<\/p>\n<p>\u00d5li on rikastatud afrodisiaakumiga, t\u00e4nu millele sobib see nii meestele kui naistele igas vanuses.<\/p>\n","protected":false},"excerpt":{"rendered":"<p>YESforLOV Massaa\u017ei\u00f5li n\u00f5idusliku aroomiga on loodud \u00e4ratama sinu meeli.<\/p>\n","protected":false},"featured_media":47452,"template":"","meta":[],"product_brand":[4248],"product_cat":[1501,1504],"product_tag":[],"class_list":{"0":"post-48519","1":"product","2":"type-product","3":"status-publish","4":"has-post-thumbnail","6":"product_brand-yesforlov-et","7":"product_cat-pakkumised","8":"product_cat-testrid","9":"pa_brand-yesforlov-et","11":"first","12":"outofstock","13":"taxable","14":"shipping-taxable","15":"purchasable","16":"product-type-simple"},"yoast_head":"<!-- This site is optimized with the Yoast SEO plugin v27.3 - https:\/\/yoast.com\/product\/yoast-seo-wordpress\/ -->\n<title>Bewitching Massage Oil - Does Not Stain Clothes or Sheets | Lust&amp;Love<\/title>\n<meta name=\"description\" content=\"YESforLOV Massaa\u017ei\u00f5li n\u00f5idusliku aroomiga on loodud \u00e4ratama sinu meeli.\" \/>\n<meta name=\"robots\" content=\"index,follow,max-snippet:-1,max-image-preview:large,max-video-preview:-1\" \/>\n<link rel=\"canonical\" href=\"https:\/\/lustandlove.eu\/et\/toode\/noiduslik-massaazioli-tester\/\" \/>\n<meta name=\"twitter:card\" content=\"summary_large_image\" \/>\n<meta name=\"twitter:title\" content=\"Bewitching Massage Oil - Does Not Stain Clothes or Sheets | Lust&amp;Love\" \/>\n<meta name=\"twitter:description\" content=\"YESforLOV Massaa\u017ei\u00f5li n\u00f5idusliku aroomiga on loodud \u00e4ratama sinu meeli.\" \/>\n<meta name=\"twitter:image\" content=\"https:\/\/lustandlove.eu\/wp-content\/uploads\/bewitching.jpg\" \/>\n<meta name=\"twitter:label1\" content=\"Est. reading time\" \/>\n\t<meta name=\"twitter:data1\" content=\"1 minut\" \/>\n<script type=\"application\/ld+json\" class=\"yoast-schema-graph\">{\"@context\":\"https:\\\/\\\/schema.org\",\"@graph\":[{\"@type\":[\"WebPage\",\"ItemPage\"],\"@id\":\"https:\\\/\\\/lustandlove.eu\\\/et\\\/toode\\\/noiduslik-massaazioli-tester\\\/\",\"url\":\"https:\\\/\\\/lustandlove.eu\\\/et\\\/toode\\\/noiduslik-massaazioli-tester\\\/\",\"name\":\"Bewitching Massage Oil - Does Not Stain Clothes or Sheets | Lust&Love\",\"isPartOf\":{\"@id\":\"https:\\\/\\\/lustandlove.eu\\\/et\\\/#website\"},\"primaryImageOfPage\":{\"@id\":\"https:\\\/\\\/lustandlove.eu\\\/et\\\/toode\\\/noiduslik-massaazioli-tester\\\/#primaryimage\"},\"image\":{\"@id\":\"https:\\\/\\\/lustandlove.eu\\\/et\\\/toode\\\/noiduslik-massaazioli-tester\\\/#primaryimage\"},\"thumbnailUrl\":\"https:\\\/\\\/lustandlove.eu\\\/wp-content\\\/uploads\\\/bewitching.jpg\",\"datePublished\":\"2021-05-28T05:05:59+00:00\",\"dateModified\":\"2026-04-13T07:43:28+00:00\",\"description\":\"YESforLOV Massaa\u017ei\u00f5li n\u00f5idusliku aroomiga on loodud \u00e4ratama sinu meeli.\",\"breadcrumb\":{\"@id\":\"https:\\\/\\\/lustandlove.eu\\\/et\\\/toode\\\/noiduslik-massaazioli-tester\\\/#breadcrumb\"},\"inLanguage\":\"et\",\"potentialAction\":[{\"@type\":\"ReadAction\",\"target\":[\"https:\\\/\\\/lustandlove.eu\\\/et\\\/toode\\\/noiduslik-massaazioli-tester\\\/\"]}]},{\"@type\":\"ImageObject\",\"inLanguage\":\"et\",\"@id\":\"https:\\\/\\\/lustandlove.eu\\\/et\\\/toode\\\/noiduslik-massaazioli-tester\\\/#primaryimage\",\"url\":\"https:\\\/\\\/lustandlove.eu\\\/wp-content\\\/uploads\\\/bewitching.jpg\",\"contentUrl\":\"https:\\\/\\\/lustandlove.eu\\\/wp-content\\\/uploads\\\/bewitching.jpg\",\"width\":1200,\"height\":1200},{\"@type\":\"BreadcrumbList\",\"@id\":\"https:\\\/\\\/lustandlove.eu\\\/et\\\/toode\\\/noiduslik-massaazioli-tester\\\/#breadcrumb\",\"itemListElement\":[{\"@type\":\"ListItem\",\"position\":1,\"name\":\"Lust and Love\",\"item\":\"https:\\\/\\\/lustandlove.eu\\\/et\\\/\"},{\"@type\":\"ListItem\",\"position\":2,\"name\":\"Pood\",\"item\":\"https:\\\/\\\/lustandlove.eu\\\/et\\\/pood\\\/\"},{\"@type\":\"ListItem\",\"position\":3,\"name\":\"Pakkumised\",\"item\":\"https:\\\/\\\/lustandlove.eu\\\/et\\\/pood\\\/pakkumised\\\/\"},{\"@type\":\"ListItem\",\"position\":4,\"name\":\"Testrid\",\"item\":\"https:\\\/\\\/lustandlove.eu\\\/et\\\/pood\\\/pakkumised\\\/testrid\\\/\"},{\"@type\":\"ListItem\",\"position\":5,\"name\":\"N\u00f5iduslik Massaazi\u00f5li Tester\"}]},{\"@type\":\"WebSite\",\"@id\":\"https:\\\/\\\/lustandlove.eu\\\/et\\\/#website\",\"url\":\"https:\\\/\\\/lustandlove.eu\\\/et\\\/\",\"name\":\"Lust &amp; Love\",\"description\":\"Online erootikapood tervise, ilu ja armastuse jaoks\",\"publisher\":{\"@id\":\"https:\\\/\\\/lustandlove.eu\\\/et\\\/#organization\"},\"potentialAction\":[{\"@type\":\"SearchAction\",\"target\":{\"@type\":\"EntryPoint\",\"urlTemplate\":\"https:\\\/\\\/lustandlove.eu\\\/et\\\/?s={search_term_string}\"},\"query-input\":{\"@type\":\"PropertyValueSpecification\",\"valueRequired\":true,\"valueName\":\"search_term_string\"}}],\"inLanguage\":\"et\"},{\"@type\":\"Organization\",\"@id\":\"https:\\\/\\\/lustandlove.eu\\\/et\\\/#organization\",\"name\":\"Bioconcept Baltics O\u00dc\",\"url\":\"https:\\\/\\\/lustandlove.eu\\\/et\\\/\",\"logo\":{\"@type\":\"ImageObject\",\"inLanguage\":\"et\",\"@id\":\"https:\\\/\\\/lustandlove.eu\\\/et\\\/#\\\/schema\\\/logo\\\/image\\\/\",\"url\":\"\",\"contentUrl\":\"\",\"caption\":\"Bioconcept Baltics O\u00dc\"},\"image\":{\"@id\":\"https:\\\/\\\/lustandlove.eu\\\/et\\\/#\\\/schema\\\/logo\\\/image\\\/\"},\"sameAs\":[\"https:\\\/\\\/www.facebook.com\\\/LustandLoveEU\\\/\",\"https:\\\/\\\/www.instagram.com\\\/lustandloveeu\\\/\"]}]}<\/script>\n<!-- \/ Yoast SEO plugin. -->","yoast_head_json":{"title":"Bewitching Massage Oil - Does Not Stain Clothes or Sheets | Lust&Love","description":"YESforLOV Massaa\u017ei\u00f5li n\u00f5idusliku aroomiga on loodud \u00e4ratama sinu meeli.","robots":{"index,follow,max-snippet":"index,follow,max-snippet:-1,max-image-preview:large,max-video-preview:-1"},"canonical":"https:\/\/lustandlove.eu\/et\/toode\/noiduslik-massaazioli-tester\/","twitter_card":"summary_large_image","twitter_title":"Bewitching Massage Oil - Does Not Stain Clothes or Sheets | Lust&Love","twitter_description":"YESforLOV Massaa\u017ei\u00f5li n\u00f5idusliku aroomiga on loodud \u00e4ratama sinu meeli.","twitter_image":"https:\/\/lustandlove.eu\/wp-content\/uploads\/bewitching.jpg","twitter_misc":{"Est. reading time":"1 minut"},"schema":{"@context":"https:\/\/schema.org","@graph":[{"@type":["WebPage","ItemPage"],"@id":"https:\/\/lustandlove.eu\/et\/toode\/noiduslik-massaazioli-tester\/","url":"https:\/\/lustandlove.eu\/et\/toode\/noiduslik-massaazioli-tester\/","name":"Bewitching Massage Oil - Does Not Stain Clothes or Sheets | Lust&Love","isPartOf":{"@id":"https:\/\/lustandlove.eu\/et\/#website"},"primaryImageOfPage":{"@id":"https:\/\/lustandlove.eu\/et\/toode\/noiduslik-massaazioli-tester\/#primaryimage"},"image":{"@id":"https:\/\/lustandlove.eu\/et\/toode\/noiduslik-massaazioli-tester\/#primaryimage"},"thumbnailUrl":"https:\/\/lustandlove.eu\/wp-content\/uploads\/bewitching.jpg","datePublished":"2021-05-28T05:05:59+00:00","dateModified":"2026-04-13T07:43:28+00:00","description":"YESforLOV Massaa\u017ei\u00f5li n\u00f5idusliku aroomiga on loodud \u00e4ratama sinu meeli.","breadcrumb":{"@id":"https:\/\/lustandlove.eu\/et\/toode\/noiduslik-massaazioli-tester\/#breadcrumb"},"inLanguage":"et","potentialAction":[{"@type":"ReadAction","target":["https:\/\/lustandlove.eu\/et\/toode\/noiduslik-massaazioli-tester\/"]}]},{"@type":"ImageObject","inLanguage":"et","@id":"https:\/\/lustandlove.eu\/et\/toode\/noiduslik-massaazioli-tester\/#primaryimage","url":"https:\/\/lustandlove.eu\/wp-content\/uploads\/bewitching.jpg","contentUrl":"https:\/\/lustandlove.eu\/wp-content\/uploads\/bewitching.jpg","width":1200,"height":1200},{"@type":"BreadcrumbList","@id":"https:\/\/lustandlove.eu\/et\/toode\/noiduslik-massaazioli-tester\/#breadcrumb","itemListElement":[{"@type":"ListItem","position":1,"name":"Lust and Love","item":"https:\/\/lustandlove.eu\/et\/"},{"@type":"ListItem","position":2,"name":"Pood","item":"https:\/\/lustandlove.eu\/et\/pood\/"},{"@type":"ListItem","position":3,"name":"Pakkumised","item":"https:\/\/lustandlove.eu\/et\/pood\/pakkumised\/"},{"@type":"ListItem","position":4,"name":"Testrid","item":"https:\/\/lustandlove.eu\/et\/pood\/pakkumised\/testrid\/"},{"@type":"ListItem","position":5,"name":"N\u00f5iduslik Massaazi\u00f5li Tester"}]},{"@type":"WebSite","@id":"https:\/\/lustandlove.eu\/et\/#website","url":"https:\/\/lustandlove.eu\/et\/","name":"Lust &amp; Love","description":"Online erootikapood tervise, ilu ja armastuse jaoks","publisher":{"@id":"https:\/\/lustandlove.eu\/et\/#organization"},"potentialAction":[{"@type":"SearchAction","target":{"@type":"EntryPoint","urlTemplate":"https:\/\/lustandlove.eu\/et\/?s={search_term_string}"},"query-input":{"@type":"PropertyValueSpecification","valueRequired":true,"valueName":"search_term_string"}}],"inLanguage":"et"},{"@type":"Organization","@id":"https:\/\/lustandlove.eu\/et\/#organization","name":"Bioconcept Baltics O\u00dc","url":"https:\/\/lustandlove.eu\/et\/","logo":{"@type":"ImageObject","inLanguage":"et","@id":"https:\/\/lustandlove.eu\/et\/#\/schema\/logo\/image\/","url":"","contentUrl":"","caption":"Bioconcept Baltics O\u00dc"},"image":{"@id":"https:\/\/lustandlove.eu\/et\/#\/schema\/logo\/image\/"},"sameAs":["https:\/\/www.facebook.com\/LustandLoveEU\/","https:\/\/www.instagram.com\/lustandloveeu\/"]}]}},"_links":{"self":[{"href":"https:\/\/lustandlove.eu\/et\/wp-json\/wp\/v2\/product\/48519","targetHints":{"allow":["GET"]}}],"collection":[{"href":"https:\/\/lustandlove.eu\/et\/wp-json\/wp\/v2\/product"}],"about":[{"href":"https:\/\/lustandlove.eu\/et\/wp-json\/wp\/v2\/types\/product"}],"wp:featuredmedia":[{"embeddable":true,"href":"https:\/\/lustandlove.eu\/et\/wp-json\/wp\/v2\/media\/47452"}],"wp:attachment":[{"href":"https:\/\/lustandlove.eu\/et\/wp-json\/wp\/v2\/media?parent=48519"}],"wp:term":[{"taxonomy":"product_brand","embeddable":true,"href":"https:\/\/lustandlove.eu\/et\/wp-json\/wp\/v2\/product_brand?post=48519"},{"taxonomy":"product_cat","embeddable":true,"href":"https:\/\/lustandlove.eu\/et\/wp-json\/wp\/v2\/product_cat?post=48519"},{"taxonomy":"product_tag","embeddable":true,"href":"https:\/\/lustandlove.eu\/et\/wp-json\/wp\/v2\/product_tag?post=48519"}],"curies":[{"name":"wp","href":"https:\/\/api.w.org\/{rel}","templated":true}]}}