{"id":48525,"date":"2021-05-28T08:05:28","date_gmt":"2021-05-28T05:05:28","guid":{"rendered":"https:\/\/www.lustandlove.eu\/product\/uberlube-tester-2ml\/"},"modified":"2026-04-13T10:43:29","modified_gmt":"2026-04-13T07:43:29","slug":"uberlube-tester-2ml","status":"publish","type":"product","link":"https:\/\/lustandlove.eu\/et\/toode\/uberlube-tester-2ml\/","title":{"rendered":"\u00dcberlube Tester 2ml"},"content":{"rendered":"<p>\u00dcberlube tester on silikooni baasil tehtud libesti, mis laseb sul tunda k\u00f5ike, mida sa tunda tahad.<\/p>\n<p>Toodet soovitatakse kasutada seksi ajal ja paljuks muukski. \u00dcberlube loodi m\u00f5eldes seksile, aga selle koostisosad on nii puhtad ja viimistletud, et seda saab kasutada mitmeteks tegevusteks.<\/p>\n<h3><strong>Seks<\/strong><\/h3>\n<p>Meestele, naistele, geidele ja heterodele, noortele ja vanadele \u2013 \u00dcberlube tester on libesti k\u00f5igile, et v\u00e4hendada h\u00f5\u00f5rdumist, mitte sensatsioone.<\/p>\n<p>Inimesed armastavad seda libestit, kuna see j\u00e4tab naha siidselt pehmeks, see on kondoomis\u00f5bralik ja see aurab \u00e4ra, kui h\u00f5\u00f5rdumine l\u00f5ppeb. Seda soovitavad ka arstid.<\/p>\n<p>Toode on l\u00f5hna- ja v\u00e4rvivaba.<\/p>\n<h3><strong>Stiil<\/strong><\/h3>\n<p>\u00dcberlube sobib kasutamiseks juustes, kuna sellel on pusavastane m\u00f5ju, see silendab juukseid ja taastab neid. Kuna \u00dcberlube\u2019i koostisained on lihtsad ja kehas\u00f5bralikud, on sellel funktsioone piiritlematult.<\/p>\n<h3><strong>Sport<\/strong><\/h3>\n<p>Kui treenid triatloni jaoks v\u00f5i hoiad end lihtsalt vormis, aitab \u00dcberlube sind h\u00f5\u00f5rdumise vastu.<\/p>\n<p>Sportlased armastavad \u00fcberlube\u2019i, kuna v\u00e4ike kogus kestab kaua, see aurab \u00e4ra kui h\u00f5\u00f5rdumine kaob ning j\u00e4tab naha puhtaks ja siledaks. See on higi- ja veekindel, kehas\u00f5bralik, l\u00f5hnatu ning saadaval diskreetses reisipakendis.<\/p>\n","protected":false},"excerpt":{"rendered":"<p>\u00dcberlube tester on silikooni baasil tehtud libesti, mis laseb sul tunda k\u00f5ike, mida sa tunda tahad.<\/p>\n","protected":false},"featured_media":47446,"template":"","meta":[],"product_brand":[4250],"product_cat":[1467,1460,1501,3975,1504],"product_tag":[1569,4128,1539],"class_list":{"0":"post-48525","1":"product","2":"type-product","3":"status-publish","4":"has-post-thumbnail","6":"product_brand-uberlube-et","7":"product_cat-libestid","8":"product_cat-apteek","9":"product_cat-pakkumised","10":"product_cat-silikooni-baasil","11":"product_cat-testrid","12":"product_tag-latexi-sobralik","13":"product_tag-lubricant-et","14":"product_tag-tester-et","15":"pa_brand-uberlube-et","17":"first","18":"instock","19":"taxable","20":"shipping-taxable","21":"purchasable","22":"product-type-simple"},"yoast_head":"<!-- This site is optimized with the Yoast SEO plugin v27.3 - https:\/\/yoast.com\/product\/yoast-seo-wordpress\/ -->\n<title>Uberlube 3ml Silicone based tester lubricant - Lust&amp;Love<\/title>\n<meta name=\"description\" content=\"\u00dcberlube tester on silikooni baasil tehtud libesti, mis laseb sul tunda k\u00f5ike, mida sa tunda tahad.\" \/>\n<meta name=\"robots\" content=\"index,follow,max-snippet:-1,max-image-preview:large,max-video-preview:-1\" \/>\n<link rel=\"canonical\" href=\"https:\/\/lustandlove.eu\/et\/toode\/uberlube-tester-2ml\/\" \/>\n<meta name=\"twitter:card\" content=\"summary_large_image\" \/>\n<meta name=\"twitter:title\" content=\"Uberlube 3ml Silicone based tester lubricant - Lust&amp;Love\" \/>\n<meta name=\"twitter:description\" content=\"\u00dcberlube tester on silikooni baasil tehtud libesti, mis laseb sul tunda k\u00f5ike, mida sa tunda tahad.\" \/>\n<meta name=\"twitter:image\" content=\"https:\/\/lustandlove.eu\/wp-content\/uploads\/uberlube-2.5.jpg\" \/>\n<meta name=\"twitter:label1\" content=\"Est. reading time\" \/>\n\t<meta name=\"twitter:data1\" content=\"1 minut\" \/>\n<script type=\"application\/ld+json\" class=\"yoast-schema-graph\">{\"@context\":\"https:\\\/\\\/schema.org\",\"@graph\":[{\"@type\":[\"WebPage\",\"ItemPage\"],\"@id\":\"https:\\\/\\\/lustandlove.eu\\\/et\\\/toode\\\/uberlube-tester-2ml\\\/\",\"url\":\"https:\\\/\\\/lustandlove.eu\\\/et\\\/toode\\\/uberlube-tester-2ml\\\/\",\"name\":\"Uberlube 3ml Silicone based tester lubricant - Lust&Love\",\"isPartOf\":{\"@id\":\"https:\\\/\\\/lustandlove.eu\\\/et\\\/#website\"},\"primaryImageOfPage\":{\"@id\":\"https:\\\/\\\/lustandlove.eu\\\/et\\\/toode\\\/uberlube-tester-2ml\\\/#primaryimage\"},\"image\":{\"@id\":\"https:\\\/\\\/lustandlove.eu\\\/et\\\/toode\\\/uberlube-tester-2ml\\\/#primaryimage\"},\"thumbnailUrl\":\"https:\\\/\\\/lustandlove.eu\\\/wp-content\\\/uploads\\\/uberlube-2.5.jpg\",\"datePublished\":\"2021-05-28T05:05:28+00:00\",\"dateModified\":\"2026-04-13T07:43:29+00:00\",\"description\":\"\u00dcberlube tester on silikooni baasil tehtud libesti, mis laseb sul tunda k\u00f5ike, mida sa tunda tahad.\",\"breadcrumb\":{\"@id\":\"https:\\\/\\\/lustandlove.eu\\\/et\\\/toode\\\/uberlube-tester-2ml\\\/#breadcrumb\"},\"inLanguage\":\"et\",\"potentialAction\":[{\"@type\":\"ReadAction\",\"target\":[\"https:\\\/\\\/lustandlove.eu\\\/et\\\/toode\\\/uberlube-tester-2ml\\\/\"]}]},{\"@type\":\"ImageObject\",\"inLanguage\":\"et\",\"@id\":\"https:\\\/\\\/lustandlove.eu\\\/et\\\/toode\\\/uberlube-tester-2ml\\\/#primaryimage\",\"url\":\"https:\\\/\\\/lustandlove.eu\\\/wp-content\\\/uploads\\\/uberlube-2.5.jpg\",\"contentUrl\":\"https:\\\/\\\/lustandlove.eu\\\/wp-content\\\/uploads\\\/uberlube-2.5.jpg\",\"width\":355,\"height\":355},{\"@type\":\"BreadcrumbList\",\"@id\":\"https:\\\/\\\/lustandlove.eu\\\/et\\\/toode\\\/uberlube-tester-2ml\\\/#breadcrumb\",\"itemListElement\":[{\"@type\":\"ListItem\",\"position\":1,\"name\":\"Lust and Love\",\"item\":\"https:\\\/\\\/lustandlove.eu\\\/et\\\/\"},{\"@type\":\"ListItem\",\"position\":2,\"name\":\"Pood\",\"item\":\"https:\\\/\\\/lustandlove.eu\\\/et\\\/pood\\\/\"},{\"@type\":\"ListItem\",\"position\":3,\"name\":\"Libestid ja kehahooldus\",\"item\":\"https:\\\/\\\/lustandlove.eu\\\/et\\\/pood\\\/apteek\\\/\"},{\"@type\":\"ListItem\",\"position\":4,\"name\":\"Libestid\",\"item\":\"https:\\\/\\\/lustandlove.eu\\\/et\\\/pood\\\/apteek\\\/libestid\\\/\"},{\"@type\":\"ListItem\",\"position\":5,\"name\":\"Silikooni baasil\",\"item\":\"https:\\\/\\\/lustandlove.eu\\\/et\\\/pood\\\/apteek\\\/libestid\\\/silikooni-baasil\\\/\"},{\"@type\":\"ListItem\",\"position\":6,\"name\":\"\u00dcberlube Tester 2ml\"}]},{\"@type\":\"WebSite\",\"@id\":\"https:\\\/\\\/lustandlove.eu\\\/et\\\/#website\",\"url\":\"https:\\\/\\\/lustandlove.eu\\\/et\\\/\",\"name\":\"Lust &amp; Love\",\"description\":\"Online erootikapood tervise, ilu ja armastuse jaoks\",\"publisher\":{\"@id\":\"https:\\\/\\\/lustandlove.eu\\\/et\\\/#organization\"},\"potentialAction\":[{\"@type\":\"SearchAction\",\"target\":{\"@type\":\"EntryPoint\",\"urlTemplate\":\"https:\\\/\\\/lustandlove.eu\\\/et\\\/?s={search_term_string}\"},\"query-input\":{\"@type\":\"PropertyValueSpecification\",\"valueRequired\":true,\"valueName\":\"search_term_string\"}}],\"inLanguage\":\"et\"},{\"@type\":\"Organization\",\"@id\":\"https:\\\/\\\/lustandlove.eu\\\/et\\\/#organization\",\"name\":\"Bioconcept Baltics O\u00dc\",\"url\":\"https:\\\/\\\/lustandlove.eu\\\/et\\\/\",\"logo\":{\"@type\":\"ImageObject\",\"inLanguage\":\"et\",\"@id\":\"https:\\\/\\\/lustandlove.eu\\\/et\\\/#\\\/schema\\\/logo\\\/image\\\/\",\"url\":\"\",\"contentUrl\":\"\",\"caption\":\"Bioconcept Baltics O\u00dc\"},\"image\":{\"@id\":\"https:\\\/\\\/lustandlove.eu\\\/et\\\/#\\\/schema\\\/logo\\\/image\\\/\"},\"sameAs\":[\"https:\\\/\\\/www.facebook.com\\\/LustandLoveEU\\\/\",\"https:\\\/\\\/www.instagram.com\\\/lustandloveeu\\\/\"]}]}<\/script>\n<!-- \/ Yoast SEO plugin. -->","yoast_head_json":{"title":"Uberlube 3ml Silicone based tester lubricant - Lust&Love","description":"\u00dcberlube tester on silikooni baasil tehtud libesti, mis laseb sul tunda k\u00f5ike, mida sa tunda tahad.","robots":{"index,follow,max-snippet":"index,follow,max-snippet:-1,max-image-preview:large,max-video-preview:-1"},"canonical":"https:\/\/lustandlove.eu\/et\/toode\/uberlube-tester-2ml\/","twitter_card":"summary_large_image","twitter_title":"Uberlube 3ml Silicone based tester lubricant - Lust&Love","twitter_description":"\u00dcberlube tester on silikooni baasil tehtud libesti, mis laseb sul tunda k\u00f5ike, mida sa tunda tahad.","twitter_image":"https:\/\/lustandlove.eu\/wp-content\/uploads\/uberlube-2.5.jpg","twitter_misc":{"Est. reading time":"1 minut"},"schema":{"@context":"https:\/\/schema.org","@graph":[{"@type":["WebPage","ItemPage"],"@id":"https:\/\/lustandlove.eu\/et\/toode\/uberlube-tester-2ml\/","url":"https:\/\/lustandlove.eu\/et\/toode\/uberlube-tester-2ml\/","name":"Uberlube 3ml Silicone based tester lubricant - Lust&Love","isPartOf":{"@id":"https:\/\/lustandlove.eu\/et\/#website"},"primaryImageOfPage":{"@id":"https:\/\/lustandlove.eu\/et\/toode\/uberlube-tester-2ml\/#primaryimage"},"image":{"@id":"https:\/\/lustandlove.eu\/et\/toode\/uberlube-tester-2ml\/#primaryimage"},"thumbnailUrl":"https:\/\/lustandlove.eu\/wp-content\/uploads\/uberlube-2.5.jpg","datePublished":"2021-05-28T05:05:28+00:00","dateModified":"2026-04-13T07:43:29+00:00","description":"\u00dcberlube tester on silikooni baasil tehtud libesti, mis laseb sul tunda k\u00f5ike, mida sa tunda tahad.","breadcrumb":{"@id":"https:\/\/lustandlove.eu\/et\/toode\/uberlube-tester-2ml\/#breadcrumb"},"inLanguage":"et","potentialAction":[{"@type":"ReadAction","target":["https:\/\/lustandlove.eu\/et\/toode\/uberlube-tester-2ml\/"]}]},{"@type":"ImageObject","inLanguage":"et","@id":"https:\/\/lustandlove.eu\/et\/toode\/uberlube-tester-2ml\/#primaryimage","url":"https:\/\/lustandlove.eu\/wp-content\/uploads\/uberlube-2.5.jpg","contentUrl":"https:\/\/lustandlove.eu\/wp-content\/uploads\/uberlube-2.5.jpg","width":355,"height":355},{"@type":"BreadcrumbList","@id":"https:\/\/lustandlove.eu\/et\/toode\/uberlube-tester-2ml\/#breadcrumb","itemListElement":[{"@type":"ListItem","position":1,"name":"Lust and Love","item":"https:\/\/lustandlove.eu\/et\/"},{"@type":"ListItem","position":2,"name":"Pood","item":"https:\/\/lustandlove.eu\/et\/pood\/"},{"@type":"ListItem","position":3,"name":"Libestid ja kehahooldus","item":"https:\/\/lustandlove.eu\/et\/pood\/apteek\/"},{"@type":"ListItem","position":4,"name":"Libestid","item":"https:\/\/lustandlove.eu\/et\/pood\/apteek\/libestid\/"},{"@type":"ListItem","position":5,"name":"Silikooni baasil","item":"https:\/\/lustandlove.eu\/et\/pood\/apteek\/libestid\/silikooni-baasil\/"},{"@type":"ListItem","position":6,"name":"\u00dcberlube Tester 2ml"}]},{"@type":"WebSite","@id":"https:\/\/lustandlove.eu\/et\/#website","url":"https:\/\/lustandlove.eu\/et\/","name":"Lust &amp; Love","description":"Online erootikapood tervise, ilu ja armastuse jaoks","publisher":{"@id":"https:\/\/lustandlove.eu\/et\/#organization"},"potentialAction":[{"@type":"SearchAction","target":{"@type":"EntryPoint","urlTemplate":"https:\/\/lustandlove.eu\/et\/?s={search_term_string}"},"query-input":{"@type":"PropertyValueSpecification","valueRequired":true,"valueName":"search_term_string"}}],"inLanguage":"et"},{"@type":"Organization","@id":"https:\/\/lustandlove.eu\/et\/#organization","name":"Bioconcept Baltics O\u00dc","url":"https:\/\/lustandlove.eu\/et\/","logo":{"@type":"ImageObject","inLanguage":"et","@id":"https:\/\/lustandlove.eu\/et\/#\/schema\/logo\/image\/","url":"","contentUrl":"","caption":"Bioconcept Baltics O\u00dc"},"image":{"@id":"https:\/\/lustandlove.eu\/et\/#\/schema\/logo\/image\/"},"sameAs":["https:\/\/www.facebook.com\/LustandLoveEU\/","https:\/\/www.instagram.com\/lustandloveeu\/"]}]}},"_links":{"self":[{"href":"https:\/\/lustandlove.eu\/et\/wp-json\/wp\/v2\/product\/48525","targetHints":{"allow":["GET"]}}],"collection":[{"href":"https:\/\/lustandlove.eu\/et\/wp-json\/wp\/v2\/product"}],"about":[{"href":"https:\/\/lustandlove.eu\/et\/wp-json\/wp\/v2\/types\/product"}],"wp:featuredmedia":[{"embeddable":true,"href":"https:\/\/lustandlove.eu\/et\/wp-json\/wp\/v2\/media\/47446"}],"wp:attachment":[{"href":"https:\/\/lustandlove.eu\/et\/wp-json\/wp\/v2\/media?parent=48525"}],"wp:term":[{"taxonomy":"product_brand","embeddable":true,"href":"https:\/\/lustandlove.eu\/et\/wp-json\/wp\/v2\/product_brand?post=48525"},{"taxonomy":"product_cat","embeddable":true,"href":"https:\/\/lustandlove.eu\/et\/wp-json\/wp\/v2\/product_cat?post=48525"},{"taxonomy":"product_tag","embeddable":true,"href":"https:\/\/lustandlove.eu\/et\/wp-json\/wp\/v2\/product_tag?post=48525"}],"curies":[{"name":"wp","href":"https:\/\/api.w.org\/{rel}","templated":true}]}}