{"id":48535,"date":"2021-05-28T08:02:56","date_gmt":"2021-05-28T05:02:56","guid":{"rendered":"https:\/\/www.lustandlove.eu\/product\/peeniserongas-mini-lite\/"},"modified":"2026-04-13T10:43:33","modified_gmt":"2026-04-13T07:43:33","slug":"peeniserongas-mini-lite","status":"publish","type":"product","link":"https:\/\/lustandlove.eu\/et\/toode\/peeniserongas-mini-lite\/","title":{"rendered":"Peeniser\u00f5ngas Mini Lite"},"content":{"rendered":"<p>Lisa voodis veidike suminat Je Joue peeniser\u00f5ngaga. Mini Peeniser\u00f5ngas on disainitud pakkuma vahekorra ajal m\u00f5nu nii mehele kui naisele.<\/p>\n<p>NB! Toode ei sisalda mootorit.<\/p>\n<p>Iga Je Joue toote ostuga kaasa tasuta v\u00e4ike aromaatne massaa\u017eik\u00fc\u00fcnal!<\/p>\n","protected":false},"excerpt":{"rendered":"<p>Lisa voodis veidike suminat Je Joue peeniser\u00f5ngaga. Mini Peeniser\u00f5ngas on disainitud pakkuma vahekorra ajal m\u00f5nu nii mehele kui naisele.<\/p>\n","protected":false},"featured_media":47423,"template":"","meta":[],"product_brand":[4213],"product_cat":[1477,1478],"product_tag":[1553,2899],"class_list":{"0":"post-48535","1":"product","2":"type-product","3":"status-publish","4":"has-post-thumbnail","6":"product_brand-ooh-et","7":"product_cat-meestele","8":"product_cat-peeniserongad","9":"product_tag-peenise-rongas","10":"product_tag-peeniserongas","11":"pa_brand-ooh-et","13":"first","14":"instock","15":"taxable","16":"shipping-taxable","17":"purchasable","18":"product-type-simple"},"yoast_head":"<!-- This site is optimized with the Yoast SEO plugin v27.3 - https:\/\/yoast.com\/product\/yoast-seo-wordpress\/ -->\n<title>Ooh Cock Ring by Je Joue | Lust &amp; Love Sex Shop<\/title>\n<meta name=\"description\" content=\"Lisa voodis veidike suminat Je Joue peeniser\u00f5ngaga. Mini Peeniser\u00f5ngas on disainitud pakkuma vahekorra ajal m\u00f5nu nii mehele kui naisele.\" \/>\n<meta name=\"robots\" content=\"index,follow,max-snippet:-1,max-image-preview:large,max-video-preview:-1\" \/>\n<link rel=\"canonical\" href=\"https:\/\/lustandlove.eu\/et\/toode\/peeniserongas-mini-lite\/\" \/>\n<meta name=\"twitter:card\" content=\"summary_large_image\" \/>\n<meta name=\"twitter:title\" content=\"Ooh Cock Ring by Je Joue | Lust &amp; Love Sex Shop\" \/>\n<meta name=\"twitter:description\" content=\"Lisa voodis veidike suminat Je Joue peeniser\u00f5ngaga. Mini Peeniser\u00f5ngas on disainitud pakkuma vahekorra ajal m\u00f5nu nii mehele kui naisele.\" \/>\n<meta name=\"twitter:image\" content=\"https:\/\/lustandlove.eu\/wp-content\/uploads\/ooh-cock-ring-lite-sky-blue-je-joue-ooh-mini-peeniserongas.jpg\" \/>\n<script type=\"application\/ld+json\" class=\"yoast-schema-graph\">{\"@context\":\"https:\\\/\\\/schema.org\",\"@graph\":[{\"@type\":[\"WebPage\",\"ItemPage\"],\"@id\":\"https:\\\/\\\/lustandlove.eu\\\/et\\\/toode\\\/peeniserongas-mini-lite\\\/\",\"url\":\"https:\\\/\\\/lustandlove.eu\\\/et\\\/toode\\\/peeniserongas-mini-lite\\\/\",\"name\":\"Ooh Cock Ring by Je Joue | Lust & Love Sex Shop\",\"isPartOf\":{\"@id\":\"https:\\\/\\\/lustandlove.eu\\\/et\\\/#website\"},\"primaryImageOfPage\":{\"@id\":\"https:\\\/\\\/lustandlove.eu\\\/et\\\/toode\\\/peeniserongas-mini-lite\\\/#primaryimage\"},\"image\":{\"@id\":\"https:\\\/\\\/lustandlove.eu\\\/et\\\/toode\\\/peeniserongas-mini-lite\\\/#primaryimage\"},\"thumbnailUrl\":\"https:\\\/\\\/lustandlove.eu\\\/wp-content\\\/uploads\\\/ooh-cock-ring-lite-sky-blue-je-joue-ooh-mini-peeniserongas.jpg\",\"datePublished\":\"2021-05-28T05:02:56+00:00\",\"dateModified\":\"2026-04-13T07:43:33+00:00\",\"description\":\"Lisa voodis veidike suminat Je Joue peeniser\u00f5ngaga. Mini Peeniser\u00f5ngas on disainitud pakkuma vahekorra ajal m\u00f5nu nii mehele kui naisele.\",\"breadcrumb\":{\"@id\":\"https:\\\/\\\/lustandlove.eu\\\/et\\\/toode\\\/peeniserongas-mini-lite\\\/#breadcrumb\"},\"inLanguage\":\"et\",\"potentialAction\":[{\"@type\":\"ReadAction\",\"target\":[\"https:\\\/\\\/lustandlove.eu\\\/et\\\/toode\\\/peeniserongas-mini-lite\\\/\"]}]},{\"@type\":\"ImageObject\",\"inLanguage\":\"et\",\"@id\":\"https:\\\/\\\/lustandlove.eu\\\/et\\\/toode\\\/peeniserongas-mini-lite\\\/#primaryimage\",\"url\":\"https:\\\/\\\/lustandlove.eu\\\/wp-content\\\/uploads\\\/ooh-cock-ring-lite-sky-blue-je-joue-ooh-mini-peeniserongas.jpg\",\"contentUrl\":\"https:\\\/\\\/lustandlove.eu\\\/wp-content\\\/uploads\\\/ooh-cock-ring-lite-sky-blue-je-joue-ooh-mini-peeniserongas.jpg\",\"width\":700,\"height\":700},{\"@type\":\"BreadcrumbList\",\"@id\":\"https:\\\/\\\/lustandlove.eu\\\/et\\\/toode\\\/peeniserongas-mini-lite\\\/#breadcrumb\",\"itemListElement\":[{\"@type\":\"ListItem\",\"position\":1,\"name\":\"Lust and Love\",\"item\":\"https:\\\/\\\/lustandlove.eu\\\/et\\\/\"},{\"@type\":\"ListItem\",\"position\":2,\"name\":\"Pood\",\"item\":\"https:\\\/\\\/lustandlove.eu\\\/et\\\/pood\\\/\"},{\"@type\":\"ListItem\",\"position\":3,\"name\":\"Meestele\",\"item\":\"https:\\\/\\\/lustandlove.eu\\\/et\\\/pood\\\/meestele\\\/\"},{\"@type\":\"ListItem\",\"position\":4,\"name\":\"Peeniser\u00f5ngad\",\"item\":\"https:\\\/\\\/lustandlove.eu\\\/et\\\/pood\\\/meestele\\\/peeniserongad\\\/\"},{\"@type\":\"ListItem\",\"position\":5,\"name\":\"Peeniser\u00f5ngas Mini Lite\"}]},{\"@type\":\"WebSite\",\"@id\":\"https:\\\/\\\/lustandlove.eu\\\/et\\\/#website\",\"url\":\"https:\\\/\\\/lustandlove.eu\\\/et\\\/\",\"name\":\"Lust &amp; Love\",\"description\":\"Online erootikapood tervise, ilu ja armastuse jaoks\",\"publisher\":{\"@id\":\"https:\\\/\\\/lustandlove.eu\\\/et\\\/#organization\"},\"potentialAction\":[{\"@type\":\"SearchAction\",\"target\":{\"@type\":\"EntryPoint\",\"urlTemplate\":\"https:\\\/\\\/lustandlove.eu\\\/et\\\/?s={search_term_string}\"},\"query-input\":{\"@type\":\"PropertyValueSpecification\",\"valueRequired\":true,\"valueName\":\"search_term_string\"}}],\"inLanguage\":\"et\"},{\"@type\":\"Organization\",\"@id\":\"https:\\\/\\\/lustandlove.eu\\\/et\\\/#organization\",\"name\":\"Bioconcept Baltics O\u00dc\",\"url\":\"https:\\\/\\\/lustandlove.eu\\\/et\\\/\",\"logo\":{\"@type\":\"ImageObject\",\"inLanguage\":\"et\",\"@id\":\"https:\\\/\\\/lustandlove.eu\\\/et\\\/#\\\/schema\\\/logo\\\/image\\\/\",\"url\":\"\",\"contentUrl\":\"\",\"caption\":\"Bioconcept Baltics O\u00dc\"},\"image\":{\"@id\":\"https:\\\/\\\/lustandlove.eu\\\/et\\\/#\\\/schema\\\/logo\\\/image\\\/\"},\"sameAs\":[\"https:\\\/\\\/www.facebook.com\\\/LustandLoveEU\\\/\",\"https:\\\/\\\/www.instagram.com\\\/lustandloveeu\\\/\"]}]}<\/script>\n<!-- \/ Yoast SEO plugin. -->","yoast_head_json":{"title":"Ooh Cock Ring by Je Joue | Lust & Love Sex Shop","description":"Lisa voodis veidike suminat Je Joue peeniser\u00f5ngaga. Mini Peeniser\u00f5ngas on disainitud pakkuma vahekorra ajal m\u00f5nu nii mehele kui naisele.","robots":{"index,follow,max-snippet":"index,follow,max-snippet:-1,max-image-preview:large,max-video-preview:-1"},"canonical":"https:\/\/lustandlove.eu\/et\/toode\/peeniserongas-mini-lite\/","twitter_card":"summary_large_image","twitter_title":"Ooh Cock Ring by Je Joue | Lust & Love Sex Shop","twitter_description":"Lisa voodis veidike suminat Je Joue peeniser\u00f5ngaga. Mini Peeniser\u00f5ngas on disainitud pakkuma vahekorra ajal m\u00f5nu nii mehele kui naisele.","twitter_image":"https:\/\/lustandlove.eu\/wp-content\/uploads\/ooh-cock-ring-lite-sky-blue-je-joue-ooh-mini-peeniserongas.jpg","schema":{"@context":"https:\/\/schema.org","@graph":[{"@type":["WebPage","ItemPage"],"@id":"https:\/\/lustandlove.eu\/et\/toode\/peeniserongas-mini-lite\/","url":"https:\/\/lustandlove.eu\/et\/toode\/peeniserongas-mini-lite\/","name":"Ooh Cock Ring by Je Joue | Lust & Love Sex Shop","isPartOf":{"@id":"https:\/\/lustandlove.eu\/et\/#website"},"primaryImageOfPage":{"@id":"https:\/\/lustandlove.eu\/et\/toode\/peeniserongas-mini-lite\/#primaryimage"},"image":{"@id":"https:\/\/lustandlove.eu\/et\/toode\/peeniserongas-mini-lite\/#primaryimage"},"thumbnailUrl":"https:\/\/lustandlove.eu\/wp-content\/uploads\/ooh-cock-ring-lite-sky-blue-je-joue-ooh-mini-peeniserongas.jpg","datePublished":"2021-05-28T05:02:56+00:00","dateModified":"2026-04-13T07:43:33+00:00","description":"Lisa voodis veidike suminat Je Joue peeniser\u00f5ngaga. Mini Peeniser\u00f5ngas on disainitud pakkuma vahekorra ajal m\u00f5nu nii mehele kui naisele.","breadcrumb":{"@id":"https:\/\/lustandlove.eu\/et\/toode\/peeniserongas-mini-lite\/#breadcrumb"},"inLanguage":"et","potentialAction":[{"@type":"ReadAction","target":["https:\/\/lustandlove.eu\/et\/toode\/peeniserongas-mini-lite\/"]}]},{"@type":"ImageObject","inLanguage":"et","@id":"https:\/\/lustandlove.eu\/et\/toode\/peeniserongas-mini-lite\/#primaryimage","url":"https:\/\/lustandlove.eu\/wp-content\/uploads\/ooh-cock-ring-lite-sky-blue-je-joue-ooh-mini-peeniserongas.jpg","contentUrl":"https:\/\/lustandlove.eu\/wp-content\/uploads\/ooh-cock-ring-lite-sky-blue-je-joue-ooh-mini-peeniserongas.jpg","width":700,"height":700},{"@type":"BreadcrumbList","@id":"https:\/\/lustandlove.eu\/et\/toode\/peeniserongas-mini-lite\/#breadcrumb","itemListElement":[{"@type":"ListItem","position":1,"name":"Lust and Love","item":"https:\/\/lustandlove.eu\/et\/"},{"@type":"ListItem","position":2,"name":"Pood","item":"https:\/\/lustandlove.eu\/et\/pood\/"},{"@type":"ListItem","position":3,"name":"Meestele","item":"https:\/\/lustandlove.eu\/et\/pood\/meestele\/"},{"@type":"ListItem","position":4,"name":"Peeniser\u00f5ngad","item":"https:\/\/lustandlove.eu\/et\/pood\/meestele\/peeniserongad\/"},{"@type":"ListItem","position":5,"name":"Peeniser\u00f5ngas Mini Lite"}]},{"@type":"WebSite","@id":"https:\/\/lustandlove.eu\/et\/#website","url":"https:\/\/lustandlove.eu\/et\/","name":"Lust &amp; Love","description":"Online erootikapood tervise, ilu ja armastuse jaoks","publisher":{"@id":"https:\/\/lustandlove.eu\/et\/#organization"},"potentialAction":[{"@type":"SearchAction","target":{"@type":"EntryPoint","urlTemplate":"https:\/\/lustandlove.eu\/et\/?s={search_term_string}"},"query-input":{"@type":"PropertyValueSpecification","valueRequired":true,"valueName":"search_term_string"}}],"inLanguage":"et"},{"@type":"Organization","@id":"https:\/\/lustandlove.eu\/et\/#organization","name":"Bioconcept Baltics O\u00dc","url":"https:\/\/lustandlove.eu\/et\/","logo":{"@type":"ImageObject","inLanguage":"et","@id":"https:\/\/lustandlove.eu\/et\/#\/schema\/logo\/image\/","url":"","contentUrl":"","caption":"Bioconcept Baltics O\u00dc"},"image":{"@id":"https:\/\/lustandlove.eu\/et\/#\/schema\/logo\/image\/"},"sameAs":["https:\/\/www.facebook.com\/LustandLoveEU\/","https:\/\/www.instagram.com\/lustandloveeu\/"]}]}},"_links":{"self":[{"href":"https:\/\/lustandlove.eu\/et\/wp-json\/wp\/v2\/product\/48535","targetHints":{"allow":["GET"]}}],"collection":[{"href":"https:\/\/lustandlove.eu\/et\/wp-json\/wp\/v2\/product"}],"about":[{"href":"https:\/\/lustandlove.eu\/et\/wp-json\/wp\/v2\/types\/product"}],"wp:featuredmedia":[{"embeddable":true,"href":"https:\/\/lustandlove.eu\/et\/wp-json\/wp\/v2\/media\/47423"}],"wp:attachment":[{"href":"https:\/\/lustandlove.eu\/et\/wp-json\/wp\/v2\/media?parent=48535"}],"wp:term":[{"taxonomy":"product_brand","embeddable":true,"href":"https:\/\/lustandlove.eu\/et\/wp-json\/wp\/v2\/product_brand?post=48535"},{"taxonomy":"product_cat","embeddable":true,"href":"https:\/\/lustandlove.eu\/et\/wp-json\/wp\/v2\/product_cat?post=48535"},{"taxonomy":"product_tag","embeddable":true,"href":"https:\/\/lustandlove.eu\/et\/wp-json\/wp\/v2\/product_tag?post=48535"}],"curies":[{"name":"wp","href":"https:\/\/api.w.org\/{rel}","templated":true}]}}