{"id":48538,"date":"2021-05-28T08:02:56","date_gmt":"2021-05-28T05:02:56","guid":{"rendered":"https:\/\/www.lustandlove.eu\/product\/grabbit-rabbit-vibrator-gvibe\/"},"modified":"2026-04-13T10:43:32","modified_gmt":"2026-04-13T07:43:32","slug":"grabbit-rabbit-vibrator-gvibe","status":"publish","type":"product","link":"https:\/\/lustandlove.eu\/et\/toode\/grabbit-rabbit-vibrator-gvibe\/","title":{"rendered":"GRabbit"},"content":{"rendered":"<p>See Bioskin materjaliga (Bioskin meenutab p\u00e4ris nahka) Grabbit vibraator saab uhkustada oma kolme v\u00f5imsa ent vaikse mootoriga: \u00fcks mootor tipus G-punkti stimuleerimiseks, kaks mootorit j\u00e4nku k\u00f5rvakestes kliitori stimuleerimiseks. Optimaalne t\u00f6\u00f6aeg laetuna kuni neli tundi.<\/p>\n<p>Kuus erinevat vibratsioonimustrit erinevate vibratsioonitasemetega meelep\u00e4raseks stimulatsiooniks.<\/p>\n<p>Grabbit vibraator on vannis v\u00f5i du\u0161i all ekstra vallatu t\u00e4nu 100% veekindlusele.<\/p>\n","protected":false},"excerpt":{"rendered":"<p>See Bioskin materjaliga (Bioskin meenutab p\u00e4ris nahka) Grabbit vibraator saab uhkustada oma kolme v\u00f5imsa ent vaikse mootoriga<\/p>\n","protected":false},"featured_media":85931,"template":"","meta":[],"product_brand":[4208],"product_cat":[3977,1484,1488],"product_tag":[3883],"class_list":{"0":"post-48538","1":"product","2":"type-product","3":"status-publish","4":"has-post-thumbnail","6":"product_brand-gvibe-et","7":"product_cat-janese","8":"product_cat-sekslelud","9":"product_cat-vibraatorid","10":"product_tag-rabbit-et","11":"pa_brand-gvibe-et","13":"first","14":"instock","15":"taxable","16":"shipping-taxable","17":"purchasable","18":"product-type-simple"},"yoast_head":"<!-- This site is optimized with the Yoast SEO plugin v27.3 - https:\/\/yoast.com\/product\/yoast-seo-wordpress\/ -->\n<title>GRabbit 99.90\u20ac | Lust and Love<\/title>\n<meta name=\"description\" content=\"See Bioskin materjaliga (Bioskin meenutab p\u00e4ris nahka) Grabbit vibraator saab uhkustada oma kolme v\u00f5imsa ent vaikse mootoriga\" \/>\n<meta name=\"robots\" content=\"index,follow,max-snippet:-1,max-image-preview:large,max-video-preview:-1\" \/>\n<link rel=\"canonical\" href=\"https:\/\/lustandlove.eu\/et\/toode\/grabbit-rabbit-vibrator-gvibe\/\" \/>\n<meta name=\"twitter:card\" content=\"summary_large_image\" \/>\n<meta name=\"twitter:title\" content=\"GRabbit 99.90\u20ac | Lust and Love\" \/>\n<meta name=\"twitter:description\" content=\"See Bioskin materjaliga (Bioskin meenutab p\u00e4ris nahka) Grabbit vibraator saab uhkustada oma kolme v\u00f5imsa ent vaikse mootoriga\" \/>\n<meta name=\"twitter:image\" content=\"https:\/\/lustandlove.eu\/wp-content\/uploads\/Gvibe_GraBBit_1350x1800_box_black.jpg\" \/>\n<meta name=\"twitter:label1\" content=\"Est. reading time\" \/>\n\t<meta name=\"twitter:data1\" content=\"2 minutit\" \/>\n<script type=\"application\/ld+json\" class=\"yoast-schema-graph\">{\"@context\":\"https:\\\/\\\/schema.org\",\"@graph\":[{\"@type\":[\"WebPage\",\"ItemPage\"],\"@id\":\"https:\\\/\\\/lustandlove.eu\\\/et\\\/toode\\\/grabbit-rabbit-vibrator-gvibe\\\/\",\"url\":\"https:\\\/\\\/lustandlove.eu\\\/et\\\/toode\\\/grabbit-rabbit-vibrator-gvibe\\\/\",\"name\":\"GRabbit 99.90\u20ac | Lust and Love\",\"isPartOf\":{\"@id\":\"https:\\\/\\\/lustandlove.eu\\\/et\\\/#website\"},\"primaryImageOfPage\":{\"@id\":\"https:\\\/\\\/lustandlove.eu\\\/et\\\/toode\\\/grabbit-rabbit-vibrator-gvibe\\\/#primaryimage\"},\"image\":{\"@id\":\"https:\\\/\\\/lustandlove.eu\\\/et\\\/toode\\\/grabbit-rabbit-vibrator-gvibe\\\/#primaryimage\"},\"thumbnailUrl\":\"https:\\\/\\\/lustandlove.eu\\\/wp-content\\\/uploads\\\/Gvibe_GraBBit_1350x1800_box_black.jpg\",\"datePublished\":\"2021-05-28T05:02:56+00:00\",\"dateModified\":\"2026-04-13T07:43:32+00:00\",\"description\":\"See Bioskin materjaliga (Bioskin meenutab p\u00e4ris nahka) Grabbit vibraator saab uhkustada oma kolme v\u00f5imsa ent vaikse mootoriga\",\"breadcrumb\":{\"@id\":\"https:\\\/\\\/lustandlove.eu\\\/et\\\/toode\\\/grabbit-rabbit-vibrator-gvibe\\\/#breadcrumb\"},\"inLanguage\":\"et\",\"potentialAction\":[{\"@type\":\"ReadAction\",\"target\":[\"https:\\\/\\\/lustandlove.eu\\\/et\\\/toode\\\/grabbit-rabbit-vibrator-gvibe\\\/\"]}]},{\"@type\":\"ImageObject\",\"inLanguage\":\"et\",\"@id\":\"https:\\\/\\\/lustandlove.eu\\\/et\\\/toode\\\/grabbit-rabbit-vibrator-gvibe\\\/#primaryimage\",\"url\":\"https:\\\/\\\/lustandlove.eu\\\/wp-content\\\/uploads\\\/Gvibe_GraBBit_1350x1800_box_black.jpg\",\"contentUrl\":\"https:\\\/\\\/lustandlove.eu\\\/wp-content\\\/uploads\\\/Gvibe_GraBBit_1350x1800_box_black.jpg\",\"width\":1350,\"height\":1800},{\"@type\":\"BreadcrumbList\",\"@id\":\"https:\\\/\\\/lustandlove.eu\\\/et\\\/toode\\\/grabbit-rabbit-vibrator-gvibe\\\/#breadcrumb\",\"itemListElement\":[{\"@type\":\"ListItem\",\"position\":1,\"name\":\"Lust and Love\",\"item\":\"https:\\\/\\\/lustandlove.eu\\\/et\\\/\"},{\"@type\":\"ListItem\",\"position\":2,\"name\":\"Pood\",\"item\":\"https:\\\/\\\/lustandlove.eu\\\/et\\\/pood\\\/\"},{\"@type\":\"ListItem\",\"position\":3,\"name\":\"Sekslelud\",\"item\":\"https:\\\/\\\/lustandlove.eu\\\/et\\\/pood\\\/sekslelud\\\/\"},{\"@type\":\"ListItem\",\"position\":4,\"name\":\"Vibraatorid\",\"item\":\"https:\\\/\\\/lustandlove.eu\\\/et\\\/pood\\\/sekslelud\\\/vibraatorid\\\/\"},{\"@type\":\"ListItem\",\"position\":5,\"name\":\"J\u00e4nese\",\"item\":\"https:\\\/\\\/lustandlove.eu\\\/et\\\/pood\\\/sekslelud\\\/vibraatorid\\\/janese\\\/\"},{\"@type\":\"ListItem\",\"position\":6,\"name\":\"GRabbit\"}]},{\"@type\":\"WebSite\",\"@id\":\"https:\\\/\\\/lustandlove.eu\\\/et\\\/#website\",\"url\":\"https:\\\/\\\/lustandlove.eu\\\/et\\\/\",\"name\":\"Lust &amp; Love\",\"description\":\"Online erootikapood tervise, ilu ja armastuse jaoks\",\"publisher\":{\"@id\":\"https:\\\/\\\/lustandlove.eu\\\/et\\\/#organization\"},\"potentialAction\":[{\"@type\":\"SearchAction\",\"target\":{\"@type\":\"EntryPoint\",\"urlTemplate\":\"https:\\\/\\\/lustandlove.eu\\\/et\\\/?s={search_term_string}\"},\"query-input\":{\"@type\":\"PropertyValueSpecification\",\"valueRequired\":true,\"valueName\":\"search_term_string\"}}],\"inLanguage\":\"et\"},{\"@type\":\"Organization\",\"@id\":\"https:\\\/\\\/lustandlove.eu\\\/et\\\/#organization\",\"name\":\"Bioconcept Baltics O\u00dc\",\"url\":\"https:\\\/\\\/lustandlove.eu\\\/et\\\/\",\"logo\":{\"@type\":\"ImageObject\",\"inLanguage\":\"et\",\"@id\":\"https:\\\/\\\/lustandlove.eu\\\/et\\\/#\\\/schema\\\/logo\\\/image\\\/\",\"url\":\"\",\"contentUrl\":\"\",\"caption\":\"Bioconcept Baltics O\u00dc\"},\"image\":{\"@id\":\"https:\\\/\\\/lustandlove.eu\\\/et\\\/#\\\/schema\\\/logo\\\/image\\\/\"},\"sameAs\":[\"https:\\\/\\\/www.facebook.com\\\/LustandLoveEU\\\/\",\"https:\\\/\\\/www.instagram.com\\\/lustandloveeu\\\/\"]}]}<\/script>\n<!-- \/ Yoast SEO plugin. -->","yoast_head_json":{"title":"GRabbit 99.90\u20ac | Lust and Love","description":"See Bioskin materjaliga (Bioskin meenutab p\u00e4ris nahka) Grabbit vibraator saab uhkustada oma kolme v\u00f5imsa ent vaikse mootoriga","robots":{"index,follow,max-snippet":"index,follow,max-snippet:-1,max-image-preview:large,max-video-preview:-1"},"canonical":"https:\/\/lustandlove.eu\/et\/toode\/grabbit-rabbit-vibrator-gvibe\/","twitter_card":"summary_large_image","twitter_title":"GRabbit 99.90\u20ac | Lust and Love","twitter_description":"See Bioskin materjaliga (Bioskin meenutab p\u00e4ris nahka) Grabbit vibraator saab uhkustada oma kolme v\u00f5imsa ent vaikse mootoriga","twitter_image":"https:\/\/lustandlove.eu\/wp-content\/uploads\/Gvibe_GraBBit_1350x1800_box_black.jpg","twitter_misc":{"Est. reading time":"2 minutit"},"schema":{"@context":"https:\/\/schema.org","@graph":[{"@type":["WebPage","ItemPage"],"@id":"https:\/\/lustandlove.eu\/et\/toode\/grabbit-rabbit-vibrator-gvibe\/","url":"https:\/\/lustandlove.eu\/et\/toode\/grabbit-rabbit-vibrator-gvibe\/","name":"GRabbit 99.90\u20ac | Lust and Love","isPartOf":{"@id":"https:\/\/lustandlove.eu\/et\/#website"},"primaryImageOfPage":{"@id":"https:\/\/lustandlove.eu\/et\/toode\/grabbit-rabbit-vibrator-gvibe\/#primaryimage"},"image":{"@id":"https:\/\/lustandlove.eu\/et\/toode\/grabbit-rabbit-vibrator-gvibe\/#primaryimage"},"thumbnailUrl":"https:\/\/lustandlove.eu\/wp-content\/uploads\/Gvibe_GraBBit_1350x1800_box_black.jpg","datePublished":"2021-05-28T05:02:56+00:00","dateModified":"2026-04-13T07:43:32+00:00","description":"See Bioskin materjaliga (Bioskin meenutab p\u00e4ris nahka) Grabbit vibraator saab uhkustada oma kolme v\u00f5imsa ent vaikse mootoriga","breadcrumb":{"@id":"https:\/\/lustandlove.eu\/et\/toode\/grabbit-rabbit-vibrator-gvibe\/#breadcrumb"},"inLanguage":"et","potentialAction":[{"@type":"ReadAction","target":["https:\/\/lustandlove.eu\/et\/toode\/grabbit-rabbit-vibrator-gvibe\/"]}]},{"@type":"ImageObject","inLanguage":"et","@id":"https:\/\/lustandlove.eu\/et\/toode\/grabbit-rabbit-vibrator-gvibe\/#primaryimage","url":"https:\/\/lustandlove.eu\/wp-content\/uploads\/Gvibe_GraBBit_1350x1800_box_black.jpg","contentUrl":"https:\/\/lustandlove.eu\/wp-content\/uploads\/Gvibe_GraBBit_1350x1800_box_black.jpg","width":1350,"height":1800},{"@type":"BreadcrumbList","@id":"https:\/\/lustandlove.eu\/et\/toode\/grabbit-rabbit-vibrator-gvibe\/#breadcrumb","itemListElement":[{"@type":"ListItem","position":1,"name":"Lust and Love","item":"https:\/\/lustandlove.eu\/et\/"},{"@type":"ListItem","position":2,"name":"Pood","item":"https:\/\/lustandlove.eu\/et\/pood\/"},{"@type":"ListItem","position":3,"name":"Sekslelud","item":"https:\/\/lustandlove.eu\/et\/pood\/sekslelud\/"},{"@type":"ListItem","position":4,"name":"Vibraatorid","item":"https:\/\/lustandlove.eu\/et\/pood\/sekslelud\/vibraatorid\/"},{"@type":"ListItem","position":5,"name":"J\u00e4nese","item":"https:\/\/lustandlove.eu\/et\/pood\/sekslelud\/vibraatorid\/janese\/"},{"@type":"ListItem","position":6,"name":"GRabbit"}]},{"@type":"WebSite","@id":"https:\/\/lustandlove.eu\/et\/#website","url":"https:\/\/lustandlove.eu\/et\/","name":"Lust &amp; Love","description":"Online erootikapood tervise, ilu ja armastuse jaoks","publisher":{"@id":"https:\/\/lustandlove.eu\/et\/#organization"},"potentialAction":[{"@type":"SearchAction","target":{"@type":"EntryPoint","urlTemplate":"https:\/\/lustandlove.eu\/et\/?s={search_term_string}"},"query-input":{"@type":"PropertyValueSpecification","valueRequired":true,"valueName":"search_term_string"}}],"inLanguage":"et"},{"@type":"Organization","@id":"https:\/\/lustandlove.eu\/et\/#organization","name":"Bioconcept Baltics O\u00dc","url":"https:\/\/lustandlove.eu\/et\/","logo":{"@type":"ImageObject","inLanguage":"et","@id":"https:\/\/lustandlove.eu\/et\/#\/schema\/logo\/image\/","url":"","contentUrl":"","caption":"Bioconcept Baltics O\u00dc"},"image":{"@id":"https:\/\/lustandlove.eu\/et\/#\/schema\/logo\/image\/"},"sameAs":["https:\/\/www.facebook.com\/LustandLoveEU\/","https:\/\/www.instagram.com\/lustandloveeu\/"]}]}},"_links":{"self":[{"href":"https:\/\/lustandlove.eu\/et\/wp-json\/wp\/v2\/product\/48538","targetHints":{"allow":["GET"]}}],"collection":[{"href":"https:\/\/lustandlove.eu\/et\/wp-json\/wp\/v2\/product"}],"about":[{"href":"https:\/\/lustandlove.eu\/et\/wp-json\/wp\/v2\/types\/product"}],"wp:featuredmedia":[{"embeddable":true,"href":"https:\/\/lustandlove.eu\/et\/wp-json\/wp\/v2\/media\/85931"}],"wp:attachment":[{"href":"https:\/\/lustandlove.eu\/et\/wp-json\/wp\/v2\/media?parent=48538"}],"wp:term":[{"taxonomy":"product_brand","embeddable":true,"href":"https:\/\/lustandlove.eu\/et\/wp-json\/wp\/v2\/product_brand?post=48538"},{"taxonomy":"product_cat","embeddable":true,"href":"https:\/\/lustandlove.eu\/et\/wp-json\/wp\/v2\/product_cat?post=48538"},{"taxonomy":"product_tag","embeddable":true,"href":"https:\/\/lustandlove.eu\/et\/wp-json\/wp\/v2\/product_tag?post=48538"}],"curies":[{"name":"wp","href":"https:\/\/api.w.org\/{rel}","templated":true}]}}