{"id":48542,"date":"2021-05-28T08:02:32","date_gmt":"2021-05-28T05:02:32","guid":{"rendered":"https:\/\/www.lustandlove.eu\/product\/demoniq-ingrid\/"},"modified":"2026-04-13T10:43:35","modified_gmt":"2026-04-13T07:43:35","slug":"demoniq-ingrid","status":"publish","type":"product","link":"https:\/\/lustandlove.eu\/et\/toode\/demoniq-ingrid\/","title":{"rendered":"Ingrid"},"content":{"rendered":"<p>Ingrid r\u00f5\u00f5mustab ja kutsub m\u00e4ngima midagi \u00fcleannetut. Kleit on tehtud \u00fcleni elastilisest materjalist, t\u00e4nu millele istub ta seljas imeh\u00e4sti. Spetsiaalne profiil teeb talje saledamaks.<\/p>\n<p>Tugevdatud \u00f5mblused olulistes kohtades<br \/>\nMetalli, kroomi ja niklivabad koostisosad<br \/>\nElastiline ja vastupidav materjal<br \/>\nMeeldib katsuda<br \/>\nLukud m\u00f5lemal pool<\/p>\n","protected":false},"excerpt":{"rendered":"<p>Ingrid r\u00f5\u00f5mustab ja kutsub m\u00e4ngima midagi \u00fcleannetut.<\/p>\n","protected":false},"featured_media":47409,"template":"","meta":[],"product_brand":[4202],"product_cat":[4014,1489],"product_tag":[],"class_list":{"0":"post-48542","1":"product","2":"type-product","3":"status-publish","4":"has-post-thumbnail","6":"product_brand-demoniq-et","7":"product_cat-kleidid-ja-bodied","8":"product_cat-pesu","9":"pa_brand-demoniq-et","11":"first","12":"instock","13":"taxable","14":"shipping-taxable","15":"purchasable","16":"product-type-variable"},"yoast_head":"<!-- This site is optimized with the Yoast SEO plugin v27.4 - https:\/\/yoast.com\/product\/yoast-seo-wordpress\/ -->\n<title>Ingrid Skirt Black 39.50\u20ac | Lust and Love Erotic Store<\/title>\n<meta name=\"description\" content=\"Ingrid r\u00f5\u00f5mustab ja kutsub m\u00e4ngima midagi \u00fcleannetut.\" \/>\n<meta name=\"robots\" content=\"index,follow,max-snippet:-1,max-image-preview:large,max-video-preview:-1\" \/>\n<link rel=\"canonical\" href=\"https:\/\/lustandlove.eu\/et\/toode\/demoniq-ingrid\/\" \/>\n<script type=\"application\/ld+json\" class=\"yoast-schema-graph\">{\"@context\":\"https:\\\/\\\/schema.org\",\"@graph\":[{\"@type\":[\"WebPage\",\"ItemPage\"],\"@id\":\"https:\\\/\\\/lustandlove.eu\\\/et\\\/toode\\\/demoniq-ingrid\\\/\",\"url\":\"https:\\\/\\\/lustandlove.eu\\\/et\\\/toode\\\/demoniq-ingrid\\\/\",\"name\":\"Ingrid Skirt Black 39.50\u20ac | Lust and Love Erotic Store\",\"isPartOf\":{\"@id\":\"https:\\\/\\\/lustandlove.eu\\\/et\\\/#website\"},\"primaryImageOfPage\":{\"@id\":\"https:\\\/\\\/lustandlove.eu\\\/et\\\/toode\\\/demoniq-ingrid\\\/#primaryimage\"},\"image\":{\"@id\":\"https:\\\/\\\/lustandlove.eu\\\/et\\\/toode\\\/demoniq-ingrid\\\/#primaryimage\"},\"thumbnailUrl\":\"https:\\\/\\\/lustandlove.eu\\\/wp-content\\\/uploads\\\/demoniq-ingrid-1.jpg\",\"datePublished\":\"2021-05-28T05:02:32+00:00\",\"dateModified\":\"2026-04-13T07:43:35+00:00\",\"description\":\"Ingrid r\u00f5\u00f5mustab ja kutsub m\u00e4ngima midagi \u00fcleannetut.\",\"breadcrumb\":{\"@id\":\"https:\\\/\\\/lustandlove.eu\\\/et\\\/toode\\\/demoniq-ingrid\\\/#breadcrumb\"},\"inLanguage\":\"et\",\"potentialAction\":[{\"@type\":\"ReadAction\",\"target\":[\"https:\\\/\\\/lustandlove.eu\\\/et\\\/toode\\\/demoniq-ingrid\\\/\"]}]},{\"@type\":\"ImageObject\",\"inLanguage\":\"et\",\"@id\":\"https:\\\/\\\/lustandlove.eu\\\/et\\\/toode\\\/demoniq-ingrid\\\/#primaryimage\",\"url\":\"https:\\\/\\\/lustandlove.eu\\\/wp-content\\\/uploads\\\/demoniq-ingrid-1.jpg\",\"contentUrl\":\"https:\\\/\\\/lustandlove.eu\\\/wp-content\\\/uploads\\\/demoniq-ingrid-1.jpg\",\"width\":800,\"height\":1200},{\"@type\":\"BreadcrumbList\",\"@id\":\"https:\\\/\\\/lustandlove.eu\\\/et\\\/toode\\\/demoniq-ingrid\\\/#breadcrumb\",\"itemListElement\":[{\"@type\":\"ListItem\",\"position\":1,\"name\":\"Lust and Love\",\"item\":\"https:\\\/\\\/lustandlove.eu\\\/et\\\/\"},{\"@type\":\"ListItem\",\"position\":2,\"name\":\"Pood\",\"item\":\"https:\\\/\\\/lustandlove.eu\\\/et\\\/pood\\\/\"},{\"@type\":\"ListItem\",\"position\":3,\"name\":\"Pesu\",\"item\":\"https:\\\/\\\/lustandlove.eu\\\/et\\\/pood\\\/pesu\\\/\"},{\"@type\":\"ListItem\",\"position\":4,\"name\":\"Kleidid ja Bodied\",\"item\":\"https:\\\/\\\/lustandlove.eu\\\/et\\\/pood\\\/pesu\\\/kleidid-ja-bodied\\\/\"},{\"@type\":\"ListItem\",\"position\":5,\"name\":\"Ingrid\"}]},{\"@type\":\"WebSite\",\"@id\":\"https:\\\/\\\/lustandlove.eu\\\/et\\\/#website\",\"url\":\"https:\\\/\\\/lustandlove.eu\\\/et\\\/\",\"name\":\"Lust & Love\",\"description\":\"Online erootikapood tervise, ilu ja armastuse jaoks\",\"publisher\":{\"@id\":\"https:\\\/\\\/lustandlove.eu\\\/et\\\/#organization\"},\"potentialAction\":[{\"@type\":\"SearchAction\",\"target\":{\"@type\":\"EntryPoint\",\"urlTemplate\":\"https:\\\/\\\/lustandlove.eu\\\/et\\\/?s={search_term_string}\"},\"query-input\":{\"@type\":\"PropertyValueSpecification\",\"valueRequired\":true,\"valueName\":\"search_term_string\"}}],\"inLanguage\":\"et\"},{\"@type\":\"Organization\",\"@id\":\"https:\\\/\\\/lustandlove.eu\\\/et\\\/#organization\",\"name\":\"Bioconcept Baltics O\u00dc\",\"url\":\"https:\\\/\\\/lustandlove.eu\\\/et\\\/\",\"logo\":{\"@type\":\"ImageObject\",\"inLanguage\":\"et\",\"@id\":\"https:\\\/\\\/lustandlove.eu\\\/et\\\/#\\\/schema\\\/logo\\\/image\\\/\",\"url\":\"https:\\\/\\\/lustandlove.eu\\\/wp-content\\\/uploads\\\/logo-full-2.png\",\"contentUrl\":\"https:\\\/\\\/lustandlove.eu\\\/wp-content\\\/uploads\\\/logo-full-2.png\",\"width\":837,\"height\":200,\"caption\":\"Bioconcept Baltics O\u00dc\"},\"image\":{\"@id\":\"https:\\\/\\\/lustandlove.eu\\\/et\\\/#\\\/schema\\\/logo\\\/image\\\/\"},\"sameAs\":[\"https:\\\/\\\/www.facebook.com\\\/LustandLoveEU\\\/\",\"https:\\\/\\\/www.instagram.com\\\/lustandloveeu\\\/\"]}]}<\/script>\n<!-- \/ Yoast SEO plugin. -->","yoast_head_json":{"title":"Ingrid Skirt Black 39.50\u20ac | Lust and Love Erotic Store","description":"Ingrid r\u00f5\u00f5mustab ja kutsub m\u00e4ngima midagi \u00fcleannetut.","robots":{"index,follow,max-snippet":"index,follow,max-snippet:-1,max-image-preview:large,max-video-preview:-1"},"canonical":"https:\/\/lustandlove.eu\/et\/toode\/demoniq-ingrid\/","schema":{"@context":"https:\/\/schema.org","@graph":[{"@type":["WebPage","ItemPage"],"@id":"https:\/\/lustandlove.eu\/et\/toode\/demoniq-ingrid\/","url":"https:\/\/lustandlove.eu\/et\/toode\/demoniq-ingrid\/","name":"Ingrid Skirt Black 39.50\u20ac | Lust and Love Erotic Store","isPartOf":{"@id":"https:\/\/lustandlove.eu\/et\/#website"},"primaryImageOfPage":{"@id":"https:\/\/lustandlove.eu\/et\/toode\/demoniq-ingrid\/#primaryimage"},"image":{"@id":"https:\/\/lustandlove.eu\/et\/toode\/demoniq-ingrid\/#primaryimage"},"thumbnailUrl":"https:\/\/lustandlove.eu\/wp-content\/uploads\/demoniq-ingrid-1.jpg","datePublished":"2021-05-28T05:02:32+00:00","dateModified":"2026-04-13T07:43:35+00:00","description":"Ingrid r\u00f5\u00f5mustab ja kutsub m\u00e4ngima midagi \u00fcleannetut.","breadcrumb":{"@id":"https:\/\/lustandlove.eu\/et\/toode\/demoniq-ingrid\/#breadcrumb"},"inLanguage":"et","potentialAction":[{"@type":"ReadAction","target":["https:\/\/lustandlove.eu\/et\/toode\/demoniq-ingrid\/"]}]},{"@type":"ImageObject","inLanguage":"et","@id":"https:\/\/lustandlove.eu\/et\/toode\/demoniq-ingrid\/#primaryimage","url":"https:\/\/lustandlove.eu\/wp-content\/uploads\/demoniq-ingrid-1.jpg","contentUrl":"https:\/\/lustandlove.eu\/wp-content\/uploads\/demoniq-ingrid-1.jpg","width":800,"height":1200},{"@type":"BreadcrumbList","@id":"https:\/\/lustandlove.eu\/et\/toode\/demoniq-ingrid\/#breadcrumb","itemListElement":[{"@type":"ListItem","position":1,"name":"Lust and Love","item":"https:\/\/lustandlove.eu\/et\/"},{"@type":"ListItem","position":2,"name":"Pood","item":"https:\/\/lustandlove.eu\/et\/pood\/"},{"@type":"ListItem","position":3,"name":"Pesu","item":"https:\/\/lustandlove.eu\/et\/pood\/pesu\/"},{"@type":"ListItem","position":4,"name":"Kleidid ja Bodied","item":"https:\/\/lustandlove.eu\/et\/pood\/pesu\/kleidid-ja-bodied\/"},{"@type":"ListItem","position":5,"name":"Ingrid"}]},{"@type":"WebSite","@id":"https:\/\/lustandlove.eu\/et\/#website","url":"https:\/\/lustandlove.eu\/et\/","name":"Lust & Love","description":"Online erootikapood tervise, ilu ja armastuse jaoks","publisher":{"@id":"https:\/\/lustandlove.eu\/et\/#organization"},"potentialAction":[{"@type":"SearchAction","target":{"@type":"EntryPoint","urlTemplate":"https:\/\/lustandlove.eu\/et\/?s={search_term_string}"},"query-input":{"@type":"PropertyValueSpecification","valueRequired":true,"valueName":"search_term_string"}}],"inLanguage":"et"},{"@type":"Organization","@id":"https:\/\/lustandlove.eu\/et\/#organization","name":"Bioconcept Baltics O\u00dc","url":"https:\/\/lustandlove.eu\/et\/","logo":{"@type":"ImageObject","inLanguage":"et","@id":"https:\/\/lustandlove.eu\/et\/#\/schema\/logo\/image\/","url":"https:\/\/lustandlove.eu\/wp-content\/uploads\/logo-full-2.png","contentUrl":"https:\/\/lustandlove.eu\/wp-content\/uploads\/logo-full-2.png","width":837,"height":200,"caption":"Bioconcept Baltics O\u00dc"},"image":{"@id":"https:\/\/lustandlove.eu\/et\/#\/schema\/logo\/image\/"},"sameAs":["https:\/\/www.facebook.com\/LustandLoveEU\/","https:\/\/www.instagram.com\/lustandloveeu\/"]}]}},"_links":{"self":[{"href":"https:\/\/lustandlove.eu\/et\/wp-json\/wp\/v2\/product\/48542","targetHints":{"allow":["GET"]}}],"collection":[{"href":"https:\/\/lustandlove.eu\/et\/wp-json\/wp\/v2\/product"}],"about":[{"href":"https:\/\/lustandlove.eu\/et\/wp-json\/wp\/v2\/types\/product"}],"wp:featuredmedia":[{"embeddable":true,"href":"https:\/\/lustandlove.eu\/et\/wp-json\/wp\/v2\/media\/47409"}],"wp:attachment":[{"href":"https:\/\/lustandlove.eu\/et\/wp-json\/wp\/v2\/media?parent=48542"}],"wp:term":[{"taxonomy":"product_brand","embeddable":true,"href":"https:\/\/lustandlove.eu\/et\/wp-json\/wp\/v2\/product_brand?post=48542"},{"taxonomy":"product_cat","embeddable":true,"href":"https:\/\/lustandlove.eu\/et\/wp-json\/wp\/v2\/product_cat?post=48542"},{"taxonomy":"product_tag","embeddable":true,"href":"https:\/\/lustandlove.eu\/et\/wp-json\/wp\/v2\/product_tag?post=48542"}],"curies":[{"name":"wp","href":"https:\/\/api.w.org\/{rel}","templated":true}]}}