{"id":48553,"date":"2021-05-28T08:02:32","date_gmt":"2021-05-28T05:02:32","guid":{"rendered":"https:\/\/www.lustandlove.eu\/product\/kiotos-steel-pinwheel-double\/"},"modified":"2026-04-13T10:43:34","modified_gmt":"2026-04-13T07:43:34","slug":"kiotos-steel-pinwheel-double","status":"publish","type":"product","link":"https:\/\/lustandlove.eu\/et\/toode\/kiotos-steel-pinwheel-double\/","title":{"rendered":"Ogadega Kaherealine M\u00e4nguasi"},"content":{"rendered":"<p>See m\u00e4ngimiseks m\u00f5eldud kaherealine Kiotos Steel M\u00e4nguasi on kaetud teravate ogadega ning selle stimuleeriv tunne on paeluv.<\/p>\n<p>Kinni seotud silmadega tundub, nagu l\u00e4biks skalpell sinu nahka ilma sellele viga tegemata.<\/p>\n","protected":false},"excerpt":{"rendered":"<p>See m\u00e4ngimiseks m\u00f5eldud kaherealine Kiotos Steel M\u00e4nguasi on kaetud teravate ogadega ning selle stimuleeriv tunne on paeluv.<\/p>\n","protected":false},"featured_media":50260,"template":"","meta":[],"product_brand":[4218],"product_cat":[1470,4003],"product_tag":[1550,3773],"class_list":{"0":"post-48553","1":"product","2":"type-product","3":"status-publish","4":"has-post-thumbnail","6":"product_brand-kiotos-et","7":"product_cat-bdsm-et","8":"product_cat-ogarattad","9":"product_tag-bdsm-et","10":"product_tag-meditsiin","11":"pa_brand-kiotos-et","13":"first","14":"instock","15":"taxable","16":"shipping-taxable","17":"purchasable","18":"product-type-simple"},"yoast_head":"<!-- This site is optimized with the Yoast SEO plugin v27.4 - https:\/\/yoast.com\/product\/yoast-seo-wordpress\/ -->\n<title>Ogadega Kaherealine M\u00e4nguasi | Lust and Love Sex Store<\/title>\n<meta name=\"description\" content=\"See m\u00e4ngimiseks m\u00f5eldud kaherealine Kiotos Steel M\u00e4nguasi on kaetud teravate ogadega ning selle stimuleeriv tunne on paeluv.\" \/>\n<meta name=\"robots\" content=\"index,follow,max-snippet:-1,max-image-preview:large,max-video-preview:-1\" \/>\n<link rel=\"canonical\" href=\"https:\/\/lustandlove.eu\/et\/toode\/kiotos-steel-pinwheel-double\/\" \/>\n<script type=\"application\/ld+json\" class=\"yoast-schema-graph\">{\"@context\":\"https:\\\/\\\/schema.org\",\"@graph\":[{\"@type\":[\"WebPage\",\"ItemPage\"],\"@id\":\"https:\\\/\\\/lustandlove.eu\\\/et\\\/toode\\\/kiotos-steel-pinwheel-double\\\/\",\"url\":\"https:\\\/\\\/lustandlove.eu\\\/et\\\/toode\\\/kiotos-steel-pinwheel-double\\\/\",\"name\":\"Ogadega Kaherealine M\u00e4nguasi | Lust and Love Sex Store\",\"isPartOf\":{\"@id\":\"https:\\\/\\\/lustandlove.eu\\\/et\\\/#website\"},\"primaryImageOfPage\":{\"@id\":\"https:\\\/\\\/lustandlove.eu\\\/et\\\/toode\\\/kiotos-steel-pinwheel-double\\\/#primaryimage\"},\"image\":{\"@id\":\"https:\\\/\\\/lustandlove.eu\\\/et\\\/toode\\\/kiotos-steel-pinwheel-double\\\/#primaryimage\"},\"thumbnailUrl\":\"https:\\\/\\\/lustandlove.eu\\\/wp-content\\\/uploads\\\/Pinwheel.png\",\"datePublished\":\"2021-05-28T05:02:32+00:00\",\"dateModified\":\"2026-04-13T07:43:34+00:00\",\"description\":\"See m\u00e4ngimiseks m\u00f5eldud kaherealine Kiotos Steel M\u00e4nguasi on kaetud teravate ogadega ning selle stimuleeriv tunne on paeluv.\",\"breadcrumb\":{\"@id\":\"https:\\\/\\\/lustandlove.eu\\\/et\\\/toode\\\/kiotos-steel-pinwheel-double\\\/#breadcrumb\"},\"inLanguage\":\"et\",\"potentialAction\":[{\"@type\":\"ReadAction\",\"target\":[\"https:\\\/\\\/lustandlove.eu\\\/et\\\/toode\\\/kiotos-steel-pinwheel-double\\\/\"]}]},{\"@type\":\"ImageObject\",\"inLanguage\":\"et\",\"@id\":\"https:\\\/\\\/lustandlove.eu\\\/et\\\/toode\\\/kiotos-steel-pinwheel-double\\\/#primaryimage\",\"url\":\"https:\\\/\\\/lustandlove.eu\\\/wp-content\\\/uploads\\\/Pinwheel.png\",\"contentUrl\":\"https:\\\/\\\/lustandlove.eu\\\/wp-content\\\/uploads\\\/Pinwheel.png\",\"width\":677,\"height\":657},{\"@type\":\"BreadcrumbList\",\"@id\":\"https:\\\/\\\/lustandlove.eu\\\/et\\\/toode\\\/kiotos-steel-pinwheel-double\\\/#breadcrumb\",\"itemListElement\":[{\"@type\":\"ListItem\",\"position\":1,\"name\":\"Lust and Love\",\"item\":\"https:\\\/\\\/lustandlove.eu\\\/et\\\/\"},{\"@type\":\"ListItem\",\"position\":2,\"name\":\"Pood\",\"item\":\"https:\\\/\\\/lustandlove.eu\\\/et\\\/pood\\\/\"},{\"@type\":\"ListItem\",\"position\":3,\"name\":\"Ogadega Kaherealine M\u00e4nguasi\"}]},{\"@type\":\"WebSite\",\"@id\":\"https:\\\/\\\/lustandlove.eu\\\/et\\\/#website\",\"url\":\"https:\\\/\\\/lustandlove.eu\\\/et\\\/\",\"name\":\"Lust & Love\",\"description\":\"Online erootikapood tervise, ilu ja armastuse jaoks\",\"publisher\":{\"@id\":\"https:\\\/\\\/lustandlove.eu\\\/et\\\/#organization\"},\"potentialAction\":[{\"@type\":\"SearchAction\",\"target\":{\"@type\":\"EntryPoint\",\"urlTemplate\":\"https:\\\/\\\/lustandlove.eu\\\/et\\\/?s={search_term_string}\"},\"query-input\":{\"@type\":\"PropertyValueSpecification\",\"valueRequired\":true,\"valueName\":\"search_term_string\"}}],\"inLanguage\":\"et\"},{\"@type\":\"Organization\",\"@id\":\"https:\\\/\\\/lustandlove.eu\\\/et\\\/#organization\",\"name\":\"Bioconcept Baltics O\u00dc\",\"url\":\"https:\\\/\\\/lustandlove.eu\\\/et\\\/\",\"logo\":{\"@type\":\"ImageObject\",\"inLanguage\":\"et\",\"@id\":\"https:\\\/\\\/lustandlove.eu\\\/et\\\/#\\\/schema\\\/logo\\\/image\\\/\",\"url\":\"https:\\\/\\\/lustandlove.eu\\\/wp-content\\\/uploads\\\/logo-full-2.png\",\"contentUrl\":\"https:\\\/\\\/lustandlove.eu\\\/wp-content\\\/uploads\\\/logo-full-2.png\",\"width\":837,\"height\":200,\"caption\":\"Bioconcept Baltics O\u00dc\"},\"image\":{\"@id\":\"https:\\\/\\\/lustandlove.eu\\\/et\\\/#\\\/schema\\\/logo\\\/image\\\/\"},\"sameAs\":[\"https:\\\/\\\/www.facebook.com\\\/LustandLoveEU\\\/\",\"https:\\\/\\\/www.instagram.com\\\/lustandloveeu\\\/\"]}]}<\/script>\n<!-- \/ Yoast SEO plugin. -->","yoast_head_json":{"title":"Ogadega Kaherealine M\u00e4nguasi | Lust and Love Sex Store","description":"See m\u00e4ngimiseks m\u00f5eldud kaherealine Kiotos Steel M\u00e4nguasi on kaetud teravate ogadega ning selle stimuleeriv tunne on paeluv.","robots":{"index,follow,max-snippet":"index,follow,max-snippet:-1,max-image-preview:large,max-video-preview:-1"},"canonical":"https:\/\/lustandlove.eu\/et\/toode\/kiotos-steel-pinwheel-double\/","schema":{"@context":"https:\/\/schema.org","@graph":[{"@type":["WebPage","ItemPage"],"@id":"https:\/\/lustandlove.eu\/et\/toode\/kiotos-steel-pinwheel-double\/","url":"https:\/\/lustandlove.eu\/et\/toode\/kiotos-steel-pinwheel-double\/","name":"Ogadega Kaherealine M\u00e4nguasi | Lust and Love Sex Store","isPartOf":{"@id":"https:\/\/lustandlove.eu\/et\/#website"},"primaryImageOfPage":{"@id":"https:\/\/lustandlove.eu\/et\/toode\/kiotos-steel-pinwheel-double\/#primaryimage"},"image":{"@id":"https:\/\/lustandlove.eu\/et\/toode\/kiotos-steel-pinwheel-double\/#primaryimage"},"thumbnailUrl":"https:\/\/lustandlove.eu\/wp-content\/uploads\/Pinwheel.png","datePublished":"2021-05-28T05:02:32+00:00","dateModified":"2026-04-13T07:43:34+00:00","description":"See m\u00e4ngimiseks m\u00f5eldud kaherealine Kiotos Steel M\u00e4nguasi on kaetud teravate ogadega ning selle stimuleeriv tunne on paeluv.","breadcrumb":{"@id":"https:\/\/lustandlove.eu\/et\/toode\/kiotos-steel-pinwheel-double\/#breadcrumb"},"inLanguage":"et","potentialAction":[{"@type":"ReadAction","target":["https:\/\/lustandlove.eu\/et\/toode\/kiotos-steel-pinwheel-double\/"]}]},{"@type":"ImageObject","inLanguage":"et","@id":"https:\/\/lustandlove.eu\/et\/toode\/kiotos-steel-pinwheel-double\/#primaryimage","url":"https:\/\/lustandlove.eu\/wp-content\/uploads\/Pinwheel.png","contentUrl":"https:\/\/lustandlove.eu\/wp-content\/uploads\/Pinwheel.png","width":677,"height":657},{"@type":"BreadcrumbList","@id":"https:\/\/lustandlove.eu\/et\/toode\/kiotos-steel-pinwheel-double\/#breadcrumb","itemListElement":[{"@type":"ListItem","position":1,"name":"Lust and Love","item":"https:\/\/lustandlove.eu\/et\/"},{"@type":"ListItem","position":2,"name":"Pood","item":"https:\/\/lustandlove.eu\/et\/pood\/"},{"@type":"ListItem","position":3,"name":"Ogadega Kaherealine M\u00e4nguasi"}]},{"@type":"WebSite","@id":"https:\/\/lustandlove.eu\/et\/#website","url":"https:\/\/lustandlove.eu\/et\/","name":"Lust & Love","description":"Online erootikapood tervise, ilu ja armastuse jaoks","publisher":{"@id":"https:\/\/lustandlove.eu\/et\/#organization"},"potentialAction":[{"@type":"SearchAction","target":{"@type":"EntryPoint","urlTemplate":"https:\/\/lustandlove.eu\/et\/?s={search_term_string}"},"query-input":{"@type":"PropertyValueSpecification","valueRequired":true,"valueName":"search_term_string"}}],"inLanguage":"et"},{"@type":"Organization","@id":"https:\/\/lustandlove.eu\/et\/#organization","name":"Bioconcept Baltics O\u00dc","url":"https:\/\/lustandlove.eu\/et\/","logo":{"@type":"ImageObject","inLanguage":"et","@id":"https:\/\/lustandlove.eu\/et\/#\/schema\/logo\/image\/","url":"https:\/\/lustandlove.eu\/wp-content\/uploads\/logo-full-2.png","contentUrl":"https:\/\/lustandlove.eu\/wp-content\/uploads\/logo-full-2.png","width":837,"height":200,"caption":"Bioconcept Baltics O\u00dc"},"image":{"@id":"https:\/\/lustandlove.eu\/et\/#\/schema\/logo\/image\/"},"sameAs":["https:\/\/www.facebook.com\/LustandLoveEU\/","https:\/\/www.instagram.com\/lustandloveeu\/"]}]}},"_links":{"self":[{"href":"https:\/\/lustandlove.eu\/et\/wp-json\/wp\/v2\/product\/48553","targetHints":{"allow":["GET"]}}],"collection":[{"href":"https:\/\/lustandlove.eu\/et\/wp-json\/wp\/v2\/product"}],"about":[{"href":"https:\/\/lustandlove.eu\/et\/wp-json\/wp\/v2\/types\/product"}],"wp:featuredmedia":[{"embeddable":true,"href":"https:\/\/lustandlove.eu\/et\/wp-json\/wp\/v2\/media\/50260"}],"wp:attachment":[{"href":"https:\/\/lustandlove.eu\/et\/wp-json\/wp\/v2\/media?parent=48553"}],"wp:term":[{"taxonomy":"product_brand","embeddable":true,"href":"https:\/\/lustandlove.eu\/et\/wp-json\/wp\/v2\/product_brand?post=48553"},{"taxonomy":"product_cat","embeddable":true,"href":"https:\/\/lustandlove.eu\/et\/wp-json\/wp\/v2\/product_cat?post=48553"},{"taxonomy":"product_tag","embeddable":true,"href":"https:\/\/lustandlove.eu\/et\/wp-json\/wp\/v2\/product_tag?post=48553"}],"curies":[{"name":"wp","href":"https:\/\/api.w.org\/{rel}","templated":true}]}}