{"id":48568,"date":"2021-05-28T08:02:31","date_gmt":"2021-05-28T05:02:31","guid":{"rendered":"https:\/\/www.lustandlove.eu\/product\/kiotos-leather-bondage-set-bdsm-starters-kit\/"},"modified":"2026-04-13T10:43:35","modified_gmt":"2026-04-13T07:43:35","slug":"kiotos-leather-bondage-set-bdsm-starters-kit","status":"publish","type":"product","link":"https:\/\/lustandlove.eu\/et\/toode\/kiotos-leather-bondage-set-bdsm-starters-kit\/","title":{"rendered":"BDSM Komplekt Algajatele"},"content":{"rendered":"<p>BDSM komplekt algajale on k\u00f5ik vajalik alustamiseks olemas, aitab avastada uut t\u00fc\u00fcp maailma! Komplekt sisaldab 10 toodet, mis muudavad BDSM unistused reaalsuseks.<\/p>\n<p>BDSM ei t\u00e4henda ainult piitsutamist, kette ja k\u00e4eraudasid. See ei t\u00e4henda julmust ja jalamatiks olemist. Samuti ka mitte orjust ega fantaasiate pealesurumist, mida teie partner ei hinda. See on midagi palju s\u00fcgavamat, kui paar pepulaksu.<\/p>\n<p>\u00c4ra unusta turvas\u00f5na kokku leppida!<\/p>\n<p><strong>Pahkluu- ja randmekinnitid<\/strong><\/p>\n<p>Seo oma partneri k\u00e4ed ja jalad kinni, et l\u00e4bi m\u00e4ngida oma unistuste fantaasiad. Kinnitusrihmad on pehmed ning ei tee kandes haiget.<\/p>\n<p><strong>Naharibadega pehme piits<\/strong><\/p>\n<p>Pehme \u00f5rritus v\u00f5i terav meeldetuletus? Ohjad on sinu k\u00e4es.<\/p>\n<p><strong>Lapats riputusr\u00f5ngaga<\/strong><\/p>\n<p>Kui tavalisest laksatusest ei piisa, v\u00f5ta appi lapats, mis teeb rohkem h\u00e4\u00e4lt kui haiget.<\/p>\n<p><strong>Suupall<\/strong><\/p>\n<p>Anna talle m\u00f5ista, kelle kord on r\u00e4\u00e4kida<\/p>\n<p><strong>K\u00f5distav pehme suleke<\/strong><\/p>\n<p>Kombineeri suleke koos silmasidemega, et n\u00e4idata talle, kui palju \u00fche taju kaotamine v\u00f5imendab teiste tajude tundlikkust.<\/p>\n","protected":false},"excerpt":{"rendered":"<p>BDSM ei t\u00e4henda ainult piitsutamist, kette ja k\u00e4eraudasid. See ei t\u00e4henda julmust ja jalamatiks olemist. Samuti ka mitte orjust ega fantaasiate pealesurumist, mida teie partner ei hinda. See on midagi palju s\u00fcgavamat, kui paar pepulaksu.<\/p>\n","protected":false},"featured_media":47382,"template":"","meta":[],"product_brand":[4218],"product_cat":[1470,4001],"product_tag":[1550,4095,3781],"class_list":{"0":"post-48568","1":"product","2":"type-product","3":"status-publish","4":"has-post-thumbnail","6":"product_brand-kiotos-et","7":"product_cat-bdsm-et","8":"product_cat-lobutooted","9":"product_tag-bdsm-et","10":"product_tag-bf50-et","11":"product_tag-must-reede","12":"pa_brand-kiotos-et","14":"first","15":"instock","16":"taxable","17":"shipping-taxable","18":"purchasable","19":"product-type-simple"},"yoast_head":"<!-- This site is optimized with the Yoast SEO plugin v27.3 - https:\/\/yoast.com\/product\/yoast-seo-wordpress\/ -->\n<title>BDSM Starters Kit | Bondage Set | Lust &amp; Love Sexshop<\/title>\n<meta name=\"description\" content=\"BDSM ei t\u00e4henda ainult piitsutamist, kette ja k\u00e4eraudasid. See ei t\u00e4henda julmust ja jalamatiks olemist. Samuti ka mitte orjust ega fantaasiate pealesurumist, mida teie partner ei hinda. See on midagi palju s\u00fcgavamat, kui paar pepulaksu.\" \/>\n<meta name=\"robots\" content=\"index,follow,max-snippet:-1,max-image-preview:large,max-video-preview:-1\" \/>\n<link rel=\"canonical\" href=\"https:\/\/lustandlove.eu\/et\/toode\/kiotos-leather-bondage-set-bdsm-starters-kit\/\" \/>\n<meta name=\"twitter:card\" content=\"summary_large_image\" \/>\n<meta name=\"twitter:title\" content=\"BDSM Starters Kit | Bondage Set | Lust &amp; Love Sexshop\" \/>\n<meta name=\"twitter:description\" content=\"BDSM ei t\u00e4henda ainult piitsutamist, kette ja k\u00e4eraudasid. See ei t\u00e4henda julmust ja jalamatiks olemist. Samuti ka mitte orjust ega fantaasiate pealesurumist, mida teie partner ei hinda. See on midagi palju s\u00fcgavamat, kui paar pepulaksu.\" \/>\n<meta name=\"twitter:image\" content=\"https:\/\/lustandlove.eu\/wp-content\/uploads\/img_6066.jpg\" \/>\n<meta name=\"twitter:label1\" content=\"Est. reading time\" \/>\n\t<meta name=\"twitter:data1\" content=\"1 minut\" \/>\n<script type=\"application\/ld+json\" class=\"yoast-schema-graph\">{\"@context\":\"https:\\\/\\\/schema.org\",\"@graph\":[{\"@type\":[\"WebPage\",\"ItemPage\"],\"@id\":\"https:\\\/\\\/lustandlove.eu\\\/et\\\/toode\\\/kiotos-leather-bondage-set-bdsm-starters-kit\\\/\",\"url\":\"https:\\\/\\\/lustandlove.eu\\\/et\\\/toode\\\/kiotos-leather-bondage-set-bdsm-starters-kit\\\/\",\"name\":\"BDSM Starters Kit | Bondage Set | Lust &amp; Love Sexshop\",\"isPartOf\":{\"@id\":\"https:\\\/\\\/lustandlove.eu\\\/et\\\/#website\"},\"primaryImageOfPage\":{\"@id\":\"https:\\\/\\\/lustandlove.eu\\\/et\\\/toode\\\/kiotos-leather-bondage-set-bdsm-starters-kit\\\/#primaryimage\"},\"image\":{\"@id\":\"https:\\\/\\\/lustandlove.eu\\\/et\\\/toode\\\/kiotos-leather-bondage-set-bdsm-starters-kit\\\/#primaryimage\"},\"thumbnailUrl\":\"https:\\\/\\\/lustandlove.eu\\\/wp-content\\\/uploads\\\/img_6066.jpg\",\"datePublished\":\"2021-05-28T05:02:31+00:00\",\"dateModified\":\"2026-04-13T07:43:35+00:00\",\"description\":\"BDSM ei t\u00e4henda ainult piitsutamist, kette ja k\u00e4eraudasid. See ei t\u00e4henda julmust ja jalamatiks olemist. Samuti ka mitte orjust ega fantaasiate pealesurumist, mida teie partner ei hinda. See on midagi palju s\u00fcgavamat, kui paar pepulaksu.\",\"breadcrumb\":{\"@id\":\"https:\\\/\\\/lustandlove.eu\\\/et\\\/toode\\\/kiotos-leather-bondage-set-bdsm-starters-kit\\\/#breadcrumb\"},\"inLanguage\":\"et\",\"potentialAction\":[{\"@type\":\"ReadAction\",\"target\":[\"https:\\\/\\\/lustandlove.eu\\\/et\\\/toode\\\/kiotos-leather-bondage-set-bdsm-starters-kit\\\/\"]}]},{\"@type\":\"ImageObject\",\"inLanguage\":\"et\",\"@id\":\"https:\\\/\\\/lustandlove.eu\\\/et\\\/toode\\\/kiotos-leather-bondage-set-bdsm-starters-kit\\\/#primaryimage\",\"url\":\"https:\\\/\\\/lustandlove.eu\\\/wp-content\\\/uploads\\\/img_6066.jpg\",\"contentUrl\":\"https:\\\/\\\/lustandlove.eu\\\/wp-content\\\/uploads\\\/img_6066.jpg\",\"width\":1000,\"height\":1000},{\"@type\":\"BreadcrumbList\",\"@id\":\"https:\\\/\\\/lustandlove.eu\\\/et\\\/toode\\\/kiotos-leather-bondage-set-bdsm-starters-kit\\\/#breadcrumb\",\"itemListElement\":[{\"@type\":\"ListItem\",\"position\":1,\"name\":\"Lust and Love\",\"item\":\"https:\\\/\\\/lustandlove.eu\\\/et\\\/\"},{\"@type\":\"ListItem\",\"position\":2,\"name\":\"Pood\",\"item\":\"https:\\\/\\\/lustandlove.eu\\\/et\\\/pood\\\/\"},{\"@type\":\"ListItem\",\"position\":3,\"name\":\"BDSM\",\"item\":\"https:\\\/\\\/lustandlove.eu\\\/et\\\/pood\\\/bdsm-et\\\/\"},{\"@type\":\"ListItem\",\"position\":4,\"name\":\"L\u00f5butooted\",\"item\":\"https:\\\/\\\/lustandlove.eu\\\/et\\\/pood\\\/bdsm-et\\\/lobutooted\\\/\"},{\"@type\":\"ListItem\",\"position\":5,\"name\":\"BDSM Komplekt Algajatele\"}]},{\"@type\":\"WebSite\",\"@id\":\"https:\\\/\\\/lustandlove.eu\\\/et\\\/#website\",\"url\":\"https:\\\/\\\/lustandlove.eu\\\/et\\\/\",\"name\":\"Lust &amp; Love\",\"description\":\"Online erootikapood tervise, ilu ja armastuse jaoks\",\"publisher\":{\"@id\":\"https:\\\/\\\/lustandlove.eu\\\/et\\\/#organization\"},\"potentialAction\":[{\"@type\":\"SearchAction\",\"target\":{\"@type\":\"EntryPoint\",\"urlTemplate\":\"https:\\\/\\\/lustandlove.eu\\\/et\\\/?s={search_term_string}\"},\"query-input\":{\"@type\":\"PropertyValueSpecification\",\"valueRequired\":true,\"valueName\":\"search_term_string\"}}],\"inLanguage\":\"et\"},{\"@type\":\"Organization\",\"@id\":\"https:\\\/\\\/lustandlove.eu\\\/et\\\/#organization\",\"name\":\"Bioconcept Baltics O\u00dc\",\"url\":\"https:\\\/\\\/lustandlove.eu\\\/et\\\/\",\"logo\":{\"@type\":\"ImageObject\",\"inLanguage\":\"et\",\"@id\":\"https:\\\/\\\/lustandlove.eu\\\/et\\\/#\\\/schema\\\/logo\\\/image\\\/\",\"url\":\"\",\"contentUrl\":\"\",\"caption\":\"Bioconcept Baltics O\u00dc\"},\"image\":{\"@id\":\"https:\\\/\\\/lustandlove.eu\\\/et\\\/#\\\/schema\\\/logo\\\/image\\\/\"},\"sameAs\":[\"https:\\\/\\\/www.facebook.com\\\/LustandLoveEU\\\/\",\"https:\\\/\\\/www.instagram.com\\\/lustandloveeu\\\/\"]}]}<\/script>\n<!-- \/ Yoast SEO plugin. -->","yoast_head_json":{"title":"BDSM Starters Kit | Bondage Set | Lust &amp; Love Sexshop","description":"BDSM ei t\u00e4henda ainult piitsutamist, kette ja k\u00e4eraudasid. See ei t\u00e4henda julmust ja jalamatiks olemist. Samuti ka mitte orjust ega fantaasiate pealesurumist, mida teie partner ei hinda. See on midagi palju s\u00fcgavamat, kui paar pepulaksu.","robots":{"index,follow,max-snippet":"index,follow,max-snippet:-1,max-image-preview:large,max-video-preview:-1"},"canonical":"https:\/\/lustandlove.eu\/et\/toode\/kiotos-leather-bondage-set-bdsm-starters-kit\/","twitter_card":"summary_large_image","twitter_title":"BDSM Starters Kit | Bondage Set | Lust &amp; Love Sexshop","twitter_description":"BDSM ei t\u00e4henda ainult piitsutamist, kette ja k\u00e4eraudasid. See ei t\u00e4henda julmust ja jalamatiks olemist. Samuti ka mitte orjust ega fantaasiate pealesurumist, mida teie partner ei hinda. See on midagi palju s\u00fcgavamat, kui paar pepulaksu.","twitter_image":"https:\/\/lustandlove.eu\/wp-content\/uploads\/img_6066.jpg","twitter_misc":{"Est. reading time":"1 minut"},"schema":{"@context":"https:\/\/schema.org","@graph":[{"@type":["WebPage","ItemPage"],"@id":"https:\/\/lustandlove.eu\/et\/toode\/kiotos-leather-bondage-set-bdsm-starters-kit\/","url":"https:\/\/lustandlove.eu\/et\/toode\/kiotos-leather-bondage-set-bdsm-starters-kit\/","name":"BDSM Starters Kit | Bondage Set | Lust &amp; Love Sexshop","isPartOf":{"@id":"https:\/\/lustandlove.eu\/et\/#website"},"primaryImageOfPage":{"@id":"https:\/\/lustandlove.eu\/et\/toode\/kiotos-leather-bondage-set-bdsm-starters-kit\/#primaryimage"},"image":{"@id":"https:\/\/lustandlove.eu\/et\/toode\/kiotos-leather-bondage-set-bdsm-starters-kit\/#primaryimage"},"thumbnailUrl":"https:\/\/lustandlove.eu\/wp-content\/uploads\/img_6066.jpg","datePublished":"2021-05-28T05:02:31+00:00","dateModified":"2026-04-13T07:43:35+00:00","description":"BDSM ei t\u00e4henda ainult piitsutamist, kette ja k\u00e4eraudasid. See ei t\u00e4henda julmust ja jalamatiks olemist. Samuti ka mitte orjust ega fantaasiate pealesurumist, mida teie partner ei hinda. See on midagi palju s\u00fcgavamat, kui paar pepulaksu.","breadcrumb":{"@id":"https:\/\/lustandlove.eu\/et\/toode\/kiotos-leather-bondage-set-bdsm-starters-kit\/#breadcrumb"},"inLanguage":"et","potentialAction":[{"@type":"ReadAction","target":["https:\/\/lustandlove.eu\/et\/toode\/kiotos-leather-bondage-set-bdsm-starters-kit\/"]}]},{"@type":"ImageObject","inLanguage":"et","@id":"https:\/\/lustandlove.eu\/et\/toode\/kiotos-leather-bondage-set-bdsm-starters-kit\/#primaryimage","url":"https:\/\/lustandlove.eu\/wp-content\/uploads\/img_6066.jpg","contentUrl":"https:\/\/lustandlove.eu\/wp-content\/uploads\/img_6066.jpg","width":1000,"height":1000},{"@type":"BreadcrumbList","@id":"https:\/\/lustandlove.eu\/et\/toode\/kiotos-leather-bondage-set-bdsm-starters-kit\/#breadcrumb","itemListElement":[{"@type":"ListItem","position":1,"name":"Lust and Love","item":"https:\/\/lustandlove.eu\/et\/"},{"@type":"ListItem","position":2,"name":"Pood","item":"https:\/\/lustandlove.eu\/et\/pood\/"},{"@type":"ListItem","position":3,"name":"BDSM","item":"https:\/\/lustandlove.eu\/et\/pood\/bdsm-et\/"},{"@type":"ListItem","position":4,"name":"L\u00f5butooted","item":"https:\/\/lustandlove.eu\/et\/pood\/bdsm-et\/lobutooted\/"},{"@type":"ListItem","position":5,"name":"BDSM Komplekt Algajatele"}]},{"@type":"WebSite","@id":"https:\/\/lustandlove.eu\/et\/#website","url":"https:\/\/lustandlove.eu\/et\/","name":"Lust &amp; Love","description":"Online erootikapood tervise, ilu ja armastuse jaoks","publisher":{"@id":"https:\/\/lustandlove.eu\/et\/#organization"},"potentialAction":[{"@type":"SearchAction","target":{"@type":"EntryPoint","urlTemplate":"https:\/\/lustandlove.eu\/et\/?s={search_term_string}"},"query-input":{"@type":"PropertyValueSpecification","valueRequired":true,"valueName":"search_term_string"}}],"inLanguage":"et"},{"@type":"Organization","@id":"https:\/\/lustandlove.eu\/et\/#organization","name":"Bioconcept Baltics O\u00dc","url":"https:\/\/lustandlove.eu\/et\/","logo":{"@type":"ImageObject","inLanguage":"et","@id":"https:\/\/lustandlove.eu\/et\/#\/schema\/logo\/image\/","url":"","contentUrl":"","caption":"Bioconcept Baltics O\u00dc"},"image":{"@id":"https:\/\/lustandlove.eu\/et\/#\/schema\/logo\/image\/"},"sameAs":["https:\/\/www.facebook.com\/LustandLoveEU\/","https:\/\/www.instagram.com\/lustandloveeu\/"]}]}},"_links":{"self":[{"href":"https:\/\/lustandlove.eu\/et\/wp-json\/wp\/v2\/product\/48568","targetHints":{"allow":["GET"]}}],"collection":[{"href":"https:\/\/lustandlove.eu\/et\/wp-json\/wp\/v2\/product"}],"about":[{"href":"https:\/\/lustandlove.eu\/et\/wp-json\/wp\/v2\/types\/product"}],"wp:featuredmedia":[{"embeddable":true,"href":"https:\/\/lustandlove.eu\/et\/wp-json\/wp\/v2\/media\/47382"}],"wp:attachment":[{"href":"https:\/\/lustandlove.eu\/et\/wp-json\/wp\/v2\/media?parent=48568"}],"wp:term":[{"taxonomy":"product_brand","embeddable":true,"href":"https:\/\/lustandlove.eu\/et\/wp-json\/wp\/v2\/product_brand?post=48568"},{"taxonomy":"product_cat","embeddable":true,"href":"https:\/\/lustandlove.eu\/et\/wp-json\/wp\/v2\/product_cat?post=48568"},{"taxonomy":"product_tag","embeddable":true,"href":"https:\/\/lustandlove.eu\/et\/wp-json\/wp\/v2\/product_tag?post=48568"}],"curies":[{"name":"wp","href":"https:\/\/api.w.org\/{rel}","templated":true}]}}