{"id":48569,"date":"2021-05-28T08:02:31","date_gmt":"2021-05-28T05:02:31","guid":{"rendered":"https:\/\/www.lustandlove.eu\/product\/bdsm-sidumiskomplekt\/"},"modified":"2026-04-13T10:43:35","modified_gmt":"2026-04-13T07:43:35","slug":"bdsm-sidumiskomplekt","status":"publish","type":"product","link":"https:\/\/lustandlove.eu\/et\/toode\/bdsm-sidumiskomplekt\/","title":{"rendered":"BDSM Nahast Sidumiskomplekt"},"content":{"rendered":"<p>Kaunis \u00fcheteistk\u00fcmneosaline Kiotos Leather sidumiskomplekt Fantasy on k\u00f5ik, mida sul on vaja, et alustada \u00fclemana. K\u00f5ik tooted on valmistatud tehisnahast ning on musta v\u00e4rvi. Komplektis 11 m\u00e4nguasja.<\/p>\n<p>BDSM ei t\u00e4henda ainult piitsutamist, kette ja k\u00e4eraudasid. See ei t\u00e4henda julmust ja jalamatiks olemist. Samuti ka mitte orjust ega fantaasiate pealesurumist, mida teie partner ei hinda. See on midagi palju s\u00fcgavamat, kui paar pepulaksu.<\/p>\n","protected":false},"excerpt":{"rendered":"<p>BDSM ei t\u00e4henda ainult piitsutamist, kette ja k\u00e4eraudasid. See ei t\u00e4henda julmust ja jalamatiks olemist. Samuti ka mitte orjust ega fantaasiate pealesurumist, mida teie partner ei hinda. See on midagi palju s\u00fcgavamat, kui paar pepulaksu.<\/p>\n","protected":false},"featured_media":47378,"template":"","meta":[],"product_brand":[4218],"product_cat":[1470,4001],"product_tag":[1550,4095,3781],"class_list":{"0":"post-48569","1":"product","2":"type-product","3":"status-publish","4":"has-post-thumbnail","6":"product_brand-kiotos-et","7":"product_cat-bdsm-et","8":"product_cat-lobutooted","9":"product_tag-bdsm-et","10":"product_tag-bf50-et","11":"product_tag-must-reede","12":"pa_brand-kiotos-et","14":"first","15":"instock","16":"taxable","17":"shipping-taxable","18":"purchasable","19":"product-type-simple"},"yoast_head":"<!-- This site is optimized with the Yoast SEO plugin v27.4 - https:\/\/yoast.com\/product\/yoast-seo-wordpress\/ -->\n<title>BDSM Nahast Sidumiskomplekt by Kiotos | Lust &amp; Love<\/title>\n<meta name=\"description\" content=\"BDSM ei t\u00e4henda ainult piitsutamist, kette ja k\u00e4eraudasid. See ei t\u00e4henda julmust ja jalamatiks olemist. Samuti ka mitte orjust ega fantaasiate pealesurumist, mida teie partner ei hinda. See on midagi palju s\u00fcgavamat, kui paar pepulaksu.\" \/>\n<meta name=\"robots\" content=\"index,follow,max-snippet:-1,max-image-preview:large,max-video-preview:-1\" \/>\n<link rel=\"canonical\" href=\"https:\/\/lustandlove.eu\/et\/toode\/bdsm-sidumiskomplekt\/\" \/>\n<script type=\"application\/ld+json\" class=\"yoast-schema-graph\">{\"@context\":\"https:\\\/\\\/schema.org\",\"@graph\":[{\"@type\":[\"WebPage\",\"ItemPage\"],\"@id\":\"https:\\\/\\\/lustandlove.eu\\\/et\\\/toode\\\/bdsm-sidumiskomplekt\\\/\",\"url\":\"https:\\\/\\\/lustandlove.eu\\\/et\\\/toode\\\/bdsm-sidumiskomplekt\\\/\",\"name\":\"BDSM Nahast Sidumiskomplekt by Kiotos | Lust &amp; Love\",\"isPartOf\":{\"@id\":\"https:\\\/\\\/lustandlove.eu\\\/et\\\/#website\"},\"primaryImageOfPage\":{\"@id\":\"https:\\\/\\\/lustandlove.eu\\\/et\\\/toode\\\/bdsm-sidumiskomplekt\\\/#primaryimage\"},\"image\":{\"@id\":\"https:\\\/\\\/lustandlove.eu\\\/et\\\/toode\\\/bdsm-sidumiskomplekt\\\/#primaryimage\"},\"thumbnailUrl\":\"https:\\\/\\\/lustandlove.eu\\\/wp-content\\\/uploads\\\/opr-1970001-03.jpg\",\"datePublished\":\"2021-05-28T05:02:31+00:00\",\"dateModified\":\"2026-04-13T07:43:35+00:00\",\"description\":\"BDSM ei t\u00e4henda ainult piitsutamist, kette ja k\u00e4eraudasid. See ei t\u00e4henda julmust ja jalamatiks olemist. Samuti ka mitte orjust ega fantaasiate pealesurumist, mida teie partner ei hinda. See on midagi palju s\u00fcgavamat, kui paar pepulaksu.\",\"breadcrumb\":{\"@id\":\"https:\\\/\\\/lustandlove.eu\\\/et\\\/toode\\\/bdsm-sidumiskomplekt\\\/#breadcrumb\"},\"inLanguage\":\"et\",\"potentialAction\":[{\"@type\":\"ReadAction\",\"target\":[\"https:\\\/\\\/lustandlove.eu\\\/et\\\/toode\\\/bdsm-sidumiskomplekt\\\/\"]}]},{\"@type\":\"ImageObject\",\"inLanguage\":\"et\",\"@id\":\"https:\\\/\\\/lustandlove.eu\\\/et\\\/toode\\\/bdsm-sidumiskomplekt\\\/#primaryimage\",\"url\":\"https:\\\/\\\/lustandlove.eu\\\/wp-content\\\/uploads\\\/opr-1970001-03.jpg\",\"contentUrl\":\"https:\\\/\\\/lustandlove.eu\\\/wp-content\\\/uploads\\\/opr-1970001-03.jpg\",\"width\":1000,\"height\":1000},{\"@type\":\"BreadcrumbList\",\"@id\":\"https:\\\/\\\/lustandlove.eu\\\/et\\\/toode\\\/bdsm-sidumiskomplekt\\\/#breadcrumb\",\"itemListElement\":[{\"@type\":\"ListItem\",\"position\":1,\"name\":\"Lust and Love\",\"item\":\"https:\\\/\\\/lustandlove.eu\\\/et\\\/\"},{\"@type\":\"ListItem\",\"position\":2,\"name\":\"Pood\",\"item\":\"https:\\\/\\\/lustandlove.eu\\\/et\\\/pood\\\/\"},{\"@type\":\"ListItem\",\"position\":3,\"name\":\"BDSM\",\"item\":\"https:\\\/\\\/lustandlove.eu\\\/et\\\/pood\\\/bdsm-et\\\/\"},{\"@type\":\"ListItem\",\"position\":4,\"name\":\"L\u00f5butooted\",\"item\":\"https:\\\/\\\/lustandlove.eu\\\/et\\\/pood\\\/bdsm-et\\\/lobutooted\\\/\"},{\"@type\":\"ListItem\",\"position\":5,\"name\":\"BDSM Nahast Sidumiskomplekt\"}]},{\"@type\":\"WebSite\",\"@id\":\"https:\\\/\\\/lustandlove.eu\\\/et\\\/#website\",\"url\":\"https:\\\/\\\/lustandlove.eu\\\/et\\\/\",\"name\":\"Lust & Love\",\"description\":\"Online erootikapood tervise, ilu ja armastuse jaoks\",\"publisher\":{\"@id\":\"https:\\\/\\\/lustandlove.eu\\\/et\\\/#organization\"},\"potentialAction\":[{\"@type\":\"SearchAction\",\"target\":{\"@type\":\"EntryPoint\",\"urlTemplate\":\"https:\\\/\\\/lustandlove.eu\\\/et\\\/?s={search_term_string}\"},\"query-input\":{\"@type\":\"PropertyValueSpecification\",\"valueRequired\":true,\"valueName\":\"search_term_string\"}}],\"inLanguage\":\"et\"},{\"@type\":\"Organization\",\"@id\":\"https:\\\/\\\/lustandlove.eu\\\/et\\\/#organization\",\"name\":\"Bioconcept Baltics O\u00dc\",\"url\":\"https:\\\/\\\/lustandlove.eu\\\/et\\\/\",\"logo\":{\"@type\":\"ImageObject\",\"inLanguage\":\"et\",\"@id\":\"https:\\\/\\\/lustandlove.eu\\\/et\\\/#\\\/schema\\\/logo\\\/image\\\/\",\"url\":\"https:\\\/\\\/lustandlove.eu\\\/wp-content\\\/uploads\\\/logo-full-2.png\",\"contentUrl\":\"https:\\\/\\\/lustandlove.eu\\\/wp-content\\\/uploads\\\/logo-full-2.png\",\"width\":837,\"height\":200,\"caption\":\"Bioconcept Baltics O\u00dc\"},\"image\":{\"@id\":\"https:\\\/\\\/lustandlove.eu\\\/et\\\/#\\\/schema\\\/logo\\\/image\\\/\"},\"sameAs\":[\"https:\\\/\\\/www.facebook.com\\\/LustandLoveEU\\\/\",\"https:\\\/\\\/www.instagram.com\\\/lustandloveeu\\\/\"]}]}<\/script>\n<!-- \/ Yoast SEO plugin. -->","yoast_head_json":{"title":"BDSM Nahast Sidumiskomplekt by Kiotos | Lust &amp; Love","description":"BDSM ei t\u00e4henda ainult piitsutamist, kette ja k\u00e4eraudasid. See ei t\u00e4henda julmust ja jalamatiks olemist. Samuti ka mitte orjust ega fantaasiate pealesurumist, mida teie partner ei hinda. See on midagi palju s\u00fcgavamat, kui paar pepulaksu.","robots":{"index,follow,max-snippet":"index,follow,max-snippet:-1,max-image-preview:large,max-video-preview:-1"},"canonical":"https:\/\/lustandlove.eu\/et\/toode\/bdsm-sidumiskomplekt\/","schema":{"@context":"https:\/\/schema.org","@graph":[{"@type":["WebPage","ItemPage"],"@id":"https:\/\/lustandlove.eu\/et\/toode\/bdsm-sidumiskomplekt\/","url":"https:\/\/lustandlove.eu\/et\/toode\/bdsm-sidumiskomplekt\/","name":"BDSM Nahast Sidumiskomplekt by Kiotos | Lust &amp; Love","isPartOf":{"@id":"https:\/\/lustandlove.eu\/et\/#website"},"primaryImageOfPage":{"@id":"https:\/\/lustandlove.eu\/et\/toode\/bdsm-sidumiskomplekt\/#primaryimage"},"image":{"@id":"https:\/\/lustandlove.eu\/et\/toode\/bdsm-sidumiskomplekt\/#primaryimage"},"thumbnailUrl":"https:\/\/lustandlove.eu\/wp-content\/uploads\/opr-1970001-03.jpg","datePublished":"2021-05-28T05:02:31+00:00","dateModified":"2026-04-13T07:43:35+00:00","description":"BDSM ei t\u00e4henda ainult piitsutamist, kette ja k\u00e4eraudasid. See ei t\u00e4henda julmust ja jalamatiks olemist. Samuti ka mitte orjust ega fantaasiate pealesurumist, mida teie partner ei hinda. See on midagi palju s\u00fcgavamat, kui paar pepulaksu.","breadcrumb":{"@id":"https:\/\/lustandlove.eu\/et\/toode\/bdsm-sidumiskomplekt\/#breadcrumb"},"inLanguage":"et","potentialAction":[{"@type":"ReadAction","target":["https:\/\/lustandlove.eu\/et\/toode\/bdsm-sidumiskomplekt\/"]}]},{"@type":"ImageObject","inLanguage":"et","@id":"https:\/\/lustandlove.eu\/et\/toode\/bdsm-sidumiskomplekt\/#primaryimage","url":"https:\/\/lustandlove.eu\/wp-content\/uploads\/opr-1970001-03.jpg","contentUrl":"https:\/\/lustandlove.eu\/wp-content\/uploads\/opr-1970001-03.jpg","width":1000,"height":1000},{"@type":"BreadcrumbList","@id":"https:\/\/lustandlove.eu\/et\/toode\/bdsm-sidumiskomplekt\/#breadcrumb","itemListElement":[{"@type":"ListItem","position":1,"name":"Lust and Love","item":"https:\/\/lustandlove.eu\/et\/"},{"@type":"ListItem","position":2,"name":"Pood","item":"https:\/\/lustandlove.eu\/et\/pood\/"},{"@type":"ListItem","position":3,"name":"BDSM","item":"https:\/\/lustandlove.eu\/et\/pood\/bdsm-et\/"},{"@type":"ListItem","position":4,"name":"L\u00f5butooted","item":"https:\/\/lustandlove.eu\/et\/pood\/bdsm-et\/lobutooted\/"},{"@type":"ListItem","position":5,"name":"BDSM Nahast Sidumiskomplekt"}]},{"@type":"WebSite","@id":"https:\/\/lustandlove.eu\/et\/#website","url":"https:\/\/lustandlove.eu\/et\/","name":"Lust & Love","description":"Online erootikapood tervise, ilu ja armastuse jaoks","publisher":{"@id":"https:\/\/lustandlove.eu\/et\/#organization"},"potentialAction":[{"@type":"SearchAction","target":{"@type":"EntryPoint","urlTemplate":"https:\/\/lustandlove.eu\/et\/?s={search_term_string}"},"query-input":{"@type":"PropertyValueSpecification","valueRequired":true,"valueName":"search_term_string"}}],"inLanguage":"et"},{"@type":"Organization","@id":"https:\/\/lustandlove.eu\/et\/#organization","name":"Bioconcept Baltics O\u00dc","url":"https:\/\/lustandlove.eu\/et\/","logo":{"@type":"ImageObject","inLanguage":"et","@id":"https:\/\/lustandlove.eu\/et\/#\/schema\/logo\/image\/","url":"https:\/\/lustandlove.eu\/wp-content\/uploads\/logo-full-2.png","contentUrl":"https:\/\/lustandlove.eu\/wp-content\/uploads\/logo-full-2.png","width":837,"height":200,"caption":"Bioconcept Baltics O\u00dc"},"image":{"@id":"https:\/\/lustandlove.eu\/et\/#\/schema\/logo\/image\/"},"sameAs":["https:\/\/www.facebook.com\/LustandLoveEU\/","https:\/\/www.instagram.com\/lustandloveeu\/"]}]}},"_links":{"self":[{"href":"https:\/\/lustandlove.eu\/et\/wp-json\/wp\/v2\/product\/48569","targetHints":{"allow":["GET"]}}],"collection":[{"href":"https:\/\/lustandlove.eu\/et\/wp-json\/wp\/v2\/product"}],"about":[{"href":"https:\/\/lustandlove.eu\/et\/wp-json\/wp\/v2\/types\/product"}],"wp:featuredmedia":[{"embeddable":true,"href":"https:\/\/lustandlove.eu\/et\/wp-json\/wp\/v2\/media\/47378"}],"wp:attachment":[{"href":"https:\/\/lustandlove.eu\/et\/wp-json\/wp\/v2\/media?parent=48569"}],"wp:term":[{"taxonomy":"product_brand","embeddable":true,"href":"https:\/\/lustandlove.eu\/et\/wp-json\/wp\/v2\/product_brand?post=48569"},{"taxonomy":"product_cat","embeddable":true,"href":"https:\/\/lustandlove.eu\/et\/wp-json\/wp\/v2\/product_cat?post=48569"},{"taxonomy":"product_tag","embeddable":true,"href":"https:\/\/lustandlove.eu\/et\/wp-json\/wp\/v2\/product_tag?post=48569"}],"curies":[{"name":"wp","href":"https:\/\/api.w.org\/{rel}","templated":true}]}}