{"id":48570,"date":"2021-05-28T08:02:04","date_gmt":"2021-05-28T05:02:04","guid":{"rendered":"https:\/\/www.lustandlove.eu\/product\/paarikeste-komplekt\/"},"modified":"2025-08-19T15:58:15","modified_gmt":"2025-08-19T12:58:15","slug":"paaride-komplekt","status":"publish","type":"product","link":"https:\/\/lustandlove.eu\/et\/toode\/paaride-komplekt\/","title":{"rendered":"Paaride Komplekt"},"content":{"rendered":"<p>See limited edition luksuslik kinkekomplekt annab paarikestele v\u00f5imaluse pakkuda \u00fcksteisele l\u00f5putuid \u00f6id, t\u00e4idetud kire ja l\u00f5buga. Komplekt erutab nii teda kui temakest, ideaalne seksikateks v\u00f5imalusteks.<\/p>\n<p>H\u00f5bedane nahast pakend sisaldab endas v\u00f5imsat G-punkti vibraatorit ja meie \u00fclikuulsat Mio peeniser\u00f5ngas-vibraatorit.<\/p>\n<p>V\u00f5itmatu kombinatsioon teeb sellest ideaalse kingi m\u00f5lemale, mis sobib nii p\u00fchadeks kui ka valentinip\u00e4evaks.<\/p>\n<p><strong>Nipid<\/strong><br \/>\nKasuta G-Punkti vibraatorit eelm\u00e4ngus \u2013 stimuleeri G-Punkti ja kliitorit sileda otsaga, et saavutada maksimaalne erutus. Kui sa ei suuda kauem l\u00f5ppm\u00e4ngu oodata, v\u00f5ta peeniser\u00f5ngas-vibraator Mio ja lisa v\u00fcrtsi juurde. Peeniser\u00f5nga vibratsioon garanteerib m\u00f5lemale seksika l\u00f5pu.<\/p>\n<p><strong>Kuidas see t\u00f6\u00f6tab<\/strong><br \/>\nM\u00f5lema m\u00e4nguasja t\u00f6\u00f6le l\u00fclitamiseks hoia + nuppu all 2 sekundit. Kliki + nupule, et t\u00f5sta intensiivsust ja vibreerimise kiirust. Kliki \u2013 nupule, et vibreerimise kiirust aeglasemaks reguleerida ning hoia \u2013 nuppu all 2 sekundit, et l\u00fclitada lelu v\u00e4lja. Kasuta m\u00e4ngimise ajal keskmist s\u00f5rme, et k\u00e4ia l\u00e4bi k\u00f5ik 7 erinevat vibreerimise mustrit.<\/p>\n<p>Iga Je Joue toote ostuga kaasa tasuta v\u00e4ike aromaatne massaa\u017eik\u00fc\u00fcnal!<\/p>\n<p>&nbsp;<\/p>\n<p>NB: Enne kasutust 2 tundi laadida!<\/p>\n","protected":false},"excerpt":{"rendered":"<p>See limited edition luksuslik kinkekomplekt annab paarikestele v\u00f5imaluse pakkuda \u00fcksteisele l\u00f5putuid \u00f6id, t\u00e4idetud kire ja l\u00f5buga. Komplekt erutab nii teda kui temakest, ideaalne seksikateks v\u00f5imalusteks.<\/p>\n","protected":false},"featured_media":47375,"template":"","meta":[],"product_cat":[3981,1493,1484,1488],"product_tag":[1515,1557,1559,1553],"yoast_head":"<!-- This site is optimized with the Yoast SEO plugin v22.9 - https:\/\/yoast.com\/wordpress\/plugins\/seo\/ -->\n<title>Paaride Komplekt by JeJoue | Lust &amp; Love Pleasure Shop<\/title>\n<meta name=\"robots\" content=\"index,follow,max-snippet:-1,max-image-preview:large,max-video-preview:-1\" \/>\n<link rel=\"canonical\" href=\"https:\/\/lustandlove.eu\/et\/toode\/paaride-komplekt\/\" \/>\n<meta name=\"twitter:card\" content=\"summary_large_image\" \/>\n<meta name=\"twitter:title\" content=\"Paaride Komplekt by JeJoue | Lust &amp; Love Pleasure Shop\" \/>\n<meta name=\"twitter:description\" content=\"See limited edition luksuslik kinkekomplekt annab paarikestele v\u00f5imaluse pakkuda \u00fcksteisele l\u00f5putuid \u00f6id, t\u00e4idetud kire ja l\u00f5buga. Komplekt erutab nii teda kui temakest, ideaalne seksikateks v\u00f5imalusteks.\" \/>\n<meta name=\"twitter:image\" content=\"https:\/\/lustandlove.eu\/wp-content\/uploads\/jj_couples_box_copy-3_copy.jpg\" \/>\n<meta name=\"twitter:label1\" content=\"Est. reading time\" \/>\n\t<meta name=\"twitter:data1\" content=\"2 minutit\" \/>\n<script type=\"application\/ld+json\" class=\"yoast-schema-graph\">{\"@context\":\"https:\/\/schema.org\",\"@graph\":[{\"@type\":[\"WebPage\",\"ItemPage\"],\"@id\":\"https:\/\/lustandlove.eu\/et\/toode\/paaride-komplekt\/\",\"url\":\"https:\/\/lustandlove.eu\/et\/toode\/paaride-komplekt\/\",\"name\":\"Paaride Komplekt by JeJoue | Lust &amp; Love Pleasure Shop\",\"isPartOf\":{\"@id\":\"https:\/\/lustandlove.eu\/et\/#website\"},\"primaryImageOfPage\":{\"@id\":\"https:\/\/lustandlove.eu\/et\/toode\/paaride-komplekt\/#primaryimage\"},\"image\":{\"@id\":\"https:\/\/lustandlove.eu\/et\/toode\/paaride-komplekt\/#primaryimage\"},\"thumbnailUrl\":\"https:\/\/lustandlove.eu\/wp-content\/uploads\/jj_couples_box_copy-3_copy.jpg\",\"datePublished\":\"2021-05-28T05:02:04+00:00\",\"dateModified\":\"2025-08-19T12:58:15+00:00\",\"breadcrumb\":{\"@id\":\"https:\/\/lustandlove.eu\/et\/toode\/paaride-komplekt\/#breadcrumb\"},\"inLanguage\":\"et\",\"potentialAction\":[{\"@type\":\"ReadAction\",\"target\":[\"https:\/\/lustandlove.eu\/et\/toode\/paaride-komplekt\/\"]}]},{\"@type\":\"ImageObject\",\"inLanguage\":\"et\",\"@id\":\"https:\/\/lustandlove.eu\/et\/toode\/paaride-komplekt\/#primaryimage\",\"url\":\"https:\/\/lustandlove.eu\/wp-content\/uploads\/jj_couples_box_copy-3_copy.jpg\",\"contentUrl\":\"https:\/\/lustandlove.eu\/wp-content\/uploads\/jj_couples_box_copy-3_copy.jpg\",\"width\":660,\"height\":500},{\"@type\":\"BreadcrumbList\",\"@id\":\"https:\/\/lustandlove.eu\/et\/toode\/paaride-komplekt\/#breadcrumb\",\"itemListElement\":[{\"@type\":\"ListItem\",\"position\":1,\"name\":\"Lust and Love\",\"item\":\"https:\/\/lustandlove.eu\/et\/\"},{\"@type\":\"ListItem\",\"position\":2,\"name\":\"Pood\",\"item\":\"https:\/\/lustandlove.eu\/et\/pood\/\"},{\"@type\":\"ListItem\",\"position\":3,\"name\":\"Sekslelud\",\"item\":\"https:\/\/lustandlove.eu\/et\/pood\/sekslelud\/\"},{\"@type\":\"ListItem\",\"position\":4,\"name\":\"Vibraatorid\",\"item\":\"https:\/\/lustandlove.eu\/et\/pood\/sekslelud\/vibraatorid\/\"},{\"@type\":\"ListItem\",\"position\":5,\"name\":\"Kuulvibraator\",\"item\":\"https:\/\/lustandlove.eu\/et\/pood\/sekslelud\/vibraatorid\/kuulvibraator\/\"},{\"@type\":\"ListItem\",\"position\":6,\"name\":\"Paaride Komplekt\"}]},{\"@type\":\"WebSite\",\"@id\":\"https:\/\/lustandlove.eu\/et\/#website\",\"url\":\"https:\/\/lustandlove.eu\/et\/\",\"name\":\"Lust &amp; Love\",\"description\":\"Online erootikapood tervise, ilu ja armastuse jaoks\",\"publisher\":{\"@id\":\"https:\/\/lustandlove.eu\/et\/#organization\"},\"potentialAction\":[{\"@type\":\"SearchAction\",\"target\":{\"@type\":\"EntryPoint\",\"urlTemplate\":\"https:\/\/lustandlove.eu\/et\/?s={search_term_string}\"},\"query-input\":\"required name=search_term_string\"}],\"inLanguage\":\"et\"},{\"@type\":\"Organization\",\"@id\":\"https:\/\/lustandlove.eu\/et\/#organization\",\"name\":\"Bioconcept Baltics O\u00dc\",\"url\":\"https:\/\/lustandlove.eu\/et\/\",\"logo\":{\"@type\":\"ImageObject\",\"inLanguage\":\"et\",\"@id\":\"https:\/\/lustandlove.eu\/et\/#\/schema\/logo\/image\/\",\"url\":\"\",\"contentUrl\":\"\",\"caption\":\"Bioconcept Baltics O\u00dc\"},\"image\":{\"@id\":\"https:\/\/lustandlove.eu\/et\/#\/schema\/logo\/image\/\"},\"sameAs\":[\"https:\/\/www.facebook.com\/LustandLoveEU\/\",\"https:\/\/www.instagram.com\/lustandloveeu\/\"]}]}<\/script>\n<!-- \/ Yoast SEO plugin. -->","yoast_head_json":{"title":"Paaride Komplekt by JeJoue | Lust &amp; Love Pleasure Shop","robots":{"index,follow,max-snippet":"index,follow,max-snippet:-1,max-image-preview:large,max-video-preview:-1"},"canonical":"https:\/\/lustandlove.eu\/et\/toode\/paaride-komplekt\/","twitter_card":"summary_large_image","twitter_title":"Paaride Komplekt by JeJoue | Lust &amp; Love Pleasure Shop","twitter_description":"See limited edition luksuslik kinkekomplekt annab paarikestele v\u00f5imaluse pakkuda \u00fcksteisele l\u00f5putuid \u00f6id, t\u00e4idetud kire ja l\u00f5buga. Komplekt erutab nii teda kui temakest, ideaalne seksikateks v\u00f5imalusteks.","twitter_image":"https:\/\/lustandlove.eu\/wp-content\/uploads\/jj_couples_box_copy-3_copy.jpg","twitter_misc":{"Est. reading time":"2 minutit"},"schema":{"@context":"https:\/\/schema.org","@graph":[{"@type":["WebPage","ItemPage"],"@id":"https:\/\/lustandlove.eu\/et\/toode\/paaride-komplekt\/","url":"https:\/\/lustandlove.eu\/et\/toode\/paaride-komplekt\/","name":"Paaride Komplekt by JeJoue | Lust &amp; Love Pleasure Shop","isPartOf":{"@id":"https:\/\/lustandlove.eu\/et\/#website"},"primaryImageOfPage":{"@id":"https:\/\/lustandlove.eu\/et\/toode\/paaride-komplekt\/#primaryimage"},"image":{"@id":"https:\/\/lustandlove.eu\/et\/toode\/paaride-komplekt\/#primaryimage"},"thumbnailUrl":"https:\/\/lustandlove.eu\/wp-content\/uploads\/jj_couples_box_copy-3_copy.jpg","datePublished":"2021-05-28T05:02:04+00:00","dateModified":"2025-08-19T12:58:15+00:00","breadcrumb":{"@id":"https:\/\/lustandlove.eu\/et\/toode\/paaride-komplekt\/#breadcrumb"},"inLanguage":"et","potentialAction":[{"@type":"ReadAction","target":["https:\/\/lustandlove.eu\/et\/toode\/paaride-komplekt\/"]}]},{"@type":"ImageObject","inLanguage":"et","@id":"https:\/\/lustandlove.eu\/et\/toode\/paaride-komplekt\/#primaryimage","url":"https:\/\/lustandlove.eu\/wp-content\/uploads\/jj_couples_box_copy-3_copy.jpg","contentUrl":"https:\/\/lustandlove.eu\/wp-content\/uploads\/jj_couples_box_copy-3_copy.jpg","width":660,"height":500},{"@type":"BreadcrumbList","@id":"https:\/\/lustandlove.eu\/et\/toode\/paaride-komplekt\/#breadcrumb","itemListElement":[{"@type":"ListItem","position":1,"name":"Lust and Love","item":"https:\/\/lustandlove.eu\/et\/"},{"@type":"ListItem","position":2,"name":"Pood","item":"https:\/\/lustandlove.eu\/et\/pood\/"},{"@type":"ListItem","position":3,"name":"Sekslelud","item":"https:\/\/lustandlove.eu\/et\/pood\/sekslelud\/"},{"@type":"ListItem","position":4,"name":"Vibraatorid","item":"https:\/\/lustandlove.eu\/et\/pood\/sekslelud\/vibraatorid\/"},{"@type":"ListItem","position":5,"name":"Kuulvibraator","item":"https:\/\/lustandlove.eu\/et\/pood\/sekslelud\/vibraatorid\/kuulvibraator\/"},{"@type":"ListItem","position":6,"name":"Paaride Komplekt"}]},{"@type":"WebSite","@id":"https:\/\/lustandlove.eu\/et\/#website","url":"https:\/\/lustandlove.eu\/et\/","name":"Lust &amp; Love","description":"Online erootikapood tervise, ilu ja armastuse jaoks","publisher":{"@id":"https:\/\/lustandlove.eu\/et\/#organization"},"potentialAction":[{"@type":"SearchAction","target":{"@type":"EntryPoint","urlTemplate":"https:\/\/lustandlove.eu\/et\/?s={search_term_string}"},"query-input":"required name=search_term_string"}],"inLanguage":"et"},{"@type":"Organization","@id":"https:\/\/lustandlove.eu\/et\/#organization","name":"Bioconcept Baltics O\u00dc","url":"https:\/\/lustandlove.eu\/et\/","logo":{"@type":"ImageObject","inLanguage":"et","@id":"https:\/\/lustandlove.eu\/et\/#\/schema\/logo\/image\/","url":"","contentUrl":"","caption":"Bioconcept Baltics O\u00dc"},"image":{"@id":"https:\/\/lustandlove.eu\/et\/#\/schema\/logo\/image\/"},"sameAs":["https:\/\/www.facebook.com\/LustandLoveEU\/","https:\/\/www.instagram.com\/lustandloveeu\/"]}]}},"_links":{"self":[{"href":"https:\/\/lustandlove.eu\/et\/wp-json\/wp\/v2\/product\/48570"}],"collection":[{"href":"https:\/\/lustandlove.eu\/et\/wp-json\/wp\/v2\/product"}],"about":[{"href":"https:\/\/lustandlove.eu\/et\/wp-json\/wp\/v2\/types\/product"}],"wp:featuredmedia":[{"embeddable":true,"href":"https:\/\/lustandlove.eu\/et\/wp-json\/wp\/v2\/media\/47375"}],"wp:attachment":[{"href":"https:\/\/lustandlove.eu\/et\/wp-json\/wp\/v2\/media?parent=48570"}],"wp:term":[{"taxonomy":"product_cat","embeddable":true,"href":"https:\/\/lustandlove.eu\/et\/wp-json\/wp\/v2\/product_cat?post=48570"},{"taxonomy":"product_tag","embeddable":true,"href":"https:\/\/lustandlove.eu\/et\/wp-json\/wp\/v2\/product_tag?post=48570"}],"curies":[{"name":"wp","href":"https:\/\/api.w.org\/{rel}","templated":true}]}}