{"id":48595,"date":"2021-05-28T08:00:17","date_gmt":"2021-05-28T05:00:17","guid":{"rendered":"https:\/\/www.lustandlove.eu\/product\/ogadega-seitsmerealine-manguasi\/"},"modified":"2026-04-13T10:43:40","modified_gmt":"2026-04-13T07:43:40","slug":"ogadega-seitsmerealine-manguasi","status":"publish","type":"product","link":"https:\/\/lustandlove.eu\/et\/toode\/ogadega-seitsmerealine-manguasi\/","title":{"rendered":"Ogadega Seitsmerealine M\u00e4nguasi"},"content":{"rendered":"<p>See m\u00e4ngimiseks m\u00f5eldud Kiotos Steel\u2019i seitsmerealine m\u00e4nguasi ogadega on kaetud teravate naeltega ning selle stimuleeriv tunne on paeluv.<\/p>\n<p>Kinni seotud silmadega tundub, nagu l\u00e4biks skalpell sinu nahka ilma sellele viga tegemata.<\/p>\n","protected":false},"excerpt":{"rendered":"<p>See m\u00e4ngimiseks m\u00f5eldud Kiotos Steel\u2019i seitsmerealine m\u00e4nguasi ogadega on kaetud teravate naeltega ning selle stimuleeriv tunne on paeluv.<\/p>\n","protected":false},"featured_media":47353,"template":"","meta":[],"product_brand":[4218],"product_cat":[1470,4003],"product_tag":[1550,3773],"class_list":{"0":"post-48595","1":"product","2":"type-product","3":"status-publish","4":"has-post-thumbnail","6":"product_brand-kiotos-et","7":"product_cat-bdsm-et","8":"product_cat-ogarattad","9":"product_tag-bdsm-et","10":"product_tag-meditsiin","11":"pa_brand-kiotos-et","13":"first","14":"instock","15":"taxable","16":"shipping-taxable","17":"purchasable","18":"product-type-simple"},"yoast_head":"<!-- This site is optimized with the Yoast SEO plugin v27.3 - https:\/\/yoast.com\/product\/yoast-seo-wordpress\/ -->\n<title>Folded Pinwheel bu Kiotos Steel | Lust and Love Sex Shop<\/title>\n<meta name=\"description\" content=\"See m\u00e4ngimiseks m\u00f5eldud Kiotos Steel\u2019i seitsmerealine m\u00e4nguasi ogadega on kaetud teravate naeltega ning selle stimuleeriv tunne on paeluv.\" \/>\n<meta name=\"robots\" content=\"index,follow,max-snippet:-1,max-image-preview:large,max-video-preview:-1\" \/>\n<link rel=\"canonical\" href=\"https:\/\/lustandlove.eu\/et\/toode\/ogadega-seitsmerealine-manguasi\/\" \/>\n<meta name=\"twitter:card\" content=\"summary_large_image\" \/>\n<meta name=\"twitter:title\" content=\"Folded Pinwheel bu Kiotos Steel | Lust and Love Sex Shop\" \/>\n<meta name=\"twitter:description\" content=\"See m\u00e4ngimiseks m\u00f5eldud Kiotos Steel\u2019i seitsmerealine m\u00e4nguasi ogadega on kaetud teravate naeltega ning selle stimuleeriv tunne on paeluv.\" \/>\n<meta name=\"twitter:image\" content=\"https:\/\/lustandlove.eu\/wp-content\/uploads\/112-tms-2381.jpg\" \/>\n<script type=\"application\/ld+json\" class=\"yoast-schema-graph\">{\"@context\":\"https:\\\/\\\/schema.org\",\"@graph\":[{\"@type\":[\"WebPage\",\"ItemPage\"],\"@id\":\"https:\\\/\\\/lustandlove.eu\\\/et\\\/toode\\\/ogadega-seitsmerealine-manguasi\\\/\",\"url\":\"https:\\\/\\\/lustandlove.eu\\\/et\\\/toode\\\/ogadega-seitsmerealine-manguasi\\\/\",\"name\":\"Folded Pinwheel bu Kiotos Steel | Lust and Love Sex Shop\",\"isPartOf\":{\"@id\":\"https:\\\/\\\/lustandlove.eu\\\/et\\\/#website\"},\"primaryImageOfPage\":{\"@id\":\"https:\\\/\\\/lustandlove.eu\\\/et\\\/toode\\\/ogadega-seitsmerealine-manguasi\\\/#primaryimage\"},\"image\":{\"@id\":\"https:\\\/\\\/lustandlove.eu\\\/et\\\/toode\\\/ogadega-seitsmerealine-manguasi\\\/#primaryimage\"},\"thumbnailUrl\":\"https:\\\/\\\/lustandlove.eu\\\/wp-content\\\/uploads\\\/112-tms-2381.jpg\",\"datePublished\":\"2021-05-28T05:00:17+00:00\",\"dateModified\":\"2026-04-13T07:43:40+00:00\",\"description\":\"See m\u00e4ngimiseks m\u00f5eldud Kiotos Steel\u2019i seitsmerealine m\u00e4nguasi ogadega on kaetud teravate naeltega ning selle stimuleeriv tunne on paeluv.\",\"breadcrumb\":{\"@id\":\"https:\\\/\\\/lustandlove.eu\\\/et\\\/toode\\\/ogadega-seitsmerealine-manguasi\\\/#breadcrumb\"},\"inLanguage\":\"et\",\"potentialAction\":[{\"@type\":\"ReadAction\",\"target\":[\"https:\\\/\\\/lustandlove.eu\\\/et\\\/toode\\\/ogadega-seitsmerealine-manguasi\\\/\"]}]},{\"@type\":\"ImageObject\",\"inLanguage\":\"et\",\"@id\":\"https:\\\/\\\/lustandlove.eu\\\/et\\\/toode\\\/ogadega-seitsmerealine-manguasi\\\/#primaryimage\",\"url\":\"https:\\\/\\\/lustandlove.eu\\\/wp-content\\\/uploads\\\/112-tms-2381.jpg\",\"contentUrl\":\"https:\\\/\\\/lustandlove.eu\\\/wp-content\\\/uploads\\\/112-tms-2381.jpg\",\"width\":1600,\"height\":875},{\"@type\":\"BreadcrumbList\",\"@id\":\"https:\\\/\\\/lustandlove.eu\\\/et\\\/toode\\\/ogadega-seitsmerealine-manguasi\\\/#breadcrumb\",\"itemListElement\":[{\"@type\":\"ListItem\",\"position\":1,\"name\":\"Lust and Love\",\"item\":\"https:\\\/\\\/lustandlove.eu\\\/et\\\/\"},{\"@type\":\"ListItem\",\"position\":2,\"name\":\"Pood\",\"item\":\"https:\\\/\\\/lustandlove.eu\\\/et\\\/pood\\\/\"},{\"@type\":\"ListItem\",\"position\":3,\"name\":\"BDSM\",\"item\":\"https:\\\/\\\/lustandlove.eu\\\/et\\\/pood\\\/bdsm-et\\\/\"},{\"@type\":\"ListItem\",\"position\":4,\"name\":\"Ogarattad\",\"item\":\"https:\\\/\\\/lustandlove.eu\\\/et\\\/pood\\\/bdsm-et\\\/ogarattad\\\/\"},{\"@type\":\"ListItem\",\"position\":5,\"name\":\"Ogadega Seitsmerealine M\u00e4nguasi\"}]},{\"@type\":\"WebSite\",\"@id\":\"https:\\\/\\\/lustandlove.eu\\\/et\\\/#website\",\"url\":\"https:\\\/\\\/lustandlove.eu\\\/et\\\/\",\"name\":\"Lust &amp; Love\",\"description\":\"Online erootikapood tervise, ilu ja armastuse jaoks\",\"publisher\":{\"@id\":\"https:\\\/\\\/lustandlove.eu\\\/et\\\/#organization\"},\"potentialAction\":[{\"@type\":\"SearchAction\",\"target\":{\"@type\":\"EntryPoint\",\"urlTemplate\":\"https:\\\/\\\/lustandlove.eu\\\/et\\\/?s={search_term_string}\"},\"query-input\":{\"@type\":\"PropertyValueSpecification\",\"valueRequired\":true,\"valueName\":\"search_term_string\"}}],\"inLanguage\":\"et\"},{\"@type\":\"Organization\",\"@id\":\"https:\\\/\\\/lustandlove.eu\\\/et\\\/#organization\",\"name\":\"Bioconcept Baltics O\u00dc\",\"url\":\"https:\\\/\\\/lustandlove.eu\\\/et\\\/\",\"logo\":{\"@type\":\"ImageObject\",\"inLanguage\":\"et\",\"@id\":\"https:\\\/\\\/lustandlove.eu\\\/et\\\/#\\\/schema\\\/logo\\\/image\\\/\",\"url\":\"\",\"contentUrl\":\"\",\"caption\":\"Bioconcept Baltics O\u00dc\"},\"image\":{\"@id\":\"https:\\\/\\\/lustandlove.eu\\\/et\\\/#\\\/schema\\\/logo\\\/image\\\/\"},\"sameAs\":[\"https:\\\/\\\/www.facebook.com\\\/LustandLoveEU\\\/\",\"https:\\\/\\\/www.instagram.com\\\/lustandloveeu\\\/\"]}]}<\/script>\n<!-- \/ Yoast SEO plugin. -->","yoast_head_json":{"title":"Folded Pinwheel bu Kiotos Steel | Lust and Love Sex Shop","description":"See m\u00e4ngimiseks m\u00f5eldud Kiotos Steel\u2019i seitsmerealine m\u00e4nguasi ogadega on kaetud teravate naeltega ning selle stimuleeriv tunne on paeluv.","robots":{"index,follow,max-snippet":"index,follow,max-snippet:-1,max-image-preview:large,max-video-preview:-1"},"canonical":"https:\/\/lustandlove.eu\/et\/toode\/ogadega-seitsmerealine-manguasi\/","twitter_card":"summary_large_image","twitter_title":"Folded Pinwheel bu Kiotos Steel | Lust and Love Sex Shop","twitter_description":"See m\u00e4ngimiseks m\u00f5eldud Kiotos Steel\u2019i seitsmerealine m\u00e4nguasi ogadega on kaetud teravate naeltega ning selle stimuleeriv tunne on paeluv.","twitter_image":"https:\/\/lustandlove.eu\/wp-content\/uploads\/112-tms-2381.jpg","schema":{"@context":"https:\/\/schema.org","@graph":[{"@type":["WebPage","ItemPage"],"@id":"https:\/\/lustandlove.eu\/et\/toode\/ogadega-seitsmerealine-manguasi\/","url":"https:\/\/lustandlove.eu\/et\/toode\/ogadega-seitsmerealine-manguasi\/","name":"Folded Pinwheel bu Kiotos Steel | Lust and Love Sex Shop","isPartOf":{"@id":"https:\/\/lustandlove.eu\/et\/#website"},"primaryImageOfPage":{"@id":"https:\/\/lustandlove.eu\/et\/toode\/ogadega-seitsmerealine-manguasi\/#primaryimage"},"image":{"@id":"https:\/\/lustandlove.eu\/et\/toode\/ogadega-seitsmerealine-manguasi\/#primaryimage"},"thumbnailUrl":"https:\/\/lustandlove.eu\/wp-content\/uploads\/112-tms-2381.jpg","datePublished":"2021-05-28T05:00:17+00:00","dateModified":"2026-04-13T07:43:40+00:00","description":"See m\u00e4ngimiseks m\u00f5eldud Kiotos Steel\u2019i seitsmerealine m\u00e4nguasi ogadega on kaetud teravate naeltega ning selle stimuleeriv tunne on paeluv.","breadcrumb":{"@id":"https:\/\/lustandlove.eu\/et\/toode\/ogadega-seitsmerealine-manguasi\/#breadcrumb"},"inLanguage":"et","potentialAction":[{"@type":"ReadAction","target":["https:\/\/lustandlove.eu\/et\/toode\/ogadega-seitsmerealine-manguasi\/"]}]},{"@type":"ImageObject","inLanguage":"et","@id":"https:\/\/lustandlove.eu\/et\/toode\/ogadega-seitsmerealine-manguasi\/#primaryimage","url":"https:\/\/lustandlove.eu\/wp-content\/uploads\/112-tms-2381.jpg","contentUrl":"https:\/\/lustandlove.eu\/wp-content\/uploads\/112-tms-2381.jpg","width":1600,"height":875},{"@type":"BreadcrumbList","@id":"https:\/\/lustandlove.eu\/et\/toode\/ogadega-seitsmerealine-manguasi\/#breadcrumb","itemListElement":[{"@type":"ListItem","position":1,"name":"Lust and Love","item":"https:\/\/lustandlove.eu\/et\/"},{"@type":"ListItem","position":2,"name":"Pood","item":"https:\/\/lustandlove.eu\/et\/pood\/"},{"@type":"ListItem","position":3,"name":"BDSM","item":"https:\/\/lustandlove.eu\/et\/pood\/bdsm-et\/"},{"@type":"ListItem","position":4,"name":"Ogarattad","item":"https:\/\/lustandlove.eu\/et\/pood\/bdsm-et\/ogarattad\/"},{"@type":"ListItem","position":5,"name":"Ogadega Seitsmerealine M\u00e4nguasi"}]},{"@type":"WebSite","@id":"https:\/\/lustandlove.eu\/et\/#website","url":"https:\/\/lustandlove.eu\/et\/","name":"Lust &amp; Love","description":"Online erootikapood tervise, ilu ja armastuse jaoks","publisher":{"@id":"https:\/\/lustandlove.eu\/et\/#organization"},"potentialAction":[{"@type":"SearchAction","target":{"@type":"EntryPoint","urlTemplate":"https:\/\/lustandlove.eu\/et\/?s={search_term_string}"},"query-input":{"@type":"PropertyValueSpecification","valueRequired":true,"valueName":"search_term_string"}}],"inLanguage":"et"},{"@type":"Organization","@id":"https:\/\/lustandlove.eu\/et\/#organization","name":"Bioconcept Baltics O\u00dc","url":"https:\/\/lustandlove.eu\/et\/","logo":{"@type":"ImageObject","inLanguage":"et","@id":"https:\/\/lustandlove.eu\/et\/#\/schema\/logo\/image\/","url":"","contentUrl":"","caption":"Bioconcept Baltics O\u00dc"},"image":{"@id":"https:\/\/lustandlove.eu\/et\/#\/schema\/logo\/image\/"},"sameAs":["https:\/\/www.facebook.com\/LustandLoveEU\/","https:\/\/www.instagram.com\/lustandloveeu\/"]}]}},"_links":{"self":[{"href":"https:\/\/lustandlove.eu\/et\/wp-json\/wp\/v2\/product\/48595","targetHints":{"allow":["GET"]}}],"collection":[{"href":"https:\/\/lustandlove.eu\/et\/wp-json\/wp\/v2\/product"}],"about":[{"href":"https:\/\/lustandlove.eu\/et\/wp-json\/wp\/v2\/types\/product"}],"wp:featuredmedia":[{"embeddable":true,"href":"https:\/\/lustandlove.eu\/et\/wp-json\/wp\/v2\/media\/47353"}],"wp:attachment":[{"href":"https:\/\/lustandlove.eu\/et\/wp-json\/wp\/v2\/media?parent=48595"}],"wp:term":[{"taxonomy":"product_brand","embeddable":true,"href":"https:\/\/lustandlove.eu\/et\/wp-json\/wp\/v2\/product_brand?post=48595"},{"taxonomy":"product_cat","embeddable":true,"href":"https:\/\/lustandlove.eu\/et\/wp-json\/wp\/v2\/product_cat?post=48595"},{"taxonomy":"product_tag","embeddable":true,"href":"https:\/\/lustandlove.eu\/et\/wp-json\/wp\/v2\/product_tag?post=48595"}],"curies":[{"name":"wp","href":"https:\/\/api.w.org\/{rel}","templated":true}]}}