{"id":48600,"date":"2021-05-28T07:58:08","date_gmt":"2021-05-28T04:58:08","guid":{"rendered":"https:\/\/www.lustandlove.eu\/product\/monroe\/"},"modified":"2026-04-13T10:43:41","modified_gmt":"2026-04-13T07:43:41","slug":"monroe","status":"publish","type":"product","link":"https:\/\/lustandlove.eu\/et\/toode\/monroe\/","title":{"rendered":"Monroe"},"content":{"rendered":"<p>Me Seduce Monroe Set on eksklusiivsest Me Seduce Queen of Hearts seeriast. PVC materjal ja lukukeste detailid muudavad selle eriti ulaka pesukomplekti eriliseks. Lukud on funktsionaalsed ning rinnahoidja on kinnitatav \u00fcheainsa haagiga. T\u00e4nu rinna all asuvale paelale p\u00fcsib see komplekt seljas ideaalselt. Ka p\u00fcksikutel on lukk avatav!<\/p>\n","protected":false},"excerpt":{"rendered":"<p>Me Seduce Monroe Set on eksklusiivsest Me Seduce Queen of Hearts seeriast. PVC materjal ja lukukeste detailid muudavad selle eriti ulaka pesukomplekti eriliseks.<\/p>\n","protected":false},"featured_media":47341,"template":"","meta":[],"product_brand":[4252],"product_cat":[4016,1489],"product_tag":[],"class_list":{"0":"post-48600","1":"product","2":"type-product","3":"status-publish","4":"has-post-thumbnail","6":"product_brand-me-seduce-et","7":"product_cat-komplektid","8":"product_cat-pesu","9":"pa_brand-me-seduce-et","11":"first","12":"instock","13":"taxable","14":"shipping-taxable","15":"purchasable","16":"product-type-variable"},"yoast_head":"<!-- This site is optimized with the Yoast SEO plugin v27.3 - https:\/\/yoast.com\/product\/yoast-seo-wordpress\/ -->\n<title>Monroe | Lust &amp; Love Lingerie Shop<\/title>\n<meta name=\"description\" content=\"Me Seduce Monroe Set on eksklusiivsest Me Seduce Queen of Hearts seeriast. PVC materjal ja lukukeste detailid muudavad selle eriti ulaka pesukomplekti eriliseks.\" \/>\n<meta name=\"robots\" content=\"index,follow,max-snippet:-1,max-image-preview:large,max-video-preview:-1\" \/>\n<link rel=\"canonical\" href=\"https:\/\/lustandlove.eu\/et\/toode\/monroe\/\" \/>\n<meta name=\"twitter:card\" content=\"summary_large_image\" \/>\n<meta name=\"twitter:title\" content=\"Monroe | Lust &amp; Love Lingerie Shop\" \/>\n<meta name=\"twitter:description\" content=\"Me Seduce Monroe Set on eksklusiivsest Me Seduce Queen of Hearts seeriast. PVC materjal ja lukukeste detailid muudavad selle eriti ulaka pesukomplekti eriliseks.\" \/>\n<meta name=\"twitter:image\" content=\"https:\/\/lustandlove.eu\/wp-content\/uploads\/Monroe-black.jpg\" \/>\n<meta name=\"twitter:label1\" content=\"Est. reading time\" \/>\n\t<meta name=\"twitter:data1\" content=\"1 minut\" \/>\n<script type=\"application\/ld+json\" class=\"yoast-schema-graph\">{\"@context\":\"https:\\\/\\\/schema.org\",\"@graph\":[{\"@type\":[\"WebPage\",\"ItemPage\"],\"@id\":\"https:\\\/\\\/lustandlove.eu\\\/et\\\/toode\\\/monroe\\\/\",\"url\":\"https:\\\/\\\/lustandlove.eu\\\/et\\\/toode\\\/monroe\\\/\",\"name\":\"Monroe | Lust & Love Lingerie Shop\",\"isPartOf\":{\"@id\":\"https:\\\/\\\/lustandlove.eu\\\/et\\\/#website\"},\"primaryImageOfPage\":{\"@id\":\"https:\\\/\\\/lustandlove.eu\\\/et\\\/toode\\\/monroe\\\/#primaryimage\"},\"image\":{\"@id\":\"https:\\\/\\\/lustandlove.eu\\\/et\\\/toode\\\/monroe\\\/#primaryimage\"},\"thumbnailUrl\":\"https:\\\/\\\/lustandlove.eu\\\/wp-content\\\/uploads\\\/Monroe-black.jpg\",\"datePublished\":\"2021-05-28T04:58:08+00:00\",\"dateModified\":\"2026-04-13T07:43:41+00:00\",\"description\":\"Me Seduce Monroe Set on eksklusiivsest Me Seduce Queen of Hearts seeriast. PVC materjal ja lukukeste detailid muudavad selle eriti ulaka pesukomplekti eriliseks.\",\"breadcrumb\":{\"@id\":\"https:\\\/\\\/lustandlove.eu\\\/et\\\/toode\\\/monroe\\\/#breadcrumb\"},\"inLanguage\":\"et\",\"potentialAction\":[{\"@type\":\"ReadAction\",\"target\":[\"https:\\\/\\\/lustandlove.eu\\\/et\\\/toode\\\/monroe\\\/\"]}]},{\"@type\":\"ImageObject\",\"inLanguage\":\"et\",\"@id\":\"https:\\\/\\\/lustandlove.eu\\\/et\\\/toode\\\/monroe\\\/#primaryimage\",\"url\":\"https:\\\/\\\/lustandlove.eu\\\/wp-content\\\/uploads\\\/Monroe-black.jpg\",\"contentUrl\":\"https:\\\/\\\/lustandlove.eu\\\/wp-content\\\/uploads\\\/Monroe-black.jpg\",\"width\":801,\"height\":1200},{\"@type\":\"BreadcrumbList\",\"@id\":\"https:\\\/\\\/lustandlove.eu\\\/et\\\/toode\\\/monroe\\\/#breadcrumb\",\"itemListElement\":[{\"@type\":\"ListItem\",\"position\":1,\"name\":\"Lust and Love\",\"item\":\"https:\\\/\\\/lustandlove.eu\\\/et\\\/\"},{\"@type\":\"ListItem\",\"position\":2,\"name\":\"Pood\",\"item\":\"https:\\\/\\\/lustandlove.eu\\\/et\\\/pood\\\/\"},{\"@type\":\"ListItem\",\"position\":3,\"name\":\"Pesu\",\"item\":\"https:\\\/\\\/lustandlove.eu\\\/et\\\/pood\\\/pesu\\\/\"},{\"@type\":\"ListItem\",\"position\":4,\"name\":\"Komplektid\",\"item\":\"https:\\\/\\\/lustandlove.eu\\\/et\\\/pood\\\/pesu\\\/komplektid\\\/\"},{\"@type\":\"ListItem\",\"position\":5,\"name\":\"Monroe\"}]},{\"@type\":\"WebSite\",\"@id\":\"https:\\\/\\\/lustandlove.eu\\\/et\\\/#website\",\"url\":\"https:\\\/\\\/lustandlove.eu\\\/et\\\/\",\"name\":\"Lust &amp; Love\",\"description\":\"Online erootikapood tervise, ilu ja armastuse jaoks\",\"publisher\":{\"@id\":\"https:\\\/\\\/lustandlove.eu\\\/et\\\/#organization\"},\"potentialAction\":[{\"@type\":\"SearchAction\",\"target\":{\"@type\":\"EntryPoint\",\"urlTemplate\":\"https:\\\/\\\/lustandlove.eu\\\/et\\\/?s={search_term_string}\"},\"query-input\":{\"@type\":\"PropertyValueSpecification\",\"valueRequired\":true,\"valueName\":\"search_term_string\"}}],\"inLanguage\":\"et\"},{\"@type\":\"Organization\",\"@id\":\"https:\\\/\\\/lustandlove.eu\\\/et\\\/#organization\",\"name\":\"Bioconcept Baltics O\u00dc\",\"url\":\"https:\\\/\\\/lustandlove.eu\\\/et\\\/\",\"logo\":{\"@type\":\"ImageObject\",\"inLanguage\":\"et\",\"@id\":\"https:\\\/\\\/lustandlove.eu\\\/et\\\/#\\\/schema\\\/logo\\\/image\\\/\",\"url\":\"\",\"contentUrl\":\"\",\"caption\":\"Bioconcept Baltics O\u00dc\"},\"image\":{\"@id\":\"https:\\\/\\\/lustandlove.eu\\\/et\\\/#\\\/schema\\\/logo\\\/image\\\/\"},\"sameAs\":[\"https:\\\/\\\/www.facebook.com\\\/LustandLoveEU\\\/\",\"https:\\\/\\\/www.instagram.com\\\/lustandloveeu\\\/\"]}]}<\/script>\n<!-- \/ Yoast SEO plugin. -->","yoast_head_json":{"title":"Monroe | Lust & Love Lingerie Shop","description":"Me Seduce Monroe Set on eksklusiivsest Me Seduce Queen of Hearts seeriast. PVC materjal ja lukukeste detailid muudavad selle eriti ulaka pesukomplekti eriliseks.","robots":{"index,follow,max-snippet":"index,follow,max-snippet:-1,max-image-preview:large,max-video-preview:-1"},"canonical":"https:\/\/lustandlove.eu\/et\/toode\/monroe\/","twitter_card":"summary_large_image","twitter_title":"Monroe | Lust & Love Lingerie Shop","twitter_description":"Me Seduce Monroe Set on eksklusiivsest Me Seduce Queen of Hearts seeriast. PVC materjal ja lukukeste detailid muudavad selle eriti ulaka pesukomplekti eriliseks.","twitter_image":"https:\/\/lustandlove.eu\/wp-content\/uploads\/Monroe-black.jpg","twitter_misc":{"Est. reading time":"1 minut"},"schema":{"@context":"https:\/\/schema.org","@graph":[{"@type":["WebPage","ItemPage"],"@id":"https:\/\/lustandlove.eu\/et\/toode\/monroe\/","url":"https:\/\/lustandlove.eu\/et\/toode\/monroe\/","name":"Monroe | Lust & Love Lingerie Shop","isPartOf":{"@id":"https:\/\/lustandlove.eu\/et\/#website"},"primaryImageOfPage":{"@id":"https:\/\/lustandlove.eu\/et\/toode\/monroe\/#primaryimage"},"image":{"@id":"https:\/\/lustandlove.eu\/et\/toode\/monroe\/#primaryimage"},"thumbnailUrl":"https:\/\/lustandlove.eu\/wp-content\/uploads\/Monroe-black.jpg","datePublished":"2021-05-28T04:58:08+00:00","dateModified":"2026-04-13T07:43:41+00:00","description":"Me Seduce Monroe Set on eksklusiivsest Me Seduce Queen of Hearts seeriast. PVC materjal ja lukukeste detailid muudavad selle eriti ulaka pesukomplekti eriliseks.","breadcrumb":{"@id":"https:\/\/lustandlove.eu\/et\/toode\/monroe\/#breadcrumb"},"inLanguage":"et","potentialAction":[{"@type":"ReadAction","target":["https:\/\/lustandlove.eu\/et\/toode\/monroe\/"]}]},{"@type":"ImageObject","inLanguage":"et","@id":"https:\/\/lustandlove.eu\/et\/toode\/monroe\/#primaryimage","url":"https:\/\/lustandlove.eu\/wp-content\/uploads\/Monroe-black.jpg","contentUrl":"https:\/\/lustandlove.eu\/wp-content\/uploads\/Monroe-black.jpg","width":801,"height":1200},{"@type":"BreadcrumbList","@id":"https:\/\/lustandlove.eu\/et\/toode\/monroe\/#breadcrumb","itemListElement":[{"@type":"ListItem","position":1,"name":"Lust and Love","item":"https:\/\/lustandlove.eu\/et\/"},{"@type":"ListItem","position":2,"name":"Pood","item":"https:\/\/lustandlove.eu\/et\/pood\/"},{"@type":"ListItem","position":3,"name":"Pesu","item":"https:\/\/lustandlove.eu\/et\/pood\/pesu\/"},{"@type":"ListItem","position":4,"name":"Komplektid","item":"https:\/\/lustandlove.eu\/et\/pood\/pesu\/komplektid\/"},{"@type":"ListItem","position":5,"name":"Monroe"}]},{"@type":"WebSite","@id":"https:\/\/lustandlove.eu\/et\/#website","url":"https:\/\/lustandlove.eu\/et\/","name":"Lust &amp; Love","description":"Online erootikapood tervise, ilu ja armastuse jaoks","publisher":{"@id":"https:\/\/lustandlove.eu\/et\/#organization"},"potentialAction":[{"@type":"SearchAction","target":{"@type":"EntryPoint","urlTemplate":"https:\/\/lustandlove.eu\/et\/?s={search_term_string}"},"query-input":{"@type":"PropertyValueSpecification","valueRequired":true,"valueName":"search_term_string"}}],"inLanguage":"et"},{"@type":"Organization","@id":"https:\/\/lustandlove.eu\/et\/#organization","name":"Bioconcept Baltics O\u00dc","url":"https:\/\/lustandlove.eu\/et\/","logo":{"@type":"ImageObject","inLanguage":"et","@id":"https:\/\/lustandlove.eu\/et\/#\/schema\/logo\/image\/","url":"","contentUrl":"","caption":"Bioconcept Baltics O\u00dc"},"image":{"@id":"https:\/\/lustandlove.eu\/et\/#\/schema\/logo\/image\/"},"sameAs":["https:\/\/www.facebook.com\/LustandLoveEU\/","https:\/\/www.instagram.com\/lustandloveeu\/"]}]}},"_links":{"self":[{"href":"https:\/\/lustandlove.eu\/et\/wp-json\/wp\/v2\/product\/48600","targetHints":{"allow":["GET"]}}],"collection":[{"href":"https:\/\/lustandlove.eu\/et\/wp-json\/wp\/v2\/product"}],"about":[{"href":"https:\/\/lustandlove.eu\/et\/wp-json\/wp\/v2\/types\/product"}],"wp:featuredmedia":[{"embeddable":true,"href":"https:\/\/lustandlove.eu\/et\/wp-json\/wp\/v2\/media\/47341"}],"wp:attachment":[{"href":"https:\/\/lustandlove.eu\/et\/wp-json\/wp\/v2\/media?parent=48600"}],"wp:term":[{"taxonomy":"product_brand","embeddable":true,"href":"https:\/\/lustandlove.eu\/et\/wp-json\/wp\/v2\/product_brand?post=48600"},{"taxonomy":"product_cat","embeddable":true,"href":"https:\/\/lustandlove.eu\/et\/wp-json\/wp\/v2\/product_cat?post=48600"},{"taxonomy":"product_tag","embeddable":true,"href":"https:\/\/lustandlove.eu\/et\/wp-json\/wp\/v2\/product_tag?post=48600"}],"curies":[{"name":"wp","href":"https:\/\/api.w.org\/{rel}","templated":true}]}}