{"id":48628,"date":"2021-05-28T07:58:07","date_gmt":"2021-05-28T04:58:07","guid":{"rendered":"https:\/\/www.lustandlove.eu\/product\/sukavoo-uks\/"},"modified":"2025-08-19T15:44:47","modified_gmt":"2025-08-19T12:44:47","slug":"sukavoo-uks","status":"publish","type":"product","link":"https:\/\/lustandlove.eu\/et\/toode\/sukavoo-uks\/","title":{"rendered":"Sukav\u00f6\u00f6 \u00dcks"},"content":{"rendered":"<p>Elegantsed ja s\u00e4ravad paelad kuldsete detailidega reiel. Valmistatud ainult kvaliteetsest Euroopas toodetud materjalist. Pakendatud elegantselt. Kaasas tolmukotike.<\/p>\n","protected":false},"excerpt":{"rendered":"<p>Elegantsed ja s\u00e4ravad paelad kuldsete detailidega reiel.<\/p>\n","protected":false},"featured_media":47326,"template":"","meta":[],"product_cat":[1489,4013],"product_tag":[],"yoast_head":"<!-- This site is optimized with the Yoast SEO plugin v22.9 - https:\/\/yoast.com\/wordpress\/plugins\/seo\/ -->\n<title>Sukav\u00f6\u00f6 \u00dcks | Lust &amp; Love Adult Toy Store<\/title>\n<meta name=\"description\" content=\"Elegantsed ja s\u00e4ravad paelad kuldsete detailidega reiel. Valmistatud ainult kvaliteetsest Euroopas toodetud materjalist. Pakendatud elegantselt. Kaasas tolmukotike.\" \/>\n<meta name=\"robots\" content=\"index,follow,max-snippet:-1,max-image-preview:large,max-video-preview:-1\" \/>\n<link rel=\"canonical\" href=\"https:\/\/lustandlove.eu\/et\/toode\/sukavoo-uks\/\" \/>\n<meta name=\"twitter:card\" content=\"summary_large_image\" \/>\n<meta name=\"twitter:title\" content=\"Sukav\u00f6\u00f6 \u00dcks | Lust &amp; Love Adult Toy Store\" \/>\n<meta name=\"twitter:description\" content=\"Elegantsed ja s\u00e4ravad paelad kuldsete detailidega reiel. Valmistatud ainult kvaliteetsest Euroopas toodetud materjalist. Pakendatud elegantselt. Kaasas tolmukotike.\" \/>\n<meta name=\"twitter:image\" content=\"https:\/\/lustandlove.eu\/wp-content\/uploads\/garters-01-red_2.jpg\" \/>\n<meta name=\"twitter:label1\" content=\"Est. reading time\" \/>\n\t<meta name=\"twitter:data1\" content=\"1 minut\" \/>\n<script type=\"application\/ld+json\" class=\"yoast-schema-graph\">{\"@context\":\"https:\/\/schema.org\",\"@graph\":[{\"@type\":[\"WebPage\",\"ItemPage\"],\"@id\":\"https:\/\/lustandlove.eu\/et\/toode\/sukavoo-uks\/\",\"url\":\"https:\/\/lustandlove.eu\/et\/toode\/sukavoo-uks\/\",\"name\":\"Sukav\u00f6\u00f6 \u00dcks | Lust & Love Adult Toy Store\",\"isPartOf\":{\"@id\":\"https:\/\/lustandlove.eu\/et\/#website\"},\"primaryImageOfPage\":{\"@id\":\"https:\/\/lustandlove.eu\/et\/toode\/sukavoo-uks\/#primaryimage\"},\"image\":{\"@id\":\"https:\/\/lustandlove.eu\/et\/toode\/sukavoo-uks\/#primaryimage\"},\"thumbnailUrl\":\"https:\/\/lustandlove.eu\/wp-content\/uploads\/garters-01-red_2.jpg\",\"datePublished\":\"2021-05-28T04:58:07+00:00\",\"dateModified\":\"2025-08-19T12:44:47+00:00\",\"description\":\"Elegantsed ja s\u00e4ravad paelad kuldsete detailidega reiel. Valmistatud ainult kvaliteetsest Euroopas toodetud materjalist. Pakendatud elegantselt. Kaasas tolmukotike.\",\"breadcrumb\":{\"@id\":\"https:\/\/lustandlove.eu\/et\/toode\/sukavoo-uks\/#breadcrumb\"},\"inLanguage\":\"et\",\"potentialAction\":[{\"@type\":\"ReadAction\",\"target\":[\"https:\/\/lustandlove.eu\/et\/toode\/sukavoo-uks\/\"]}]},{\"@type\":\"ImageObject\",\"inLanguage\":\"et\",\"@id\":\"https:\/\/lustandlove.eu\/et\/toode\/sukavoo-uks\/#primaryimage\",\"url\":\"https:\/\/lustandlove.eu\/wp-content\/uploads\/garters-01-red_2.jpg\",\"contentUrl\":\"https:\/\/lustandlove.eu\/wp-content\/uploads\/garters-01-red_2.jpg\",\"width\":940,\"height\":940},{\"@type\":\"BreadcrumbList\",\"@id\":\"https:\/\/lustandlove.eu\/et\/toode\/sukavoo-uks\/#breadcrumb\",\"itemListElement\":[{\"@type\":\"ListItem\",\"position\":1,\"name\":\"Lust and Love\",\"item\":\"https:\/\/lustandlove.eu\/et\/\"},{\"@type\":\"ListItem\",\"position\":2,\"name\":\"Pood\",\"item\":\"https:\/\/lustandlove.eu\/et\/pood\/\"},{\"@type\":\"ListItem\",\"position\":3,\"name\":\"Pesu\",\"item\":\"https:\/\/lustandlove.eu\/et\/pood\/pesu\/\"},{\"@type\":\"ListItem\",\"position\":4,\"name\":\"Aksessuaarid\",\"item\":\"https:\/\/lustandlove.eu\/et\/pood\/pesu\/aksessuaarid-et\/\"},{\"@type\":\"ListItem\",\"position\":5,\"name\":\"Sukav\u00f6\u00f6 \u00dcks\"}]},{\"@type\":\"WebSite\",\"@id\":\"https:\/\/lustandlove.eu\/et\/#website\",\"url\":\"https:\/\/lustandlove.eu\/et\/\",\"name\":\"Lust &amp; Love\",\"description\":\"Online erootikapood tervise, ilu ja armastuse jaoks\",\"publisher\":{\"@id\":\"https:\/\/lustandlove.eu\/et\/#organization\"},\"potentialAction\":[{\"@type\":\"SearchAction\",\"target\":{\"@type\":\"EntryPoint\",\"urlTemplate\":\"https:\/\/lustandlove.eu\/et\/?s={search_term_string}\"},\"query-input\":\"required name=search_term_string\"}],\"inLanguage\":\"et\"},{\"@type\":\"Organization\",\"@id\":\"https:\/\/lustandlove.eu\/et\/#organization\",\"name\":\"Bioconcept Baltics O\u00dc\",\"url\":\"https:\/\/lustandlove.eu\/et\/\",\"logo\":{\"@type\":\"ImageObject\",\"inLanguage\":\"et\",\"@id\":\"https:\/\/lustandlove.eu\/et\/#\/schema\/logo\/image\/\",\"url\":\"\",\"contentUrl\":\"\",\"caption\":\"Bioconcept Baltics O\u00dc\"},\"image\":{\"@id\":\"https:\/\/lustandlove.eu\/et\/#\/schema\/logo\/image\/\"},\"sameAs\":[\"https:\/\/www.facebook.com\/LustandLoveEU\/\",\"https:\/\/www.instagram.com\/lustandloveeu\/\"]}]}<\/script>\n<!-- \/ Yoast SEO plugin. -->","yoast_head_json":{"title":"Sukav\u00f6\u00f6 \u00dcks | Lust & Love Adult Toy Store","description":"Elegantsed ja s\u00e4ravad paelad kuldsete detailidega reiel. Valmistatud ainult kvaliteetsest Euroopas toodetud materjalist. Pakendatud elegantselt. Kaasas tolmukotike.","robots":{"index,follow,max-snippet":"index,follow,max-snippet:-1,max-image-preview:large,max-video-preview:-1"},"canonical":"https:\/\/lustandlove.eu\/et\/toode\/sukavoo-uks\/","twitter_card":"summary_large_image","twitter_title":"Sukav\u00f6\u00f6 \u00dcks | Lust & Love Adult Toy Store","twitter_description":"Elegantsed ja s\u00e4ravad paelad kuldsete detailidega reiel. Valmistatud ainult kvaliteetsest Euroopas toodetud materjalist. Pakendatud elegantselt. Kaasas tolmukotike.","twitter_image":"https:\/\/lustandlove.eu\/wp-content\/uploads\/garters-01-red_2.jpg","twitter_misc":{"Est. reading time":"1 minut"},"schema":{"@context":"https:\/\/schema.org","@graph":[{"@type":["WebPage","ItemPage"],"@id":"https:\/\/lustandlove.eu\/et\/toode\/sukavoo-uks\/","url":"https:\/\/lustandlove.eu\/et\/toode\/sukavoo-uks\/","name":"Sukav\u00f6\u00f6 \u00dcks | Lust & Love Adult Toy Store","isPartOf":{"@id":"https:\/\/lustandlove.eu\/et\/#website"},"primaryImageOfPage":{"@id":"https:\/\/lustandlove.eu\/et\/toode\/sukavoo-uks\/#primaryimage"},"image":{"@id":"https:\/\/lustandlove.eu\/et\/toode\/sukavoo-uks\/#primaryimage"},"thumbnailUrl":"https:\/\/lustandlove.eu\/wp-content\/uploads\/garters-01-red_2.jpg","datePublished":"2021-05-28T04:58:07+00:00","dateModified":"2025-08-19T12:44:47+00:00","description":"Elegantsed ja s\u00e4ravad paelad kuldsete detailidega reiel. Valmistatud ainult kvaliteetsest Euroopas toodetud materjalist. Pakendatud elegantselt. Kaasas tolmukotike.","breadcrumb":{"@id":"https:\/\/lustandlove.eu\/et\/toode\/sukavoo-uks\/#breadcrumb"},"inLanguage":"et","potentialAction":[{"@type":"ReadAction","target":["https:\/\/lustandlove.eu\/et\/toode\/sukavoo-uks\/"]}]},{"@type":"ImageObject","inLanguage":"et","@id":"https:\/\/lustandlove.eu\/et\/toode\/sukavoo-uks\/#primaryimage","url":"https:\/\/lustandlove.eu\/wp-content\/uploads\/garters-01-red_2.jpg","contentUrl":"https:\/\/lustandlove.eu\/wp-content\/uploads\/garters-01-red_2.jpg","width":940,"height":940},{"@type":"BreadcrumbList","@id":"https:\/\/lustandlove.eu\/et\/toode\/sukavoo-uks\/#breadcrumb","itemListElement":[{"@type":"ListItem","position":1,"name":"Lust and Love","item":"https:\/\/lustandlove.eu\/et\/"},{"@type":"ListItem","position":2,"name":"Pood","item":"https:\/\/lustandlove.eu\/et\/pood\/"},{"@type":"ListItem","position":3,"name":"Pesu","item":"https:\/\/lustandlove.eu\/et\/pood\/pesu\/"},{"@type":"ListItem","position":4,"name":"Aksessuaarid","item":"https:\/\/lustandlove.eu\/et\/pood\/pesu\/aksessuaarid-et\/"},{"@type":"ListItem","position":5,"name":"Sukav\u00f6\u00f6 \u00dcks"}]},{"@type":"WebSite","@id":"https:\/\/lustandlove.eu\/et\/#website","url":"https:\/\/lustandlove.eu\/et\/","name":"Lust &amp; Love","description":"Online erootikapood tervise, ilu ja armastuse jaoks","publisher":{"@id":"https:\/\/lustandlove.eu\/et\/#organization"},"potentialAction":[{"@type":"SearchAction","target":{"@type":"EntryPoint","urlTemplate":"https:\/\/lustandlove.eu\/et\/?s={search_term_string}"},"query-input":"required name=search_term_string"}],"inLanguage":"et"},{"@type":"Organization","@id":"https:\/\/lustandlove.eu\/et\/#organization","name":"Bioconcept Baltics O\u00dc","url":"https:\/\/lustandlove.eu\/et\/","logo":{"@type":"ImageObject","inLanguage":"et","@id":"https:\/\/lustandlove.eu\/et\/#\/schema\/logo\/image\/","url":"","contentUrl":"","caption":"Bioconcept Baltics O\u00dc"},"image":{"@id":"https:\/\/lustandlove.eu\/et\/#\/schema\/logo\/image\/"},"sameAs":["https:\/\/www.facebook.com\/LustandLoveEU\/","https:\/\/www.instagram.com\/lustandloveeu\/"]}]}},"_links":{"self":[{"href":"https:\/\/lustandlove.eu\/et\/wp-json\/wp\/v2\/product\/48628"}],"collection":[{"href":"https:\/\/lustandlove.eu\/et\/wp-json\/wp\/v2\/product"}],"about":[{"href":"https:\/\/lustandlove.eu\/et\/wp-json\/wp\/v2\/types\/product"}],"wp:featuredmedia":[{"embeddable":true,"href":"https:\/\/lustandlove.eu\/et\/wp-json\/wp\/v2\/media\/47326"}],"wp:attachment":[{"href":"https:\/\/lustandlove.eu\/et\/wp-json\/wp\/v2\/media?parent=48628"}],"wp:term":[{"taxonomy":"product_cat","embeddable":true,"href":"https:\/\/lustandlove.eu\/et\/wp-json\/wp\/v2\/product_cat?post=48628"},{"taxonomy":"product_tag","embeddable":true,"href":"https:\/\/lustandlove.eu\/et\/wp-json\/wp\/v2\/product_tag?post=48628"}],"curies":[{"name":"wp","href":"https:\/\/api.w.org\/{rel}","templated":true}]}}