{"id":48680,"date":"2021-05-28T07:57:39","date_gmt":"2021-05-28T04:57:39","guid":{"rendered":"https:\/\/www.lustandlove.eu\/product\/klaasist-varviline-anaaltapp\/"},"modified":"2026-04-13T10:43:46","modified_gmt":"2026-04-13T07:43:46","slug":"klaasist-varviline-anaaltapp","status":"publish","type":"product","link":"https:\/\/lustandlove.eu\/et\/toode\/klaasist-varviline-anaaltapp\/","title":{"rendered":"Klaasist V\u00e4rviline Anaaltapp"},"content":{"rendered":"<p>Kauni disainiga Kiotos peaaegu purunematust klaasist anaaltapp. Kes p\u00e4ris t\u00e4pselt ei tea, millega tegu, arvab t\u00f5en\u00e4oliselt, et see v\u00e4ike klaasist anaaltapp on lihtne kunstiteos sinu \u00f6\u00f6kapil. Klaasist dildo eelis \u2013 saad seda kuumutada v\u00f5i k\u00fclmutada, et luua eriti m\u00f5nus efekt. Hoia dildot kuuma v\u00f5i k\u00fclma vee all, kuni klaas v\u00f5tab vee temperatuuri. Kuuma\/k\u00fclma dildoga penetratsioon annab hoopis erutavama tunde, kui kehatemperatuuril dildoga.<\/p>\n<p><strong>Kuju ja suurus<\/strong><\/p>\n<p>Meie klaasist dildodel on erinev kuju: tavalisest sirgest klaasist kurvilise kujuni. Samuti varieeruvad tihedused. K\u00f5ik dildod on valmistatud k\u00e4sitsi ja on pea eluaegse kestvusega. Pikkus varieeruv.<\/p>\n<p><strong>Materjal ja br\u00e4nd<\/strong><\/p>\n<p>K\u00f5ik meie tooted on k\u00f5rge kvaliteediga. Tootmisel on kasutatud innovatiivset materjali ja unikaalset disaini, et lisada ekstra m\u00f5nu. V\u00f5rdle selle toote hinda teiste br\u00e4ndide klaasist leludega, et veenduda kvaliteedis.<\/p>\n","protected":false},"excerpt":{"rendered":"<p>Kiotos klaasist dildo erutavateks kogemusteks.<\/p>\n","protected":false},"featured_media":47278,"template":"","meta":[],"product_brand":[4218],"product_cat":[1491],"product_tag":[1510,1567],"class_list":{"0":"post-48680","1":"product","2":"type-product","3":"status-publish","4":"has-post-thumbnail","6":"product_brand-kiotos-et","7":"product_cat-anaallelud","8":"product_tag-anaaltapp","9":"product_tag-klaas","10":"pa_brand-kiotos-et","12":"first","13":"instock","14":"taxable","15":"shipping-taxable","16":"purchasable","17":"product-type-simple"},"yoast_head":"<!-- This site is optimized with the Yoast SEO plugin v27.3 - https:\/\/yoast.com\/product\/yoast-seo-wordpress\/ -->\n<title>Klaasist V\u00e4rviline Anaaltapp | Lust and Love<\/title>\n<meta name=\"robots\" content=\"index,follow,max-snippet:-1,max-image-preview:large,max-video-preview:-1\" \/>\n<link rel=\"canonical\" href=\"https:\/\/lustandlove.eu\/et\/toode\/klaasist-varviline-anaaltapp\/\" \/>\n<meta name=\"twitter:card\" content=\"summary_large_image\" \/>\n<meta name=\"twitter:title\" content=\"Klaasist V\u00e4rviline Anaaltapp | Lust and Love\" \/>\n<meta name=\"twitter:description\" content=\"Kiotos klaasist dildo erutavateks kogemusteks.\" \/>\n<meta name=\"twitter:image\" content=\"https:\/\/lustandlove.eu\/wp-content\/uploads\/kiotos-glass-varviline-klaasist-anaaltapp-opr-2820002-01.jpg\" \/>\n<meta name=\"twitter:label1\" content=\"Est. reading time\" \/>\n\t<meta name=\"twitter:data1\" content=\"1 minut\" \/>\n<script type=\"application\/ld+json\" class=\"yoast-schema-graph\">{\"@context\":\"https:\\\/\\\/schema.org\",\"@graph\":[{\"@type\":[\"WebPage\",\"ItemPage\"],\"@id\":\"https:\\\/\\\/lustandlove.eu\\\/et\\\/toode\\\/klaasist-varviline-anaaltapp\\\/\",\"url\":\"https:\\\/\\\/lustandlove.eu\\\/et\\\/toode\\\/klaasist-varviline-anaaltapp\\\/\",\"name\":\"Klaasist V\u00e4rviline Anaaltapp | Lust and Love\",\"isPartOf\":{\"@id\":\"https:\\\/\\\/lustandlove.eu\\\/et\\\/#website\"},\"primaryImageOfPage\":{\"@id\":\"https:\\\/\\\/lustandlove.eu\\\/et\\\/toode\\\/klaasist-varviline-anaaltapp\\\/#primaryimage\"},\"image\":{\"@id\":\"https:\\\/\\\/lustandlove.eu\\\/et\\\/toode\\\/klaasist-varviline-anaaltapp\\\/#primaryimage\"},\"thumbnailUrl\":\"https:\\\/\\\/lustandlove.eu\\\/wp-content\\\/uploads\\\/kiotos-glass-varviline-klaasist-anaaltapp-opr-2820002-01.jpg\",\"datePublished\":\"2021-05-28T04:57:39+00:00\",\"dateModified\":\"2026-04-13T07:43:46+00:00\",\"breadcrumb\":{\"@id\":\"https:\\\/\\\/lustandlove.eu\\\/et\\\/toode\\\/klaasist-varviline-anaaltapp\\\/#breadcrumb\"},\"inLanguage\":\"et\",\"potentialAction\":[{\"@type\":\"ReadAction\",\"target\":[\"https:\\\/\\\/lustandlove.eu\\\/et\\\/toode\\\/klaasist-varviline-anaaltapp\\\/\"]}]},{\"@type\":\"ImageObject\",\"inLanguage\":\"et\",\"@id\":\"https:\\\/\\\/lustandlove.eu\\\/et\\\/toode\\\/klaasist-varviline-anaaltapp\\\/#primaryimage\",\"url\":\"https:\\\/\\\/lustandlove.eu\\\/wp-content\\\/uploads\\\/kiotos-glass-varviline-klaasist-anaaltapp-opr-2820002-01.jpg\",\"contentUrl\":\"https:\\\/\\\/lustandlove.eu\\\/wp-content\\\/uploads\\\/kiotos-glass-varviline-klaasist-anaaltapp-opr-2820002-01.jpg\",\"width\":1000,\"height\":1000},{\"@type\":\"BreadcrumbList\",\"@id\":\"https:\\\/\\\/lustandlove.eu\\\/et\\\/toode\\\/klaasist-varviline-anaaltapp\\\/#breadcrumb\",\"itemListElement\":[{\"@type\":\"ListItem\",\"position\":1,\"name\":\"Lust and Love\",\"item\":\"https:\\\/\\\/lustandlove.eu\\\/et\\\/\"},{\"@type\":\"ListItem\",\"position\":2,\"name\":\"Pood\",\"item\":\"https:\\\/\\\/lustandlove.eu\\\/et\\\/pood\\\/\"},{\"@type\":\"ListItem\",\"position\":3,\"name\":\"Klaasist V\u00e4rviline Anaaltapp\"}]},{\"@type\":\"WebSite\",\"@id\":\"https:\\\/\\\/lustandlove.eu\\\/et\\\/#website\",\"url\":\"https:\\\/\\\/lustandlove.eu\\\/et\\\/\",\"name\":\"Lust &amp; Love\",\"description\":\"Online erootikapood tervise, ilu ja armastuse jaoks\",\"publisher\":{\"@id\":\"https:\\\/\\\/lustandlove.eu\\\/et\\\/#organization\"},\"potentialAction\":[{\"@type\":\"SearchAction\",\"target\":{\"@type\":\"EntryPoint\",\"urlTemplate\":\"https:\\\/\\\/lustandlove.eu\\\/et\\\/?s={search_term_string}\"},\"query-input\":{\"@type\":\"PropertyValueSpecification\",\"valueRequired\":true,\"valueName\":\"search_term_string\"}}],\"inLanguage\":\"et\"},{\"@type\":\"Organization\",\"@id\":\"https:\\\/\\\/lustandlove.eu\\\/et\\\/#organization\",\"name\":\"Bioconcept Baltics O\u00dc\",\"url\":\"https:\\\/\\\/lustandlove.eu\\\/et\\\/\",\"logo\":{\"@type\":\"ImageObject\",\"inLanguage\":\"et\",\"@id\":\"https:\\\/\\\/lustandlove.eu\\\/et\\\/#\\\/schema\\\/logo\\\/image\\\/\",\"url\":\"\",\"contentUrl\":\"\",\"caption\":\"Bioconcept Baltics O\u00dc\"},\"image\":{\"@id\":\"https:\\\/\\\/lustandlove.eu\\\/et\\\/#\\\/schema\\\/logo\\\/image\\\/\"},\"sameAs\":[\"https:\\\/\\\/www.facebook.com\\\/LustandLoveEU\\\/\",\"https:\\\/\\\/www.instagram.com\\\/lustandloveeu\\\/\"]}]}<\/script>\n<!-- \/ Yoast SEO plugin. -->","yoast_head_json":{"title":"Klaasist V\u00e4rviline Anaaltapp | Lust and Love","robots":{"index,follow,max-snippet":"index,follow,max-snippet:-1,max-image-preview:large,max-video-preview:-1"},"canonical":"https:\/\/lustandlove.eu\/et\/toode\/klaasist-varviline-anaaltapp\/","twitter_card":"summary_large_image","twitter_title":"Klaasist V\u00e4rviline Anaaltapp | Lust and Love","twitter_description":"Kiotos klaasist dildo erutavateks kogemusteks.","twitter_image":"https:\/\/lustandlove.eu\/wp-content\/uploads\/kiotos-glass-varviline-klaasist-anaaltapp-opr-2820002-01.jpg","twitter_misc":{"Est. reading time":"1 minut"},"schema":{"@context":"https:\/\/schema.org","@graph":[{"@type":["WebPage","ItemPage"],"@id":"https:\/\/lustandlove.eu\/et\/toode\/klaasist-varviline-anaaltapp\/","url":"https:\/\/lustandlove.eu\/et\/toode\/klaasist-varviline-anaaltapp\/","name":"Klaasist V\u00e4rviline Anaaltapp | Lust and Love","isPartOf":{"@id":"https:\/\/lustandlove.eu\/et\/#website"},"primaryImageOfPage":{"@id":"https:\/\/lustandlove.eu\/et\/toode\/klaasist-varviline-anaaltapp\/#primaryimage"},"image":{"@id":"https:\/\/lustandlove.eu\/et\/toode\/klaasist-varviline-anaaltapp\/#primaryimage"},"thumbnailUrl":"https:\/\/lustandlove.eu\/wp-content\/uploads\/kiotos-glass-varviline-klaasist-anaaltapp-opr-2820002-01.jpg","datePublished":"2021-05-28T04:57:39+00:00","dateModified":"2026-04-13T07:43:46+00:00","breadcrumb":{"@id":"https:\/\/lustandlove.eu\/et\/toode\/klaasist-varviline-anaaltapp\/#breadcrumb"},"inLanguage":"et","potentialAction":[{"@type":"ReadAction","target":["https:\/\/lustandlove.eu\/et\/toode\/klaasist-varviline-anaaltapp\/"]}]},{"@type":"ImageObject","inLanguage":"et","@id":"https:\/\/lustandlove.eu\/et\/toode\/klaasist-varviline-anaaltapp\/#primaryimage","url":"https:\/\/lustandlove.eu\/wp-content\/uploads\/kiotos-glass-varviline-klaasist-anaaltapp-opr-2820002-01.jpg","contentUrl":"https:\/\/lustandlove.eu\/wp-content\/uploads\/kiotos-glass-varviline-klaasist-anaaltapp-opr-2820002-01.jpg","width":1000,"height":1000},{"@type":"BreadcrumbList","@id":"https:\/\/lustandlove.eu\/et\/toode\/klaasist-varviline-anaaltapp\/#breadcrumb","itemListElement":[{"@type":"ListItem","position":1,"name":"Lust and Love","item":"https:\/\/lustandlove.eu\/et\/"},{"@type":"ListItem","position":2,"name":"Pood","item":"https:\/\/lustandlove.eu\/et\/pood\/"},{"@type":"ListItem","position":3,"name":"Klaasist V\u00e4rviline Anaaltapp"}]},{"@type":"WebSite","@id":"https:\/\/lustandlove.eu\/et\/#website","url":"https:\/\/lustandlove.eu\/et\/","name":"Lust &amp; Love","description":"Online erootikapood tervise, ilu ja armastuse jaoks","publisher":{"@id":"https:\/\/lustandlove.eu\/et\/#organization"},"potentialAction":[{"@type":"SearchAction","target":{"@type":"EntryPoint","urlTemplate":"https:\/\/lustandlove.eu\/et\/?s={search_term_string}"},"query-input":{"@type":"PropertyValueSpecification","valueRequired":true,"valueName":"search_term_string"}}],"inLanguage":"et"},{"@type":"Organization","@id":"https:\/\/lustandlove.eu\/et\/#organization","name":"Bioconcept Baltics O\u00dc","url":"https:\/\/lustandlove.eu\/et\/","logo":{"@type":"ImageObject","inLanguage":"et","@id":"https:\/\/lustandlove.eu\/et\/#\/schema\/logo\/image\/","url":"","contentUrl":"","caption":"Bioconcept Baltics O\u00dc"},"image":{"@id":"https:\/\/lustandlove.eu\/et\/#\/schema\/logo\/image\/"},"sameAs":["https:\/\/www.facebook.com\/LustandLoveEU\/","https:\/\/www.instagram.com\/lustandloveeu\/"]}]}},"_links":{"self":[{"href":"https:\/\/lustandlove.eu\/et\/wp-json\/wp\/v2\/product\/48680","targetHints":{"allow":["GET"]}}],"collection":[{"href":"https:\/\/lustandlove.eu\/et\/wp-json\/wp\/v2\/product"}],"about":[{"href":"https:\/\/lustandlove.eu\/et\/wp-json\/wp\/v2\/types\/product"}],"wp:featuredmedia":[{"embeddable":true,"href":"https:\/\/lustandlove.eu\/et\/wp-json\/wp\/v2\/media\/47278"}],"wp:attachment":[{"href":"https:\/\/lustandlove.eu\/et\/wp-json\/wp\/v2\/media?parent=48680"}],"wp:term":[{"taxonomy":"product_brand","embeddable":true,"href":"https:\/\/lustandlove.eu\/et\/wp-json\/wp\/v2\/product_brand?post=48680"},{"taxonomy":"product_cat","embeddable":true,"href":"https:\/\/lustandlove.eu\/et\/wp-json\/wp\/v2\/product_cat?post=48680"},{"taxonomy":"product_tag","embeddable":true,"href":"https:\/\/lustandlove.eu\/et\/wp-json\/wp\/v2\/product_tag?post=48680"}],"curies":[{"name":"wp","href":"https:\/\/api.w.org\/{rel}","templated":true}]}}