{"id":48683,"date":"2021-05-28T07:57:38","date_gmt":"2021-05-28T04:57:38","guid":{"rendered":"https:\/\/www.lustandlove.eu\/product\/klaasist-anaaltapp\/"},"modified":"2026-04-13T10:43:48","modified_gmt":"2026-04-13T07:43:48","slug":"klaasist-anaaltapp","status":"publish","type":"product","link":"https:\/\/lustandlove.eu\/et\/toode\/klaasist-anaaltapp\/","title":{"rendered":"Klaasist Anaaltapp"},"content":{"rendered":"<p>Kauni disainiga anaalelu on valmistatud peaaegu purunematust klaasist. Kes t\u00e4pselt ei tea arvab, et tegemist on klaasist kunstiga sinu \u00f6\u00f6kapil.<\/p>\n<p>Meil on klaasist lelusid erineva kujuga, alustades k\u00f5ige lihtsamate klaasist peenisekujuga kuni kurviliste ja erinevate j\u00e4medustega klaasist leludega. Pikkused v\u00f5ivad teatud m\u00e4\u00e4ral varieeruda. Tooted on k\u00e4sit\u00f6\u00f6 ning kestavad eluaeg t\u00e4nu peaaegu purunematule omadusele.<\/p>\n","protected":false},"excerpt":{"rendered":"<p>Dildokujuline klaasist\u00a0anaallelu. Soojade ja k\u00fclmade elamuste jaoks on v\u00f5imalik klaasist anaaltappi kas soojendada v\u00f5i k\u00fclmutada.<\/p>\n","protected":false},"featured_media":47268,"template":"","meta":[],"product_brand":[4218],"product_cat":[1491],"product_tag":[1510,1567,3444],"class_list":{"0":"post-48683","1":"product","2":"type-product","3":"status-publish","4":"has-post-thumbnail","6":"product_brand-kiotos-et","7":"product_cat-anaallelud","8":"product_tag-anaaltapp","9":"product_tag-klaas","10":"product_tag-sugis","11":"pa_brand-kiotos-et","13":"first","14":"instock","15":"taxable","16":"shipping-taxable","17":"purchasable","18":"product-type-simple"},"yoast_head":"<!-- This site is optimized with the Yoast SEO plugin v27.3 - https:\/\/yoast.com\/product\/yoast-seo-wordpress\/ -->\n<title>Klaasist Anaaltapp | Lust and Love<\/title>\n<meta name=\"description\" content=\"Dildokujuline klaasist\u00a0anaallelu. Soojade ja k\u00fclmade elamuste jaoks on v\u00f5imalik klaasist anaaltappi kas soojendada v\u00f5i k\u00fclmutada.\" \/>\n<meta name=\"robots\" content=\"index,follow,max-snippet:-1,max-image-preview:large,max-video-preview:-1\" \/>\n<link rel=\"canonical\" href=\"https:\/\/lustandlove.eu\/et\/toode\/klaasist-anaaltapp\/\" \/>\n<meta name=\"twitter:card\" content=\"summary_large_image\" \/>\n<meta name=\"twitter:title\" content=\"Klaasist Anaaltapp | Lust and Love\" \/>\n<meta name=\"twitter:description\" content=\"Dildokujuline klaasist\u00a0anaallelu. Soojade ja k\u00fclmade elamuste jaoks on v\u00f5imalik klaasist anaaltappi kas soojendada v\u00f5i k\u00fclmutada.\" \/>\n<meta name=\"twitter:image\" content=\"https:\/\/lustandlove.eu\/wp-content\/uploads\/kiotos-klaasist-anaallelu-opr-2820012-klaasist-anaaltapp.jpg\" \/>\n<meta name=\"twitter:label1\" content=\"Est. reading time\" \/>\n\t<meta name=\"twitter:data1\" content=\"1 minut\" \/>\n<script type=\"application\/ld+json\" class=\"yoast-schema-graph\">{\"@context\":\"https:\\\/\\\/schema.org\",\"@graph\":[{\"@type\":[\"WebPage\",\"ItemPage\"],\"@id\":\"https:\\\/\\\/lustandlove.eu\\\/et\\\/toode\\\/klaasist-anaaltapp\\\/\",\"url\":\"https:\\\/\\\/lustandlove.eu\\\/et\\\/toode\\\/klaasist-anaaltapp\\\/\",\"name\":\"Klaasist Anaaltapp | Lust and Love\",\"isPartOf\":{\"@id\":\"https:\\\/\\\/lustandlove.eu\\\/et\\\/#website\"},\"primaryImageOfPage\":{\"@id\":\"https:\\\/\\\/lustandlove.eu\\\/et\\\/toode\\\/klaasist-anaaltapp\\\/#primaryimage\"},\"image\":{\"@id\":\"https:\\\/\\\/lustandlove.eu\\\/et\\\/toode\\\/klaasist-anaaltapp\\\/#primaryimage\"},\"thumbnailUrl\":\"https:\\\/\\\/lustandlove.eu\\\/wp-content\\\/uploads\\\/kiotos-klaasist-anaallelu-opr-2820012-klaasist-anaaltapp.jpg\",\"datePublished\":\"2021-05-28T04:57:38+00:00\",\"dateModified\":\"2026-04-13T07:43:48+00:00\",\"description\":\"Dildokujuline klaasist\u00a0anaallelu. Soojade ja k\u00fclmade elamuste jaoks on v\u00f5imalik klaasist anaaltappi kas soojendada v\u00f5i k\u00fclmutada.\",\"breadcrumb\":{\"@id\":\"https:\\\/\\\/lustandlove.eu\\\/et\\\/toode\\\/klaasist-anaaltapp\\\/#breadcrumb\"},\"inLanguage\":\"et\",\"potentialAction\":[{\"@type\":\"ReadAction\",\"target\":[\"https:\\\/\\\/lustandlove.eu\\\/et\\\/toode\\\/klaasist-anaaltapp\\\/\"]}]},{\"@type\":\"ImageObject\",\"inLanguage\":\"et\",\"@id\":\"https:\\\/\\\/lustandlove.eu\\\/et\\\/toode\\\/klaasist-anaaltapp\\\/#primaryimage\",\"url\":\"https:\\\/\\\/lustandlove.eu\\\/wp-content\\\/uploads\\\/kiotos-klaasist-anaallelu-opr-2820012-klaasist-anaaltapp.jpg\",\"contentUrl\":\"https:\\\/\\\/lustandlove.eu\\\/wp-content\\\/uploads\\\/kiotos-klaasist-anaallelu-opr-2820012-klaasist-anaaltapp.jpg\",\"width\":1000,\"height\":1000},{\"@type\":\"BreadcrumbList\",\"@id\":\"https:\\\/\\\/lustandlove.eu\\\/et\\\/toode\\\/klaasist-anaaltapp\\\/#breadcrumb\",\"itemListElement\":[{\"@type\":\"ListItem\",\"position\":1,\"name\":\"Lust and Love\",\"item\":\"https:\\\/\\\/lustandlove.eu\\\/et\\\/\"},{\"@type\":\"ListItem\",\"position\":2,\"name\":\"Pood\",\"item\":\"https:\\\/\\\/lustandlove.eu\\\/et\\\/pood\\\/\"},{\"@type\":\"ListItem\",\"position\":3,\"name\":\"Sekslelud\",\"item\":\"https:\\\/\\\/lustandlove.eu\\\/et\\\/pood\\\/sekslelud\\\/\"},{\"@type\":\"ListItem\",\"position\":4,\"name\":\"Anaallelud\",\"item\":\"https:\\\/\\\/lustandlove.eu\\\/et\\\/pood\\\/sekslelud\\\/anaallelud\\\/\"},{\"@type\":\"ListItem\",\"position\":5,\"name\":\"Klaasist Anaaltapp\"}]},{\"@type\":\"WebSite\",\"@id\":\"https:\\\/\\\/lustandlove.eu\\\/et\\\/#website\",\"url\":\"https:\\\/\\\/lustandlove.eu\\\/et\\\/\",\"name\":\"Lust &amp; Love\",\"description\":\"Online erootikapood tervise, ilu ja armastuse jaoks\",\"publisher\":{\"@id\":\"https:\\\/\\\/lustandlove.eu\\\/et\\\/#organization\"},\"potentialAction\":[{\"@type\":\"SearchAction\",\"target\":{\"@type\":\"EntryPoint\",\"urlTemplate\":\"https:\\\/\\\/lustandlove.eu\\\/et\\\/?s={search_term_string}\"},\"query-input\":{\"@type\":\"PropertyValueSpecification\",\"valueRequired\":true,\"valueName\":\"search_term_string\"}}],\"inLanguage\":\"et\"},{\"@type\":\"Organization\",\"@id\":\"https:\\\/\\\/lustandlove.eu\\\/et\\\/#organization\",\"name\":\"Bioconcept Baltics O\u00dc\",\"url\":\"https:\\\/\\\/lustandlove.eu\\\/et\\\/\",\"logo\":{\"@type\":\"ImageObject\",\"inLanguage\":\"et\",\"@id\":\"https:\\\/\\\/lustandlove.eu\\\/et\\\/#\\\/schema\\\/logo\\\/image\\\/\",\"url\":\"\",\"contentUrl\":\"\",\"caption\":\"Bioconcept Baltics O\u00dc\"},\"image\":{\"@id\":\"https:\\\/\\\/lustandlove.eu\\\/et\\\/#\\\/schema\\\/logo\\\/image\\\/\"},\"sameAs\":[\"https:\\\/\\\/www.facebook.com\\\/LustandLoveEU\\\/\",\"https:\\\/\\\/www.instagram.com\\\/lustandloveeu\\\/\"]}]}<\/script>\n<!-- \/ Yoast SEO plugin. -->","yoast_head_json":{"title":"Klaasist Anaaltapp | Lust and Love","description":"Dildokujuline klaasist\u00a0anaallelu. Soojade ja k\u00fclmade elamuste jaoks on v\u00f5imalik klaasist anaaltappi kas soojendada v\u00f5i k\u00fclmutada.","robots":{"index,follow,max-snippet":"index,follow,max-snippet:-1,max-image-preview:large,max-video-preview:-1"},"canonical":"https:\/\/lustandlove.eu\/et\/toode\/klaasist-anaaltapp\/","twitter_card":"summary_large_image","twitter_title":"Klaasist Anaaltapp | Lust and Love","twitter_description":"Dildokujuline klaasist\u00a0anaallelu. Soojade ja k\u00fclmade elamuste jaoks on v\u00f5imalik klaasist anaaltappi kas soojendada v\u00f5i k\u00fclmutada.","twitter_image":"https:\/\/lustandlove.eu\/wp-content\/uploads\/kiotos-klaasist-anaallelu-opr-2820012-klaasist-anaaltapp.jpg","twitter_misc":{"Est. reading time":"1 minut"},"schema":{"@context":"https:\/\/schema.org","@graph":[{"@type":["WebPage","ItemPage"],"@id":"https:\/\/lustandlove.eu\/et\/toode\/klaasist-anaaltapp\/","url":"https:\/\/lustandlove.eu\/et\/toode\/klaasist-anaaltapp\/","name":"Klaasist Anaaltapp | Lust and Love","isPartOf":{"@id":"https:\/\/lustandlove.eu\/et\/#website"},"primaryImageOfPage":{"@id":"https:\/\/lustandlove.eu\/et\/toode\/klaasist-anaaltapp\/#primaryimage"},"image":{"@id":"https:\/\/lustandlove.eu\/et\/toode\/klaasist-anaaltapp\/#primaryimage"},"thumbnailUrl":"https:\/\/lustandlove.eu\/wp-content\/uploads\/kiotos-klaasist-anaallelu-opr-2820012-klaasist-anaaltapp.jpg","datePublished":"2021-05-28T04:57:38+00:00","dateModified":"2026-04-13T07:43:48+00:00","description":"Dildokujuline klaasist\u00a0anaallelu. Soojade ja k\u00fclmade elamuste jaoks on v\u00f5imalik klaasist anaaltappi kas soojendada v\u00f5i k\u00fclmutada.","breadcrumb":{"@id":"https:\/\/lustandlove.eu\/et\/toode\/klaasist-anaaltapp\/#breadcrumb"},"inLanguage":"et","potentialAction":[{"@type":"ReadAction","target":["https:\/\/lustandlove.eu\/et\/toode\/klaasist-anaaltapp\/"]}]},{"@type":"ImageObject","inLanguage":"et","@id":"https:\/\/lustandlove.eu\/et\/toode\/klaasist-anaaltapp\/#primaryimage","url":"https:\/\/lustandlove.eu\/wp-content\/uploads\/kiotos-klaasist-anaallelu-opr-2820012-klaasist-anaaltapp.jpg","contentUrl":"https:\/\/lustandlove.eu\/wp-content\/uploads\/kiotos-klaasist-anaallelu-opr-2820012-klaasist-anaaltapp.jpg","width":1000,"height":1000},{"@type":"BreadcrumbList","@id":"https:\/\/lustandlove.eu\/et\/toode\/klaasist-anaaltapp\/#breadcrumb","itemListElement":[{"@type":"ListItem","position":1,"name":"Lust and Love","item":"https:\/\/lustandlove.eu\/et\/"},{"@type":"ListItem","position":2,"name":"Pood","item":"https:\/\/lustandlove.eu\/et\/pood\/"},{"@type":"ListItem","position":3,"name":"Sekslelud","item":"https:\/\/lustandlove.eu\/et\/pood\/sekslelud\/"},{"@type":"ListItem","position":4,"name":"Anaallelud","item":"https:\/\/lustandlove.eu\/et\/pood\/sekslelud\/anaallelud\/"},{"@type":"ListItem","position":5,"name":"Klaasist Anaaltapp"}]},{"@type":"WebSite","@id":"https:\/\/lustandlove.eu\/et\/#website","url":"https:\/\/lustandlove.eu\/et\/","name":"Lust &amp; Love","description":"Online erootikapood tervise, ilu ja armastuse jaoks","publisher":{"@id":"https:\/\/lustandlove.eu\/et\/#organization"},"potentialAction":[{"@type":"SearchAction","target":{"@type":"EntryPoint","urlTemplate":"https:\/\/lustandlove.eu\/et\/?s={search_term_string}"},"query-input":{"@type":"PropertyValueSpecification","valueRequired":true,"valueName":"search_term_string"}}],"inLanguage":"et"},{"@type":"Organization","@id":"https:\/\/lustandlove.eu\/et\/#organization","name":"Bioconcept Baltics O\u00dc","url":"https:\/\/lustandlove.eu\/et\/","logo":{"@type":"ImageObject","inLanguage":"et","@id":"https:\/\/lustandlove.eu\/et\/#\/schema\/logo\/image\/","url":"","contentUrl":"","caption":"Bioconcept Baltics O\u00dc"},"image":{"@id":"https:\/\/lustandlove.eu\/et\/#\/schema\/logo\/image\/"},"sameAs":["https:\/\/www.facebook.com\/LustandLoveEU\/","https:\/\/www.instagram.com\/lustandloveeu\/"]}]}},"_links":{"self":[{"href":"https:\/\/lustandlove.eu\/et\/wp-json\/wp\/v2\/product\/48683","targetHints":{"allow":["GET"]}}],"collection":[{"href":"https:\/\/lustandlove.eu\/et\/wp-json\/wp\/v2\/product"}],"about":[{"href":"https:\/\/lustandlove.eu\/et\/wp-json\/wp\/v2\/types\/product"}],"wp:featuredmedia":[{"embeddable":true,"href":"https:\/\/lustandlove.eu\/et\/wp-json\/wp\/v2\/media\/47268"}],"wp:attachment":[{"href":"https:\/\/lustandlove.eu\/et\/wp-json\/wp\/v2\/media?parent=48683"}],"wp:term":[{"taxonomy":"product_brand","embeddable":true,"href":"https:\/\/lustandlove.eu\/et\/wp-json\/wp\/v2\/product_brand?post=48683"},{"taxonomy":"product_cat","embeddable":true,"href":"https:\/\/lustandlove.eu\/et\/wp-json\/wp\/v2\/product_cat?post=48683"},{"taxonomy":"product_tag","embeddable":true,"href":"https:\/\/lustandlove.eu\/et\/wp-json\/wp\/v2\/product_tag?post=48683"}],"curies":[{"name":"wp","href":"https:\/\/api.w.org\/{rel}","templated":true}]}}