{"id":48684,"date":"2021-05-28T07:57:38","date_gmt":"2021-05-28T04:57:38","guid":{"rendered":"https:\/\/www.lustandlove.eu\/product\/sutil-rich-10ml\/"},"modified":"2026-04-13T10:43:47","modified_gmt":"2026-04-13T07:43:47","slug":"sutil-rich-10ml","status":"publish","type":"product","link":"https:\/\/lustandlove.eu\/et\/toode\/sutil-rich-10ml\/","title":{"rendered":"Sutil Rich Tester 10ml"},"content":{"rendered":"<p>Erinevalt SUTIL Luxe libestist, mis on vedelam tuntav, on SUTIL Rich disainitud pakkuma ekstra rikkalikku tunnet. SUTIL Rich on \u00fclimalt kauakestev, veidi paksema, peaaegu geelilaadse kontsistentsiga. SUTIL Luxe on m\u00f5eldud inimestele, kes naudivad tugevama ja rikkalikuma kontsistentsiga libestit, kellel esinevad tupekuivusest tingitud valud v\u00f5i kes eelistavad anaalseksi.<\/p>\n<p>See on ideaalne tegevusteks, mis n\u00f5uavad ekstra libedust (nagu anaalseks). Idealne kasutamiseks perimenopausi v\u00f5i menopausi ajal, et pakkuda ekstra libedust. Libesti pH tase on 6, mis on optimaalne nii anaal- kui vaginaalseksi jaoks. Toode sisaldab afrodisiakumi omadusi, mis suurendab seksuaalset naudingut nii partneriga koos hullates kui ka soolom\u00e4ngus.<\/p>\n<p>Afrodisiakumi omadusi on kasutatud Hiinas pea 2000 aastat. Hiina taimeteadlased avastasid afrodisiakumi t\u00e4nu vanadele, kuid seksuaalselt v\u00e4ga aktiivsetele kitsedele, kes toitusid just nimelt Kiimas Kitse Kanepitaimedest. Sealt ka nimi ja omadused. Afrodisiakum t\u00f5stab nii meeste kui naiste libiidot ning stimuleerib seksuaalhormoonide tootmist. See on justkui naturaalne Viagra.<\/p>\n<p><strong>Millise toote peaksin valima?<\/strong><b><\/b><\/p>\n<p>P\u00e4eva l\u00f5puks s\u00f5ltub k\u00f5ik sinu eelistustest. Kui sulle meeldib kergema koostisega libesti, siis proovi kindlasti\u00a0SUTIL Luxe\u00a0libestit.<\/p>\n<p>Kui sulle meeldib aga ekstra tihke, geelilaadne koostis, naudid sa t\u00f5en\u00e4oliselt rohkem\u00a0SUTIL\u00a0Rich libestit \u2013 eriti kui harrastad anaalseksi v\u00f5i sul on menopausist tingituna veidi kuivem genitaalpiirkond.<\/p>\n","protected":false},"excerpt":{"rendered":"<p>SUTIL on loonud uue toote, millest oleme vaimustuses ka meie.<\/p>\n","protected":false},"featured_media":47455,"template":"","meta":[],"product_brand":[4241],"product_cat":[1467,1460,3976],"product_tag":[],"class_list":{"0":"post-48684","1":"product","2":"type-product","3":"status-publish","4":"has-post-thumbnail","6":"product_brand-sutil-et","7":"product_cat-libestid","8":"product_cat-apteek","9":"product_cat-vee-baasil","10":"pa_brand-sutil-et","12":"first","13":"instock","14":"sale","15":"taxable","16":"shipping-taxable","17":"purchasable","18":"product-type-simple"},"yoast_head":"<!-- This site is optimized with the Yoast SEO plugin v27.3 - https:\/\/yoast.com\/product\/yoast-seo-wordpress\/ -->\n<title>Sutil Rich Tester 10ml Water Based Lubricant | Lust &amp; Love Sexshop<\/title>\n<meta name=\"description\" content=\"SUTIL on loonud uue toote, millest oleme vaimustuses ka meie.\" \/>\n<meta name=\"robots\" content=\"index,follow,max-snippet:-1,max-image-preview:large,max-video-preview:-1\" \/>\n<link rel=\"canonical\" href=\"https:\/\/lustandlove.eu\/et\/toode\/sutil-rich-10ml\/\" \/>\n<meta name=\"twitter:card\" content=\"summary_large_image\" \/>\n<meta name=\"twitter:title\" content=\"Sutil Rich Tester 10ml Water Based Lubricant | Lust &amp; Love Sexshop\" \/>\n<meta name=\"twitter:description\" content=\"SUTIL on loonud uue toote, millest oleme vaimustuses ka meie.\" \/>\n<meta name=\"twitter:image\" content=\"https:\/\/lustandlove.eu\/wp-content\/uploads\/sutil-rich-libesti-tester-10ml-rich-lubricant.jpg\" \/>\n<meta name=\"twitter:label1\" content=\"Est. reading time\" \/>\n\t<meta name=\"twitter:data1\" content=\"1 minut\" \/>\n<script type=\"application\/ld+json\" class=\"yoast-schema-graph\">{\"@context\":\"https:\\\/\\\/schema.org\",\"@graph\":[{\"@type\":[\"WebPage\",\"ItemPage\"],\"@id\":\"https:\\\/\\\/lustandlove.eu\\\/et\\\/toode\\\/sutil-rich-10ml\\\/\",\"url\":\"https:\\\/\\\/lustandlove.eu\\\/et\\\/toode\\\/sutil-rich-10ml\\\/\",\"name\":\"Sutil Rich Tester 10ml Water Based Lubricant | Lust &amp; Love Sexshop\",\"isPartOf\":{\"@id\":\"https:\\\/\\\/lustandlove.eu\\\/et\\\/#website\"},\"primaryImageOfPage\":{\"@id\":\"https:\\\/\\\/lustandlove.eu\\\/et\\\/toode\\\/sutil-rich-10ml\\\/#primaryimage\"},\"image\":{\"@id\":\"https:\\\/\\\/lustandlove.eu\\\/et\\\/toode\\\/sutil-rich-10ml\\\/#primaryimage\"},\"thumbnailUrl\":\"https:\\\/\\\/lustandlove.eu\\\/wp-content\\\/uploads\\\/sutil-rich-libesti-tester-10ml-rich-lubricant.jpg\",\"datePublished\":\"2021-05-28T04:57:38+00:00\",\"dateModified\":\"2026-04-13T07:43:47+00:00\",\"description\":\"SUTIL on loonud uue toote, millest oleme vaimustuses ka meie.\",\"breadcrumb\":{\"@id\":\"https:\\\/\\\/lustandlove.eu\\\/et\\\/toode\\\/sutil-rich-10ml\\\/#breadcrumb\"},\"inLanguage\":\"et\",\"potentialAction\":[{\"@type\":\"ReadAction\",\"target\":[\"https:\\\/\\\/lustandlove.eu\\\/et\\\/toode\\\/sutil-rich-10ml\\\/\"]}]},{\"@type\":\"ImageObject\",\"inLanguage\":\"et\",\"@id\":\"https:\\\/\\\/lustandlove.eu\\\/et\\\/toode\\\/sutil-rich-10ml\\\/#primaryimage\",\"url\":\"https:\\\/\\\/lustandlove.eu\\\/wp-content\\\/uploads\\\/sutil-rich-libesti-tester-10ml-rich-lubricant.jpg\",\"contentUrl\":\"https:\\\/\\\/lustandlove.eu\\\/wp-content\\\/uploads\\\/sutil-rich-libesti-tester-10ml-rich-lubricant.jpg\",\"width\":1200,\"height\":1200},{\"@type\":\"BreadcrumbList\",\"@id\":\"https:\\\/\\\/lustandlove.eu\\\/et\\\/toode\\\/sutil-rich-10ml\\\/#breadcrumb\",\"itemListElement\":[{\"@type\":\"ListItem\",\"position\":1,\"name\":\"Lust and Love\",\"item\":\"https:\\\/\\\/lustandlove.eu\\\/et\\\/\"},{\"@type\":\"ListItem\",\"position\":2,\"name\":\"Pood\",\"item\":\"https:\\\/\\\/lustandlove.eu\\\/et\\\/pood\\\/\"},{\"@type\":\"ListItem\",\"position\":3,\"name\":\"Sutil Rich Tester 10ml\"}]},{\"@type\":\"WebSite\",\"@id\":\"https:\\\/\\\/lustandlove.eu\\\/et\\\/#website\",\"url\":\"https:\\\/\\\/lustandlove.eu\\\/et\\\/\",\"name\":\"Lust &amp; Love\",\"description\":\"Online erootikapood tervise, ilu ja armastuse jaoks\",\"publisher\":{\"@id\":\"https:\\\/\\\/lustandlove.eu\\\/et\\\/#organization\"},\"potentialAction\":[{\"@type\":\"SearchAction\",\"target\":{\"@type\":\"EntryPoint\",\"urlTemplate\":\"https:\\\/\\\/lustandlove.eu\\\/et\\\/?s={search_term_string}\"},\"query-input\":{\"@type\":\"PropertyValueSpecification\",\"valueRequired\":true,\"valueName\":\"search_term_string\"}}],\"inLanguage\":\"et\"},{\"@type\":\"Organization\",\"@id\":\"https:\\\/\\\/lustandlove.eu\\\/et\\\/#organization\",\"name\":\"Bioconcept Baltics O\u00dc\",\"url\":\"https:\\\/\\\/lustandlove.eu\\\/et\\\/\",\"logo\":{\"@type\":\"ImageObject\",\"inLanguage\":\"et\",\"@id\":\"https:\\\/\\\/lustandlove.eu\\\/et\\\/#\\\/schema\\\/logo\\\/image\\\/\",\"url\":\"\",\"contentUrl\":\"\",\"caption\":\"Bioconcept Baltics O\u00dc\"},\"image\":{\"@id\":\"https:\\\/\\\/lustandlove.eu\\\/et\\\/#\\\/schema\\\/logo\\\/image\\\/\"},\"sameAs\":[\"https:\\\/\\\/www.facebook.com\\\/LustandLoveEU\\\/\",\"https:\\\/\\\/www.instagram.com\\\/lustandloveeu\\\/\"]}]}<\/script>\n<!-- \/ Yoast SEO plugin. -->","yoast_head_json":{"title":"Sutil Rich Tester 10ml Water Based Lubricant | Lust &amp; Love Sexshop","description":"SUTIL on loonud uue toote, millest oleme vaimustuses ka meie.","robots":{"index,follow,max-snippet":"index,follow,max-snippet:-1,max-image-preview:large,max-video-preview:-1"},"canonical":"https:\/\/lustandlove.eu\/et\/toode\/sutil-rich-10ml\/","twitter_card":"summary_large_image","twitter_title":"Sutil Rich Tester 10ml Water Based Lubricant | Lust &amp; Love Sexshop","twitter_description":"SUTIL on loonud uue toote, millest oleme vaimustuses ka meie.","twitter_image":"https:\/\/lustandlove.eu\/wp-content\/uploads\/sutil-rich-libesti-tester-10ml-rich-lubricant.jpg","twitter_misc":{"Est. reading time":"1 minut"},"schema":{"@context":"https:\/\/schema.org","@graph":[{"@type":["WebPage","ItemPage"],"@id":"https:\/\/lustandlove.eu\/et\/toode\/sutil-rich-10ml\/","url":"https:\/\/lustandlove.eu\/et\/toode\/sutil-rich-10ml\/","name":"Sutil Rich Tester 10ml Water Based Lubricant | Lust &amp; Love Sexshop","isPartOf":{"@id":"https:\/\/lustandlove.eu\/et\/#website"},"primaryImageOfPage":{"@id":"https:\/\/lustandlove.eu\/et\/toode\/sutil-rich-10ml\/#primaryimage"},"image":{"@id":"https:\/\/lustandlove.eu\/et\/toode\/sutil-rich-10ml\/#primaryimage"},"thumbnailUrl":"https:\/\/lustandlove.eu\/wp-content\/uploads\/sutil-rich-libesti-tester-10ml-rich-lubricant.jpg","datePublished":"2021-05-28T04:57:38+00:00","dateModified":"2026-04-13T07:43:47+00:00","description":"SUTIL on loonud uue toote, millest oleme vaimustuses ka meie.","breadcrumb":{"@id":"https:\/\/lustandlove.eu\/et\/toode\/sutil-rich-10ml\/#breadcrumb"},"inLanguage":"et","potentialAction":[{"@type":"ReadAction","target":["https:\/\/lustandlove.eu\/et\/toode\/sutil-rich-10ml\/"]}]},{"@type":"ImageObject","inLanguage":"et","@id":"https:\/\/lustandlove.eu\/et\/toode\/sutil-rich-10ml\/#primaryimage","url":"https:\/\/lustandlove.eu\/wp-content\/uploads\/sutil-rich-libesti-tester-10ml-rich-lubricant.jpg","contentUrl":"https:\/\/lustandlove.eu\/wp-content\/uploads\/sutil-rich-libesti-tester-10ml-rich-lubricant.jpg","width":1200,"height":1200},{"@type":"BreadcrumbList","@id":"https:\/\/lustandlove.eu\/et\/toode\/sutil-rich-10ml\/#breadcrumb","itemListElement":[{"@type":"ListItem","position":1,"name":"Lust and Love","item":"https:\/\/lustandlove.eu\/et\/"},{"@type":"ListItem","position":2,"name":"Pood","item":"https:\/\/lustandlove.eu\/et\/pood\/"},{"@type":"ListItem","position":3,"name":"Sutil Rich Tester 10ml"}]},{"@type":"WebSite","@id":"https:\/\/lustandlove.eu\/et\/#website","url":"https:\/\/lustandlove.eu\/et\/","name":"Lust &amp; Love","description":"Online erootikapood tervise, ilu ja armastuse jaoks","publisher":{"@id":"https:\/\/lustandlove.eu\/et\/#organization"},"potentialAction":[{"@type":"SearchAction","target":{"@type":"EntryPoint","urlTemplate":"https:\/\/lustandlove.eu\/et\/?s={search_term_string}"},"query-input":{"@type":"PropertyValueSpecification","valueRequired":true,"valueName":"search_term_string"}}],"inLanguage":"et"},{"@type":"Organization","@id":"https:\/\/lustandlove.eu\/et\/#organization","name":"Bioconcept Baltics O\u00dc","url":"https:\/\/lustandlove.eu\/et\/","logo":{"@type":"ImageObject","inLanguage":"et","@id":"https:\/\/lustandlove.eu\/et\/#\/schema\/logo\/image\/","url":"","contentUrl":"","caption":"Bioconcept Baltics O\u00dc"},"image":{"@id":"https:\/\/lustandlove.eu\/et\/#\/schema\/logo\/image\/"},"sameAs":["https:\/\/www.facebook.com\/LustandLoveEU\/","https:\/\/www.instagram.com\/lustandloveeu\/"]}]}},"_links":{"self":[{"href":"https:\/\/lustandlove.eu\/et\/wp-json\/wp\/v2\/product\/48684","targetHints":{"allow":["GET"]}}],"collection":[{"href":"https:\/\/lustandlove.eu\/et\/wp-json\/wp\/v2\/product"}],"about":[{"href":"https:\/\/lustandlove.eu\/et\/wp-json\/wp\/v2\/types\/product"}],"wp:featuredmedia":[{"embeddable":true,"href":"https:\/\/lustandlove.eu\/et\/wp-json\/wp\/v2\/media\/47455"}],"wp:attachment":[{"href":"https:\/\/lustandlove.eu\/et\/wp-json\/wp\/v2\/media?parent=48684"}],"wp:term":[{"taxonomy":"product_brand","embeddable":true,"href":"https:\/\/lustandlove.eu\/et\/wp-json\/wp\/v2\/product_brand?post=48684"},{"taxonomy":"product_cat","embeddable":true,"href":"https:\/\/lustandlove.eu\/et\/wp-json\/wp\/v2\/product_cat?post=48684"},{"taxonomy":"product_tag","embeddable":true,"href":"https:\/\/lustandlove.eu\/et\/wp-json\/wp\/v2\/product_tag?post=48684"}],"curies":[{"name":"wp","href":"https:\/\/api.w.org\/{rel}","templated":true}]}}