{"id":48685,"date":"2021-05-28T07:57:38","date_gmt":"2021-05-28T04:57:38","guid":{"rendered":"https:\/\/www.lustandlove.eu\/product\/sutil-luxe-tester-10ml\/"},"modified":"2026-04-13T10:43:47","modified_gmt":"2026-04-13T07:43:47","slug":"sutil-luxe-tester-10ml","status":"publish","type":"product","link":"https:\/\/lustandlove.eu\/et\/toode\/sutil-luxe-tester-10ml\/","title":{"rendered":"Sutil Luxe Tester 10ml"},"content":{"rendered":"<p>Sutil Luxe on Kanada perefirmast p\u00e4rit vee baasil kerge koostisega libesti, mis on puhaste koostisainetega. Juba 20 aastase ajalooga Sutil Luxe\u00a0<strong>pH tase 4.5<\/strong>\u00a0on vagiina naturaalse pH tasemega sama, t\u00e4nu millele sobib toode h\u00e4sti kasutamiseks vaginaalseks seksiks, treeninguulide kasutamiseks ning tupekuivuse korral.<\/p>\n<p>Sutil Luxe libestile\u00a0<strong>pole lisatud suhkruid ega parabeene<\/strong>, toode on\u00a0<strong>100% \u00f6ko<\/strong>\u00a0ja isegi pakend laguneb loodust s\u00e4\u00e4stval meetodil p\u00e4rast aegumist.<\/p>\n<p>Sutil Luxe\u2019i koostiosade hulka kuulub h\u00fcaluroonhape, mis annab sellele vee baasil libestile silikooni baasil libesti omadused \u2013 see on naha peal siidiselt pehme ning tagab libisemise pikaks ajaks. Libesti sobib kasutamiseks m\u00e4nguasjadega ja masturbeerimiseks, toodet ei pea p\u00e4rast kasutamist maha pesema vaid see imendub kenasti kehasse ja j\u00e4tab naha niisutatuna.<\/p>\n<p>Kui soovid k\u00f5rgema pH tasemega vee baasil sama puhast ja naturaalset libestit, mis sobib tupekuivusest tingitud valude leevendamiseks, anaalseksiks v\u00f5i lihtsalt otsid tihkema koostisega libestit,\u00a0proovi Sutil Richi.<\/p>\n","protected":false},"excerpt":{"rendered":"<p>Sutil Luxe on Kanada perefirmast p\u00e4rit vee baasil kerge koostisega libesti, mis on puhaste koostisainetega.<\/p>\n","protected":false},"featured_media":47454,"template":"","meta":[],"product_brand":[4241],"product_cat":[1467,1460,3976],"product_tag":[4128],"class_list":{"0":"post-48685","1":"product","2":"type-product","3":"status-publish","4":"has-post-thumbnail","6":"product_brand-sutil-et","7":"product_cat-libestid","8":"product_cat-apteek","9":"product_cat-vee-baasil","10":"product_tag-lubricant-et","11":"pa_brand-sutil-et","13":"first","14":"instock","15":"sale","16":"taxable","17":"shipping-taxable","18":"purchasable","19":"product-type-simple"},"yoast_head":"<!-- This site is optimized with the Yoast SEO plugin v27.3 - https:\/\/yoast.com\/product\/yoast-seo-wordpress\/ -->\n<title>Sutil Luxe Tester 10ml | Lust and Love<\/title>\n<meta name=\"description\" content=\"Sutil Luxe on Kanada perefirmast p\u00e4rit vee baasil kerge koostisega libesti, mis on puhaste koostisainetega.\" \/>\n<meta name=\"robots\" content=\"index,follow,max-snippet:-1,max-image-preview:large,max-video-preview:-1\" \/>\n<link rel=\"canonical\" href=\"https:\/\/lustandlove.eu\/et\/toode\/sutil-luxe-tester-10ml\/\" \/>\n<meta name=\"twitter:card\" content=\"summary_large_image\" \/>\n<meta name=\"twitter:title\" content=\"Sutil Luxe Tester 10ml | Lust and Love\" \/>\n<meta name=\"twitter:description\" content=\"Sutil Luxe on Kanada perefirmast p\u00e4rit vee baasil kerge koostisega libesti, mis on puhaste koostisainetega.\" \/>\n<meta name=\"twitter:image\" content=\"https:\/\/lustandlove.eu\/wp-content\/uploads\/sutil-10ml.jpg\" \/>\n<meta name=\"twitter:label1\" content=\"Est. reading time\" \/>\n\t<meta name=\"twitter:data1\" content=\"1 minut\" \/>\n<script type=\"application\/ld+json\" class=\"yoast-schema-graph\">{\"@context\":\"https:\\\/\\\/schema.org\",\"@graph\":[{\"@type\":[\"WebPage\",\"ItemPage\"],\"@id\":\"https:\\\/\\\/lustandlove.eu\\\/et\\\/toode\\\/sutil-luxe-tester-10ml\\\/\",\"url\":\"https:\\\/\\\/lustandlove.eu\\\/et\\\/toode\\\/sutil-luxe-tester-10ml\\\/\",\"name\":\"Sutil Luxe Tester 10ml | Lust and Love\",\"isPartOf\":{\"@id\":\"https:\\\/\\\/lustandlove.eu\\\/et\\\/#website\"},\"primaryImageOfPage\":{\"@id\":\"https:\\\/\\\/lustandlove.eu\\\/et\\\/toode\\\/sutil-luxe-tester-10ml\\\/#primaryimage\"},\"image\":{\"@id\":\"https:\\\/\\\/lustandlove.eu\\\/et\\\/toode\\\/sutil-luxe-tester-10ml\\\/#primaryimage\"},\"thumbnailUrl\":\"https:\\\/\\\/lustandlove.eu\\\/wp-content\\\/uploads\\\/sutil-10ml.jpg\",\"datePublished\":\"2021-05-28T04:57:38+00:00\",\"dateModified\":\"2026-04-13T07:43:47+00:00\",\"description\":\"Sutil Luxe on Kanada perefirmast p\u00e4rit vee baasil kerge koostisega libesti, mis on puhaste koostisainetega.\",\"breadcrumb\":{\"@id\":\"https:\\\/\\\/lustandlove.eu\\\/et\\\/toode\\\/sutil-luxe-tester-10ml\\\/#breadcrumb\"},\"inLanguage\":\"et\",\"potentialAction\":[{\"@type\":\"ReadAction\",\"target\":[\"https:\\\/\\\/lustandlove.eu\\\/et\\\/toode\\\/sutil-luxe-tester-10ml\\\/\"]}]},{\"@type\":\"ImageObject\",\"inLanguage\":\"et\",\"@id\":\"https:\\\/\\\/lustandlove.eu\\\/et\\\/toode\\\/sutil-luxe-tester-10ml\\\/#primaryimage\",\"url\":\"https:\\\/\\\/lustandlove.eu\\\/wp-content\\\/uploads\\\/sutil-10ml.jpg\",\"contentUrl\":\"https:\\\/\\\/lustandlove.eu\\\/wp-content\\\/uploads\\\/sutil-10ml.jpg\",\"width\":1200,\"height\":1200},{\"@type\":\"BreadcrumbList\",\"@id\":\"https:\\\/\\\/lustandlove.eu\\\/et\\\/toode\\\/sutil-luxe-tester-10ml\\\/#breadcrumb\",\"itemListElement\":[{\"@type\":\"ListItem\",\"position\":1,\"name\":\"Lust and Love\",\"item\":\"https:\\\/\\\/lustandlove.eu\\\/et\\\/\"},{\"@type\":\"ListItem\",\"position\":2,\"name\":\"Pood\",\"item\":\"https:\\\/\\\/lustandlove.eu\\\/et\\\/pood\\\/\"},{\"@type\":\"ListItem\",\"position\":3,\"name\":\"Libestid ja kehahooldus\",\"item\":\"https:\\\/\\\/lustandlove.eu\\\/et\\\/pood\\\/apteek\\\/\"},{\"@type\":\"ListItem\",\"position\":4,\"name\":\"Libestid\",\"item\":\"https:\\\/\\\/lustandlove.eu\\\/et\\\/pood\\\/apteek\\\/libestid\\\/\"},{\"@type\":\"ListItem\",\"position\":5,\"name\":\"Vee baasil\",\"item\":\"https:\\\/\\\/lustandlove.eu\\\/et\\\/pood\\\/apteek\\\/libestid\\\/vee-baasil\\\/\"},{\"@type\":\"ListItem\",\"position\":6,\"name\":\"Sutil Luxe Tester 10ml\"}]},{\"@type\":\"WebSite\",\"@id\":\"https:\\\/\\\/lustandlove.eu\\\/et\\\/#website\",\"url\":\"https:\\\/\\\/lustandlove.eu\\\/et\\\/\",\"name\":\"Lust &amp; Love\",\"description\":\"Online erootikapood tervise, ilu ja armastuse jaoks\",\"publisher\":{\"@id\":\"https:\\\/\\\/lustandlove.eu\\\/et\\\/#organization\"},\"potentialAction\":[{\"@type\":\"SearchAction\",\"target\":{\"@type\":\"EntryPoint\",\"urlTemplate\":\"https:\\\/\\\/lustandlove.eu\\\/et\\\/?s={search_term_string}\"},\"query-input\":{\"@type\":\"PropertyValueSpecification\",\"valueRequired\":true,\"valueName\":\"search_term_string\"}}],\"inLanguage\":\"et\"},{\"@type\":\"Organization\",\"@id\":\"https:\\\/\\\/lustandlove.eu\\\/et\\\/#organization\",\"name\":\"Bioconcept Baltics O\u00dc\",\"url\":\"https:\\\/\\\/lustandlove.eu\\\/et\\\/\",\"logo\":{\"@type\":\"ImageObject\",\"inLanguage\":\"et\",\"@id\":\"https:\\\/\\\/lustandlove.eu\\\/et\\\/#\\\/schema\\\/logo\\\/image\\\/\",\"url\":\"\",\"contentUrl\":\"\",\"caption\":\"Bioconcept Baltics O\u00dc\"},\"image\":{\"@id\":\"https:\\\/\\\/lustandlove.eu\\\/et\\\/#\\\/schema\\\/logo\\\/image\\\/\"},\"sameAs\":[\"https:\\\/\\\/www.facebook.com\\\/LustandLoveEU\\\/\",\"https:\\\/\\\/www.instagram.com\\\/lustandloveeu\\\/\"]}]}<\/script>\n<!-- \/ Yoast SEO plugin. -->","yoast_head_json":{"title":"Sutil Luxe Tester 10ml | Lust and Love","description":"Sutil Luxe on Kanada perefirmast p\u00e4rit vee baasil kerge koostisega libesti, mis on puhaste koostisainetega.","robots":{"index,follow,max-snippet":"index,follow,max-snippet:-1,max-image-preview:large,max-video-preview:-1"},"canonical":"https:\/\/lustandlove.eu\/et\/toode\/sutil-luxe-tester-10ml\/","twitter_card":"summary_large_image","twitter_title":"Sutil Luxe Tester 10ml | Lust and Love","twitter_description":"Sutil Luxe on Kanada perefirmast p\u00e4rit vee baasil kerge koostisega libesti, mis on puhaste koostisainetega.","twitter_image":"https:\/\/lustandlove.eu\/wp-content\/uploads\/sutil-10ml.jpg","twitter_misc":{"Est. reading time":"1 minut"},"schema":{"@context":"https:\/\/schema.org","@graph":[{"@type":["WebPage","ItemPage"],"@id":"https:\/\/lustandlove.eu\/et\/toode\/sutil-luxe-tester-10ml\/","url":"https:\/\/lustandlove.eu\/et\/toode\/sutil-luxe-tester-10ml\/","name":"Sutil Luxe Tester 10ml | Lust and Love","isPartOf":{"@id":"https:\/\/lustandlove.eu\/et\/#website"},"primaryImageOfPage":{"@id":"https:\/\/lustandlove.eu\/et\/toode\/sutil-luxe-tester-10ml\/#primaryimage"},"image":{"@id":"https:\/\/lustandlove.eu\/et\/toode\/sutil-luxe-tester-10ml\/#primaryimage"},"thumbnailUrl":"https:\/\/lustandlove.eu\/wp-content\/uploads\/sutil-10ml.jpg","datePublished":"2021-05-28T04:57:38+00:00","dateModified":"2026-04-13T07:43:47+00:00","description":"Sutil Luxe on Kanada perefirmast p\u00e4rit vee baasil kerge koostisega libesti, mis on puhaste koostisainetega.","breadcrumb":{"@id":"https:\/\/lustandlove.eu\/et\/toode\/sutil-luxe-tester-10ml\/#breadcrumb"},"inLanguage":"et","potentialAction":[{"@type":"ReadAction","target":["https:\/\/lustandlove.eu\/et\/toode\/sutil-luxe-tester-10ml\/"]}]},{"@type":"ImageObject","inLanguage":"et","@id":"https:\/\/lustandlove.eu\/et\/toode\/sutil-luxe-tester-10ml\/#primaryimage","url":"https:\/\/lustandlove.eu\/wp-content\/uploads\/sutil-10ml.jpg","contentUrl":"https:\/\/lustandlove.eu\/wp-content\/uploads\/sutil-10ml.jpg","width":1200,"height":1200},{"@type":"BreadcrumbList","@id":"https:\/\/lustandlove.eu\/et\/toode\/sutil-luxe-tester-10ml\/#breadcrumb","itemListElement":[{"@type":"ListItem","position":1,"name":"Lust and Love","item":"https:\/\/lustandlove.eu\/et\/"},{"@type":"ListItem","position":2,"name":"Pood","item":"https:\/\/lustandlove.eu\/et\/pood\/"},{"@type":"ListItem","position":3,"name":"Libestid ja kehahooldus","item":"https:\/\/lustandlove.eu\/et\/pood\/apteek\/"},{"@type":"ListItem","position":4,"name":"Libestid","item":"https:\/\/lustandlove.eu\/et\/pood\/apteek\/libestid\/"},{"@type":"ListItem","position":5,"name":"Vee baasil","item":"https:\/\/lustandlove.eu\/et\/pood\/apteek\/libestid\/vee-baasil\/"},{"@type":"ListItem","position":6,"name":"Sutil Luxe Tester 10ml"}]},{"@type":"WebSite","@id":"https:\/\/lustandlove.eu\/et\/#website","url":"https:\/\/lustandlove.eu\/et\/","name":"Lust &amp; Love","description":"Online erootikapood tervise, ilu ja armastuse jaoks","publisher":{"@id":"https:\/\/lustandlove.eu\/et\/#organization"},"potentialAction":[{"@type":"SearchAction","target":{"@type":"EntryPoint","urlTemplate":"https:\/\/lustandlove.eu\/et\/?s={search_term_string}"},"query-input":{"@type":"PropertyValueSpecification","valueRequired":true,"valueName":"search_term_string"}}],"inLanguage":"et"},{"@type":"Organization","@id":"https:\/\/lustandlove.eu\/et\/#organization","name":"Bioconcept Baltics O\u00dc","url":"https:\/\/lustandlove.eu\/et\/","logo":{"@type":"ImageObject","inLanguage":"et","@id":"https:\/\/lustandlove.eu\/et\/#\/schema\/logo\/image\/","url":"","contentUrl":"","caption":"Bioconcept Baltics O\u00dc"},"image":{"@id":"https:\/\/lustandlove.eu\/et\/#\/schema\/logo\/image\/"},"sameAs":["https:\/\/www.facebook.com\/LustandLoveEU\/","https:\/\/www.instagram.com\/lustandloveeu\/"]}]}},"_links":{"self":[{"href":"https:\/\/lustandlove.eu\/et\/wp-json\/wp\/v2\/product\/48685","targetHints":{"allow":["GET"]}}],"collection":[{"href":"https:\/\/lustandlove.eu\/et\/wp-json\/wp\/v2\/product"}],"about":[{"href":"https:\/\/lustandlove.eu\/et\/wp-json\/wp\/v2\/types\/product"}],"wp:featuredmedia":[{"embeddable":true,"href":"https:\/\/lustandlove.eu\/et\/wp-json\/wp\/v2\/media\/47454"}],"wp:attachment":[{"href":"https:\/\/lustandlove.eu\/et\/wp-json\/wp\/v2\/media?parent=48685"}],"wp:term":[{"taxonomy":"product_brand","embeddable":true,"href":"https:\/\/lustandlove.eu\/et\/wp-json\/wp\/v2\/product_brand?post=48685"},{"taxonomy":"product_cat","embeddable":true,"href":"https:\/\/lustandlove.eu\/et\/wp-json\/wp\/v2\/product_cat?post=48685"},{"taxonomy":"product_tag","embeddable":true,"href":"https:\/\/lustandlove.eu\/et\/wp-json\/wp\/v2\/product_tag?post=48685"}],"curies":[{"name":"wp","href":"https:\/\/api.w.org\/{rel}","templated":true}]}}