{"id":48686,"date":"2021-05-28T07:57:13","date_gmt":"2021-05-28T04:57:13","guid":{"rendered":"https:\/\/www.lustandlove.eu\/product\/vanda-premium\/"},"modified":"2026-04-13T10:43:50","modified_gmt":"2026-04-13T07:43:50","slug":"vanda-premium","status":"publish","type":"product","link":"https:\/\/lustandlove.eu\/et\/toode\/vanda-premium\/","title":{"rendered":"Vanda Premium"},"content":{"rendered":"<p>Elegantne ja \u0161ikk, tribuut retropesule. Komplekt, mis garanteerib enesekindluse.<\/p>\n<p>Rinnahoidja on keerukas kombinatsioon erinevatest elementidest: must pael, delikaatne pits ja lipsuke. Komplekt t\u00f5mbab t\u00e4helepanu oma huvitava disainiga ja rinnakujuga.<\/p>\n<p>K\u00f5rge sukapael ja rinnahoidja on erutav kombinatsioon, mida kaunistavad armsad lipsukesed. Seljal jooksvad piad paelad kaunistavad ja r\u00f5huvad seksikusele samal ajal aidates kaasa ideaalsele sobivusele.<\/p>\n<p>Sukapaelad on valmistatud musta v\u00e4rvi peegeldavast paelast, mis on elastne ja pilkup\u00fc\u00fcdev.<\/p>\n","protected":false},"excerpt":{"rendered":"<p>Komplekt, mida on v\u00f5imatu v\u00e4ltida. Igas m\u00f5ttes nauditav, ja t\u00e4iesti \u00f5igustatult.<\/p>\n","protected":false},"featured_media":44197,"template":"","meta":[],"product_brand":[4202],"product_cat":[4016,1489],"product_tag":[],"class_list":{"0":"post-48686","1":"product","2":"type-product","3":"status-publish","4":"has-post-thumbnail","6":"product_brand-demoniq-et","7":"product_cat-komplektid","8":"product_cat-pesu","9":"pa_brand-demoniq-et","11":"first","12":"instock","13":"taxable","14":"shipping-taxable","15":"purchasable","16":"product-type-variable"},"yoast_head":"<!-- This site is optimized with the Yoast SEO plugin v27.3 - https:\/\/yoast.com\/product\/yoast-seo-wordpress\/ -->\n<title>VANDA PREMIUM Lingerie Set from DEMONIQ | LUST&amp;LOVE<\/title>\n<meta name=\"description\" content=\"Komplekt, mida on v\u00f5imatu v\u00e4ltida. Igas m\u00f5ttes nauditav, ja t\u00e4iesti \u00f5igustatult.\" \/>\n<meta name=\"robots\" content=\"index,follow,max-snippet:-1,max-image-preview:large,max-video-preview:-1\" \/>\n<link rel=\"canonical\" href=\"https:\/\/lustandlove.eu\/et\/toode\/vanda-premium\/\" \/>\n<meta name=\"twitter:card\" content=\"summary_large_image\" \/>\n<meta name=\"twitter:title\" content=\"VANDA PREMIUM Lingerie Set from DEMONIQ | LUST&amp;LOVE\" \/>\n<meta name=\"twitter:description\" content=\"Komplekt, mida on v\u00f5imatu v\u00e4ltida. Igas m\u00f5ttes nauditav, ja t\u00e4iesti \u00f5igustatult.\" \/>\n<meta name=\"twitter:image\" content=\"https:\/\/lustandlove.eu\/wp-content\/uploads\/Vanda.png\" \/>\n<meta name=\"twitter:label1\" content=\"Est. reading time\" \/>\n\t<meta name=\"twitter:data1\" content=\"2 minutit\" \/>\n<script type=\"application\/ld+json\" class=\"yoast-schema-graph\">{\"@context\":\"https:\\\/\\\/schema.org\",\"@graph\":[{\"@type\":[\"WebPage\",\"ItemPage\"],\"@id\":\"https:\\\/\\\/lustandlove.eu\\\/et\\\/toode\\\/vanda-premium\\\/\",\"url\":\"https:\\\/\\\/lustandlove.eu\\\/et\\\/toode\\\/vanda-premium\\\/\",\"name\":\"VANDA PREMIUM Lingerie Set from DEMONIQ | LUST&LOVE\",\"isPartOf\":{\"@id\":\"https:\\\/\\\/lustandlove.eu\\\/et\\\/#website\"},\"primaryImageOfPage\":{\"@id\":\"https:\\\/\\\/lustandlove.eu\\\/et\\\/toode\\\/vanda-premium\\\/#primaryimage\"},\"image\":{\"@id\":\"https:\\\/\\\/lustandlove.eu\\\/et\\\/toode\\\/vanda-premium\\\/#primaryimage\"},\"thumbnailUrl\":\"https:\\\/\\\/lustandlove.eu\\\/wp-content\\\/uploads\\\/Vanda.png\",\"datePublished\":\"2021-05-28T04:57:13+00:00\",\"dateModified\":\"2026-04-13T07:43:50+00:00\",\"description\":\"Komplekt, mida on v\u00f5imatu v\u00e4ltida. Igas m\u00f5ttes nauditav, ja t\u00e4iesti \u00f5igustatult.\",\"breadcrumb\":{\"@id\":\"https:\\\/\\\/lustandlove.eu\\\/et\\\/toode\\\/vanda-premium\\\/#breadcrumb\"},\"inLanguage\":\"et\",\"potentialAction\":[{\"@type\":\"ReadAction\",\"target\":[\"https:\\\/\\\/lustandlove.eu\\\/et\\\/toode\\\/vanda-premium\\\/\"]}]},{\"@type\":\"ImageObject\",\"inLanguage\":\"et\",\"@id\":\"https:\\\/\\\/lustandlove.eu\\\/et\\\/toode\\\/vanda-premium\\\/#primaryimage\",\"url\":\"https:\\\/\\\/lustandlove.eu\\\/wp-content\\\/uploads\\\/Vanda.png\",\"contentUrl\":\"https:\\\/\\\/lustandlove.eu\\\/wp-content\\\/uploads\\\/Vanda.png\",\"width\":861,\"height\":873,\"caption\":\"Vanda Premium - Demoniq - Lust and Love\"},{\"@type\":\"BreadcrumbList\",\"@id\":\"https:\\\/\\\/lustandlove.eu\\\/et\\\/toode\\\/vanda-premium\\\/#breadcrumb\",\"itemListElement\":[{\"@type\":\"ListItem\",\"position\":1,\"name\":\"Lust and Love\",\"item\":\"https:\\\/\\\/lustandlove.eu\\\/et\\\/\"},{\"@type\":\"ListItem\",\"position\":2,\"name\":\"Pood\",\"item\":\"https:\\\/\\\/lustandlove.eu\\\/et\\\/pood\\\/\"},{\"@type\":\"ListItem\",\"position\":3,\"name\":\"Pesu\",\"item\":\"https:\\\/\\\/lustandlove.eu\\\/et\\\/pood\\\/pesu\\\/\"},{\"@type\":\"ListItem\",\"position\":4,\"name\":\"Komplektid\",\"item\":\"https:\\\/\\\/lustandlove.eu\\\/et\\\/pood\\\/pesu\\\/komplektid\\\/\"},{\"@type\":\"ListItem\",\"position\":5,\"name\":\"Vanda Premium\"}]},{\"@type\":\"WebSite\",\"@id\":\"https:\\\/\\\/lustandlove.eu\\\/et\\\/#website\",\"url\":\"https:\\\/\\\/lustandlove.eu\\\/et\\\/\",\"name\":\"Lust &amp; Love\",\"description\":\"Online erootikapood tervise, ilu ja armastuse jaoks\",\"publisher\":{\"@id\":\"https:\\\/\\\/lustandlove.eu\\\/et\\\/#organization\"},\"potentialAction\":[{\"@type\":\"SearchAction\",\"target\":{\"@type\":\"EntryPoint\",\"urlTemplate\":\"https:\\\/\\\/lustandlove.eu\\\/et\\\/?s={search_term_string}\"},\"query-input\":{\"@type\":\"PropertyValueSpecification\",\"valueRequired\":true,\"valueName\":\"search_term_string\"}}],\"inLanguage\":\"et\"},{\"@type\":\"Organization\",\"@id\":\"https:\\\/\\\/lustandlove.eu\\\/et\\\/#organization\",\"name\":\"Bioconcept Baltics O\u00dc\",\"url\":\"https:\\\/\\\/lustandlove.eu\\\/et\\\/\",\"logo\":{\"@type\":\"ImageObject\",\"inLanguage\":\"et\",\"@id\":\"https:\\\/\\\/lustandlove.eu\\\/et\\\/#\\\/schema\\\/logo\\\/image\\\/\",\"url\":\"\",\"contentUrl\":\"\",\"caption\":\"Bioconcept Baltics O\u00dc\"},\"image\":{\"@id\":\"https:\\\/\\\/lustandlove.eu\\\/et\\\/#\\\/schema\\\/logo\\\/image\\\/\"},\"sameAs\":[\"https:\\\/\\\/www.facebook.com\\\/LustandLoveEU\\\/\",\"https:\\\/\\\/www.instagram.com\\\/lustandloveeu\\\/\"]}]}<\/script>\n<!-- \/ Yoast SEO plugin. -->","yoast_head_json":{"title":"VANDA PREMIUM Lingerie Set from DEMONIQ | LUST&LOVE","description":"Komplekt, mida on v\u00f5imatu v\u00e4ltida. Igas m\u00f5ttes nauditav, ja t\u00e4iesti \u00f5igustatult.","robots":{"index,follow,max-snippet":"index,follow,max-snippet:-1,max-image-preview:large,max-video-preview:-1"},"canonical":"https:\/\/lustandlove.eu\/et\/toode\/vanda-premium\/","twitter_card":"summary_large_image","twitter_title":"VANDA PREMIUM Lingerie Set from DEMONIQ | LUST&LOVE","twitter_description":"Komplekt, mida on v\u00f5imatu v\u00e4ltida. Igas m\u00f5ttes nauditav, ja t\u00e4iesti \u00f5igustatult.","twitter_image":"https:\/\/lustandlove.eu\/wp-content\/uploads\/Vanda.png","twitter_misc":{"Est. reading time":"2 minutit"},"schema":{"@context":"https:\/\/schema.org","@graph":[{"@type":["WebPage","ItemPage"],"@id":"https:\/\/lustandlove.eu\/et\/toode\/vanda-premium\/","url":"https:\/\/lustandlove.eu\/et\/toode\/vanda-premium\/","name":"VANDA PREMIUM Lingerie Set from DEMONIQ | LUST&LOVE","isPartOf":{"@id":"https:\/\/lustandlove.eu\/et\/#website"},"primaryImageOfPage":{"@id":"https:\/\/lustandlove.eu\/et\/toode\/vanda-premium\/#primaryimage"},"image":{"@id":"https:\/\/lustandlove.eu\/et\/toode\/vanda-premium\/#primaryimage"},"thumbnailUrl":"https:\/\/lustandlove.eu\/wp-content\/uploads\/Vanda.png","datePublished":"2021-05-28T04:57:13+00:00","dateModified":"2026-04-13T07:43:50+00:00","description":"Komplekt, mida on v\u00f5imatu v\u00e4ltida. Igas m\u00f5ttes nauditav, ja t\u00e4iesti \u00f5igustatult.","breadcrumb":{"@id":"https:\/\/lustandlove.eu\/et\/toode\/vanda-premium\/#breadcrumb"},"inLanguage":"et","potentialAction":[{"@type":"ReadAction","target":["https:\/\/lustandlove.eu\/et\/toode\/vanda-premium\/"]}]},{"@type":"ImageObject","inLanguage":"et","@id":"https:\/\/lustandlove.eu\/et\/toode\/vanda-premium\/#primaryimage","url":"https:\/\/lustandlove.eu\/wp-content\/uploads\/Vanda.png","contentUrl":"https:\/\/lustandlove.eu\/wp-content\/uploads\/Vanda.png","width":861,"height":873,"caption":"Vanda Premium - Demoniq - Lust and Love"},{"@type":"BreadcrumbList","@id":"https:\/\/lustandlove.eu\/et\/toode\/vanda-premium\/#breadcrumb","itemListElement":[{"@type":"ListItem","position":1,"name":"Lust and Love","item":"https:\/\/lustandlove.eu\/et\/"},{"@type":"ListItem","position":2,"name":"Pood","item":"https:\/\/lustandlove.eu\/et\/pood\/"},{"@type":"ListItem","position":3,"name":"Pesu","item":"https:\/\/lustandlove.eu\/et\/pood\/pesu\/"},{"@type":"ListItem","position":4,"name":"Komplektid","item":"https:\/\/lustandlove.eu\/et\/pood\/pesu\/komplektid\/"},{"@type":"ListItem","position":5,"name":"Vanda Premium"}]},{"@type":"WebSite","@id":"https:\/\/lustandlove.eu\/et\/#website","url":"https:\/\/lustandlove.eu\/et\/","name":"Lust &amp; Love","description":"Online erootikapood tervise, ilu ja armastuse jaoks","publisher":{"@id":"https:\/\/lustandlove.eu\/et\/#organization"},"potentialAction":[{"@type":"SearchAction","target":{"@type":"EntryPoint","urlTemplate":"https:\/\/lustandlove.eu\/et\/?s={search_term_string}"},"query-input":{"@type":"PropertyValueSpecification","valueRequired":true,"valueName":"search_term_string"}}],"inLanguage":"et"},{"@type":"Organization","@id":"https:\/\/lustandlove.eu\/et\/#organization","name":"Bioconcept Baltics O\u00dc","url":"https:\/\/lustandlove.eu\/et\/","logo":{"@type":"ImageObject","inLanguage":"et","@id":"https:\/\/lustandlove.eu\/et\/#\/schema\/logo\/image\/","url":"","contentUrl":"","caption":"Bioconcept Baltics O\u00dc"},"image":{"@id":"https:\/\/lustandlove.eu\/et\/#\/schema\/logo\/image\/"},"sameAs":["https:\/\/www.facebook.com\/LustandLoveEU\/","https:\/\/www.instagram.com\/lustandloveeu\/"]}]}},"_links":{"self":[{"href":"https:\/\/lustandlove.eu\/et\/wp-json\/wp\/v2\/product\/48686","targetHints":{"allow":["GET"]}}],"collection":[{"href":"https:\/\/lustandlove.eu\/et\/wp-json\/wp\/v2\/product"}],"about":[{"href":"https:\/\/lustandlove.eu\/et\/wp-json\/wp\/v2\/types\/product"}],"wp:featuredmedia":[{"embeddable":true,"href":"https:\/\/lustandlove.eu\/et\/wp-json\/wp\/v2\/media\/44197"}],"wp:attachment":[{"href":"https:\/\/lustandlove.eu\/et\/wp-json\/wp\/v2\/media?parent=48686"}],"wp:term":[{"taxonomy":"product_brand","embeddable":true,"href":"https:\/\/lustandlove.eu\/et\/wp-json\/wp\/v2\/product_brand?post=48686"},{"taxonomy":"product_cat","embeddable":true,"href":"https:\/\/lustandlove.eu\/et\/wp-json\/wp\/v2\/product_cat?post=48686"},{"taxonomy":"product_tag","embeddable":true,"href":"https:\/\/lustandlove.eu\/et\/wp-json\/wp\/v2\/product_tag?post=48686"}],"curies":[{"name":"wp","href":"https:\/\/api.w.org\/{rel}","templated":true}]}}