{"id":48706,"date":"2021-05-28T07:55:18","date_gmt":"2021-05-28T04:55:18","guid":{"rendered":"https:\/\/www.lustandlove.eu\/product\/demoniq-florence\/"},"modified":"2026-04-13T10:43:52","modified_gmt":"2026-04-13T07:43:52","slug":"demoniq-florence","status":"publish","type":"product","link":"https:\/\/lustandlove.eu\/et\/toode\/demoniq-florence\/","title":{"rendered":"Florence"},"content":{"rendered":"<p>Esimene pool r\u00f5hutab kaelajoont t\u00e4nu push-up rinnahoidjale. Florence kost\u00fc\u00fcm on v\u00e4ljapaistev nii eest kui ka tagant. Glamuurne must pits lillelise motiiviga kaunistab v\u00f5tmekohti sinu kehal: kaelajoont, pikk vertikaalne paeltega kaunistatud l\u00f5ige ees ning paelad taga, tuues t\u00e4helepanu tuharale.<\/p>\n<p>Florence kost\u00fc\u00fcm on mugav ning istub ideaalselt t\u00e4nu reguleeritavatele paeltele, 2-realisele kinnitusele taga ning materjalide elastilistele omadustele.<\/p>\n","protected":false},"excerpt":{"rendered":"<p>Kost\u00fc\u00fcm, mis tehtud 100% pehmest mustast pitsist ja delikaatsest v\u00f5rgust.<\/p>\n","protected":false},"featured_media":44190,"template":"","meta":[],"product_brand":[4202],"product_cat":[4014,1489],"product_tag":[],"class_list":{"0":"post-48706","1":"product","2":"type-product","3":"status-publish","4":"has-post-thumbnail","6":"product_brand-demoniq-et","7":"product_cat-kleidid-ja-bodied","8":"product_cat-pesu","9":"pa_brand-demoniq-et","11":"first","12":"instock","13":"taxable","14":"shipping-taxable","15":"purchasable","16":"product-type-variable"},"yoast_head":"<!-- This site is optimized with the Yoast SEO plugin v27.3 - https:\/\/yoast.com\/product\/yoast-seo-wordpress\/ -->\n<title>FLORENCE Lingerie Set by Demoniq | LUST &amp; LOVE<\/title>\n<meta name=\"description\" content=\"Kost\u00fc\u00fcm, mis tehtud 100% pehmest mustast pitsist ja delikaatsest v\u00f5rgust.\" \/>\n<meta name=\"robots\" content=\"index,follow,max-snippet:-1,max-image-preview:large,max-video-preview:-1\" \/>\n<link rel=\"canonical\" href=\"https:\/\/lustandlove.eu\/et\/toode\/demoniq-florence\/\" \/>\n<meta name=\"twitter:card\" content=\"summary_large_image\" \/>\n<meta name=\"twitter:title\" content=\"FLORENCE Lingerie Set by Demoniq | LUST &amp; LOVE\" \/>\n<meta name=\"twitter:description\" content=\"Kost\u00fc\u00fcm, mis tehtud 100% pehmest mustast pitsist ja delikaatsest v\u00f5rgust.\" \/>\n<meta name=\"twitter:image\" content=\"https:\/\/lustandlove.eu\/wp-content\/uploads\/Florense.png\" \/>\n<meta name=\"twitter:label1\" content=\"Est. reading time\" \/>\n\t<meta name=\"twitter:data1\" content=\"1 minut\" \/>\n<script type=\"application\/ld+json\" class=\"yoast-schema-graph\">{\"@context\":\"https:\\\/\\\/schema.org\",\"@graph\":[{\"@type\":[\"WebPage\",\"ItemPage\"],\"@id\":\"https:\\\/\\\/lustandlove.eu\\\/et\\\/toode\\\/demoniq-florence\\\/\",\"url\":\"https:\\\/\\\/lustandlove.eu\\\/et\\\/toode\\\/demoniq-florence\\\/\",\"name\":\"FLORENCE Lingerie Set by Demoniq | LUST & LOVE\",\"isPartOf\":{\"@id\":\"https:\\\/\\\/lustandlove.eu\\\/et\\\/#website\"},\"primaryImageOfPage\":{\"@id\":\"https:\\\/\\\/lustandlove.eu\\\/et\\\/toode\\\/demoniq-florence\\\/#primaryimage\"},\"image\":{\"@id\":\"https:\\\/\\\/lustandlove.eu\\\/et\\\/toode\\\/demoniq-florence\\\/#primaryimage\"},\"thumbnailUrl\":\"https:\\\/\\\/lustandlove.eu\\\/wp-content\\\/uploads\\\/Florense.png\",\"datePublished\":\"2021-05-28T04:55:18+00:00\",\"dateModified\":\"2026-04-13T07:43:52+00:00\",\"description\":\"Kost\u00fc\u00fcm, mis tehtud 100% pehmest mustast pitsist ja delikaatsest v\u00f5rgust.\",\"breadcrumb\":{\"@id\":\"https:\\\/\\\/lustandlove.eu\\\/et\\\/toode\\\/demoniq-florence\\\/#breadcrumb\"},\"inLanguage\":\"et\",\"potentialAction\":[{\"@type\":\"ReadAction\",\"target\":[\"https:\\\/\\\/lustandlove.eu\\\/et\\\/toode\\\/demoniq-florence\\\/\"]}]},{\"@type\":\"ImageObject\",\"inLanguage\":\"et\",\"@id\":\"https:\\\/\\\/lustandlove.eu\\\/et\\\/toode\\\/demoniq-florence\\\/#primaryimage\",\"url\":\"https:\\\/\\\/lustandlove.eu\\\/wp-content\\\/uploads\\\/Florense.png\",\"contentUrl\":\"https:\\\/\\\/lustandlove.eu\\\/wp-content\\\/uploads\\\/Florense.png\",\"width\":1025,\"height\":845},{\"@type\":\"BreadcrumbList\",\"@id\":\"https:\\\/\\\/lustandlove.eu\\\/et\\\/toode\\\/demoniq-florence\\\/#breadcrumb\",\"itemListElement\":[{\"@type\":\"ListItem\",\"position\":1,\"name\":\"Lust and Love\",\"item\":\"https:\\\/\\\/lustandlove.eu\\\/et\\\/\"},{\"@type\":\"ListItem\",\"position\":2,\"name\":\"Pood\",\"item\":\"https:\\\/\\\/lustandlove.eu\\\/et\\\/pood\\\/\"},{\"@type\":\"ListItem\",\"position\":3,\"name\":\"Pesu\",\"item\":\"https:\\\/\\\/lustandlove.eu\\\/et\\\/pood\\\/pesu\\\/\"},{\"@type\":\"ListItem\",\"position\":4,\"name\":\"Kleidid ja Bodied\",\"item\":\"https:\\\/\\\/lustandlove.eu\\\/et\\\/pood\\\/pesu\\\/kleidid-ja-bodied\\\/\"},{\"@type\":\"ListItem\",\"position\":5,\"name\":\"Florence\"}]},{\"@type\":\"WebSite\",\"@id\":\"https:\\\/\\\/lustandlove.eu\\\/et\\\/#website\",\"url\":\"https:\\\/\\\/lustandlove.eu\\\/et\\\/\",\"name\":\"Lust &amp; Love\",\"description\":\"Online erootikapood tervise, ilu ja armastuse jaoks\",\"publisher\":{\"@id\":\"https:\\\/\\\/lustandlove.eu\\\/et\\\/#organization\"},\"potentialAction\":[{\"@type\":\"SearchAction\",\"target\":{\"@type\":\"EntryPoint\",\"urlTemplate\":\"https:\\\/\\\/lustandlove.eu\\\/et\\\/?s={search_term_string}\"},\"query-input\":{\"@type\":\"PropertyValueSpecification\",\"valueRequired\":true,\"valueName\":\"search_term_string\"}}],\"inLanguage\":\"et\"},{\"@type\":\"Organization\",\"@id\":\"https:\\\/\\\/lustandlove.eu\\\/et\\\/#organization\",\"name\":\"Bioconcept Baltics O\u00dc\",\"url\":\"https:\\\/\\\/lustandlove.eu\\\/et\\\/\",\"logo\":{\"@type\":\"ImageObject\",\"inLanguage\":\"et\",\"@id\":\"https:\\\/\\\/lustandlove.eu\\\/et\\\/#\\\/schema\\\/logo\\\/image\\\/\",\"url\":\"\",\"contentUrl\":\"\",\"caption\":\"Bioconcept Baltics O\u00dc\"},\"image\":{\"@id\":\"https:\\\/\\\/lustandlove.eu\\\/et\\\/#\\\/schema\\\/logo\\\/image\\\/\"},\"sameAs\":[\"https:\\\/\\\/www.facebook.com\\\/LustandLoveEU\\\/\",\"https:\\\/\\\/www.instagram.com\\\/lustandloveeu\\\/\"]}]}<\/script>\n<!-- \/ Yoast SEO plugin. -->","yoast_head_json":{"title":"FLORENCE Lingerie Set by Demoniq | LUST & LOVE","description":"Kost\u00fc\u00fcm, mis tehtud 100% pehmest mustast pitsist ja delikaatsest v\u00f5rgust.","robots":{"index,follow,max-snippet":"index,follow,max-snippet:-1,max-image-preview:large,max-video-preview:-1"},"canonical":"https:\/\/lustandlove.eu\/et\/toode\/demoniq-florence\/","twitter_card":"summary_large_image","twitter_title":"FLORENCE Lingerie Set by Demoniq | LUST & LOVE","twitter_description":"Kost\u00fc\u00fcm, mis tehtud 100% pehmest mustast pitsist ja delikaatsest v\u00f5rgust.","twitter_image":"https:\/\/lustandlove.eu\/wp-content\/uploads\/Florense.png","twitter_misc":{"Est. reading time":"1 minut"},"schema":{"@context":"https:\/\/schema.org","@graph":[{"@type":["WebPage","ItemPage"],"@id":"https:\/\/lustandlove.eu\/et\/toode\/demoniq-florence\/","url":"https:\/\/lustandlove.eu\/et\/toode\/demoniq-florence\/","name":"FLORENCE Lingerie Set by Demoniq | LUST & LOVE","isPartOf":{"@id":"https:\/\/lustandlove.eu\/et\/#website"},"primaryImageOfPage":{"@id":"https:\/\/lustandlove.eu\/et\/toode\/demoniq-florence\/#primaryimage"},"image":{"@id":"https:\/\/lustandlove.eu\/et\/toode\/demoniq-florence\/#primaryimage"},"thumbnailUrl":"https:\/\/lustandlove.eu\/wp-content\/uploads\/Florense.png","datePublished":"2021-05-28T04:55:18+00:00","dateModified":"2026-04-13T07:43:52+00:00","description":"Kost\u00fc\u00fcm, mis tehtud 100% pehmest mustast pitsist ja delikaatsest v\u00f5rgust.","breadcrumb":{"@id":"https:\/\/lustandlove.eu\/et\/toode\/demoniq-florence\/#breadcrumb"},"inLanguage":"et","potentialAction":[{"@type":"ReadAction","target":["https:\/\/lustandlove.eu\/et\/toode\/demoniq-florence\/"]}]},{"@type":"ImageObject","inLanguage":"et","@id":"https:\/\/lustandlove.eu\/et\/toode\/demoniq-florence\/#primaryimage","url":"https:\/\/lustandlove.eu\/wp-content\/uploads\/Florense.png","contentUrl":"https:\/\/lustandlove.eu\/wp-content\/uploads\/Florense.png","width":1025,"height":845},{"@type":"BreadcrumbList","@id":"https:\/\/lustandlove.eu\/et\/toode\/demoniq-florence\/#breadcrumb","itemListElement":[{"@type":"ListItem","position":1,"name":"Lust and Love","item":"https:\/\/lustandlove.eu\/et\/"},{"@type":"ListItem","position":2,"name":"Pood","item":"https:\/\/lustandlove.eu\/et\/pood\/"},{"@type":"ListItem","position":3,"name":"Pesu","item":"https:\/\/lustandlove.eu\/et\/pood\/pesu\/"},{"@type":"ListItem","position":4,"name":"Kleidid ja Bodied","item":"https:\/\/lustandlove.eu\/et\/pood\/pesu\/kleidid-ja-bodied\/"},{"@type":"ListItem","position":5,"name":"Florence"}]},{"@type":"WebSite","@id":"https:\/\/lustandlove.eu\/et\/#website","url":"https:\/\/lustandlove.eu\/et\/","name":"Lust &amp; Love","description":"Online erootikapood tervise, ilu ja armastuse jaoks","publisher":{"@id":"https:\/\/lustandlove.eu\/et\/#organization"},"potentialAction":[{"@type":"SearchAction","target":{"@type":"EntryPoint","urlTemplate":"https:\/\/lustandlove.eu\/et\/?s={search_term_string}"},"query-input":{"@type":"PropertyValueSpecification","valueRequired":true,"valueName":"search_term_string"}}],"inLanguage":"et"},{"@type":"Organization","@id":"https:\/\/lustandlove.eu\/et\/#organization","name":"Bioconcept Baltics O\u00dc","url":"https:\/\/lustandlove.eu\/et\/","logo":{"@type":"ImageObject","inLanguage":"et","@id":"https:\/\/lustandlove.eu\/et\/#\/schema\/logo\/image\/","url":"","contentUrl":"","caption":"Bioconcept Baltics O\u00dc"},"image":{"@id":"https:\/\/lustandlove.eu\/et\/#\/schema\/logo\/image\/"},"sameAs":["https:\/\/www.facebook.com\/LustandLoveEU\/","https:\/\/www.instagram.com\/lustandloveeu\/"]}]}},"_links":{"self":[{"href":"https:\/\/lustandlove.eu\/et\/wp-json\/wp\/v2\/product\/48706","targetHints":{"allow":["GET"]}}],"collection":[{"href":"https:\/\/lustandlove.eu\/et\/wp-json\/wp\/v2\/product"}],"about":[{"href":"https:\/\/lustandlove.eu\/et\/wp-json\/wp\/v2\/types\/product"}],"wp:featuredmedia":[{"embeddable":true,"href":"https:\/\/lustandlove.eu\/et\/wp-json\/wp\/v2\/media\/44190"}],"wp:attachment":[{"href":"https:\/\/lustandlove.eu\/et\/wp-json\/wp\/v2\/media?parent=48706"}],"wp:term":[{"taxonomy":"product_brand","embeddable":true,"href":"https:\/\/lustandlove.eu\/et\/wp-json\/wp\/v2\/product_brand?post=48706"},{"taxonomy":"product_cat","embeddable":true,"href":"https:\/\/lustandlove.eu\/et\/wp-json\/wp\/v2\/product_cat?post=48706"},{"taxonomy":"product_tag","embeddable":true,"href":"https:\/\/lustandlove.eu\/et\/wp-json\/wp\/v2\/product_tag?post=48706"}],"curies":[{"name":"wp","href":"https:\/\/api.w.org\/{rel}","templated":true}]}}