{"id":48711,"date":"2021-05-28T07:52:19","date_gmt":"2021-05-28T04:52:19","guid":{"rendered":"https:\/\/www.lustandlove.eu\/product\/demoniq-yolande\/"},"modified":"2026-04-13T10:43:52","modified_gmt":"2026-04-13T07:43:52","slug":"demoniq-yolande","status":"publish","type":"product","link":"https:\/\/lustandlove.eu\/et\/toode\/demoniq-yolande\/","title":{"rendered":"Yolande"},"content":{"rendered":"<p>Komplekt sisaldab ilusat delikaatset rinnahoidjat, mille l\u00e4bipaistev v\u00f5rk paljastab rinna osaliselt ning vertikaalne l\u00f5ige r\u00f5hutav kaelajoont. Mustast pitsist tehtud detailid viivad t\u00e4helepanu alumisele osale. Ideaalne sobivus saadakse t\u00e4nu paeltele selja peal ja kaela \u00fcmber.<\/p>\n<p>K\u00f5rge v\u00e4rvliga p\u00fcksikud toovad esile kaunid puusakurvid, mis on varjatud l\u00e4bipaistva v\u00f5rguga. Paelad lisavad elegantselt \u0161iki tunde.<\/p>\n<p>Komplekti tagumine pool paneb s\u00fcdame kiiremini l\u00f6\u00f6ma. Suur osa seljast ning tagumikust on paljas, on ainult paelad, mis saab \u00fche t\u00f5mbega lahti teha. Need elemendid lisavad m\u00e4ngulisust ning \u00fcleannetust.<\/p>\n","protected":false},"excerpt":{"rendered":"<p>Yolande pesukomplekt tundub peen ja elegantne, kuni selleni kui vaadata tagumist poolt.<\/p>\n","protected":false},"featured_media":44369,"template":"","meta":[],"product_brand":[4202],"product_cat":[4016,1489],"product_tag":[1572,1571,1520,1521],"class_list":{"0":"post-48711","1":"product","2":"type-product","3":"status-publish","4":"has-post-thumbnail","6":"product_brand-demoniq-et","7":"product_cat-komplektid","8":"product_cat-pesu","9":"product_tag-esiletostetud","10":"product_tag-pesu-et","11":"product_tag-pesu","12":"product_tag-pesu-komplekt","13":"pa_brand-demoniq-et","15":"first","16":"instock","17":"taxable","18":"shipping-taxable","19":"purchasable","20":"product-type-variable"},"yoast_head":"<!-- This site is optimized with the Yoast SEO plugin v27.4 - https:\/\/yoast.com\/product\/yoast-seo-wordpress\/ -->\n<title>Yolande Sexy Lingerie Set by Demoniq | LUST &amp; LOVE<\/title>\n<meta name=\"description\" content=\"Yolande pesukomplekt tundub peen ja elegantne, kuni selleni kui vaadata tagumist poolt.\" \/>\n<meta name=\"robots\" content=\"index,follow,max-snippet:-1,max-image-preview:large,max-video-preview:-1\" \/>\n<link rel=\"canonical\" href=\"https:\/\/lustandlove.eu\/et\/toode\/demoniq-yolande\/\" \/>\n<script type=\"application\/ld+json\" class=\"yoast-schema-graph\">{\"@context\":\"https:\\\/\\\/schema.org\",\"@graph\":[{\"@type\":[\"WebPage\",\"ItemPage\"],\"@id\":\"https:\\\/\\\/lustandlove.eu\\\/et\\\/toode\\\/demoniq-yolande\\\/\",\"url\":\"https:\\\/\\\/lustandlove.eu\\\/et\\\/toode\\\/demoniq-yolande\\\/\",\"name\":\"Yolande Sexy Lingerie Set by Demoniq | LUST & LOVE\",\"isPartOf\":{\"@id\":\"https:\\\/\\\/lustandlove.eu\\\/et\\\/#website\"},\"primaryImageOfPage\":{\"@id\":\"https:\\\/\\\/lustandlove.eu\\\/et\\\/toode\\\/demoniq-yolande\\\/#primaryimage\"},\"image\":{\"@id\":\"https:\\\/\\\/lustandlove.eu\\\/et\\\/toode\\\/demoniq-yolande\\\/#primaryimage\"},\"thumbnailUrl\":\"https:\\\/\\\/lustandlove.eu\\\/wp-content\\\/uploads\\\/Yolande.png\",\"datePublished\":\"2021-05-28T04:52:19+00:00\",\"dateModified\":\"2026-04-13T07:43:52+00:00\",\"description\":\"Yolande pesukomplekt tundub peen ja elegantne, kuni selleni kui vaadata tagumist poolt.\",\"breadcrumb\":{\"@id\":\"https:\\\/\\\/lustandlove.eu\\\/et\\\/toode\\\/demoniq-yolande\\\/#breadcrumb\"},\"inLanguage\":\"et\",\"potentialAction\":[{\"@type\":\"ReadAction\",\"target\":[\"https:\\\/\\\/lustandlove.eu\\\/et\\\/toode\\\/demoniq-yolande\\\/\"]}]},{\"@type\":\"ImageObject\",\"inLanguage\":\"et\",\"@id\":\"https:\\\/\\\/lustandlove.eu\\\/et\\\/toode\\\/demoniq-yolande\\\/#primaryimage\",\"url\":\"https:\\\/\\\/lustandlove.eu\\\/wp-content\\\/uploads\\\/Yolande.png\",\"contentUrl\":\"https:\\\/\\\/lustandlove.eu\\\/wp-content\\\/uploads\\\/Yolande.png\",\"width\":691,\"height\":699},{\"@type\":\"BreadcrumbList\",\"@id\":\"https:\\\/\\\/lustandlove.eu\\\/et\\\/toode\\\/demoniq-yolande\\\/#breadcrumb\",\"itemListElement\":[{\"@type\":\"ListItem\",\"position\":1,\"name\":\"Lust and Love\",\"item\":\"https:\\\/\\\/lustandlove.eu\\\/et\\\/\"},{\"@type\":\"ListItem\",\"position\":2,\"name\":\"Pood\",\"item\":\"https:\\\/\\\/lustandlove.eu\\\/et\\\/pood\\\/\"},{\"@type\":\"ListItem\",\"position\":3,\"name\":\"Pesu\",\"item\":\"https:\\\/\\\/lustandlove.eu\\\/et\\\/pood\\\/pesu\\\/\"},{\"@type\":\"ListItem\",\"position\":4,\"name\":\"Komplektid\",\"item\":\"https:\\\/\\\/lustandlove.eu\\\/et\\\/pood\\\/pesu\\\/komplektid\\\/\"},{\"@type\":\"ListItem\",\"position\":5,\"name\":\"Yolande\"}]},{\"@type\":\"WebSite\",\"@id\":\"https:\\\/\\\/lustandlove.eu\\\/et\\\/#website\",\"url\":\"https:\\\/\\\/lustandlove.eu\\\/et\\\/\",\"name\":\"Lust & Love\",\"description\":\"Online erootikapood tervise, ilu ja armastuse jaoks\",\"publisher\":{\"@id\":\"https:\\\/\\\/lustandlove.eu\\\/et\\\/#organization\"},\"potentialAction\":[{\"@type\":\"SearchAction\",\"target\":{\"@type\":\"EntryPoint\",\"urlTemplate\":\"https:\\\/\\\/lustandlove.eu\\\/et\\\/?s={search_term_string}\"},\"query-input\":{\"@type\":\"PropertyValueSpecification\",\"valueRequired\":true,\"valueName\":\"search_term_string\"}}],\"inLanguage\":\"et\"},{\"@type\":\"Organization\",\"@id\":\"https:\\\/\\\/lustandlove.eu\\\/et\\\/#organization\",\"name\":\"Bioconcept Baltics O\u00dc\",\"url\":\"https:\\\/\\\/lustandlove.eu\\\/et\\\/\",\"logo\":{\"@type\":\"ImageObject\",\"inLanguage\":\"et\",\"@id\":\"https:\\\/\\\/lustandlove.eu\\\/et\\\/#\\\/schema\\\/logo\\\/image\\\/\",\"url\":\"https:\\\/\\\/lustandlove.eu\\\/wp-content\\\/uploads\\\/logo-full-2.png\",\"contentUrl\":\"https:\\\/\\\/lustandlove.eu\\\/wp-content\\\/uploads\\\/logo-full-2.png\",\"width\":837,\"height\":200,\"caption\":\"Bioconcept Baltics O\u00dc\"},\"image\":{\"@id\":\"https:\\\/\\\/lustandlove.eu\\\/et\\\/#\\\/schema\\\/logo\\\/image\\\/\"},\"sameAs\":[\"https:\\\/\\\/www.facebook.com\\\/LustandLoveEU\\\/\",\"https:\\\/\\\/www.instagram.com\\\/lustandloveeu\\\/\"]}]}<\/script>\n<!-- \/ Yoast SEO plugin. -->","yoast_head_json":{"title":"Yolande Sexy Lingerie Set by Demoniq | LUST & LOVE","description":"Yolande pesukomplekt tundub peen ja elegantne, kuni selleni kui vaadata tagumist poolt.","robots":{"index,follow,max-snippet":"index,follow,max-snippet:-1,max-image-preview:large,max-video-preview:-1"},"canonical":"https:\/\/lustandlove.eu\/et\/toode\/demoniq-yolande\/","schema":{"@context":"https:\/\/schema.org","@graph":[{"@type":["WebPage","ItemPage"],"@id":"https:\/\/lustandlove.eu\/et\/toode\/demoniq-yolande\/","url":"https:\/\/lustandlove.eu\/et\/toode\/demoniq-yolande\/","name":"Yolande Sexy Lingerie Set by Demoniq | LUST & LOVE","isPartOf":{"@id":"https:\/\/lustandlove.eu\/et\/#website"},"primaryImageOfPage":{"@id":"https:\/\/lustandlove.eu\/et\/toode\/demoniq-yolande\/#primaryimage"},"image":{"@id":"https:\/\/lustandlove.eu\/et\/toode\/demoniq-yolande\/#primaryimage"},"thumbnailUrl":"https:\/\/lustandlove.eu\/wp-content\/uploads\/Yolande.png","datePublished":"2021-05-28T04:52:19+00:00","dateModified":"2026-04-13T07:43:52+00:00","description":"Yolande pesukomplekt tundub peen ja elegantne, kuni selleni kui vaadata tagumist poolt.","breadcrumb":{"@id":"https:\/\/lustandlove.eu\/et\/toode\/demoniq-yolande\/#breadcrumb"},"inLanguage":"et","potentialAction":[{"@type":"ReadAction","target":["https:\/\/lustandlove.eu\/et\/toode\/demoniq-yolande\/"]}]},{"@type":"ImageObject","inLanguage":"et","@id":"https:\/\/lustandlove.eu\/et\/toode\/demoniq-yolande\/#primaryimage","url":"https:\/\/lustandlove.eu\/wp-content\/uploads\/Yolande.png","contentUrl":"https:\/\/lustandlove.eu\/wp-content\/uploads\/Yolande.png","width":691,"height":699},{"@type":"BreadcrumbList","@id":"https:\/\/lustandlove.eu\/et\/toode\/demoniq-yolande\/#breadcrumb","itemListElement":[{"@type":"ListItem","position":1,"name":"Lust and Love","item":"https:\/\/lustandlove.eu\/et\/"},{"@type":"ListItem","position":2,"name":"Pood","item":"https:\/\/lustandlove.eu\/et\/pood\/"},{"@type":"ListItem","position":3,"name":"Pesu","item":"https:\/\/lustandlove.eu\/et\/pood\/pesu\/"},{"@type":"ListItem","position":4,"name":"Komplektid","item":"https:\/\/lustandlove.eu\/et\/pood\/pesu\/komplektid\/"},{"@type":"ListItem","position":5,"name":"Yolande"}]},{"@type":"WebSite","@id":"https:\/\/lustandlove.eu\/et\/#website","url":"https:\/\/lustandlove.eu\/et\/","name":"Lust & Love","description":"Online erootikapood tervise, ilu ja armastuse jaoks","publisher":{"@id":"https:\/\/lustandlove.eu\/et\/#organization"},"potentialAction":[{"@type":"SearchAction","target":{"@type":"EntryPoint","urlTemplate":"https:\/\/lustandlove.eu\/et\/?s={search_term_string}"},"query-input":{"@type":"PropertyValueSpecification","valueRequired":true,"valueName":"search_term_string"}}],"inLanguage":"et"},{"@type":"Organization","@id":"https:\/\/lustandlove.eu\/et\/#organization","name":"Bioconcept Baltics O\u00dc","url":"https:\/\/lustandlove.eu\/et\/","logo":{"@type":"ImageObject","inLanguage":"et","@id":"https:\/\/lustandlove.eu\/et\/#\/schema\/logo\/image\/","url":"https:\/\/lustandlove.eu\/wp-content\/uploads\/logo-full-2.png","contentUrl":"https:\/\/lustandlove.eu\/wp-content\/uploads\/logo-full-2.png","width":837,"height":200,"caption":"Bioconcept Baltics O\u00dc"},"image":{"@id":"https:\/\/lustandlove.eu\/et\/#\/schema\/logo\/image\/"},"sameAs":["https:\/\/www.facebook.com\/LustandLoveEU\/","https:\/\/www.instagram.com\/lustandloveeu\/"]}]}},"_links":{"self":[{"href":"https:\/\/lustandlove.eu\/et\/wp-json\/wp\/v2\/product\/48711","targetHints":{"allow":["GET"]}}],"collection":[{"href":"https:\/\/lustandlove.eu\/et\/wp-json\/wp\/v2\/product"}],"about":[{"href":"https:\/\/lustandlove.eu\/et\/wp-json\/wp\/v2\/types\/product"}],"wp:featuredmedia":[{"embeddable":true,"href":"https:\/\/lustandlove.eu\/et\/wp-json\/wp\/v2\/media\/44369"}],"wp:attachment":[{"href":"https:\/\/lustandlove.eu\/et\/wp-json\/wp\/v2\/media?parent=48711"}],"wp:term":[{"taxonomy":"product_brand","embeddable":true,"href":"https:\/\/lustandlove.eu\/et\/wp-json\/wp\/v2\/product_brand?post=48711"},{"taxonomy":"product_cat","embeddable":true,"href":"https:\/\/lustandlove.eu\/et\/wp-json\/wp\/v2\/product_cat?post=48711"},{"taxonomy":"product_tag","embeddable":true,"href":"https:\/\/lustandlove.eu\/et\/wp-json\/wp\/v2\/product_tag?post=48711"}],"curies":[{"name":"wp","href":"https:\/\/api.w.org\/{rel}","templated":true}]}}