{"id":48718,"date":"2021-05-28T07:52:17","date_gmt":"2021-05-28T04:52:17","guid":{"rendered":"https:\/\/www.lustandlove.eu\/product\/bioskin-anaaltapp\/"},"modified":"2026-04-13T10:43:55","modified_gmt":"2026-04-13T07:43:55","slug":"bioskin-anaaltapp","status":"publish","type":"product","link":"https:\/\/lustandlove.eu\/et\/toode\/bioskin-anaaltapp\/","title":{"rendered":"Bioskin Anaaltapp"},"content":{"rendered":"<p>Gvibe j\u00f5udis uutesse k\u00f5rgustesse t\u00e4iskasvanute m\u00e4nguasjade materjalides \u2013 luues BIOSKIN\u2019i. Materjal, mis on k\u00f5ige l\u00e4hedasem inimese kehale.<\/p>\n<p>\u00d6koloogiliselt ohutu, h\u00fcpoallergeeniline, esmaklassiline\u00a0 \u201cBioskin\u2122\u201d materjal.<\/p>\n<p>Gplug Bioskin\u2122 suurus: 3,9 cm (1,54 tolli).<\/p>\n<p>Spetsiaalselt naudinguotsijatele v\u00e4lja t\u00f6\u00f6tatud.<\/p>\n<p>Anatoomilise kujuga anaallelu kauakestvaks kasutuseks. Lelu ots on eriliselt m\u00f5nus. P\u00f5hi on tasane, andes hea hoide ning v\u00f5imaldab lelu kaua kasutada. SA saad seda kasutada istudes, seistes, joostes ning sporti tehes!<\/p>\n<p>Gplug Bioskin Anaallelu sees asuvad uue generatsiooni mootorid. Tugevam vibratsioon, kuid praktiliselt ilma igasuguse helita.<\/p>\n","protected":false},"excerpt":{"rendered":"<p>V\u00f5imatu kirjeldada kui realistlik Bioskin Anaallelu m\u00e4nguasi tundub.\u00a0Revolutsiooniline Bioskin\u2122\u00a0\u2013 materjal<\/p>\n","protected":false},"featured_media":48220,"template":"","meta":[],"product_brand":[4208],"product_cat":[1491,1484],"product_tag":[1510,1507],"class_list":{"0":"post-48718","1":"product","2":"type-product","3":"status-publish","4":"has-post-thumbnail","6":"product_brand-gvibe-et","7":"product_cat-anaallelud","8":"product_cat-sekslelud","9":"product_tag-anaaltapp","10":"product_tag-bioskin-et","11":"pa_brand-gvibe-et","13":"first","14":"instock","15":"taxable","16":"shipping-taxable","17":"purchasable","18":"product-type-simple"},"yoast_head":"<!-- This site is optimized with the Yoast SEO plugin v27.3 - https:\/\/yoast.com\/product\/yoast-seo-wordpress\/ -->\n<title>Gplug Bioskin Butt Plug by Gvibe | LUST&amp;LOVE Sex Shop<\/title>\n<meta name=\"description\" content=\"V\u00f5imatu kirjeldada kui realistlik Bioskin Anaallelu m\u00e4nguasi tundub.\u00a0Revolutsiooniline Bioskin\u2122\u00a0\u2013 materjal\" \/>\n<meta name=\"robots\" content=\"index,follow,max-snippet:-1,max-image-preview:large,max-video-preview:-1\" \/>\n<link rel=\"canonical\" href=\"https:\/\/lustandlove.eu\/et\/toode\/bioskin-anaaltapp\/\" \/>\n<meta name=\"twitter:card\" content=\"summary_large_image\" \/>\n<meta name=\"twitter:title\" content=\"Gplug Bioskin Butt Plug by Gvibe | LUST&amp;LOVE Sex Shop\" \/>\n<meta name=\"twitter:description\" content=\"V\u00f5imatu kirjeldada kui realistlik Bioskin Anaallelu m\u00e4nguasi tundub.\u00a0Revolutsiooniline Bioskin\u2122\u00a0\u2013 materjal\" \/>\n<meta name=\"twitter:image\" content=\"https:\/\/lustandlove.eu\/wp-content\/uploads\/Capture.png\" \/>\n<script type=\"application\/ld+json\" class=\"yoast-schema-graph\">{\"@context\":\"https:\\\/\\\/schema.org\",\"@graph\":[{\"@type\":[\"WebPage\",\"ItemPage\"],\"@id\":\"https:\\\/\\\/lustandlove.eu\\\/et\\\/toode\\\/bioskin-anaaltapp\\\/\",\"url\":\"https:\\\/\\\/lustandlove.eu\\\/et\\\/toode\\\/bioskin-anaaltapp\\\/\",\"name\":\"Gplug Bioskin Butt Plug by Gvibe | LUST&LOVE Sex Shop\",\"isPartOf\":{\"@id\":\"https:\\\/\\\/lustandlove.eu\\\/et\\\/#website\"},\"primaryImageOfPage\":{\"@id\":\"https:\\\/\\\/lustandlove.eu\\\/et\\\/toode\\\/bioskin-anaaltapp\\\/#primaryimage\"},\"image\":{\"@id\":\"https:\\\/\\\/lustandlove.eu\\\/et\\\/toode\\\/bioskin-anaaltapp\\\/#primaryimage\"},\"thumbnailUrl\":\"https:\\\/\\\/lustandlove.eu\\\/wp-content\\\/uploads\\\/Capture.png\",\"datePublished\":\"2021-05-28T04:52:17+00:00\",\"dateModified\":\"2026-04-13T07:43:55+00:00\",\"description\":\"V\u00f5imatu kirjeldada kui realistlik Bioskin Anaallelu m\u00e4nguasi tundub.\u00a0Revolutsiooniline Bioskin\u2122\u00a0\u2013 materjal\",\"breadcrumb\":{\"@id\":\"https:\\\/\\\/lustandlove.eu\\\/et\\\/toode\\\/bioskin-anaaltapp\\\/#breadcrumb\"},\"inLanguage\":\"et\",\"potentialAction\":[{\"@type\":\"ReadAction\",\"target\":[\"https:\\\/\\\/lustandlove.eu\\\/et\\\/toode\\\/bioskin-anaaltapp\\\/\"]}]},{\"@type\":\"ImageObject\",\"inLanguage\":\"et\",\"@id\":\"https:\\\/\\\/lustandlove.eu\\\/et\\\/toode\\\/bioskin-anaaltapp\\\/#primaryimage\",\"url\":\"https:\\\/\\\/lustandlove.eu\\\/wp-content\\\/uploads\\\/Capture.png\",\"contentUrl\":\"https:\\\/\\\/lustandlove.eu\\\/wp-content\\\/uploads\\\/Capture.png\",\"width\":751,\"height\":683},{\"@type\":\"BreadcrumbList\",\"@id\":\"https:\\\/\\\/lustandlove.eu\\\/et\\\/toode\\\/bioskin-anaaltapp\\\/#breadcrumb\",\"itemListElement\":[{\"@type\":\"ListItem\",\"position\":1,\"name\":\"Lust and Love\",\"item\":\"https:\\\/\\\/lustandlove.eu\\\/et\\\/\"},{\"@type\":\"ListItem\",\"position\":2,\"name\":\"Pood\",\"item\":\"https:\\\/\\\/lustandlove.eu\\\/et\\\/pood\\\/\"},{\"@type\":\"ListItem\",\"position\":3,\"name\":\"Sekslelud\",\"item\":\"https:\\\/\\\/lustandlove.eu\\\/et\\\/pood\\\/sekslelud\\\/\"},{\"@type\":\"ListItem\",\"position\":4,\"name\":\"Anaallelud\",\"item\":\"https:\\\/\\\/lustandlove.eu\\\/et\\\/pood\\\/sekslelud\\\/anaallelud\\\/\"},{\"@type\":\"ListItem\",\"position\":5,\"name\":\"Bioskin Anaaltapp\"}]},{\"@type\":\"WebSite\",\"@id\":\"https:\\\/\\\/lustandlove.eu\\\/et\\\/#website\",\"url\":\"https:\\\/\\\/lustandlove.eu\\\/et\\\/\",\"name\":\"Lust &amp; Love\",\"description\":\"Online erootikapood tervise, ilu ja armastuse jaoks\",\"publisher\":{\"@id\":\"https:\\\/\\\/lustandlove.eu\\\/et\\\/#organization\"},\"potentialAction\":[{\"@type\":\"SearchAction\",\"target\":{\"@type\":\"EntryPoint\",\"urlTemplate\":\"https:\\\/\\\/lustandlove.eu\\\/et\\\/?s={search_term_string}\"},\"query-input\":{\"@type\":\"PropertyValueSpecification\",\"valueRequired\":true,\"valueName\":\"search_term_string\"}}],\"inLanguage\":\"et\"},{\"@type\":\"Organization\",\"@id\":\"https:\\\/\\\/lustandlove.eu\\\/et\\\/#organization\",\"name\":\"Bioconcept Baltics O\u00dc\",\"url\":\"https:\\\/\\\/lustandlove.eu\\\/et\\\/\",\"logo\":{\"@type\":\"ImageObject\",\"inLanguage\":\"et\",\"@id\":\"https:\\\/\\\/lustandlove.eu\\\/et\\\/#\\\/schema\\\/logo\\\/image\\\/\",\"url\":\"\",\"contentUrl\":\"\",\"caption\":\"Bioconcept Baltics O\u00dc\"},\"image\":{\"@id\":\"https:\\\/\\\/lustandlove.eu\\\/et\\\/#\\\/schema\\\/logo\\\/image\\\/\"},\"sameAs\":[\"https:\\\/\\\/www.facebook.com\\\/LustandLoveEU\\\/\",\"https:\\\/\\\/www.instagram.com\\\/lustandloveeu\\\/\"]}]}<\/script>\n<!-- \/ Yoast SEO plugin. -->","yoast_head_json":{"title":"Gplug Bioskin Butt Plug by Gvibe | LUST&LOVE Sex Shop","description":"V\u00f5imatu kirjeldada kui realistlik Bioskin Anaallelu m\u00e4nguasi tundub.\u00a0Revolutsiooniline Bioskin\u2122\u00a0\u2013 materjal","robots":{"index,follow,max-snippet":"index,follow,max-snippet:-1,max-image-preview:large,max-video-preview:-1"},"canonical":"https:\/\/lustandlove.eu\/et\/toode\/bioskin-anaaltapp\/","twitter_card":"summary_large_image","twitter_title":"Gplug Bioskin Butt Plug by Gvibe | LUST&LOVE Sex Shop","twitter_description":"V\u00f5imatu kirjeldada kui realistlik Bioskin Anaallelu m\u00e4nguasi tundub.\u00a0Revolutsiooniline Bioskin\u2122\u00a0\u2013 materjal","twitter_image":"https:\/\/lustandlove.eu\/wp-content\/uploads\/Capture.png","schema":{"@context":"https:\/\/schema.org","@graph":[{"@type":["WebPage","ItemPage"],"@id":"https:\/\/lustandlove.eu\/et\/toode\/bioskin-anaaltapp\/","url":"https:\/\/lustandlove.eu\/et\/toode\/bioskin-anaaltapp\/","name":"Gplug Bioskin Butt Plug by Gvibe | LUST&LOVE Sex Shop","isPartOf":{"@id":"https:\/\/lustandlove.eu\/et\/#website"},"primaryImageOfPage":{"@id":"https:\/\/lustandlove.eu\/et\/toode\/bioskin-anaaltapp\/#primaryimage"},"image":{"@id":"https:\/\/lustandlove.eu\/et\/toode\/bioskin-anaaltapp\/#primaryimage"},"thumbnailUrl":"https:\/\/lustandlove.eu\/wp-content\/uploads\/Capture.png","datePublished":"2021-05-28T04:52:17+00:00","dateModified":"2026-04-13T07:43:55+00:00","description":"V\u00f5imatu kirjeldada kui realistlik Bioskin Anaallelu m\u00e4nguasi tundub.\u00a0Revolutsiooniline Bioskin\u2122\u00a0\u2013 materjal","breadcrumb":{"@id":"https:\/\/lustandlove.eu\/et\/toode\/bioskin-anaaltapp\/#breadcrumb"},"inLanguage":"et","potentialAction":[{"@type":"ReadAction","target":["https:\/\/lustandlove.eu\/et\/toode\/bioskin-anaaltapp\/"]}]},{"@type":"ImageObject","inLanguage":"et","@id":"https:\/\/lustandlove.eu\/et\/toode\/bioskin-anaaltapp\/#primaryimage","url":"https:\/\/lustandlove.eu\/wp-content\/uploads\/Capture.png","contentUrl":"https:\/\/lustandlove.eu\/wp-content\/uploads\/Capture.png","width":751,"height":683},{"@type":"BreadcrumbList","@id":"https:\/\/lustandlove.eu\/et\/toode\/bioskin-anaaltapp\/#breadcrumb","itemListElement":[{"@type":"ListItem","position":1,"name":"Lust and Love","item":"https:\/\/lustandlove.eu\/et\/"},{"@type":"ListItem","position":2,"name":"Pood","item":"https:\/\/lustandlove.eu\/et\/pood\/"},{"@type":"ListItem","position":3,"name":"Sekslelud","item":"https:\/\/lustandlove.eu\/et\/pood\/sekslelud\/"},{"@type":"ListItem","position":4,"name":"Anaallelud","item":"https:\/\/lustandlove.eu\/et\/pood\/sekslelud\/anaallelud\/"},{"@type":"ListItem","position":5,"name":"Bioskin Anaaltapp"}]},{"@type":"WebSite","@id":"https:\/\/lustandlove.eu\/et\/#website","url":"https:\/\/lustandlove.eu\/et\/","name":"Lust &amp; Love","description":"Online erootikapood tervise, ilu ja armastuse jaoks","publisher":{"@id":"https:\/\/lustandlove.eu\/et\/#organization"},"potentialAction":[{"@type":"SearchAction","target":{"@type":"EntryPoint","urlTemplate":"https:\/\/lustandlove.eu\/et\/?s={search_term_string}"},"query-input":{"@type":"PropertyValueSpecification","valueRequired":true,"valueName":"search_term_string"}}],"inLanguage":"et"},{"@type":"Organization","@id":"https:\/\/lustandlove.eu\/et\/#organization","name":"Bioconcept Baltics O\u00dc","url":"https:\/\/lustandlove.eu\/et\/","logo":{"@type":"ImageObject","inLanguage":"et","@id":"https:\/\/lustandlove.eu\/et\/#\/schema\/logo\/image\/","url":"","contentUrl":"","caption":"Bioconcept Baltics O\u00dc"},"image":{"@id":"https:\/\/lustandlove.eu\/et\/#\/schema\/logo\/image\/"},"sameAs":["https:\/\/www.facebook.com\/LustandLoveEU\/","https:\/\/www.instagram.com\/lustandloveeu\/"]}]}},"_links":{"self":[{"href":"https:\/\/lustandlove.eu\/et\/wp-json\/wp\/v2\/product\/48718","targetHints":{"allow":["GET"]}}],"collection":[{"href":"https:\/\/lustandlove.eu\/et\/wp-json\/wp\/v2\/product"}],"about":[{"href":"https:\/\/lustandlove.eu\/et\/wp-json\/wp\/v2\/types\/product"}],"wp:featuredmedia":[{"embeddable":true,"href":"https:\/\/lustandlove.eu\/et\/wp-json\/wp\/v2\/media\/48220"}],"wp:attachment":[{"href":"https:\/\/lustandlove.eu\/et\/wp-json\/wp\/v2\/media?parent=48718"}],"wp:term":[{"taxonomy":"product_brand","embeddable":true,"href":"https:\/\/lustandlove.eu\/et\/wp-json\/wp\/v2\/product_brand?post=48718"},{"taxonomy":"product_cat","embeddable":true,"href":"https:\/\/lustandlove.eu\/et\/wp-json\/wp\/v2\/product_cat?post=48718"},{"taxonomy":"product_tag","embeddable":true,"href":"https:\/\/lustandlove.eu\/et\/wp-json\/wp\/v2\/product_tag?post=48718"}],"curies":[{"name":"wp","href":"https:\/\/api.w.org\/{rel}","templated":true}]}}