{"id":48720,"date":"2021-05-28T07:52:17","date_gmt":"2021-05-28T04:52:17","guid":{"rendered":"https:\/\/www.lustandlove.eu\/product\/gplug-twist-gvibe\/"},"modified":"2025-08-19T15:45:03","modified_gmt":"2025-08-19T12:45:03","slug":"gplug-twist-gvibe","status":"publish","type":"product","link":"https:\/\/lustandlove.eu\/et\/toode\/gplug-twist-gvibe\/","title":{"rendered":"Gplug Twist"},"content":{"rendered":"<p>Erutav keerdus kuju disainiti anaalm\u00e4ngude t\u00f5elistele asjatundjatele! See keerdub kergelt ning siseneb h\u00f5lpsalt. Sees olles, t\u00e4nu oma kaarjale kujule masseerib Twist oma iga kaarega, tuues sinuni naudingu ja vibratisooni.<\/p>\n<p>Gplug Twist sees asuvad uue generatsiooni mootorid. Tugevam vibratsioon peaaegu ilma h\u00e4\u00e4leta.<\/p>\n","protected":false},"excerpt":{"rendered":"<p>Supersile keerdudega anaallelu.<\/p>\n","protected":false},"featured_media":48231,"template":"","meta":[],"product_cat":[1484,1491],"product_tag":[1510,1507],"yoast_head":"<!-- This site is optimized with the Yoast SEO plugin v22.9 - https:\/\/yoast.com\/wordpress\/plugins\/seo\/ -->\n<title>Gplug Twist | Lust and Love Adult Toy Store<\/title>\n<meta name=\"description\" content=\"Supersile keerdudega anaallelu.\" \/>\n<meta name=\"robots\" content=\"index,follow,max-snippet:-1,max-image-preview:large,max-video-preview:-1\" \/>\n<link rel=\"canonical\" href=\"https:\/\/lustandlove.eu\/et\/toode\/gplug-twist-gvibe\/\" \/>\n<meta name=\"twitter:card\" content=\"summary_large_image\" \/>\n<meta name=\"twitter:title\" content=\"Gplug Twist | Lust and Love Adult Toy Store\" \/>\n<meta name=\"twitter:description\" content=\"Supersile keerdudega anaallelu.\" \/>\n<meta name=\"twitter:image\" content=\"https:\/\/lustandlove.eu\/wp-content\/uploads\/Capture-1.png\" \/>\n<script type=\"application\/ld+json\" class=\"yoast-schema-graph\">{\"@context\":\"https:\/\/schema.org\",\"@graph\":[{\"@type\":[\"WebPage\",\"ItemPage\"],\"@id\":\"https:\/\/lustandlove.eu\/et\/toode\/gplug-twist-gvibe\/\",\"url\":\"https:\/\/lustandlove.eu\/et\/toode\/gplug-twist-gvibe\/\",\"name\":\"Gplug Twist | Lust and Love Adult Toy Store\",\"isPartOf\":{\"@id\":\"https:\/\/lustandlove.eu\/et\/#website\"},\"primaryImageOfPage\":{\"@id\":\"https:\/\/lustandlove.eu\/et\/toode\/gplug-twist-gvibe\/#primaryimage\"},\"image\":{\"@id\":\"https:\/\/lustandlove.eu\/et\/toode\/gplug-twist-gvibe\/#primaryimage\"},\"thumbnailUrl\":\"https:\/\/lustandlove.eu\/wp-content\/uploads\/Capture-1.png\",\"datePublished\":\"2021-05-28T04:52:17+00:00\",\"dateModified\":\"2025-08-19T12:45:03+00:00\",\"description\":\"Supersile keerdudega anaallelu.\",\"breadcrumb\":{\"@id\":\"https:\/\/lustandlove.eu\/et\/toode\/gplug-twist-gvibe\/#breadcrumb\"},\"inLanguage\":\"et\",\"potentialAction\":[{\"@type\":\"ReadAction\",\"target\":[\"https:\/\/lustandlove.eu\/et\/toode\/gplug-twist-gvibe\/\"]}]},{\"@type\":\"ImageObject\",\"inLanguage\":\"et\",\"@id\":\"https:\/\/lustandlove.eu\/et\/toode\/gplug-twist-gvibe\/#primaryimage\",\"url\":\"https:\/\/lustandlove.eu\/wp-content\/uploads\/Capture-1.png\",\"contentUrl\":\"https:\/\/lustandlove.eu\/wp-content\/uploads\/Capture-1.png\",\"width\":984,\"height\":715,\"caption\":\"GPlug Twist\"},{\"@type\":\"BreadcrumbList\",\"@id\":\"https:\/\/lustandlove.eu\/et\/toode\/gplug-twist-gvibe\/#breadcrumb\",\"itemListElement\":[{\"@type\":\"ListItem\",\"position\":1,\"name\":\"Lust and Love\",\"item\":\"https:\/\/lustandlove.eu\/et\/\"},{\"@type\":\"ListItem\",\"position\":2,\"name\":\"Pood\",\"item\":\"https:\/\/lustandlove.eu\/et\/pood\/\"},{\"@type\":\"ListItem\",\"position\":3,\"name\":\"Sekslelud\",\"item\":\"https:\/\/lustandlove.eu\/et\/pood\/sekslelud\/\"},{\"@type\":\"ListItem\",\"position\":4,\"name\":\"Anaallelud\",\"item\":\"https:\/\/lustandlove.eu\/et\/pood\/sekslelud\/anaallelud\/\"},{\"@type\":\"ListItem\",\"position\":5,\"name\":\"Gplug Twist\"}]},{\"@type\":\"WebSite\",\"@id\":\"https:\/\/lustandlove.eu\/et\/#website\",\"url\":\"https:\/\/lustandlove.eu\/et\/\",\"name\":\"Lust &amp; Love\",\"description\":\"Online erootikapood tervise, ilu ja armastuse jaoks\",\"publisher\":{\"@id\":\"https:\/\/lustandlove.eu\/et\/#organization\"},\"potentialAction\":[{\"@type\":\"SearchAction\",\"target\":{\"@type\":\"EntryPoint\",\"urlTemplate\":\"https:\/\/lustandlove.eu\/et\/?s={search_term_string}\"},\"query-input\":\"required name=search_term_string\"}],\"inLanguage\":\"et\"},{\"@type\":\"Organization\",\"@id\":\"https:\/\/lustandlove.eu\/et\/#organization\",\"name\":\"Bioconcept Baltics O\u00dc\",\"url\":\"https:\/\/lustandlove.eu\/et\/\",\"logo\":{\"@type\":\"ImageObject\",\"inLanguage\":\"et\",\"@id\":\"https:\/\/lustandlove.eu\/et\/#\/schema\/logo\/image\/\",\"url\":\"\",\"contentUrl\":\"\",\"caption\":\"Bioconcept Baltics O\u00dc\"},\"image\":{\"@id\":\"https:\/\/lustandlove.eu\/et\/#\/schema\/logo\/image\/\"},\"sameAs\":[\"https:\/\/www.facebook.com\/LustandLoveEU\/\",\"https:\/\/www.instagram.com\/lustandloveeu\/\"]}]}<\/script>\n<!-- \/ Yoast SEO plugin. -->","yoast_head_json":{"title":"Gplug Twist | Lust and Love Adult Toy Store","description":"Supersile keerdudega anaallelu.","robots":{"index,follow,max-snippet":"index,follow,max-snippet:-1,max-image-preview:large,max-video-preview:-1"},"canonical":"https:\/\/lustandlove.eu\/et\/toode\/gplug-twist-gvibe\/","twitter_card":"summary_large_image","twitter_title":"Gplug Twist | Lust and Love Adult Toy Store","twitter_description":"Supersile keerdudega anaallelu.","twitter_image":"https:\/\/lustandlove.eu\/wp-content\/uploads\/Capture-1.png","schema":{"@context":"https:\/\/schema.org","@graph":[{"@type":["WebPage","ItemPage"],"@id":"https:\/\/lustandlove.eu\/et\/toode\/gplug-twist-gvibe\/","url":"https:\/\/lustandlove.eu\/et\/toode\/gplug-twist-gvibe\/","name":"Gplug Twist | Lust and Love Adult Toy Store","isPartOf":{"@id":"https:\/\/lustandlove.eu\/et\/#website"},"primaryImageOfPage":{"@id":"https:\/\/lustandlove.eu\/et\/toode\/gplug-twist-gvibe\/#primaryimage"},"image":{"@id":"https:\/\/lustandlove.eu\/et\/toode\/gplug-twist-gvibe\/#primaryimage"},"thumbnailUrl":"https:\/\/lustandlove.eu\/wp-content\/uploads\/Capture-1.png","datePublished":"2021-05-28T04:52:17+00:00","dateModified":"2025-08-19T12:45:03+00:00","description":"Supersile keerdudega anaallelu.","breadcrumb":{"@id":"https:\/\/lustandlove.eu\/et\/toode\/gplug-twist-gvibe\/#breadcrumb"},"inLanguage":"et","potentialAction":[{"@type":"ReadAction","target":["https:\/\/lustandlove.eu\/et\/toode\/gplug-twist-gvibe\/"]}]},{"@type":"ImageObject","inLanguage":"et","@id":"https:\/\/lustandlove.eu\/et\/toode\/gplug-twist-gvibe\/#primaryimage","url":"https:\/\/lustandlove.eu\/wp-content\/uploads\/Capture-1.png","contentUrl":"https:\/\/lustandlove.eu\/wp-content\/uploads\/Capture-1.png","width":984,"height":715,"caption":"GPlug Twist"},{"@type":"BreadcrumbList","@id":"https:\/\/lustandlove.eu\/et\/toode\/gplug-twist-gvibe\/#breadcrumb","itemListElement":[{"@type":"ListItem","position":1,"name":"Lust and Love","item":"https:\/\/lustandlove.eu\/et\/"},{"@type":"ListItem","position":2,"name":"Pood","item":"https:\/\/lustandlove.eu\/et\/pood\/"},{"@type":"ListItem","position":3,"name":"Sekslelud","item":"https:\/\/lustandlove.eu\/et\/pood\/sekslelud\/"},{"@type":"ListItem","position":4,"name":"Anaallelud","item":"https:\/\/lustandlove.eu\/et\/pood\/sekslelud\/anaallelud\/"},{"@type":"ListItem","position":5,"name":"Gplug Twist"}]},{"@type":"WebSite","@id":"https:\/\/lustandlove.eu\/et\/#website","url":"https:\/\/lustandlove.eu\/et\/","name":"Lust &amp; Love","description":"Online erootikapood tervise, ilu ja armastuse jaoks","publisher":{"@id":"https:\/\/lustandlove.eu\/et\/#organization"},"potentialAction":[{"@type":"SearchAction","target":{"@type":"EntryPoint","urlTemplate":"https:\/\/lustandlove.eu\/et\/?s={search_term_string}"},"query-input":"required name=search_term_string"}],"inLanguage":"et"},{"@type":"Organization","@id":"https:\/\/lustandlove.eu\/et\/#organization","name":"Bioconcept Baltics O\u00dc","url":"https:\/\/lustandlove.eu\/et\/","logo":{"@type":"ImageObject","inLanguage":"et","@id":"https:\/\/lustandlove.eu\/et\/#\/schema\/logo\/image\/","url":"","contentUrl":"","caption":"Bioconcept Baltics O\u00dc"},"image":{"@id":"https:\/\/lustandlove.eu\/et\/#\/schema\/logo\/image\/"},"sameAs":["https:\/\/www.facebook.com\/LustandLoveEU\/","https:\/\/www.instagram.com\/lustandloveeu\/"]}]}},"_links":{"self":[{"href":"https:\/\/lustandlove.eu\/et\/wp-json\/wp\/v2\/product\/48720"}],"collection":[{"href":"https:\/\/lustandlove.eu\/et\/wp-json\/wp\/v2\/product"}],"about":[{"href":"https:\/\/lustandlove.eu\/et\/wp-json\/wp\/v2\/types\/product"}],"wp:featuredmedia":[{"embeddable":true,"href":"https:\/\/lustandlove.eu\/et\/wp-json\/wp\/v2\/media\/48231"}],"wp:attachment":[{"href":"https:\/\/lustandlove.eu\/et\/wp-json\/wp\/v2\/media?parent=48720"}],"wp:term":[{"taxonomy":"product_cat","embeddable":true,"href":"https:\/\/lustandlove.eu\/et\/wp-json\/wp\/v2\/product_cat?post=48720"},{"taxonomy":"product_tag","embeddable":true,"href":"https:\/\/lustandlove.eu\/et\/wp-json\/wp\/v2\/product_tag?post=48720"}],"curies":[{"name":"wp","href":"https:\/\/api.w.org\/{rel}","templated":true}]}}