{"id":48722,"date":"2021-05-28T07:52:17","date_gmt":"2021-05-28T04:52:17","guid":{"rendered":"https:\/\/www.lustandlove.eu\/product\/geisha-magneetilised-tupekuulid\/"},"modified":"2026-04-13T10:43:54","modified_gmt":"2026-04-13T07:43:54","slug":"geisha-magneetilised-tupekuulid","status":"publish","type":"product","link":"https:\/\/lustandlove.eu\/et\/toode\/geisha-magneetilised-tupekuulid\/","title":{"rendered":"Geisha Magneetilised Tupekuulid"},"content":{"rendered":"<h3>GEISHA BALLS TUPEKUULID + LIBESTI KOMPLEKT<\/h3>\n<p>Geisha Balls 2 tupekuulid on uue generatsiooni Kegel pallikesed ja nende kasutamine on lihtne ja arusaadav. Pakis on 4 tupekuuli palli, igal pallil erinev raskus. Tupekuulidega treenimiseks on komplektis libesti. Veebaasil valmistatud Eros Medical H2O libesti hoiab naise \u00f5rna pH tasakaalu. Ilma libestita on kuulikesi raske sisestada. Libesti pudeli suurus on 50ml.<\/p>\n<p>Raseduse ja s\u00fcnnituse tagaj\u00e4rjel naise vaagnap\u00f5hjalihased venivad ja l\u00f5tvuvad. Isegi, kui naine saab lapse keisril\u00f5ikega, on tema tupelihased l\u00f5tvunud. Seks p\u00e4rast lapse saamist tundub nii mehe kui naise jaoks teistsugune. Mehe jaoks ei ole penetratsiooni enam nii tihe ja naise jaoks on tundlikkus kadunud. \u00dcht\u00e4kki oleks mehel nagu v\u00e4iksem peenis.\u00a0Saksamaal antakse naistele s\u00fcnnitushaiglast koju kaasa tupekuulid ning \u00f5petuss\u00f5nad, kui oluline on vaagnap\u00f5hjalihaste toonuse taastamine.<\/p>\n<p>Vaagnap\u00f5hjalihaste toonus ei taastu raseduseelsele tasemele iseenesest. Vastupidi! Vanusega l\u00f5tvuvad need veelgi. Tulemuseks on n\u00f5rgad orgasmid. Pensioni eas lisandub veel tilkuv p\u00f5is. Teate seda tunnet, kui eakas daam k\u00f5nnib m\u00f6\u00f6da ja tal on uriini l\u00f5hn juures? See ei tulene sellest, et ta ei pese ennast, vaid tilkuvast p\u00f5iest. Esialgu t\u00f6\u00f6tatigi tupekuulid v\u00e4lja p\u00f5iepidamatuse raviks. Uuringute k\u00e4igus avastati k\u00f5rval m\u00f5ju, et naise orgasmid muutusid v\u00f5imsamaks.<\/p>\n<h2>Soovitused Geisha Balls tupekuulid + libesti komplekt kasutamiseks:<\/h2>\n<p>Vaagnap\u00f5hjalihaste trenni idee on alustada k\u00f5ige kergematest pallidest ja siis j\u00e4rjest lisada raskust. Geisha tupekuulidega\u00a0on 5 treeningfaasi \u2013 alates 50 grammist kuni 100 grammini. P\u00e4rast seda v\u00f5ivad kogenenud kasutajad treenida \u00fcksikute pallidega, millel pole paelu k\u00fcljes. Kuulikesed sobituvad anatoomiliselt ideaalselt ja on ka kehas\u00f5bralikud \u2013 tehtud ABS-plastikust ja pael on tehtud 100% pehmest meditsiinilisest silikoonist. Tupekuulid + libesti komplekt taastab magamistoas tulev\u00e4rgi.<\/p>\n<p>Kegel kuulid aitavad v\u00e4ga h\u00e4sti valmistada ette vaagnalihaseid s\u00fcnnituseks. P\u00e4rast s\u00fcnnitust aitavad tupekuulid kiiresti taastada lihaste elastsuse ja tundlikkuse, mis tihtipeale p\u00e4rast s\u00fcnnitust kipuvad \u00e4ra kaduma. Samuti tagavad ka tugevamad vaagnap\u00f5hjalihased parema kuseteede kontrolli ning aitavad parandada tupe loomulikku libestust, mis v\u00f5ib muutuda probleemiks menopauside ajal. Lootusetud olukorrad v\u00f5ivad peagi muutuda m\u00e4lestusteks!<\/p>\n<p>Loomulikult muudavad ka treenitud tupelihased Sinu seksuaalelu: tugevamad vaagnap\u00f5hjalihased tagavad v\u00f5imsamad ning kiireminisaavutatavad orgasmid! Ka Sinu partner on Sulle t\u00e4nulik \u2013 uued stimulatsioonid ning lihaste kontraktsioonid aitavad temal j\u00f5uda uskumatute orgasmideni.<\/p>\n<p>GEISHA BALLS 2 TUPEKUULID + libesti komplekt lubavad treenida vaagnalihaseid Sulle sobivas tempos s\u00f5ltumata vanusest ja f\u00fc\u00fcsilisest seisundist. Lihtne kasutada ja v\u00e4ga mugav. Amit v\u00f5ib algselt kanda kodus igap\u00e4evaseid toimetusi tehes. Kuulid on ehitatud n\u00f5nda, et nende sees olevad raskused valmistavad liikudes lisastimulatsiooni, mis muudavad kodut\u00f6\u00f6d palju \u201el\u00f5busamaks\u201c.<\/p>\n<p lang=\"en-US\"><strong>\u00a04 erineva raskusega armukuuli: \u00a024 grammi, 34 grammi, 44 grammi ja 56 grammi.<\/strong><\/p>\n<ul>\n<li>Universaalne lahendus \u00fches komplektis \u2013 kergemad ja raskemad pallid, mida turult leiab.<\/li>\n<li>Anatoomiliselt ideaalne sobivus \u2013 l\u00e4bim\u00f5\u00f5t 30 mm-it.<\/li>\n<li>Kehas\u00f5bralik \u2013 meditsiiniline silikoon ja ABS-plastik.<\/li>\n<li>5 treeningfaasi<\/li>\n<li>Kaasas kasutajas\u00f5bralik juhend ja detailsed n\u00e4pun\u00e4ited.<\/li>\n<\/ul>\n<p>&nbsp;<\/p>\n<h2 lang=\"en-US\"><strong>Kuidas tupekuule kasutada<\/strong><\/h2>\n<p lang=\"en-US\">Kasuta palle v\u00e4hemalt 15-30 minutit p\u00e4evas. Isegi kui pallid on p\u00e4eval sees, siis samaaegselt treenivad need muskleid. Meie keha on piisavalt tark, et kui pallid on sees, siis musklid hoiavad palle loomulikult, ilma erilise vaevata. Suurenda kaalu kergematest raskemateni.\u00a0Kui oled piisavalt treeninud, siis proovi hoida palli sees ilma paelata. Suurenda raskust.<\/p>\n","protected":false},"excerpt":{"rendered":"<p>Geisha pallid \u2013 uus ja kaasaegne viis Kegeli harjutusteks.<\/p>\n","protected":false},"featured_media":48211,"template":"","meta":[],"product_brand":[4208],"product_cat":[1460,1487],"product_tag":[1572],"class_list":{"0":"post-48722","1":"product","2":"type-product","3":"status-publish","4":"has-post-thumbnail","6":"product_brand-gvibe-et","7":"product_cat-apteek","8":"product_cat-tupekuulid","9":"product_tag-esiletostetud","10":"pa_brand-gvibe-et","12":"first","13":"outofstock","14":"featured","15":"taxable","16":"shipping-taxable","17":"purchasable","18":"product-type-simple"},"yoast_head":"<!-- This site is optimized with the Yoast SEO plugin v27.4 - https:\/\/yoast.com\/product\/yoast-seo-wordpress\/ -->\n<title>Geisha Magneetilised Tupekuulid | Lust and Love<\/title>\n<meta name=\"robots\" content=\"index,follow,max-snippet:-1,max-image-preview:large,max-video-preview:-1\" \/>\n<link rel=\"canonical\" href=\"https:\/\/lustandlove.eu\/et\/toode\/geisha-magneetilised-tupekuulid\/\" \/>\n<script type=\"application\/ld+json\" class=\"yoast-schema-graph\">{\"@context\":\"https:\\\/\\\/schema.org\",\"@graph\":[{\"@type\":[\"WebPage\",\"ItemPage\"],\"@id\":\"https:\\\/\\\/lustandlove.eu\\\/et\\\/toode\\\/geisha-magneetilised-tupekuulid\\\/\",\"url\":\"https:\\\/\\\/lustandlove.eu\\\/et\\\/toode\\\/geisha-magneetilised-tupekuulid\\\/\",\"name\":\"Geisha Magneetilised Tupekuulid | Lust and Love\",\"isPartOf\":{\"@id\":\"https:\\\/\\\/lustandlove.eu\\\/et\\\/#website\"},\"primaryImageOfPage\":{\"@id\":\"https:\\\/\\\/lustandlove.eu\\\/et\\\/toode\\\/geisha-magneetilised-tupekuulid\\\/#primaryimage\"},\"image\":{\"@id\":\"https:\\\/\\\/lustandlove.eu\\\/et\\\/toode\\\/geisha-magneetilised-tupekuulid\\\/#primaryimage\"},\"thumbnailUrl\":\"https:\\\/\\\/lustandlove.eu\\\/wp-content\\\/uploads\\\/geisha-balls2-pink-960382_900x.jpg\",\"datePublished\":\"2021-05-28T04:52:17+00:00\",\"dateModified\":\"2026-04-13T07:43:54+00:00\",\"breadcrumb\":{\"@id\":\"https:\\\/\\\/lustandlove.eu\\\/et\\\/toode\\\/geisha-magneetilised-tupekuulid\\\/#breadcrumb\"},\"inLanguage\":\"et\",\"potentialAction\":[{\"@type\":\"ReadAction\",\"target\":[\"https:\\\/\\\/lustandlove.eu\\\/et\\\/toode\\\/geisha-magneetilised-tupekuulid\\\/\"]}]},{\"@type\":\"ImageObject\",\"inLanguage\":\"et\",\"@id\":\"https:\\\/\\\/lustandlove.eu\\\/et\\\/toode\\\/geisha-magneetilised-tupekuulid\\\/#primaryimage\",\"url\":\"https:\\\/\\\/lustandlove.eu\\\/wp-content\\\/uploads\\\/geisha-balls2-pink-960382_900x.jpg\",\"contentUrl\":\"https:\\\/\\\/lustandlove.eu\\\/wp-content\\\/uploads\\\/geisha-balls2-pink-960382_900x.jpg\",\"width\":800,\"height\":800,\"caption\":\"Geisha Balls 2 - Gvibe - Lust and Love\"},{\"@type\":\"BreadcrumbList\",\"@id\":\"https:\\\/\\\/lustandlove.eu\\\/et\\\/toode\\\/geisha-magneetilised-tupekuulid\\\/#breadcrumb\",\"itemListElement\":[{\"@type\":\"ListItem\",\"position\":1,\"name\":\"Lust and Love\",\"item\":\"https:\\\/\\\/lustandlove.eu\\\/et\\\/\"},{\"@type\":\"ListItem\",\"position\":2,\"name\":\"Pood\",\"item\":\"https:\\\/\\\/lustandlove.eu\\\/et\\\/pood\\\/\"},{\"@type\":\"ListItem\",\"position\":3,\"name\":\"Libestid ja kehahooldus\",\"item\":\"https:\\\/\\\/lustandlove.eu\\\/et\\\/pood\\\/apteek\\\/\"},{\"@type\":\"ListItem\",\"position\":4,\"name\":\"Tupekuulid\",\"item\":\"https:\\\/\\\/lustandlove.eu\\\/et\\\/pood\\\/apteek\\\/tupekuulid\\\/\"},{\"@type\":\"ListItem\",\"position\":5,\"name\":\"Geisha Magneetilised Tupekuulid\"}]},{\"@type\":\"WebSite\",\"@id\":\"https:\\\/\\\/lustandlove.eu\\\/et\\\/#website\",\"url\":\"https:\\\/\\\/lustandlove.eu\\\/et\\\/\",\"name\":\"Lust & Love\",\"description\":\"Online erootikapood tervise, ilu ja armastuse jaoks\",\"publisher\":{\"@id\":\"https:\\\/\\\/lustandlove.eu\\\/et\\\/#organization\"},\"potentialAction\":[{\"@type\":\"SearchAction\",\"target\":{\"@type\":\"EntryPoint\",\"urlTemplate\":\"https:\\\/\\\/lustandlove.eu\\\/et\\\/?s={search_term_string}\"},\"query-input\":{\"@type\":\"PropertyValueSpecification\",\"valueRequired\":true,\"valueName\":\"search_term_string\"}}],\"inLanguage\":\"et\"},{\"@type\":\"Organization\",\"@id\":\"https:\\\/\\\/lustandlove.eu\\\/et\\\/#organization\",\"name\":\"Bioconcept Baltics O\u00dc\",\"url\":\"https:\\\/\\\/lustandlove.eu\\\/et\\\/\",\"logo\":{\"@type\":\"ImageObject\",\"inLanguage\":\"et\",\"@id\":\"https:\\\/\\\/lustandlove.eu\\\/et\\\/#\\\/schema\\\/logo\\\/image\\\/\",\"url\":\"https:\\\/\\\/lustandlove.eu\\\/wp-content\\\/uploads\\\/logo-full-2.png\",\"contentUrl\":\"https:\\\/\\\/lustandlove.eu\\\/wp-content\\\/uploads\\\/logo-full-2.png\",\"width\":837,\"height\":200,\"caption\":\"Bioconcept Baltics O\u00dc\"},\"image\":{\"@id\":\"https:\\\/\\\/lustandlove.eu\\\/et\\\/#\\\/schema\\\/logo\\\/image\\\/\"},\"sameAs\":[\"https:\\\/\\\/www.facebook.com\\\/LustandLoveEU\\\/\",\"https:\\\/\\\/www.instagram.com\\\/lustandloveeu\\\/\"]}]}<\/script>\n<!-- \/ Yoast SEO plugin. -->","yoast_head_json":{"title":"Geisha Magneetilised Tupekuulid | Lust and Love","robots":{"index,follow,max-snippet":"index,follow,max-snippet:-1,max-image-preview:large,max-video-preview:-1"},"canonical":"https:\/\/lustandlove.eu\/et\/toode\/geisha-magneetilised-tupekuulid\/","schema":{"@context":"https:\/\/schema.org","@graph":[{"@type":["WebPage","ItemPage"],"@id":"https:\/\/lustandlove.eu\/et\/toode\/geisha-magneetilised-tupekuulid\/","url":"https:\/\/lustandlove.eu\/et\/toode\/geisha-magneetilised-tupekuulid\/","name":"Geisha Magneetilised Tupekuulid | Lust and Love","isPartOf":{"@id":"https:\/\/lustandlove.eu\/et\/#website"},"primaryImageOfPage":{"@id":"https:\/\/lustandlove.eu\/et\/toode\/geisha-magneetilised-tupekuulid\/#primaryimage"},"image":{"@id":"https:\/\/lustandlove.eu\/et\/toode\/geisha-magneetilised-tupekuulid\/#primaryimage"},"thumbnailUrl":"https:\/\/lustandlove.eu\/wp-content\/uploads\/geisha-balls2-pink-960382_900x.jpg","datePublished":"2021-05-28T04:52:17+00:00","dateModified":"2026-04-13T07:43:54+00:00","breadcrumb":{"@id":"https:\/\/lustandlove.eu\/et\/toode\/geisha-magneetilised-tupekuulid\/#breadcrumb"},"inLanguage":"et","potentialAction":[{"@type":"ReadAction","target":["https:\/\/lustandlove.eu\/et\/toode\/geisha-magneetilised-tupekuulid\/"]}]},{"@type":"ImageObject","inLanguage":"et","@id":"https:\/\/lustandlove.eu\/et\/toode\/geisha-magneetilised-tupekuulid\/#primaryimage","url":"https:\/\/lustandlove.eu\/wp-content\/uploads\/geisha-balls2-pink-960382_900x.jpg","contentUrl":"https:\/\/lustandlove.eu\/wp-content\/uploads\/geisha-balls2-pink-960382_900x.jpg","width":800,"height":800,"caption":"Geisha Balls 2 - Gvibe - Lust and Love"},{"@type":"BreadcrumbList","@id":"https:\/\/lustandlove.eu\/et\/toode\/geisha-magneetilised-tupekuulid\/#breadcrumb","itemListElement":[{"@type":"ListItem","position":1,"name":"Lust and Love","item":"https:\/\/lustandlove.eu\/et\/"},{"@type":"ListItem","position":2,"name":"Pood","item":"https:\/\/lustandlove.eu\/et\/pood\/"},{"@type":"ListItem","position":3,"name":"Libestid ja kehahooldus","item":"https:\/\/lustandlove.eu\/et\/pood\/apteek\/"},{"@type":"ListItem","position":4,"name":"Tupekuulid","item":"https:\/\/lustandlove.eu\/et\/pood\/apteek\/tupekuulid\/"},{"@type":"ListItem","position":5,"name":"Geisha Magneetilised Tupekuulid"}]},{"@type":"WebSite","@id":"https:\/\/lustandlove.eu\/et\/#website","url":"https:\/\/lustandlove.eu\/et\/","name":"Lust & Love","description":"Online erootikapood tervise, ilu ja armastuse jaoks","publisher":{"@id":"https:\/\/lustandlove.eu\/et\/#organization"},"potentialAction":[{"@type":"SearchAction","target":{"@type":"EntryPoint","urlTemplate":"https:\/\/lustandlove.eu\/et\/?s={search_term_string}"},"query-input":{"@type":"PropertyValueSpecification","valueRequired":true,"valueName":"search_term_string"}}],"inLanguage":"et"},{"@type":"Organization","@id":"https:\/\/lustandlove.eu\/et\/#organization","name":"Bioconcept Baltics O\u00dc","url":"https:\/\/lustandlove.eu\/et\/","logo":{"@type":"ImageObject","inLanguage":"et","@id":"https:\/\/lustandlove.eu\/et\/#\/schema\/logo\/image\/","url":"https:\/\/lustandlove.eu\/wp-content\/uploads\/logo-full-2.png","contentUrl":"https:\/\/lustandlove.eu\/wp-content\/uploads\/logo-full-2.png","width":837,"height":200,"caption":"Bioconcept Baltics O\u00dc"},"image":{"@id":"https:\/\/lustandlove.eu\/et\/#\/schema\/logo\/image\/"},"sameAs":["https:\/\/www.facebook.com\/LustandLoveEU\/","https:\/\/www.instagram.com\/lustandloveeu\/"]}]}},"_links":{"self":[{"href":"https:\/\/lustandlove.eu\/et\/wp-json\/wp\/v2\/product\/48722","targetHints":{"allow":["GET"]}}],"collection":[{"href":"https:\/\/lustandlove.eu\/et\/wp-json\/wp\/v2\/product"}],"about":[{"href":"https:\/\/lustandlove.eu\/et\/wp-json\/wp\/v2\/types\/product"}],"wp:featuredmedia":[{"embeddable":true,"href":"https:\/\/lustandlove.eu\/et\/wp-json\/wp\/v2\/media\/48211"}],"wp:attachment":[{"href":"https:\/\/lustandlove.eu\/et\/wp-json\/wp\/v2\/media?parent=48722"}],"wp:term":[{"taxonomy":"product_brand","embeddable":true,"href":"https:\/\/lustandlove.eu\/et\/wp-json\/wp\/v2\/product_brand?post=48722"},{"taxonomy":"product_cat","embeddable":true,"href":"https:\/\/lustandlove.eu\/et\/wp-json\/wp\/v2\/product_cat?post=48722"},{"taxonomy":"product_tag","embeddable":true,"href":"https:\/\/lustandlove.eu\/et\/wp-json\/wp\/v2\/product_tag?post=48722"}],"curies":[{"name":"wp","href":"https:\/\/api.w.org\/{rel}","templated":true}]}}