{"id":48732,"date":"2021-05-28T07:51:37","date_gmt":"2021-05-28T04:51:37","guid":{"rendered":"https:\/\/www.lustandlove.eu\/product\/gplug-vaike-anaaltapp\/"},"modified":"2025-08-19T15:45:05","modified_gmt":"2025-08-19T12:45:05","slug":"gplug-vaike-anaaltapp","status":"publish","type":"product","link":"https:\/\/lustandlove.eu\/et\/toode\/gplug-vaike-anaaltapp\/","title":{"rendered":"Gplug V\u00e4ike Anaaltapp"},"content":{"rendered":"<p>6 erineva vibratsioonire\u017eiimiga tegus Gplug Vaike stimuleerib \u00e4\u00e4rmiselt vaikselt anust, pakkudes ekstaatilisi hetki. T\u00e4nu laiemale p\u00f5hjale on liiga s\u00fcgavale libisemine v\u00e4listatud. Gplug pakub sissejuhatust anaalseksile, treeningut erogeense tsooni lihastele v\u00f5i lihtsalt l\u00f5busat m\u00e4ngu \u00fcksi olles. Olles veekindel toob Gplug sinuni nii vannis kui ka du\u0161\u0161i parimad niisked hetked.<\/p>\n<p>Gplug on saadaval ka Suurema versioonina. Oma pisut suurema diameetriga\u00a0<a href=\"https:\/\/old.lustandlove.eu\/toode\/gplug-suur\/?lang=et\">Gplug Suur<\/a>\u00a0sobib ideaalselt k\u00f5igile kogenumatele. V\u00e4ike on j\u00e4llegi sobilik k\u00f5igile alustajatele.<\/p>\n<p>NB! Gplug\u2019i tohib kasutada ainult vee-baasil p\u00f5hinevate libestitega, sest silikoon-baasil libestid v\u00f5ivad materjali kahjustada. P\u00e4rast iga kasutust loputa lelu vee ja seebiga.<\/p>\n<div class=\"wrap-b\">\n<div class=\"desc-b\">\n<h3 class=\"heading-e\">Kasutusjuhend<\/h3>\n<\/div>\n<\/div>\n<section class=\"section-b guide-start-b\">\n<div class=\"wrap-b\">\n<div class=\"guide-vibration-mode\">\n<p><strong><span class=\"smaller\">Sisse l\u00fclitamine<\/span><\/strong><\/p>\n<p class=\"text-e\">Gplug\u2019il on \u201cReisilukk\u201d v\u00e4ltimaks kogemata k\u00e4ivitamist. Sisse l\u00fclitamiseks vajuta \u201c+\u201d nuppu ning hoia kaks sekundit.<\/p>\n<p class=\"text-e\">Vibratsioonire\u017eiimi muutmiseks vajuta keskmist nuppu. Gring\u2019il on 6 vibratsioonire\u017eiimi.<\/p>\n<\/div>\n<\/div>\n<\/section>\n<section class=\"section-b guide-off-b\">\n<div class=\"wrap-b\">\n<div class=\"desc-b\">\n<p><b>V\u00e4lja l\u00fclitamine<\/b><\/p>\n<p class=\"text-e\">Gplug\u2019i v\u00e4lja l\u00fclitamiseks vajuta \u201c-\u201d nuppu ning hoia kuni seade v\u00e4lja l\u00fclitub.<\/p>\n<p><span class=\"smaller\">Gplug\u2019i on v\u00f5imalik kasutada kaugjuhtimise teel Gring\u2019i abil (m\u00fc\u00fcakse eraldi). Gring sobitub h\u00e4sti s\u00f5rme \u00fcmber mugavaks Gplug\u2019i juhtimiseks.<\/span><\/p>\n<section class=\"section-b guide-remote-control-b\">\n<section class=\"section-b guide-power-b\">\n<div class=\"wrap-b\">\n<ul class=\"text-e\">\n<li class=\"item-b\">\n<p class=\"text-e\">Sisse l\u00fclitamine ja vibratsiooni intensiivsuse suurendamine<img decoding=\"async\" title=\"\" src=\"http:\/\/gvibe.com\/wp-content\/uploads\/2016\/02\/user-guide-start.png\" alt=\"\" \/><\/p>\n<\/li>\n<li class=\"item-b\">\n<p class=\"text-e\">Vibratsiooni intensiivsuse v\u00e4hendamine \/ v\u00e4lja l\u00fclitamine:<\/p>\n<\/li>\n<li class=\"item-b\">\n<p class=\"text-e\">Vali 6 erineva re\u017eiimi vahel vajutades keskmist nuppu<\/p>\n<\/li>\n<\/ul>\n<\/div>\n<\/section>\n<\/section>\n<\/div>\n<\/div>\n<\/section>\n<section class=\"section-b guide-charging-b\">\n<div class=\"wrap-b\">\n<div class=\"desc-b\">\n<p><strong><span class=\"smaller\">Laadimine<\/span><\/strong><\/p>\n<p class=\"text-e\">\u00dchenda laadija laadimispunktiga lelu p\u00f5hjas ning teine ots arvutiga.<\/p>\n<p class=\"text-e\">Kui Gplug laeb, siis LED indikaator vilgub, kui lelu on t\u00e4ielikult laetud siis l\u00f5petab tuli vilkumise.<\/p>\n<p class=\"text-e\">Laadimise ajal nupud ei toimi ning lelu ei ole v\u00f5imalik kasutada.<\/p>\n<ul class=\"text-e\">\n<li class=\"item-b\">NB! Lelu l\u00fclitab end ise automaatselt v\u00e4lja kui aku t\u00e4ituvus on madal.<\/li>\n<li class=\"item-b\">NB! Laadimine v\u00f5tab aega umbes 1,5 h, p\u00e4rast t\u00e4ielikku laadimist suudab lelu maksimumv\u00f5imsusel t\u00f6\u00f6tada 40 minutit.<\/li>\n<\/ul>\n<\/div>\n<\/div>\n<\/section>\n","protected":false},"excerpt":{"rendered":"<p>Gplug on supersiledast materjalist 6. erineva vibratsioonire\u017eiimiga anaaltapp.<\/p>\n","protected":false},"featured_media":47175,"template":"","meta":[],"product_cat":[1484,1491],"product_tag":[1510],"yoast_head":"<!-- This site is optimized with the Yoast SEO plugin v22.9 - https:\/\/yoast.com\/wordpress\/plugins\/seo\/ -->\n<title>Gplug V\u00e4ike Anaaltapp | Lust &amp; Love Adult Toy Store<\/title>\n<meta name=\"description\" content=\"Gplug on supersiledast materjalist 6. erineva vibratsioonire\u017eiimiga anaaltapp.\" \/>\n<meta name=\"robots\" content=\"index,follow,max-snippet:-1,max-image-preview:large,max-video-preview:-1\" \/>\n<link rel=\"canonical\" href=\"https:\/\/lustandlove.eu\/et\/toode\/gplug-vaike-anaaltapp\/\" \/>\n<meta name=\"twitter:card\" content=\"summary_large_image\" \/>\n<meta name=\"twitter:title\" content=\"Gplug V\u00e4ike Anaaltapp | Lust &amp; Love Adult Toy Store\" \/>\n<meta name=\"twitter:description\" content=\"Gplug on supersiledast materjalist 6. erineva vibratsioonire\u017eiimiga anaaltapp.\" \/>\n<meta name=\"twitter:image\" content=\"https:\/\/lustandlove.eu\/wp-content\/uploads\/GVI-32417-02-01.jpg\" \/>\n<meta name=\"twitter:label1\" content=\"Est. reading time\" \/>\n\t<meta name=\"twitter:data1\" content=\"1 minut\" \/>\n<script type=\"application\/ld+json\" class=\"yoast-schema-graph\">{\"@context\":\"https:\/\/schema.org\",\"@graph\":[{\"@type\":[\"WebPage\",\"ItemPage\"],\"@id\":\"https:\/\/lustandlove.eu\/et\/toode\/gplug-vaike-anaaltapp\/\",\"url\":\"https:\/\/lustandlove.eu\/et\/toode\/gplug-vaike-anaaltapp\/\",\"name\":\"Gplug V\u00e4ike Anaaltapp | Lust & Love Adult Toy Store\",\"isPartOf\":{\"@id\":\"https:\/\/lustandlove.eu\/et\/#website\"},\"primaryImageOfPage\":{\"@id\":\"https:\/\/lustandlove.eu\/et\/toode\/gplug-vaike-anaaltapp\/#primaryimage\"},\"image\":{\"@id\":\"https:\/\/lustandlove.eu\/et\/toode\/gplug-vaike-anaaltapp\/#primaryimage\"},\"thumbnailUrl\":\"https:\/\/lustandlove.eu\/wp-content\/uploads\/GVI-32417-02-01.jpg\",\"datePublished\":\"2021-05-28T04:51:37+00:00\",\"dateModified\":\"2025-08-19T12:45:05+00:00\",\"description\":\"Gplug on supersiledast materjalist 6. erineva vibratsioonire\u017eiimiga anaaltapp.\",\"breadcrumb\":{\"@id\":\"https:\/\/lustandlove.eu\/et\/toode\/gplug-vaike-anaaltapp\/#breadcrumb\"},\"inLanguage\":\"et\",\"potentialAction\":[{\"@type\":\"ReadAction\",\"target\":[\"https:\/\/lustandlove.eu\/et\/toode\/gplug-vaike-anaaltapp\/\"]}]},{\"@type\":\"ImageObject\",\"inLanguage\":\"et\",\"@id\":\"https:\/\/lustandlove.eu\/et\/toode\/gplug-vaike-anaaltapp\/#primaryimage\",\"url\":\"https:\/\/lustandlove.eu\/wp-content\/uploads\/GVI-32417-02-01.jpg\",\"contentUrl\":\"https:\/\/lustandlove.eu\/wp-content\/uploads\/GVI-32417-02-01.jpg\",\"width\":1200,\"height\":1200},{\"@type\":\"BreadcrumbList\",\"@id\":\"https:\/\/lustandlove.eu\/et\/toode\/gplug-vaike-anaaltapp\/#breadcrumb\",\"itemListElement\":[{\"@type\":\"ListItem\",\"position\":1,\"name\":\"Lust and Love\",\"item\":\"https:\/\/lustandlove.eu\/et\/\"},{\"@type\":\"ListItem\",\"position\":2,\"name\":\"Pood\",\"item\":\"https:\/\/lustandlove.eu\/et\/pood\/\"},{\"@type\":\"ListItem\",\"position\":3,\"name\":\"Sekslelud\",\"item\":\"https:\/\/lustandlove.eu\/et\/pood\/sekslelud\/\"},{\"@type\":\"ListItem\",\"position\":4,\"name\":\"Anaallelud\",\"item\":\"https:\/\/lustandlove.eu\/et\/pood\/sekslelud\/anaallelud\/\"},{\"@type\":\"ListItem\",\"position\":5,\"name\":\"Gplug V\u00e4ike Anaaltapp\"}]},{\"@type\":\"WebSite\",\"@id\":\"https:\/\/lustandlove.eu\/et\/#website\",\"url\":\"https:\/\/lustandlove.eu\/et\/\",\"name\":\"Lust &amp; Love\",\"description\":\"Online erootikapood tervise, ilu ja armastuse jaoks\",\"publisher\":{\"@id\":\"https:\/\/lustandlove.eu\/et\/#organization\"},\"potentialAction\":[{\"@type\":\"SearchAction\",\"target\":{\"@type\":\"EntryPoint\",\"urlTemplate\":\"https:\/\/lustandlove.eu\/et\/?s={search_term_string}\"},\"query-input\":\"required name=search_term_string\"}],\"inLanguage\":\"et\"},{\"@type\":\"Organization\",\"@id\":\"https:\/\/lustandlove.eu\/et\/#organization\",\"name\":\"Bioconcept Baltics O\u00dc\",\"url\":\"https:\/\/lustandlove.eu\/et\/\",\"logo\":{\"@type\":\"ImageObject\",\"inLanguage\":\"et\",\"@id\":\"https:\/\/lustandlove.eu\/et\/#\/schema\/logo\/image\/\",\"url\":\"\",\"contentUrl\":\"\",\"caption\":\"Bioconcept Baltics O\u00dc\"},\"image\":{\"@id\":\"https:\/\/lustandlove.eu\/et\/#\/schema\/logo\/image\/\"},\"sameAs\":[\"https:\/\/www.facebook.com\/LustandLoveEU\/\",\"https:\/\/www.instagram.com\/lustandloveeu\/\"]}]}<\/script>\n<!-- \/ Yoast SEO plugin. -->","yoast_head_json":{"title":"Gplug V\u00e4ike Anaaltapp | Lust & Love Adult Toy Store","description":"Gplug on supersiledast materjalist 6. erineva vibratsioonire\u017eiimiga anaaltapp.","robots":{"index,follow,max-snippet":"index,follow,max-snippet:-1,max-image-preview:large,max-video-preview:-1"},"canonical":"https:\/\/lustandlove.eu\/et\/toode\/gplug-vaike-anaaltapp\/","twitter_card":"summary_large_image","twitter_title":"Gplug V\u00e4ike Anaaltapp | Lust & Love Adult Toy Store","twitter_description":"Gplug on supersiledast materjalist 6. erineva vibratsioonire\u017eiimiga anaaltapp.","twitter_image":"https:\/\/lustandlove.eu\/wp-content\/uploads\/GVI-32417-02-01.jpg","twitter_misc":{"Est. reading time":"1 minut"},"schema":{"@context":"https:\/\/schema.org","@graph":[{"@type":["WebPage","ItemPage"],"@id":"https:\/\/lustandlove.eu\/et\/toode\/gplug-vaike-anaaltapp\/","url":"https:\/\/lustandlove.eu\/et\/toode\/gplug-vaike-anaaltapp\/","name":"Gplug V\u00e4ike Anaaltapp | Lust & Love Adult Toy Store","isPartOf":{"@id":"https:\/\/lustandlove.eu\/et\/#website"},"primaryImageOfPage":{"@id":"https:\/\/lustandlove.eu\/et\/toode\/gplug-vaike-anaaltapp\/#primaryimage"},"image":{"@id":"https:\/\/lustandlove.eu\/et\/toode\/gplug-vaike-anaaltapp\/#primaryimage"},"thumbnailUrl":"https:\/\/lustandlove.eu\/wp-content\/uploads\/GVI-32417-02-01.jpg","datePublished":"2021-05-28T04:51:37+00:00","dateModified":"2025-08-19T12:45:05+00:00","description":"Gplug on supersiledast materjalist 6. erineva vibratsioonire\u017eiimiga anaaltapp.","breadcrumb":{"@id":"https:\/\/lustandlove.eu\/et\/toode\/gplug-vaike-anaaltapp\/#breadcrumb"},"inLanguage":"et","potentialAction":[{"@type":"ReadAction","target":["https:\/\/lustandlove.eu\/et\/toode\/gplug-vaike-anaaltapp\/"]}]},{"@type":"ImageObject","inLanguage":"et","@id":"https:\/\/lustandlove.eu\/et\/toode\/gplug-vaike-anaaltapp\/#primaryimage","url":"https:\/\/lustandlove.eu\/wp-content\/uploads\/GVI-32417-02-01.jpg","contentUrl":"https:\/\/lustandlove.eu\/wp-content\/uploads\/GVI-32417-02-01.jpg","width":1200,"height":1200},{"@type":"BreadcrumbList","@id":"https:\/\/lustandlove.eu\/et\/toode\/gplug-vaike-anaaltapp\/#breadcrumb","itemListElement":[{"@type":"ListItem","position":1,"name":"Lust and Love","item":"https:\/\/lustandlove.eu\/et\/"},{"@type":"ListItem","position":2,"name":"Pood","item":"https:\/\/lustandlove.eu\/et\/pood\/"},{"@type":"ListItem","position":3,"name":"Sekslelud","item":"https:\/\/lustandlove.eu\/et\/pood\/sekslelud\/"},{"@type":"ListItem","position":4,"name":"Anaallelud","item":"https:\/\/lustandlove.eu\/et\/pood\/sekslelud\/anaallelud\/"},{"@type":"ListItem","position":5,"name":"Gplug V\u00e4ike Anaaltapp"}]},{"@type":"WebSite","@id":"https:\/\/lustandlove.eu\/et\/#website","url":"https:\/\/lustandlove.eu\/et\/","name":"Lust &amp; Love","description":"Online erootikapood tervise, ilu ja armastuse jaoks","publisher":{"@id":"https:\/\/lustandlove.eu\/et\/#organization"},"potentialAction":[{"@type":"SearchAction","target":{"@type":"EntryPoint","urlTemplate":"https:\/\/lustandlove.eu\/et\/?s={search_term_string}"},"query-input":"required name=search_term_string"}],"inLanguage":"et"},{"@type":"Organization","@id":"https:\/\/lustandlove.eu\/et\/#organization","name":"Bioconcept Baltics O\u00dc","url":"https:\/\/lustandlove.eu\/et\/","logo":{"@type":"ImageObject","inLanguage":"et","@id":"https:\/\/lustandlove.eu\/et\/#\/schema\/logo\/image\/","url":"","contentUrl":"","caption":"Bioconcept Baltics O\u00dc"},"image":{"@id":"https:\/\/lustandlove.eu\/et\/#\/schema\/logo\/image\/"},"sameAs":["https:\/\/www.facebook.com\/LustandLoveEU\/","https:\/\/www.instagram.com\/lustandloveeu\/"]}]}},"_links":{"self":[{"href":"https:\/\/lustandlove.eu\/et\/wp-json\/wp\/v2\/product\/48732"}],"collection":[{"href":"https:\/\/lustandlove.eu\/et\/wp-json\/wp\/v2\/product"}],"about":[{"href":"https:\/\/lustandlove.eu\/et\/wp-json\/wp\/v2\/types\/product"}],"wp:featuredmedia":[{"embeddable":true,"href":"https:\/\/lustandlove.eu\/et\/wp-json\/wp\/v2\/media\/47175"}],"wp:attachment":[{"href":"https:\/\/lustandlove.eu\/et\/wp-json\/wp\/v2\/media?parent=48732"}],"wp:term":[{"taxonomy":"product_cat","embeddable":true,"href":"https:\/\/lustandlove.eu\/et\/wp-json\/wp\/v2\/product_cat?post=48732"},{"taxonomy":"product_tag","embeddable":true,"href":"https:\/\/lustandlove.eu\/et\/wp-json\/wp\/v2\/product_tag?post=48732"}],"curies":[{"name":"wp","href":"https:\/\/api.w.org\/{rel}","templated":true}]}}