{"id":48743,"date":"2021-05-28T07:50:51","date_gmt":"2021-05-28T04:50:51","guid":{"rendered":"https:\/\/www.lustandlove.eu\/product\/korvakestega-kuulvibraator\/"},"modified":"2026-04-13T10:43:57","modified_gmt":"2026-04-13T07:43:57","slug":"korvakestega-kuulvibraator","status":"publish","type":"product","link":"https:\/\/lustandlove.eu\/et\/toode\/korvakestega-kuulvibraator\/","title":{"rendered":"K\u00f5rvakestega Kuulvibraator"},"content":{"rendered":"<h4><strong>V\u00f5imsamad ja rikkalikumad sensatsioonid<\/strong><\/h4>\n<p>K\u00f5rvadega Kuulike on mootoriga, mis on seadistatud madalale sagedusele, pakkudes Je Joue\u2019le omast m\u00f5nusat madalat vibratsiooni. 5 erineva kiiruse ja 7 erineva mustriga annab lelu laia valiku vibratsioone alates kergest nurrust kuni s\u00fcgava vibratsioonini.<\/p>\n<h4>Sujuva kujuga, lihtne kasutada ning taaslaetav<\/h4>\n<ul>\n<li>T\u00e4ielikult \u00fchenduskohtadeta sile k\u00f5rvadega viimistlus.<\/li>\n<li>Uus 3 nupuga eriti lihtne kasutada juhtpaneel.<\/li>\n<li>Taaslaetab USB juhtmega.<\/li>\n<\/ul>\n<h3>Kuidas K\u00f5rvadega Kuulike T\u00f6\u00f6tab?<\/h3>\n<h4>Lelu sisse ja v\u00e4lja l\u00fclitamine ning vibratsioonimustri muutmine<\/h4>\n<p>T\u00f6\u00f6le l\u00fclitamiseks hoia \u201c+\u201d nuppu 2 sekundit all. Seej\u00e4rel vajutades + nuppu suurendab lelu vibratsiooni. Mustri muutmiseks vajuta keskmist nuppu \u201c~\u201d. \u201c-\u201d nupu vajutades vibratsiooni tugevus v\u00e4heneb.<\/p>\n<p>V\u00e4lja l\u00fclitamiseks hoia \u201c-\u201d nuppu 2 sekundit all.<\/p>\n<h4>Laadimine<\/h4>\n<p>Laadimiseks t\u00f5sta lihtsalt p\u00f5hjas olev silikoonklapike eest ning sisesta mikro USB. 1 tund laadimist annab 1,5 tundi m\u00e4nguaega. Veendu, et silikoonklapp saab peale laadimist tagasi oma kohale vajutatud, et hoida lelu veekindlana.<\/p>\n<h3>Loomingulised N\u00f5uanded<\/h3>\n<h4>V\u00f5imalik, et tegemist on k\u00f5ige nunnuma vibraatoriga, \u00fcldse.<\/h4>\n<p>Kuid \u00e4ra lase end \u00e4ra petta!<\/p>\n<p>V\u00f5imas mootor k\u00f5rvade taga pakub t\u00f5eliselt s\u00fcgavaid ja intensiivseid vibratsioone, mis viivad taevalike orgasmideni.<\/p>\n<p>K\u00f5rvade otsad vibreerivad \u00fcsna natuke, aga kui kliitor t\u00e4ielikult nende vahele asetada tunned tugevaid ja v\u00f5imsaid vibratsioone.<\/p>\n","protected":false},"excerpt":{"rendered":"<p>Pehmed ja painduvad k\u00f5rvakesed liiguvad \u00fcle kogu su keha millal iganes soovid. Aseta kliitor k\u00f5rvade vahele t\u00f5eliselt tugevateks vibratsioonideks!<\/p>\n<p>Iga\u00a0<a href=\"https:\/\/www.lustandlove.eu\/et\/pood\/?query_type_brand=or&amp;filter_brand=je-joue\">Je Joue<\/a>\u00a0toote ostuga kaasa tasuta v\u00e4ike aromaatne massaa\u017eik\u00fc\u00fcnal!<\/p>\n","protected":false},"featured_media":44283,"template":"","meta":[],"product_brand":[4211],"product_cat":[3977,3981,1484,1488],"product_tag":[4088,1515,1577,3781,3883],"class_list":{"0":"post-48743","1":"product","2":"type-product","3":"status-publish","4":"has-post-thumbnail","6":"product_brand-je-joue-et","7":"product_cat-janese","8":"product_cat-kuulvibraator","9":"product_cat-sekslelud","10":"product_cat-vibraatorid","11":"product_tag-bf30-et","12":"product_tag-bullet-vibraator","13":"product_tag-mini-vibraator","14":"product_tag-must-reede","15":"product_tag-rabbit-et","16":"pa_brand-je-joue-et","18":"first","19":"instock","20":"taxable","21":"shipping-taxable","22":"purchasable","23":"product-type-variable","24":"has-default-attributes"},"yoast_head":"<!-- This site is optimized with the Yoast SEO plugin v27.3 - https:\/\/yoast.com\/product\/yoast-seo-wordpress\/ -->\n<title>K\u00f5rvakestega Kuulvibraator Vibrator 59.00\u20ac | Lust and Love<\/title>\n<meta name=\"description\" content=\"Pehmed ja painduvad k\u00f5rvakesed liiguvad \u00fcle kogu su keha millal iganes soovid. Aseta kliitor k\u00f5rvade vahele t\u00f5eliselt tugevateks vibratsioonideks!\" \/>\n<meta name=\"robots\" content=\"index,follow,max-snippet:-1,max-image-preview:large,max-video-preview:-1\" \/>\n<link rel=\"canonical\" href=\"https:\/\/lustandlove.eu\/et\/toode\/korvakestega-kuulvibraator\/\" \/>\n<meta name=\"twitter:card\" content=\"summary_large_image\" \/>\n<meta name=\"twitter:title\" content=\"K\u00f5rvakestega Kuulvibraator Vibrator 59.00\u20ac | Lust and Love\" \/>\n<meta name=\"twitter:description\" content=\"Pehmed ja painduvad k\u00f5rvakesed liiguvad \u00fcle kogu su keha millal iganes soovid. Aseta kliitor k\u00f5rvade vahele t\u00f5eliselt tugevateks vibratsioonideks!\" \/>\n<meta name=\"twitter:image\" content=\"https:\/\/lustandlove.eu\/wp-content\/uploads\/Rabbit_Teal_Front_800x.jpg\" \/>\n<meta name=\"twitter:label1\" content=\"Est. reading time\" \/>\n\t<meta name=\"twitter:data1\" content=\"2 minutit\" \/>\n<script type=\"application\/ld+json\" class=\"yoast-schema-graph\">{\"@context\":\"https:\\\/\\\/schema.org\",\"@graph\":[{\"@type\":[\"WebPage\",\"ItemPage\"],\"@id\":\"https:\\\/\\\/lustandlove.eu\\\/et\\\/toode\\\/korvakestega-kuulvibraator\\\/\",\"url\":\"https:\\\/\\\/lustandlove.eu\\\/et\\\/toode\\\/korvakestega-kuulvibraator\\\/\",\"name\":\"K\u00f5rvakestega Kuulvibraator Vibrator 59.00\u20ac | Lust and Love\",\"isPartOf\":{\"@id\":\"https:\\\/\\\/lustandlove.eu\\\/et\\\/#website\"},\"primaryImageOfPage\":{\"@id\":\"https:\\\/\\\/lustandlove.eu\\\/et\\\/toode\\\/korvakestega-kuulvibraator\\\/#primaryimage\"},\"image\":{\"@id\":\"https:\\\/\\\/lustandlove.eu\\\/et\\\/toode\\\/korvakestega-kuulvibraator\\\/#primaryimage\"},\"thumbnailUrl\":\"https:\\\/\\\/lustandlove.eu\\\/wp-content\\\/uploads\\\/Rabbit_Teal_Front_800x.jpg\",\"datePublished\":\"2021-05-28T04:50:51+00:00\",\"dateModified\":\"2026-04-13T07:43:57+00:00\",\"description\":\"Pehmed ja painduvad k\u00f5rvakesed liiguvad \u00fcle kogu su keha millal iganes soovid. Aseta kliitor k\u00f5rvade vahele t\u00f5eliselt tugevateks vibratsioonideks!\",\"breadcrumb\":{\"@id\":\"https:\\\/\\\/lustandlove.eu\\\/et\\\/toode\\\/korvakestega-kuulvibraator\\\/#breadcrumb\"},\"inLanguage\":\"et\",\"potentialAction\":[{\"@type\":\"ReadAction\",\"target\":[\"https:\\\/\\\/lustandlove.eu\\\/et\\\/toode\\\/korvakestega-kuulvibraator\\\/\"]}]},{\"@type\":\"ImageObject\",\"inLanguage\":\"et\",\"@id\":\"https:\\\/\\\/lustandlove.eu\\\/et\\\/toode\\\/korvakestega-kuulvibraator\\\/#primaryimage\",\"url\":\"https:\\\/\\\/lustandlove.eu\\\/wp-content\\\/uploads\\\/Rabbit_Teal_Front_800x.jpg\",\"contentUrl\":\"https:\\\/\\\/lustandlove.eu\\\/wp-content\\\/uploads\\\/Rabbit_Teal_Front_800x.jpg\",\"width\":800,\"height\":800},{\"@type\":\"BreadcrumbList\",\"@id\":\"https:\\\/\\\/lustandlove.eu\\\/et\\\/toode\\\/korvakestega-kuulvibraator\\\/#breadcrumb\",\"itemListElement\":[{\"@type\":\"ListItem\",\"position\":1,\"name\":\"Lust and Love\",\"item\":\"https:\\\/\\\/lustandlove.eu\\\/et\\\/\"},{\"@type\":\"ListItem\",\"position\":2,\"name\":\"Pood\",\"item\":\"https:\\\/\\\/lustandlove.eu\\\/et\\\/pood\\\/\"},{\"@type\":\"ListItem\",\"position\":3,\"name\":\"Sekslelud\",\"item\":\"https:\\\/\\\/lustandlove.eu\\\/et\\\/pood\\\/sekslelud\\\/\"},{\"@type\":\"ListItem\",\"position\":4,\"name\":\"Vibraatorid\",\"item\":\"https:\\\/\\\/lustandlove.eu\\\/et\\\/pood\\\/sekslelud\\\/vibraatorid\\\/\"},{\"@type\":\"ListItem\",\"position\":5,\"name\":\"J\u00e4nese\",\"item\":\"https:\\\/\\\/lustandlove.eu\\\/et\\\/pood\\\/sekslelud\\\/vibraatorid\\\/janese\\\/\"},{\"@type\":\"ListItem\",\"position\":6,\"name\":\"K\u00f5rvakestega Kuulvibraator\"}]},{\"@type\":\"WebSite\",\"@id\":\"https:\\\/\\\/lustandlove.eu\\\/et\\\/#website\",\"url\":\"https:\\\/\\\/lustandlove.eu\\\/et\\\/\",\"name\":\"Lust &amp; Love\",\"description\":\"Online erootikapood tervise, ilu ja armastuse jaoks\",\"publisher\":{\"@id\":\"https:\\\/\\\/lustandlove.eu\\\/et\\\/#organization\"},\"potentialAction\":[{\"@type\":\"SearchAction\",\"target\":{\"@type\":\"EntryPoint\",\"urlTemplate\":\"https:\\\/\\\/lustandlove.eu\\\/et\\\/?s={search_term_string}\"},\"query-input\":{\"@type\":\"PropertyValueSpecification\",\"valueRequired\":true,\"valueName\":\"search_term_string\"}}],\"inLanguage\":\"et\"},{\"@type\":\"Organization\",\"@id\":\"https:\\\/\\\/lustandlove.eu\\\/et\\\/#organization\",\"name\":\"Bioconcept Baltics O\u00dc\",\"url\":\"https:\\\/\\\/lustandlove.eu\\\/et\\\/\",\"logo\":{\"@type\":\"ImageObject\",\"inLanguage\":\"et\",\"@id\":\"https:\\\/\\\/lustandlove.eu\\\/et\\\/#\\\/schema\\\/logo\\\/image\\\/\",\"url\":\"\",\"contentUrl\":\"\",\"caption\":\"Bioconcept Baltics O\u00dc\"},\"image\":{\"@id\":\"https:\\\/\\\/lustandlove.eu\\\/et\\\/#\\\/schema\\\/logo\\\/image\\\/\"},\"sameAs\":[\"https:\\\/\\\/www.facebook.com\\\/LustandLoveEU\\\/\",\"https:\\\/\\\/www.instagram.com\\\/lustandloveeu\\\/\"]}]}<\/script>\n<!-- \/ Yoast SEO plugin. -->","yoast_head_json":{"title":"K\u00f5rvakestega Kuulvibraator Vibrator 59.00\u20ac | Lust and Love","description":"Pehmed ja painduvad k\u00f5rvakesed liiguvad \u00fcle kogu su keha millal iganes soovid. Aseta kliitor k\u00f5rvade vahele t\u00f5eliselt tugevateks vibratsioonideks!","robots":{"index,follow,max-snippet":"index,follow,max-snippet:-1,max-image-preview:large,max-video-preview:-1"},"canonical":"https:\/\/lustandlove.eu\/et\/toode\/korvakestega-kuulvibraator\/","twitter_card":"summary_large_image","twitter_title":"K\u00f5rvakestega Kuulvibraator Vibrator 59.00\u20ac | Lust and Love","twitter_description":"Pehmed ja painduvad k\u00f5rvakesed liiguvad \u00fcle kogu su keha millal iganes soovid. Aseta kliitor k\u00f5rvade vahele t\u00f5eliselt tugevateks vibratsioonideks!","twitter_image":"https:\/\/lustandlove.eu\/wp-content\/uploads\/Rabbit_Teal_Front_800x.jpg","twitter_misc":{"Est. reading time":"2 minutit"},"schema":{"@context":"https:\/\/schema.org","@graph":[{"@type":["WebPage","ItemPage"],"@id":"https:\/\/lustandlove.eu\/et\/toode\/korvakestega-kuulvibraator\/","url":"https:\/\/lustandlove.eu\/et\/toode\/korvakestega-kuulvibraator\/","name":"K\u00f5rvakestega Kuulvibraator Vibrator 59.00\u20ac | Lust and Love","isPartOf":{"@id":"https:\/\/lustandlove.eu\/et\/#website"},"primaryImageOfPage":{"@id":"https:\/\/lustandlove.eu\/et\/toode\/korvakestega-kuulvibraator\/#primaryimage"},"image":{"@id":"https:\/\/lustandlove.eu\/et\/toode\/korvakestega-kuulvibraator\/#primaryimage"},"thumbnailUrl":"https:\/\/lustandlove.eu\/wp-content\/uploads\/Rabbit_Teal_Front_800x.jpg","datePublished":"2021-05-28T04:50:51+00:00","dateModified":"2026-04-13T07:43:57+00:00","description":"Pehmed ja painduvad k\u00f5rvakesed liiguvad \u00fcle kogu su keha millal iganes soovid. Aseta kliitor k\u00f5rvade vahele t\u00f5eliselt tugevateks vibratsioonideks!","breadcrumb":{"@id":"https:\/\/lustandlove.eu\/et\/toode\/korvakestega-kuulvibraator\/#breadcrumb"},"inLanguage":"et","potentialAction":[{"@type":"ReadAction","target":["https:\/\/lustandlove.eu\/et\/toode\/korvakestega-kuulvibraator\/"]}]},{"@type":"ImageObject","inLanguage":"et","@id":"https:\/\/lustandlove.eu\/et\/toode\/korvakestega-kuulvibraator\/#primaryimage","url":"https:\/\/lustandlove.eu\/wp-content\/uploads\/Rabbit_Teal_Front_800x.jpg","contentUrl":"https:\/\/lustandlove.eu\/wp-content\/uploads\/Rabbit_Teal_Front_800x.jpg","width":800,"height":800},{"@type":"BreadcrumbList","@id":"https:\/\/lustandlove.eu\/et\/toode\/korvakestega-kuulvibraator\/#breadcrumb","itemListElement":[{"@type":"ListItem","position":1,"name":"Lust and Love","item":"https:\/\/lustandlove.eu\/et\/"},{"@type":"ListItem","position":2,"name":"Pood","item":"https:\/\/lustandlove.eu\/et\/pood\/"},{"@type":"ListItem","position":3,"name":"Sekslelud","item":"https:\/\/lustandlove.eu\/et\/pood\/sekslelud\/"},{"@type":"ListItem","position":4,"name":"Vibraatorid","item":"https:\/\/lustandlove.eu\/et\/pood\/sekslelud\/vibraatorid\/"},{"@type":"ListItem","position":5,"name":"J\u00e4nese","item":"https:\/\/lustandlove.eu\/et\/pood\/sekslelud\/vibraatorid\/janese\/"},{"@type":"ListItem","position":6,"name":"K\u00f5rvakestega Kuulvibraator"}]},{"@type":"WebSite","@id":"https:\/\/lustandlove.eu\/et\/#website","url":"https:\/\/lustandlove.eu\/et\/","name":"Lust &amp; Love","description":"Online erootikapood tervise, ilu ja armastuse jaoks","publisher":{"@id":"https:\/\/lustandlove.eu\/et\/#organization"},"potentialAction":[{"@type":"SearchAction","target":{"@type":"EntryPoint","urlTemplate":"https:\/\/lustandlove.eu\/et\/?s={search_term_string}"},"query-input":{"@type":"PropertyValueSpecification","valueRequired":true,"valueName":"search_term_string"}}],"inLanguage":"et"},{"@type":"Organization","@id":"https:\/\/lustandlove.eu\/et\/#organization","name":"Bioconcept Baltics O\u00dc","url":"https:\/\/lustandlove.eu\/et\/","logo":{"@type":"ImageObject","inLanguage":"et","@id":"https:\/\/lustandlove.eu\/et\/#\/schema\/logo\/image\/","url":"","contentUrl":"","caption":"Bioconcept Baltics O\u00dc"},"image":{"@id":"https:\/\/lustandlove.eu\/et\/#\/schema\/logo\/image\/"},"sameAs":["https:\/\/www.facebook.com\/LustandLoveEU\/","https:\/\/www.instagram.com\/lustandloveeu\/"]}]}},"_links":{"self":[{"href":"https:\/\/lustandlove.eu\/et\/wp-json\/wp\/v2\/product\/48743","targetHints":{"allow":["GET"]}}],"collection":[{"href":"https:\/\/lustandlove.eu\/et\/wp-json\/wp\/v2\/product"}],"about":[{"href":"https:\/\/lustandlove.eu\/et\/wp-json\/wp\/v2\/types\/product"}],"wp:featuredmedia":[{"embeddable":true,"href":"https:\/\/lustandlove.eu\/et\/wp-json\/wp\/v2\/media\/44283"}],"wp:attachment":[{"href":"https:\/\/lustandlove.eu\/et\/wp-json\/wp\/v2\/media?parent=48743"}],"wp:term":[{"taxonomy":"product_brand","embeddable":true,"href":"https:\/\/lustandlove.eu\/et\/wp-json\/wp\/v2\/product_brand?post=48743"},{"taxonomy":"product_cat","embeddable":true,"href":"https:\/\/lustandlove.eu\/et\/wp-json\/wp\/v2\/product_cat?post=48743"},{"taxonomy":"product_tag","embeddable":true,"href":"https:\/\/lustandlove.eu\/et\/wp-json\/wp\/v2\/product_tag?post=48743"}],"curies":[{"name":"wp","href":"https:\/\/api.w.org\/{rel}","templated":true}]}}