{"id":48746,"date":"2021-05-28T07:50:51","date_gmt":"2021-05-28T04:50:51","guid":{"rendered":"https:\/\/www.lustandlove.eu\/product\/klassikaline-kuulike\/"},"modified":"2026-04-13T10:43:57","modified_gmt":"2026-04-13T07:43:57","slug":"klassikaline-kuulike","status":"publish","type":"product","link":"https:\/\/lustandlove.eu\/et\/toode\/klassikaline-kuulike\/","title":{"rendered":"Klassikaline Kuulike"},"content":{"rendered":"<h4><strong>V\u00f5imsamad ja rikkalikumad sensatsioonid<\/strong><\/h4>\n<p>Klassikaline Kuulike on mootoriga, mis on seadistatud madalale sagedusele, pakkudes Je Joue\u2019le omast m\u00f5nusat madalat vibratsiooni. 5 erineva kiiruse ja 7 erineva mustriga annab lelu laia valiku vibratsioone alates kergest nurrust kuni s\u00fcgava vibratsioonini.<\/p>\n<h4>Sujuva kujuga, lihtne kasutada ning taaslaetav<\/h4>\n<ul>\n<li>T\u00e4ielikult \u00fchenduskohtadeta sile k\u00f5rvadega viimistlus.<\/li>\n<li>Uus 3 nupuga eriti lihtne kasutada juhtpaneel.<\/li>\n<li>Taaslaetab USB juhtmega.<\/li>\n<\/ul>\n<h3>Kuidas Klassikaline Kuulike T\u00f6\u00f6tab?<\/h3>\n<h4>Lelu sisse ja v\u00e4lja l\u00fclitamine ning vibratsioonimustri muutmine<\/h4>\n<p>T\u00f6\u00f6le l\u00fclitamiseks hoia \u201c+\u201d nuppu 2 sekundit all. Seej\u00e4rel vajutades + nuppu suurendab lelu vibratsiooni. Mustri muutmiseks vajuta keskmist nuppu \u201c~\u201d. \u201c-\u201d nupu vajutades vibratsiooni tugevus v\u00e4heneb.<\/p>\n<p>V\u00e4lja l\u00fclitamiseks hoia \u201c-\u201d nuppu 2 sekundit all.<\/p>\n<h4>Laadimine<\/h4>\n<p>Laadimiseks t\u00f5sta lihtsalt p\u00f5hjas olev silikoonklapike eest ning sisesta mikro USB. 1 tund laadimist annab 1,5 tundi m\u00e4nguaega. Veendu, et silikoonklapp saab peale laadimist tagasi oma kohale vajutatud, et hoida lelu veekindlana.<\/p>\n<h3>Loomingulised N\u00f5uanded<\/h3>\n<h4>Komplektis kaasas olev s\u00f5rmevarrukas annab v\u00f5imalusi juurde kuidas oma uut lelu kasutada.<\/h4>\n<p>Varrukas v\u00f5imaldab hoida k\u00e4tt mugavamalt, ideaalne, kui soovid rohkem \u201ck\u00e4ed vabad\u201d naudingut. Libista vibraator v\u00e4iksemasse varrukasse ning partneri s\u00f5rm(ed) suuremasse.<\/p>\n<p>Hoia vibraatorit vastu nahka m\u00f5nusate vibratsioonide nautimiseks.<\/p>\n","protected":false},"excerpt":{"rendered":"<p>Sellel siidjalt pehmel klassikalisel vibraatoril on pehme silikoonist pea, et saaksid masseerida t\u00e4pselt neid kohti, mida soovid. Kaasa tuleb s\u00f5rmevarrukas andmaks rohkem \u201ck\u00e4ed vabad\u201d naudingut.<\/p>\n<p>Iga Je Joue toote ostuga kaasa tasuta v\u00e4ike aromaatne massaa\u017eik\u00fc\u00fcnal!<\/p>\n","protected":false},"featured_media":47141,"template":"","meta":[],"product_brand":[4211],"product_cat":[3981,1484,1488],"product_tag":[4088,1515,1511,3781],"class_list":{"0":"post-48746","1":"product","2":"type-product","3":"status-publish","4":"has-post-thumbnail","6":"product_brand-je-joue-et","7":"product_cat-kuulvibraator","8":"product_cat-sekslelud","9":"product_cat-vibraatorid","10":"product_tag-bf30-et","11":"product_tag-bullet-vibraator","12":"product_tag-klassikaline-vibraator","13":"product_tag-must-reede","14":"pa_brand-je-joue-et","16":"first","17":"instock","18":"taxable","19":"shipping-taxable","20":"purchasable","21":"product-type-variable"},"yoast_head":"<!-- This site is optimized with the Yoast SEO plugin v27.3 - https:\/\/yoast.com\/product\/yoast-seo-wordpress\/ -->\n<title>Klassikaline Kuulike Vibrator 59.00\u20ac | Lust and Love<\/title>\n<meta name=\"description\" content=\"Sellel siidjalt pehmel klassikalisel vibraatoril on pehme silikoonist pea, et saaksid masseerida t\u00e4pselt neid kohti, mida soovid. Kaasa tuleb s\u00f5rmevarrukas andmaks rohkem \u201ck\u00e4ed vabad\u201d naudingut.\" \/>\n<meta name=\"robots\" content=\"index,follow,max-snippet:-1,max-image-preview:large,max-video-preview:-1\" \/>\n<link rel=\"canonical\" href=\"https:\/\/lustandlove.eu\/et\/toode\/klassikaline-kuulike\/\" \/>\n<meta name=\"twitter:card\" content=\"summary_large_image\" \/>\n<meta name=\"twitter:title\" content=\"Klassikaline Kuulike Vibrator 59.00\u20ac | Lust and Love\" \/>\n<meta name=\"twitter:description\" content=\"Sellel siidjalt pehmel klassikalisel vibraatoril on pehme silikoonist pea, et saaksid masseerida t\u00e4pselt neid kohti, mida soovid. Kaasa tuleb s\u00f5rmevarrukas andmaks rohkem \u201ck\u00e4ed vabad\u201d naudingut.\" \/>\n<meta name=\"twitter:image\" content=\"https:\/\/lustandlove.eu\/wp-content\/uploads\/JJ_TEAL_CLASSIC_BULLET.jpg\" \/>\n<meta name=\"twitter:label1\" content=\"Est. reading time\" \/>\n\t<meta name=\"twitter:data1\" content=\"2 minutit\" \/>\n<script type=\"application\/ld+json\" class=\"yoast-schema-graph\">{\"@context\":\"https:\\\/\\\/schema.org\",\"@graph\":[{\"@type\":[\"WebPage\",\"ItemPage\"],\"@id\":\"https:\\\/\\\/lustandlove.eu\\\/et\\\/toode\\\/klassikaline-kuulike\\\/\",\"url\":\"https:\\\/\\\/lustandlove.eu\\\/et\\\/toode\\\/klassikaline-kuulike\\\/\",\"name\":\"Klassikaline Kuulike Vibrator 59.00\u20ac | Lust and Love\",\"isPartOf\":{\"@id\":\"https:\\\/\\\/lustandlove.eu\\\/et\\\/#website\"},\"primaryImageOfPage\":{\"@id\":\"https:\\\/\\\/lustandlove.eu\\\/et\\\/toode\\\/klassikaline-kuulike\\\/#primaryimage\"},\"image\":{\"@id\":\"https:\\\/\\\/lustandlove.eu\\\/et\\\/toode\\\/klassikaline-kuulike\\\/#primaryimage\"},\"thumbnailUrl\":\"https:\\\/\\\/lustandlove.eu\\\/wp-content\\\/uploads\\\/JJ_TEAL_CLASSIC_BULLET.jpg\",\"datePublished\":\"2021-05-28T04:50:51+00:00\",\"dateModified\":\"2026-04-13T07:43:57+00:00\",\"description\":\"Sellel siidjalt pehmel klassikalisel vibraatoril on pehme silikoonist pea, et saaksid masseerida t\u00e4pselt neid kohti, mida soovid. Kaasa tuleb s\u00f5rmevarrukas andmaks rohkem \u201ck\u00e4ed vabad\u201d naudingut.\",\"breadcrumb\":{\"@id\":\"https:\\\/\\\/lustandlove.eu\\\/et\\\/toode\\\/klassikaline-kuulike\\\/#breadcrumb\"},\"inLanguage\":\"et\",\"potentialAction\":[{\"@type\":\"ReadAction\",\"target\":[\"https:\\\/\\\/lustandlove.eu\\\/et\\\/toode\\\/klassikaline-kuulike\\\/\"]}]},{\"@type\":\"ImageObject\",\"inLanguage\":\"et\",\"@id\":\"https:\\\/\\\/lustandlove.eu\\\/et\\\/toode\\\/klassikaline-kuulike\\\/#primaryimage\",\"url\":\"https:\\\/\\\/lustandlove.eu\\\/wp-content\\\/uploads\\\/JJ_TEAL_CLASSIC_BULLET.jpg\",\"contentUrl\":\"https:\\\/\\\/lustandlove.eu\\\/wp-content\\\/uploads\\\/JJ_TEAL_CLASSIC_BULLET.jpg\",\"width\":2048,\"height\":2048},{\"@type\":\"BreadcrumbList\",\"@id\":\"https:\\\/\\\/lustandlove.eu\\\/et\\\/toode\\\/klassikaline-kuulike\\\/#breadcrumb\",\"itemListElement\":[{\"@type\":\"ListItem\",\"position\":1,\"name\":\"Lust and Love\",\"item\":\"https:\\\/\\\/lustandlove.eu\\\/et\\\/\"},{\"@type\":\"ListItem\",\"position\":2,\"name\":\"Pood\",\"item\":\"https:\\\/\\\/lustandlove.eu\\\/et\\\/pood\\\/\"},{\"@type\":\"ListItem\",\"position\":3,\"name\":\"Sekslelud\",\"item\":\"https:\\\/\\\/lustandlove.eu\\\/et\\\/pood\\\/sekslelud\\\/\"},{\"@type\":\"ListItem\",\"position\":4,\"name\":\"Vibraatorid\",\"item\":\"https:\\\/\\\/lustandlove.eu\\\/et\\\/pood\\\/sekslelud\\\/vibraatorid\\\/\"},{\"@type\":\"ListItem\",\"position\":5,\"name\":\"Kuulvibraator\",\"item\":\"https:\\\/\\\/lustandlove.eu\\\/et\\\/pood\\\/sekslelud\\\/vibraatorid\\\/kuulvibraator\\\/\"},{\"@type\":\"ListItem\",\"position\":6,\"name\":\"Klassikaline Kuulike\"}]},{\"@type\":\"WebSite\",\"@id\":\"https:\\\/\\\/lustandlove.eu\\\/et\\\/#website\",\"url\":\"https:\\\/\\\/lustandlove.eu\\\/et\\\/\",\"name\":\"Lust &amp; Love\",\"description\":\"Online erootikapood tervise, ilu ja armastuse jaoks\",\"publisher\":{\"@id\":\"https:\\\/\\\/lustandlove.eu\\\/et\\\/#organization\"},\"potentialAction\":[{\"@type\":\"SearchAction\",\"target\":{\"@type\":\"EntryPoint\",\"urlTemplate\":\"https:\\\/\\\/lustandlove.eu\\\/et\\\/?s={search_term_string}\"},\"query-input\":{\"@type\":\"PropertyValueSpecification\",\"valueRequired\":true,\"valueName\":\"search_term_string\"}}],\"inLanguage\":\"et\"},{\"@type\":\"Organization\",\"@id\":\"https:\\\/\\\/lustandlove.eu\\\/et\\\/#organization\",\"name\":\"Bioconcept Baltics O\u00dc\",\"url\":\"https:\\\/\\\/lustandlove.eu\\\/et\\\/\",\"logo\":{\"@type\":\"ImageObject\",\"inLanguage\":\"et\",\"@id\":\"https:\\\/\\\/lustandlove.eu\\\/et\\\/#\\\/schema\\\/logo\\\/image\\\/\",\"url\":\"\",\"contentUrl\":\"\",\"caption\":\"Bioconcept Baltics O\u00dc\"},\"image\":{\"@id\":\"https:\\\/\\\/lustandlove.eu\\\/et\\\/#\\\/schema\\\/logo\\\/image\\\/\"},\"sameAs\":[\"https:\\\/\\\/www.facebook.com\\\/LustandLoveEU\\\/\",\"https:\\\/\\\/www.instagram.com\\\/lustandloveeu\\\/\"]}]}<\/script>\n<!-- \/ Yoast SEO plugin. -->","yoast_head_json":{"title":"Klassikaline Kuulike Vibrator 59.00\u20ac | Lust and Love","description":"Sellel siidjalt pehmel klassikalisel vibraatoril on pehme silikoonist pea, et saaksid masseerida t\u00e4pselt neid kohti, mida soovid. Kaasa tuleb s\u00f5rmevarrukas andmaks rohkem \u201ck\u00e4ed vabad\u201d naudingut.","robots":{"index,follow,max-snippet":"index,follow,max-snippet:-1,max-image-preview:large,max-video-preview:-1"},"canonical":"https:\/\/lustandlove.eu\/et\/toode\/klassikaline-kuulike\/","twitter_card":"summary_large_image","twitter_title":"Klassikaline Kuulike Vibrator 59.00\u20ac | Lust and Love","twitter_description":"Sellel siidjalt pehmel klassikalisel vibraatoril on pehme silikoonist pea, et saaksid masseerida t\u00e4pselt neid kohti, mida soovid. Kaasa tuleb s\u00f5rmevarrukas andmaks rohkem \u201ck\u00e4ed vabad\u201d naudingut.","twitter_image":"https:\/\/lustandlove.eu\/wp-content\/uploads\/JJ_TEAL_CLASSIC_BULLET.jpg","twitter_misc":{"Est. reading time":"2 minutit"},"schema":{"@context":"https:\/\/schema.org","@graph":[{"@type":["WebPage","ItemPage"],"@id":"https:\/\/lustandlove.eu\/et\/toode\/klassikaline-kuulike\/","url":"https:\/\/lustandlove.eu\/et\/toode\/klassikaline-kuulike\/","name":"Klassikaline Kuulike Vibrator 59.00\u20ac | Lust and Love","isPartOf":{"@id":"https:\/\/lustandlove.eu\/et\/#website"},"primaryImageOfPage":{"@id":"https:\/\/lustandlove.eu\/et\/toode\/klassikaline-kuulike\/#primaryimage"},"image":{"@id":"https:\/\/lustandlove.eu\/et\/toode\/klassikaline-kuulike\/#primaryimage"},"thumbnailUrl":"https:\/\/lustandlove.eu\/wp-content\/uploads\/JJ_TEAL_CLASSIC_BULLET.jpg","datePublished":"2021-05-28T04:50:51+00:00","dateModified":"2026-04-13T07:43:57+00:00","description":"Sellel siidjalt pehmel klassikalisel vibraatoril on pehme silikoonist pea, et saaksid masseerida t\u00e4pselt neid kohti, mida soovid. Kaasa tuleb s\u00f5rmevarrukas andmaks rohkem \u201ck\u00e4ed vabad\u201d naudingut.","breadcrumb":{"@id":"https:\/\/lustandlove.eu\/et\/toode\/klassikaline-kuulike\/#breadcrumb"},"inLanguage":"et","potentialAction":[{"@type":"ReadAction","target":["https:\/\/lustandlove.eu\/et\/toode\/klassikaline-kuulike\/"]}]},{"@type":"ImageObject","inLanguage":"et","@id":"https:\/\/lustandlove.eu\/et\/toode\/klassikaline-kuulike\/#primaryimage","url":"https:\/\/lustandlove.eu\/wp-content\/uploads\/JJ_TEAL_CLASSIC_BULLET.jpg","contentUrl":"https:\/\/lustandlove.eu\/wp-content\/uploads\/JJ_TEAL_CLASSIC_BULLET.jpg","width":2048,"height":2048},{"@type":"BreadcrumbList","@id":"https:\/\/lustandlove.eu\/et\/toode\/klassikaline-kuulike\/#breadcrumb","itemListElement":[{"@type":"ListItem","position":1,"name":"Lust and Love","item":"https:\/\/lustandlove.eu\/et\/"},{"@type":"ListItem","position":2,"name":"Pood","item":"https:\/\/lustandlove.eu\/et\/pood\/"},{"@type":"ListItem","position":3,"name":"Sekslelud","item":"https:\/\/lustandlove.eu\/et\/pood\/sekslelud\/"},{"@type":"ListItem","position":4,"name":"Vibraatorid","item":"https:\/\/lustandlove.eu\/et\/pood\/sekslelud\/vibraatorid\/"},{"@type":"ListItem","position":5,"name":"Kuulvibraator","item":"https:\/\/lustandlove.eu\/et\/pood\/sekslelud\/vibraatorid\/kuulvibraator\/"},{"@type":"ListItem","position":6,"name":"Klassikaline Kuulike"}]},{"@type":"WebSite","@id":"https:\/\/lustandlove.eu\/et\/#website","url":"https:\/\/lustandlove.eu\/et\/","name":"Lust &amp; Love","description":"Online erootikapood tervise, ilu ja armastuse jaoks","publisher":{"@id":"https:\/\/lustandlove.eu\/et\/#organization"},"potentialAction":[{"@type":"SearchAction","target":{"@type":"EntryPoint","urlTemplate":"https:\/\/lustandlove.eu\/et\/?s={search_term_string}"},"query-input":{"@type":"PropertyValueSpecification","valueRequired":true,"valueName":"search_term_string"}}],"inLanguage":"et"},{"@type":"Organization","@id":"https:\/\/lustandlove.eu\/et\/#organization","name":"Bioconcept Baltics O\u00dc","url":"https:\/\/lustandlove.eu\/et\/","logo":{"@type":"ImageObject","inLanguage":"et","@id":"https:\/\/lustandlove.eu\/et\/#\/schema\/logo\/image\/","url":"","contentUrl":"","caption":"Bioconcept Baltics O\u00dc"},"image":{"@id":"https:\/\/lustandlove.eu\/et\/#\/schema\/logo\/image\/"},"sameAs":["https:\/\/www.facebook.com\/LustandLoveEU\/","https:\/\/www.instagram.com\/lustandloveeu\/"]}]}},"_links":{"self":[{"href":"https:\/\/lustandlove.eu\/et\/wp-json\/wp\/v2\/product\/48746","targetHints":{"allow":["GET"]}}],"collection":[{"href":"https:\/\/lustandlove.eu\/et\/wp-json\/wp\/v2\/product"}],"about":[{"href":"https:\/\/lustandlove.eu\/et\/wp-json\/wp\/v2\/types\/product"}],"wp:featuredmedia":[{"embeddable":true,"href":"https:\/\/lustandlove.eu\/et\/wp-json\/wp\/v2\/media\/47141"}],"wp:attachment":[{"href":"https:\/\/lustandlove.eu\/et\/wp-json\/wp\/v2\/media?parent=48746"}],"wp:term":[{"taxonomy":"product_brand","embeddable":true,"href":"https:\/\/lustandlove.eu\/et\/wp-json\/wp\/v2\/product_brand?post=48746"},{"taxonomy":"product_cat","embeddable":true,"href":"https:\/\/lustandlove.eu\/et\/wp-json\/wp\/v2\/product_cat?post=48746"},{"taxonomy":"product_tag","embeddable":true,"href":"https:\/\/lustandlove.eu\/et\/wp-json\/wp\/v2\/product_tag?post=48746"}],"curies":[{"name":"wp","href":"https:\/\/api.w.org\/{rel}","templated":true}]}}