{"id":48752,"date":"2023-05-31T07:50:51","date_gmt":"2021-05-28T04:50:51","guid":{"rendered":"https:\/\/www.lustandlove.eu\/product\/pixey-exceed-wand-13-500-rpm\/"},"modified":"2026-04-13T10:33:28","modified_gmt":"2026-04-13T07:33:28","slug":"pixey-exceed-wand-v2-14-000-rpm","status":"publish","type":"product","link":"https:\/\/lustandlove.eu\/et\/toode\/pixey-exceed-wand-v2-14-000-rpm\/","title":{"rendered":"Exceed Wand v2 14000 RPM"},"content":{"rendered":"<p>Legendi teine tulemine! Uus kompaktne Pixey Exceed v2 massaa\u017eivibraator sisaldab veelgi ekstreemsemat vibreerivat mootorit. \u00c4rge laske v\u00e4ikesel suurusel end petta, see on maailma v\u00f5imsaim massaa\u017eivibraator. Spetsiaalselt disainitud silikoonpeaga, millel on v\u00e4ikesed \u00fcmmargused mummud, et suurendada sensatsiooni veelgi!<\/p>\n<p>Pixey Exceedi on lihtne juhtida, keerates l\u00fclitusratast, seadke v\u00f5lukepp soovitud vibratsioonikiirusele, et nautida \u00fcliv\u00f5imsat massaa\u017ei mis tahes kehaosale. Sellel teisel versioonil on veidi pikem alus, nii et teil on kahe k\u00e4ega parem haare.<\/p>\n<p>Alustamiseks \u00fchendage Pixey Exceed EL-i toitejuhtme kaudu. Vaginaalseks kasutamiseks soovitame vee- v\u00f5i silikoonip\u00f5hist libestit. See imeline v\u00f5lukepp pole loodud mitte ainult \u00fcliv\u00f5imsate massaa\u017eide jaoks, vaid teid tabavad k\u00f5ige h\u00e4mmastavad orgasmid, mis j\u00e4tavad teid hingetuks!<\/p>\n<p>\u2013 Mitme kiirusega l\u00fclitusratas, kuni 14000 p\/min.<br \/>\n\u2013 Toide juhtmega (EU pistik \u2013 2,5 meetrit pikk).<br \/>\n\u2013 V\u00e4ike painduv silikoonpea v\u00e4ikeste mummudega.<\/p>\n<p>V\u00c4RV: antratsiit\/kuld<br \/>\nPEA L\u00c4BIM\u00d5\u00d5T: 45 mm<br \/>\nKOGUPIKKUS: 29,5 cm<br \/>\nKAAL: 430 gr<\/p>\n<p>Pange t\u00e4hele: t\u00e4nu \u00fcliv\u00f5imsale vibreerivale mootorile on Pixey Exceedil mitu jahutusava, \u00e4rge katke neid seadme kasutamise ajal kinni. See seade ei ole veekindel, \u00e4rge kastke seda vette, see v\u00f5ib vooluv\u00f5rku \u00fchendatuna olla v\u00e4ga ohtlik. Vee v\u00f5i m\u00e4nguasjade puhastusvahendiga saab puhastada ainult silikoonpead. Soovitame silikoonpead p\u00e4rast iga kasutuskorda m\u00e4nguasjade puhastusvahendiga puhastada.<\/p>\n","protected":false},"excerpt":{"rendered":"<p>Legendi teine tulemine! Uus kompaktne Pixey Exceed v2 massaa\u017eipulk sisaldab veelgi ekstreemsemat vibreerivat mootorit. \u00c4rge laske v\u00e4ikesel suurusel end petta, see on maailma v\u00f5imsaim massaa\u017eikepp. Spetsiaalselt disainitud silikoonpeaga, millel on v\u00e4ikesed \u00fcmmargused otsikud, et suurendada sensatsiooni veelgi!<\/p>\n","protected":false},"featured_media":85009,"template":"","meta":[],"product_brand":[4230],"product_cat":[1484,1488,1495],"product_tag":[1545],"class_list":{"0":"post-48752","1":"product","2":"type-product","3":"status-publish","4":"has-post-thumbnail","6":"product_brand-pixey-et","7":"product_cat-sekslelud","8":"product_cat-vibraatorid","9":"product_cat-wandid","10":"product_tag-wand-et","11":"pa_brand-pixey-et","13":"first","14":"instock","15":"taxable","16":"shipping-taxable","17":"purchasable","18":"product-type-simple"},"yoast_head":"<!-- This site is optimized with the Yoast SEO plugin v27.4 - https:\/\/yoast.com\/product\/yoast-seo-wordpress\/ -->\n<title>Exceed Wand v2 14000 RPM vibrator | Lust and Love<\/title>\n<meta name=\"description\" content=\"Pixey Exceed on v\u00e4ga v\u00f5imas ja lihtsasti reguleeritav wand masseerija. Pixey Exceed suudab tagada kuni 13 500 p\u00f6\u00f6ret minutis, mis on tunduvalt rohkem, kui tavalised vibraatorid pakuvad. Sellel on painduv pea, et \u00f5igetesse kohtadesse ulatuda. Reguleeritava ja keritava nupuga on v\u00f5imalik Pixey panna kas vaikselt m\u00fcrisema v\u00f5i luua maailmaraputav intensiivne kogemus. Pixey Exceedil on sisse lisatud jahutuss\u00fcsteem, t\u00e4nu millele ei l\u00e4he see kunagi liiga kuumaks, et kasutada.\" \/>\n<meta name=\"robots\" content=\"index,follow,max-snippet:-1,max-image-preview:large,max-video-preview:-1\" \/>\n<link rel=\"canonical\" href=\"https:\/\/lustandlove.eu\/et\/toode\/pixey-exceed-wand-v2-14-000-rpm\/\" \/>\n<script type=\"application\/ld+json\" class=\"yoast-schema-graph\">{\"@context\":\"https:\\\/\\\/schema.org\",\"@graph\":[{\"@type\":[\"WebPage\",\"ItemPage\"],\"@id\":\"https:\\\/\\\/lustandlove.eu\\\/et\\\/toode\\\/pixey-exceed-wand-v2-14-000-rpm\\\/\",\"url\":\"https:\\\/\\\/lustandlove.eu\\\/et\\\/toode\\\/pixey-exceed-wand-v2-14-000-rpm\\\/\",\"name\":\"Exceed Wand v2 14000 RPM vibrator | Lust and Love\",\"isPartOf\":{\"@id\":\"https:\\\/\\\/lustandlove.eu\\\/et\\\/#website\"},\"primaryImageOfPage\":{\"@id\":\"https:\\\/\\\/lustandlove.eu\\\/et\\\/toode\\\/pixey-exceed-wand-v2-14-000-rpm\\\/#primaryimage\"},\"image\":{\"@id\":\"https:\\\/\\\/lustandlove.eu\\\/et\\\/toode\\\/pixey-exceed-wand-v2-14-000-rpm\\\/#primaryimage\"},\"thumbnailUrl\":\"https:\\\/\\\/lustandlove.eu\\\/wp-content\\\/uploads\\\/122-F3200-2-02-768x768-1.png\",\"datePublished\":\"2021-05-28T04:50:51+00:00\",\"dateModified\":\"2026-04-13T07:33:28+00:00\",\"description\":\"Pixey Exceed on v\u00e4ga v\u00f5imas ja lihtsasti reguleeritav wand masseerija. Pixey Exceed suudab tagada kuni 13 500 p\u00f6\u00f6ret minutis, mis on tunduvalt rohkem, kui tavalised vibraatorid pakuvad. Sellel on painduv pea, et \u00f5igetesse kohtadesse ulatuda. Reguleeritava ja keritava nupuga on v\u00f5imalik Pixey panna kas vaikselt m\u00fcrisema v\u00f5i luua maailmaraputav intensiivne kogemus. Pixey Exceedil on sisse lisatud jahutuss\u00fcsteem, t\u00e4nu millele ei l\u00e4he see kunagi liiga kuumaks, et kasutada.\",\"breadcrumb\":{\"@id\":\"https:\\\/\\\/lustandlove.eu\\\/et\\\/toode\\\/pixey-exceed-wand-v2-14-000-rpm\\\/#breadcrumb\"},\"inLanguage\":\"et\",\"potentialAction\":[{\"@type\":\"ReadAction\",\"target\":[\"https:\\\/\\\/lustandlove.eu\\\/et\\\/toode\\\/pixey-exceed-wand-v2-14-000-rpm\\\/\"]}]},{\"@type\":\"ImageObject\",\"inLanguage\":\"et\",\"@id\":\"https:\\\/\\\/lustandlove.eu\\\/et\\\/toode\\\/pixey-exceed-wand-v2-14-000-rpm\\\/#primaryimage\",\"url\":\"https:\\\/\\\/lustandlove.eu\\\/wp-content\\\/uploads\\\/122-F3200-2-02-768x768-1.png\",\"contentUrl\":\"https:\\\/\\\/lustandlove.eu\\\/wp-content\\\/uploads\\\/122-F3200-2-02-768x768-1.png\",\"width\":768,\"height\":768,\"caption\":\"wand sexual toy\"},{\"@type\":\"BreadcrumbList\",\"@id\":\"https:\\\/\\\/lustandlove.eu\\\/et\\\/toode\\\/pixey-exceed-wand-v2-14-000-rpm\\\/#breadcrumb\",\"itemListElement\":[{\"@type\":\"ListItem\",\"position\":1,\"name\":\"Lust and Love\",\"item\":\"https:\\\/\\\/lustandlove.eu\\\/et\\\/\"},{\"@type\":\"ListItem\",\"position\":2,\"name\":\"Pood\",\"item\":\"https:\\\/\\\/lustandlove.eu\\\/et\\\/pood\\\/\"},{\"@type\":\"ListItem\",\"position\":3,\"name\":\"Sekslelud\",\"item\":\"https:\\\/\\\/lustandlove.eu\\\/et\\\/pood\\\/sekslelud\\\/\"},{\"@type\":\"ListItem\",\"position\":4,\"name\":\"Vibraatorid\",\"item\":\"https:\\\/\\\/lustandlove.eu\\\/et\\\/pood\\\/sekslelud\\\/vibraatorid\\\/\"},{\"@type\":\"ListItem\",\"position\":5,\"name\":\"Wandid\",\"item\":\"https:\\\/\\\/lustandlove.eu\\\/et\\\/pood\\\/sekslelud\\\/vibraatorid\\\/wandid\\\/\"},{\"@type\":\"ListItem\",\"position\":6,\"name\":\"Exceed Wand v2 14000 RPM\"}]},{\"@type\":\"WebSite\",\"@id\":\"https:\\\/\\\/lustandlove.eu\\\/et\\\/#website\",\"url\":\"https:\\\/\\\/lustandlove.eu\\\/et\\\/\",\"name\":\"Lust & Love\",\"description\":\"Online erootikapood tervise, ilu ja armastuse jaoks\",\"publisher\":{\"@id\":\"https:\\\/\\\/lustandlove.eu\\\/et\\\/#organization\"},\"potentialAction\":[{\"@type\":\"SearchAction\",\"target\":{\"@type\":\"EntryPoint\",\"urlTemplate\":\"https:\\\/\\\/lustandlove.eu\\\/et\\\/?s={search_term_string}\"},\"query-input\":{\"@type\":\"PropertyValueSpecification\",\"valueRequired\":true,\"valueName\":\"search_term_string\"}}],\"inLanguage\":\"et\"},{\"@type\":\"Organization\",\"@id\":\"https:\\\/\\\/lustandlove.eu\\\/et\\\/#organization\",\"name\":\"Bioconcept Baltics O\u00dc\",\"url\":\"https:\\\/\\\/lustandlove.eu\\\/et\\\/\",\"logo\":{\"@type\":\"ImageObject\",\"inLanguage\":\"et\",\"@id\":\"https:\\\/\\\/lustandlove.eu\\\/et\\\/#\\\/schema\\\/logo\\\/image\\\/\",\"url\":\"https:\\\/\\\/lustandlove.eu\\\/wp-content\\\/uploads\\\/logo-full-2.png\",\"contentUrl\":\"https:\\\/\\\/lustandlove.eu\\\/wp-content\\\/uploads\\\/logo-full-2.png\",\"width\":837,\"height\":200,\"caption\":\"Bioconcept Baltics O\u00dc\"},\"image\":{\"@id\":\"https:\\\/\\\/lustandlove.eu\\\/et\\\/#\\\/schema\\\/logo\\\/image\\\/\"},\"sameAs\":[\"https:\\\/\\\/www.facebook.com\\\/LustandLoveEU\\\/\",\"https:\\\/\\\/www.instagram.com\\\/lustandloveeu\\\/\"]}]}<\/script>\n<!-- \/ Yoast SEO plugin. -->","yoast_head_json":{"title":"Exceed Wand v2 14000 RPM vibrator | Lust and Love","description":"Pixey Exceed on v\u00e4ga v\u00f5imas ja lihtsasti reguleeritav wand masseerija. Pixey Exceed suudab tagada kuni 13 500 p\u00f6\u00f6ret minutis, mis on tunduvalt rohkem, kui tavalised vibraatorid pakuvad. Sellel on painduv pea, et \u00f5igetesse kohtadesse ulatuda. Reguleeritava ja keritava nupuga on v\u00f5imalik Pixey panna kas vaikselt m\u00fcrisema v\u00f5i luua maailmaraputav intensiivne kogemus. Pixey Exceedil on sisse lisatud jahutuss\u00fcsteem, t\u00e4nu millele ei l\u00e4he see kunagi liiga kuumaks, et kasutada.","robots":{"index,follow,max-snippet":"index,follow,max-snippet:-1,max-image-preview:large,max-video-preview:-1"},"canonical":"https:\/\/lustandlove.eu\/et\/toode\/pixey-exceed-wand-v2-14-000-rpm\/","schema":{"@context":"https:\/\/schema.org","@graph":[{"@type":["WebPage","ItemPage"],"@id":"https:\/\/lustandlove.eu\/et\/toode\/pixey-exceed-wand-v2-14-000-rpm\/","url":"https:\/\/lustandlove.eu\/et\/toode\/pixey-exceed-wand-v2-14-000-rpm\/","name":"Exceed Wand v2 14000 RPM vibrator | Lust and Love","isPartOf":{"@id":"https:\/\/lustandlove.eu\/et\/#website"},"primaryImageOfPage":{"@id":"https:\/\/lustandlove.eu\/et\/toode\/pixey-exceed-wand-v2-14-000-rpm\/#primaryimage"},"image":{"@id":"https:\/\/lustandlove.eu\/et\/toode\/pixey-exceed-wand-v2-14-000-rpm\/#primaryimage"},"thumbnailUrl":"https:\/\/lustandlove.eu\/wp-content\/uploads\/122-F3200-2-02-768x768-1.png","datePublished":"2021-05-28T04:50:51+00:00","dateModified":"2026-04-13T07:33:28+00:00","description":"Pixey Exceed on v\u00e4ga v\u00f5imas ja lihtsasti reguleeritav wand masseerija. Pixey Exceed suudab tagada kuni 13 500 p\u00f6\u00f6ret minutis, mis on tunduvalt rohkem, kui tavalised vibraatorid pakuvad. Sellel on painduv pea, et \u00f5igetesse kohtadesse ulatuda. Reguleeritava ja keritava nupuga on v\u00f5imalik Pixey panna kas vaikselt m\u00fcrisema v\u00f5i luua maailmaraputav intensiivne kogemus. Pixey Exceedil on sisse lisatud jahutuss\u00fcsteem, t\u00e4nu millele ei l\u00e4he see kunagi liiga kuumaks, et kasutada.","breadcrumb":{"@id":"https:\/\/lustandlove.eu\/et\/toode\/pixey-exceed-wand-v2-14-000-rpm\/#breadcrumb"},"inLanguage":"et","potentialAction":[{"@type":"ReadAction","target":["https:\/\/lustandlove.eu\/et\/toode\/pixey-exceed-wand-v2-14-000-rpm\/"]}]},{"@type":"ImageObject","inLanguage":"et","@id":"https:\/\/lustandlove.eu\/et\/toode\/pixey-exceed-wand-v2-14-000-rpm\/#primaryimage","url":"https:\/\/lustandlove.eu\/wp-content\/uploads\/122-F3200-2-02-768x768-1.png","contentUrl":"https:\/\/lustandlove.eu\/wp-content\/uploads\/122-F3200-2-02-768x768-1.png","width":768,"height":768,"caption":"wand sexual toy"},{"@type":"BreadcrumbList","@id":"https:\/\/lustandlove.eu\/et\/toode\/pixey-exceed-wand-v2-14-000-rpm\/#breadcrumb","itemListElement":[{"@type":"ListItem","position":1,"name":"Lust and Love","item":"https:\/\/lustandlove.eu\/et\/"},{"@type":"ListItem","position":2,"name":"Pood","item":"https:\/\/lustandlove.eu\/et\/pood\/"},{"@type":"ListItem","position":3,"name":"Sekslelud","item":"https:\/\/lustandlove.eu\/et\/pood\/sekslelud\/"},{"@type":"ListItem","position":4,"name":"Vibraatorid","item":"https:\/\/lustandlove.eu\/et\/pood\/sekslelud\/vibraatorid\/"},{"@type":"ListItem","position":5,"name":"Wandid","item":"https:\/\/lustandlove.eu\/et\/pood\/sekslelud\/vibraatorid\/wandid\/"},{"@type":"ListItem","position":6,"name":"Exceed Wand v2 14000 RPM"}]},{"@type":"WebSite","@id":"https:\/\/lustandlove.eu\/et\/#website","url":"https:\/\/lustandlove.eu\/et\/","name":"Lust & Love","description":"Online erootikapood tervise, ilu ja armastuse jaoks","publisher":{"@id":"https:\/\/lustandlove.eu\/et\/#organization"},"potentialAction":[{"@type":"SearchAction","target":{"@type":"EntryPoint","urlTemplate":"https:\/\/lustandlove.eu\/et\/?s={search_term_string}"},"query-input":{"@type":"PropertyValueSpecification","valueRequired":true,"valueName":"search_term_string"}}],"inLanguage":"et"},{"@type":"Organization","@id":"https:\/\/lustandlove.eu\/et\/#organization","name":"Bioconcept Baltics O\u00dc","url":"https:\/\/lustandlove.eu\/et\/","logo":{"@type":"ImageObject","inLanguage":"et","@id":"https:\/\/lustandlove.eu\/et\/#\/schema\/logo\/image\/","url":"https:\/\/lustandlove.eu\/wp-content\/uploads\/logo-full-2.png","contentUrl":"https:\/\/lustandlove.eu\/wp-content\/uploads\/logo-full-2.png","width":837,"height":200,"caption":"Bioconcept Baltics O\u00dc"},"image":{"@id":"https:\/\/lustandlove.eu\/et\/#\/schema\/logo\/image\/"},"sameAs":["https:\/\/www.facebook.com\/LustandLoveEU\/","https:\/\/www.instagram.com\/lustandloveeu\/"]}]}},"_links":{"self":[{"href":"https:\/\/lustandlove.eu\/et\/wp-json\/wp\/v2\/product\/48752","targetHints":{"allow":["GET"]}}],"collection":[{"href":"https:\/\/lustandlove.eu\/et\/wp-json\/wp\/v2\/product"}],"about":[{"href":"https:\/\/lustandlove.eu\/et\/wp-json\/wp\/v2\/types\/product"}],"wp:featuredmedia":[{"embeddable":true,"href":"https:\/\/lustandlove.eu\/et\/wp-json\/wp\/v2\/media\/85009"}],"wp:attachment":[{"href":"https:\/\/lustandlove.eu\/et\/wp-json\/wp\/v2\/media?parent=48752"}],"wp:term":[{"taxonomy":"product_brand","embeddable":true,"href":"https:\/\/lustandlove.eu\/et\/wp-json\/wp\/v2\/product_brand?post=48752"},{"taxonomy":"product_cat","embeddable":true,"href":"https:\/\/lustandlove.eu\/et\/wp-json\/wp\/v2\/product_cat?post=48752"},{"taxonomy":"product_tag","embeddable":true,"href":"https:\/\/lustandlove.eu\/et\/wp-json\/wp\/v2\/product_tag?post=48752"}],"curies":[{"name":"wp","href":"https:\/\/api.w.org\/{rel}","templated":true}]}}