{"id":48795,"date":"2021-05-28T07:48:32","date_gmt":"2021-05-28T04:48:32","guid":{"rendered":"https:\/\/www.lustandlove.eu\/product\/demoniq-ginette-premium\/"},"modified":"2025-08-19T15:45:14","modified_gmt":"2025-08-19T12:45:14","slug":"demoniq-ginette-premium","status":"publish","type":"product","link":"https:\/\/lustandlove.eu\/et\/toode\/demoniq-ginette-premium\/","title":{"rendered":"Ginette Premium"},"content":{"rendered":"<p>Korsetti must v\u00f5rk sobitub perfektselt musta ja kuldse pitsiga esik\u00fcljel. Rindu aitab esile tuua tugevndatud rinnakorv. Tagak\u00fclg on kaunistatud l\u00e4ikiva paelaga, mis lausa p\u00fc\u00fcab su silma.<\/p>\n","protected":false},"excerpt":{"rendered":"<p>Korsetti must v\u00f5rk sobitub perfektselt musta ja kuldse pitsiga esik\u00fcljel. Rindu aitab esile tuua tugevndatud rinnakorv. Tagak\u00fclg on kaunistatud l\u00e4ikiva paelaga, mis lausa p\u00fc\u00fcab su silma.<\/p>\n","protected":false},"featured_media":44367,"template":"","meta":[],"product_cat":[1489,4014],"product_tag":[1513,1520,1521,1540,1537],"yoast_head":"<!-- This site is optimized with the Yoast SEO plugin v22.9 - https:\/\/yoast.com\/wordpress\/plugins\/seo\/ -->\n<title>GINETTE PREMIUM Lingerie Set by DEMONIQ | Lust &amp; Love<\/title>\n<meta name=\"description\" content=\"Korsetti must v\u00f5rk sobitub perfektselt musta ja kuldse pitsiga esik\u00fcljel. Rindu aitab esile tuua tugevndatud rinnakorv. Tagak\u00fclg on kaunistatud l\u00e4ikiva paelaga, mis lausa p\u00fc\u00fcab su silma.\u00a0\" \/>\n<meta name=\"robots\" content=\"index,follow,max-snippet:-1,max-image-preview:large,max-video-preview:-1\" \/>\n<link rel=\"canonical\" href=\"https:\/\/lustandlove.eu\/et\/toode\/demoniq-ginette-premium\/\" \/>\n<meta name=\"twitter:card\" content=\"summary_large_image\" \/>\n<meta name=\"twitter:title\" content=\"GINETTE PREMIUM Lingerie Set by DEMONIQ | Lust &amp; Love\" \/>\n<meta name=\"twitter:description\" content=\"Korsetti must v\u00f5rk sobitub perfektselt musta ja kuldse pitsiga esik\u00fcljel. Rindu aitab esile tuua tugevndatud rinnakorv. Tagak\u00fclg on kaunistatud l\u00e4ikiva paelaga, mis lausa p\u00fc\u00fcab su silma.\u00a0\" \/>\n<meta name=\"twitter:image\" content=\"https:\/\/lustandlove.eu\/wp-content\/uploads\/Ginette.png\" \/>\n<meta name=\"twitter:label1\" content=\"Est. reading time\" \/>\n\t<meta name=\"twitter:data1\" content=\"2 minutit\" \/>\n<script type=\"application\/ld+json\" class=\"yoast-schema-graph\">{\"@context\":\"https:\/\/schema.org\",\"@graph\":[{\"@type\":[\"WebPage\",\"ItemPage\"],\"@id\":\"https:\/\/lustandlove.eu\/et\/toode\/demoniq-ginette-premium\/\",\"url\":\"https:\/\/lustandlove.eu\/et\/toode\/demoniq-ginette-premium\/\",\"name\":\"GINETTE PREMIUM Lingerie Set by DEMONIQ | Lust & Love\",\"isPartOf\":{\"@id\":\"https:\/\/lustandlove.eu\/et\/#website\"},\"primaryImageOfPage\":{\"@id\":\"https:\/\/lustandlove.eu\/et\/toode\/demoniq-ginette-premium\/#primaryimage\"},\"image\":{\"@id\":\"https:\/\/lustandlove.eu\/et\/toode\/demoniq-ginette-premium\/#primaryimage\"},\"thumbnailUrl\":\"https:\/\/lustandlove.eu\/wp-content\/uploads\/Ginette.png\",\"datePublished\":\"2021-05-28T04:48:32+00:00\",\"dateModified\":\"2025-08-19T12:45:14+00:00\",\"description\":\"Korsetti must v\u00f5rk sobitub perfektselt musta ja kuldse pitsiga esik\u00fcljel. Rindu aitab esile tuua tugevndatud rinnakorv. Tagak\u00fclg on kaunistatud l\u00e4ikiva paelaga, mis lausa p\u00fc\u00fcab su silma.\u00a0\",\"breadcrumb\":{\"@id\":\"https:\/\/lustandlove.eu\/et\/toode\/demoniq-ginette-premium\/#breadcrumb\"},\"inLanguage\":\"et\",\"potentialAction\":[{\"@type\":\"ReadAction\",\"target\":[\"https:\/\/lustandlove.eu\/et\/toode\/demoniq-ginette-premium\/\"]}]},{\"@type\":\"ImageObject\",\"inLanguage\":\"et\",\"@id\":\"https:\/\/lustandlove.eu\/et\/toode\/demoniq-ginette-premium\/#primaryimage\",\"url\":\"https:\/\/lustandlove.eu\/wp-content\/uploads\/Ginette.png\",\"contentUrl\":\"https:\/\/lustandlove.eu\/wp-content\/uploads\/Ginette.png\",\"width\":674,\"height\":699},{\"@type\":\"BreadcrumbList\",\"@id\":\"https:\/\/lustandlove.eu\/et\/toode\/demoniq-ginette-premium\/#breadcrumb\",\"itemListElement\":[{\"@type\":\"ListItem\",\"position\":1,\"name\":\"Lust and Love\",\"item\":\"https:\/\/lustandlove.eu\/et\/\"},{\"@type\":\"ListItem\",\"position\":2,\"name\":\"Pood\",\"item\":\"https:\/\/lustandlove.eu\/et\/pood\/\"},{\"@type\":\"ListItem\",\"position\":3,\"name\":\"Pesu\",\"item\":\"https:\/\/lustandlove.eu\/et\/pood\/pesu\/\"},{\"@type\":\"ListItem\",\"position\":4,\"name\":\"Kleidid ja Bodied\",\"item\":\"https:\/\/lustandlove.eu\/et\/pood\/pesu\/kleidid-ja-bodied\/\"},{\"@type\":\"ListItem\",\"position\":5,\"name\":\"Ginette Premium\"}]},{\"@type\":\"WebSite\",\"@id\":\"https:\/\/lustandlove.eu\/et\/#website\",\"url\":\"https:\/\/lustandlove.eu\/et\/\",\"name\":\"Lust &amp; Love\",\"description\":\"Online erootikapood tervise, ilu ja armastuse jaoks\",\"publisher\":{\"@id\":\"https:\/\/lustandlove.eu\/et\/#organization\"},\"potentialAction\":[{\"@type\":\"SearchAction\",\"target\":{\"@type\":\"EntryPoint\",\"urlTemplate\":\"https:\/\/lustandlove.eu\/et\/?s={search_term_string}\"},\"query-input\":\"required name=search_term_string\"}],\"inLanguage\":\"et\"},{\"@type\":\"Organization\",\"@id\":\"https:\/\/lustandlove.eu\/et\/#organization\",\"name\":\"Bioconcept Baltics O\u00dc\",\"url\":\"https:\/\/lustandlove.eu\/et\/\",\"logo\":{\"@type\":\"ImageObject\",\"inLanguage\":\"et\",\"@id\":\"https:\/\/lustandlove.eu\/et\/#\/schema\/logo\/image\/\",\"url\":\"\",\"contentUrl\":\"\",\"caption\":\"Bioconcept Baltics O\u00dc\"},\"image\":{\"@id\":\"https:\/\/lustandlove.eu\/et\/#\/schema\/logo\/image\/\"},\"sameAs\":[\"https:\/\/www.facebook.com\/LustandLoveEU\/\",\"https:\/\/www.instagram.com\/lustandloveeu\/\"]}]}<\/script>\n<!-- \/ Yoast SEO plugin. -->","yoast_head_json":{"title":"GINETTE PREMIUM Lingerie Set by DEMONIQ | Lust & Love","description":"Korsetti must v\u00f5rk sobitub perfektselt musta ja kuldse pitsiga esik\u00fcljel. Rindu aitab esile tuua tugevndatud rinnakorv. Tagak\u00fclg on kaunistatud l\u00e4ikiva paelaga, mis lausa p\u00fc\u00fcab su silma.\u00a0","robots":{"index,follow,max-snippet":"index,follow,max-snippet:-1,max-image-preview:large,max-video-preview:-1"},"canonical":"https:\/\/lustandlove.eu\/et\/toode\/demoniq-ginette-premium\/","twitter_card":"summary_large_image","twitter_title":"GINETTE PREMIUM Lingerie Set by DEMONIQ | Lust & Love","twitter_description":"Korsetti must v\u00f5rk sobitub perfektselt musta ja kuldse pitsiga esik\u00fcljel. Rindu aitab esile tuua tugevndatud rinnakorv. Tagak\u00fclg on kaunistatud l\u00e4ikiva paelaga, mis lausa p\u00fc\u00fcab su silma.\u00a0","twitter_image":"https:\/\/lustandlove.eu\/wp-content\/uploads\/Ginette.png","twitter_misc":{"Est. reading time":"2 minutit"},"schema":{"@context":"https:\/\/schema.org","@graph":[{"@type":["WebPage","ItemPage"],"@id":"https:\/\/lustandlove.eu\/et\/toode\/demoniq-ginette-premium\/","url":"https:\/\/lustandlove.eu\/et\/toode\/demoniq-ginette-premium\/","name":"GINETTE PREMIUM Lingerie Set by DEMONIQ | Lust & Love","isPartOf":{"@id":"https:\/\/lustandlove.eu\/et\/#website"},"primaryImageOfPage":{"@id":"https:\/\/lustandlove.eu\/et\/toode\/demoniq-ginette-premium\/#primaryimage"},"image":{"@id":"https:\/\/lustandlove.eu\/et\/toode\/demoniq-ginette-premium\/#primaryimage"},"thumbnailUrl":"https:\/\/lustandlove.eu\/wp-content\/uploads\/Ginette.png","datePublished":"2021-05-28T04:48:32+00:00","dateModified":"2025-08-19T12:45:14+00:00","description":"Korsetti must v\u00f5rk sobitub perfektselt musta ja kuldse pitsiga esik\u00fcljel. Rindu aitab esile tuua tugevndatud rinnakorv. Tagak\u00fclg on kaunistatud l\u00e4ikiva paelaga, mis lausa p\u00fc\u00fcab su silma.\u00a0","breadcrumb":{"@id":"https:\/\/lustandlove.eu\/et\/toode\/demoniq-ginette-premium\/#breadcrumb"},"inLanguage":"et","potentialAction":[{"@type":"ReadAction","target":["https:\/\/lustandlove.eu\/et\/toode\/demoniq-ginette-premium\/"]}]},{"@type":"ImageObject","inLanguage":"et","@id":"https:\/\/lustandlove.eu\/et\/toode\/demoniq-ginette-premium\/#primaryimage","url":"https:\/\/lustandlove.eu\/wp-content\/uploads\/Ginette.png","contentUrl":"https:\/\/lustandlove.eu\/wp-content\/uploads\/Ginette.png","width":674,"height":699},{"@type":"BreadcrumbList","@id":"https:\/\/lustandlove.eu\/et\/toode\/demoniq-ginette-premium\/#breadcrumb","itemListElement":[{"@type":"ListItem","position":1,"name":"Lust and Love","item":"https:\/\/lustandlove.eu\/et\/"},{"@type":"ListItem","position":2,"name":"Pood","item":"https:\/\/lustandlove.eu\/et\/pood\/"},{"@type":"ListItem","position":3,"name":"Pesu","item":"https:\/\/lustandlove.eu\/et\/pood\/pesu\/"},{"@type":"ListItem","position":4,"name":"Kleidid ja Bodied","item":"https:\/\/lustandlove.eu\/et\/pood\/pesu\/kleidid-ja-bodied\/"},{"@type":"ListItem","position":5,"name":"Ginette Premium"}]},{"@type":"WebSite","@id":"https:\/\/lustandlove.eu\/et\/#website","url":"https:\/\/lustandlove.eu\/et\/","name":"Lust &amp; Love","description":"Online erootikapood tervise, ilu ja armastuse jaoks","publisher":{"@id":"https:\/\/lustandlove.eu\/et\/#organization"},"potentialAction":[{"@type":"SearchAction","target":{"@type":"EntryPoint","urlTemplate":"https:\/\/lustandlove.eu\/et\/?s={search_term_string}"},"query-input":"required name=search_term_string"}],"inLanguage":"et"},{"@type":"Organization","@id":"https:\/\/lustandlove.eu\/et\/#organization","name":"Bioconcept Baltics O\u00dc","url":"https:\/\/lustandlove.eu\/et\/","logo":{"@type":"ImageObject","inLanguage":"et","@id":"https:\/\/lustandlove.eu\/et\/#\/schema\/logo\/image\/","url":"","contentUrl":"","caption":"Bioconcept Baltics O\u00dc"},"image":{"@id":"https:\/\/lustandlove.eu\/et\/#\/schema\/logo\/image\/"},"sameAs":["https:\/\/www.facebook.com\/LustandLoveEU\/","https:\/\/www.instagram.com\/lustandloveeu\/"]}]}},"_links":{"self":[{"href":"https:\/\/lustandlove.eu\/et\/wp-json\/wp\/v2\/product\/48795"}],"collection":[{"href":"https:\/\/lustandlove.eu\/et\/wp-json\/wp\/v2\/product"}],"about":[{"href":"https:\/\/lustandlove.eu\/et\/wp-json\/wp\/v2\/types\/product"}],"wp:featuredmedia":[{"embeddable":true,"href":"https:\/\/lustandlove.eu\/et\/wp-json\/wp\/v2\/media\/44367"}],"wp:attachment":[{"href":"https:\/\/lustandlove.eu\/et\/wp-json\/wp\/v2\/media?parent=48795"}],"wp:term":[{"taxonomy":"product_cat","embeddable":true,"href":"https:\/\/lustandlove.eu\/et\/wp-json\/wp\/v2\/product_cat?post=48795"},{"taxonomy":"product_tag","embeddable":true,"href":"https:\/\/lustandlove.eu\/et\/wp-json\/wp\/v2\/product_tag?post=48795"}],"curies":[{"name":"wp","href":"https:\/\/api.w.org\/{rel}","templated":true}]}}