{"id":48823,"date":"2021-05-28T07:47:44","date_gmt":"2021-05-28T04:47:44","guid":{"rendered":"https:\/\/www.lustandlove.eu\/product\/nautilus-submarine-dildo\/"},"modified":"2026-04-13T10:44:03","modified_gmt":"2026-04-13T07:44:03","slug":"nautilus-submarine-dildo","status":"publish","type":"product","link":"https:\/\/lustandlove.eu\/et\/toode\/nautilus-submarine-dildo\/","title":{"rendered":"Nautilus Submarine Dildo"},"content":{"rendered":"<p>My Fucsia Nautilus Submarine on unikaalse disainiga k\u00f5rgkvaliteediline portselanist dildo. Seda h\u00fcgieenilist ja h\u00fcpoallergeenilist toodet on v\u00f5imalik veega soojendada ja k\u00fclmendada, et saaksid kogeda erilisi sensatsioone. Toode on valminud k\u00e4sit\u00f6\u00f6na, seega ei pruugi iga dildo kuju 100% identne olla.<\/p>\n","protected":false},"excerpt":{"rendered":"<p>Nautilus Submarine on esimene dildo, mis on m\u00f5eldud m\u00f5nu loomiseks. K\u00f5rgkvaliteetne portselanist dildo on disainitud ja toodetud Itaalias.<\/p>\n","protected":false},"featured_media":47040,"template":"","meta":[],"product_brand":[4254],"product_cat":[1485,4063,1484],"product_tag":[],"class_list":{"0":"post-48823","1":"product","2":"type-product","3":"status-publish","4":"has-post-thumbnail","6":"product_brand-my-fucsia-et","7":"product_cat-dildod","8":"product_cat-fantaasia","9":"product_cat-sekslelud","10":"pa_brand-my-fucsia-et","12":"first","13":"instock","14":"taxable","15":"shipping-taxable","16":"purchasable","17":"product-type-variable","18":"has-default-attributes"},"yoast_head":"<!-- This site is optimized with the Yoast SEO plugin v27.3 - https:\/\/yoast.com\/product\/yoast-seo-wordpress\/ -->\n<title>NAUTILUS SUBMARINE Dildo by My Fucsia | Lust &amp; Love Sex Shop<\/title>\n<meta name=\"description\" content=\"Submarin on esimene dildo, mis on m\u00f5eldud m\u00f5nu loomiseks. K\u00f5rgkvaliteetne portselanist dildo on disainitud ja toodetud Itaalias.\" \/>\n<meta name=\"robots\" content=\"index,follow,max-snippet:-1,max-image-preview:large,max-video-preview:-1\" \/>\n<link rel=\"canonical\" href=\"https:\/\/lustandlove.eu\/et\/toode\/nautilus-submarine-dildo\/\" \/>\n<meta name=\"twitter:card\" content=\"summary_large_image\" \/>\n<meta name=\"twitter:title\" content=\"NAUTILUS SUBMARINE Dildo by My Fucsia | Lust &amp; Love Sex Shop\" \/>\n<meta name=\"twitter:description\" content=\"Submarin on esimene dildo, mis on m\u00f5eldud m\u00f5nu loomiseks. K\u00f5rgkvaliteetne portselanist dildo on disainitud ja toodetud Itaalias.\" \/>\n<meta name=\"twitter:image\" content=\"https:\/\/lustandlove.eu\/wp-content\/uploads\/Nautilus_White.jpg\" \/>\n<script type=\"application\/ld+json\" class=\"yoast-schema-graph\">{\"@context\":\"https:\\\/\\\/schema.org\",\"@graph\":[{\"@type\":[\"WebPage\",\"ItemPage\"],\"@id\":\"https:\\\/\\\/lustandlove.eu\\\/et\\\/toode\\\/nautilus-submarine-dildo\\\/\",\"url\":\"https:\\\/\\\/lustandlove.eu\\\/et\\\/toode\\\/nautilus-submarine-dildo\\\/\",\"name\":\"NAUTILUS SUBMARINE Dildo by My Fucsia | Lust & Love Sex Shop\",\"isPartOf\":{\"@id\":\"https:\\\/\\\/lustandlove.eu\\\/et\\\/#website\"},\"primaryImageOfPage\":{\"@id\":\"https:\\\/\\\/lustandlove.eu\\\/et\\\/toode\\\/nautilus-submarine-dildo\\\/#primaryimage\"},\"image\":{\"@id\":\"https:\\\/\\\/lustandlove.eu\\\/et\\\/toode\\\/nautilus-submarine-dildo\\\/#primaryimage\"},\"thumbnailUrl\":\"https:\\\/\\\/lustandlove.eu\\\/wp-content\\\/uploads\\\/Nautilus_White.jpg\",\"datePublished\":\"2021-05-28T04:47:44+00:00\",\"dateModified\":\"2026-04-13T07:44:03+00:00\",\"description\":\"Submarin on esimene dildo, mis on m\u00f5eldud m\u00f5nu loomiseks. K\u00f5rgkvaliteetne portselanist dildo on disainitud ja toodetud Itaalias.\",\"breadcrumb\":{\"@id\":\"https:\\\/\\\/lustandlove.eu\\\/et\\\/toode\\\/nautilus-submarine-dildo\\\/#breadcrumb\"},\"inLanguage\":\"et\",\"potentialAction\":[{\"@type\":\"ReadAction\",\"target\":[\"https:\\\/\\\/lustandlove.eu\\\/et\\\/toode\\\/nautilus-submarine-dildo\\\/\"]}]},{\"@type\":\"ImageObject\",\"inLanguage\":\"et\",\"@id\":\"https:\\\/\\\/lustandlove.eu\\\/et\\\/toode\\\/nautilus-submarine-dildo\\\/#primaryimage\",\"url\":\"https:\\\/\\\/lustandlove.eu\\\/wp-content\\\/uploads\\\/Nautilus_White.jpg\",\"contentUrl\":\"https:\\\/\\\/lustandlove.eu\\\/wp-content\\\/uploads\\\/Nautilus_White.jpg\",\"width\":555,\"height\":555},{\"@type\":\"BreadcrumbList\",\"@id\":\"https:\\\/\\\/lustandlove.eu\\\/et\\\/toode\\\/nautilus-submarine-dildo\\\/#breadcrumb\",\"itemListElement\":[{\"@type\":\"ListItem\",\"position\":1,\"name\":\"Lust and Love\",\"item\":\"https:\\\/\\\/lustandlove.eu\\\/et\\\/\"},{\"@type\":\"ListItem\",\"position\":2,\"name\":\"Pood\",\"item\":\"https:\\\/\\\/lustandlove.eu\\\/et\\\/pood\\\/\"},{\"@type\":\"ListItem\",\"position\":3,\"name\":\"Sekslelud\",\"item\":\"https:\\\/\\\/lustandlove.eu\\\/et\\\/pood\\\/sekslelud\\\/\"},{\"@type\":\"ListItem\",\"position\":4,\"name\":\"Dildod\",\"item\":\"https:\\\/\\\/lustandlove.eu\\\/et\\\/pood\\\/sekslelud\\\/dildod\\\/\"},{\"@type\":\"ListItem\",\"position\":5,\"name\":\"Fantaasia\",\"item\":\"https:\\\/\\\/lustandlove.eu\\\/et\\\/pood\\\/sekslelud\\\/dildod\\\/fantaasia\\\/\"},{\"@type\":\"ListItem\",\"position\":6,\"name\":\"Nautilus Submarine Dildo\"}]},{\"@type\":\"WebSite\",\"@id\":\"https:\\\/\\\/lustandlove.eu\\\/et\\\/#website\",\"url\":\"https:\\\/\\\/lustandlove.eu\\\/et\\\/\",\"name\":\"Lust &amp; Love\",\"description\":\"Online erootikapood tervise, ilu ja armastuse jaoks\",\"publisher\":{\"@id\":\"https:\\\/\\\/lustandlove.eu\\\/et\\\/#organization\"},\"potentialAction\":[{\"@type\":\"SearchAction\",\"target\":{\"@type\":\"EntryPoint\",\"urlTemplate\":\"https:\\\/\\\/lustandlove.eu\\\/et\\\/?s={search_term_string}\"},\"query-input\":{\"@type\":\"PropertyValueSpecification\",\"valueRequired\":true,\"valueName\":\"search_term_string\"}}],\"inLanguage\":\"et\"},{\"@type\":\"Organization\",\"@id\":\"https:\\\/\\\/lustandlove.eu\\\/et\\\/#organization\",\"name\":\"Bioconcept Baltics O\u00dc\",\"url\":\"https:\\\/\\\/lustandlove.eu\\\/et\\\/\",\"logo\":{\"@type\":\"ImageObject\",\"inLanguage\":\"et\",\"@id\":\"https:\\\/\\\/lustandlove.eu\\\/et\\\/#\\\/schema\\\/logo\\\/image\\\/\",\"url\":\"\",\"contentUrl\":\"\",\"caption\":\"Bioconcept Baltics O\u00dc\"},\"image\":{\"@id\":\"https:\\\/\\\/lustandlove.eu\\\/et\\\/#\\\/schema\\\/logo\\\/image\\\/\"},\"sameAs\":[\"https:\\\/\\\/www.facebook.com\\\/LustandLoveEU\\\/\",\"https:\\\/\\\/www.instagram.com\\\/lustandloveeu\\\/\"]}]}<\/script>\n<!-- \/ Yoast SEO plugin. -->","yoast_head_json":{"title":"NAUTILUS SUBMARINE Dildo by My Fucsia | Lust & Love Sex Shop","description":"Submarin on esimene dildo, mis on m\u00f5eldud m\u00f5nu loomiseks. K\u00f5rgkvaliteetne portselanist dildo on disainitud ja toodetud Itaalias.","robots":{"index,follow,max-snippet":"index,follow,max-snippet:-1,max-image-preview:large,max-video-preview:-1"},"canonical":"https:\/\/lustandlove.eu\/et\/toode\/nautilus-submarine-dildo\/","twitter_card":"summary_large_image","twitter_title":"NAUTILUS SUBMARINE Dildo by My Fucsia | Lust & Love Sex Shop","twitter_description":"Submarin on esimene dildo, mis on m\u00f5eldud m\u00f5nu loomiseks. K\u00f5rgkvaliteetne portselanist dildo on disainitud ja toodetud Itaalias.","twitter_image":"https:\/\/lustandlove.eu\/wp-content\/uploads\/Nautilus_White.jpg","schema":{"@context":"https:\/\/schema.org","@graph":[{"@type":["WebPage","ItemPage"],"@id":"https:\/\/lustandlove.eu\/et\/toode\/nautilus-submarine-dildo\/","url":"https:\/\/lustandlove.eu\/et\/toode\/nautilus-submarine-dildo\/","name":"NAUTILUS SUBMARINE Dildo by My Fucsia | Lust & Love Sex Shop","isPartOf":{"@id":"https:\/\/lustandlove.eu\/et\/#website"},"primaryImageOfPage":{"@id":"https:\/\/lustandlove.eu\/et\/toode\/nautilus-submarine-dildo\/#primaryimage"},"image":{"@id":"https:\/\/lustandlove.eu\/et\/toode\/nautilus-submarine-dildo\/#primaryimage"},"thumbnailUrl":"https:\/\/lustandlove.eu\/wp-content\/uploads\/Nautilus_White.jpg","datePublished":"2021-05-28T04:47:44+00:00","dateModified":"2026-04-13T07:44:03+00:00","description":"Submarin on esimene dildo, mis on m\u00f5eldud m\u00f5nu loomiseks. K\u00f5rgkvaliteetne portselanist dildo on disainitud ja toodetud Itaalias.","breadcrumb":{"@id":"https:\/\/lustandlove.eu\/et\/toode\/nautilus-submarine-dildo\/#breadcrumb"},"inLanguage":"et","potentialAction":[{"@type":"ReadAction","target":["https:\/\/lustandlove.eu\/et\/toode\/nautilus-submarine-dildo\/"]}]},{"@type":"ImageObject","inLanguage":"et","@id":"https:\/\/lustandlove.eu\/et\/toode\/nautilus-submarine-dildo\/#primaryimage","url":"https:\/\/lustandlove.eu\/wp-content\/uploads\/Nautilus_White.jpg","contentUrl":"https:\/\/lustandlove.eu\/wp-content\/uploads\/Nautilus_White.jpg","width":555,"height":555},{"@type":"BreadcrumbList","@id":"https:\/\/lustandlove.eu\/et\/toode\/nautilus-submarine-dildo\/#breadcrumb","itemListElement":[{"@type":"ListItem","position":1,"name":"Lust and Love","item":"https:\/\/lustandlove.eu\/et\/"},{"@type":"ListItem","position":2,"name":"Pood","item":"https:\/\/lustandlove.eu\/et\/pood\/"},{"@type":"ListItem","position":3,"name":"Sekslelud","item":"https:\/\/lustandlove.eu\/et\/pood\/sekslelud\/"},{"@type":"ListItem","position":4,"name":"Dildod","item":"https:\/\/lustandlove.eu\/et\/pood\/sekslelud\/dildod\/"},{"@type":"ListItem","position":5,"name":"Fantaasia","item":"https:\/\/lustandlove.eu\/et\/pood\/sekslelud\/dildod\/fantaasia\/"},{"@type":"ListItem","position":6,"name":"Nautilus Submarine Dildo"}]},{"@type":"WebSite","@id":"https:\/\/lustandlove.eu\/et\/#website","url":"https:\/\/lustandlove.eu\/et\/","name":"Lust &amp; Love","description":"Online erootikapood tervise, ilu ja armastuse jaoks","publisher":{"@id":"https:\/\/lustandlove.eu\/et\/#organization"},"potentialAction":[{"@type":"SearchAction","target":{"@type":"EntryPoint","urlTemplate":"https:\/\/lustandlove.eu\/et\/?s={search_term_string}"},"query-input":{"@type":"PropertyValueSpecification","valueRequired":true,"valueName":"search_term_string"}}],"inLanguage":"et"},{"@type":"Organization","@id":"https:\/\/lustandlove.eu\/et\/#organization","name":"Bioconcept Baltics O\u00dc","url":"https:\/\/lustandlove.eu\/et\/","logo":{"@type":"ImageObject","inLanguage":"et","@id":"https:\/\/lustandlove.eu\/et\/#\/schema\/logo\/image\/","url":"","contentUrl":"","caption":"Bioconcept Baltics O\u00dc"},"image":{"@id":"https:\/\/lustandlove.eu\/et\/#\/schema\/logo\/image\/"},"sameAs":["https:\/\/www.facebook.com\/LustandLoveEU\/","https:\/\/www.instagram.com\/lustandloveeu\/"]}]}},"_links":{"self":[{"href":"https:\/\/lustandlove.eu\/et\/wp-json\/wp\/v2\/product\/48823","targetHints":{"allow":["GET"]}}],"collection":[{"href":"https:\/\/lustandlove.eu\/et\/wp-json\/wp\/v2\/product"}],"about":[{"href":"https:\/\/lustandlove.eu\/et\/wp-json\/wp\/v2\/types\/product"}],"wp:featuredmedia":[{"embeddable":true,"href":"https:\/\/lustandlove.eu\/et\/wp-json\/wp\/v2\/media\/47040"}],"wp:attachment":[{"href":"https:\/\/lustandlove.eu\/et\/wp-json\/wp\/v2\/media?parent=48823"}],"wp:term":[{"taxonomy":"product_brand","embeddable":true,"href":"https:\/\/lustandlove.eu\/et\/wp-json\/wp\/v2\/product_brand?post=48823"},{"taxonomy":"product_cat","embeddable":true,"href":"https:\/\/lustandlove.eu\/et\/wp-json\/wp\/v2\/product_cat?post=48823"},{"taxonomy":"product_tag","embeddable":true,"href":"https:\/\/lustandlove.eu\/et\/wp-json\/wp\/v2\/product_tag?post=48823"}],"curies":[{"name":"wp","href":"https:\/\/api.w.org\/{rel}","templated":true}]}}