{"id":48829,"date":"2021-05-28T07:47:43","date_gmt":"2021-05-28T04:47:43","guid":{"rendered":"https:\/\/www.lustandlove.eu\/product\/gustavo-dildo\/"},"modified":"2026-05-11T15:32:08","modified_gmt":"2026-05-11T12:32:08","slug":"gustavo-dildo","status":"publish","type":"product","link":"https:\/\/lustandlove.eu\/et\/toode\/gustavo-dildo\/","title":{"rendered":"Gustavo Dildo"},"content":{"rendered":"<p>My Fucsia Gustavo on unikaalse disainiga k\u00f5rgkvaliteediline portselanist dildo. Seda h\u00fcgieenilist ja h\u00fcpoallergeenilist toodet on v\u00f5imalik veega soojendada ja k\u00fclmendada, et saaksid kogeda erilisi sensatsioone. Toode on valminud k\u00e4sit\u00f6\u00f6na, seega ei pruugi iga dildo kuju 100% identne olla.<\/p>\n","protected":false},"excerpt":{"rendered":"<p>Gustavo on esimene dildo, mis on m\u00f5eldud m\u00f5nu loomiseks. K\u00f5rgkvaliteetne portselanist dildo on disainitud ja toodetud Itaalias.<\/p>\n","protected":false},"featured_media":47034,"template":"","meta":[],"product_brand":[4254],"product_cat":[1485,4063,1484],"product_tag":[1516],"class_list":{"0":"post-48829","1":"product","2":"type-product","3":"status-publish","4":"has-post-thumbnail","6":"product_brand-my-fucsia-et","7":"product_cat-dildod","8":"product_cat-fantaasia","9":"product_cat-sekslelud","10":"product_tag-dildo-et","11":"pa_brand-my-fucsia-et","13":"first","14":"instock","15":"taxable","16":"shipping-taxable","17":"purchasable","18":"product-type-simple"},"yoast_head":"<!-- This site is optimized with the Yoast SEO plugin v27.4 - https:\/\/yoast.com\/product\/yoast-seo-wordpress\/ -->\n<title>My Fucsia Gustavo Porcelain Dildo | Lust &amp; Love Sex Shop<\/title>\n<meta name=\"description\" content=\"Gustavo on esimene dildo, mis on m\u00f5eldud m\u00f5nu loomiseks. K\u00f5rgkvaliteetne portselanist dildo on disainitud ja toodetud Itaalias.\" \/>\n<meta name=\"robots\" content=\"index,follow,max-snippet:-1,max-image-preview:large,max-video-preview:-1\" \/>\n<link rel=\"canonical\" href=\"https:\/\/lustandlove.eu\/et\/toode\/gustavo-dildo\/\" \/>\n<script type=\"application\/ld+json\" class=\"yoast-schema-graph\">{\"@context\":\"https:\\\/\\\/schema.org\",\"@graph\":[{\"@type\":[\"WebPage\",\"ItemPage\"],\"@id\":\"https:\\\/\\\/lustandlove.eu\\\/et\\\/toode\\\/gustavo-dildo\\\/\",\"url\":\"https:\\\/\\\/lustandlove.eu\\\/et\\\/toode\\\/gustavo-dildo\\\/\",\"name\":\"My Fucsia Gustavo Porcelain Dildo | Lust & Love Sex Shop\",\"isPartOf\":{\"@id\":\"https:\\\/\\\/lustandlove.eu\\\/et\\\/#website\"},\"primaryImageOfPage\":{\"@id\":\"https:\\\/\\\/lustandlove.eu\\\/et\\\/toode\\\/gustavo-dildo\\\/#primaryimage\"},\"image\":{\"@id\":\"https:\\\/\\\/lustandlove.eu\\\/et\\\/toode\\\/gustavo-dildo\\\/#primaryimage\"},\"thumbnailUrl\":\"https:\\\/\\\/lustandlove.eu\\\/wp-content\\\/uploads\\\/Alien02Front.jpg\",\"datePublished\":\"2021-05-28T04:47:43+00:00\",\"dateModified\":\"2026-05-11T12:32:08+00:00\",\"description\":\"Gustavo on esimene dildo, mis on m\u00f5eldud m\u00f5nu loomiseks. K\u00f5rgkvaliteetne portselanist dildo on disainitud ja toodetud Itaalias.\",\"breadcrumb\":{\"@id\":\"https:\\\/\\\/lustandlove.eu\\\/et\\\/toode\\\/gustavo-dildo\\\/#breadcrumb\"},\"inLanguage\":\"et\",\"potentialAction\":[{\"@type\":\"ReadAction\",\"target\":[\"https:\\\/\\\/lustandlove.eu\\\/et\\\/toode\\\/gustavo-dildo\\\/\"]}]},{\"@type\":\"ImageObject\",\"inLanguage\":\"et\",\"@id\":\"https:\\\/\\\/lustandlove.eu\\\/et\\\/toode\\\/gustavo-dildo\\\/#primaryimage\",\"url\":\"https:\\\/\\\/lustandlove.eu\\\/wp-content\\\/uploads\\\/Alien02Front.jpg\",\"contentUrl\":\"https:\\\/\\\/lustandlove.eu\\\/wp-content\\\/uploads\\\/Alien02Front.jpg\",\"width\":555,\"height\":555},{\"@type\":\"BreadcrumbList\",\"@id\":\"https:\\\/\\\/lustandlove.eu\\\/et\\\/toode\\\/gustavo-dildo\\\/#breadcrumb\",\"itemListElement\":[{\"@type\":\"ListItem\",\"position\":1,\"name\":\"Lust and Love\",\"item\":\"https:\\\/\\\/lustandlove.eu\\\/et\\\/\"},{\"@type\":\"ListItem\",\"position\":2,\"name\":\"Pood\",\"item\":\"https:\\\/\\\/lustandlove.eu\\\/et\\\/pood\\\/\"},{\"@type\":\"ListItem\",\"position\":3,\"name\":\"Gustavo Dildo\"}]},{\"@type\":\"WebSite\",\"@id\":\"https:\\\/\\\/lustandlove.eu\\\/et\\\/#website\",\"url\":\"https:\\\/\\\/lustandlove.eu\\\/et\\\/\",\"name\":\"Lust & Love\",\"description\":\"Online erootikapood tervise, ilu ja armastuse jaoks\",\"publisher\":{\"@id\":\"https:\\\/\\\/lustandlove.eu\\\/et\\\/#organization\"},\"potentialAction\":[{\"@type\":\"SearchAction\",\"target\":{\"@type\":\"EntryPoint\",\"urlTemplate\":\"https:\\\/\\\/lustandlove.eu\\\/et\\\/?s={search_term_string}\"},\"query-input\":{\"@type\":\"PropertyValueSpecification\",\"valueRequired\":true,\"valueName\":\"search_term_string\"}}],\"inLanguage\":\"et\"},{\"@type\":\"Organization\",\"@id\":\"https:\\\/\\\/lustandlove.eu\\\/et\\\/#organization\",\"name\":\"Bioconcept Baltics O\u00dc\",\"url\":\"https:\\\/\\\/lustandlove.eu\\\/et\\\/\",\"logo\":{\"@type\":\"ImageObject\",\"inLanguage\":\"et\",\"@id\":\"https:\\\/\\\/lustandlove.eu\\\/et\\\/#\\\/schema\\\/logo\\\/image\\\/\",\"url\":\"https:\\\/\\\/lustandlove.eu\\\/wp-content\\\/uploads\\\/logo-full-2.png\",\"contentUrl\":\"https:\\\/\\\/lustandlove.eu\\\/wp-content\\\/uploads\\\/logo-full-2.png\",\"width\":837,\"height\":200,\"caption\":\"Bioconcept Baltics O\u00dc\"},\"image\":{\"@id\":\"https:\\\/\\\/lustandlove.eu\\\/et\\\/#\\\/schema\\\/logo\\\/image\\\/\"},\"sameAs\":[\"https:\\\/\\\/www.facebook.com\\\/LustandLoveEU\\\/\",\"https:\\\/\\\/www.instagram.com\\\/lustandloveeu\\\/\"]}]}<\/script>\n<!-- \/ Yoast SEO plugin. -->","yoast_head_json":{"title":"My Fucsia Gustavo Porcelain Dildo | Lust & Love Sex Shop","description":"Gustavo on esimene dildo, mis on m\u00f5eldud m\u00f5nu loomiseks. K\u00f5rgkvaliteetne portselanist dildo on disainitud ja toodetud Itaalias.","robots":{"index,follow,max-snippet":"index,follow,max-snippet:-1,max-image-preview:large,max-video-preview:-1"},"canonical":"https:\/\/lustandlove.eu\/et\/toode\/gustavo-dildo\/","schema":{"@context":"https:\/\/schema.org","@graph":[{"@type":["WebPage","ItemPage"],"@id":"https:\/\/lustandlove.eu\/et\/toode\/gustavo-dildo\/","url":"https:\/\/lustandlove.eu\/et\/toode\/gustavo-dildo\/","name":"My Fucsia Gustavo Porcelain Dildo | Lust & Love Sex Shop","isPartOf":{"@id":"https:\/\/lustandlove.eu\/et\/#website"},"primaryImageOfPage":{"@id":"https:\/\/lustandlove.eu\/et\/toode\/gustavo-dildo\/#primaryimage"},"image":{"@id":"https:\/\/lustandlove.eu\/et\/toode\/gustavo-dildo\/#primaryimage"},"thumbnailUrl":"https:\/\/lustandlove.eu\/wp-content\/uploads\/Alien02Front.jpg","datePublished":"2021-05-28T04:47:43+00:00","dateModified":"2026-05-11T12:32:08+00:00","description":"Gustavo on esimene dildo, mis on m\u00f5eldud m\u00f5nu loomiseks. K\u00f5rgkvaliteetne portselanist dildo on disainitud ja toodetud Itaalias.","breadcrumb":{"@id":"https:\/\/lustandlove.eu\/et\/toode\/gustavo-dildo\/#breadcrumb"},"inLanguage":"et","potentialAction":[{"@type":"ReadAction","target":["https:\/\/lustandlove.eu\/et\/toode\/gustavo-dildo\/"]}]},{"@type":"ImageObject","inLanguage":"et","@id":"https:\/\/lustandlove.eu\/et\/toode\/gustavo-dildo\/#primaryimage","url":"https:\/\/lustandlove.eu\/wp-content\/uploads\/Alien02Front.jpg","contentUrl":"https:\/\/lustandlove.eu\/wp-content\/uploads\/Alien02Front.jpg","width":555,"height":555},{"@type":"BreadcrumbList","@id":"https:\/\/lustandlove.eu\/et\/toode\/gustavo-dildo\/#breadcrumb","itemListElement":[{"@type":"ListItem","position":1,"name":"Lust and Love","item":"https:\/\/lustandlove.eu\/et\/"},{"@type":"ListItem","position":2,"name":"Pood","item":"https:\/\/lustandlove.eu\/et\/pood\/"},{"@type":"ListItem","position":3,"name":"Gustavo Dildo"}]},{"@type":"WebSite","@id":"https:\/\/lustandlove.eu\/et\/#website","url":"https:\/\/lustandlove.eu\/et\/","name":"Lust & Love","description":"Online erootikapood tervise, ilu ja armastuse jaoks","publisher":{"@id":"https:\/\/lustandlove.eu\/et\/#organization"},"potentialAction":[{"@type":"SearchAction","target":{"@type":"EntryPoint","urlTemplate":"https:\/\/lustandlove.eu\/et\/?s={search_term_string}"},"query-input":{"@type":"PropertyValueSpecification","valueRequired":true,"valueName":"search_term_string"}}],"inLanguage":"et"},{"@type":"Organization","@id":"https:\/\/lustandlove.eu\/et\/#organization","name":"Bioconcept Baltics O\u00dc","url":"https:\/\/lustandlove.eu\/et\/","logo":{"@type":"ImageObject","inLanguage":"et","@id":"https:\/\/lustandlove.eu\/et\/#\/schema\/logo\/image\/","url":"https:\/\/lustandlove.eu\/wp-content\/uploads\/logo-full-2.png","contentUrl":"https:\/\/lustandlove.eu\/wp-content\/uploads\/logo-full-2.png","width":837,"height":200,"caption":"Bioconcept Baltics O\u00dc"},"image":{"@id":"https:\/\/lustandlove.eu\/et\/#\/schema\/logo\/image\/"},"sameAs":["https:\/\/www.facebook.com\/LustandLoveEU\/","https:\/\/www.instagram.com\/lustandloveeu\/"]}]}},"_links":{"self":[{"href":"https:\/\/lustandlove.eu\/et\/wp-json\/wp\/v2\/product\/48829","targetHints":{"allow":["GET"]}}],"collection":[{"href":"https:\/\/lustandlove.eu\/et\/wp-json\/wp\/v2\/product"}],"about":[{"href":"https:\/\/lustandlove.eu\/et\/wp-json\/wp\/v2\/types\/product"}],"wp:featuredmedia":[{"embeddable":true,"href":"https:\/\/lustandlove.eu\/et\/wp-json\/wp\/v2\/media\/47034"}],"wp:attachment":[{"href":"https:\/\/lustandlove.eu\/et\/wp-json\/wp\/v2\/media?parent=48829"}],"wp:term":[{"taxonomy":"product_brand","embeddable":true,"href":"https:\/\/lustandlove.eu\/et\/wp-json\/wp\/v2\/product_brand?post=48829"},{"taxonomy":"product_cat","embeddable":true,"href":"https:\/\/lustandlove.eu\/et\/wp-json\/wp\/v2\/product_cat?post=48829"},{"taxonomy":"product_tag","embeddable":true,"href":"https:\/\/lustandlove.eu\/et\/wp-json\/wp\/v2\/product_tag?post=48829"}],"curies":[{"name":"wp","href":"https:\/\/api.w.org\/{rel}","templated":true}]}}