{"id":48835,"date":"2021-05-28T07:47:15","date_gmt":"2021-05-28T04:47:15","guid":{"rendered":"https:\/\/www.lustandlove.eu\/product\/minivibraator-taaslaetav\/"},"modified":"2026-04-13T10:44:04","modified_gmt":"2026-04-13T07:44:04","slug":"minivibraator-taaslaetav","status":"publish","type":"product","link":"https:\/\/lustandlove.eu\/et\/toode\/minivibraator-taaslaetav\/","title":{"rendered":"Minivibraator Taaslaetav"},"content":{"rendered":"<p>Nii v\u00e4ike, et saad seda oma k\u00e4e- v\u00f5i seljakotis kaasas kanda.\u00a0Wet For Her\u00a0Bullet on USB juhtmega laetav, viie kiirusega minivibraator. Leia oma kiirus!<\/p>\n<p>Lihtne kasutada, ideaalne algajatele.<\/p>\n<p><strong>Kuidas kasutada<\/strong>: Kasuta seda minivibraatorit strap-oniga l\u00f5butsedes v\u00f5i soolom\u00e4ngus.<\/p>\n","protected":false},"excerpt":{"rendered":"<p>Pane oma rakmed v\u00e4risema selle USB-laetava bullet vibraatoriga.<\/p>\n","protected":false},"featured_media":47016,"template":"","meta":[],"product_brand":[4246],"product_cat":[3981,1484,1488],"product_tag":[1506,1515,1543],"class_list":{"0":"post-48835","1":"product","2":"type-product","3":"status-publish","4":"has-post-thumbnail","6":"product_brand-wet-for-her-et","7":"product_cat-kuulvibraator","8":"product_cat-sekslelud","9":"product_cat-vibraatorid","10":"product_tag-anaal-et","11":"product_tag-bullet-vibraator","12":"product_tag-vibraator","13":"pa_brand-wet-for-her-et","15":"first","16":"outofstock","17":"taxable","18":"shipping-taxable","19":"purchasable","20":"product-type-simple"},"yoast_head":"<!-- This site is optimized with the Yoast SEO plugin v27.3 - https:\/\/yoast.com\/product\/yoast-seo-wordpress\/ -->\n<title>BULLET VIBE Rechargeable Vibrator from WET FOR HER | Lust &amp; Love<\/title>\n<meta name=\"description\" content=\"Pane oma rakmed v\u00e4risema selle USB-laetava bullet vibraatoriga.\" \/>\n<meta name=\"robots\" content=\"index,follow,max-snippet:-1,max-image-preview:large,max-video-preview:-1\" \/>\n<link rel=\"canonical\" href=\"https:\/\/lustandlove.eu\/et\/toode\/minivibraator-taaslaetav\/\" \/>\n<meta name=\"twitter:card\" content=\"summary_large_image\" \/>\n<meta name=\"twitter:title\" content=\"BULLET VIBE Rechargeable Vibrator from WET FOR HER | Lust &amp; Love\" \/>\n<meta name=\"twitter:description\" content=\"Pane oma rakmed v\u00e4risema selle USB-laetava bullet vibraatoriga.\" \/>\n<meta name=\"twitter:image\" content=\"https:\/\/lustandlove.eu\/wp-content\/uploads\/bullet-vibe-rechargeable.jpg\" \/>\n<script type=\"application\/ld+json\" class=\"yoast-schema-graph\">{\"@context\":\"https:\\\/\\\/schema.org\",\"@graph\":[{\"@type\":[\"WebPage\",\"ItemPage\"],\"@id\":\"https:\\\/\\\/lustandlove.eu\\\/et\\\/toode\\\/minivibraator-taaslaetav\\\/\",\"url\":\"https:\\\/\\\/lustandlove.eu\\\/et\\\/toode\\\/minivibraator-taaslaetav\\\/\",\"name\":\"BULLET VIBE Rechargeable Vibrator from WET FOR HER | Lust & Love\",\"isPartOf\":{\"@id\":\"https:\\\/\\\/lustandlove.eu\\\/et\\\/#website\"},\"primaryImageOfPage\":{\"@id\":\"https:\\\/\\\/lustandlove.eu\\\/et\\\/toode\\\/minivibraator-taaslaetav\\\/#primaryimage\"},\"image\":{\"@id\":\"https:\\\/\\\/lustandlove.eu\\\/et\\\/toode\\\/minivibraator-taaslaetav\\\/#primaryimage\"},\"thumbnailUrl\":\"https:\\\/\\\/lustandlove.eu\\\/wp-content\\\/uploads\\\/bullet-vibe-rechargeable.jpg\",\"datePublished\":\"2021-05-28T04:47:15+00:00\",\"dateModified\":\"2026-04-13T07:44:04+00:00\",\"description\":\"Pane oma rakmed v\u00e4risema selle USB-laetava bullet vibraatoriga.\",\"breadcrumb\":{\"@id\":\"https:\\\/\\\/lustandlove.eu\\\/et\\\/toode\\\/minivibraator-taaslaetav\\\/#breadcrumb\"},\"inLanguage\":\"et\",\"potentialAction\":[{\"@type\":\"ReadAction\",\"target\":[\"https:\\\/\\\/lustandlove.eu\\\/et\\\/toode\\\/minivibraator-taaslaetav\\\/\"]}]},{\"@type\":\"ImageObject\",\"inLanguage\":\"et\",\"@id\":\"https:\\\/\\\/lustandlove.eu\\\/et\\\/toode\\\/minivibraator-taaslaetav\\\/#primaryimage\",\"url\":\"https:\\\/\\\/lustandlove.eu\\\/wp-content\\\/uploads\\\/bullet-vibe-rechargeable.jpg\",\"contentUrl\":\"https:\\\/\\\/lustandlove.eu\\\/wp-content\\\/uploads\\\/bullet-vibe-rechargeable.jpg\",\"width\":810,\"height\":1020},{\"@type\":\"BreadcrumbList\",\"@id\":\"https:\\\/\\\/lustandlove.eu\\\/et\\\/toode\\\/minivibraator-taaslaetav\\\/#breadcrumb\",\"itemListElement\":[{\"@type\":\"ListItem\",\"position\":1,\"name\":\"Lust and Love\",\"item\":\"https:\\\/\\\/lustandlove.eu\\\/et\\\/\"},{\"@type\":\"ListItem\",\"position\":2,\"name\":\"Pood\",\"item\":\"https:\\\/\\\/lustandlove.eu\\\/et\\\/pood\\\/\"},{\"@type\":\"ListItem\",\"position\":3,\"name\":\"Sekslelud\",\"item\":\"https:\\\/\\\/lustandlove.eu\\\/et\\\/pood\\\/sekslelud\\\/\"},{\"@type\":\"ListItem\",\"position\":4,\"name\":\"Vibraatorid\",\"item\":\"https:\\\/\\\/lustandlove.eu\\\/et\\\/pood\\\/sekslelud\\\/vibraatorid\\\/\"},{\"@type\":\"ListItem\",\"position\":5,\"name\":\"Kuulvibraator\",\"item\":\"https:\\\/\\\/lustandlove.eu\\\/et\\\/pood\\\/sekslelud\\\/vibraatorid\\\/kuulvibraator\\\/\"},{\"@type\":\"ListItem\",\"position\":6,\"name\":\"Minivibraator Taaslaetav\"}]},{\"@type\":\"WebSite\",\"@id\":\"https:\\\/\\\/lustandlove.eu\\\/et\\\/#website\",\"url\":\"https:\\\/\\\/lustandlove.eu\\\/et\\\/\",\"name\":\"Lust &amp; Love\",\"description\":\"Online erootikapood tervise, ilu ja armastuse jaoks\",\"publisher\":{\"@id\":\"https:\\\/\\\/lustandlove.eu\\\/et\\\/#organization\"},\"potentialAction\":[{\"@type\":\"SearchAction\",\"target\":{\"@type\":\"EntryPoint\",\"urlTemplate\":\"https:\\\/\\\/lustandlove.eu\\\/et\\\/?s={search_term_string}\"},\"query-input\":{\"@type\":\"PropertyValueSpecification\",\"valueRequired\":true,\"valueName\":\"search_term_string\"}}],\"inLanguage\":\"et\"},{\"@type\":\"Organization\",\"@id\":\"https:\\\/\\\/lustandlove.eu\\\/et\\\/#organization\",\"name\":\"Bioconcept Baltics O\u00dc\",\"url\":\"https:\\\/\\\/lustandlove.eu\\\/et\\\/\",\"logo\":{\"@type\":\"ImageObject\",\"inLanguage\":\"et\",\"@id\":\"https:\\\/\\\/lustandlove.eu\\\/et\\\/#\\\/schema\\\/logo\\\/image\\\/\",\"url\":\"\",\"contentUrl\":\"\",\"caption\":\"Bioconcept Baltics O\u00dc\"},\"image\":{\"@id\":\"https:\\\/\\\/lustandlove.eu\\\/et\\\/#\\\/schema\\\/logo\\\/image\\\/\"},\"sameAs\":[\"https:\\\/\\\/www.facebook.com\\\/LustandLoveEU\\\/\",\"https:\\\/\\\/www.instagram.com\\\/lustandloveeu\\\/\"]}]}<\/script>\n<!-- \/ Yoast SEO plugin. -->","yoast_head_json":{"title":"BULLET VIBE Rechargeable Vibrator from WET FOR HER | Lust & Love","description":"Pane oma rakmed v\u00e4risema selle USB-laetava bullet vibraatoriga.","robots":{"index,follow,max-snippet":"index,follow,max-snippet:-1,max-image-preview:large,max-video-preview:-1"},"canonical":"https:\/\/lustandlove.eu\/et\/toode\/minivibraator-taaslaetav\/","twitter_card":"summary_large_image","twitter_title":"BULLET VIBE Rechargeable Vibrator from WET FOR HER | Lust & Love","twitter_description":"Pane oma rakmed v\u00e4risema selle USB-laetava bullet vibraatoriga.","twitter_image":"https:\/\/lustandlove.eu\/wp-content\/uploads\/bullet-vibe-rechargeable.jpg","schema":{"@context":"https:\/\/schema.org","@graph":[{"@type":["WebPage","ItemPage"],"@id":"https:\/\/lustandlove.eu\/et\/toode\/minivibraator-taaslaetav\/","url":"https:\/\/lustandlove.eu\/et\/toode\/minivibraator-taaslaetav\/","name":"BULLET VIBE Rechargeable Vibrator from WET FOR HER | Lust & Love","isPartOf":{"@id":"https:\/\/lustandlove.eu\/et\/#website"},"primaryImageOfPage":{"@id":"https:\/\/lustandlove.eu\/et\/toode\/minivibraator-taaslaetav\/#primaryimage"},"image":{"@id":"https:\/\/lustandlove.eu\/et\/toode\/minivibraator-taaslaetav\/#primaryimage"},"thumbnailUrl":"https:\/\/lustandlove.eu\/wp-content\/uploads\/bullet-vibe-rechargeable.jpg","datePublished":"2021-05-28T04:47:15+00:00","dateModified":"2026-04-13T07:44:04+00:00","description":"Pane oma rakmed v\u00e4risema selle USB-laetava bullet vibraatoriga.","breadcrumb":{"@id":"https:\/\/lustandlove.eu\/et\/toode\/minivibraator-taaslaetav\/#breadcrumb"},"inLanguage":"et","potentialAction":[{"@type":"ReadAction","target":["https:\/\/lustandlove.eu\/et\/toode\/minivibraator-taaslaetav\/"]}]},{"@type":"ImageObject","inLanguage":"et","@id":"https:\/\/lustandlove.eu\/et\/toode\/minivibraator-taaslaetav\/#primaryimage","url":"https:\/\/lustandlove.eu\/wp-content\/uploads\/bullet-vibe-rechargeable.jpg","contentUrl":"https:\/\/lustandlove.eu\/wp-content\/uploads\/bullet-vibe-rechargeable.jpg","width":810,"height":1020},{"@type":"BreadcrumbList","@id":"https:\/\/lustandlove.eu\/et\/toode\/minivibraator-taaslaetav\/#breadcrumb","itemListElement":[{"@type":"ListItem","position":1,"name":"Lust and Love","item":"https:\/\/lustandlove.eu\/et\/"},{"@type":"ListItem","position":2,"name":"Pood","item":"https:\/\/lustandlove.eu\/et\/pood\/"},{"@type":"ListItem","position":3,"name":"Sekslelud","item":"https:\/\/lustandlove.eu\/et\/pood\/sekslelud\/"},{"@type":"ListItem","position":4,"name":"Vibraatorid","item":"https:\/\/lustandlove.eu\/et\/pood\/sekslelud\/vibraatorid\/"},{"@type":"ListItem","position":5,"name":"Kuulvibraator","item":"https:\/\/lustandlove.eu\/et\/pood\/sekslelud\/vibraatorid\/kuulvibraator\/"},{"@type":"ListItem","position":6,"name":"Minivibraator Taaslaetav"}]},{"@type":"WebSite","@id":"https:\/\/lustandlove.eu\/et\/#website","url":"https:\/\/lustandlove.eu\/et\/","name":"Lust &amp; Love","description":"Online erootikapood tervise, ilu ja armastuse jaoks","publisher":{"@id":"https:\/\/lustandlove.eu\/et\/#organization"},"potentialAction":[{"@type":"SearchAction","target":{"@type":"EntryPoint","urlTemplate":"https:\/\/lustandlove.eu\/et\/?s={search_term_string}"},"query-input":{"@type":"PropertyValueSpecification","valueRequired":true,"valueName":"search_term_string"}}],"inLanguage":"et"},{"@type":"Organization","@id":"https:\/\/lustandlove.eu\/et\/#organization","name":"Bioconcept Baltics O\u00dc","url":"https:\/\/lustandlove.eu\/et\/","logo":{"@type":"ImageObject","inLanguage":"et","@id":"https:\/\/lustandlove.eu\/et\/#\/schema\/logo\/image\/","url":"","contentUrl":"","caption":"Bioconcept Baltics O\u00dc"},"image":{"@id":"https:\/\/lustandlove.eu\/et\/#\/schema\/logo\/image\/"},"sameAs":["https:\/\/www.facebook.com\/LustandLoveEU\/","https:\/\/www.instagram.com\/lustandloveeu\/"]}]}},"_links":{"self":[{"href":"https:\/\/lustandlove.eu\/et\/wp-json\/wp\/v2\/product\/48835","targetHints":{"allow":["GET"]}}],"collection":[{"href":"https:\/\/lustandlove.eu\/et\/wp-json\/wp\/v2\/product"}],"about":[{"href":"https:\/\/lustandlove.eu\/et\/wp-json\/wp\/v2\/types\/product"}],"wp:featuredmedia":[{"embeddable":true,"href":"https:\/\/lustandlove.eu\/et\/wp-json\/wp\/v2\/media\/47016"}],"wp:attachment":[{"href":"https:\/\/lustandlove.eu\/et\/wp-json\/wp\/v2\/media?parent=48835"}],"wp:term":[{"taxonomy":"product_brand","embeddable":true,"href":"https:\/\/lustandlove.eu\/et\/wp-json\/wp\/v2\/product_brand?post=48835"},{"taxonomy":"product_cat","embeddable":true,"href":"https:\/\/lustandlove.eu\/et\/wp-json\/wp\/v2\/product_cat?post=48835"},{"taxonomy":"product_tag","embeddable":true,"href":"https:\/\/lustandlove.eu\/et\/wp-json\/wp\/v2\/product_tag?post=48835"}],"curies":[{"name":"wp","href":"https:\/\/api.w.org\/{rel}","templated":true}]}}