{"id":48948,"date":"2021-05-28T07:18:40","date_gmt":"2021-05-28T04:18:40","guid":{"rendered":"https:\/\/www.lustandlove.eu\/product\/demoniq-blanka-premium\/"},"modified":"2025-08-19T15:45:32","modified_gmt":"2025-08-19T12:45:32","slug":"demoniq-blanka-premium","status":"publish","type":"product","link":"https:\/\/lustandlove.eu\/et\/toode\/demoniq-blanka-premium\/","title":{"rendered":"Blanka Premium"},"content":{"rendered":"<p><strong>Blanka komplektis sisaldub<\/strong><strong>:<\/strong><\/p>\n<p>Rinnahoidja<br \/>\nP\u00fcksikud<br \/>\nV\u00f6\u00f6<br \/>\nSukapaelad<br \/>\nSukad<\/p>\n","protected":false},"excerpt":{"rendered":"<p><strong>Blanka komplektis sisaldub<\/strong><strong>:<\/strong><\/p>\n<p>Rinnahoidja<br \/>\nP\u00fcksikud<br \/>\nV\u00f6\u00f6<br \/>\nSukapaelad<br \/>\nSukad<\/p>\n","protected":false},"featured_media":44252,"template":"","meta":[],"product_cat":[4016,1489],"product_tag":[1520,1571],"yoast_head":"<!-- This site is optimized with the Yoast SEO plugin v22.9 - https:\/\/yoast.com\/wordpress\/plugins\/seo\/ -->\n<title>Blanka Premium Lingerie Set from Demoniq | Lust&amp;Love Sex Shop<\/title>\n<meta name=\"description\" content=\"Blanka komplektis sisaldub: Rinnahoidja P\u00fcksikud V\u00f6\u00f6 Sukapaelad Sukad\" \/>\n<meta name=\"robots\" content=\"index,follow,max-snippet:-1,max-image-preview:large,max-video-preview:-1\" \/>\n<link rel=\"canonical\" href=\"https:\/\/lustandlove.eu\/et\/toode\/demoniq-blanka-premium\/\" \/>\n<meta name=\"twitter:card\" content=\"summary_large_image\" \/>\n<meta name=\"twitter:title\" content=\"Blanka Premium Lingerie Set from Demoniq | Lust&amp;Love Sex Shop\" \/>\n<meta name=\"twitter:description\" content=\"Blanka komplektis sisaldub: Rinnahoidja P\u00fcksikud V\u00f6\u00f6 Sukapaelad Sukad\" \/>\n<meta name=\"twitter:image\" content=\"https:\/\/lustandlove.eu\/wp-content\/uploads\/Blanka-Premium.png\" \/>\n<meta name=\"twitter:label1\" content=\"Est. reading time\" \/>\n\t<meta name=\"twitter:data1\" content=\"2 minutit\" \/>\n<script type=\"application\/ld+json\" class=\"yoast-schema-graph\">{\"@context\":\"https:\/\/schema.org\",\"@graph\":[{\"@type\":[\"WebPage\",\"ItemPage\"],\"@id\":\"https:\/\/lustandlove.eu\/et\/toode\/demoniq-blanka-premium\/\",\"url\":\"https:\/\/lustandlove.eu\/et\/toode\/demoniq-blanka-premium\/\",\"name\":\"Blanka Premium Lingerie Set from Demoniq | Lust&Love Sex Shop\",\"isPartOf\":{\"@id\":\"https:\/\/lustandlove.eu\/et\/#website\"},\"primaryImageOfPage\":{\"@id\":\"https:\/\/lustandlove.eu\/et\/toode\/demoniq-blanka-premium\/#primaryimage\"},\"image\":{\"@id\":\"https:\/\/lustandlove.eu\/et\/toode\/demoniq-blanka-premium\/#primaryimage\"},\"thumbnailUrl\":\"https:\/\/lustandlove.eu\/wp-content\/uploads\/Blanka-Premium.png\",\"datePublished\":\"2021-05-28T04:18:40+00:00\",\"dateModified\":\"2025-08-19T12:45:32+00:00\",\"description\":\"Blanka komplektis sisaldub: Rinnahoidja P\u00fcksikud V\u00f6\u00f6 Sukapaelad Sukad\",\"breadcrumb\":{\"@id\":\"https:\/\/lustandlove.eu\/et\/toode\/demoniq-blanka-premium\/#breadcrumb\"},\"inLanguage\":\"et\",\"potentialAction\":[{\"@type\":\"ReadAction\",\"target\":[\"https:\/\/lustandlove.eu\/et\/toode\/demoniq-blanka-premium\/\"]}]},{\"@type\":\"ImageObject\",\"inLanguage\":\"et\",\"@id\":\"https:\/\/lustandlove.eu\/et\/toode\/demoniq-blanka-premium\/#primaryimage\",\"url\":\"https:\/\/lustandlove.eu\/wp-content\/uploads\/Blanka-Premium.png\",\"contentUrl\":\"https:\/\/lustandlove.eu\/wp-content\/uploads\/Blanka-Premium.png\",\"width\":853,\"height\":855},{\"@type\":\"BreadcrumbList\",\"@id\":\"https:\/\/lustandlove.eu\/et\/toode\/demoniq-blanka-premium\/#breadcrumb\",\"itemListElement\":[{\"@type\":\"ListItem\",\"position\":1,\"name\":\"Lust and Love\",\"item\":\"https:\/\/lustandlove.eu\/et\/\"},{\"@type\":\"ListItem\",\"position\":2,\"name\":\"Pood\",\"item\":\"https:\/\/lustandlove.eu\/et\/pood\/\"},{\"@type\":\"ListItem\",\"position\":3,\"name\":\"Blanka Premium\"}]},{\"@type\":\"WebSite\",\"@id\":\"https:\/\/lustandlove.eu\/et\/#website\",\"url\":\"https:\/\/lustandlove.eu\/et\/\",\"name\":\"Lust &amp; Love\",\"description\":\"Online erootikapood tervise, ilu ja armastuse jaoks\",\"publisher\":{\"@id\":\"https:\/\/lustandlove.eu\/et\/#organization\"},\"potentialAction\":[{\"@type\":\"SearchAction\",\"target\":{\"@type\":\"EntryPoint\",\"urlTemplate\":\"https:\/\/lustandlove.eu\/et\/?s={search_term_string}\"},\"query-input\":\"required name=search_term_string\"}],\"inLanguage\":\"et\"},{\"@type\":\"Organization\",\"@id\":\"https:\/\/lustandlove.eu\/et\/#organization\",\"name\":\"Bioconcept Baltics O\u00dc\",\"url\":\"https:\/\/lustandlove.eu\/et\/\",\"logo\":{\"@type\":\"ImageObject\",\"inLanguage\":\"et\",\"@id\":\"https:\/\/lustandlove.eu\/et\/#\/schema\/logo\/image\/\",\"url\":\"\",\"contentUrl\":\"\",\"caption\":\"Bioconcept Baltics O\u00dc\"},\"image\":{\"@id\":\"https:\/\/lustandlove.eu\/et\/#\/schema\/logo\/image\/\"},\"sameAs\":[\"https:\/\/www.facebook.com\/LustandLoveEU\/\",\"https:\/\/www.instagram.com\/lustandloveeu\/\"]}]}<\/script>\n<!-- \/ Yoast SEO plugin. -->","yoast_head_json":{"title":"Blanka Premium Lingerie Set from Demoniq | Lust&Love Sex Shop","description":"Blanka komplektis sisaldub: Rinnahoidja P\u00fcksikud V\u00f6\u00f6 Sukapaelad Sukad","robots":{"index,follow,max-snippet":"index,follow,max-snippet:-1,max-image-preview:large,max-video-preview:-1"},"canonical":"https:\/\/lustandlove.eu\/et\/toode\/demoniq-blanka-premium\/","twitter_card":"summary_large_image","twitter_title":"Blanka Premium Lingerie Set from Demoniq | Lust&Love Sex Shop","twitter_description":"Blanka komplektis sisaldub: Rinnahoidja P\u00fcksikud V\u00f6\u00f6 Sukapaelad Sukad","twitter_image":"https:\/\/lustandlove.eu\/wp-content\/uploads\/Blanka-Premium.png","twitter_misc":{"Est. reading time":"2 minutit"},"schema":{"@context":"https:\/\/schema.org","@graph":[{"@type":["WebPage","ItemPage"],"@id":"https:\/\/lustandlove.eu\/et\/toode\/demoniq-blanka-premium\/","url":"https:\/\/lustandlove.eu\/et\/toode\/demoniq-blanka-premium\/","name":"Blanka Premium Lingerie Set from Demoniq | Lust&Love Sex Shop","isPartOf":{"@id":"https:\/\/lustandlove.eu\/et\/#website"},"primaryImageOfPage":{"@id":"https:\/\/lustandlove.eu\/et\/toode\/demoniq-blanka-premium\/#primaryimage"},"image":{"@id":"https:\/\/lustandlove.eu\/et\/toode\/demoniq-blanka-premium\/#primaryimage"},"thumbnailUrl":"https:\/\/lustandlove.eu\/wp-content\/uploads\/Blanka-Premium.png","datePublished":"2021-05-28T04:18:40+00:00","dateModified":"2025-08-19T12:45:32+00:00","description":"Blanka komplektis sisaldub: Rinnahoidja P\u00fcksikud V\u00f6\u00f6 Sukapaelad Sukad","breadcrumb":{"@id":"https:\/\/lustandlove.eu\/et\/toode\/demoniq-blanka-premium\/#breadcrumb"},"inLanguage":"et","potentialAction":[{"@type":"ReadAction","target":["https:\/\/lustandlove.eu\/et\/toode\/demoniq-blanka-premium\/"]}]},{"@type":"ImageObject","inLanguage":"et","@id":"https:\/\/lustandlove.eu\/et\/toode\/demoniq-blanka-premium\/#primaryimage","url":"https:\/\/lustandlove.eu\/wp-content\/uploads\/Blanka-Premium.png","contentUrl":"https:\/\/lustandlove.eu\/wp-content\/uploads\/Blanka-Premium.png","width":853,"height":855},{"@type":"BreadcrumbList","@id":"https:\/\/lustandlove.eu\/et\/toode\/demoniq-blanka-premium\/#breadcrumb","itemListElement":[{"@type":"ListItem","position":1,"name":"Lust and Love","item":"https:\/\/lustandlove.eu\/et\/"},{"@type":"ListItem","position":2,"name":"Pood","item":"https:\/\/lustandlove.eu\/et\/pood\/"},{"@type":"ListItem","position":3,"name":"Blanka Premium"}]},{"@type":"WebSite","@id":"https:\/\/lustandlove.eu\/et\/#website","url":"https:\/\/lustandlove.eu\/et\/","name":"Lust &amp; Love","description":"Online erootikapood tervise, ilu ja armastuse jaoks","publisher":{"@id":"https:\/\/lustandlove.eu\/et\/#organization"},"potentialAction":[{"@type":"SearchAction","target":{"@type":"EntryPoint","urlTemplate":"https:\/\/lustandlove.eu\/et\/?s={search_term_string}"},"query-input":"required name=search_term_string"}],"inLanguage":"et"},{"@type":"Organization","@id":"https:\/\/lustandlove.eu\/et\/#organization","name":"Bioconcept Baltics O\u00dc","url":"https:\/\/lustandlove.eu\/et\/","logo":{"@type":"ImageObject","inLanguage":"et","@id":"https:\/\/lustandlove.eu\/et\/#\/schema\/logo\/image\/","url":"","contentUrl":"","caption":"Bioconcept Baltics O\u00dc"},"image":{"@id":"https:\/\/lustandlove.eu\/et\/#\/schema\/logo\/image\/"},"sameAs":["https:\/\/www.facebook.com\/LustandLoveEU\/","https:\/\/www.instagram.com\/lustandloveeu\/"]}]}},"_links":{"self":[{"href":"https:\/\/lustandlove.eu\/et\/wp-json\/wp\/v2\/product\/48948"}],"collection":[{"href":"https:\/\/lustandlove.eu\/et\/wp-json\/wp\/v2\/product"}],"about":[{"href":"https:\/\/lustandlove.eu\/et\/wp-json\/wp\/v2\/types\/product"}],"wp:featuredmedia":[{"embeddable":true,"href":"https:\/\/lustandlove.eu\/et\/wp-json\/wp\/v2\/media\/44252"}],"wp:attachment":[{"href":"https:\/\/lustandlove.eu\/et\/wp-json\/wp\/v2\/media?parent=48948"}],"wp:term":[{"taxonomy":"product_cat","embeddable":true,"href":"https:\/\/lustandlove.eu\/et\/wp-json\/wp\/v2\/product_cat?post=48948"},{"taxonomy":"product_tag","embeddable":true,"href":"https:\/\/lustandlove.eu\/et\/wp-json\/wp\/v2\/product_tag?post=48948"}],"curies":[{"name":"wp","href":"https:\/\/api.w.org\/{rel}","templated":true}]}}