{"id":49271,"date":"2021-05-28T07:17:53","date_gmt":"2021-05-28T04:17:53","guid":{"rendered":"https:\/\/www.lustandlove.eu\/product\/tsillipipar-vibraator\/"},"modified":"2025-08-19T15:45:39","modified_gmt":"2025-08-19T12:45:39","slug":"tsillipipar-vibraator","status":"publish","type":"product","link":"https:\/\/lustandlove.eu\/et\/toode\/tsillipipar-vibraator\/","title":{"rendered":"T\u0161illipipar Vibraator"},"content":{"rendered":"<p>Emojibator T\u0161illipipar on vibraator, mis n\u00e4eb v\u00e4lja nagu t\u0161illipipra emoji. Valmistatud meditsiinilisest silikoonist.<\/p>\n<p>Emojibatoril on 10 vibratsioonimustrit, et alati naelapeale pihta saada. See on veekindel ning sobib kasutamiseks nii vannis kui du\u0161i all. Emojibator on pipar, mis pakub m\u00f5nu.<\/p>\n","protected":false},"excerpt":{"rendered":"<p>Kui ei leia kaaslast, haara Emojibator!<\/p>\n","protected":false},"featured_media":46790,"template":"","meta":[],"product_cat":[1484,1488,3979],"product_tag":[1515,1543,4104],"yoast_head":"<!-- This site is optimized with the Yoast SEO plugin v22.9 - https:\/\/yoast.com\/wordpress\/plugins\/seo\/ -->\n<title>Chili Pepper Emojibator Vibrator | LUST&amp;LOVE Sex Shop<\/title>\n<meta name=\"description\" content=\"Kui ei leia kaaslast, haara Emojibator!\" \/>\n<meta name=\"robots\" content=\"index,follow,max-snippet:-1,max-image-preview:large,max-video-preview:-1\" \/>\n<link rel=\"canonical\" href=\"https:\/\/lustandlove.eu\/et\/toode\/tsillipipar-vibraator\/\" \/>\n<meta name=\"twitter:card\" content=\"summary_large_image\" \/>\n<meta name=\"twitter:title\" content=\"Chili Pepper Emojibator Vibrator | LUST&amp;LOVE Sex Shop\" \/>\n<meta name=\"twitter:description\" content=\"Kui ei leia kaaslast, haara Emojibator!\" \/>\n<meta name=\"twitter:image\" content=\"https:\/\/lustandlove.eu\/wp-content\/uploads\/ChiliEmojibator-RosieSimmons-2020-1_b626e876-8739-4134-9c71-51f731a44060_800x.jpg\" \/>\n<meta name=\"twitter:label1\" content=\"Est. reading time\" \/>\n\t<meta name=\"twitter:data1\" content=\"1 minut\" \/>\n<script type=\"application\/ld+json\" class=\"yoast-schema-graph\">{\"@context\":\"https:\/\/schema.org\",\"@graph\":[{\"@type\":[\"WebPage\",\"ItemPage\"],\"@id\":\"https:\/\/lustandlove.eu\/et\/toode\/tsillipipar-vibraator\/\",\"url\":\"https:\/\/lustandlove.eu\/et\/toode\/tsillipipar-vibraator\/\",\"name\":\"Chili Pepper Emojibator Vibrator | LUST&LOVE Sex Shop\",\"isPartOf\":{\"@id\":\"https:\/\/lustandlove.eu\/et\/#website\"},\"primaryImageOfPage\":{\"@id\":\"https:\/\/lustandlove.eu\/et\/toode\/tsillipipar-vibraator\/#primaryimage\"},\"image\":{\"@id\":\"https:\/\/lustandlove.eu\/et\/toode\/tsillipipar-vibraator\/#primaryimage\"},\"thumbnailUrl\":\"https:\/\/lustandlove.eu\/wp-content\/uploads\/ChiliEmojibator-RosieSimmons-2020-1_b626e876-8739-4134-9c71-51f731a44060_800x.jpg\",\"datePublished\":\"2021-05-28T04:17:53+00:00\",\"dateModified\":\"2025-08-19T12:45:39+00:00\",\"description\":\"Kui ei leia kaaslast, haara Emojibator!\",\"breadcrumb\":{\"@id\":\"https:\/\/lustandlove.eu\/et\/toode\/tsillipipar-vibraator\/#breadcrumb\"},\"inLanguage\":\"et\",\"potentialAction\":[{\"@type\":\"ReadAction\",\"target\":[\"https:\/\/lustandlove.eu\/et\/toode\/tsillipipar-vibraator\/\"]}]},{\"@type\":\"ImageObject\",\"inLanguage\":\"et\",\"@id\":\"https:\/\/lustandlove.eu\/et\/toode\/tsillipipar-vibraator\/#primaryimage\",\"url\":\"https:\/\/lustandlove.eu\/wp-content\/uploads\/ChiliEmojibator-RosieSimmons-2020-1_b626e876-8739-4134-9c71-51f731a44060_800x.jpg\",\"contentUrl\":\"https:\/\/lustandlove.eu\/wp-content\/uploads\/ChiliEmojibator-RosieSimmons-2020-1_b626e876-8739-4134-9c71-51f731a44060_800x.jpg\",\"width\":800,\"height\":800},{\"@type\":\"BreadcrumbList\",\"@id\":\"https:\/\/lustandlove.eu\/et\/toode\/tsillipipar-vibraator\/#breadcrumb\",\"itemListElement\":[{\"@type\":\"ListItem\",\"position\":1,\"name\":\"Lust and Love\",\"item\":\"https:\/\/lustandlove.eu\/et\/\"},{\"@type\":\"ListItem\",\"position\":2,\"name\":\"Pood\",\"item\":\"https:\/\/lustandlove.eu\/et\/pood\/\"},{\"@type\":\"ListItem\",\"position\":3,\"name\":\"Sekslelud\",\"item\":\"https:\/\/lustandlove.eu\/et\/pood\/sekslelud\/\"},{\"@type\":\"ListItem\",\"position\":4,\"name\":\"Vibraatorid\",\"item\":\"https:\/\/lustandlove.eu\/et\/pood\/sekslelud\/vibraatorid\/\"},{\"@type\":\"ListItem\",\"position\":5,\"name\":\"V\u00e4lispidised\",\"item\":\"https:\/\/lustandlove.eu\/et\/pood\/sekslelud\/vibraatorid\/valispidised\/\"},{\"@type\":\"ListItem\",\"position\":6,\"name\":\"T\u0161illipipar Vibraator\"}]},{\"@type\":\"WebSite\",\"@id\":\"https:\/\/lustandlove.eu\/et\/#website\",\"url\":\"https:\/\/lustandlove.eu\/et\/\",\"name\":\"Lust &amp; Love\",\"description\":\"Online erootikapood tervise, ilu ja armastuse jaoks\",\"publisher\":{\"@id\":\"https:\/\/lustandlove.eu\/et\/#organization\"},\"potentialAction\":[{\"@type\":\"SearchAction\",\"target\":{\"@type\":\"EntryPoint\",\"urlTemplate\":\"https:\/\/lustandlove.eu\/et\/?s={search_term_string}\"},\"query-input\":\"required name=search_term_string\"}],\"inLanguage\":\"et\"},{\"@type\":\"Organization\",\"@id\":\"https:\/\/lustandlove.eu\/et\/#organization\",\"name\":\"Bioconcept Baltics O\u00dc\",\"url\":\"https:\/\/lustandlove.eu\/et\/\",\"logo\":{\"@type\":\"ImageObject\",\"inLanguage\":\"et\",\"@id\":\"https:\/\/lustandlove.eu\/et\/#\/schema\/logo\/image\/\",\"url\":\"\",\"contentUrl\":\"\",\"caption\":\"Bioconcept Baltics O\u00dc\"},\"image\":{\"@id\":\"https:\/\/lustandlove.eu\/et\/#\/schema\/logo\/image\/\"},\"sameAs\":[\"https:\/\/www.facebook.com\/LustandLoveEU\/\",\"https:\/\/www.instagram.com\/lustandloveeu\/\"]}]}<\/script>\n<!-- \/ Yoast SEO plugin. -->","yoast_head_json":{"title":"Chili Pepper Emojibator Vibrator | LUST&LOVE Sex Shop","description":"Kui ei leia kaaslast, haara Emojibator!","robots":{"index,follow,max-snippet":"index,follow,max-snippet:-1,max-image-preview:large,max-video-preview:-1"},"canonical":"https:\/\/lustandlove.eu\/et\/toode\/tsillipipar-vibraator\/","twitter_card":"summary_large_image","twitter_title":"Chili Pepper Emojibator Vibrator | LUST&LOVE Sex Shop","twitter_description":"Kui ei leia kaaslast, haara Emojibator!","twitter_image":"https:\/\/lustandlove.eu\/wp-content\/uploads\/ChiliEmojibator-RosieSimmons-2020-1_b626e876-8739-4134-9c71-51f731a44060_800x.jpg","twitter_misc":{"Est. reading time":"1 minut"},"schema":{"@context":"https:\/\/schema.org","@graph":[{"@type":["WebPage","ItemPage"],"@id":"https:\/\/lustandlove.eu\/et\/toode\/tsillipipar-vibraator\/","url":"https:\/\/lustandlove.eu\/et\/toode\/tsillipipar-vibraator\/","name":"Chili Pepper Emojibator Vibrator | LUST&LOVE Sex Shop","isPartOf":{"@id":"https:\/\/lustandlove.eu\/et\/#website"},"primaryImageOfPage":{"@id":"https:\/\/lustandlove.eu\/et\/toode\/tsillipipar-vibraator\/#primaryimage"},"image":{"@id":"https:\/\/lustandlove.eu\/et\/toode\/tsillipipar-vibraator\/#primaryimage"},"thumbnailUrl":"https:\/\/lustandlove.eu\/wp-content\/uploads\/ChiliEmojibator-RosieSimmons-2020-1_b626e876-8739-4134-9c71-51f731a44060_800x.jpg","datePublished":"2021-05-28T04:17:53+00:00","dateModified":"2025-08-19T12:45:39+00:00","description":"Kui ei leia kaaslast, haara Emojibator!","breadcrumb":{"@id":"https:\/\/lustandlove.eu\/et\/toode\/tsillipipar-vibraator\/#breadcrumb"},"inLanguage":"et","potentialAction":[{"@type":"ReadAction","target":["https:\/\/lustandlove.eu\/et\/toode\/tsillipipar-vibraator\/"]}]},{"@type":"ImageObject","inLanguage":"et","@id":"https:\/\/lustandlove.eu\/et\/toode\/tsillipipar-vibraator\/#primaryimage","url":"https:\/\/lustandlove.eu\/wp-content\/uploads\/ChiliEmojibator-RosieSimmons-2020-1_b626e876-8739-4134-9c71-51f731a44060_800x.jpg","contentUrl":"https:\/\/lustandlove.eu\/wp-content\/uploads\/ChiliEmojibator-RosieSimmons-2020-1_b626e876-8739-4134-9c71-51f731a44060_800x.jpg","width":800,"height":800},{"@type":"BreadcrumbList","@id":"https:\/\/lustandlove.eu\/et\/toode\/tsillipipar-vibraator\/#breadcrumb","itemListElement":[{"@type":"ListItem","position":1,"name":"Lust and Love","item":"https:\/\/lustandlove.eu\/et\/"},{"@type":"ListItem","position":2,"name":"Pood","item":"https:\/\/lustandlove.eu\/et\/pood\/"},{"@type":"ListItem","position":3,"name":"Sekslelud","item":"https:\/\/lustandlove.eu\/et\/pood\/sekslelud\/"},{"@type":"ListItem","position":4,"name":"Vibraatorid","item":"https:\/\/lustandlove.eu\/et\/pood\/sekslelud\/vibraatorid\/"},{"@type":"ListItem","position":5,"name":"V\u00e4lispidised","item":"https:\/\/lustandlove.eu\/et\/pood\/sekslelud\/vibraatorid\/valispidised\/"},{"@type":"ListItem","position":6,"name":"T\u0161illipipar Vibraator"}]},{"@type":"WebSite","@id":"https:\/\/lustandlove.eu\/et\/#website","url":"https:\/\/lustandlove.eu\/et\/","name":"Lust &amp; Love","description":"Online erootikapood tervise, ilu ja armastuse jaoks","publisher":{"@id":"https:\/\/lustandlove.eu\/et\/#organization"},"potentialAction":[{"@type":"SearchAction","target":{"@type":"EntryPoint","urlTemplate":"https:\/\/lustandlove.eu\/et\/?s={search_term_string}"},"query-input":"required name=search_term_string"}],"inLanguage":"et"},{"@type":"Organization","@id":"https:\/\/lustandlove.eu\/et\/#organization","name":"Bioconcept Baltics O\u00dc","url":"https:\/\/lustandlove.eu\/et\/","logo":{"@type":"ImageObject","inLanguage":"et","@id":"https:\/\/lustandlove.eu\/et\/#\/schema\/logo\/image\/","url":"","contentUrl":"","caption":"Bioconcept Baltics O\u00dc"},"image":{"@id":"https:\/\/lustandlove.eu\/et\/#\/schema\/logo\/image\/"},"sameAs":["https:\/\/www.facebook.com\/LustandLoveEU\/","https:\/\/www.instagram.com\/lustandloveeu\/"]}]}},"_links":{"self":[{"href":"https:\/\/lustandlove.eu\/et\/wp-json\/wp\/v2\/product\/49271"}],"collection":[{"href":"https:\/\/lustandlove.eu\/et\/wp-json\/wp\/v2\/product"}],"about":[{"href":"https:\/\/lustandlove.eu\/et\/wp-json\/wp\/v2\/types\/product"}],"wp:featuredmedia":[{"embeddable":true,"href":"https:\/\/lustandlove.eu\/et\/wp-json\/wp\/v2\/media\/46790"}],"wp:attachment":[{"href":"https:\/\/lustandlove.eu\/et\/wp-json\/wp\/v2\/media?parent=49271"}],"wp:term":[{"taxonomy":"product_cat","embeddable":true,"href":"https:\/\/lustandlove.eu\/et\/wp-json\/wp\/v2\/product_cat?post=49271"},{"taxonomy":"product_tag","embeddable":true,"href":"https:\/\/lustandlove.eu\/et\/wp-json\/wp\/v2\/product_tag?post=49271"}],"curies":[{"name":"wp","href":"https:\/\/api.w.org\/{rel}","templated":true}]}}