{"id":49273,"date":"2021-05-28T07:17:51","date_gmt":"2021-05-28T04:17:51","guid":{"rendered":"https:\/\/www.lustandlove.eu\/product\/queen-bee-vibraator\/"},"modified":"2026-04-13T10:44:23","modified_gmt":"2026-04-13T07:44:23","slug":"queen-bee-vibraator","status":"publish","type":"product","link":"https:\/\/lustandlove.eu\/et\/toode\/queen-bee-vibraator\/","title":{"rendered":"Queen Bee Vibraator"},"content":{"rendered":"<p>Loodud tuginedes meditsiinilisele teadusele ja patenteeritud \u00fcle maailma, Queen Bee on v\u00f5imas uue generatsiooni kliitori stimulaator. Kasutades mitmeid auhindu v\u00f5itnud PulsePlate tehnoloogiat, et tagada unikaalsed ja intensiivsed kogemused; Queen Bee on uus standard naiste lelude hulgas.<\/p>\n<h3>\u00dchel pool pehme masaa\u017e, teisel pool intensiivsed lained.<\/h3>\n<p>Ekstreemselt versatiilne, Queen Bee pakub \u00f5rna soojendust massaa\u017eiks m\u00f5eldud pinnaga \u00fchel pool ning majutab v\u00f5imsat PulsePlate tehnoloogiat, mis on m\u00f5eldud s\u00fcgavate, intensiivsete \u201ctokk-tokk-tokk\u201d stiilis naudingulainete tekitamiseks teisel pool. See on sinu valik, kas soovid nautida s\u00fcgavat nurrumist v\u00f5i intensiivseid pulseeringuid \u2013 vali sobiv vibreerimiskiirus ja -muster. Sinu tuju, sinu orgasm, sinu valik.<\/p>\n<h3>M\u00e4rjad m\u00e4ngud Queen Bee-ga<\/h3>\n<p>Mida m\u00e4rjem, seda parem. Toode on 100% veekindel, mis teeb sellest ideaalse kaaslase vannis, du\u0161i all v\u00f5i mullivannis.<\/p>\n<p>USB magnetlaadijaga Queen Bee pakub 5 erinevat vibratsioonimustrit ja 7 vibratsiooni tugevust.<\/p>\n<h3>Tere tulemast kasutama uut generatsiooni lelusid naistele.<\/h3>\n<p>Toode on valmistatud kehas\u00f5bralikest materjalidest, ei sisalda ftalaate ega lateksit. Kasutage lelu vaid vee baasil libestitega.<\/p>\n<h3>Kasutamine<\/h3>\n<p>Laadi 4 tundi enne esmast kasutuskorda. Kui laadimistuluke on muutunud roheliseks, on lelu kasutamiseks valmis.<\/p>\n<p>On\/Off \u2013 hoia nuppu 2 sekundit all, et lelu sisse v\u00f5i v\u00e4lja l\u00fclitada.<\/p>\n","protected":false},"excerpt":{"rendered":"<p>Ekstreemselt versatiilne, Queen Bee pakub \u00f5rna soojendust massaa\u017eiks m\u00f5eldud pinnaga \u00fchel pool ning majutab v\u00f5imsat PulsePlate tehnoloogiat, mis on m\u00f5eldud s\u00fcgavate, intensiivsete naudingulainete tekitamiseks teisel pool.<\/p>\n","protected":false},"featured_media":47010,"template":"","meta":[],"product_brand":[4207],"product_cat":[1484,3979,1488,1495],"product_tag":[4095,1535,3781,1545],"class_list":{"0":"post-49273","1":"product","2":"type-product","3":"status-publish","4":"has-post-thumbnail","6":"product_brand-hot-octopuss-et","7":"product_cat-sekslelud","8":"product_cat-valispidised","9":"product_cat-vibraatorid","10":"product_cat-wandid","11":"product_tag-bf50-et","12":"product_tag-massoor","13":"product_tag-must-reede","14":"product_tag-wand-et","15":"pa_brand-hot-octopuss-et","17":"first","18":"instock","19":"taxable","20":"shipping-taxable","21":"purchasable","22":"product-type-simple"},"yoast_head":"<!-- This site is optimized with the Yoast SEO plugin v27.3 - https:\/\/yoast.com\/product\/yoast-seo-wordpress\/ -->\n<title>Queen Bee is a powerful next-generation clitoral stimulator - Lust&amp;Love<\/title>\n<meta name=\"description\" content=\"Ekstreemselt versatiilne, Queen Bee pakub \u00f5rna soojendust massaa\u017eiks m\u00f5eldud pinnaga \u00fchel pool ning majutab v\u00f5imsat PulsePlate tehnoloogiat, mis on m\u00f5eldud s\u00fcgavate, intensiivsete naudingulainete tekitamiseks teisel pool.\" \/>\n<meta name=\"robots\" content=\"index,follow,max-snippet:-1,max-image-preview:large,max-video-preview:-1\" \/>\n<link rel=\"canonical\" href=\"https:\/\/lustandlove.eu\/et\/toode\/queen-bee-vibraator\/\" \/>\n<meta name=\"twitter:card\" content=\"summary_large_image\" \/>\n<meta name=\"twitter:title\" content=\"Queen Bee is a powerful next-generation clitoral stimulator - Lust&amp;Love\" \/>\n<meta name=\"twitter:description\" content=\"Ekstreemselt versatiilne, Queen Bee pakub \u00f5rna soojendust massaa\u017eiks m\u00f5eldud pinnaga \u00fchel pool ning majutab v\u00f5imsat PulsePlate tehnoloogiat, mis on m\u00f5eldud s\u00fcgavate, intensiivsete naudingulainete tekitamiseks teisel pool.\" \/>\n<meta name=\"twitter:image\" content=\"https:\/\/lustandlove.eu\/wp-content\/uploads\/hot-octopuss-queen-bee-kliitori-vibraator-clitoral-vibrator-04.jpg\" \/>\n<meta name=\"twitter:label1\" content=\"Est. reading time\" \/>\n\t<meta name=\"twitter:data1\" content=\"2 minutit\" \/>\n<script type=\"application\/ld+json\" class=\"yoast-schema-graph\">{\"@context\":\"https:\\\/\\\/schema.org\",\"@graph\":[{\"@type\":[\"WebPage\",\"ItemPage\"],\"@id\":\"https:\\\/\\\/lustandlove.eu\\\/et\\\/toode\\\/queen-bee-vibraator\\\/\",\"url\":\"https:\\\/\\\/lustandlove.eu\\\/et\\\/toode\\\/queen-bee-vibraator\\\/\",\"name\":\"Queen Bee is a powerful next-generation clitoral stimulator - Lust&Love\",\"isPartOf\":{\"@id\":\"https:\\\/\\\/lustandlove.eu\\\/et\\\/#website\"},\"primaryImageOfPage\":{\"@id\":\"https:\\\/\\\/lustandlove.eu\\\/et\\\/toode\\\/queen-bee-vibraator\\\/#primaryimage\"},\"image\":{\"@id\":\"https:\\\/\\\/lustandlove.eu\\\/et\\\/toode\\\/queen-bee-vibraator\\\/#primaryimage\"},\"thumbnailUrl\":\"https:\\\/\\\/lustandlove.eu\\\/wp-content\\\/uploads\\\/hot-octopuss-queen-bee-kliitori-vibraator-clitoral-vibrator-04.jpg\",\"datePublished\":\"2021-05-28T04:17:51+00:00\",\"dateModified\":\"2026-04-13T07:44:23+00:00\",\"description\":\"Ekstreemselt versatiilne, Queen Bee pakub \u00f5rna soojendust massaa\u017eiks m\u00f5eldud pinnaga \u00fchel pool ning majutab v\u00f5imsat PulsePlate tehnoloogiat, mis on m\u00f5eldud s\u00fcgavate, intensiivsete naudingulainete tekitamiseks teisel pool.\",\"breadcrumb\":{\"@id\":\"https:\\\/\\\/lustandlove.eu\\\/et\\\/toode\\\/queen-bee-vibraator\\\/#breadcrumb\"},\"inLanguage\":\"et\",\"potentialAction\":[{\"@type\":\"ReadAction\",\"target\":[\"https:\\\/\\\/lustandlove.eu\\\/et\\\/toode\\\/queen-bee-vibraator\\\/\"]}]},{\"@type\":\"ImageObject\",\"inLanguage\":\"et\",\"@id\":\"https:\\\/\\\/lustandlove.eu\\\/et\\\/toode\\\/queen-bee-vibraator\\\/#primaryimage\",\"url\":\"https:\\\/\\\/lustandlove.eu\\\/wp-content\\\/uploads\\\/hot-octopuss-queen-bee-kliitori-vibraator-clitoral-vibrator-04.jpg\",\"contentUrl\":\"https:\\\/\\\/lustandlove.eu\\\/wp-content\\\/uploads\\\/hot-octopuss-queen-bee-kliitori-vibraator-clitoral-vibrator-04.jpg\",\"width\":1600,\"height\":1200},{\"@type\":\"BreadcrumbList\",\"@id\":\"https:\\\/\\\/lustandlove.eu\\\/et\\\/toode\\\/queen-bee-vibraator\\\/#breadcrumb\",\"itemListElement\":[{\"@type\":\"ListItem\",\"position\":1,\"name\":\"Lust and Love\",\"item\":\"https:\\\/\\\/lustandlove.eu\\\/et\\\/\"},{\"@type\":\"ListItem\",\"position\":2,\"name\":\"Pood\",\"item\":\"https:\\\/\\\/lustandlove.eu\\\/et\\\/pood\\\/\"},{\"@type\":\"ListItem\",\"position\":3,\"name\":\"Sekslelud\",\"item\":\"https:\\\/\\\/lustandlove.eu\\\/et\\\/pood\\\/sekslelud\\\/\"},{\"@type\":\"ListItem\",\"position\":4,\"name\":\"Vibraatorid\",\"item\":\"https:\\\/\\\/lustandlove.eu\\\/et\\\/pood\\\/sekslelud\\\/vibraatorid\\\/\"},{\"@type\":\"ListItem\",\"position\":5,\"name\":\"V\u00e4lispidised\",\"item\":\"https:\\\/\\\/lustandlove.eu\\\/et\\\/pood\\\/sekslelud\\\/vibraatorid\\\/valispidised\\\/\"},{\"@type\":\"ListItem\",\"position\":6,\"name\":\"Queen Bee Vibraator\"}]},{\"@type\":\"WebSite\",\"@id\":\"https:\\\/\\\/lustandlove.eu\\\/et\\\/#website\",\"url\":\"https:\\\/\\\/lustandlove.eu\\\/et\\\/\",\"name\":\"Lust &amp; Love\",\"description\":\"Online erootikapood tervise, ilu ja armastuse jaoks\",\"publisher\":{\"@id\":\"https:\\\/\\\/lustandlove.eu\\\/et\\\/#organization\"},\"potentialAction\":[{\"@type\":\"SearchAction\",\"target\":{\"@type\":\"EntryPoint\",\"urlTemplate\":\"https:\\\/\\\/lustandlove.eu\\\/et\\\/?s={search_term_string}\"},\"query-input\":{\"@type\":\"PropertyValueSpecification\",\"valueRequired\":true,\"valueName\":\"search_term_string\"}}],\"inLanguage\":\"et\"},{\"@type\":\"Organization\",\"@id\":\"https:\\\/\\\/lustandlove.eu\\\/et\\\/#organization\",\"name\":\"Bioconcept Baltics O\u00dc\",\"url\":\"https:\\\/\\\/lustandlove.eu\\\/et\\\/\",\"logo\":{\"@type\":\"ImageObject\",\"inLanguage\":\"et\",\"@id\":\"https:\\\/\\\/lustandlove.eu\\\/et\\\/#\\\/schema\\\/logo\\\/image\\\/\",\"url\":\"\",\"contentUrl\":\"\",\"caption\":\"Bioconcept Baltics O\u00dc\"},\"image\":{\"@id\":\"https:\\\/\\\/lustandlove.eu\\\/et\\\/#\\\/schema\\\/logo\\\/image\\\/\"},\"sameAs\":[\"https:\\\/\\\/www.facebook.com\\\/LustandLoveEU\\\/\",\"https:\\\/\\\/www.instagram.com\\\/lustandloveeu\\\/\"]}]}<\/script>\n<!-- \/ Yoast SEO plugin. -->","yoast_head_json":{"title":"Queen Bee is a powerful next-generation clitoral stimulator - Lust&Love","description":"Ekstreemselt versatiilne, Queen Bee pakub \u00f5rna soojendust massaa\u017eiks m\u00f5eldud pinnaga \u00fchel pool ning majutab v\u00f5imsat PulsePlate tehnoloogiat, mis on m\u00f5eldud s\u00fcgavate, intensiivsete naudingulainete tekitamiseks teisel pool.","robots":{"index,follow,max-snippet":"index,follow,max-snippet:-1,max-image-preview:large,max-video-preview:-1"},"canonical":"https:\/\/lustandlove.eu\/et\/toode\/queen-bee-vibraator\/","twitter_card":"summary_large_image","twitter_title":"Queen Bee is a powerful next-generation clitoral stimulator - Lust&Love","twitter_description":"Ekstreemselt versatiilne, Queen Bee pakub \u00f5rna soojendust massaa\u017eiks m\u00f5eldud pinnaga \u00fchel pool ning majutab v\u00f5imsat PulsePlate tehnoloogiat, mis on m\u00f5eldud s\u00fcgavate, intensiivsete naudingulainete tekitamiseks teisel pool.","twitter_image":"https:\/\/lustandlove.eu\/wp-content\/uploads\/hot-octopuss-queen-bee-kliitori-vibraator-clitoral-vibrator-04.jpg","twitter_misc":{"Est. reading time":"2 minutit"},"schema":{"@context":"https:\/\/schema.org","@graph":[{"@type":["WebPage","ItemPage"],"@id":"https:\/\/lustandlove.eu\/et\/toode\/queen-bee-vibraator\/","url":"https:\/\/lustandlove.eu\/et\/toode\/queen-bee-vibraator\/","name":"Queen Bee is a powerful next-generation clitoral stimulator - Lust&Love","isPartOf":{"@id":"https:\/\/lustandlove.eu\/et\/#website"},"primaryImageOfPage":{"@id":"https:\/\/lustandlove.eu\/et\/toode\/queen-bee-vibraator\/#primaryimage"},"image":{"@id":"https:\/\/lustandlove.eu\/et\/toode\/queen-bee-vibraator\/#primaryimage"},"thumbnailUrl":"https:\/\/lustandlove.eu\/wp-content\/uploads\/hot-octopuss-queen-bee-kliitori-vibraator-clitoral-vibrator-04.jpg","datePublished":"2021-05-28T04:17:51+00:00","dateModified":"2026-04-13T07:44:23+00:00","description":"Ekstreemselt versatiilne, Queen Bee pakub \u00f5rna soojendust massaa\u017eiks m\u00f5eldud pinnaga \u00fchel pool ning majutab v\u00f5imsat PulsePlate tehnoloogiat, mis on m\u00f5eldud s\u00fcgavate, intensiivsete naudingulainete tekitamiseks teisel pool.","breadcrumb":{"@id":"https:\/\/lustandlove.eu\/et\/toode\/queen-bee-vibraator\/#breadcrumb"},"inLanguage":"et","potentialAction":[{"@type":"ReadAction","target":["https:\/\/lustandlove.eu\/et\/toode\/queen-bee-vibraator\/"]}]},{"@type":"ImageObject","inLanguage":"et","@id":"https:\/\/lustandlove.eu\/et\/toode\/queen-bee-vibraator\/#primaryimage","url":"https:\/\/lustandlove.eu\/wp-content\/uploads\/hot-octopuss-queen-bee-kliitori-vibraator-clitoral-vibrator-04.jpg","contentUrl":"https:\/\/lustandlove.eu\/wp-content\/uploads\/hot-octopuss-queen-bee-kliitori-vibraator-clitoral-vibrator-04.jpg","width":1600,"height":1200},{"@type":"BreadcrumbList","@id":"https:\/\/lustandlove.eu\/et\/toode\/queen-bee-vibraator\/#breadcrumb","itemListElement":[{"@type":"ListItem","position":1,"name":"Lust and Love","item":"https:\/\/lustandlove.eu\/et\/"},{"@type":"ListItem","position":2,"name":"Pood","item":"https:\/\/lustandlove.eu\/et\/pood\/"},{"@type":"ListItem","position":3,"name":"Sekslelud","item":"https:\/\/lustandlove.eu\/et\/pood\/sekslelud\/"},{"@type":"ListItem","position":4,"name":"Vibraatorid","item":"https:\/\/lustandlove.eu\/et\/pood\/sekslelud\/vibraatorid\/"},{"@type":"ListItem","position":5,"name":"V\u00e4lispidised","item":"https:\/\/lustandlove.eu\/et\/pood\/sekslelud\/vibraatorid\/valispidised\/"},{"@type":"ListItem","position":6,"name":"Queen Bee Vibraator"}]},{"@type":"WebSite","@id":"https:\/\/lustandlove.eu\/et\/#website","url":"https:\/\/lustandlove.eu\/et\/","name":"Lust &amp; Love","description":"Online erootikapood tervise, ilu ja armastuse jaoks","publisher":{"@id":"https:\/\/lustandlove.eu\/et\/#organization"},"potentialAction":[{"@type":"SearchAction","target":{"@type":"EntryPoint","urlTemplate":"https:\/\/lustandlove.eu\/et\/?s={search_term_string}"},"query-input":{"@type":"PropertyValueSpecification","valueRequired":true,"valueName":"search_term_string"}}],"inLanguage":"et"},{"@type":"Organization","@id":"https:\/\/lustandlove.eu\/et\/#organization","name":"Bioconcept Baltics O\u00dc","url":"https:\/\/lustandlove.eu\/et\/","logo":{"@type":"ImageObject","inLanguage":"et","@id":"https:\/\/lustandlove.eu\/et\/#\/schema\/logo\/image\/","url":"","contentUrl":"","caption":"Bioconcept Baltics O\u00dc"},"image":{"@id":"https:\/\/lustandlove.eu\/et\/#\/schema\/logo\/image\/"},"sameAs":["https:\/\/www.facebook.com\/LustandLoveEU\/","https:\/\/www.instagram.com\/lustandloveeu\/"]}]}},"_links":{"self":[{"href":"https:\/\/lustandlove.eu\/et\/wp-json\/wp\/v2\/product\/49273","targetHints":{"allow":["GET"]}}],"collection":[{"href":"https:\/\/lustandlove.eu\/et\/wp-json\/wp\/v2\/product"}],"about":[{"href":"https:\/\/lustandlove.eu\/et\/wp-json\/wp\/v2\/types\/product"}],"wp:featuredmedia":[{"embeddable":true,"href":"https:\/\/lustandlove.eu\/et\/wp-json\/wp\/v2\/media\/47010"}],"wp:attachment":[{"href":"https:\/\/lustandlove.eu\/et\/wp-json\/wp\/v2\/media?parent=49273"}],"wp:term":[{"taxonomy":"product_brand","embeddable":true,"href":"https:\/\/lustandlove.eu\/et\/wp-json\/wp\/v2\/product_brand?post=49273"},{"taxonomy":"product_cat","embeddable":true,"href":"https:\/\/lustandlove.eu\/et\/wp-json\/wp\/v2\/product_cat?post=49273"},{"taxonomy":"product_tag","embeddable":true,"href":"https:\/\/lustandlove.eu\/et\/wp-json\/wp\/v2\/product_tag?post=49273"}],"curies":[{"name":"wp","href":"https:\/\/api.w.org\/{rel}","templated":true}]}}