{"id":49275,"date":"2021-05-28T07:17:51","date_gmt":"2021-05-28T04:17:51","guid":{"rendered":"https:\/\/www.lustandlove.eu\/product\/turbo-wand-12-500-rpm\/"},"modified":"2026-04-13T10:44:23","modified_gmt":"2026-04-13T07:44:23","slug":"turbo-wand-12-500-rpm","status":"publish","type":"product","link":"https:\/\/lustandlove.eu\/et\/toode\/turbo-wand-12-500-rpm\/","title":{"rendered":"Turbo Wand 12 500 RPM"},"content":{"rendered":"<p>Wand on \u201cisiklik masseerija\u201d, mis oli esialgu m\u00f5eldud \u00f5la- ja seljamassaa\u017eiks. Puhtjuhuslikult on see toode ka v\u00e4ga hea klitoriaalse orgasmi tekitaja. Wand vibraatorid peidavad endas tunduvalt tugevamaid orgasme, kui tavalised taaslaetavad vibraatorid, kuna see on otse\u00fchenduses vooluv\u00f5rguga.<\/p>\n<p>Wand vibraatorid on jumalikud tooted naistele, kes otsivad TUNDUVALT tugevamat vibratsiooni.<\/p>\n<h3>Pixey Turbo juhtmega wand vibraator<\/h3>\n<p>V\u00e4ga v\u00f5imas ja lihtsasti reguleeritav wand masseerija. Pixey Turbo suudab tagada kuni 12 500 p\u00f6\u00f6ret minutis, mis on tunduvalt rohkem, kui tavalised vibraatorid pakuvad. Sellel on painduv pea, et \u00f5igetesse kohtadesse ulatuda. Reguleeritava ja keritava nupuga on v\u00f5imalik Pixey panna kas vaikselt m\u00fcrisema v\u00f5i luua maailmaraputav intensiivne kogemus. Pixey Turbol on sisse lisatud jahutuss\u00fcsteem, t\u00e4nu millele ei l\u00e4he see kunagi liiga kuumaks, et kasutada.<\/p>\n<p>Masseerija saab voolu 2.5-meetrisest europlug voolujuhtmest. T\u00e4nu selle otse\u00fchendusele vooluv\u00f5rku on tugevad ja l\u00f5ppematud vibratsioonid tagatud.<\/p>\n<h3>Puhastamine<\/h3>\n<p>1. Puhasta seadet enne esmakordset kasutamist ning p\u00e4rast igat kasutuskorda<br \/>\n2. Veendu, et seade on v\u00e4lja l\u00fclitatud ja eemalda juhe seinast.<br \/>\n3. Kasuta puhastamiseks lelu puhastusvahendit (Kiotos Toy Cleaner) v\u00f5i niisket lappi<br \/>\n4. \u00c4ra kasuta alkoholi, atsetooni v\u00f5i petrooliumi sisaldavaid puhastusvahendeid.<\/p>\n<h3>Hoiustamine<\/h3>\n<p>L\u00fclita seade v\u00e4lja<br \/>\nVeendu, et seade on puhas ja kuiv<br \/>\nHoia seade eemal otsese p\u00e4ikese eest ning ekstreemsete temperatuuride eest.<\/p>\n<p>Hoiatus: Vigastuste v\u00f5i kahjustuste v\u00e4ltimiseks v\u00e4ltige toote kasutamist paistetanud v\u00f5i marrastunud nahal.<\/p>\n<p>Pixey ei ole veekindel.<\/p>\n","protected":false},"excerpt":{"rendered":"<p>Pixey Turbo on v\u00e4ga v\u00f5imas ja lihtsasti reguleeritav wand masseerija. Pixey Mini suudab tagada kuni 12 500 p\u00f6\u00f6ret minutis, mis on tunduvalt rohkem, kui tavalised vibraatorid pakuvad. Sellel on painduv pea, et \u00f5igetesse kohtadesse ulatuda. Reguleeritava ja keritava nupuga on v\u00f5imalik Pixey panna kas vaikselt m\u00fcrisema v\u00f5i luua maailmaraputav intensiivne kogemus. Pixey Turbol on sisse lisatud jahutuss\u00fcsteem, t\u00e4nu millele ei l\u00e4he see kunagi liiga kuumaks, et kasutada.<\/p>\n","protected":false},"featured_media":46782,"template":"","meta":[],"product_brand":[4230],"product_cat":[1495],"product_tag":[1535,3754],"class_list":{"0":"post-49275","1":"product","2":"type-product","3":"status-publish","4":"has-post-thumbnail","6":"product_brand-pixey-et","7":"product_cat-wandid","8":"product_tag-massoor","9":"product_tag-menopaus","10":"pa_brand-pixey-et","12":"first","13":"instock","14":"purchasable","15":"product-type-simple"},"yoast_head":"<!-- This site is optimized with the Yoast SEO plugin v27.4 - https:\/\/yoast.com\/product\/yoast-seo-wordpress\/ -->\n<title>Pixey Turbo - Even More Powerful Massager | Lust&amp;Love<\/title>\n<meta name=\"description\" content=\"Pixey Turbo on v\u00e4ga v\u00f5imas ja lihtsasti reguleeritav wand masseerija. Pixey Mini suudab tagada kuni 12 500 p\u00f6\u00f6ret minutis, mis on tunduvalt rohkem, kui tavalised vibraatorid pakuvad. Sellel on painduv pea, et \u00f5igetesse kohtadesse ulatuda. Reguleeritava ja keritava nupuga on v\u00f5imalik Pixey panna kas vaikselt m\u00fcrisema v\u00f5i luua maailmaraputav intensiivne kogemus. Pixey Turbol on sisse lisatud jahutuss\u00fcsteem, t\u00e4nu millele ei l\u00e4he see kunagi liiga kuumaks, et kasutada.\" \/>\n<meta name=\"robots\" content=\"index,follow,max-snippet:-1,max-image-preview:large,max-video-preview:-1\" \/>\n<link rel=\"canonical\" href=\"https:\/\/lustandlove.eu\/et\/toode\/turbo-wand-12-500-rpm\/\" \/>\n<script type=\"application\/ld+json\" class=\"yoast-schema-graph\">{\"@context\":\"https:\\\/\\\/schema.org\",\"@graph\":[{\"@type\":[\"WebPage\",\"ItemPage\"],\"@id\":\"https:\\\/\\\/lustandlove.eu\\\/et\\\/toode\\\/turbo-wand-12-500-rpm\\\/\",\"url\":\"https:\\\/\\\/lustandlove.eu\\\/et\\\/toode\\\/turbo-wand-12-500-rpm\\\/\",\"name\":\"Pixey Turbo - Even More Powerful Massager | Lust&Love\",\"isPartOf\":{\"@id\":\"https:\\\/\\\/lustandlove.eu\\\/et\\\/#website\"},\"primaryImageOfPage\":{\"@id\":\"https:\\\/\\\/lustandlove.eu\\\/et\\\/toode\\\/turbo-wand-12-500-rpm\\\/#primaryimage\"},\"image\":{\"@id\":\"https:\\\/\\\/lustandlove.eu\\\/et\\\/toode\\\/turbo-wand-12-500-rpm\\\/#primaryimage\"},\"thumbnailUrl\":\"https:\\\/\\\/lustandlove.eu\\\/wp-content\\\/uploads\\\/122-f3100-02.jpg\",\"datePublished\":\"2021-05-28T04:17:51+00:00\",\"dateModified\":\"2026-04-13T07:44:23+00:00\",\"description\":\"Pixey Turbo on v\u00e4ga v\u00f5imas ja lihtsasti reguleeritav wand masseerija. Pixey Mini suudab tagada kuni 12 500 p\u00f6\u00f6ret minutis, mis on tunduvalt rohkem, kui tavalised vibraatorid pakuvad. Sellel on painduv pea, et \u00f5igetesse kohtadesse ulatuda. Reguleeritava ja keritava nupuga on v\u00f5imalik Pixey panna kas vaikselt m\u00fcrisema v\u00f5i luua maailmaraputav intensiivne kogemus. Pixey Turbol on sisse lisatud jahutuss\u00fcsteem, t\u00e4nu millele ei l\u00e4he see kunagi liiga kuumaks, et kasutada.\",\"breadcrumb\":{\"@id\":\"https:\\\/\\\/lustandlove.eu\\\/et\\\/toode\\\/turbo-wand-12-500-rpm\\\/#breadcrumb\"},\"inLanguage\":\"et\",\"potentialAction\":[{\"@type\":\"ReadAction\",\"target\":[\"https:\\\/\\\/lustandlove.eu\\\/et\\\/toode\\\/turbo-wand-12-500-rpm\\\/\"]}]},{\"@type\":\"ImageObject\",\"inLanguage\":\"et\",\"@id\":\"https:\\\/\\\/lustandlove.eu\\\/et\\\/toode\\\/turbo-wand-12-500-rpm\\\/#primaryimage\",\"url\":\"https:\\\/\\\/lustandlove.eu\\\/wp-content\\\/uploads\\\/122-f3100-02.jpg\",\"contentUrl\":\"https:\\\/\\\/lustandlove.eu\\\/wp-content\\\/uploads\\\/122-f3100-02.jpg\",\"width\":1200,\"height\":1200,\"caption\":\"pink massager\"},{\"@type\":\"BreadcrumbList\",\"@id\":\"https:\\\/\\\/lustandlove.eu\\\/et\\\/toode\\\/turbo-wand-12-500-rpm\\\/#breadcrumb\",\"itemListElement\":[{\"@type\":\"ListItem\",\"position\":1,\"name\":\"Lust and Love\",\"item\":\"https:\\\/\\\/lustandlove.eu\\\/et\\\/\"},{\"@type\":\"ListItem\",\"position\":2,\"name\":\"Pood\",\"item\":\"https:\\\/\\\/lustandlove.eu\\\/et\\\/pood\\\/\"},{\"@type\":\"ListItem\",\"position\":3,\"name\":\"Sekslelud\",\"item\":\"https:\\\/\\\/lustandlove.eu\\\/et\\\/pood\\\/sekslelud\\\/\"},{\"@type\":\"ListItem\",\"position\":4,\"name\":\"Vibraatorid\",\"item\":\"https:\\\/\\\/lustandlove.eu\\\/et\\\/pood\\\/sekslelud\\\/vibraatorid\\\/\"},{\"@type\":\"ListItem\",\"position\":5,\"name\":\"Wandid\",\"item\":\"https:\\\/\\\/lustandlove.eu\\\/et\\\/pood\\\/sekslelud\\\/vibraatorid\\\/wandid\\\/\"},{\"@type\":\"ListItem\",\"position\":6,\"name\":\"Turbo Wand 12 500 RPM\"}]},{\"@type\":\"WebSite\",\"@id\":\"https:\\\/\\\/lustandlove.eu\\\/et\\\/#website\",\"url\":\"https:\\\/\\\/lustandlove.eu\\\/et\\\/\",\"name\":\"Lust & Love\",\"description\":\"Online erootikapood tervise, ilu ja armastuse jaoks\",\"publisher\":{\"@id\":\"https:\\\/\\\/lustandlove.eu\\\/et\\\/#organization\"},\"potentialAction\":[{\"@type\":\"SearchAction\",\"target\":{\"@type\":\"EntryPoint\",\"urlTemplate\":\"https:\\\/\\\/lustandlove.eu\\\/et\\\/?s={search_term_string}\"},\"query-input\":{\"@type\":\"PropertyValueSpecification\",\"valueRequired\":true,\"valueName\":\"search_term_string\"}}],\"inLanguage\":\"et\"},{\"@type\":\"Organization\",\"@id\":\"https:\\\/\\\/lustandlove.eu\\\/et\\\/#organization\",\"name\":\"Bioconcept Baltics O\u00dc\",\"url\":\"https:\\\/\\\/lustandlove.eu\\\/et\\\/\",\"logo\":{\"@type\":\"ImageObject\",\"inLanguage\":\"et\",\"@id\":\"https:\\\/\\\/lustandlove.eu\\\/et\\\/#\\\/schema\\\/logo\\\/image\\\/\",\"url\":\"https:\\\/\\\/lustandlove.eu\\\/wp-content\\\/uploads\\\/logo-full-2.png\",\"contentUrl\":\"https:\\\/\\\/lustandlove.eu\\\/wp-content\\\/uploads\\\/logo-full-2.png\",\"width\":837,\"height\":200,\"caption\":\"Bioconcept Baltics O\u00dc\"},\"image\":{\"@id\":\"https:\\\/\\\/lustandlove.eu\\\/et\\\/#\\\/schema\\\/logo\\\/image\\\/\"},\"sameAs\":[\"https:\\\/\\\/www.facebook.com\\\/LustandLoveEU\\\/\",\"https:\\\/\\\/www.instagram.com\\\/lustandloveeu\\\/\"]}]}<\/script>\n<!-- \/ Yoast SEO plugin. -->","yoast_head_json":{"title":"Pixey Turbo - Even More Powerful Massager | Lust&Love","description":"Pixey Turbo on v\u00e4ga v\u00f5imas ja lihtsasti reguleeritav wand masseerija. Pixey Mini suudab tagada kuni 12 500 p\u00f6\u00f6ret minutis, mis on tunduvalt rohkem, kui tavalised vibraatorid pakuvad. Sellel on painduv pea, et \u00f5igetesse kohtadesse ulatuda. Reguleeritava ja keritava nupuga on v\u00f5imalik Pixey panna kas vaikselt m\u00fcrisema v\u00f5i luua maailmaraputav intensiivne kogemus. Pixey Turbol on sisse lisatud jahutuss\u00fcsteem, t\u00e4nu millele ei l\u00e4he see kunagi liiga kuumaks, et kasutada.","robots":{"index,follow,max-snippet":"index,follow,max-snippet:-1,max-image-preview:large,max-video-preview:-1"},"canonical":"https:\/\/lustandlove.eu\/et\/toode\/turbo-wand-12-500-rpm\/","schema":{"@context":"https:\/\/schema.org","@graph":[{"@type":["WebPage","ItemPage"],"@id":"https:\/\/lustandlove.eu\/et\/toode\/turbo-wand-12-500-rpm\/","url":"https:\/\/lustandlove.eu\/et\/toode\/turbo-wand-12-500-rpm\/","name":"Pixey Turbo - Even More Powerful Massager | Lust&Love","isPartOf":{"@id":"https:\/\/lustandlove.eu\/et\/#website"},"primaryImageOfPage":{"@id":"https:\/\/lustandlove.eu\/et\/toode\/turbo-wand-12-500-rpm\/#primaryimage"},"image":{"@id":"https:\/\/lustandlove.eu\/et\/toode\/turbo-wand-12-500-rpm\/#primaryimage"},"thumbnailUrl":"https:\/\/lustandlove.eu\/wp-content\/uploads\/122-f3100-02.jpg","datePublished":"2021-05-28T04:17:51+00:00","dateModified":"2026-04-13T07:44:23+00:00","description":"Pixey Turbo on v\u00e4ga v\u00f5imas ja lihtsasti reguleeritav wand masseerija. Pixey Mini suudab tagada kuni 12 500 p\u00f6\u00f6ret minutis, mis on tunduvalt rohkem, kui tavalised vibraatorid pakuvad. Sellel on painduv pea, et \u00f5igetesse kohtadesse ulatuda. Reguleeritava ja keritava nupuga on v\u00f5imalik Pixey panna kas vaikselt m\u00fcrisema v\u00f5i luua maailmaraputav intensiivne kogemus. Pixey Turbol on sisse lisatud jahutuss\u00fcsteem, t\u00e4nu millele ei l\u00e4he see kunagi liiga kuumaks, et kasutada.","breadcrumb":{"@id":"https:\/\/lustandlove.eu\/et\/toode\/turbo-wand-12-500-rpm\/#breadcrumb"},"inLanguage":"et","potentialAction":[{"@type":"ReadAction","target":["https:\/\/lustandlove.eu\/et\/toode\/turbo-wand-12-500-rpm\/"]}]},{"@type":"ImageObject","inLanguage":"et","@id":"https:\/\/lustandlove.eu\/et\/toode\/turbo-wand-12-500-rpm\/#primaryimage","url":"https:\/\/lustandlove.eu\/wp-content\/uploads\/122-f3100-02.jpg","contentUrl":"https:\/\/lustandlove.eu\/wp-content\/uploads\/122-f3100-02.jpg","width":1200,"height":1200,"caption":"pink massager"},{"@type":"BreadcrumbList","@id":"https:\/\/lustandlove.eu\/et\/toode\/turbo-wand-12-500-rpm\/#breadcrumb","itemListElement":[{"@type":"ListItem","position":1,"name":"Lust and Love","item":"https:\/\/lustandlove.eu\/et\/"},{"@type":"ListItem","position":2,"name":"Pood","item":"https:\/\/lustandlove.eu\/et\/pood\/"},{"@type":"ListItem","position":3,"name":"Sekslelud","item":"https:\/\/lustandlove.eu\/et\/pood\/sekslelud\/"},{"@type":"ListItem","position":4,"name":"Vibraatorid","item":"https:\/\/lustandlove.eu\/et\/pood\/sekslelud\/vibraatorid\/"},{"@type":"ListItem","position":5,"name":"Wandid","item":"https:\/\/lustandlove.eu\/et\/pood\/sekslelud\/vibraatorid\/wandid\/"},{"@type":"ListItem","position":6,"name":"Turbo Wand 12 500 RPM"}]},{"@type":"WebSite","@id":"https:\/\/lustandlove.eu\/et\/#website","url":"https:\/\/lustandlove.eu\/et\/","name":"Lust & Love","description":"Online erootikapood tervise, ilu ja armastuse jaoks","publisher":{"@id":"https:\/\/lustandlove.eu\/et\/#organization"},"potentialAction":[{"@type":"SearchAction","target":{"@type":"EntryPoint","urlTemplate":"https:\/\/lustandlove.eu\/et\/?s={search_term_string}"},"query-input":{"@type":"PropertyValueSpecification","valueRequired":true,"valueName":"search_term_string"}}],"inLanguage":"et"},{"@type":"Organization","@id":"https:\/\/lustandlove.eu\/et\/#organization","name":"Bioconcept Baltics O\u00dc","url":"https:\/\/lustandlove.eu\/et\/","logo":{"@type":"ImageObject","inLanguage":"et","@id":"https:\/\/lustandlove.eu\/et\/#\/schema\/logo\/image\/","url":"https:\/\/lustandlove.eu\/wp-content\/uploads\/logo-full-2.png","contentUrl":"https:\/\/lustandlove.eu\/wp-content\/uploads\/logo-full-2.png","width":837,"height":200,"caption":"Bioconcept Baltics O\u00dc"},"image":{"@id":"https:\/\/lustandlove.eu\/et\/#\/schema\/logo\/image\/"},"sameAs":["https:\/\/www.facebook.com\/LustandLoveEU\/","https:\/\/www.instagram.com\/lustandloveeu\/"]}]}},"_links":{"self":[{"href":"https:\/\/lustandlove.eu\/et\/wp-json\/wp\/v2\/product\/49275","targetHints":{"allow":["GET"]}}],"collection":[{"href":"https:\/\/lustandlove.eu\/et\/wp-json\/wp\/v2\/product"}],"about":[{"href":"https:\/\/lustandlove.eu\/et\/wp-json\/wp\/v2\/types\/product"}],"wp:featuredmedia":[{"embeddable":true,"href":"https:\/\/lustandlove.eu\/et\/wp-json\/wp\/v2\/media\/46782"}],"wp:attachment":[{"href":"https:\/\/lustandlove.eu\/et\/wp-json\/wp\/v2\/media?parent=49275"}],"wp:term":[{"taxonomy":"product_brand","embeddable":true,"href":"https:\/\/lustandlove.eu\/et\/wp-json\/wp\/v2\/product_brand?post=49275"},{"taxonomy":"product_cat","embeddable":true,"href":"https:\/\/lustandlove.eu\/et\/wp-json\/wp\/v2\/product_cat?post=49275"},{"taxonomy":"product_tag","embeddable":true,"href":"https:\/\/lustandlove.eu\/et\/wp-json\/wp\/v2\/product_tag?post=49275"}],"curies":[{"name":"wp","href":"https:\/\/api.w.org\/{rel}","templated":true}]}}