{"id":49286,"date":"2021-05-28T07:17:49","date_gmt":"2021-05-28T04:17:49","guid":{"rendered":"https:\/\/www.lustandlove.eu\/product\/hot-octopuss-pulse-iii-duo\/"},"modified":"2026-04-13T10:44:25","modified_gmt":"2026-04-13T07:44:25","slug":"hot-octopuss-pulse-iii-duo","status":"publish","type":"product","link":"https:\/\/lustandlove.eu\/et\/toode\/hot-octopuss-pulse-iii-duo\/","title":{"rendered":"Pulse III Duo"},"content":{"rendered":"<p><strong>Pulse III DUO<\/strong>\u00a0loodi just paaridele m\u00f5eldes. Sisek\u00fcljel asub pehme vibreeriv padjake, mida partner saab puldiga kontrollida. Lisatud on n\u00fc\u00fcd ka \u201cTurbo Variant\u201d.<\/p>\n<p><strong>Mis on PulsePlate Tehnoloogia?<\/strong><\/p>\n<p>Patenteeritud kolvi-sarnane tehnoloogia, mis tekitab suure amplituudiga v\u00f5nkeid, v\u00f5rreldes tavaliste seksleludega, mis pakuvad madala amplituudiga vibratsioone.<\/p>\n<p>Kuigi v\u00f5nked on meditsiinivaldkonnas tavap\u00e4rane, siis PULSE on esimene, kes selle tehnoloogia sekslelude turule t\u00f5i.<\/p>\n<p><strong>PULSE saab kasutada nii libestiga kui ka ilma<\/strong><\/p>\n<p>Lelu saab kasutada kahel erineval viisil. Libestiga kasutades, muutub Pulse revolutsiooniliseks j\u00e4rgmise generatsiooni masturbaatoriks.<\/p>\n<p>Alternatiiv on kasutada lelu staatilisena ja libestita. Sellisel juhul tagab stimulatsiooni\u00a0PulsePlate\u2122 tehnoloogia ning pole vajadust tavap\u00e4rasele \u00fcles-alla liigutusele.<\/p>\n<p><strong>PULSE III DUO muudab eelm\u00e4ngu eriti oodatuks<\/strong><\/p>\n<p>Lelu tema k\u00fcljes ja partner seda kontrollimas viib eelm\u00e4ngu t\u00e4iesti uuele tasemele. Kui mehe k\u00e4sutuses on lelu v\u00f5nked, siis partner kontrollib puldi kaudu sisemise padjakese vibratsiooni.<\/p>\n<p>Misjon\u00e4ri poosis v\u00f5i partner peal, Pulse toob teieni unikaalse k\u00e4ed vabad eelm\u00e4ngu kogemuse, et saaksite t\u00e4ielikult teineteisele keskenduda.<\/p>\n<p><strong>T\u00f5estad Meditsiiniline Tehnoloogia<\/strong><\/p>\n<p>Meditsiiniline uuring on t\u00f5estanud, et v\u00e4rinad\/v\u00f5nked teatud kindlatesse kohtadesse v\u00f5ivad mehe tahtmatult orgasmini viia. Pulse on rakendanud seda tehnoloogiat l\u00e4bi lelu sisemisele poolele paigaldatud v\u00f5imeka PulsePlate\u2122 padjakese.<\/p>\n","protected":false},"excerpt":{"rendered":"<p>Maailma Esimene Meestele M\u00f5eldud Vibraator, patendeeritud\u00a0PulsePlate\u2122 tehnoloogiaga. PULSE on mitmeid auhindu v\u00f5itnud meestele m\u00f5eldud stimulaator.<\/p>\n","protected":false},"featured_media":46760,"template":"","meta":[],"product_brand":[4207],"product_cat":[4007,1480,1477],"product_tag":[],"class_list":{"0":"post-49286","1":"product","2":"type-product","3":"status-publish","4":"has-post-thumbnail","6":"product_brand-hot-octopuss-et","7":"product_cat-automaatsed","8":"product_cat-masturbaatorid","9":"product_cat-meestele","10":"pa_brand-hot-octopuss-et","12":"first","13":"instock","14":"purchasable","15":"product-type-simple"},"yoast_head":"<!-- This site is optimized with the Yoast SEO plugin v27.3 - https:\/\/yoast.com\/product\/yoast-seo-wordpress\/ -->\n<title>Pulse III Duo 139.00\u20ac | Lust and Love<\/title>\n<meta name=\"description\" content=\"Maailma Esimene Meestele M\u00f5eldud Vibraator, patendeeritud PulsePlate\u2122 tehnoloogiaga. PULSE on mitmeid auhindu v\u00f5itnud meestele m\u00f5eldud stimulaator.\" \/>\n<meta name=\"robots\" content=\"index,follow,max-snippet:-1,max-image-preview:large,max-video-preview:-1\" \/>\n<link rel=\"canonical\" href=\"https:\/\/lustandlove.eu\/et\/toode\/hot-octopuss-pulse-iii-duo\/\" \/>\n<meta name=\"twitter:card\" content=\"summary_large_image\" \/>\n<meta name=\"twitter:title\" content=\"Pulse III Duo 139.00\u20ac | Lust and Love\" \/>\n<meta name=\"twitter:description\" content=\"Maailma Esimene Meestele M\u00f5eldud Vibraator, patendeeritud PulsePlate\u2122 tehnoloogiaga. PULSE on mitmeid auhindu v\u00f5itnud meestele m\u00f5eldud stimulaator.\" \/>\n<meta name=\"twitter:image\" content=\"https:\/\/lustandlove.eu\/wp-content\/uploads\/pulse-iii-duo-hot-octopuss-guybrator-ho3d_01.jpg\" \/>\n<meta name=\"twitter:label1\" content=\"Est. reading time\" \/>\n\t<meta name=\"twitter:data1\" content=\"2 minutit\" \/>\n<script type=\"application\/ld+json\" class=\"yoast-schema-graph\">{\"@context\":\"https:\\\/\\\/schema.org\",\"@graph\":[{\"@type\":[\"WebPage\",\"ItemPage\"],\"@id\":\"https:\\\/\\\/lustandlove.eu\\\/et\\\/toode\\\/hot-octopuss-pulse-iii-duo\\\/\",\"url\":\"https:\\\/\\\/lustandlove.eu\\\/et\\\/toode\\\/hot-octopuss-pulse-iii-duo\\\/\",\"name\":\"Pulse III Duo 139.00\u20ac | Lust and Love\",\"isPartOf\":{\"@id\":\"https:\\\/\\\/lustandlove.eu\\\/et\\\/#website\"},\"primaryImageOfPage\":{\"@id\":\"https:\\\/\\\/lustandlove.eu\\\/et\\\/toode\\\/hot-octopuss-pulse-iii-duo\\\/#primaryimage\"},\"image\":{\"@id\":\"https:\\\/\\\/lustandlove.eu\\\/et\\\/toode\\\/hot-octopuss-pulse-iii-duo\\\/#primaryimage\"},\"thumbnailUrl\":\"https:\\\/\\\/lustandlove.eu\\\/wp-content\\\/uploads\\\/pulse-iii-duo-hot-octopuss-guybrator-ho3d_01.jpg\",\"datePublished\":\"2021-05-28T04:17:49+00:00\",\"dateModified\":\"2026-04-13T07:44:25+00:00\",\"description\":\"Maailma Esimene Meestele M\u00f5eldud Vibraator, patendeeritud PulsePlate\u2122 tehnoloogiaga. PULSE on mitmeid auhindu v\u00f5itnud meestele m\u00f5eldud stimulaator.\",\"breadcrumb\":{\"@id\":\"https:\\\/\\\/lustandlove.eu\\\/et\\\/toode\\\/hot-octopuss-pulse-iii-duo\\\/#breadcrumb\"},\"inLanguage\":\"et\",\"potentialAction\":[{\"@type\":\"ReadAction\",\"target\":[\"https:\\\/\\\/lustandlove.eu\\\/et\\\/toode\\\/hot-octopuss-pulse-iii-duo\\\/\"]}]},{\"@type\":\"ImageObject\",\"inLanguage\":\"et\",\"@id\":\"https:\\\/\\\/lustandlove.eu\\\/et\\\/toode\\\/hot-octopuss-pulse-iii-duo\\\/#primaryimage\",\"url\":\"https:\\\/\\\/lustandlove.eu\\\/wp-content\\\/uploads\\\/pulse-iii-duo-hot-octopuss-guybrator-ho3d_01.jpg\",\"contentUrl\":\"https:\\\/\\\/lustandlove.eu\\\/wp-content\\\/uploads\\\/pulse-iii-duo-hot-octopuss-guybrator-ho3d_01.jpg\",\"width\":1600,\"height\":1068},{\"@type\":\"BreadcrumbList\",\"@id\":\"https:\\\/\\\/lustandlove.eu\\\/et\\\/toode\\\/hot-octopuss-pulse-iii-duo\\\/#breadcrumb\",\"itemListElement\":[{\"@type\":\"ListItem\",\"position\":1,\"name\":\"Lust and Love\",\"item\":\"https:\\\/\\\/lustandlove.eu\\\/et\\\/\"},{\"@type\":\"ListItem\",\"position\":2,\"name\":\"Pood\",\"item\":\"https:\\\/\\\/lustandlove.eu\\\/et\\\/pood\\\/\"},{\"@type\":\"ListItem\",\"position\":3,\"name\":\"Meestele\",\"item\":\"https:\\\/\\\/lustandlove.eu\\\/et\\\/pood\\\/meestele\\\/\"},{\"@type\":\"ListItem\",\"position\":4,\"name\":\"Masturbaatorid\",\"item\":\"https:\\\/\\\/lustandlove.eu\\\/et\\\/pood\\\/meestele\\\/masturbaatorid\\\/\"},{\"@type\":\"ListItem\",\"position\":5,\"name\":\"Automaatsed\",\"item\":\"https:\\\/\\\/lustandlove.eu\\\/et\\\/pood\\\/meestele\\\/masturbaatorid\\\/automaatsed\\\/\"},{\"@type\":\"ListItem\",\"position\":6,\"name\":\"Pulse III Duo\"}]},{\"@type\":\"WebSite\",\"@id\":\"https:\\\/\\\/lustandlove.eu\\\/et\\\/#website\",\"url\":\"https:\\\/\\\/lustandlove.eu\\\/et\\\/\",\"name\":\"Lust &amp; Love\",\"description\":\"Online erootikapood tervise, ilu ja armastuse jaoks\",\"publisher\":{\"@id\":\"https:\\\/\\\/lustandlove.eu\\\/et\\\/#organization\"},\"potentialAction\":[{\"@type\":\"SearchAction\",\"target\":{\"@type\":\"EntryPoint\",\"urlTemplate\":\"https:\\\/\\\/lustandlove.eu\\\/et\\\/?s={search_term_string}\"},\"query-input\":{\"@type\":\"PropertyValueSpecification\",\"valueRequired\":true,\"valueName\":\"search_term_string\"}}],\"inLanguage\":\"et\"},{\"@type\":\"Organization\",\"@id\":\"https:\\\/\\\/lustandlove.eu\\\/et\\\/#organization\",\"name\":\"Bioconcept Baltics O\u00dc\",\"url\":\"https:\\\/\\\/lustandlove.eu\\\/et\\\/\",\"logo\":{\"@type\":\"ImageObject\",\"inLanguage\":\"et\",\"@id\":\"https:\\\/\\\/lustandlove.eu\\\/et\\\/#\\\/schema\\\/logo\\\/image\\\/\",\"url\":\"\",\"contentUrl\":\"\",\"caption\":\"Bioconcept Baltics O\u00dc\"},\"image\":{\"@id\":\"https:\\\/\\\/lustandlove.eu\\\/et\\\/#\\\/schema\\\/logo\\\/image\\\/\"},\"sameAs\":[\"https:\\\/\\\/www.facebook.com\\\/LustandLoveEU\\\/\",\"https:\\\/\\\/www.instagram.com\\\/lustandloveeu\\\/\"]}]}<\/script>\n<!-- \/ Yoast SEO plugin. -->","yoast_head_json":{"title":"Pulse III Duo 139.00\u20ac | Lust and Love","description":"Maailma Esimene Meestele M\u00f5eldud Vibraator, patendeeritud PulsePlate\u2122 tehnoloogiaga. PULSE on mitmeid auhindu v\u00f5itnud meestele m\u00f5eldud stimulaator.","robots":{"index,follow,max-snippet":"index,follow,max-snippet:-1,max-image-preview:large,max-video-preview:-1"},"canonical":"https:\/\/lustandlove.eu\/et\/toode\/hot-octopuss-pulse-iii-duo\/","twitter_card":"summary_large_image","twitter_title":"Pulse III Duo 139.00\u20ac | Lust and Love","twitter_description":"Maailma Esimene Meestele M\u00f5eldud Vibraator, patendeeritud PulsePlate\u2122 tehnoloogiaga. PULSE on mitmeid auhindu v\u00f5itnud meestele m\u00f5eldud stimulaator.","twitter_image":"https:\/\/lustandlove.eu\/wp-content\/uploads\/pulse-iii-duo-hot-octopuss-guybrator-ho3d_01.jpg","twitter_misc":{"Est. reading time":"2 minutit"},"schema":{"@context":"https:\/\/schema.org","@graph":[{"@type":["WebPage","ItemPage"],"@id":"https:\/\/lustandlove.eu\/et\/toode\/hot-octopuss-pulse-iii-duo\/","url":"https:\/\/lustandlove.eu\/et\/toode\/hot-octopuss-pulse-iii-duo\/","name":"Pulse III Duo 139.00\u20ac | Lust and Love","isPartOf":{"@id":"https:\/\/lustandlove.eu\/et\/#website"},"primaryImageOfPage":{"@id":"https:\/\/lustandlove.eu\/et\/toode\/hot-octopuss-pulse-iii-duo\/#primaryimage"},"image":{"@id":"https:\/\/lustandlove.eu\/et\/toode\/hot-octopuss-pulse-iii-duo\/#primaryimage"},"thumbnailUrl":"https:\/\/lustandlove.eu\/wp-content\/uploads\/pulse-iii-duo-hot-octopuss-guybrator-ho3d_01.jpg","datePublished":"2021-05-28T04:17:49+00:00","dateModified":"2026-04-13T07:44:25+00:00","description":"Maailma Esimene Meestele M\u00f5eldud Vibraator, patendeeritud PulsePlate\u2122 tehnoloogiaga. PULSE on mitmeid auhindu v\u00f5itnud meestele m\u00f5eldud stimulaator.","breadcrumb":{"@id":"https:\/\/lustandlove.eu\/et\/toode\/hot-octopuss-pulse-iii-duo\/#breadcrumb"},"inLanguage":"et","potentialAction":[{"@type":"ReadAction","target":["https:\/\/lustandlove.eu\/et\/toode\/hot-octopuss-pulse-iii-duo\/"]}]},{"@type":"ImageObject","inLanguage":"et","@id":"https:\/\/lustandlove.eu\/et\/toode\/hot-octopuss-pulse-iii-duo\/#primaryimage","url":"https:\/\/lustandlove.eu\/wp-content\/uploads\/pulse-iii-duo-hot-octopuss-guybrator-ho3d_01.jpg","contentUrl":"https:\/\/lustandlove.eu\/wp-content\/uploads\/pulse-iii-duo-hot-octopuss-guybrator-ho3d_01.jpg","width":1600,"height":1068},{"@type":"BreadcrumbList","@id":"https:\/\/lustandlove.eu\/et\/toode\/hot-octopuss-pulse-iii-duo\/#breadcrumb","itemListElement":[{"@type":"ListItem","position":1,"name":"Lust and Love","item":"https:\/\/lustandlove.eu\/et\/"},{"@type":"ListItem","position":2,"name":"Pood","item":"https:\/\/lustandlove.eu\/et\/pood\/"},{"@type":"ListItem","position":3,"name":"Meestele","item":"https:\/\/lustandlove.eu\/et\/pood\/meestele\/"},{"@type":"ListItem","position":4,"name":"Masturbaatorid","item":"https:\/\/lustandlove.eu\/et\/pood\/meestele\/masturbaatorid\/"},{"@type":"ListItem","position":5,"name":"Automaatsed","item":"https:\/\/lustandlove.eu\/et\/pood\/meestele\/masturbaatorid\/automaatsed\/"},{"@type":"ListItem","position":6,"name":"Pulse III Duo"}]},{"@type":"WebSite","@id":"https:\/\/lustandlove.eu\/et\/#website","url":"https:\/\/lustandlove.eu\/et\/","name":"Lust &amp; Love","description":"Online erootikapood tervise, ilu ja armastuse jaoks","publisher":{"@id":"https:\/\/lustandlove.eu\/et\/#organization"},"potentialAction":[{"@type":"SearchAction","target":{"@type":"EntryPoint","urlTemplate":"https:\/\/lustandlove.eu\/et\/?s={search_term_string}"},"query-input":{"@type":"PropertyValueSpecification","valueRequired":true,"valueName":"search_term_string"}}],"inLanguage":"et"},{"@type":"Organization","@id":"https:\/\/lustandlove.eu\/et\/#organization","name":"Bioconcept Baltics O\u00dc","url":"https:\/\/lustandlove.eu\/et\/","logo":{"@type":"ImageObject","inLanguage":"et","@id":"https:\/\/lustandlove.eu\/et\/#\/schema\/logo\/image\/","url":"","contentUrl":"","caption":"Bioconcept Baltics O\u00dc"},"image":{"@id":"https:\/\/lustandlove.eu\/et\/#\/schema\/logo\/image\/"},"sameAs":["https:\/\/www.facebook.com\/LustandLoveEU\/","https:\/\/www.instagram.com\/lustandloveeu\/"]}]}},"_links":{"self":[{"href":"https:\/\/lustandlove.eu\/et\/wp-json\/wp\/v2\/product\/49286","targetHints":{"allow":["GET"]}}],"collection":[{"href":"https:\/\/lustandlove.eu\/et\/wp-json\/wp\/v2\/product"}],"about":[{"href":"https:\/\/lustandlove.eu\/et\/wp-json\/wp\/v2\/types\/product"}],"wp:featuredmedia":[{"embeddable":true,"href":"https:\/\/lustandlove.eu\/et\/wp-json\/wp\/v2\/media\/46760"}],"wp:attachment":[{"href":"https:\/\/lustandlove.eu\/et\/wp-json\/wp\/v2\/media?parent=49286"}],"wp:term":[{"taxonomy":"product_brand","embeddable":true,"href":"https:\/\/lustandlove.eu\/et\/wp-json\/wp\/v2\/product_brand?post=49286"},{"taxonomy":"product_cat","embeddable":true,"href":"https:\/\/lustandlove.eu\/et\/wp-json\/wp\/v2\/product_cat?post=49286"},{"taxonomy":"product_tag","embeddable":true,"href":"https:\/\/lustandlove.eu\/et\/wp-json\/wp\/v2\/product_tag?post=49286"}],"curies":[{"name":"wp","href":"https:\/\/api.w.org\/{rel}","templated":true}]}}