{"id":49294,"date":"2023-12-19T10:00:23","date_gmt":"2021-05-28T04:17:23","guid":{"rendered":"https:\/\/www.lustandlove.eu\/product\/la-palma-rakmed-kaele\/"},"modified":"2026-04-13T10:27:27","modified_gmt":"2026-04-13T07:27:27","slug":"la-palma-rakmed-kaele","status":"publish","type":"product","link":"https:\/\/lustandlove.eu\/et\/toode\/la-palma-rakmed-kaele\/","title":{"rendered":"La Palma Rakmed K\u00e4ele"},"content":{"rendered":"<div class=\"wpb-content-wrapper\"><p>Uus La Palma sobib suurep\u00e4raselt suurema liikumisulatusega abistamiseks, v\u00e4ltides samal ajal esemete hoidmisel k\u00e4tekrampe. N\u00fc\u00fcd saate \u201eLasta minna\u201d ja keskenduda l\u00f5busamale nautimisele, kasutades erinevaid intiimseid lelusid. Uute La Palma vibreerivate kinnaste\/k\u00e4sirakmete abil saate lisada oma lelud ja minivibrid, et luua oma kohandatav kogemus.<\/p>\n<p>Diskreetne, kerge ja vees\u00f5bralik uus La Palma sobib ideaalselt mitmeks kasutuseks. Reguleeritava takjapaelaga klapiga, mis v\u00f5imaldab teil h\u00f5lpsasti sobivust reguleerida, ja ainulaadse ja veniva O-r\u00f5ngaga, mis asub teie peopesa keskel. La Palma loodi nii, et erineva suuruse ja kujuga lelud istuvad kindlalt ja mugavalt teie peopesal, v\u00f5imaldades teil uurida erinevaid k\u00e4teasendeid.<\/p>\n<p>O-r\u00f5ngas on valmistatud elastsest ja samast kvaliteetsest materjalist kui rakmed; nii et saate oma lelud sisse- ja v\u00e4lja libistada ning see s\u00e4ilitab oma kuju! V\u00e4ikeste ja keskmise suurusega lisade jaoks libistate lihtsalt l\u00e4bi O-r\u00f5nga ja sulgege takjaklapp ja\/v\u00f5i kinda k\u00fcljes olevad trukid, mis hoiavad kinda stabiilsena ja kindlalt. Suuremate, loomuliku nahatundega v\u00f5i t\u00f5mbe-\/takistuskindlate tekstuuride abistamiseks soovitab SpareParts kasutada oma *kotitrikki.<\/p>\n<p>Kahe sisseehitatud Vibe-taskuga, \u00fcks O-r\u00f5nga kohal ja all, et mahutada standardseid ja keskmise suurusega minivibraatoreid. Mini vibraatoreid saab h\u00f5lpsasti k\u00fcljelt taskutesse sisestada ja seej\u00e4rel trukkidega kinnitada. Sisestatuna asetsevad vibrid lelu ees ja neid on lihtne l\u00e4bi kanga sisse ja v\u00e4lja l\u00fclitada, ilma taskuid avamata. Kindaid saab kasutada vibraatoritega v\u00f5i ilma ning leluga v\u00f5i ilma.<\/p>\n<p><strong>Materjalid<\/strong>:<\/p>\n<p>Iga La Palma on k\u00e4sitsi valmistatud kvaliteetsest nailonist ja neopreenist, madala profiiliga takjapaelaga ja mittes\u00f6\u00f6vitavate messingist trukkidega. See muudab selle ideaalseks ka veekeskkonnas kasutamiseks.<\/p>\n<p>Uus La Palma sobib suurep\u00e4raselt ka vegan eluviisiga inimestele.<\/p>\n<p><strong>Tootehooldus<\/strong>:<\/p>\n<p>Uut La Palmat saab pesta k\u00fclmas vees, kasutades seepi v\u00f5i pehmet pesuainet. Kui see on pestud, j\u00e4tke see \u00f5hu k\u00e4tte kuivama. Kuivamisaja kiirendamiseks asetage toode kohta, kus on hea risttsirkulatsioon v\u00f5i pidev \u00f5rn tuul.<\/p>\n<p>**Kotitrikk: 1. libistage kilekott \u00be lelu m\u00f6\u00f6da alla\/ 2. libistage O-R\u00f5ngas t\u00e4iesti lelu allaotsast, kotist m\u00f6\u00f6da\/ 3. N\u00fc\u00fcd eemaldage kott lisaseadme k\u00fcljest t\u00e4ielikult. (Seda nippi saab kasutada O-r\u00f5ngale lelude lihtsamaks lisamiseks v\u00f5i eemaldamiseks).<\/p>\n<p>*Pange t\u00e4hele, et m\u00f5ned Mini Vibe&#8217;id ei pruugi olla vees\u00f5bralikud, pidage alati n\u00f5u tootjaga<\/p>\n<p>&nbsp;<\/p>\n<p>Saadaval kolmes suuruses ja valida saab kas parem- v\u00f5i vasakpoolse versiooni vahel:<\/p>\n<p>Uus\u00a0La Palma\u00a0on saadaval suurustes XS\/S, M\/L ja XL. Teie jaoks sobiva suuruse tagamiseks valige esmalt, kas soovite parema- v\u00f5i vasakuk\u00e4elist La Palmat.<\/p>\n<p>Uus\u00a0La Palma vibreeriv kinnas\/rakmed on kujundatud reguleeritava klapiga, et luua teie k\u00e4ele kohandatud sobivus. Peopesa ja p\u00f6idla m\u00f5\u00f5tmise kohta vaadake suuruste tabelit.<\/p>\n<p><strong>T\u00c4HTIS<\/strong>. T\u00e4pne k\u00e4e-m\u00f5\u00f5tmine on oluline. Vale suuruse valimine v\u00f5ib takistada La Palma n\u00f5uetekohast sulgumist v\u00f5i p\u00f5hjustada suuremate alustega lelude turvalist ja mugavat kasutamist. Enne ostu sooritamist m\u00f5\u00f5tke oma k\u00e4si suurustabeli ja infokaardi abil, et n\u00e4ha, mis suurus valida.<\/p>\n<p><strong>A. Peopesa m\u00f5\u00f5tmine<\/strong> &#8211; V\u00f5tke oma peopesast kolm m\u00f5\u00f5tu:<\/p>\n<p><strong>i<\/strong>. Peopesa \u00fclevalt osast, s\u00f5rmede alt<\/p>\n<p><strong>ii<\/strong>. Peopesa alt osast, p\u00f6idla alt kuid randme kohalt<\/p>\n<p><strong>iii<\/strong>. S\u00f5rmedest randmeni<\/p>\n<p><strong>iv<\/strong>. Vali nendest kolmest m\u00f5\u00f5dust k\u00f5ige suurem. See on sinu peopesa suurus<\/p>\n<p><strong>B. P\u00f6idla m\u00f5\u00f5tmine<\/strong> &#8211; Hoia p\u00f6ialt naturaalses asendis ja v\u00f5ta \u00fcks m\u00f5\u00f5t:<\/p>\n<p><strong>i<\/strong>. Alusta m\u00f5\u00f5tu p\u00f6idla liigese \u00fclevalt osast (Kus nahk kortsu t\u00f5mbab) kuni p\u00f6idla alumise osani. See on sinu p\u00f6idla suurus<\/p>\n<p>&nbsp;<\/p>\n<p>V\u00f5ta oma m\u00f5\u00f5dud <strong>A<\/strong> ja <strong>B<\/strong> ning leia tabelist v\u00e4ikseim suurus, kuhu <span style=\"text-decoration: underline;\">m\u00f5lemad<\/span> sinu m\u00f5\u00f5dud sobivad. V\u00f5ttes vales suuruses La Palma v\u00f5ib tekkida probleeme lelude kasutamisega, mugavuse, ja ohutusega. Veendu, et m\u00f5lemad sinu m\u00f5\u00f5dud vastavad sobitud suurusele. V\u00f5ta m\u00f5\u00f5tmist rahulikult, ole t\u00e4pne ja naudi!<\/p>\n<table style=\"height: 363px;\" width=\"976\">\n<tbody>\n<tr style=\"height: 74px;\" data-sanitized-data-mce-style=\"height: 74px;\">\n<td style=\"height: 74px;\" width=\"68\" data-sanitized-data-mce-style=\"height: 74px;\"><strong>Suurus<\/strong><\/td>\n<td style=\"height: 74px;\" width=\"145\" data-sanitized-data-mce-style=\"height: 74px;\"><strong>Peopesa<\/strong><\/td>\n<td style=\"height: 74px;\" width=\"129\" data-sanitized-data-mce-style=\"height: 74px;\"><strong>P\u00f6ial<\/strong><\/td>\n<td style=\"height: 74px;\" width=\"130\" data-sanitized-data-mce-style=\"height: 74px;\"><strong>O-R\u00f5nga Diameeter\u00a0<\/strong><\/td>\n<td style=\"height: 74px;\" width=\"129\" data-sanitized-data-mce-style=\"height: 74px;\"><strong>O-R\u00f5nga \u00fcmberm\u00f5\u00f5t<\/strong><\/td>\n<\/tr>\n<tr style=\"height: 12px;\" data-sanitized-data-mce-style=\"height: 28.2188px;\">\n<td style=\"height: 49px;\" rowspan=\"2\" width=\"68\" data-sanitized-data-mce-style=\"height: 52.2188px;\"><strong>XS\/S<\/strong><\/td>\n<td style=\"height: 49px;\" rowspan=\"2\" width=\"145\" data-sanitized-data-mce-style=\"height: 52.2188px;\">2.5 &#8211; 3.25 in<br \/>\n6.5 &#8211; 8.25 cm<\/td>\n<td style=\"height: 49px;\" rowspan=\"2\" width=\"129\" data-sanitized-data-mce-style=\"height: 52.2188px;\">1.75 &#8211; 2.25 in<br \/>\n4.5 &#8211; 5.75 cm<\/td>\n<td style=\"height: 49px;\" rowspan=\"2\" width=\"130\" data-sanitized-data-mce-style=\"height: 52.2188px;\">1.25 &#8211; 2.25 in<br \/>\n3 &#8211; 6 cm<\/td>\n<td style=\"height: 12px;\" width=\"129\" data-sanitized-data-mce-style=\"height: 28.2188px;\">5 &#8211; 7 in<\/td>\n<\/tr>\n<tr style=\"height: 37px;\" data-sanitized-data-mce-style=\"height: 24px;\">\n<td style=\"height: 37px;\" width=\"129\" data-sanitized-data-mce-style=\"height: 24px;\">13 &#8211; 18 cm<\/td>\n<\/tr>\n<tr style=\"height: 7.8125px;\" data-sanitized-data-mce-style=\"height: 35px;\">\n<td style=\"height: 12.8125px;\" rowspan=\"2\" width=\"68\" data-sanitized-data-mce-style=\"height: 70px;\"><strong>M\/L<\/strong><\/td>\n<td style=\"height: 12.8125px;\" rowspan=\"2\" width=\"145\" data-sanitized-data-mce-style=\"height: 70px;\">3.25 &#8211; 4 in<br \/>\n8.25 &#8211; 10.25 cm<\/td>\n<td style=\"height: 12.8125px;\" rowspan=\"2\" width=\"129\" data-sanitized-data-mce-style=\"height: 70px;\">2.25 &#8211; 2.75 in<br \/>\n5.75 &#8211; 7 cm<\/td>\n<td style=\"height: 12.8125px;\" rowspan=\"2\" width=\"130\" data-sanitized-data-mce-style=\"height: 70px;\">1.25 &#8211; 2.25 in<br \/>\n3 &#8211; 6 cm<\/td>\n<td style=\"height: 7.8125px;\" width=\"129\" data-sanitized-data-mce-style=\"height: 35px;\">5 &#8211; 7 in<\/td>\n<\/tr>\n<tr style=\"height: 5px;\" data-sanitized-data-mce-style=\"height: 35px;\">\n<td style=\"height: 5px;\" width=\"129\" data-sanitized-data-mce-style=\"height: 35px;\">13 &#8211; 18 cm<\/td>\n<\/tr>\n<tr style=\"height: 35px;\" data-sanitized-data-mce-style=\"height: 35px;\">\n<td style=\"height: 70px;\" rowspan=\"2\" width=\"68\" data-sanitized-data-mce-style=\"height: 70px;\"><strong>XL<\/strong><\/td>\n<td style=\"height: 70px;\" rowspan=\"2\" width=\"145\" data-sanitized-data-mce-style=\"height: 70px;\">4 &#8211; 5 in<br \/>\n10.25 &#8211; 12.75 cm<\/td>\n<td style=\"height: 70px;\" rowspan=\"2\" width=\"129\" data-sanitized-data-mce-style=\"height: 70px;\">2.75 &#8211; 3.25 in<br \/>\n7 &#8211; 8.25 cm<\/td>\n<td style=\"height: 70px;\" rowspan=\"2\" width=\"130\" data-sanitized-data-mce-style=\"height: 70px;\">1.25 &#8211; 2.25 in<br \/>\n3 &#8211; 6 cm<\/td>\n<td style=\"height: 35px;\" width=\"129\" data-sanitized-data-mce-style=\"height: 35px;\">5 &#8211; 7 in<\/td>\n<\/tr>\n<tr style=\"height: 35px;\" data-sanitized-data-mce-style=\"height: 35px;\">\n<td style=\"height: 35px;\" width=\"129\" data-sanitized-data-mce-style=\"height: 35px;\">13 &#8211; 18 cm<\/td>\n<\/tr>\n<\/tbody>\n<\/table>\n<div class=\"boxed-row\">\n<div class=\"normal_height vc_row wpb_row vc_row-fluid\">\n<div class=\"wpb_column vc_column_container vc_col-sm-12\">\n<div class=\"vc_column-inner\">\n<div class=\"wpb_wrapper\">\n<div class=\"wpb_text_column wpb_content_element\">\n<div class=\"wpb_wrapper\"><\/div>\n<\/div>\n<\/div>\n<\/div>\n<\/div>\n<\/div>\n<\/div>\n<div class=\"boxed-row\">\n<div class=\"normal_height vc_row wpb_row vc_row-fluid\">\n<div class=\"wpb_column vc_column_container vc_col-sm-12\">\n<div class=\"vc_column-inner\">\n<div class=\"wpb_wrapper\">\n<div class=\"wpb_text_column wpb_content_element\">\n<div class=\"wpb_wrapper\"><\/div>\n<\/div>\n<\/div>\n<\/div>\n<\/div>\n<\/div>\n<\/div>\n<\/div>","protected":false},"excerpt":{"rendered":"<p>Spareparts\u00a0HardWear\u2122 on loonud k\u00f5ige esimesed rakmed k\u00e4ele. See seksikas ja stiilne kindast rakme toimib multifunktsionaalse tarvikuna, mida saab kasutada nii \u00fcksi kui kui ka partneriga. Sobilik naistele, meestele, paaridele.<\/p>\n","protected":false},"featured_media":88030,"template":"","meta":[],"product_brand":[4240],"product_cat":[1496,1500],"product_tag":[1516,1525],"class_list":{"0":"post-49294","1":"product","2":"type-product","3":"status-publish","4":"has-post-thumbnail","6":"product_brand-spareparts-et","7":"product_cat-lgbtq-et","8":"product_cat-strap-onid","9":"product_tag-dildo-et","10":"product_tag-rakmed","11":"pa_brand-spareparts-et","13":"first","14":"instock","15":"taxable","16":"shipping-taxable","17":"purchasable","18":"product-type-variable"},"yoast_head":"<!-- This site is optimized with the Yoast SEO plugin v27.3 - https:\/\/yoast.com\/product\/yoast-seo-wordpress\/ -->\n<title>La Palma- First Ever Hand Harness | Lust&amp;Love Sex Shop<\/title>\n<meta name=\"description\" content=\"Spareparts HardWear\u2122 on loonud k\u00f5ige esimesed rakmed k\u00e4ele. See seksikas ja stiilne kindast rakme toimib multifunktsionaalse tarvikuna, mida saab kasutada nii \u00fcksi kui kui ka partneriga. Sobilik naistele, meestele, paaridele.\" \/>\n<meta name=\"robots\" content=\"index,follow,max-snippet:-1,max-image-preview:large,max-video-preview:-1\" \/>\n<link rel=\"canonical\" href=\"https:\/\/lustandlove.eu\/et\/toode\/la-palma-rakmed-kaele\/\" \/>\n<meta name=\"twitter:card\" content=\"summary_large_image\" \/>\n<meta name=\"twitter:title\" content=\"La Palma- First Ever Hand Harness | Lust&amp;Love Sex Shop\" \/>\n<meta name=\"twitter:description\" content=\"Spareparts HardWear\u2122 on loonud k\u00f5ige esimesed rakmed k\u00e4ele. See seksikas ja stiilne kindast rakme toimib multifunktsionaalse tarvikuna, mida saab kasutada nii \u00fcksi kui kui ka partneriga. Sobilik naistele, meestele, paaridele.\" \/>\n<meta name=\"twitter:image\" content=\"https:\/\/lustandlove.eu\/wp-content\/uploads\/LAPALMA_BLACK_FRONT_1.jpg\" \/>\n<meta name=\"twitter:label1\" content=\"Est. reading time\" \/>\n\t<meta name=\"twitter:data1\" content=\"3 minutit\" \/>\n<script type=\"application\/ld+json\" class=\"yoast-schema-graph\">{\"@context\":\"https:\\\/\\\/schema.org\",\"@graph\":[{\"@type\":[\"WebPage\",\"ItemPage\"],\"@id\":\"https:\\\/\\\/lustandlove.eu\\\/et\\\/toode\\\/la-palma-rakmed-kaele\\\/\",\"url\":\"https:\\\/\\\/lustandlove.eu\\\/et\\\/toode\\\/la-palma-rakmed-kaele\\\/\",\"name\":\"La Palma- First Ever Hand Harness | Lust&Love Sex Shop\",\"isPartOf\":{\"@id\":\"https:\\\/\\\/lustandlove.eu\\\/et\\\/#website\"},\"primaryImageOfPage\":{\"@id\":\"https:\\\/\\\/lustandlove.eu\\\/et\\\/toode\\\/la-palma-rakmed-kaele\\\/#primaryimage\"},\"image\":{\"@id\":\"https:\\\/\\\/lustandlove.eu\\\/et\\\/toode\\\/la-palma-rakmed-kaele\\\/#primaryimage\"},\"thumbnailUrl\":\"https:\\\/\\\/lustandlove.eu\\\/wp-content\\\/uploads\\\/LAPALMA_BLACK_FRONT_1.jpg\",\"datePublished\":\"2021-05-28T04:17:23+00:00\",\"dateModified\":\"2026-04-13T07:27:27+00:00\",\"description\":\"Spareparts HardWear\u2122 on loonud k\u00f5ige esimesed rakmed k\u00e4ele. See seksikas ja stiilne kindast rakme toimib multifunktsionaalse tarvikuna, mida saab kasutada nii \u00fcksi kui kui ka partneriga. Sobilik naistele, meestele, paaridele.\",\"breadcrumb\":{\"@id\":\"https:\\\/\\\/lustandlove.eu\\\/et\\\/toode\\\/la-palma-rakmed-kaele\\\/#breadcrumb\"},\"inLanguage\":\"et\",\"potentialAction\":[{\"@type\":\"ReadAction\",\"target\":[\"https:\\\/\\\/lustandlove.eu\\\/et\\\/toode\\\/la-palma-rakmed-kaele\\\/\"]}]},{\"@type\":\"ImageObject\",\"inLanguage\":\"et\",\"@id\":\"https:\\\/\\\/lustandlove.eu\\\/et\\\/toode\\\/la-palma-rakmed-kaele\\\/#primaryimage\",\"url\":\"https:\\\/\\\/lustandlove.eu\\\/wp-content\\\/uploads\\\/LAPALMA_BLACK_FRONT_1.jpg\",\"contentUrl\":\"https:\\\/\\\/lustandlove.eu\\\/wp-content\\\/uploads\\\/LAPALMA_BLACK_FRONT_1.jpg\",\"width\":1920,\"height\":1920},{\"@type\":\"BreadcrumbList\",\"@id\":\"https:\\\/\\\/lustandlove.eu\\\/et\\\/toode\\\/la-palma-rakmed-kaele\\\/#breadcrumb\",\"itemListElement\":[{\"@type\":\"ListItem\",\"position\":1,\"name\":\"Lust and Love\",\"item\":\"https:\\\/\\\/lustandlove.eu\\\/et\\\/\"},{\"@type\":\"ListItem\",\"position\":2,\"name\":\"Pood\",\"item\":\"https:\\\/\\\/lustandlove.eu\\\/et\\\/pood\\\/\"},{\"@type\":\"ListItem\",\"position\":3,\"name\":\"Sekslelud\",\"item\":\"https:\\\/\\\/lustandlove.eu\\\/et\\\/pood\\\/sekslelud\\\/\"},{\"@type\":\"ListItem\",\"position\":4,\"name\":\"LGBTQ\",\"item\":\"https:\\\/\\\/lustandlove.eu\\\/et\\\/pood\\\/sekslelud\\\/lgbtq-et\\\/\"},{\"@type\":\"ListItem\",\"position\":5,\"name\":\"Strap-on rakmed\",\"item\":\"https:\\\/\\\/lustandlove.eu\\\/et\\\/pood\\\/sekslelud\\\/lgbtq-et\\\/strap-onid\\\/\"},{\"@type\":\"ListItem\",\"position\":6,\"name\":\"La Palma Rakmed K\u00e4ele\"}]},{\"@type\":\"WebSite\",\"@id\":\"https:\\\/\\\/lustandlove.eu\\\/et\\\/#website\",\"url\":\"https:\\\/\\\/lustandlove.eu\\\/et\\\/\",\"name\":\"Lust &amp; Love\",\"description\":\"Online erootikapood tervise, ilu ja armastuse jaoks\",\"publisher\":{\"@id\":\"https:\\\/\\\/lustandlove.eu\\\/et\\\/#organization\"},\"potentialAction\":[{\"@type\":\"SearchAction\",\"target\":{\"@type\":\"EntryPoint\",\"urlTemplate\":\"https:\\\/\\\/lustandlove.eu\\\/et\\\/?s={search_term_string}\"},\"query-input\":{\"@type\":\"PropertyValueSpecification\",\"valueRequired\":true,\"valueName\":\"search_term_string\"}}],\"inLanguage\":\"et\"},{\"@type\":\"Organization\",\"@id\":\"https:\\\/\\\/lustandlove.eu\\\/et\\\/#organization\",\"name\":\"Bioconcept Baltics O\u00dc\",\"url\":\"https:\\\/\\\/lustandlove.eu\\\/et\\\/\",\"logo\":{\"@type\":\"ImageObject\",\"inLanguage\":\"et\",\"@id\":\"https:\\\/\\\/lustandlove.eu\\\/et\\\/#\\\/schema\\\/logo\\\/image\\\/\",\"url\":\"\",\"contentUrl\":\"\",\"caption\":\"Bioconcept Baltics O\u00dc\"},\"image\":{\"@id\":\"https:\\\/\\\/lustandlove.eu\\\/et\\\/#\\\/schema\\\/logo\\\/image\\\/\"},\"sameAs\":[\"https:\\\/\\\/www.facebook.com\\\/LustandLoveEU\\\/\",\"https:\\\/\\\/www.instagram.com\\\/lustandloveeu\\\/\"]}]}<\/script>\n<!-- \/ Yoast SEO plugin. -->","yoast_head_json":{"title":"La Palma- First Ever Hand Harness | Lust&Love Sex Shop","description":"Spareparts HardWear\u2122 on loonud k\u00f5ige esimesed rakmed k\u00e4ele. See seksikas ja stiilne kindast rakme toimib multifunktsionaalse tarvikuna, mida saab kasutada nii \u00fcksi kui kui ka partneriga. Sobilik naistele, meestele, paaridele.","robots":{"index,follow,max-snippet":"index,follow,max-snippet:-1,max-image-preview:large,max-video-preview:-1"},"canonical":"https:\/\/lustandlove.eu\/et\/toode\/la-palma-rakmed-kaele\/","twitter_card":"summary_large_image","twitter_title":"La Palma- First Ever Hand Harness | Lust&Love Sex Shop","twitter_description":"Spareparts HardWear\u2122 on loonud k\u00f5ige esimesed rakmed k\u00e4ele. See seksikas ja stiilne kindast rakme toimib multifunktsionaalse tarvikuna, mida saab kasutada nii \u00fcksi kui kui ka partneriga. Sobilik naistele, meestele, paaridele.","twitter_image":"https:\/\/lustandlove.eu\/wp-content\/uploads\/LAPALMA_BLACK_FRONT_1.jpg","twitter_misc":{"Est. reading time":"3 minutit"},"schema":{"@context":"https:\/\/schema.org","@graph":[{"@type":["WebPage","ItemPage"],"@id":"https:\/\/lustandlove.eu\/et\/toode\/la-palma-rakmed-kaele\/","url":"https:\/\/lustandlove.eu\/et\/toode\/la-palma-rakmed-kaele\/","name":"La Palma- First Ever Hand Harness | Lust&Love Sex Shop","isPartOf":{"@id":"https:\/\/lustandlove.eu\/et\/#website"},"primaryImageOfPage":{"@id":"https:\/\/lustandlove.eu\/et\/toode\/la-palma-rakmed-kaele\/#primaryimage"},"image":{"@id":"https:\/\/lustandlove.eu\/et\/toode\/la-palma-rakmed-kaele\/#primaryimage"},"thumbnailUrl":"https:\/\/lustandlove.eu\/wp-content\/uploads\/LAPALMA_BLACK_FRONT_1.jpg","datePublished":"2021-05-28T04:17:23+00:00","dateModified":"2026-04-13T07:27:27+00:00","description":"Spareparts HardWear\u2122 on loonud k\u00f5ige esimesed rakmed k\u00e4ele. See seksikas ja stiilne kindast rakme toimib multifunktsionaalse tarvikuna, mida saab kasutada nii \u00fcksi kui kui ka partneriga. Sobilik naistele, meestele, paaridele.","breadcrumb":{"@id":"https:\/\/lustandlove.eu\/et\/toode\/la-palma-rakmed-kaele\/#breadcrumb"},"inLanguage":"et","potentialAction":[{"@type":"ReadAction","target":["https:\/\/lustandlove.eu\/et\/toode\/la-palma-rakmed-kaele\/"]}]},{"@type":"ImageObject","inLanguage":"et","@id":"https:\/\/lustandlove.eu\/et\/toode\/la-palma-rakmed-kaele\/#primaryimage","url":"https:\/\/lustandlove.eu\/wp-content\/uploads\/LAPALMA_BLACK_FRONT_1.jpg","contentUrl":"https:\/\/lustandlove.eu\/wp-content\/uploads\/LAPALMA_BLACK_FRONT_1.jpg","width":1920,"height":1920},{"@type":"BreadcrumbList","@id":"https:\/\/lustandlove.eu\/et\/toode\/la-palma-rakmed-kaele\/#breadcrumb","itemListElement":[{"@type":"ListItem","position":1,"name":"Lust and Love","item":"https:\/\/lustandlove.eu\/et\/"},{"@type":"ListItem","position":2,"name":"Pood","item":"https:\/\/lustandlove.eu\/et\/pood\/"},{"@type":"ListItem","position":3,"name":"Sekslelud","item":"https:\/\/lustandlove.eu\/et\/pood\/sekslelud\/"},{"@type":"ListItem","position":4,"name":"LGBTQ","item":"https:\/\/lustandlove.eu\/et\/pood\/sekslelud\/lgbtq-et\/"},{"@type":"ListItem","position":5,"name":"Strap-on rakmed","item":"https:\/\/lustandlove.eu\/et\/pood\/sekslelud\/lgbtq-et\/strap-onid\/"},{"@type":"ListItem","position":6,"name":"La Palma Rakmed K\u00e4ele"}]},{"@type":"WebSite","@id":"https:\/\/lustandlove.eu\/et\/#website","url":"https:\/\/lustandlove.eu\/et\/","name":"Lust &amp; Love","description":"Online erootikapood tervise, ilu ja armastuse jaoks","publisher":{"@id":"https:\/\/lustandlove.eu\/et\/#organization"},"potentialAction":[{"@type":"SearchAction","target":{"@type":"EntryPoint","urlTemplate":"https:\/\/lustandlove.eu\/et\/?s={search_term_string}"},"query-input":{"@type":"PropertyValueSpecification","valueRequired":true,"valueName":"search_term_string"}}],"inLanguage":"et"},{"@type":"Organization","@id":"https:\/\/lustandlove.eu\/et\/#organization","name":"Bioconcept Baltics O\u00dc","url":"https:\/\/lustandlove.eu\/et\/","logo":{"@type":"ImageObject","inLanguage":"et","@id":"https:\/\/lustandlove.eu\/et\/#\/schema\/logo\/image\/","url":"","contentUrl":"","caption":"Bioconcept Baltics O\u00dc"},"image":{"@id":"https:\/\/lustandlove.eu\/et\/#\/schema\/logo\/image\/"},"sameAs":["https:\/\/www.facebook.com\/LustandLoveEU\/","https:\/\/www.instagram.com\/lustandloveeu\/"]}]}},"_links":{"self":[{"href":"https:\/\/lustandlove.eu\/et\/wp-json\/wp\/v2\/product\/49294","targetHints":{"allow":["GET"]}}],"collection":[{"href":"https:\/\/lustandlove.eu\/et\/wp-json\/wp\/v2\/product"}],"about":[{"href":"https:\/\/lustandlove.eu\/et\/wp-json\/wp\/v2\/types\/product"}],"wp:featuredmedia":[{"embeddable":true,"href":"https:\/\/lustandlove.eu\/et\/wp-json\/wp\/v2\/media\/88030"}],"wp:attachment":[{"href":"https:\/\/lustandlove.eu\/et\/wp-json\/wp\/v2\/media?parent=49294"}],"wp:term":[{"taxonomy":"product_brand","embeddable":true,"href":"https:\/\/lustandlove.eu\/et\/wp-json\/wp\/v2\/product_brand?post=49294"},{"taxonomy":"product_cat","embeddable":true,"href":"https:\/\/lustandlove.eu\/et\/wp-json\/wp\/v2\/product_cat?post=49294"},{"taxonomy":"product_tag","embeddable":true,"href":"https:\/\/lustandlove.eu\/et\/wp-json\/wp\/v2\/product_tag?post=49294"}],"curies":[{"name":"wp","href":"https:\/\/api.w.org\/{rel}","templated":true}]}}